{"id":22434,"date":"2025-12-21T13:21:24","date_gmt":"2025-12-21T11:21:24","guid":{"rendered":"https:\/\/skaitytaknyga.lt\/?post_type=product&#038;p=22434"},"modified":"2025-12-21T21:43:51","modified_gmt":"2025-12-21T19:43:51","slug":"domas-cesevicius","status":"publish","type":"product","link":"https:\/\/skaitytaknyga.lt\/en\/produktas\/domas-cesevicius\/","title":{"rendered":"Domas Cesevi\u010dius"},"content":{"rendered":"<p>Domas Cesevi\u010dius \u2013 Lietuvos ekonomistas teoretikas, laik\u0119sis neoliberalin\u0117s krypties. 1928\u20131932 m.  studijavo ekonomik\u0105 Vokietijoje, ten 1933m. apgyn\u0117 ir daktaro disertacij\u0105. Nuo 1933m. d\u0117st\u0117 Kauno universitete, docentas. 1938\u20131939m., gav\u0119s Rokfelerio stipendij\u0105, tobulinosi Did\u017eiosios Britanijos ir JAV universitetuose. 1939 12 02\u20131940 06 15 Lietuvi\u0173 tautinink\u0173 s\u0105jungos pirmininkas. Sovietme\u010diu kalintas ir tremtas.<\/p>\n<p>I\u0161samiau skaitytojas susipa\u017eins su D. Cesevi\u010diumi skaitydamas \u0161i\u0105 knyg\u0105, kuroje skelbiami jo prie\u0161 Antr\u0105j\u012f pasaulin\u012f kar\u0105 ir po karo para\u0161yti darbai, jo ir jam ra\u0161yti lai\u0161kai, jo mokslin\u012f palikim\u0105 bei gyvenim\u0105 apib\u016bdinantys straipsniai, dokumentai.<\/p>\n","protected":false},"excerpt":{"rendered":"<p>Domas Cesevi\u010dius \u2013 Lietuvos ekonomistas teoretikas, laik\u0119sis neoliberalin\u0117s krypties. 1928\u20131932 m. studijavo ekonomik\u0105 Vokietijoje, ten 1933m. apgyn\u0117 ir daktaro disertacij\u0105. Nuo 1933m. d\u0117st\u0117 Kauno universitete, docentas. 1938\u20131939m., gav\u0119s Rokfelerio stipendij\u0105, tobulinosi Did\u017eiosios Britanijos ir JAV universitetuose. 1939 12 02\u20131940 06 15 Lietuvi\u0173 tautinink\u0173 s\u0105jungos pirmininkas. Sovietme\u010diu kalintas ir tremtas. I\u0161samiau skaitytojas susipa\u017eins su D. Cesevi\u010diumi skaitydamas \u0161i\u0105 knyg\u0105, kuroje skelbiami jo prie\u0161 Antr\u0105j\u012f pasaulin\u012f kar\u0105 ir po karo para\u0161yti darbai, jo ir jam ra\u0161yti lai\u0161kai, jo mokslin\u012f palikim\u0105 bei gyvenim\u0105 apib\u016bdinantys straipsniai, dokumentai.<\/p>\n","protected":false},"featured_media":22439,"comment_status":"open","ping_status":"closed","template":"","meta":{"_acf_changed":false,"site-sidebar-layout":"default","site-content-layout":"","ast-site-content-layout":"default","site-content-style":"default","site-sidebar-style":"default","ast-global-header-display":"","ast-banner-title-visibility":"","ast-main-header-display":"","ast-hfb-above-header-display":"","ast-hfb-below-header-display":"","ast-hfb-mobile-header-display":"","site-post-title":"","ast-breadcrumbs-content":"","ast-featured-img":"","footer-sml-layout":"","ast-disable-related-posts":"","theme-transparent-header-meta":"","adv-header-id-meta":"","stick-header-meta":"","header-above-stick-meta":"","header-main-stick-meta":"","header-below-stick-meta":"","astra-migrate-meta-layouts":"default","ast-page-background-enabled":"default","ast-page-background-meta":{"desktop":{"background-color":"","background-image":"","background-repeat":"repeat","background-position":"center center","background-size":"auto","background-attachment":"scroll","background-type":"","background-media":"","overlay-type":"","overlay-color":"","overlay-opacity":"","overlay-gradient":""},"tablet":{"background-color":"","background-image":"","background-repeat":"repeat","background-position":"center center","background-size":"auto","background-attachment":"scroll","background-type":"","background-media":"","overlay-type":"","overlay-color":"","overlay-opacity":"","overlay-gradient":""},"mobile":{"background-color":"","background-image":"","background-repeat":"repeat","background-position":"center center","background-size":"auto","background-attachment":"scroll","background-type":"","background-media":"","overlay-type":"","overlay-color":"","overlay-opacity":"","overlay-gradient":""}},"ast-content-background-meta":{"desktop":{"background-color":"var(--ast-global-color-4)","background-image":"","background-repeat":"repeat","background-position":"center center","background-size":"auto","background-attachment":"scroll","background-type":"","background-media":"","overlay-type":"","overlay-color":"","overlay-opacity":"","overlay-gradient":""},"tablet":{"background-color":"var(--ast-global-color-4)","background-image":"","background-repeat":"repeat","background-position":"center center","background-size":"auto","background-attachment":"scroll","background-type":"","background-media":"","overlay-type":"","overlay-color":"","overlay-opacity":"","overlay-gradient":""},"mobile":{"background-color":"var(--ast-global-color-4)","background-image":"","background-repeat":"repeat","background-position":"center center","background-size":"auto","background-attachment":"scroll","background-type":"","background-media":"","overlay-type":"","overlay-color":"","overlay-opacity":"","overlay-gradient":""}}},"product_brand":[],"product_cat":[15],"product_tag":[],"class_list":{"0":"post-22434","1":"product","2":"type-product","3":"status-publish","4":"has-post-thumbnail","6":"product_cat-uncategorized","7":"desktop-align-left","8":"tablet-align-left","9":"mobile-align-left","11":"first","12":"instock","13":"shipping-taxable","14":"purchasable","15":"product-type-simple"},"acf":[],"yoast_head":"<!-- This site is optimized with the Yoast SEO plugin v27.0 - https:\/\/yoast.com\/product\/yoast-seo-wordpress\/ -->\n<title>Domas Cesevi\u010dius<\/title>\n<meta name=\"description\" content=\"Domas Cesevi\u010dius \u2013 Lietuvos ekonomistas teoretikas, laik\u0119sis neoliberalin\u0117s krypties. 1928\u20131932 m. studijavo ekonomik\u0105 Vokietijoje, ten 1933m. apgyn\u0117 ir\" \/>\n<meta name=\"robots\" content=\"index, follow, max-snippet:-1, max-image-preview:large, max-video-preview:-1\" \/>\n<link rel=\"canonical\" href=\"https:\/\/skaitytaknyga.lt\/en\/produktas\/domas-cesevicius\/\" \/>\n<meta property=\"og:locale\" content=\"en_GB\" \/>\n<meta property=\"og:locale:alternate\" content=\"lt_LT\" \/>\n<meta property=\"og:type\" content=\"article\" \/>\n<meta property=\"og:title\" content=\"Domas Cesevi\u010dius\" \/>\n<meta property=\"og:description\" content=\"Domas Cesevi\u010dius \u2013 Lietuvos ekonomistas teoretikas, laik\u0119sis neoliberalin\u0117s krypties. 1928\u20131932 m. studijavo ekonomik\u0105 Vokietijoje, ten 1933m. apgyn\u0117 ir\" \/>\n<meta property=\"og:url\" content=\"https:\/\/skaitytaknyga.lt\/en\/produktas\/domas-cesevicius\/\" \/>\n<meta property=\"og:site_name\" content=\"Skaitytaknyga\" \/>\n<meta property=\"article:publisher\" content=\"https:\/\/www.facebook.com\/skaitytaknyga\/\" \/>\n<meta property=\"article:modified_time\" content=\"2025-12-21T19:43:51+00:00\" \/>\n<meta property=\"og:image\" content=\"https:\/\/skaitytaknyga.lt\/wp-content\/uploads\/2025\/12\/Domas-Cesevicius.webp\" \/>\n\t<meta property=\"og:image:width\" content=\"374\" \/>\n\t<meta property=\"og:image:height\" content=\"493\" \/>\n\t<meta property=\"og:image:type\" content=\"image\/webp\" \/>\n<meta name=\"twitter:card\" content=\"summary_large_image\" \/>\n<script type=\"application\/ld+json\" class=\"yoast-schema-graph\">{\"@context\":\"https:\/\/schema.org\",\"@graph\":[{\"@type\":\"WebPage\",\"@id\":\"https:\/\/skaitytaknyga.lt\/produktas\/domas-cesevicius\/\",\"url\":\"https:\/\/skaitytaknyga.lt\/produktas\/domas-cesevicius\/\",\"name\":\"Domas Cesevi\u010dius\",\"isPartOf\":{\"@id\":\"https:\/\/skaitytaknyga.lt\/#website\"},\"primaryImageOfPage\":{\"@id\":\"https:\/\/skaitytaknyga.lt\/produktas\/domas-cesevicius\/#primaryimage\"},\"image\":{\"@id\":\"https:\/\/skaitytaknyga.lt\/produktas\/domas-cesevicius\/#primaryimage\"},\"thumbnailUrl\":\"https:\/\/skaitytaknyga.lt\/wp-content\/uploads\/2025\/12\/Domas-Cesevicius.webp\",\"datePublished\":\"2025-12-21T11:21:24+00:00\",\"dateModified\":\"2025-12-21T19:43:51+00:00\",\"description\":\"Domas Cesevi\u010dius \u2013 Lietuvos ekonomistas teoretikas, laik\u0119sis neoliberalin\u0117s krypties. 1928\u20131932 m. studijavo ekonomik\u0105 Vokietijoje, ten 1933m. apgyn\u0117 ir\",\"breadcrumb\":{\"@id\":\"https:\/\/skaitytaknyga.lt\/produktas\/domas-cesevicius\/#breadcrumb\"},\"inLanguage\":\"en-GB\",\"potentialAction\":[{\"@type\":\"ReadAction\",\"target\":[\"https:\/\/skaitytaknyga.lt\/produktas\/domas-cesevicius\/\"]}]},{\"@type\":\"ImageObject\",\"inLanguage\":\"en-GB\",\"@id\":\"https:\/\/skaitytaknyga.lt\/produktas\/domas-cesevicius\/#primaryimage\",\"url\":\"https:\/\/skaitytaknyga.lt\/wp-content\/uploads\/2025\/12\/Domas-Cesevicius.webp\",\"contentUrl\":\"https:\/\/skaitytaknyga.lt\/wp-content\/uploads\/2025\/12\/Domas-Cesevicius.webp\",\"width\":374,\"height\":493},{\"@type\":\"BreadcrumbList\",\"@id\":\"https:\/\/skaitytaknyga.lt\/produktas\/domas-cesevicius\/#breadcrumb\",\"itemListElement\":[{\"@type\":\"ListItem\",\"position\":1,\"name\":\"Home\",\"item\":\"https:\/\/skaitytaknyga.lt\/\"},{\"@type\":\"ListItem\",\"position\":2,\"name\":\"Parduotuv\u0117\",\"item\":\"https:\/\/skaitytaknyga.lt\/knygu-parduotuve\/\"},{\"@type\":\"ListItem\",\"position\":3,\"name\":\"Domas Cesevi\u010dius\"}]},{\"@type\":\"WebSite\",\"@id\":\"https:\/\/skaitytaknyga.lt\/#website\",\"url\":\"https:\/\/skaitytaknyga.lt\/\",\"name\":\"skaitytaknyga.lt\",\"description\":\"Skaitytaknyga.lt \u2013 tai ma\u017eas \u0161eimos verslas, kuris prasid\u0117jo nuo meil\u0117s knygoms ir siekio i\u0161gelb\u0117ti knygas nuo likimo prie konteinerio. Kas vienam nereikalingas daiktas \u2013 kitam lobis, o mes esame tarpininkai, kurie padeda abiems tapti laimingesniems ???? \u017dinome kaip nelengva i\u0161gyventi ma\u017eiems verslams, tad nuo \u0161iol, \u010dia rasite ir kit\u0173, ma\u017e\u0173 \u0161eim\u0173 versl\u0173, rank\u0173 darbo, dovan\u0173 sau ir artimiesiems.\",\"publisher\":{\"@id\":\"https:\/\/skaitytaknyga.lt\/#organization\"},\"potentialAction\":[{\"@type\":\"SearchAction\",\"target\":{\"@type\":\"EntryPoint\",\"urlTemplate\":\"https:\/\/skaitytaknyga.lt\/?s={search_term_string}\"},\"query-input\":{\"@type\":\"PropertyValueSpecification\",\"valueRequired\":true,\"valueName\":\"search_term_string\"}}],\"inLanguage\":\"en-GB\"},{\"@type\":\"Organization\",\"@id\":\"https:\/\/skaitytaknyga.lt\/#organization\",\"name\":\"skaitytaknyga.lt\",\"url\":\"https:\/\/skaitytaknyga.lt\/\",\"logo\":{\"@type\":\"ImageObject\",\"inLanguage\":\"en-GB\",\"@id\":\"https:\/\/skaitytaknyga.lt\/#\/schema\/logo\/image\/\",\"url\":\"https:\/\/skaitytaknyga.lt\/wp-content\/uploads\/2024\/05\/cropped-cropped-cropped-02_00843_jt3bggkj1j3HLc7SyY6rEUpg.jpeg\",\"contentUrl\":\"https:\/\/skaitytaknyga.lt\/wp-content\/uploads\/2024\/05\/cropped-cropped-cropped-02_00843_jt3bggkj1j3HLc7SyY6rEUpg.jpeg\",\"width\":1600,\"height\":1600,\"caption\":\"skaitytaknyga.lt\"},\"image\":{\"@id\":\"https:\/\/skaitytaknyga.lt\/#\/schema\/logo\/image\/\"},\"sameAs\":[\"https:\/\/www.facebook.com\/skaitytaknyga\/\"]}]}<\/script>\n<!-- \/ Yoast SEO plugin. -->","yoast_head_json":{"title":"Domas Cesevi\u010dius","description":"Domas Cesevi\u010dius \u2013 Lietuvos ekonomistas teoretikas, laik\u0119sis neoliberalin\u0117s krypties. 1928\u20131932 m. studijavo ekonomik\u0105 Vokietijoje, ten 1933m. apgyn\u0117 ir","robots":{"index":"index","follow":"follow","max-snippet":"max-snippet:-1","max-image-preview":"max-image-preview:large","max-video-preview":"max-video-preview:-1"},"canonical":"https:\/\/skaitytaknyga.lt\/en\/produktas\/domas-cesevicius\/","og_locale":"en_GB","og_type":"article","og_title":"[:lt]Domas Cesevi\u010dius[:] - Skaitytaknyga","og_description":"Domas Cesevi\u010dius \u2013 Lietuvos ekonomistas teoretikas, laik\u0119sis neoliberalin\u0117s krypties. 1928\u20131932 m. studijavo ekonomik\u0105 Vokietijoje, ten 1933m. apgyn\u0117 ir","og_url":"https:\/\/skaitytaknyga.lt\/en\/produktas\/domas-cesevicius\/","og_site_name":"Skaitytaknyga","article_publisher":"https:\/\/www.facebook.com\/skaitytaknyga\/","article_modified_time":"2025-12-21T19:43:51+00:00","og_image":[{"width":374,"height":493,"url":"https:\/\/skaitytaknyga.lt\/wp-content\/uploads\/2025\/12\/Domas-Cesevicius.webp","type":"image\/webp"}],"twitter_card":"summary_large_image","schema":{"@context":"https:\/\/schema.org","@graph":[{"@type":"WebPage","@id":"https:\/\/skaitytaknyga.lt\/produktas\/domas-cesevicius\/","url":"https:\/\/skaitytaknyga.lt\/produktas\/domas-cesevicius\/","name":"Domas Cesevi\u010dius","isPartOf":{"@id":"https:\/\/skaitytaknyga.lt\/#website"},"primaryImageOfPage":{"@id":"https:\/\/skaitytaknyga.lt\/produktas\/domas-cesevicius\/#primaryimage"},"image":{"@id":"https:\/\/skaitytaknyga.lt\/produktas\/domas-cesevicius\/#primaryimage"},"thumbnailUrl":"https:\/\/skaitytaknyga.lt\/wp-content\/uploads\/2025\/12\/Domas-Cesevicius.webp","datePublished":"2025-12-21T11:21:24+00:00","dateModified":"2025-12-21T19:43:51+00:00","description":"Domas Cesevi\u010dius \u2013 Lietuvos ekonomistas teoretikas, laik\u0119sis neoliberalin\u0117s krypties. 1928\u20131932 m. studijavo ekonomik\u0105 Vokietijoje, ten 1933m. apgyn\u0117 ir","breadcrumb":{"@id":"https:\/\/skaitytaknyga.lt\/produktas\/domas-cesevicius\/#breadcrumb"},"inLanguage":"en-GB","potentialAction":[{"@type":"ReadAction","target":["https:\/\/skaitytaknyga.lt\/produktas\/domas-cesevicius\/"]}]},{"@type":"ImageObject","inLanguage":"en-GB","@id":"https:\/\/skaitytaknyga.lt\/produktas\/domas-cesevicius\/#primaryimage","url":"https:\/\/skaitytaknyga.lt\/wp-content\/uploads\/2025\/12\/Domas-Cesevicius.webp","contentUrl":"https:\/\/skaitytaknyga.lt\/wp-content\/uploads\/2025\/12\/Domas-Cesevicius.webp","width":374,"height":493},{"@type":"BreadcrumbList","@id":"https:\/\/skaitytaknyga.lt\/produktas\/domas-cesevicius\/#breadcrumb","itemListElement":[{"@type":"ListItem","position":1,"name":"Home","item":"https:\/\/skaitytaknyga.lt\/"},{"@type":"ListItem","position":2,"name":"Parduotuv\u0117","item":"https:\/\/skaitytaknyga.lt\/knygu-parduotuve\/"},{"@type":"ListItem","position":3,"name":"Domas Cesevi\u010dius"}]},{"@type":"WebSite","@id":"https:\/\/skaitytaknyga.lt\/#website","url":"https:\/\/skaitytaknyga.lt\/","name":"skaitytaknyga.lt","description":"Skaitytaknyga.lt \u2013 tai ma\u017eas \u0161eimos verslas, kuris prasid\u0117jo nuo meil\u0117s knygoms ir siekio i\u0161gelb\u0117ti knygas nuo likimo prie konteinerio. Kas vienam nereikalingas daiktas \u2013 kitam lobis, o mes esame tarpininkai, kurie padeda abiems tapti laimingesniems ???? \u017dinome kaip nelengva i\u0161gyventi ma\u017eiems verslams, tad nuo \u0161iol, \u010dia rasite ir kit\u0173, ma\u017e\u0173 \u0161eim\u0173 versl\u0173, rank\u0173 darbo, dovan\u0173 sau ir artimiesiems.","publisher":{"@id":"https:\/\/skaitytaknyga.lt\/#organization"},"potentialAction":[{"@type":"SearchAction","target":{"@type":"EntryPoint","urlTemplate":"https:\/\/skaitytaknyga.lt\/?s={search_term_string}"},"query-input":{"@type":"PropertyValueSpecification","valueRequired":true,"valueName":"search_term_string"}}],"inLanguage":"en-GB"},{"@type":"Organization","@id":"https:\/\/skaitytaknyga.lt\/#organization","name":"skaitytaknyga.lt","url":"https:\/\/skaitytaknyga.lt\/","logo":{"@type":"ImageObject","inLanguage":"en-GB","@id":"https:\/\/skaitytaknyga.lt\/#\/schema\/logo\/image\/","url":"https:\/\/skaitytaknyga.lt\/wp-content\/uploads\/2024\/05\/cropped-cropped-cropped-02_00843_jt3bggkj1j3HLc7SyY6rEUpg.jpeg","contentUrl":"https:\/\/skaitytaknyga.lt\/wp-content\/uploads\/2024\/05\/cropped-cropped-cropped-02_00843_jt3bggkj1j3HLc7SyY6rEUpg.jpeg","width":1600,"height":1600,"caption":"skaitytaknyga.lt"},"image":{"@id":"https:\/\/skaitytaknyga.lt\/#\/schema\/logo\/image\/"},"sameAs":["https:\/\/www.facebook.com\/skaitytaknyga\/"]}]}},"_links":{"self":[{"href":"https:\/\/skaitytaknyga.lt\/en\/wp-json\/wp\/v2\/product\/22434","targetHints":{"allow":["GET"]}}],"collection":[{"href":"https:\/\/skaitytaknyga.lt\/en\/wp-json\/wp\/v2\/product"}],"about":[{"href":"https:\/\/skaitytaknyga.lt\/en\/wp-json\/wp\/v2\/types\/product"}],"replies":[{"embeddable":true,"href":"https:\/\/skaitytaknyga.lt\/en\/wp-json\/wp\/v2\/comments?post=22434"}],"wp:featuredmedia":[{"embeddable":true,"href":"https:\/\/skaitytaknyga.lt\/en\/wp-json\/wp\/v2\/media\/22439"}],"wp:attachment":[{"href":"https:\/\/skaitytaknyga.lt\/en\/wp-json\/wp\/v2\/media?parent=22434"}],"wp:term":[{"taxonomy":"product_brand","embeddable":true,"href":"https:\/\/skaitytaknyga.lt\/en\/wp-json\/wp\/v2\/product_brand?post=22434"},{"taxonomy":"product_cat","embeddable":true,"href":"https:\/\/skaitytaknyga.lt\/en\/wp-json\/wp\/v2\/product_cat?post=22434"},{"taxonomy":"product_tag","embeddable":true,"href":"https:\/\/skaitytaknyga.lt\/en\/wp-json\/wp\/v2\/product_tag?post=22434"}],"curies":[{"name":"wp","href":"https:\/\/api.w.org\/{rel}","templated":true}]}}