{"id":22421,"date":"2025-12-20T21:24:31","date_gmt":"2025-12-20T19:24:31","guid":{"rendered":"https:\/\/skaitytaknyga.lt\/?post_type=product&#038;p=22421"},"modified":"2026-02-26T10:05:56","modified_gmt":"2026-02-26T08:05:56","slug":"naujoji-galia","status":"publish","type":"product","link":"https:\/\/skaitytaknyga.lt\/en\/produktas\/naujoji-galia\/","title":{"rendered":"Naujoji galia"},"content":{"rendered":"<p>Kod\u0117l vieni \u017emon\u0117s \u0161uoliais lekia \u012f priek\u012f, o kiti taip atsilieka \u0161iame chaoti\u0161kame am\u017eiuje? Knygoje \u201eNaujoji galia. Kaip ji kei\u010dia XXI am\u017eiaus pasaul\u012f ir kod\u0117l turime j\u0105 pa\u017einti\u201c Jeremy Heimans ir Henry Timms stoja akis \u012f ak\u012f su svarbiausiomis m\u016bs\u0173 laik\u0173 istorijomis \u2013 toki\u0173 megaplatform\u0173 kaip Feisbukas ar Uberis i\u0161kilimas, netik\u0117tos Obamos ir Trumpo pergal\u0117s prezidento rinkimuose, staigiai i\u0161kil\u0119s jud\u0117jimas #MeToo.<\/p>\n<p>Knygos autoriai atskleid\u017eia tai, kas slypi u\u017e \u0161i\u0173 istorij\u0173 \u2013 naujoji galia.\u017dmonijos istorijoje galios taisykl\u0117s labai ilgai buvo visi\u0161kai ai\u0161kios: galia buvo tai, kuo pasinaudojama, o po to pavyd\u017eiai saugoma. Tokia \u201esenoji\u201c galia buvo savoti\u0161ko elito privilegija, daugumai nepasiekiama. Ta\u010diau \u0161iais laikais m\u016bs\u0173 nuolatinis buvimas bendrame tinkle suk\u016br\u0117 naujas galios taisykles. Nauj\u0105j\u0105 gali\u0105 kuria dauguma. \u0160i galia atvira, \u012ftraukianti, veikia kaip srov\u0117 ir yra galingiausia, kai auga. Kova tarp senosios ir naujosios gali\u0173 apibr\u0117\u017eia, kas mus valdo, kaip mes dirbame ir net, kaip mes m\u0105stome ar jau\u010diam\u0117s.Naujoji galia labai ai\u0161kiai nu\u0161vie\u010dia m\u016bs\u0173 \u0161iuolaikin\u0117s kult\u016bros fenomen\u0105, nuo toki\u0173 jud\u0117jim\u0173 kaip #BlackLivesMatter iki ledinio vandens kibiro i\u0161\u0161\u016bkio ar Airbnb.<\/p>\n<p>\u0160ie pavyzd\u017eiai atskleid\u017eia naujosios galios stiprybes. Knygos \u201eNaujoji galia. Kaip ji kei\u010dia XXI am\u017eiaus pasaul\u012f ir kod\u0117l turime j\u0105 pa\u017einti\u201c autoriai pateikia pavyzd\u017ei\u0173 i\u0161 verslo, visuomenin\u0117s veiklos, pop kult\u016bros ir toki\u0173 organizacij\u0173 kaip Lego, NASA, TED tyrim\u0173. Jie paai\u0161kina, kaip sukurti nauj\u0105j\u0105 gali\u0105 ir j\u0105 s\u0117kmingai panaudoti. Jie taip pat tyrin\u0117ja ir tamsi\u0105j\u0105 \u0161ios galios pus\u0119, pavyzd\u017eiui, tai, kaip nauj\u0105j\u0105 gali\u0105 savo \u017eiauriems tikslams panaudojo ISIS.Prasid\u0117jus naujosios galios veikiamai erai \u0161i knyga si\u016blo b\u016bd\u0105 i\u0161 naujo suprasti pasaul\u012f ir savo vaidmen\u012f jame. New York Times skiltininkas David Brooks knyg\u0105 \u201eNaujoji galia. Kaip ji kei\u010dia XXI am\u017eiaus pasaul\u012f ir kod\u0117l turime j\u0105 pa\u017einti\u201c pavadino geriausiu iki \u0161iol matytu langu \u012f nauj\u0105j\u012f pasaul\u012f.\u201e\u0160i knyga pasirod\u0117 pa\u010diu laiku, jei tik norite suprasti, kaip kei\u010diasi pasaulis, kas i\u0161 tikr\u0173j\u0173 jame vyksta ir kaip kiekvienas i\u0161 m\u016bs\u0173 galime rasti savo keli\u0105\u201c.<\/p>\n<p>&nbsp;<\/p>\n","protected":false},"excerpt":{"rendered":"<p>Kod\u0117l vieni \u017emon\u0117s \u0161uoliais lekia \u012f priek\u012f, o kiti taip atsilieka \u0161iame chaoti\u0161kame am\u017eiuje? Knygoje \u201eNaujoji galia. Kaip ji kei\u010dia XXI am\u017eiaus pasaul\u012f ir kod\u0117l turime j\u0105 pa\u017einti\u201c Jeremy Heimans ir Henry Timms stoja akis \u012f ak\u012f su svarbiausiomis m\u016bs\u0173 laik\u0173 istorijomis \u2013 toki\u0173 megaplatform\u0173 kaip Feisbukas ar Uberis i\u0161kilimas, netik\u0117tos Obamos ir Trumpo pergal\u0117s prezidento rinkimuose, staigiai i\u0161kil\u0119s jud\u0117jimas #MeToo. Knygos autoriai atskleid\u017eia tai, kas slypi u\u017e \u0161i\u0173 istorij\u0173 \u2013 naujoji galia.\u017dmonijos istorijoje galios taisykl\u0117s labai ilgai buvo visi\u0161kai ai\u0161kios: galia buvo tai, kuo pasinaudojama, o po to pavyd\u017eiai saugoma. Tokia \u201esenoji\u201c galia buvo savoti\u0161ko elito privilegija, daugumai nepasiekiama. Ta\u010diau \u0161iais laikais m\u016bs\u0173 nuolatinis buvimas bendrame tinkle suk\u016br\u0117 naujas galios taisykles. Nauj\u0105j\u0105 gali\u0105 kuria dauguma. \u0160i galia atvira, \u012ftraukianti, veikia kaip srov\u0117 ir yra galingiausia, kai auga. Kova tarp senosios ir naujosios gali\u0173 apibr\u0117\u017eia, kas mus valdo, kaip mes dirbame ir net, kaip mes m\u0105stome ar jau\u010diam\u0117s.Naujoji galia labai ai\u0161kiai nu\u0161vie\u010dia m\u016bs\u0173 \u0161iuolaikin\u0117s kult\u016bros fenomen\u0105, nuo toki\u0173 jud\u0117jim\u0173 kaip #BlackLivesMatter iki ledinio vandens kibiro i\u0161\u0161\u016bkio ar Airbnb. \u0160ie pavyzd\u017eiai atskleid\u017eia naujosios galios stiprybes. Knygos \u201eNaujoji galia. Kaip ji kei\u010dia XXI am\u017eiaus pasaul\u012f ir kod\u0117l turime j\u0105 pa\u017einti\u201c autoriai pateikia pavyzd\u017ei\u0173 i\u0161 verslo, visuomenin\u0117s veiklos, pop kult\u016bros ir toki\u0173 organizacij\u0173 kaip Lego, NASA, TED tyrim\u0173. Jie paai\u0161kina, kaip sukurti nauj\u0105j\u0105 gali\u0105 ir j\u0105 s\u0117kmingai panaudoti. Jie taip pat tyrin\u0117ja ir tamsi\u0105j\u0105 \u0161ios galios pus\u0119, pavyzd\u017eiui, tai, kaip nauj\u0105j\u0105 gali\u0105 savo \u017eiauriems tikslams panaudojo ISIS.Prasid\u0117jus naujosios galios veikiamai erai \u0161i knyga si\u016blo b\u016bd\u0105 i\u0161 naujo suprasti pasaul\u012f ir savo vaidmen\u012f jame. New York Times skiltininkas David Brooks knyg\u0105 \u201eNaujoji galia. Kaip ji kei\u010dia XXI am\u017eiaus pasaul\u012f ir kod\u0117l turime j\u0105 pa\u017einti\u201c pavadino geriausiu iki \u0161iol matytu langu \u012f nauj\u0105j\u012f pasaul\u012f.\u201e\u0160i knyga pasirod\u0117 pa\u010diu laiku, jei tik norite suprasti, kaip kei\u010diasi pasaulis, kas i\u0161 tikr\u0173j\u0173 jame vyksta ir kaip kiekvienas i\u0161 m\u016bs\u0173 galime rasti savo keli\u0105\u201c. &nbsp;<\/p>\n","protected":false},"featured_media":22426,"comment_status":"open","ping_status":"closed","template":"","meta":{"_acf_changed":false,"site-sidebar-layout":"default","site-content-layout":"","ast-site-content-layout":"default","site-content-style":"default","site-sidebar-style":"default","ast-global-header-display":"","ast-banner-title-visibility":"","ast-main-header-display":"","ast-hfb-above-header-display":"","ast-hfb-below-header-display":"","ast-hfb-mobile-header-display":"","site-post-title":"","ast-breadcrumbs-content":"","ast-featured-img":"","footer-sml-layout":"","ast-disable-related-posts":"","theme-transparent-header-meta":"default","adv-header-id-meta":"","stick-header-meta":"","header-above-stick-meta":"","header-main-stick-meta":"","header-below-stick-meta":"","astra-migrate-meta-layouts":"set","ast-page-background-enabled":"default","ast-page-background-meta":{"desktop":{"background-color":"","background-image":"","background-repeat":"repeat","background-position":"center center","background-size":"auto","background-attachment":"scroll","background-type":"","background-media":"","overlay-type":"","overlay-color":"","overlay-opacity":"","overlay-gradient":""},"tablet":{"background-color":"","background-image":"","background-repeat":"repeat","background-position":"center center","background-size":"auto","background-attachment":"scroll","background-type":"","background-media":"","overlay-type":"","overlay-color":"","overlay-opacity":"","overlay-gradient":""},"mobile":{"background-color":"","background-image":"","background-repeat":"repeat","background-position":"center center","background-size":"auto","background-attachment":"scroll","background-type":"","background-media":"","overlay-type":"","overlay-color":"","overlay-opacity":"","overlay-gradient":""}},"ast-content-background-meta":{"desktop":{"background-color":"var(--ast-global-color-4)","background-image":"","background-repeat":"repeat","background-position":"center center","background-size":"auto","background-attachment":"scroll","background-type":"","background-media":"","overlay-type":"","overlay-color":"","overlay-opacity":"","overlay-gradient":""},"tablet":{"background-color":"var(--ast-global-color-4)","background-image":"","background-repeat":"repeat","background-position":"center center","background-size":"auto","background-attachment":"scroll","background-type":"","background-media":"","overlay-type":"","overlay-color":"","overlay-opacity":"","overlay-gradient":""},"mobile":{"background-color":"var(--ast-global-color-4)","background-image":"","background-repeat":"repeat","background-position":"center center","background-size":"auto","background-attachment":"scroll","background-type":"","background-media":"","overlay-type":"","overlay-color":"","overlay-opacity":"","overlay-gradient":""}}},"product_brand":[],"product_cat":[26],"product_tag":[],"class_list":{"0":"post-22421","1":"product","2":"type-product","3":"status-publish","4":"has-post-thumbnail","6":"product_cat-verslas-vadyba-ir-finansai","7":"desktop-align-left","8":"tablet-align-left","9":"mobile-align-left","11":"first","12":"instock","13":"shipping-taxable","14":"purchasable","15":"product-type-simple"},"acf":[],"yoast_head":"<!-- This site is optimized with the Yoast SEO plugin v27.0 - https:\/\/yoast.com\/product\/yoast-seo-wordpress\/ -->\n<title>Naujoji galia<\/title>\n<meta name=\"description\" content=\"Kod\u0117l vieni \u017emon\u0117s \u0161uoliais lekia \u012f priek\u012f, o kiti taip atsilieka \u0161iame chaoti\u0161kame am\u017eiuje? Knygoje \u201eNaujoji galia. Kaip ji kei\u010dia XXI am\u017eiaus pasaul\u012f ir\" \/>\n<meta name=\"robots\" content=\"index, follow, max-snippet:-1, max-image-preview:large, max-video-preview:-1\" \/>\n<link rel=\"canonical\" href=\"https:\/\/skaitytaknyga.lt\/en\/produktas\/naujoji-galia\/\" \/>\n<meta property=\"og:locale\" content=\"en_GB\" \/>\n<meta property=\"og:locale:alternate\" content=\"lt_LT\" \/>\n<meta property=\"og:type\" content=\"article\" \/>\n<meta property=\"og:title\" content=\"Naujoji galia\" \/>\n<meta property=\"og:description\" content=\"Kod\u0117l vieni \u017emon\u0117s \u0161uoliais lekia \u012f priek\u012f, o kiti taip atsilieka \u0161iame chaoti\u0161kame am\u017eiuje? Knygoje \u201eNaujoji galia. Kaip ji kei\u010dia XXI am\u017eiaus pasaul\u012f ir\" \/>\n<meta property=\"og:url\" content=\"https:\/\/skaitytaknyga.lt\/en\/produktas\/naujoji-galia\/\" \/>\n<meta property=\"og:site_name\" content=\"Skaitytaknyga\" \/>\n<meta property=\"article:publisher\" content=\"https:\/\/www.facebook.com\/skaitytaknyga\/\" \/>\n<meta property=\"article:modified_time\" content=\"2026-02-26T08:05:56+00:00\" \/>\n<meta property=\"og:image\" content=\"https:\/\/skaitytaknyga.lt\/wp-content\/uploads\/2025\/12\/Naujoji-galia.-Kaip-ji-keicia-XXI-amziaus-pasauli-ir-kodel-turime-ja-pazinti.webp\" \/>\n\t<meta property=\"og:image:width\" content=\"300\" \/>\n\t<meta property=\"og:image:height\" content=\"459\" \/>\n\t<meta property=\"og:image:type\" content=\"image\/webp\" \/>\n<meta name=\"twitter:card\" content=\"summary_large_image\" \/>\n<meta name=\"twitter:label1\" content=\"Estimated reading time\" \/>\n\t<meta name=\"twitter:data1\" content=\"2 minutes\" \/>\n<script type=\"application\/ld+json\" class=\"yoast-schema-graph\">{\"@context\":\"https:\/\/schema.org\",\"@graph\":[{\"@type\":\"WebPage\",\"@id\":\"https:\/\/skaitytaknyga.lt\/produktas\/naujoji-galia\/\",\"url\":\"https:\/\/skaitytaknyga.lt\/produktas\/naujoji-galia\/\",\"name\":\"Naujoji galia\",\"isPartOf\":{\"@id\":\"https:\/\/skaitytaknyga.lt\/#website\"},\"primaryImageOfPage\":{\"@id\":\"https:\/\/skaitytaknyga.lt\/produktas\/naujoji-galia\/#primaryimage\"},\"image\":{\"@id\":\"https:\/\/skaitytaknyga.lt\/produktas\/naujoji-galia\/#primaryimage\"},\"thumbnailUrl\":\"https:\/\/skaitytaknyga.lt\/wp-content\/uploads\/2025\/12\/Naujoji-galia.-Kaip-ji-keicia-XXI-amziaus-pasauli-ir-kodel-turime-ja-pazinti.webp\",\"datePublished\":\"2025-12-20T19:24:31+00:00\",\"dateModified\":\"2026-02-26T08:05:56+00:00\",\"description\":\"Kod\u0117l vieni \u017emon\u0117s \u0161uoliais lekia \u012f priek\u012f, o kiti taip atsilieka \u0161iame chaoti\u0161kame am\u017eiuje? Knygoje \u201eNaujoji galia. Kaip ji kei\u010dia XXI am\u017eiaus pasaul\u012f ir\",\"breadcrumb\":{\"@id\":\"https:\/\/skaitytaknyga.lt\/produktas\/naujoji-galia\/#breadcrumb\"},\"inLanguage\":\"en-GB\",\"potentialAction\":[{\"@type\":\"ReadAction\",\"target\":[\"https:\/\/skaitytaknyga.lt\/produktas\/naujoji-galia\/\"]}]},{\"@type\":\"ImageObject\",\"inLanguage\":\"en-GB\",\"@id\":\"https:\/\/skaitytaknyga.lt\/produktas\/naujoji-galia\/#primaryimage\",\"url\":\"https:\/\/skaitytaknyga.lt\/wp-content\/uploads\/2025\/12\/Naujoji-galia.-Kaip-ji-keicia-XXI-amziaus-pasauli-ir-kodel-turime-ja-pazinti.webp\",\"contentUrl\":\"https:\/\/skaitytaknyga.lt\/wp-content\/uploads\/2025\/12\/Naujoji-galia.-Kaip-ji-keicia-XXI-amziaus-pasauli-ir-kodel-turime-ja-pazinti.webp\",\"width\":300,\"height\":459},{\"@type\":\"BreadcrumbList\",\"@id\":\"https:\/\/skaitytaknyga.lt\/produktas\/naujoji-galia\/#breadcrumb\",\"itemListElement\":[{\"@type\":\"ListItem\",\"position\":1,\"name\":\"Home\",\"item\":\"https:\/\/skaitytaknyga.lt\/\"},{\"@type\":\"ListItem\",\"position\":2,\"name\":\"Parduotuv\u0117\",\"item\":\"https:\/\/skaitytaknyga.lt\/knygu-parduotuve\/\"},{\"@type\":\"ListItem\",\"position\":3,\"name\":\"Naujoji galia\"}]},{\"@type\":\"WebSite\",\"@id\":\"https:\/\/skaitytaknyga.lt\/#website\",\"url\":\"https:\/\/skaitytaknyga.lt\/\",\"name\":\"skaitytaknyga.lt\",\"description\":\"Skaitytaknyga.lt \u2013 tai ma\u017eas \u0161eimos verslas, kuris prasid\u0117jo nuo meil\u0117s knygoms ir siekio i\u0161gelb\u0117ti knygas nuo likimo prie konteinerio. Kas vienam nereikalingas daiktas \u2013 kitam lobis, o mes esame tarpininkai, kurie padeda abiems tapti laimingesniems ???? \u017dinome kaip nelengva i\u0161gyventi ma\u017eiems verslams, tad nuo \u0161iol, \u010dia rasite ir kit\u0173, ma\u017e\u0173 \u0161eim\u0173 versl\u0173, rank\u0173 darbo, dovan\u0173 sau ir artimiesiems.\",\"publisher\":{\"@id\":\"https:\/\/skaitytaknyga.lt\/#organization\"},\"potentialAction\":[{\"@type\":\"SearchAction\",\"target\":{\"@type\":\"EntryPoint\",\"urlTemplate\":\"https:\/\/skaitytaknyga.lt\/?s={search_term_string}\"},\"query-input\":{\"@type\":\"PropertyValueSpecification\",\"valueRequired\":true,\"valueName\":\"search_term_string\"}}],\"inLanguage\":\"en-GB\"},{\"@type\":\"Organization\",\"@id\":\"https:\/\/skaitytaknyga.lt\/#organization\",\"name\":\"skaitytaknyga.lt\",\"url\":\"https:\/\/skaitytaknyga.lt\/\",\"logo\":{\"@type\":\"ImageObject\",\"inLanguage\":\"en-GB\",\"@id\":\"https:\/\/skaitytaknyga.lt\/#\/schema\/logo\/image\/\",\"url\":\"https:\/\/skaitytaknyga.lt\/wp-content\/uploads\/2024\/05\/cropped-cropped-cropped-02_00843_jt3bggkj1j3HLc7SyY6rEUpg.jpeg\",\"contentUrl\":\"https:\/\/skaitytaknyga.lt\/wp-content\/uploads\/2024\/05\/cropped-cropped-cropped-02_00843_jt3bggkj1j3HLc7SyY6rEUpg.jpeg\",\"width\":1600,\"height\":1600,\"caption\":\"skaitytaknyga.lt\"},\"image\":{\"@id\":\"https:\/\/skaitytaknyga.lt\/#\/schema\/logo\/image\/\"},\"sameAs\":[\"https:\/\/www.facebook.com\/skaitytaknyga\/\"]}]}<\/script>\n<!-- \/ Yoast SEO plugin. -->","yoast_head_json":{"title":"Naujoji galia","description":"Kod\u0117l vieni \u017emon\u0117s \u0161uoliais lekia \u012f priek\u012f, o kiti taip atsilieka \u0161iame chaoti\u0161kame am\u017eiuje? Knygoje \u201eNaujoji galia. Kaip ji kei\u010dia XXI am\u017eiaus pasaul\u012f ir","robots":{"index":"index","follow":"follow","max-snippet":"max-snippet:-1","max-image-preview":"max-image-preview:large","max-video-preview":"max-video-preview:-1"},"canonical":"https:\/\/skaitytaknyga.lt\/en\/produktas\/naujoji-galia\/","og_locale":"en_GB","og_type":"article","og_title":"[:lt]Naujoji galia[:] - Skaitytaknyga","og_description":"Kod\u0117l vieni \u017emon\u0117s \u0161uoliais lekia \u012f priek\u012f, o kiti taip atsilieka \u0161iame chaoti\u0161kame am\u017eiuje? Knygoje \u201eNaujoji galia. Kaip ji kei\u010dia XXI am\u017eiaus pasaul\u012f ir","og_url":"https:\/\/skaitytaknyga.lt\/en\/produktas\/naujoji-galia\/","og_site_name":"Skaitytaknyga","article_publisher":"https:\/\/www.facebook.com\/skaitytaknyga\/","article_modified_time":"2026-02-26T08:05:56+00:00","og_image":[{"width":300,"height":459,"url":"https:\/\/skaitytaknyga.lt\/wp-content\/uploads\/2025\/12\/Naujoji-galia.-Kaip-ji-keicia-XXI-amziaus-pasauli-ir-kodel-turime-ja-pazinti.webp","type":"image\/webp"}],"twitter_card":"summary_large_image","twitter_misc":{"Estimated reading time":"2 minutes"},"schema":{"@context":"https:\/\/schema.org","@graph":[{"@type":"WebPage","@id":"https:\/\/skaitytaknyga.lt\/produktas\/naujoji-galia\/","url":"https:\/\/skaitytaknyga.lt\/produktas\/naujoji-galia\/","name":"Naujoji galia","isPartOf":{"@id":"https:\/\/skaitytaknyga.lt\/#website"},"primaryImageOfPage":{"@id":"https:\/\/skaitytaknyga.lt\/produktas\/naujoji-galia\/#primaryimage"},"image":{"@id":"https:\/\/skaitytaknyga.lt\/produktas\/naujoji-galia\/#primaryimage"},"thumbnailUrl":"https:\/\/skaitytaknyga.lt\/wp-content\/uploads\/2025\/12\/Naujoji-galia.-Kaip-ji-keicia-XXI-amziaus-pasauli-ir-kodel-turime-ja-pazinti.webp","datePublished":"2025-12-20T19:24:31+00:00","dateModified":"2026-02-26T08:05:56+00:00","description":"Kod\u0117l vieni \u017emon\u0117s \u0161uoliais lekia \u012f priek\u012f, o kiti taip atsilieka \u0161iame chaoti\u0161kame am\u017eiuje? Knygoje \u201eNaujoji galia. Kaip ji kei\u010dia XXI am\u017eiaus pasaul\u012f ir","breadcrumb":{"@id":"https:\/\/skaitytaknyga.lt\/produktas\/naujoji-galia\/#breadcrumb"},"inLanguage":"en-GB","potentialAction":[{"@type":"ReadAction","target":["https:\/\/skaitytaknyga.lt\/produktas\/naujoji-galia\/"]}]},{"@type":"ImageObject","inLanguage":"en-GB","@id":"https:\/\/skaitytaknyga.lt\/produktas\/naujoji-galia\/#primaryimage","url":"https:\/\/skaitytaknyga.lt\/wp-content\/uploads\/2025\/12\/Naujoji-galia.-Kaip-ji-keicia-XXI-amziaus-pasauli-ir-kodel-turime-ja-pazinti.webp","contentUrl":"https:\/\/skaitytaknyga.lt\/wp-content\/uploads\/2025\/12\/Naujoji-galia.-Kaip-ji-keicia-XXI-amziaus-pasauli-ir-kodel-turime-ja-pazinti.webp","width":300,"height":459},{"@type":"BreadcrumbList","@id":"https:\/\/skaitytaknyga.lt\/produktas\/naujoji-galia\/#breadcrumb","itemListElement":[{"@type":"ListItem","position":1,"name":"Home","item":"https:\/\/skaitytaknyga.lt\/"},{"@type":"ListItem","position":2,"name":"Parduotuv\u0117","item":"https:\/\/skaitytaknyga.lt\/knygu-parduotuve\/"},{"@type":"ListItem","position":3,"name":"Naujoji galia"}]},{"@type":"WebSite","@id":"https:\/\/skaitytaknyga.lt\/#website","url":"https:\/\/skaitytaknyga.lt\/","name":"skaitytaknyga.lt","description":"Skaitytaknyga.lt \u2013 tai ma\u017eas \u0161eimos verslas, kuris prasid\u0117jo nuo meil\u0117s knygoms ir siekio i\u0161gelb\u0117ti knygas nuo likimo prie konteinerio. Kas vienam nereikalingas daiktas \u2013 kitam lobis, o mes esame tarpininkai, kurie padeda abiems tapti laimingesniems ???? \u017dinome kaip nelengva i\u0161gyventi ma\u017eiems verslams, tad nuo \u0161iol, \u010dia rasite ir kit\u0173, ma\u017e\u0173 \u0161eim\u0173 versl\u0173, rank\u0173 darbo, dovan\u0173 sau ir artimiesiems.","publisher":{"@id":"https:\/\/skaitytaknyga.lt\/#organization"},"potentialAction":[{"@type":"SearchAction","target":{"@type":"EntryPoint","urlTemplate":"https:\/\/skaitytaknyga.lt\/?s={search_term_string}"},"query-input":{"@type":"PropertyValueSpecification","valueRequired":true,"valueName":"search_term_string"}}],"inLanguage":"en-GB"},{"@type":"Organization","@id":"https:\/\/skaitytaknyga.lt\/#organization","name":"skaitytaknyga.lt","url":"https:\/\/skaitytaknyga.lt\/","logo":{"@type":"ImageObject","inLanguage":"en-GB","@id":"https:\/\/skaitytaknyga.lt\/#\/schema\/logo\/image\/","url":"https:\/\/skaitytaknyga.lt\/wp-content\/uploads\/2024\/05\/cropped-cropped-cropped-02_00843_jt3bggkj1j3HLc7SyY6rEUpg.jpeg","contentUrl":"https:\/\/skaitytaknyga.lt\/wp-content\/uploads\/2024\/05\/cropped-cropped-cropped-02_00843_jt3bggkj1j3HLc7SyY6rEUpg.jpeg","width":1600,"height":1600,"caption":"skaitytaknyga.lt"},"image":{"@id":"https:\/\/skaitytaknyga.lt\/#\/schema\/logo\/image\/"},"sameAs":["https:\/\/www.facebook.com\/skaitytaknyga\/"]}]}},"_links":{"self":[{"href":"https:\/\/skaitytaknyga.lt\/en\/wp-json\/wp\/v2\/product\/22421","targetHints":{"allow":["GET"]}}],"collection":[{"href":"https:\/\/skaitytaknyga.lt\/en\/wp-json\/wp\/v2\/product"}],"about":[{"href":"https:\/\/skaitytaknyga.lt\/en\/wp-json\/wp\/v2\/types\/product"}],"replies":[{"embeddable":true,"href":"https:\/\/skaitytaknyga.lt\/en\/wp-json\/wp\/v2\/comments?post=22421"}],"wp:featuredmedia":[{"embeddable":true,"href":"https:\/\/skaitytaknyga.lt\/en\/wp-json\/wp\/v2\/media\/22426"}],"wp:attachment":[{"href":"https:\/\/skaitytaknyga.lt\/en\/wp-json\/wp\/v2\/media?parent=22421"}],"wp:term":[{"taxonomy":"product_brand","embeddable":true,"href":"https:\/\/skaitytaknyga.lt\/en\/wp-json\/wp\/v2\/product_brand?post=22421"},{"taxonomy":"product_cat","embeddable":true,"href":"https:\/\/skaitytaknyga.lt\/en\/wp-json\/wp\/v2\/product_cat?post=22421"},{"taxonomy":"product_tag","embeddable":true,"href":"https:\/\/skaitytaknyga.lt\/en\/wp-json\/wp\/v2\/product_tag?post=22421"}],"curies":[{"name":"wp","href":"https:\/\/api.w.org\/{rel}","templated":true}]}}