{"id":22411,"date":"2025-12-20T20:49:27","date_gmt":"2025-12-20T18:49:27","guid":{"rendered":"https:\/\/skaitytaknyga.lt\/?post_type=product&#038;p=22411"},"modified":"2025-12-27T10:56:45","modified_gmt":"2025-12-27T08:56:45","slug":"neslugstancios-krepsinio-vilnys-monografija","status":"publish","type":"product","link":"https:\/\/skaitytaknyga.lt\/en\/produktas\/neslugstancios-krepsinio-vilnys-monografija\/","title":{"rendered":"Nesl\u016bgstan\u010dios krep\u0161inio vilnys. Monografija"},"content":{"rendered":"<p>Monografijoje aptariamos svarbiausios Senojo \u017eemyno var\u017eybos &#8211; Europos vyr\u0173 krep\u0161inio \u010dempionatai, tur\u012f jau \u0161e\u0161iasde\u0161imtmet\u0119 istorij\u0105, t\u0173 \u010dempionat\u0173 rengimo, rezultat\u0173 kaita, pateikiama \u012fdomesni\u0173 var\u017eyb\u0173 moment\u0173. Monografijos akcentas &#8211; Lietuvos rinktin\u0117s ir krep\u0161ininkai Europos \u010dempionatuose, siekiama parodyti \u017eaid\u0117jus &#8211; asmenybes, \u017eaid\u0117jus &#8211; \u017emones. Monografija skirta jiems, krep\u0161ininkams, suk\u0117lusiems Lietuvoje nesl\u016bgstan\u010di\u0105 krep\u0161inio meil\u0117s ir aistros viln\u012f j\u0105 palaikiusiems bei palaikantiems.<\/p>\n","protected":false},"excerpt":{"rendered":"<p>Monografijoje aptariamos svarbiausios Senojo \u017eemyno var\u017eybos &#8211; Europos vyr\u0173 krep\u0161inio \u010dempionatai, tur\u012f jau \u0161e\u0161iasde\u0161imtmet\u0119 istorij\u0105, t\u0173 \u010dempionat\u0173 rengimo, rezultat\u0173 kaita, pateikiama \u012fdomesni\u0173 var\u017eyb\u0173 moment\u0173. Monografijos akcentas &#8211; Lietuvos rinktin\u0117s ir krep\u0161ininkai Europos \u010dempionatuose, siekiama parodyti \u017eaid\u0117jus &#8211; asmenybes, \u017eaid\u0117jus &#8211; \u017emones. Monografija skirta jiems, krep\u0161ininkams, suk\u0117lusiems Lietuvoje nesl\u016bgstan\u010di\u0105 krep\u0161inio meil\u0117s ir aistros viln\u012f j\u0105 palaikiusiems bei palaikantiems.<\/p>\n","protected":false},"featured_media":22416,"comment_status":"open","ping_status":"closed","template":"","meta":{"_acf_changed":false,"site-sidebar-layout":"default","site-content-layout":"","ast-site-content-layout":"default","site-content-style":"default","site-sidebar-style":"default","ast-global-header-display":"","ast-banner-title-visibility":"","ast-main-header-display":"","ast-hfb-above-header-display":"","ast-hfb-below-header-display":"","ast-hfb-mobile-header-display":"","site-post-title":"","ast-breadcrumbs-content":"","ast-featured-img":"","footer-sml-layout":"","ast-disable-related-posts":"","theme-transparent-header-meta":"","adv-header-id-meta":"","stick-header-meta":"","header-above-stick-meta":"","header-main-stick-meta":"","header-below-stick-meta":"","astra-migrate-meta-layouts":"default","ast-page-background-enabled":"default","ast-page-background-meta":{"desktop":{"background-color":"","background-image":"","background-repeat":"repeat","background-position":"center center","background-size":"auto","background-attachment":"scroll","background-type":"","background-media":"","overlay-type":"","overlay-color":"","overlay-opacity":"","overlay-gradient":""},"tablet":{"background-color":"","background-image":"","background-repeat":"repeat","background-position":"center center","background-size":"auto","background-attachment":"scroll","background-type":"","background-media":"","overlay-type":"","overlay-color":"","overlay-opacity":"","overlay-gradient":""},"mobile":{"background-color":"","background-image":"","background-repeat":"repeat","background-position":"center center","background-size":"auto","background-attachment":"scroll","background-type":"","background-media":"","overlay-type":"","overlay-color":"","overlay-opacity":"","overlay-gradient":""}},"ast-content-background-meta":{"desktop":{"background-color":"var(--ast-global-color-4)","background-image":"","background-repeat":"repeat","background-position":"center center","background-size":"auto","background-attachment":"scroll","background-type":"","background-media":"","overlay-type":"","overlay-color":"","overlay-opacity":"","overlay-gradient":""},"tablet":{"background-color":"var(--ast-global-color-4)","background-image":"","background-repeat":"repeat","background-position":"center center","background-size":"auto","background-attachment":"scroll","background-type":"","background-media":"","overlay-type":"","overlay-color":"","overlay-opacity":"","overlay-gradient":""},"mobile":{"background-color":"var(--ast-global-color-4)","background-image":"","background-repeat":"repeat","background-position":"center center","background-size":"auto","background-attachment":"scroll","background-type":"","background-media":"","overlay-type":"","overlay-color":"","overlay-opacity":"","overlay-gradient":""}}},"product_brand":[],"product_cat":[15],"product_tag":[],"class_list":{"0":"post-22411","1":"product","2":"type-product","3":"status-publish","4":"has-post-thumbnail","6":"product_cat-uncategorized","7":"desktop-align-left","8":"tablet-align-left","9":"mobile-align-left","11":"first","12":"instock","13":"shipping-taxable","14":"purchasable","15":"product-type-simple"},"acf":[],"yoast_head":"<!-- This site is optimized with the Yoast SEO plugin v27.0 - https:\/\/yoast.com\/product\/yoast-seo-wordpress\/ -->\n<title>Nesl\u016bgstan\u010dios krep\u0161inio vilnys. Monografija<\/title>\n<meta name=\"description\" content=\"Monografijoje aptariamos svarbiausios Senojo \u017eemyno var\u017eybos - Europos vyr\u0173 krep\u0161inio \u010dempionatai, tur\u012f jau \u0161e\u0161iasde\u0161imtmet\u0119 istorij\u0105, t\u0173 \u010dempionat\u0173\" \/>\n<meta name=\"robots\" content=\"index, follow, max-snippet:-1, max-image-preview:large, max-video-preview:-1\" \/>\n<link rel=\"canonical\" href=\"https:\/\/skaitytaknyga.lt\/en\/produktas\/neslugstancios-krepsinio-vilnys-monografija\/\" \/>\n<meta property=\"og:locale\" content=\"en_GB\" \/>\n<meta property=\"og:locale:alternate\" content=\"lt_LT\" \/>\n<meta property=\"og:type\" content=\"article\" \/>\n<meta property=\"og:title\" content=\"Nesl\u016bgstan\u010dios krep\u0161inio vilnys. Monografija\" \/>\n<meta property=\"og:description\" content=\"Monografijoje aptariamos svarbiausios Senojo \u017eemyno var\u017eybos - Europos vyr\u0173 krep\u0161inio \u010dempionatai, tur\u012f jau \u0161e\u0161iasde\u0161imtmet\u0119 istorij\u0105, t\u0173 \u010dempionat\u0173\" \/>\n<meta property=\"og:url\" content=\"https:\/\/skaitytaknyga.lt\/en\/produktas\/neslugstancios-krepsinio-vilnys-monografija\/\" \/>\n<meta property=\"og:site_name\" content=\"Skaitytaknyga\" \/>\n<meta property=\"article:publisher\" content=\"https:\/\/www.facebook.com\/skaitytaknyga\/\" \/>\n<meta property=\"article:modified_time\" content=\"2025-12-27T08:56:45+00:00\" \/>\n<meta property=\"og:image\" content=\"https:\/\/skaitytaknyga.lt\/wp-content\/uploads\/2025\/12\/Neslugstancios-krepsinio-vilnys.-Monografija-1.webp\" \/>\n\t<meta property=\"og:image:width\" content=\"300\" \/>\n\t<meta property=\"og:image:height\" content=\"425\" \/>\n\t<meta property=\"og:image:type\" content=\"image\/webp\" \/>\n<meta name=\"twitter:card\" content=\"summary_large_image\" \/>\n<script type=\"application\/ld+json\" class=\"yoast-schema-graph\">{\"@context\":\"https:\/\/schema.org\",\"@graph\":[{\"@type\":\"WebPage\",\"@id\":\"https:\/\/skaitytaknyga.lt\/produktas\/neslugstancios-krepsinio-vilnys-monografija\/\",\"url\":\"https:\/\/skaitytaknyga.lt\/produktas\/neslugstancios-krepsinio-vilnys-monografija\/\",\"name\":\"Nesl\u016bgstan\u010dios krep\u0161inio vilnys. Monografija\",\"isPartOf\":{\"@id\":\"https:\/\/skaitytaknyga.lt\/#website\"},\"primaryImageOfPage\":{\"@id\":\"https:\/\/skaitytaknyga.lt\/produktas\/neslugstancios-krepsinio-vilnys-monografija\/#primaryimage\"},\"image\":{\"@id\":\"https:\/\/skaitytaknyga.lt\/produktas\/neslugstancios-krepsinio-vilnys-monografija\/#primaryimage\"},\"thumbnailUrl\":\"https:\/\/skaitytaknyga.lt\/wp-content\/uploads\/2025\/12\/Neslugstancios-krepsinio-vilnys.-Monografija-1.webp\",\"datePublished\":\"2025-12-20T18:49:27+00:00\",\"dateModified\":\"2025-12-27T08:56:45+00:00\",\"description\":\"Monografijoje aptariamos svarbiausios Senojo \u017eemyno var\u017eybos - Europos vyr\u0173 krep\u0161inio \u010dempionatai, tur\u012f jau \u0161e\u0161iasde\u0161imtmet\u0119 istorij\u0105, t\u0173 \u010dempionat\u0173\",\"breadcrumb\":{\"@id\":\"https:\/\/skaitytaknyga.lt\/produktas\/neslugstancios-krepsinio-vilnys-monografija\/#breadcrumb\"},\"inLanguage\":\"en-GB\",\"potentialAction\":[{\"@type\":\"ReadAction\",\"target\":[\"https:\/\/skaitytaknyga.lt\/produktas\/neslugstancios-krepsinio-vilnys-monografija\/\"]}]},{\"@type\":\"ImageObject\",\"inLanguage\":\"en-GB\",\"@id\":\"https:\/\/skaitytaknyga.lt\/produktas\/neslugstancios-krepsinio-vilnys-monografija\/#primaryimage\",\"url\":\"https:\/\/skaitytaknyga.lt\/wp-content\/uploads\/2025\/12\/Neslugstancios-krepsinio-vilnys.-Monografija-1.webp\",\"contentUrl\":\"https:\/\/skaitytaknyga.lt\/wp-content\/uploads\/2025\/12\/Neslugstancios-krepsinio-vilnys.-Monografija-1.webp\",\"width\":300,\"height\":425,\"caption\":\"Nesl\u016bgstan\u010dios krep\u0161inio vilnys. Monografija\"},{\"@type\":\"BreadcrumbList\",\"@id\":\"https:\/\/skaitytaknyga.lt\/produktas\/neslugstancios-krepsinio-vilnys-monografija\/#breadcrumb\",\"itemListElement\":[{\"@type\":\"ListItem\",\"position\":1,\"name\":\"Home\",\"item\":\"https:\/\/skaitytaknyga.lt\/\"},{\"@type\":\"ListItem\",\"position\":2,\"name\":\"Parduotuv\u0117\",\"item\":\"https:\/\/skaitytaknyga.lt\/knygu-parduotuve\/\"},{\"@type\":\"ListItem\",\"position\":3,\"name\":\"Nesl\u016bgstan\u010dios krep\u0161inio vilnys. Monografija\"}]},{\"@type\":\"WebSite\",\"@id\":\"https:\/\/skaitytaknyga.lt\/#website\",\"url\":\"https:\/\/skaitytaknyga.lt\/\",\"name\":\"skaitytaknyga.lt\",\"description\":\"Skaitytaknyga.lt \u2013 tai ma\u017eas \u0161eimos verslas, kuris prasid\u0117jo nuo meil\u0117s knygoms ir siekio i\u0161gelb\u0117ti knygas nuo likimo prie konteinerio. Kas vienam nereikalingas daiktas \u2013 kitam lobis, o mes esame tarpininkai, kurie padeda abiems tapti laimingesniems ???? \u017dinome kaip nelengva i\u0161gyventi ma\u017eiems verslams, tad nuo \u0161iol, \u010dia rasite ir kit\u0173, ma\u017e\u0173 \u0161eim\u0173 versl\u0173, rank\u0173 darbo, dovan\u0173 sau ir artimiesiems.\",\"publisher\":{\"@id\":\"https:\/\/skaitytaknyga.lt\/#organization\"},\"potentialAction\":[{\"@type\":\"SearchAction\",\"target\":{\"@type\":\"EntryPoint\",\"urlTemplate\":\"https:\/\/skaitytaknyga.lt\/?s={search_term_string}\"},\"query-input\":{\"@type\":\"PropertyValueSpecification\",\"valueRequired\":true,\"valueName\":\"search_term_string\"}}],\"inLanguage\":\"en-GB\"},{\"@type\":\"Organization\",\"@id\":\"https:\/\/skaitytaknyga.lt\/#organization\",\"name\":\"skaitytaknyga.lt\",\"url\":\"https:\/\/skaitytaknyga.lt\/\",\"logo\":{\"@type\":\"ImageObject\",\"inLanguage\":\"en-GB\",\"@id\":\"https:\/\/skaitytaknyga.lt\/#\/schema\/logo\/image\/\",\"url\":\"https:\/\/skaitytaknyga.lt\/wp-content\/uploads\/2024\/05\/cropped-cropped-cropped-02_00843_jt3bggkj1j3HLc7SyY6rEUpg.jpeg\",\"contentUrl\":\"https:\/\/skaitytaknyga.lt\/wp-content\/uploads\/2024\/05\/cropped-cropped-cropped-02_00843_jt3bggkj1j3HLc7SyY6rEUpg.jpeg\",\"width\":1600,\"height\":1600,\"caption\":\"skaitytaknyga.lt\"},\"image\":{\"@id\":\"https:\/\/skaitytaknyga.lt\/#\/schema\/logo\/image\/\"},\"sameAs\":[\"https:\/\/www.facebook.com\/skaitytaknyga\/\"]}]}<\/script>\n<!-- \/ Yoast SEO plugin. -->","yoast_head_json":{"title":"Nesl\u016bgstan\u010dios krep\u0161inio vilnys. Monografija","description":"Monografijoje aptariamos svarbiausios Senojo \u017eemyno var\u017eybos - Europos vyr\u0173 krep\u0161inio \u010dempionatai, tur\u012f jau \u0161e\u0161iasde\u0161imtmet\u0119 istorij\u0105, t\u0173 \u010dempionat\u0173","robots":{"index":"index","follow":"follow","max-snippet":"max-snippet:-1","max-image-preview":"max-image-preview:large","max-video-preview":"max-video-preview:-1"},"canonical":"https:\/\/skaitytaknyga.lt\/en\/produktas\/neslugstancios-krepsinio-vilnys-monografija\/","og_locale":"en_GB","og_type":"article","og_title":"[:lt]Nesl\u016bgstan\u010dios krep\u0161inio vilnys. Monografija[:] - Skaitytaknyga","og_description":"Monografijoje aptariamos svarbiausios Senojo \u017eemyno var\u017eybos - Europos vyr\u0173 krep\u0161inio \u010dempionatai, tur\u012f jau \u0161e\u0161iasde\u0161imtmet\u0119 istorij\u0105, t\u0173 \u010dempionat\u0173","og_url":"https:\/\/skaitytaknyga.lt\/en\/produktas\/neslugstancios-krepsinio-vilnys-monografija\/","og_site_name":"Skaitytaknyga","article_publisher":"https:\/\/www.facebook.com\/skaitytaknyga\/","article_modified_time":"2025-12-27T08:56:45+00:00","og_image":[{"width":300,"height":425,"url":"https:\/\/skaitytaknyga.lt\/wp-content\/uploads\/2025\/12\/Neslugstancios-krepsinio-vilnys.-Monografija-1.webp","type":"image\/webp"}],"twitter_card":"summary_large_image","schema":{"@context":"https:\/\/schema.org","@graph":[{"@type":"WebPage","@id":"https:\/\/skaitytaknyga.lt\/produktas\/neslugstancios-krepsinio-vilnys-monografija\/","url":"https:\/\/skaitytaknyga.lt\/produktas\/neslugstancios-krepsinio-vilnys-monografija\/","name":"Nesl\u016bgstan\u010dios krep\u0161inio vilnys. Monografija","isPartOf":{"@id":"https:\/\/skaitytaknyga.lt\/#website"},"primaryImageOfPage":{"@id":"https:\/\/skaitytaknyga.lt\/produktas\/neslugstancios-krepsinio-vilnys-monografija\/#primaryimage"},"image":{"@id":"https:\/\/skaitytaknyga.lt\/produktas\/neslugstancios-krepsinio-vilnys-monografija\/#primaryimage"},"thumbnailUrl":"https:\/\/skaitytaknyga.lt\/wp-content\/uploads\/2025\/12\/Neslugstancios-krepsinio-vilnys.-Monografija-1.webp","datePublished":"2025-12-20T18:49:27+00:00","dateModified":"2025-12-27T08:56:45+00:00","description":"Monografijoje aptariamos svarbiausios Senojo \u017eemyno var\u017eybos - Europos vyr\u0173 krep\u0161inio \u010dempionatai, tur\u012f jau \u0161e\u0161iasde\u0161imtmet\u0119 istorij\u0105, t\u0173 \u010dempionat\u0173","breadcrumb":{"@id":"https:\/\/skaitytaknyga.lt\/produktas\/neslugstancios-krepsinio-vilnys-monografija\/#breadcrumb"},"inLanguage":"en-GB","potentialAction":[{"@type":"ReadAction","target":["https:\/\/skaitytaknyga.lt\/produktas\/neslugstancios-krepsinio-vilnys-monografija\/"]}]},{"@type":"ImageObject","inLanguage":"en-GB","@id":"https:\/\/skaitytaknyga.lt\/produktas\/neslugstancios-krepsinio-vilnys-monografija\/#primaryimage","url":"https:\/\/skaitytaknyga.lt\/wp-content\/uploads\/2025\/12\/Neslugstancios-krepsinio-vilnys.-Monografija-1.webp","contentUrl":"https:\/\/skaitytaknyga.lt\/wp-content\/uploads\/2025\/12\/Neslugstancios-krepsinio-vilnys.-Monografija-1.webp","width":300,"height":425,"caption":"Nesl\u016bgstan\u010dios krep\u0161inio vilnys. Monografija"},{"@type":"BreadcrumbList","@id":"https:\/\/skaitytaknyga.lt\/produktas\/neslugstancios-krepsinio-vilnys-monografija\/#breadcrumb","itemListElement":[{"@type":"ListItem","position":1,"name":"Home","item":"https:\/\/skaitytaknyga.lt\/"},{"@type":"ListItem","position":2,"name":"Parduotuv\u0117","item":"https:\/\/skaitytaknyga.lt\/knygu-parduotuve\/"},{"@type":"ListItem","position":3,"name":"Nesl\u016bgstan\u010dios krep\u0161inio vilnys. Monografija"}]},{"@type":"WebSite","@id":"https:\/\/skaitytaknyga.lt\/#website","url":"https:\/\/skaitytaknyga.lt\/","name":"skaitytaknyga.lt","description":"Skaitytaknyga.lt \u2013 tai ma\u017eas \u0161eimos verslas, kuris prasid\u0117jo nuo meil\u0117s knygoms ir siekio i\u0161gelb\u0117ti knygas nuo likimo prie konteinerio. Kas vienam nereikalingas daiktas \u2013 kitam lobis, o mes esame tarpininkai, kurie padeda abiems tapti laimingesniems ???? \u017dinome kaip nelengva i\u0161gyventi ma\u017eiems verslams, tad nuo \u0161iol, \u010dia rasite ir kit\u0173, ma\u017e\u0173 \u0161eim\u0173 versl\u0173, rank\u0173 darbo, dovan\u0173 sau ir artimiesiems.","publisher":{"@id":"https:\/\/skaitytaknyga.lt\/#organization"},"potentialAction":[{"@type":"SearchAction","target":{"@type":"EntryPoint","urlTemplate":"https:\/\/skaitytaknyga.lt\/?s={search_term_string}"},"query-input":{"@type":"PropertyValueSpecification","valueRequired":true,"valueName":"search_term_string"}}],"inLanguage":"en-GB"},{"@type":"Organization","@id":"https:\/\/skaitytaknyga.lt\/#organization","name":"skaitytaknyga.lt","url":"https:\/\/skaitytaknyga.lt\/","logo":{"@type":"ImageObject","inLanguage":"en-GB","@id":"https:\/\/skaitytaknyga.lt\/#\/schema\/logo\/image\/","url":"https:\/\/skaitytaknyga.lt\/wp-content\/uploads\/2024\/05\/cropped-cropped-cropped-02_00843_jt3bggkj1j3HLc7SyY6rEUpg.jpeg","contentUrl":"https:\/\/skaitytaknyga.lt\/wp-content\/uploads\/2024\/05\/cropped-cropped-cropped-02_00843_jt3bggkj1j3HLc7SyY6rEUpg.jpeg","width":1600,"height":1600,"caption":"skaitytaknyga.lt"},"image":{"@id":"https:\/\/skaitytaknyga.lt\/#\/schema\/logo\/image\/"},"sameAs":["https:\/\/www.facebook.com\/skaitytaknyga\/"]}]}},"_links":{"self":[{"href":"https:\/\/skaitytaknyga.lt\/en\/wp-json\/wp\/v2\/product\/22411","targetHints":{"allow":["GET"]}}],"collection":[{"href":"https:\/\/skaitytaknyga.lt\/en\/wp-json\/wp\/v2\/product"}],"about":[{"href":"https:\/\/skaitytaknyga.lt\/en\/wp-json\/wp\/v2\/types\/product"}],"replies":[{"embeddable":true,"href":"https:\/\/skaitytaknyga.lt\/en\/wp-json\/wp\/v2\/comments?post=22411"}],"wp:featuredmedia":[{"embeddable":true,"href":"https:\/\/skaitytaknyga.lt\/en\/wp-json\/wp\/v2\/media\/22416"}],"wp:attachment":[{"href":"https:\/\/skaitytaknyga.lt\/en\/wp-json\/wp\/v2\/media?parent=22411"}],"wp:term":[{"taxonomy":"product_brand","embeddable":true,"href":"https:\/\/skaitytaknyga.lt\/en\/wp-json\/wp\/v2\/product_brand?post=22411"},{"taxonomy":"product_cat","embeddable":true,"href":"https:\/\/skaitytaknyga.lt\/en\/wp-json\/wp\/v2\/product_cat?post=22411"},{"taxonomy":"product_tag","embeddable":true,"href":"https:\/\/skaitytaknyga.lt\/en\/wp-json\/wp\/v2\/product_tag?post=22411"}],"curies":[{"name":"wp","href":"https:\/\/api.w.org\/{rel}","templated":true}]}}