{"id":22402,"date":"2025-12-20T20:10:28","date_gmt":"2025-12-20T18:10:28","guid":{"rendered":"https:\/\/skaitytaknyga.lt\/?post_type=product&#038;p=22402"},"modified":"2026-03-18T14:59:40","modified_gmt":"2026-03-18T12:59:40","slug":"fragmentai-ir-luziai-reportazas-is-vilniaus-1990-1991-metais","status":"publish","type":"product","link":"https:\/\/skaitytaknyga.lt\/en\/produktas\/fragmentai-ir-luziai-reportazas-is-vilniaus-1990-1991-metais\/","title":{"rendered":"Fragmentai ir l\u016b\u017eiai: reporta\u017eas i\u0161 Vilniaus 1990\u20131991 metais"},"content":{"rendered":"<p>Knyga apie unikal\u0173 Lietuvos ir pasaulio istorijos moment\u0105 \u2013 Nepriklausomyb\u0117s atk\u016brim\u0105. Autor\u0117 praleido m\u016bs\u0173 \u0161alyje labiausiai \u012ftemptus to laikotarpio m\u0117nesius \u2013 nuo Kovo 11 akto paskelbimo ligi 1991 met\u0173 rugpj\u016b\u010dio, kada Lietuvos valstyb\u0119 pripa\u017eino pasaulin\u0117 bendruomen\u0117.<br \/>\nSkaitydami jos reporta\u017eus, atsiduriame vietose, kur buvo sprend\u017eiamas kra\u0161to likimas \u2013 soviet\u0173 apsuptame parlamento pastate, Vytauto Landsbergio kabinete, Lietuvos atstovyb\u0117je Maskvoje, \u2013 taip pat ligonin\u0117je, kurioje guli sausio tryliktosios aukos, Lom\u017eoje su lietuvi\u0173 piligrimais, atvykusiais popie\u017eiaus palaiminimo\u2026<br \/>\nPagaliau aplankome ir tokius savoti\u0161kus m\u016bs\u0173 \u0161alies \u201estrateginius punktus\u201c kaip Turni\u0161k\u0117s, \u201eStikli\u0173\u201c restoranas, vadinamoji Bre\u017enevo vila Palangoje.<\/p>\n","protected":false},"excerpt":{"rendered":"<p>Knyga apie unikal\u0173 Lietuvos ir pasaulio istorijos moment\u0105 \u2013 Nepriklausomyb\u0117s atk\u016brim\u0105. Autor\u0117 praleido m\u016bs\u0173 \u0161alyje labiausiai \u012ftemptus to laikotarpio m\u0117nesius \u2013 nuo Kovo 11 akto paskelbimo ligi 1991 met\u0173 rugpj\u016b\u010dio, kada Lietuvos valstyb\u0119 pripa\u017eino pasaulin\u0117 bendruomen\u0117. Skaitydami jos reporta\u017eus, atsiduriame vietose, kur buvo sprend\u017eiamas kra\u0161to likimas \u2013 soviet\u0173 apsuptame parlamento pastate, Vytauto Landsbergio kabinete, Lietuvos atstovyb\u0117je Maskvoje, \u2013 taip pat ligonin\u0117je, kurioje guli sausio tryliktosios aukos, Lom\u017eoje su lietuvi\u0173 piligrimais, atvykusiais popie\u017eiaus palaiminimo\u2026 Pagaliau aplankome ir tokius savoti\u0161kus m\u016bs\u0173 \u0161alies \u201estrateginius punktus\u201c kaip Turni\u0161k\u0117s, \u201eStikli\u0173\u201c restoranas, vadinamoji Bre\u017enevo vila Palangoje.<\/p>\n","protected":false},"featured_media":22407,"comment_status":"open","ping_status":"closed","template":"","meta":{"_acf_changed":false,"site-sidebar-layout":"default","site-content-layout":"","ast-site-content-layout":"default","site-content-style":"default","site-sidebar-style":"default","ast-global-header-display":"","ast-banner-title-visibility":"","ast-main-header-display":"","ast-hfb-above-header-display":"","ast-hfb-below-header-display":"","ast-hfb-mobile-header-display":"","site-post-title":"","ast-breadcrumbs-content":"","ast-featured-img":"","footer-sml-layout":"","ast-disable-related-posts":"","theme-transparent-header-meta":"","adv-header-id-meta":"","stick-header-meta":"","header-above-stick-meta":"","header-main-stick-meta":"","header-below-stick-meta":"","astra-migrate-meta-layouts":"default","ast-page-background-enabled":"default","ast-page-background-meta":{"desktop":{"background-color":"","background-image":"","background-repeat":"repeat","background-position":"center center","background-size":"auto","background-attachment":"scroll","background-type":"","background-media":"","overlay-type":"","overlay-color":"","overlay-opacity":"","overlay-gradient":""},"tablet":{"background-color":"","background-image":"","background-repeat":"repeat","background-position":"center center","background-size":"auto","background-attachment":"scroll","background-type":"","background-media":"","overlay-type":"","overlay-color":"","overlay-opacity":"","overlay-gradient":""},"mobile":{"background-color":"","background-image":"","background-repeat":"repeat","background-position":"center center","background-size":"auto","background-attachment":"scroll","background-type":"","background-media":"","overlay-type":"","overlay-color":"","overlay-opacity":"","overlay-gradient":""}},"ast-content-background-meta":{"desktop":{"background-color":"var(--ast-global-color-4)","background-image":"","background-repeat":"repeat","background-position":"center center","background-size":"auto","background-attachment":"scroll","background-type":"","background-media":"","overlay-type":"","overlay-color":"","overlay-opacity":"","overlay-gradient":""},"tablet":{"background-color":"var(--ast-global-color-4)","background-image":"","background-repeat":"repeat","background-position":"center center","background-size":"auto","background-attachment":"scroll","background-type":"","background-media":"","overlay-type":"","overlay-color":"","overlay-opacity":"","overlay-gradient":""},"mobile":{"background-color":"var(--ast-global-color-4)","background-image":"","background-repeat":"repeat","background-position":"center center","background-size":"auto","background-attachment":"scroll","background-type":"","background-media":"","overlay-type":"","overlay-color":"","overlay-opacity":"","overlay-gradient":""}}},"product_brand":[],"product_cat":[9862,174],"product_tag":[],"class_list":{"0":"post-22402","1":"product","2":"type-product","3":"status-publish","4":"has-post-thumbnail","6":"product_cat-lietuvos-istorija","7":"product_cat-istorija-ir-politologija","8":"desktop-align-left","9":"tablet-align-left","10":"mobile-align-left","12":"first","13":"instock","14":"shipping-taxable","15":"purchasable","16":"product-type-simple"},"acf":[],"yoast_head":"<!-- This site is optimized with the Yoast SEO plugin v27.0 - https:\/\/yoast.com\/product\/yoast-seo-wordpress\/ -->\n<title>Fragmentai ir l\u016b\u017eiai: reporta\u017eas i\u0161 Vilniaus 1990\u20131991 metais<\/title>\n<meta name=\"description\" content=\"Knyga apie unikal\u0173 Lietuvos ir pasaulio istorijos moment\u0105 \u2013 Nepriklausomyb\u0117s atk\u016brim\u0105. Autor\u0117 praleido m\u016bs\u0173 \u0161alyje labiausiai \u012ftemptus to laikotarpio\" \/>\n<meta name=\"robots\" content=\"index, follow, max-snippet:-1, max-image-preview:large, max-video-preview:-1\" \/>\n<link rel=\"canonical\" href=\"https:\/\/skaitytaknyga.lt\/en\/produktas\/fragmentai-ir-luziai-reportazas-is-vilniaus-1990-1991-metais\/\" \/>\n<meta property=\"og:locale\" content=\"en_GB\" \/>\n<meta property=\"og:locale:alternate\" content=\"lt_LT\" \/>\n<meta property=\"og:type\" content=\"article\" \/>\n<meta property=\"og:title\" content=\"Fragmentai ir l\u016b\u017eiai: reporta\u017eas i\u0161 Vilniaus 1990\u20131991 metais\" \/>\n<meta property=\"og:description\" content=\"Knyga apie unikal\u0173 Lietuvos ir pasaulio istorijos moment\u0105 \u2013 Nepriklausomyb\u0117s atk\u016brim\u0105. Autor\u0117 praleido m\u016bs\u0173 \u0161alyje labiausiai \u012ftemptus to laikotarpio\" \/>\n<meta property=\"og:url\" content=\"https:\/\/skaitytaknyga.lt\/en\/produktas\/fragmentai-ir-luziai-reportazas-is-vilniaus-1990-1991-metais\/\" \/>\n<meta property=\"og:site_name\" content=\"Skaitytaknyga\" \/>\n<meta property=\"article:publisher\" content=\"https:\/\/www.facebook.com\/skaitytaknyga\/\" \/>\n<meta property=\"article:modified_time\" content=\"2026-03-18T12:59:40+00:00\" \/>\n<meta property=\"og:image\" content=\"https:\/\/skaitytaknyga.lt\/wp-content\/uploads\/2025\/12\/Fragmentai-ir-luziai-reportazas-is-Vilniaus-1990\u20131991-metais-1.webp\" \/>\n\t<meta property=\"og:image:width\" content=\"300\" \/>\n\t<meta property=\"og:image:height\" content=\"464\" \/>\n\t<meta property=\"og:image:type\" content=\"image\/webp\" \/>\n<meta name=\"twitter:card\" content=\"summary_large_image\" \/>\n<meta name=\"twitter:label1\" content=\"Estimated reading time\" \/>\n\t<meta name=\"twitter:data1\" content=\"1 minute\" \/>\n<script type=\"application\/ld+json\" class=\"yoast-schema-graph\">{\"@context\":\"https:\/\/schema.org\",\"@graph\":[{\"@type\":\"WebPage\",\"@id\":\"https:\/\/skaitytaknyga.lt\/produktas\/fragmentai-ir-luziai-reportazas-is-vilniaus-1990-1991-metais\/\",\"url\":\"https:\/\/skaitytaknyga.lt\/produktas\/fragmentai-ir-luziai-reportazas-is-vilniaus-1990-1991-metais\/\",\"name\":\"Fragmentai ir l\u016b\u017eiai: reporta\u017eas i\u0161 Vilniaus 1990\u20131991 metais\",\"isPartOf\":{\"@id\":\"https:\/\/skaitytaknyga.lt\/#website\"},\"primaryImageOfPage\":{\"@id\":\"https:\/\/skaitytaknyga.lt\/produktas\/fragmentai-ir-luziai-reportazas-is-vilniaus-1990-1991-metais\/#primaryimage\"},\"image\":{\"@id\":\"https:\/\/skaitytaknyga.lt\/produktas\/fragmentai-ir-luziai-reportazas-is-vilniaus-1990-1991-metais\/#primaryimage\"},\"thumbnailUrl\":\"https:\/\/skaitytaknyga.lt\/wp-content\/uploads\/2025\/12\/Fragmentai-ir-luziai-reportazas-is-Vilniaus-1990\u20131991-metais-1.webp\",\"datePublished\":\"2025-12-20T18:10:28+00:00\",\"dateModified\":\"2026-03-18T12:59:40+00:00\",\"description\":\"Knyga apie unikal\u0173 Lietuvos ir pasaulio istorijos moment\u0105 \u2013 Nepriklausomyb\u0117s atk\u016brim\u0105. Autor\u0117 praleido m\u016bs\u0173 \u0161alyje labiausiai \u012ftemptus to laikotarpio\",\"breadcrumb\":{\"@id\":\"https:\/\/skaitytaknyga.lt\/produktas\/fragmentai-ir-luziai-reportazas-is-vilniaus-1990-1991-metais\/#breadcrumb\"},\"inLanguage\":\"en-GB\",\"potentialAction\":[{\"@type\":\"ReadAction\",\"target\":[\"https:\/\/skaitytaknyga.lt\/produktas\/fragmentai-ir-luziai-reportazas-is-vilniaus-1990-1991-metais\/\"]}]},{\"@type\":\"ImageObject\",\"inLanguage\":\"en-GB\",\"@id\":\"https:\/\/skaitytaknyga.lt\/produktas\/fragmentai-ir-luziai-reportazas-is-vilniaus-1990-1991-metais\/#primaryimage\",\"url\":\"https:\/\/skaitytaknyga.lt\/wp-content\/uploads\/2025\/12\/Fragmentai-ir-luziai-reportazas-is-Vilniaus-1990\u20131991-metais-1.webp\",\"contentUrl\":\"https:\/\/skaitytaknyga.lt\/wp-content\/uploads\/2025\/12\/Fragmentai-ir-luziai-reportazas-is-Vilniaus-1990\u20131991-metais-1.webp\",\"width\":300,\"height\":464,\"caption\":\"Fragmentai ir l\u016b\u017eiai: reporta\u017eas i\u0161 Vilniaus 1990\u20131991 metais\"},{\"@type\":\"BreadcrumbList\",\"@id\":\"https:\/\/skaitytaknyga.lt\/produktas\/fragmentai-ir-luziai-reportazas-is-vilniaus-1990-1991-metais\/#breadcrumb\",\"itemListElement\":[{\"@type\":\"ListItem\",\"position\":1,\"name\":\"Home\",\"item\":\"https:\/\/skaitytaknyga.lt\/\"},{\"@type\":\"ListItem\",\"position\":2,\"name\":\"Parduotuv\u0117\",\"item\":\"https:\/\/skaitytaknyga.lt\/knygu-parduotuve\/\"},{\"@type\":\"ListItem\",\"position\":3,\"name\":\"Fragmentai ir l\u016b\u017eiai: reporta\u017eas i\u0161 Vilniaus 1990\u20131991 metais\"}]},{\"@type\":\"WebSite\",\"@id\":\"https:\/\/skaitytaknyga.lt\/#website\",\"url\":\"https:\/\/skaitytaknyga.lt\/\",\"name\":\"skaitytaknyga.lt\",\"description\":\"Skaitytaknyga.lt \u2013 tai ma\u017eas \u0161eimos verslas, kuris prasid\u0117jo nuo meil\u0117s knygoms ir siekio i\u0161gelb\u0117ti knygas nuo likimo prie konteinerio. Kas vienam nereikalingas daiktas \u2013 kitam lobis, o mes esame tarpininkai, kurie padeda abiems tapti laimingesniems ???? \u017dinome kaip nelengva i\u0161gyventi ma\u017eiems verslams, tad nuo \u0161iol, \u010dia rasite ir kit\u0173, ma\u017e\u0173 \u0161eim\u0173 versl\u0173, rank\u0173 darbo, dovan\u0173 sau ir artimiesiems.\",\"publisher\":{\"@id\":\"https:\/\/skaitytaknyga.lt\/#organization\"},\"potentialAction\":[{\"@type\":\"SearchAction\",\"target\":{\"@type\":\"EntryPoint\",\"urlTemplate\":\"https:\/\/skaitytaknyga.lt\/?s={search_term_string}\"},\"query-input\":{\"@type\":\"PropertyValueSpecification\",\"valueRequired\":true,\"valueName\":\"search_term_string\"}}],\"inLanguage\":\"en-GB\"},{\"@type\":\"Organization\",\"@id\":\"https:\/\/skaitytaknyga.lt\/#organization\",\"name\":\"skaitytaknyga.lt\",\"url\":\"https:\/\/skaitytaknyga.lt\/\",\"logo\":{\"@type\":\"ImageObject\",\"inLanguage\":\"en-GB\",\"@id\":\"https:\/\/skaitytaknyga.lt\/#\/schema\/logo\/image\/\",\"url\":\"https:\/\/skaitytaknyga.lt\/wp-content\/uploads\/2024\/05\/cropped-cropped-cropped-02_00843_jt3bggkj1j3HLc7SyY6rEUpg.jpeg\",\"contentUrl\":\"https:\/\/skaitytaknyga.lt\/wp-content\/uploads\/2024\/05\/cropped-cropped-cropped-02_00843_jt3bggkj1j3HLc7SyY6rEUpg.jpeg\",\"width\":1600,\"height\":1600,\"caption\":\"skaitytaknyga.lt\"},\"image\":{\"@id\":\"https:\/\/skaitytaknyga.lt\/#\/schema\/logo\/image\/\"},\"sameAs\":[\"https:\/\/www.facebook.com\/skaitytaknyga\/\"]}]}<\/script>\n<!-- \/ Yoast SEO plugin. -->","yoast_head_json":{"title":"Fragmentai ir l\u016b\u017eiai: reporta\u017eas i\u0161 Vilniaus 1990\u20131991 metais","description":"Knyga apie unikal\u0173 Lietuvos ir pasaulio istorijos moment\u0105 \u2013 Nepriklausomyb\u0117s atk\u016brim\u0105. Autor\u0117 praleido m\u016bs\u0173 \u0161alyje labiausiai \u012ftemptus to laikotarpio","robots":{"index":"index","follow":"follow","max-snippet":"max-snippet:-1","max-image-preview":"max-image-preview:large","max-video-preview":"max-video-preview:-1"},"canonical":"https:\/\/skaitytaknyga.lt\/en\/produktas\/fragmentai-ir-luziai-reportazas-is-vilniaus-1990-1991-metais\/","og_locale":"en_GB","og_type":"article","og_title":"[:lt]Fragmentai ir l\u016b\u017eiai: reporta\u017eas i\u0161 Vilniaus 1990\u20131991 metais[:] - Skaitytaknyga","og_description":"Knyga apie unikal\u0173 Lietuvos ir pasaulio istorijos moment\u0105 \u2013 Nepriklausomyb\u0117s atk\u016brim\u0105. Autor\u0117 praleido m\u016bs\u0173 \u0161alyje labiausiai \u012ftemptus to laikotarpio","og_url":"https:\/\/skaitytaknyga.lt\/en\/produktas\/fragmentai-ir-luziai-reportazas-is-vilniaus-1990-1991-metais\/","og_site_name":"Skaitytaknyga","article_publisher":"https:\/\/www.facebook.com\/skaitytaknyga\/","article_modified_time":"2026-03-18T12:59:40+00:00","og_image":[{"width":300,"height":464,"url":"https:\/\/skaitytaknyga.lt\/wp-content\/uploads\/2025\/12\/Fragmentai-ir-luziai-reportazas-is-Vilniaus-1990\u20131991-metais-1.webp","type":"image\/webp"}],"twitter_card":"summary_large_image","twitter_misc":{"Estimated reading time":"1 minute"},"schema":{"@context":"https:\/\/schema.org","@graph":[{"@type":"WebPage","@id":"https:\/\/skaitytaknyga.lt\/produktas\/fragmentai-ir-luziai-reportazas-is-vilniaus-1990-1991-metais\/","url":"https:\/\/skaitytaknyga.lt\/produktas\/fragmentai-ir-luziai-reportazas-is-vilniaus-1990-1991-metais\/","name":"Fragmentai ir l\u016b\u017eiai: reporta\u017eas i\u0161 Vilniaus 1990\u20131991 metais","isPartOf":{"@id":"https:\/\/skaitytaknyga.lt\/#website"},"primaryImageOfPage":{"@id":"https:\/\/skaitytaknyga.lt\/produktas\/fragmentai-ir-luziai-reportazas-is-vilniaus-1990-1991-metais\/#primaryimage"},"image":{"@id":"https:\/\/skaitytaknyga.lt\/produktas\/fragmentai-ir-luziai-reportazas-is-vilniaus-1990-1991-metais\/#primaryimage"},"thumbnailUrl":"https:\/\/skaitytaknyga.lt\/wp-content\/uploads\/2025\/12\/Fragmentai-ir-luziai-reportazas-is-Vilniaus-1990\u20131991-metais-1.webp","datePublished":"2025-12-20T18:10:28+00:00","dateModified":"2026-03-18T12:59:40+00:00","description":"Knyga apie unikal\u0173 Lietuvos ir pasaulio istorijos moment\u0105 \u2013 Nepriklausomyb\u0117s atk\u016brim\u0105. Autor\u0117 praleido m\u016bs\u0173 \u0161alyje labiausiai \u012ftemptus to laikotarpio","breadcrumb":{"@id":"https:\/\/skaitytaknyga.lt\/produktas\/fragmentai-ir-luziai-reportazas-is-vilniaus-1990-1991-metais\/#breadcrumb"},"inLanguage":"en-GB","potentialAction":[{"@type":"ReadAction","target":["https:\/\/skaitytaknyga.lt\/produktas\/fragmentai-ir-luziai-reportazas-is-vilniaus-1990-1991-metais\/"]}]},{"@type":"ImageObject","inLanguage":"en-GB","@id":"https:\/\/skaitytaknyga.lt\/produktas\/fragmentai-ir-luziai-reportazas-is-vilniaus-1990-1991-metais\/#primaryimage","url":"https:\/\/skaitytaknyga.lt\/wp-content\/uploads\/2025\/12\/Fragmentai-ir-luziai-reportazas-is-Vilniaus-1990\u20131991-metais-1.webp","contentUrl":"https:\/\/skaitytaknyga.lt\/wp-content\/uploads\/2025\/12\/Fragmentai-ir-luziai-reportazas-is-Vilniaus-1990\u20131991-metais-1.webp","width":300,"height":464,"caption":"Fragmentai ir l\u016b\u017eiai: reporta\u017eas i\u0161 Vilniaus 1990\u20131991 metais"},{"@type":"BreadcrumbList","@id":"https:\/\/skaitytaknyga.lt\/produktas\/fragmentai-ir-luziai-reportazas-is-vilniaus-1990-1991-metais\/#breadcrumb","itemListElement":[{"@type":"ListItem","position":1,"name":"Home","item":"https:\/\/skaitytaknyga.lt\/"},{"@type":"ListItem","position":2,"name":"Parduotuv\u0117","item":"https:\/\/skaitytaknyga.lt\/knygu-parduotuve\/"},{"@type":"ListItem","position":3,"name":"Fragmentai ir l\u016b\u017eiai: reporta\u017eas i\u0161 Vilniaus 1990\u20131991 metais"}]},{"@type":"WebSite","@id":"https:\/\/skaitytaknyga.lt\/#website","url":"https:\/\/skaitytaknyga.lt\/","name":"skaitytaknyga.lt","description":"Skaitytaknyga.lt \u2013 tai ma\u017eas \u0161eimos verslas, kuris prasid\u0117jo nuo meil\u0117s knygoms ir siekio i\u0161gelb\u0117ti knygas nuo likimo prie konteinerio. Kas vienam nereikalingas daiktas \u2013 kitam lobis, o mes esame tarpininkai, kurie padeda abiems tapti laimingesniems ???? \u017dinome kaip nelengva i\u0161gyventi ma\u017eiems verslams, tad nuo \u0161iol, \u010dia rasite ir kit\u0173, ma\u017e\u0173 \u0161eim\u0173 versl\u0173, rank\u0173 darbo, dovan\u0173 sau ir artimiesiems.","publisher":{"@id":"https:\/\/skaitytaknyga.lt\/#organization"},"potentialAction":[{"@type":"SearchAction","target":{"@type":"EntryPoint","urlTemplate":"https:\/\/skaitytaknyga.lt\/?s={search_term_string}"},"query-input":{"@type":"PropertyValueSpecification","valueRequired":true,"valueName":"search_term_string"}}],"inLanguage":"en-GB"},{"@type":"Organization","@id":"https:\/\/skaitytaknyga.lt\/#organization","name":"skaitytaknyga.lt","url":"https:\/\/skaitytaknyga.lt\/","logo":{"@type":"ImageObject","inLanguage":"en-GB","@id":"https:\/\/skaitytaknyga.lt\/#\/schema\/logo\/image\/","url":"https:\/\/skaitytaknyga.lt\/wp-content\/uploads\/2024\/05\/cropped-cropped-cropped-02_00843_jt3bggkj1j3HLc7SyY6rEUpg.jpeg","contentUrl":"https:\/\/skaitytaknyga.lt\/wp-content\/uploads\/2024\/05\/cropped-cropped-cropped-02_00843_jt3bggkj1j3HLc7SyY6rEUpg.jpeg","width":1600,"height":1600,"caption":"skaitytaknyga.lt"},"image":{"@id":"https:\/\/skaitytaknyga.lt\/#\/schema\/logo\/image\/"},"sameAs":["https:\/\/www.facebook.com\/skaitytaknyga\/"]}]}},"_links":{"self":[{"href":"https:\/\/skaitytaknyga.lt\/en\/wp-json\/wp\/v2\/product\/22402","targetHints":{"allow":["GET"]}}],"collection":[{"href":"https:\/\/skaitytaknyga.lt\/en\/wp-json\/wp\/v2\/product"}],"about":[{"href":"https:\/\/skaitytaknyga.lt\/en\/wp-json\/wp\/v2\/types\/product"}],"replies":[{"embeddable":true,"href":"https:\/\/skaitytaknyga.lt\/en\/wp-json\/wp\/v2\/comments?post=22402"}],"wp:featuredmedia":[{"embeddable":true,"href":"https:\/\/skaitytaknyga.lt\/en\/wp-json\/wp\/v2\/media\/22407"}],"wp:attachment":[{"href":"https:\/\/skaitytaknyga.lt\/en\/wp-json\/wp\/v2\/media?parent=22402"}],"wp:term":[{"taxonomy":"product_brand","embeddable":true,"href":"https:\/\/skaitytaknyga.lt\/en\/wp-json\/wp\/v2\/product_brand?post=22402"},{"taxonomy":"product_cat","embeddable":true,"href":"https:\/\/skaitytaknyga.lt\/en\/wp-json\/wp\/v2\/product_cat?post=22402"},{"taxonomy":"product_tag","embeddable":true,"href":"https:\/\/skaitytaknyga.lt\/en\/wp-json\/wp\/v2\/product_tag?post=22402"}],"curies":[{"name":"wp","href":"https:\/\/api.w.org\/{rel}","templated":true}]}}