{"id":22401,"date":"2025-12-20T20:10:28","date_gmt":"2025-12-20T18:10:28","guid":{"rendered":"https:\/\/skaitytaknyga.lt\/?post_type=product&#038;p=22401"},"modified":"2026-03-18T14:59:40","modified_gmt":"2026-03-18T12:59:40","slug":"pazadetoji-zeme-lietuvacd","status":"publish","type":"product","link":"https:\/\/skaitytaknyga.lt\/en\/produktas\/pazadetoji-zeme-lietuvacd\/","title":{"rendered":"Pa\u017ead\u0117toji \u017eem\u0117-Lietuva+CD"},"content":{"rendered":"<p>\u0160is leidinys atskleid\u017eia Lietuvos \u017eyd\u0173, dalyvavusi\u0173 kuriant valstyb\u0119 1918-1940 m., istorij\u0105. Lietuvos \u017eyd\u0173 bendruomen\u0117 atsidavusiai prisid\u0117jo \u0161iame procese, po caro vald\u017eios suvar\u017eym\u0173 \u012f\u017evelgdama galimyb\u0119 gyventi laisvoje respublikoje. Nauj\u0105 valstyb\u0119 fronte gyn\u0117 \u017eydai-savanoriai. Jos pamatus stiprino \u017eydai-politikai, \u017eydai-verslininkai, \u017eydai-teisininkai, \u017eydai-gydytojai. Jie stat\u0117 Lietuvos valstyb\u0119. Atskirus faktus sud\u0117jus \u012f vien\u0105 viet\u0105, \u012f knyg\u0105 \u201ePa\u017ead\u0117toji \u017eem\u0117 &#8211; Lietuva&#8221;, atsiveria stulbinanti \u0161i\u0173 pastang\u0173 visuma.<\/p>\n<p>\u201e\u017dmon\u0117s, apie kuriuos kalbama \u0161ioje knygoje, yra nusipeln\u0119, kad prie j\u0173 kap\u0173 atne\u0161t\u0173 g\u0117li\u0173. Jeigu n\u0117ra kit\u0173, noriu, kad nors \u0161i knyga b\u016bt\u0173 paminklu jiems. Paminklu tiems, kurie jau turi paminklus ir tiems, kurie j\u0173 neturi. [&#8230;] Ne\u017einojimas &#8211; n\u0117ra pasiteisinimas. Juk pagalvoji &#8211; k\u0105 jaut\u0117 tie \u017eudikai, kurie prie Paneri\u0173 duob\u0117s stat\u0117 \u0160iauli\u0173 viceburmistr\u0105 Samuel\u012f Petuchausk\u0105, kai Pivonijos mi\u0161ke prie Ukmerg\u0117s \u0161aud\u0117 \u0161irvinti\u0161k\u0119 Lib\u0105 Mednikien\u0119, apdovanot\u0105 Vyties Kry\u017eiumi u\u017e pagalb\u0105 m\u016bs\u0173 \u017evalgybai, kai IX forte taik\u0117 \u012f Isak\u0105 Anolik\u0105, u\u017e Lietuv\u0105 mynus\u012f dvirat\u012f Pary\u017eiaus ir Amsterdamo olimpiadose? Galb\u016bt m\u016bs\u0173 istorijoje per daug kraujo, o paskui veidmaini\u0161k\u0173 raud\u0173. Gal geriau prisiminkime tos i\u0161\u017eudytos kartos darbus. Jeigu b\u016b\u010diau u\u017esimoj\u0119s vienas \u012fvertinti \u017eyd\u0173 ind\u0117l\u012f \u012f Lietuvos valstyb\u0117s k\u016brim\u0105, tap\u010diau apgaviku. Tai mil\u017eini\u0161kos apimties tri\u016bsas, institut\u0173 darbas. Geriau pasikvie\u010diau kolegas &#8211; istorikus, muziejininkus, \u017eurnalistus i\u0161 vis\u0173 Lietuvos pakra\u0161\u010di\u0173 sud\u0117ti tuos mozaikos gabal\u0117lius, kad nors pajustume t\u0105 mil\u017eini\u0161k\u0105 neb\u016btin nu\u0117jusi\u0173 \u017eyd\u0173 kilm\u0117s Lietuvos pilie\u010di\u0173 darb\u0173 visum\u0105. \u0160ioje knygoje daug kas liko nepamin\u0117ti. Istorijos ra\u0161ymas &#8211; Sizifo darbas.&#8221; &#8211; autorius Vilius Kavaliauskas.<\/p>\n<p>Vilius Kavaliauskas (g. 1951) \u2013 lietuvi\u0173 \u017eurnalistas, istorijos tyrin\u0117tojas. Nuo 2016 m. &#8211; Vy\u010dio paramos fondo vicepirmininkas. Inicijavo ir pastatydino \u201eLaisv\u0117s kario&#8221; skulpt\u016br\u0105 Kaune, \u017dygimanto Augusto ir Bernardo Brazd\u017eionio paminklus Pasvalyje. Valdov\u0173 r\u016bm\u0173 muziejaus tarybos garb\u0117s narys. Sukaup\u0119s verting\u0105 Baltijos \u0161ali\u0173 valstybini\u0173 apdovanojim\u0173 kolekcij\u0105, sureng\u0117 jos parodas Danijoje, Belgijoje, Ispanijoje, Rusijoje, Lenkijoje ir kitose u\u017esienio \u0161alyse.<\/p>\n","protected":false},"excerpt":{"rendered":"<p>\u0160is leidinys atskleid\u017eia Lietuvos \u017eyd\u0173, dalyvavusi\u0173 kuriant valstyb\u0119 1918-1940 m., istorij\u0105. Lietuvos \u017eyd\u0173 bendruomen\u0117 atsidavusiai prisid\u0117jo \u0161iame procese, po caro vald\u017eios suvar\u017eym\u0173 \u012f\u017evelgdama galimyb\u0119 gyventi laisvoje respublikoje. Nauj\u0105 valstyb\u0119 fronte gyn\u0117 \u017eydai-savanoriai. Jos pamatus stiprino \u017eydai-politikai, \u017eydai-verslininkai, \u017eydai-teisininkai, \u017eydai-gydytojai. Jie stat\u0117 Lietuvos valstyb\u0119. Atskirus faktus sud\u0117jus \u012f vien\u0105 viet\u0105, \u012f knyg\u0105 \u201ePa\u017ead\u0117toji \u017eem\u0117 &#8211; Lietuva&#8221;, atsiveria stulbinanti \u0161i\u0173 pastang\u0173 visuma. \u201e\u017dmon\u0117s, apie kuriuos kalbama \u0161ioje knygoje, yra nusipeln\u0119, kad prie j\u0173 kap\u0173 atne\u0161t\u0173 g\u0117li\u0173. Jeigu n\u0117ra kit\u0173, noriu, kad nors \u0161i knyga b\u016bt\u0173 paminklu jiems. Paminklu tiems, kurie jau turi paminklus ir tiems, kurie j\u0173 neturi. [&#8230;] Ne\u017einojimas &#8211; n\u0117ra pasiteisinimas. Juk pagalvoji &#8211; k\u0105 jaut\u0117 tie \u017eudikai, kurie prie Paneri\u0173 duob\u0117s stat\u0117 \u0160iauli\u0173 viceburmistr\u0105 Samuel\u012f Petuchausk\u0105, kai Pivonijos mi\u0161ke prie Ukmerg\u0117s \u0161aud\u0117 \u0161irvinti\u0161k\u0119 Lib\u0105 Mednikien\u0119, apdovanot\u0105 Vyties Kry\u017eiumi u\u017e pagalb\u0105 m\u016bs\u0173 \u017evalgybai, kai IX forte taik\u0117 \u012f Isak\u0105 Anolik\u0105, u\u017e Lietuv\u0105 mynus\u012f dvirat\u012f Pary\u017eiaus ir Amsterdamo olimpiadose? Galb\u016bt m\u016bs\u0173 istorijoje per daug kraujo, o paskui veidmaini\u0161k\u0173 raud\u0173. Gal geriau prisiminkime tos i\u0161\u017eudytos kartos darbus. Jeigu b\u016b\u010diau u\u017esimoj\u0119s vienas \u012fvertinti \u017eyd\u0173 ind\u0117l\u012f \u012f Lietuvos valstyb\u0117s k\u016brim\u0105, tap\u010diau apgaviku. Tai mil\u017eini\u0161kos apimties tri\u016bsas, institut\u0173 darbas. Geriau pasikvie\u010diau kolegas &#8211; istorikus, muziejininkus, \u017eurnalistus i\u0161 vis\u0173 Lietuvos pakra\u0161\u010di\u0173 sud\u0117ti tuos mozaikos gabal\u0117lius, kad nors pajustume t\u0105 mil\u017eini\u0161k\u0105 neb\u016btin nu\u0117jusi\u0173 \u017eyd\u0173 kilm\u0117s Lietuvos pilie\u010di\u0173 darb\u0173 visum\u0105. \u0160ioje knygoje daug kas liko nepamin\u0117ti. Istorijos ra\u0161ymas &#8211; Sizifo darbas.&#8221; &#8211; autorius Vilius Kavaliauskas. Vilius Kavaliauskas (g. 1951) \u2013 lietuvi\u0173 \u017eurnalistas, istorijos tyrin\u0117tojas. Nuo 2016 m. &#8211; Vy\u010dio paramos fondo vicepirmininkas. Inicijavo ir pastatydino \u201eLaisv\u0117s kario&#8221; skulpt\u016br\u0105 Kaune, \u017dygimanto Augusto ir Bernardo Brazd\u017eionio paminklus Pasvalyje. Valdov\u0173 r\u016bm\u0173 muziejaus tarybos garb\u0117s narys. Sukaup\u0119s verting\u0105 Baltijos \u0161ali\u0173 valstybini\u0173 apdovanojim\u0173 kolekcij\u0105, sureng\u0117 jos parodas Danijoje, Belgijoje, Ispanijoje, Rusijoje, Lenkijoje ir kitose u\u017esienio \u0161alyse.<\/p>\n","protected":false},"featured_media":22406,"comment_status":"open","ping_status":"closed","template":"","meta":{"_acf_changed":false,"site-sidebar-layout":"default","site-content-layout":"","ast-site-content-layout":"default","site-content-style":"default","site-sidebar-style":"default","ast-global-header-display":"","ast-banner-title-visibility":"","ast-main-header-display":"","ast-hfb-above-header-display":"","ast-hfb-below-header-display":"","ast-hfb-mobile-header-display":"","site-post-title":"","ast-breadcrumbs-content":"","ast-featured-img":"","footer-sml-layout":"","ast-disable-related-posts":"","theme-transparent-header-meta":"","adv-header-id-meta":"","stick-header-meta":"","header-above-stick-meta":"","header-main-stick-meta":"","header-below-stick-meta":"","astra-migrate-meta-layouts":"default","ast-page-background-enabled":"default","ast-page-background-meta":{"desktop":{"background-color":"","background-image":"","background-repeat":"repeat","background-position":"center center","background-size":"auto","background-attachment":"scroll","background-type":"","background-media":"","overlay-type":"","overlay-color":"","overlay-opacity":"","overlay-gradient":""},"tablet":{"background-color":"","background-image":"","background-repeat":"repeat","background-position":"center center","background-size":"auto","background-attachment":"scroll","background-type":"","background-media":"","overlay-type":"","overlay-color":"","overlay-opacity":"","overlay-gradient":""},"mobile":{"background-color":"","background-image":"","background-repeat":"repeat","background-position":"center center","background-size":"auto","background-attachment":"scroll","background-type":"","background-media":"","overlay-type":"","overlay-color":"","overlay-opacity":"","overlay-gradient":""}},"ast-content-background-meta":{"desktop":{"background-color":"var(--ast-global-color-4)","background-image":"","background-repeat":"repeat","background-position":"center center","background-size":"auto","background-attachment":"scroll","background-type":"","background-media":"","overlay-type":"","overlay-color":"","overlay-opacity":"","overlay-gradient":""},"tablet":{"background-color":"var(--ast-global-color-4)","background-image":"","background-repeat":"repeat","background-position":"center center","background-size":"auto","background-attachment":"scroll","background-type":"","background-media":"","overlay-type":"","overlay-color":"","overlay-opacity":"","overlay-gradient":""},"mobile":{"background-color":"var(--ast-global-color-4)","background-image":"","background-repeat":"repeat","background-position":"center center","background-size":"auto","background-attachment":"scroll","background-type":"","background-media":"","overlay-type":"","overlay-color":"","overlay-opacity":"","overlay-gradient":""}}},"product_brand":[],"product_cat":[9862,174],"product_tag":[],"class_list":{"0":"post-22401","1":"product","2":"type-product","3":"status-publish","4":"has-post-thumbnail","6":"product_cat-lietuvos-istorija","7":"product_cat-istorija-ir-politologija","8":"desktop-align-left","9":"tablet-align-left","10":"mobile-align-left","12":"first","13":"instock","14":"shipping-taxable","15":"purchasable","16":"product-type-simple"},"acf":[],"yoast_head":"<!-- This site is optimized with the Yoast SEO plugin v27.0 - https:\/\/yoast.com\/product\/yoast-seo-wordpress\/ -->\n<title>Pa\u017ead\u0117toji \u017eem\u0117-Lietuva+CD<\/title>\n<meta name=\"description\" content=\"\u0160is leidinys atskleid\u017eia Lietuvos \u017eyd\u0173, dalyvavusi\u0173 kuriant valstyb\u0119 1918-1940 m., istorij\u0105. Lietuvos \u017eyd\u0173 bendruomen\u0117 atsidavusiai prisid\u0117jo \u0161iame\" \/>\n<meta name=\"robots\" content=\"index, follow, max-snippet:-1, max-image-preview:large, max-video-preview:-1\" \/>\n<link rel=\"canonical\" href=\"https:\/\/skaitytaknyga.lt\/en\/produktas\/pazadetoji-zeme-lietuvacd\/\" \/>\n<meta property=\"og:locale\" content=\"en_GB\" \/>\n<meta property=\"og:locale:alternate\" content=\"lt_LT\" \/>\n<meta property=\"og:type\" content=\"article\" \/>\n<meta property=\"og:title\" content=\"Pa\u017ead\u0117toji \u017eem\u0117-Lietuva+CD\" \/>\n<meta property=\"og:description\" content=\"\u0160is leidinys atskleid\u017eia Lietuvos \u017eyd\u0173, dalyvavusi\u0173 kuriant valstyb\u0119 1918-1940 m., istorij\u0105. Lietuvos \u017eyd\u0173 bendruomen\u0117 atsidavusiai prisid\u0117jo \u0161iame\" \/>\n<meta property=\"og:url\" content=\"https:\/\/skaitytaknyga.lt\/en\/produktas\/pazadetoji-zeme-lietuvacd\/\" \/>\n<meta property=\"og:site_name\" content=\"Skaitytaknyga\" \/>\n<meta property=\"article:publisher\" content=\"https:\/\/www.facebook.com\/skaitytaknyga\/\" \/>\n<meta property=\"article:modified_time\" content=\"2026-03-18T12:59:40+00:00\" \/>\n<meta property=\"og:image\" content=\"https:\/\/skaitytaknyga.lt\/wp-content\/uploads\/2025\/12\/Zydu-kariu-sajunga.webp\" \/>\n\t<meta property=\"og:image:width\" content=\"373\" \/>\n\t<meta property=\"og:image:height\" content=\"531\" \/>\n\t<meta property=\"og:image:type\" content=\"image\/webp\" \/>\n<meta name=\"twitter:card\" content=\"summary_large_image\" \/>\n<meta name=\"twitter:label1\" content=\"Estimated reading time\" \/>\n\t<meta name=\"twitter:data1\" content=\"2 minutes\" \/>\n<script type=\"application\/ld+json\" class=\"yoast-schema-graph\">{\"@context\":\"https:\/\/schema.org\",\"@graph\":[{\"@type\":\"WebPage\",\"@id\":\"https:\/\/skaitytaknyga.lt\/produktas\/pazadetoji-zeme-lietuvacd\/\",\"url\":\"https:\/\/skaitytaknyga.lt\/produktas\/pazadetoji-zeme-lietuvacd\/\",\"name\":\"Pa\u017ead\u0117toji \u017eem\u0117-Lietuva+CD\",\"isPartOf\":{\"@id\":\"https:\/\/skaitytaknyga.lt\/#website\"},\"primaryImageOfPage\":{\"@id\":\"https:\/\/skaitytaknyga.lt\/produktas\/pazadetoji-zeme-lietuvacd\/#primaryimage\"},\"image\":{\"@id\":\"https:\/\/skaitytaknyga.lt\/produktas\/pazadetoji-zeme-lietuvacd\/#primaryimage\"},\"thumbnailUrl\":\"https:\/\/skaitytaknyga.lt\/wp-content\/uploads\/2025\/12\/Zydu-kariu-sajunga.webp\",\"datePublished\":\"2025-12-20T18:10:28+00:00\",\"dateModified\":\"2026-03-18T12:59:40+00:00\",\"description\":\"\u0160is leidinys atskleid\u017eia Lietuvos \u017eyd\u0173, dalyvavusi\u0173 kuriant valstyb\u0119 1918-1940 m., istorij\u0105. Lietuvos \u017eyd\u0173 bendruomen\u0117 atsidavusiai prisid\u0117jo \u0161iame\",\"breadcrumb\":{\"@id\":\"https:\/\/skaitytaknyga.lt\/produktas\/pazadetoji-zeme-lietuvacd\/#breadcrumb\"},\"inLanguage\":\"en-GB\",\"potentialAction\":[{\"@type\":\"ReadAction\",\"target\":[\"https:\/\/skaitytaknyga.lt\/produktas\/pazadetoji-zeme-lietuvacd\/\"]}]},{\"@type\":\"ImageObject\",\"inLanguage\":\"en-GB\",\"@id\":\"https:\/\/skaitytaknyga.lt\/produktas\/pazadetoji-zeme-lietuvacd\/#primaryimage\",\"url\":\"https:\/\/skaitytaknyga.lt\/wp-content\/uploads\/2025\/12\/Zydu-kariu-sajunga.webp\",\"contentUrl\":\"https:\/\/skaitytaknyga.lt\/wp-content\/uploads\/2025\/12\/Zydu-kariu-sajunga.webp\",\"width\":373,\"height\":531,\"caption\":\"Pa\u017ead\u0117toji \u017eem\u0117-Lietuva+CD\"},{\"@type\":\"BreadcrumbList\",\"@id\":\"https:\/\/skaitytaknyga.lt\/produktas\/pazadetoji-zeme-lietuvacd\/#breadcrumb\",\"itemListElement\":[{\"@type\":\"ListItem\",\"position\":1,\"name\":\"Home\",\"item\":\"https:\/\/skaitytaknyga.lt\/\"},{\"@type\":\"ListItem\",\"position\":2,\"name\":\"Parduotuv\u0117\",\"item\":\"https:\/\/skaitytaknyga.lt\/knygu-parduotuve\/\"},{\"@type\":\"ListItem\",\"position\":3,\"name\":\"Pa\u017ead\u0117toji \u017eem\u0117-Lietuva+CD\"}]},{\"@type\":\"WebSite\",\"@id\":\"https:\/\/skaitytaknyga.lt\/#website\",\"url\":\"https:\/\/skaitytaknyga.lt\/\",\"name\":\"skaitytaknyga.lt\",\"description\":\"Skaitytaknyga.lt \u2013 tai ma\u017eas \u0161eimos verslas, kuris prasid\u0117jo nuo meil\u0117s knygoms ir siekio i\u0161gelb\u0117ti knygas nuo likimo prie konteinerio. Kas vienam nereikalingas daiktas \u2013 kitam lobis, o mes esame tarpininkai, kurie padeda abiems tapti laimingesniems ???? \u017dinome kaip nelengva i\u0161gyventi ma\u017eiems verslams, tad nuo \u0161iol, \u010dia rasite ir kit\u0173, ma\u017e\u0173 \u0161eim\u0173 versl\u0173, rank\u0173 darbo, dovan\u0173 sau ir artimiesiems.\",\"publisher\":{\"@id\":\"https:\/\/skaitytaknyga.lt\/#organization\"},\"potentialAction\":[{\"@type\":\"SearchAction\",\"target\":{\"@type\":\"EntryPoint\",\"urlTemplate\":\"https:\/\/skaitytaknyga.lt\/?s={search_term_string}\"},\"query-input\":{\"@type\":\"PropertyValueSpecification\",\"valueRequired\":true,\"valueName\":\"search_term_string\"}}],\"inLanguage\":\"en-GB\"},{\"@type\":\"Organization\",\"@id\":\"https:\/\/skaitytaknyga.lt\/#organization\",\"name\":\"skaitytaknyga.lt\",\"url\":\"https:\/\/skaitytaknyga.lt\/\",\"logo\":{\"@type\":\"ImageObject\",\"inLanguage\":\"en-GB\",\"@id\":\"https:\/\/skaitytaknyga.lt\/#\/schema\/logo\/image\/\",\"url\":\"https:\/\/skaitytaknyga.lt\/wp-content\/uploads\/2024\/05\/cropped-cropped-cropped-02_00843_jt3bggkj1j3HLc7SyY6rEUpg.jpeg\",\"contentUrl\":\"https:\/\/skaitytaknyga.lt\/wp-content\/uploads\/2024\/05\/cropped-cropped-cropped-02_00843_jt3bggkj1j3HLc7SyY6rEUpg.jpeg\",\"width\":1600,\"height\":1600,\"caption\":\"skaitytaknyga.lt\"},\"image\":{\"@id\":\"https:\/\/skaitytaknyga.lt\/#\/schema\/logo\/image\/\"},\"sameAs\":[\"https:\/\/www.facebook.com\/skaitytaknyga\/\"]}]}<\/script>\n<!-- \/ Yoast SEO plugin. -->","yoast_head_json":{"title":"Pa\u017ead\u0117toji \u017eem\u0117-Lietuva+CD","description":"\u0160is leidinys atskleid\u017eia Lietuvos \u017eyd\u0173, dalyvavusi\u0173 kuriant valstyb\u0119 1918-1940 m., istorij\u0105. Lietuvos \u017eyd\u0173 bendruomen\u0117 atsidavusiai prisid\u0117jo \u0161iame","robots":{"index":"index","follow":"follow","max-snippet":"max-snippet:-1","max-image-preview":"max-image-preview:large","max-video-preview":"max-video-preview:-1"},"canonical":"https:\/\/skaitytaknyga.lt\/en\/produktas\/pazadetoji-zeme-lietuvacd\/","og_locale":"en_GB","og_type":"article","og_title":"[:lt]Pa\u017ead\u0117toji \u017eem\u0117-Lietuva+CD[:] - Skaitytaknyga","og_description":"\u0160is leidinys atskleid\u017eia Lietuvos \u017eyd\u0173, dalyvavusi\u0173 kuriant valstyb\u0119 1918-1940 m., istorij\u0105. Lietuvos \u017eyd\u0173 bendruomen\u0117 atsidavusiai prisid\u0117jo \u0161iame","og_url":"https:\/\/skaitytaknyga.lt\/en\/produktas\/pazadetoji-zeme-lietuvacd\/","og_site_name":"Skaitytaknyga","article_publisher":"https:\/\/www.facebook.com\/skaitytaknyga\/","article_modified_time":"2026-03-18T12:59:40+00:00","og_image":[{"width":373,"height":531,"url":"https:\/\/skaitytaknyga.lt\/wp-content\/uploads\/2025\/12\/Zydu-kariu-sajunga.webp","type":"image\/webp"}],"twitter_card":"summary_large_image","twitter_misc":{"Estimated reading time":"2 minutes"},"schema":{"@context":"https:\/\/schema.org","@graph":[{"@type":"WebPage","@id":"https:\/\/skaitytaknyga.lt\/produktas\/pazadetoji-zeme-lietuvacd\/","url":"https:\/\/skaitytaknyga.lt\/produktas\/pazadetoji-zeme-lietuvacd\/","name":"Pa\u017ead\u0117toji \u017eem\u0117-Lietuva+CD","isPartOf":{"@id":"https:\/\/skaitytaknyga.lt\/#website"},"primaryImageOfPage":{"@id":"https:\/\/skaitytaknyga.lt\/produktas\/pazadetoji-zeme-lietuvacd\/#primaryimage"},"image":{"@id":"https:\/\/skaitytaknyga.lt\/produktas\/pazadetoji-zeme-lietuvacd\/#primaryimage"},"thumbnailUrl":"https:\/\/skaitytaknyga.lt\/wp-content\/uploads\/2025\/12\/Zydu-kariu-sajunga.webp","datePublished":"2025-12-20T18:10:28+00:00","dateModified":"2026-03-18T12:59:40+00:00","description":"\u0160is leidinys atskleid\u017eia Lietuvos \u017eyd\u0173, dalyvavusi\u0173 kuriant valstyb\u0119 1918-1940 m., istorij\u0105. Lietuvos \u017eyd\u0173 bendruomen\u0117 atsidavusiai prisid\u0117jo \u0161iame","breadcrumb":{"@id":"https:\/\/skaitytaknyga.lt\/produktas\/pazadetoji-zeme-lietuvacd\/#breadcrumb"},"inLanguage":"en-GB","potentialAction":[{"@type":"ReadAction","target":["https:\/\/skaitytaknyga.lt\/produktas\/pazadetoji-zeme-lietuvacd\/"]}]},{"@type":"ImageObject","inLanguage":"en-GB","@id":"https:\/\/skaitytaknyga.lt\/produktas\/pazadetoji-zeme-lietuvacd\/#primaryimage","url":"https:\/\/skaitytaknyga.lt\/wp-content\/uploads\/2025\/12\/Zydu-kariu-sajunga.webp","contentUrl":"https:\/\/skaitytaknyga.lt\/wp-content\/uploads\/2025\/12\/Zydu-kariu-sajunga.webp","width":373,"height":531,"caption":"Pa\u017ead\u0117toji \u017eem\u0117-Lietuva+CD"},{"@type":"BreadcrumbList","@id":"https:\/\/skaitytaknyga.lt\/produktas\/pazadetoji-zeme-lietuvacd\/#breadcrumb","itemListElement":[{"@type":"ListItem","position":1,"name":"Home","item":"https:\/\/skaitytaknyga.lt\/"},{"@type":"ListItem","position":2,"name":"Parduotuv\u0117","item":"https:\/\/skaitytaknyga.lt\/knygu-parduotuve\/"},{"@type":"ListItem","position":3,"name":"Pa\u017ead\u0117toji \u017eem\u0117-Lietuva+CD"}]},{"@type":"WebSite","@id":"https:\/\/skaitytaknyga.lt\/#website","url":"https:\/\/skaitytaknyga.lt\/","name":"skaitytaknyga.lt","description":"Skaitytaknyga.lt \u2013 tai ma\u017eas \u0161eimos verslas, kuris prasid\u0117jo nuo meil\u0117s knygoms ir siekio i\u0161gelb\u0117ti knygas nuo likimo prie konteinerio. Kas vienam nereikalingas daiktas \u2013 kitam lobis, o mes esame tarpininkai, kurie padeda abiems tapti laimingesniems ???? \u017dinome kaip nelengva i\u0161gyventi ma\u017eiems verslams, tad nuo \u0161iol, \u010dia rasite ir kit\u0173, ma\u017e\u0173 \u0161eim\u0173 versl\u0173, rank\u0173 darbo, dovan\u0173 sau ir artimiesiems.","publisher":{"@id":"https:\/\/skaitytaknyga.lt\/#organization"},"potentialAction":[{"@type":"SearchAction","target":{"@type":"EntryPoint","urlTemplate":"https:\/\/skaitytaknyga.lt\/?s={search_term_string}"},"query-input":{"@type":"PropertyValueSpecification","valueRequired":true,"valueName":"search_term_string"}}],"inLanguage":"en-GB"},{"@type":"Organization","@id":"https:\/\/skaitytaknyga.lt\/#organization","name":"skaitytaknyga.lt","url":"https:\/\/skaitytaknyga.lt\/","logo":{"@type":"ImageObject","inLanguage":"en-GB","@id":"https:\/\/skaitytaknyga.lt\/#\/schema\/logo\/image\/","url":"https:\/\/skaitytaknyga.lt\/wp-content\/uploads\/2024\/05\/cropped-cropped-cropped-02_00843_jt3bggkj1j3HLc7SyY6rEUpg.jpeg","contentUrl":"https:\/\/skaitytaknyga.lt\/wp-content\/uploads\/2024\/05\/cropped-cropped-cropped-02_00843_jt3bggkj1j3HLc7SyY6rEUpg.jpeg","width":1600,"height":1600,"caption":"skaitytaknyga.lt"},"image":{"@id":"https:\/\/skaitytaknyga.lt\/#\/schema\/logo\/image\/"},"sameAs":["https:\/\/www.facebook.com\/skaitytaknyga\/"]}]}},"_links":{"self":[{"href":"https:\/\/skaitytaknyga.lt\/en\/wp-json\/wp\/v2\/product\/22401","targetHints":{"allow":["GET"]}}],"collection":[{"href":"https:\/\/skaitytaknyga.lt\/en\/wp-json\/wp\/v2\/product"}],"about":[{"href":"https:\/\/skaitytaknyga.lt\/en\/wp-json\/wp\/v2\/types\/product"}],"replies":[{"embeddable":true,"href":"https:\/\/skaitytaknyga.lt\/en\/wp-json\/wp\/v2\/comments?post=22401"}],"wp:featuredmedia":[{"embeddable":true,"href":"https:\/\/skaitytaknyga.lt\/en\/wp-json\/wp\/v2\/media\/22406"}],"wp:attachment":[{"href":"https:\/\/skaitytaknyga.lt\/en\/wp-json\/wp\/v2\/media?parent=22401"}],"wp:term":[{"taxonomy":"product_brand","embeddable":true,"href":"https:\/\/skaitytaknyga.lt\/en\/wp-json\/wp\/v2\/product_brand?post=22401"},{"taxonomy":"product_cat","embeddable":true,"href":"https:\/\/skaitytaknyga.lt\/en\/wp-json\/wp\/v2\/product_cat?post=22401"},{"taxonomy":"product_tag","embeddable":true,"href":"https:\/\/skaitytaknyga.lt\/en\/wp-json\/wp\/v2\/product_tag?post=22401"}],"curies":[{"name":"wp","href":"https:\/\/api.w.org\/{rel}","templated":true}]}}