{"id":22389,"date":"2025-12-20T19:50:18","date_gmt":"2025-12-20T17:50:18","guid":{"rendered":"https:\/\/skaitytaknyga.lt\/?post_type=product&#038;p=22389"},"modified":"2026-03-18T14:59:40","modified_gmt":"2026-03-18T12:59:40","slug":"lietuva-kaip-problema","status":"publish","type":"product","link":"https:\/\/skaitytaknyga.lt\/en\/produktas\/lietuva-kaip-problema\/","title":{"rendered":"Lietuva, kaip problema"},"content":{"rendered":"<p>Alvydas Jokubaitis \u2013 Vilniaus universiteto Tarptautini\u0173 santyki\u0173 ir politikos moksl\u0173 instituto profesorius. Knyg\u0173 \u201ePostmodernizmas ir konservatizmas\u201c (1997), \u201eLiberalizmo tapatumo problemos\u201c (2003), \u201eTrys politikos aspektai: praktika, teorija, menas\u201c (2005), \u201ePolitika be vertybi\u0173\u201c (2008), \u201eVertybi\u0173 tironija ir politika\u201c (2012) autorius.<\/p>\n<p>Raimundas Lopata \u2013 Vilniaus universiteto Tarptautini\u0173 santyki\u0173 ir politikos moksl\u0173 instituto profesorius, Baltijos agroverslo instituto (ARVI \u012fmoni\u0173 grup\u0117) prezidentas, Ukrainos nacionalin\u0117s T. \u0160ev\u010denkos premijos nominantas.<\/p>\n<p>Knygoje \u201eLietuva, kaip problema\u201c nagrin\u0117jamos konkre\u010dios problemos: kas yra mokslinis politikos pa\u017einimas? Kod\u0117l Lietuvos tautin\u0117 valstyb\u0117 yra sunkiai \u012fgyvendinimas u\u017edavinys? Kuo skiriasi Lietuvos Did\u017eioji Kunigaik\u0161tyst\u0117 ir tautin\u0117 valstyb\u0117 kaip politinio gyvenimo formos? Kaip dabartin\u0117 liberalioji demokratin\u0117 valstyb\u0117 kei\u010dia istorijos ir politikos santykio supratim\u0105? Ir daugelis kit\u0173.<\/p>\n<p>\u201eLietuva, kaip problema\u201c \u2013 publicistin\u0117 knyga, besiremianti tiek Lietuvos istorija, tiek \u0161iandienin\u0117mis jos gyvenimo aktualijomis. Knyga skiriama visiems, besidomintiems Lietuvos politine istorija, \u0161iandien\u0117mis politikos aktualijomis, i\u0161kili\u0173 Lietuvos politini\u0173 veik\u0117j\u0173 veikla. Knyga suteiks verting\u0173 ir \u012fdomi\u0173 \u017eini\u0173 apie Lietuvos politines problemas, j\u0173 sprendimo b\u016bdus, i\u0161kilias asmenybes, j\u0173 biografij\u0173 ir veiklos aspektus.<\/p>\n","protected":false},"excerpt":{"rendered":"<p>Alvydas Jokubaitis \u2013 Vilniaus universiteto Tarptautini\u0173 santyki\u0173 ir politikos moksl\u0173 instituto profesorius. Knyg\u0173 \u201ePostmodernizmas ir konservatizmas\u201c (1997), \u201eLiberalizmo tapatumo problemos\u201c (2003), \u201eTrys politikos aspektai: praktika, teorija, menas\u201c (2005), \u201ePolitika be vertybi\u0173\u201c (2008), \u201eVertybi\u0173 tironija ir politika\u201c (2012) autorius. Raimundas Lopata \u2013 Vilniaus universiteto Tarptautini\u0173 santyki\u0173 ir politikos moksl\u0173 instituto profesorius, Baltijos agroverslo instituto (ARVI \u012fmoni\u0173 grup\u0117) prezidentas, Ukrainos nacionalin\u0117s T. \u0160ev\u010denkos premijos nominantas. Knygoje \u201eLietuva, kaip problema\u201c nagrin\u0117jamos konkre\u010dios problemos: kas yra mokslinis politikos pa\u017einimas? Kod\u0117l Lietuvos tautin\u0117 valstyb\u0117 yra sunkiai \u012fgyvendinimas u\u017edavinys? Kuo skiriasi Lietuvos Did\u017eioji Kunigaik\u0161tyst\u0117 ir tautin\u0117 valstyb\u0117 kaip politinio gyvenimo formos? Kaip dabartin\u0117 liberalioji demokratin\u0117 valstyb\u0117 kei\u010dia istorijos ir politikos santykio supratim\u0105? Ir daugelis kit\u0173. \u201eLietuva, kaip problema\u201c \u2013 publicistin\u0117 knyga, besiremianti tiek Lietuvos istorija, tiek \u0161iandienin\u0117mis jos gyvenimo aktualijomis. Knyga skiriama visiems, besidomintiems Lietuvos politine istorija, \u0161iandien\u0117mis politikos aktualijomis, i\u0161kili\u0173 Lietuvos politini\u0173 veik\u0117j\u0173 veikla. Knyga suteiks verting\u0173 ir \u012fdomi\u0173 \u017eini\u0173 apie Lietuvos politines problemas, j\u0173 sprendimo b\u016bdus, i\u0161kilias asmenybes, j\u0173 biografij\u0173 ir veiklos aspektus.<\/p>\n","protected":false},"featured_media":22394,"comment_status":"open","ping_status":"closed","template":"","meta":{"_acf_changed":false,"site-sidebar-layout":"default","site-content-layout":"","ast-site-content-layout":"default","site-content-style":"default","site-sidebar-style":"default","ast-global-header-display":"","ast-banner-title-visibility":"","ast-main-header-display":"","ast-hfb-above-header-display":"","ast-hfb-below-header-display":"","ast-hfb-mobile-header-display":"","site-post-title":"","ast-breadcrumbs-content":"","ast-featured-img":"","footer-sml-layout":"","ast-disable-related-posts":"","theme-transparent-header-meta":"","adv-header-id-meta":"","stick-header-meta":"","header-above-stick-meta":"","header-main-stick-meta":"","header-below-stick-meta":"","astra-migrate-meta-layouts":"default","ast-page-background-enabled":"default","ast-page-background-meta":{"desktop":{"background-color":"","background-image":"","background-repeat":"repeat","background-position":"center center","background-size":"auto","background-attachment":"scroll","background-type":"","background-media":"","overlay-type":"","overlay-color":"","overlay-opacity":"","overlay-gradient":""},"tablet":{"background-color":"","background-image":"","background-repeat":"repeat","background-position":"center center","background-size":"auto","background-attachment":"scroll","background-type":"","background-media":"","overlay-type":"","overlay-color":"","overlay-opacity":"","overlay-gradient":""},"mobile":{"background-color":"","background-image":"","background-repeat":"repeat","background-position":"center center","background-size":"auto","background-attachment":"scroll","background-type":"","background-media":"","overlay-type":"","overlay-color":"","overlay-opacity":"","overlay-gradient":""}},"ast-content-background-meta":{"desktop":{"background-color":"var(--ast-global-color-4)","background-image":"","background-repeat":"repeat","background-position":"center center","background-size":"auto","background-attachment":"scroll","background-type":"","background-media":"","overlay-type":"","overlay-color":"","overlay-opacity":"","overlay-gradient":""},"tablet":{"background-color":"var(--ast-global-color-4)","background-image":"","background-repeat":"repeat","background-position":"center center","background-size":"auto","background-attachment":"scroll","background-type":"","background-media":"","overlay-type":"","overlay-color":"","overlay-opacity":"","overlay-gradient":""},"mobile":{"background-color":"var(--ast-global-color-4)","background-image":"","background-repeat":"repeat","background-position":"center center","background-size":"auto","background-attachment":"scroll","background-type":"","background-media":"","overlay-type":"","overlay-color":"","overlay-opacity":"","overlay-gradient":""}}},"product_brand":[],"product_cat":[9862,174],"product_tag":[],"class_list":{"0":"post-22389","1":"product","2":"type-product","3":"status-publish","4":"has-post-thumbnail","6":"product_cat-lietuvos-istorija","7":"product_cat-istorija-ir-politologija","8":"desktop-align-left","9":"tablet-align-left","10":"mobile-align-left","12":"first","13":"instock","14":"shipping-taxable","15":"purchasable","16":"product-type-simple"},"acf":[],"yoast_head":"<!-- This site is optimized with the Yoast SEO plugin v27.0 - https:\/\/yoast.com\/product\/yoast-seo-wordpress\/ -->\n<title>Lietuva, kaip problema<\/title>\n<meta name=\"description\" content=\"Alvydas Jokubaitis \u2013 Vilniaus universiteto Tarptautini\u0173 santyki\u0173 ir politikos moksl\u0173 instituto profesorius. Knyg\u0173 \u201ePostmodernizmas ir konservatizmas\u201c\" \/>\n<meta name=\"robots\" content=\"index, follow, max-snippet:-1, max-image-preview:large, max-video-preview:-1\" \/>\n<link rel=\"canonical\" href=\"https:\/\/skaitytaknyga.lt\/en\/produktas\/lietuva-kaip-problema\/\" \/>\n<meta property=\"og:locale\" content=\"en_GB\" \/>\n<meta property=\"og:locale:alternate\" content=\"lt_LT\" \/>\n<meta property=\"og:type\" content=\"article\" \/>\n<meta property=\"og:title\" content=\"Lietuva, kaip problema\" \/>\n<meta property=\"og:description\" content=\"Alvydas Jokubaitis \u2013 Vilniaus universiteto Tarptautini\u0173 santyki\u0173 ir politikos moksl\u0173 instituto profesorius. Knyg\u0173 \u201ePostmodernizmas ir konservatizmas\u201c\" \/>\n<meta property=\"og:url\" content=\"https:\/\/skaitytaknyga.lt\/en\/produktas\/lietuva-kaip-problema\/\" \/>\n<meta property=\"og:site_name\" content=\"Skaitytaknyga\" \/>\n<meta property=\"article:publisher\" content=\"https:\/\/www.facebook.com\/skaitytaknyga\/\" \/>\n<meta property=\"article:modified_time\" content=\"2026-03-18T12:59:40+00:00\" \/>\n<meta property=\"og:image\" content=\"https:\/\/skaitytaknyga.lt\/wp-content\/uploads\/2025\/12\/Lietuva-kaip-problema.webp\" \/>\n\t<meta property=\"og:image:width\" content=\"300\" \/>\n\t<meta property=\"og:image:height\" content=\"450\" \/>\n\t<meta property=\"og:image:type\" content=\"image\/webp\" \/>\n<meta name=\"twitter:card\" content=\"summary_large_image\" \/>\n<meta name=\"twitter:label1\" content=\"Estimated reading time\" \/>\n\t<meta name=\"twitter:data1\" content=\"1 minute\" \/>\n<script type=\"application\/ld+json\" class=\"yoast-schema-graph\">{\"@context\":\"https:\/\/schema.org\",\"@graph\":[{\"@type\":\"WebPage\",\"@id\":\"https:\/\/skaitytaknyga.lt\/produktas\/lietuva-kaip-problema\/\",\"url\":\"https:\/\/skaitytaknyga.lt\/produktas\/lietuva-kaip-problema\/\",\"name\":\"Lietuva, kaip problema\",\"isPartOf\":{\"@id\":\"https:\/\/skaitytaknyga.lt\/#website\"},\"primaryImageOfPage\":{\"@id\":\"https:\/\/skaitytaknyga.lt\/produktas\/lietuva-kaip-problema\/#primaryimage\"},\"image\":{\"@id\":\"https:\/\/skaitytaknyga.lt\/produktas\/lietuva-kaip-problema\/#primaryimage\"},\"thumbnailUrl\":\"https:\/\/skaitytaknyga.lt\/wp-content\/uploads\/2025\/12\/Lietuva-kaip-problema.webp\",\"datePublished\":\"2025-12-20T17:50:18+00:00\",\"dateModified\":\"2026-03-18T12:59:40+00:00\",\"description\":\"Alvydas Jokubaitis \u2013 Vilniaus universiteto Tarptautini\u0173 santyki\u0173 ir politikos moksl\u0173 instituto profesorius. Knyg\u0173 \u201ePostmodernizmas ir konservatizmas\u201c\",\"breadcrumb\":{\"@id\":\"https:\/\/skaitytaknyga.lt\/produktas\/lietuva-kaip-problema\/#breadcrumb\"},\"inLanguage\":\"en-GB\",\"potentialAction\":[{\"@type\":\"ReadAction\",\"target\":[\"https:\/\/skaitytaknyga.lt\/produktas\/lietuva-kaip-problema\/\"]}]},{\"@type\":\"ImageObject\",\"inLanguage\":\"en-GB\",\"@id\":\"https:\/\/skaitytaknyga.lt\/produktas\/lietuva-kaip-problema\/#primaryimage\",\"url\":\"https:\/\/skaitytaknyga.lt\/wp-content\/uploads\/2025\/12\/Lietuva-kaip-problema.webp\",\"contentUrl\":\"https:\/\/skaitytaknyga.lt\/wp-content\/uploads\/2025\/12\/Lietuva-kaip-problema.webp\",\"width\":300,\"height\":450},{\"@type\":\"BreadcrumbList\",\"@id\":\"https:\/\/skaitytaknyga.lt\/produktas\/lietuva-kaip-problema\/#breadcrumb\",\"itemListElement\":[{\"@type\":\"ListItem\",\"position\":1,\"name\":\"Home\",\"item\":\"https:\/\/skaitytaknyga.lt\/\"},{\"@type\":\"ListItem\",\"position\":2,\"name\":\"Parduotuv\u0117\",\"item\":\"https:\/\/skaitytaknyga.lt\/knygu-parduotuve\/\"},{\"@type\":\"ListItem\",\"position\":3,\"name\":\"Lietuva, kaip problema\"}]},{\"@type\":\"WebSite\",\"@id\":\"https:\/\/skaitytaknyga.lt\/#website\",\"url\":\"https:\/\/skaitytaknyga.lt\/\",\"name\":\"skaitytaknyga.lt\",\"description\":\"Skaitytaknyga.lt \u2013 tai ma\u017eas \u0161eimos verslas, kuris prasid\u0117jo nuo meil\u0117s knygoms ir siekio i\u0161gelb\u0117ti knygas nuo likimo prie konteinerio. Kas vienam nereikalingas daiktas \u2013 kitam lobis, o mes esame tarpininkai, kurie padeda abiems tapti laimingesniems ???? \u017dinome kaip nelengva i\u0161gyventi ma\u017eiems verslams, tad nuo \u0161iol, \u010dia rasite ir kit\u0173, ma\u017e\u0173 \u0161eim\u0173 versl\u0173, rank\u0173 darbo, dovan\u0173 sau ir artimiesiems.\",\"publisher\":{\"@id\":\"https:\/\/skaitytaknyga.lt\/#organization\"},\"potentialAction\":[{\"@type\":\"SearchAction\",\"target\":{\"@type\":\"EntryPoint\",\"urlTemplate\":\"https:\/\/skaitytaknyga.lt\/?s={search_term_string}\"},\"query-input\":{\"@type\":\"PropertyValueSpecification\",\"valueRequired\":true,\"valueName\":\"search_term_string\"}}],\"inLanguage\":\"en-GB\"},{\"@type\":\"Organization\",\"@id\":\"https:\/\/skaitytaknyga.lt\/#organization\",\"name\":\"skaitytaknyga.lt\",\"url\":\"https:\/\/skaitytaknyga.lt\/\",\"logo\":{\"@type\":\"ImageObject\",\"inLanguage\":\"en-GB\",\"@id\":\"https:\/\/skaitytaknyga.lt\/#\/schema\/logo\/image\/\",\"url\":\"https:\/\/skaitytaknyga.lt\/wp-content\/uploads\/2024\/05\/cropped-cropped-cropped-02_00843_jt3bggkj1j3HLc7SyY6rEUpg.jpeg\",\"contentUrl\":\"https:\/\/skaitytaknyga.lt\/wp-content\/uploads\/2024\/05\/cropped-cropped-cropped-02_00843_jt3bggkj1j3HLc7SyY6rEUpg.jpeg\",\"width\":1600,\"height\":1600,\"caption\":\"skaitytaknyga.lt\"},\"image\":{\"@id\":\"https:\/\/skaitytaknyga.lt\/#\/schema\/logo\/image\/\"},\"sameAs\":[\"https:\/\/www.facebook.com\/skaitytaknyga\/\"]}]}<\/script>\n<!-- \/ Yoast SEO plugin. -->","yoast_head_json":{"title":"Lietuva, kaip problema","description":"Alvydas Jokubaitis \u2013 Vilniaus universiteto Tarptautini\u0173 santyki\u0173 ir politikos moksl\u0173 instituto profesorius. Knyg\u0173 \u201ePostmodernizmas ir konservatizmas\u201c","robots":{"index":"index","follow":"follow","max-snippet":"max-snippet:-1","max-image-preview":"max-image-preview:large","max-video-preview":"max-video-preview:-1"},"canonical":"https:\/\/skaitytaknyga.lt\/en\/produktas\/lietuva-kaip-problema\/","og_locale":"en_GB","og_type":"article","og_title":"[:lt]Lietuva, kaip problema[:] - Skaitytaknyga","og_description":"Alvydas Jokubaitis \u2013 Vilniaus universiteto Tarptautini\u0173 santyki\u0173 ir politikos moksl\u0173 instituto profesorius. Knyg\u0173 \u201ePostmodernizmas ir konservatizmas\u201c","og_url":"https:\/\/skaitytaknyga.lt\/en\/produktas\/lietuva-kaip-problema\/","og_site_name":"Skaitytaknyga","article_publisher":"https:\/\/www.facebook.com\/skaitytaknyga\/","article_modified_time":"2026-03-18T12:59:40+00:00","og_image":[{"width":300,"height":450,"url":"https:\/\/skaitytaknyga.lt\/wp-content\/uploads\/2025\/12\/Lietuva-kaip-problema.webp","type":"image\/webp"}],"twitter_card":"summary_large_image","twitter_misc":{"Estimated reading time":"1 minute"},"schema":{"@context":"https:\/\/schema.org","@graph":[{"@type":"WebPage","@id":"https:\/\/skaitytaknyga.lt\/produktas\/lietuva-kaip-problema\/","url":"https:\/\/skaitytaknyga.lt\/produktas\/lietuva-kaip-problema\/","name":"Lietuva, kaip problema","isPartOf":{"@id":"https:\/\/skaitytaknyga.lt\/#website"},"primaryImageOfPage":{"@id":"https:\/\/skaitytaknyga.lt\/produktas\/lietuva-kaip-problema\/#primaryimage"},"image":{"@id":"https:\/\/skaitytaknyga.lt\/produktas\/lietuva-kaip-problema\/#primaryimage"},"thumbnailUrl":"https:\/\/skaitytaknyga.lt\/wp-content\/uploads\/2025\/12\/Lietuva-kaip-problema.webp","datePublished":"2025-12-20T17:50:18+00:00","dateModified":"2026-03-18T12:59:40+00:00","description":"Alvydas Jokubaitis \u2013 Vilniaus universiteto Tarptautini\u0173 santyki\u0173 ir politikos moksl\u0173 instituto profesorius. Knyg\u0173 \u201ePostmodernizmas ir konservatizmas\u201c","breadcrumb":{"@id":"https:\/\/skaitytaknyga.lt\/produktas\/lietuva-kaip-problema\/#breadcrumb"},"inLanguage":"en-GB","potentialAction":[{"@type":"ReadAction","target":["https:\/\/skaitytaknyga.lt\/produktas\/lietuva-kaip-problema\/"]}]},{"@type":"ImageObject","inLanguage":"en-GB","@id":"https:\/\/skaitytaknyga.lt\/produktas\/lietuva-kaip-problema\/#primaryimage","url":"https:\/\/skaitytaknyga.lt\/wp-content\/uploads\/2025\/12\/Lietuva-kaip-problema.webp","contentUrl":"https:\/\/skaitytaknyga.lt\/wp-content\/uploads\/2025\/12\/Lietuva-kaip-problema.webp","width":300,"height":450},{"@type":"BreadcrumbList","@id":"https:\/\/skaitytaknyga.lt\/produktas\/lietuva-kaip-problema\/#breadcrumb","itemListElement":[{"@type":"ListItem","position":1,"name":"Home","item":"https:\/\/skaitytaknyga.lt\/"},{"@type":"ListItem","position":2,"name":"Parduotuv\u0117","item":"https:\/\/skaitytaknyga.lt\/knygu-parduotuve\/"},{"@type":"ListItem","position":3,"name":"Lietuva, kaip problema"}]},{"@type":"WebSite","@id":"https:\/\/skaitytaknyga.lt\/#website","url":"https:\/\/skaitytaknyga.lt\/","name":"skaitytaknyga.lt","description":"Skaitytaknyga.lt \u2013 tai ma\u017eas \u0161eimos verslas, kuris prasid\u0117jo nuo meil\u0117s knygoms ir siekio i\u0161gelb\u0117ti knygas nuo likimo prie konteinerio. Kas vienam nereikalingas daiktas \u2013 kitam lobis, o mes esame tarpininkai, kurie padeda abiems tapti laimingesniems ???? \u017dinome kaip nelengva i\u0161gyventi ma\u017eiems verslams, tad nuo \u0161iol, \u010dia rasite ir kit\u0173, ma\u017e\u0173 \u0161eim\u0173 versl\u0173, rank\u0173 darbo, dovan\u0173 sau ir artimiesiems.","publisher":{"@id":"https:\/\/skaitytaknyga.lt\/#organization"},"potentialAction":[{"@type":"SearchAction","target":{"@type":"EntryPoint","urlTemplate":"https:\/\/skaitytaknyga.lt\/?s={search_term_string}"},"query-input":{"@type":"PropertyValueSpecification","valueRequired":true,"valueName":"search_term_string"}}],"inLanguage":"en-GB"},{"@type":"Organization","@id":"https:\/\/skaitytaknyga.lt\/#organization","name":"skaitytaknyga.lt","url":"https:\/\/skaitytaknyga.lt\/","logo":{"@type":"ImageObject","inLanguage":"en-GB","@id":"https:\/\/skaitytaknyga.lt\/#\/schema\/logo\/image\/","url":"https:\/\/skaitytaknyga.lt\/wp-content\/uploads\/2024\/05\/cropped-cropped-cropped-02_00843_jt3bggkj1j3HLc7SyY6rEUpg.jpeg","contentUrl":"https:\/\/skaitytaknyga.lt\/wp-content\/uploads\/2024\/05\/cropped-cropped-cropped-02_00843_jt3bggkj1j3HLc7SyY6rEUpg.jpeg","width":1600,"height":1600,"caption":"skaitytaknyga.lt"},"image":{"@id":"https:\/\/skaitytaknyga.lt\/#\/schema\/logo\/image\/"},"sameAs":["https:\/\/www.facebook.com\/skaitytaknyga\/"]}]}},"_links":{"self":[{"href":"https:\/\/skaitytaknyga.lt\/en\/wp-json\/wp\/v2\/product\/22389","targetHints":{"allow":["GET"]}}],"collection":[{"href":"https:\/\/skaitytaknyga.lt\/en\/wp-json\/wp\/v2\/product"}],"about":[{"href":"https:\/\/skaitytaknyga.lt\/en\/wp-json\/wp\/v2\/types\/product"}],"replies":[{"embeddable":true,"href":"https:\/\/skaitytaknyga.lt\/en\/wp-json\/wp\/v2\/comments?post=22389"}],"wp:featuredmedia":[{"embeddable":true,"href":"https:\/\/skaitytaknyga.lt\/en\/wp-json\/wp\/v2\/media\/22394"}],"wp:attachment":[{"href":"https:\/\/skaitytaknyga.lt\/en\/wp-json\/wp\/v2\/media?parent=22389"}],"wp:term":[{"taxonomy":"product_brand","embeddable":true,"href":"https:\/\/skaitytaknyga.lt\/en\/wp-json\/wp\/v2\/product_brand?post=22389"},{"taxonomy":"product_cat","embeddable":true,"href":"https:\/\/skaitytaknyga.lt\/en\/wp-json\/wp\/v2\/product_cat?post=22389"},{"taxonomy":"product_tag","embeddable":true,"href":"https:\/\/skaitytaknyga.lt\/en\/wp-json\/wp\/v2\/product_tag?post=22389"}],"curies":[{"name":"wp","href":"https:\/\/api.w.org\/{rel}","templated":true}]}}