{"id":22383,"date":"2025-12-20T19:33:45","date_gmt":"2025-12-20T17:33:45","guid":{"rendered":"https:\/\/skaitytaknyga.lt\/?post_type=product&#038;p=22383"},"modified":"2025-12-20T20:45:10","modified_gmt":"2025-12-20T18:45:10","slug":"vytautas-racickas","status":"publish","type":"product","link":"https:\/\/skaitytaknyga.lt\/en\/produktas\/vytautas-racickas\/","title":{"rendered":"Vytautas Ra\u010dickas"},"content":{"rendered":"<p>Literat\u016bros tyrin\u0117tojo Jono Linkevi\u010diaus monografija apie \u017einomo ra\u0161ytojo Vytauto Ra\u010dicko gyvenim\u0105 ir k\u016bryb\u0105. Monografij\u0105 sudaro trys dalys. Pirmoji dalis skirta ra\u0161ytojo biografijai: \u0161eimai, jo vaikystei ir jaunystei, studij\u0173 laikotarpiui, darbui &#8220;Lietuvos pionieriaus&#8221; ir &#8220;Genio&#8221; redakcijose. Antrojoje dalyje nagrin\u0117jama Vytauto Ra\u010dicko k\u016bryba. Tre\u010dioji dalis &#8211; interviu su Vytautu Ra\u010dicku. Knygoje spausdinama daug nuotrauk\u0173 i\u0161 ra\u0161ytojo gyvenimo bei jo knyg\u0173 iliustracij\u0173.<\/p>\n<p>Knyga skirta moksleiviams, mokytojams ir visiems lietuvi\u0173 vaik\u0173 literat\u016bra besidomintiems skaitytojams.<\/p>\n<p>&#8220;Ra\u0161yti apie V. Ra\u010dick\u0105 pirmiausia paskatino jo k\u016brybos savitumas ir vert\u0117, noras, kad skaitytojai \u017einot\u0173 kur kas daugiau, negu \u017eino apie daugelio pam\u0117gt\u0105 ra\u0161ytoj\u0105. \u0160io atsakingo darbo \u0117miausi ir tod\u0117l, kad j\u012f gerai pa\u017e\u012fstu nuo pa\u010di\u0173 pirm\u0173j\u0173 \u017eingsni\u0173 vaik\u0173 prozoje. Dirbdamas leidyklose, buvau ne vienos jo knygos krik\u0161tat\u0117viu. O dr\u012fstu ra\u0161yti jau i\u0161band\u0119s savo j\u0117gas pana\u0161iomis knygomis.<br \/>\nRa\u0161yti ir kalb\u0117ti apie \u0161io k\u016br\u0117jo gyvenimo ir k\u016brybos i\u0161takas &#8211; pats laikas. Ra\u0161yti apie V. Ra\u010dick\u0105 ir apibendrinti jo k\u016bryb\u0105 verta ir tod\u0117l, kad jis para\u0161\u0117 ir i\u0161leido a\u0161tuoniolika knyg\u0173. Daugelis i\u0161 j\u0173 susilauk\u0117 pakartotini\u0173 leidim\u0173, kai kurios i\u0161leistos net ketvirt\u0105, penkt\u0105 kart\u0105. Monografijoje stengiausi atsakyti \u012f gausius skaitytoj\u0173 pateiktus ir pateikiamus ra\u0161ytojui klausimus. \u0160i\u0105 knyg\u0105 skiriu prasmingam ma\u017e\u0173j\u0173 skaitytoj\u0173 numyl\u0117tinio jubiliejui.<br \/>\nViliuosi, kad mano darb\u0105 prat\u0119s kiti vaik\u0173 literat\u016bros metra\u0161tininkai!&#8221;<br \/>\nJonas Linkevi\u010dius<\/p>\n","protected":false},"excerpt":{"rendered":"<p>Literat\u016bros tyrin\u0117tojo Jono Linkevi\u010diaus monografija apie \u017einomo ra\u0161ytojo Vytauto Ra\u010dicko gyvenim\u0105 ir k\u016bryb\u0105. Monografij\u0105 sudaro trys dalys. Pirmoji dalis skirta ra\u0161ytojo biografijai: \u0161eimai, jo vaikystei ir jaunystei, studij\u0173 laikotarpiui, darbui &#8220;Lietuvos pionieriaus&#8221; ir &#8220;Genio&#8221; redakcijose. Antrojoje dalyje nagrin\u0117jama Vytauto Ra\u010dicko k\u016bryba. Tre\u010dioji dalis &#8211; interviu su Vytautu Ra\u010dicku. Knygoje spausdinama daug nuotrauk\u0173 i\u0161 ra\u0161ytojo gyvenimo bei jo knyg\u0173 iliustracij\u0173. Knyga skirta moksleiviams, mokytojams ir visiems lietuvi\u0173 vaik\u0173 literat\u016bra besidomintiems skaitytojams. &#8220;Ra\u0161yti apie V. Ra\u010dick\u0105 pirmiausia paskatino jo k\u016brybos savitumas ir vert\u0117, noras, kad skaitytojai \u017einot\u0173 kur kas daugiau, negu \u017eino apie daugelio pam\u0117gt\u0105 ra\u0161ytoj\u0105. \u0160io atsakingo darbo \u0117miausi ir tod\u0117l, kad j\u012f gerai pa\u017e\u012fstu nuo pa\u010di\u0173 pirm\u0173j\u0173 \u017eingsni\u0173 vaik\u0173 prozoje. Dirbdamas leidyklose, buvau ne vienos jo knygos krik\u0161tat\u0117viu. O dr\u012fstu ra\u0161yti jau i\u0161band\u0119s savo j\u0117gas pana\u0161iomis knygomis. Ra\u0161yti ir kalb\u0117ti apie \u0161io k\u016br\u0117jo gyvenimo ir k\u016brybos i\u0161takas &#8211; pats laikas. Ra\u0161yti apie V. Ra\u010dick\u0105 ir apibendrinti jo k\u016bryb\u0105 verta ir tod\u0117l, kad jis para\u0161\u0117 ir i\u0161leido a\u0161tuoniolika knyg\u0173. Daugelis i\u0161 j\u0173 susilauk\u0117 pakartotini\u0173 leidim\u0173, kai kurios i\u0161leistos net ketvirt\u0105, penkt\u0105 kart\u0105. Monografijoje stengiausi atsakyti \u012f gausius skaitytoj\u0173 pateiktus ir pateikiamus ra\u0161ytojui klausimus. \u0160i\u0105 knyg\u0105 skiriu prasmingam ma\u017e\u0173j\u0173 skaitytoj\u0173 numyl\u0117tinio jubiliejui. Viliuosi, kad mano darb\u0105 prat\u0119s kiti vaik\u0173 literat\u016bros metra\u0161tininkai!&#8221; Jonas Linkevi\u010dius<\/p>\n","protected":false},"featured_media":22388,"comment_status":"open","ping_status":"closed","template":"","meta":{"_acf_changed":false,"site-sidebar-layout":"default","site-content-layout":"","ast-site-content-layout":"default","site-content-style":"default","site-sidebar-style":"default","ast-global-header-display":"","ast-banner-title-visibility":"","ast-main-header-display":"","ast-hfb-above-header-display":"","ast-hfb-below-header-display":"","ast-hfb-mobile-header-display":"","site-post-title":"","ast-breadcrumbs-content":"","ast-featured-img":"","footer-sml-layout":"","ast-disable-related-posts":"","theme-transparent-header-meta":"","adv-header-id-meta":"","stick-header-meta":"","header-above-stick-meta":"","header-main-stick-meta":"","header-below-stick-meta":"","astra-migrate-meta-layouts":"default","ast-page-background-enabled":"default","ast-page-background-meta":{"desktop":{"background-color":"","background-image":"","background-repeat":"repeat","background-position":"center center","background-size":"auto","background-attachment":"scroll","background-type":"","background-media":"","overlay-type":"","overlay-color":"","overlay-opacity":"","overlay-gradient":""},"tablet":{"background-color":"","background-image":"","background-repeat":"repeat","background-position":"center center","background-size":"auto","background-attachment":"scroll","background-type":"","background-media":"","overlay-type":"","overlay-color":"","overlay-opacity":"","overlay-gradient":""},"mobile":{"background-color":"","background-image":"","background-repeat":"repeat","background-position":"center center","background-size":"auto","background-attachment":"scroll","background-type":"","background-media":"","overlay-type":"","overlay-color":"","overlay-opacity":"","overlay-gradient":""}},"ast-content-background-meta":{"desktop":{"background-color":"var(--ast-global-color-4)","background-image":"","background-repeat":"repeat","background-position":"center center","background-size":"auto","background-attachment":"scroll","background-type":"","background-media":"","overlay-type":"","overlay-color":"","overlay-opacity":"","overlay-gradient":""},"tablet":{"background-color":"var(--ast-global-color-4)","background-image":"","background-repeat":"repeat","background-position":"center center","background-size":"auto","background-attachment":"scroll","background-type":"","background-media":"","overlay-type":"","overlay-color":"","overlay-opacity":"","overlay-gradient":""},"mobile":{"background-color":"var(--ast-global-color-4)","background-image":"","background-repeat":"repeat","background-position":"center center","background-size":"auto","background-attachment":"scroll","background-type":"","background-media":"","overlay-type":"","overlay-color":"","overlay-opacity":"","overlay-gradient":""}}},"product_brand":[],"product_cat":[33],"product_tag":[],"class_list":{"0":"post-22383","1":"product","2":"type-product","3":"status-publish","4":"has-post-thumbnail","6":"product_cat-biografijos","7":"desktop-align-left","8":"tablet-align-left","9":"mobile-align-left","11":"first","12":"instock","13":"shipping-taxable","14":"purchasable","15":"product-type-simple"},"acf":[],"yoast_head":"<!-- This site is optimized with the Yoast SEO plugin v27.0 - https:\/\/yoast.com\/product\/yoast-seo-wordpress\/ -->\n<title>Vytautas Ra\u010dickas<\/title>\n<meta name=\"description\" content=\"Literat\u016bros tyrin\u0117tojo Jono Linkevi\u010diaus monografija apie \u017einomo ra\u0161ytojo Vytauto Ra\u010dicko gyvenim\u0105 ir k\u016bryb\u0105. Monografij\u0105 sudaro trys dalys. Pirmoji dalis\" \/>\n<meta name=\"robots\" content=\"index, follow, max-snippet:-1, max-image-preview:large, max-video-preview:-1\" \/>\n<link rel=\"canonical\" href=\"https:\/\/skaitytaknyga.lt\/en\/produktas\/vytautas-racickas\/\" \/>\n<meta property=\"og:locale\" content=\"en_GB\" \/>\n<meta property=\"og:locale:alternate\" content=\"lt_LT\" \/>\n<meta property=\"og:type\" content=\"article\" \/>\n<meta property=\"og:title\" content=\"Vytautas Ra\u010dickas\" \/>\n<meta property=\"og:description\" content=\"Literat\u016bros tyrin\u0117tojo Jono Linkevi\u010diaus monografija apie \u017einomo ra\u0161ytojo Vytauto Ra\u010dicko gyvenim\u0105 ir k\u016bryb\u0105. Monografij\u0105 sudaro trys dalys. Pirmoji dalis\" \/>\n<meta property=\"og:url\" content=\"https:\/\/skaitytaknyga.lt\/en\/produktas\/vytautas-racickas\/\" \/>\n<meta property=\"og:site_name\" content=\"Skaitytaknyga\" \/>\n<meta property=\"article:publisher\" content=\"https:\/\/www.facebook.com\/skaitytaknyga\/\" \/>\n<meta property=\"article:modified_time\" content=\"2025-12-20T18:45:10+00:00\" \/>\n<meta property=\"og:image\" content=\"https:\/\/skaitytaknyga.lt\/wp-content\/uploads\/2025\/12\/Vytautas-Racickas.webp\" \/>\n\t<meta property=\"og:image:width\" content=\"324\" \/>\n\t<meta property=\"og:image:height\" content=\"450\" \/>\n\t<meta property=\"og:image:type\" content=\"image\/webp\" \/>\n<meta name=\"twitter:card\" content=\"summary_large_image\" \/>\n<meta name=\"twitter:label1\" content=\"Estimated reading time\" \/>\n\t<meta name=\"twitter:data1\" content=\"1 minute\" \/>\n<script type=\"application\/ld+json\" class=\"yoast-schema-graph\">{\"@context\":\"https:\/\/schema.org\",\"@graph\":[{\"@type\":\"WebPage\",\"@id\":\"https:\/\/skaitytaknyga.lt\/produktas\/vytautas-racickas\/\",\"url\":\"https:\/\/skaitytaknyga.lt\/produktas\/vytautas-racickas\/\",\"name\":\"Vytautas Ra\u010dickas\",\"isPartOf\":{\"@id\":\"https:\/\/skaitytaknyga.lt\/#website\"},\"primaryImageOfPage\":{\"@id\":\"https:\/\/skaitytaknyga.lt\/produktas\/vytautas-racickas\/#primaryimage\"},\"image\":{\"@id\":\"https:\/\/skaitytaknyga.lt\/produktas\/vytautas-racickas\/#primaryimage\"},\"thumbnailUrl\":\"https:\/\/skaitytaknyga.lt\/wp-content\/uploads\/2025\/12\/Vytautas-Racickas.webp\",\"datePublished\":\"2025-12-20T17:33:45+00:00\",\"dateModified\":\"2025-12-20T18:45:10+00:00\",\"description\":\"Literat\u016bros tyrin\u0117tojo Jono Linkevi\u010diaus monografija apie \u017einomo ra\u0161ytojo Vytauto Ra\u010dicko gyvenim\u0105 ir k\u016bryb\u0105. Monografij\u0105 sudaro trys dalys. Pirmoji dalis\",\"breadcrumb\":{\"@id\":\"https:\/\/skaitytaknyga.lt\/produktas\/vytautas-racickas\/#breadcrumb\"},\"inLanguage\":\"en-GB\",\"potentialAction\":[{\"@type\":\"ReadAction\",\"target\":[\"https:\/\/skaitytaknyga.lt\/produktas\/vytautas-racickas\/\"]}]},{\"@type\":\"ImageObject\",\"inLanguage\":\"en-GB\",\"@id\":\"https:\/\/skaitytaknyga.lt\/produktas\/vytautas-racickas\/#primaryimage\",\"url\":\"https:\/\/skaitytaknyga.lt\/wp-content\/uploads\/2025\/12\/Vytautas-Racickas.webp\",\"contentUrl\":\"https:\/\/skaitytaknyga.lt\/wp-content\/uploads\/2025\/12\/Vytautas-Racickas.webp\",\"width\":324,\"height\":450,\"caption\":\"Vytautas Ra\u010dickas\"},{\"@type\":\"BreadcrumbList\",\"@id\":\"https:\/\/skaitytaknyga.lt\/produktas\/vytautas-racickas\/#breadcrumb\",\"itemListElement\":[{\"@type\":\"ListItem\",\"position\":1,\"name\":\"Home\",\"item\":\"https:\/\/skaitytaknyga.lt\/\"},{\"@type\":\"ListItem\",\"position\":2,\"name\":\"Parduotuv\u0117\",\"item\":\"https:\/\/skaitytaknyga.lt\/knygu-parduotuve\/\"},{\"@type\":\"ListItem\",\"position\":3,\"name\":\"Vytautas Ra\u010dickas\"}]},{\"@type\":\"WebSite\",\"@id\":\"https:\/\/skaitytaknyga.lt\/#website\",\"url\":\"https:\/\/skaitytaknyga.lt\/\",\"name\":\"skaitytaknyga.lt\",\"description\":\"Skaitytaknyga.lt \u2013 tai ma\u017eas \u0161eimos verslas, kuris prasid\u0117jo nuo meil\u0117s knygoms ir siekio i\u0161gelb\u0117ti knygas nuo likimo prie konteinerio. Kas vienam nereikalingas daiktas \u2013 kitam lobis, o mes esame tarpininkai, kurie padeda abiems tapti laimingesniems ???? \u017dinome kaip nelengva i\u0161gyventi ma\u017eiems verslams, tad nuo \u0161iol, \u010dia rasite ir kit\u0173, ma\u017e\u0173 \u0161eim\u0173 versl\u0173, rank\u0173 darbo, dovan\u0173 sau ir artimiesiems.\",\"publisher\":{\"@id\":\"https:\/\/skaitytaknyga.lt\/#organization\"},\"potentialAction\":[{\"@type\":\"SearchAction\",\"target\":{\"@type\":\"EntryPoint\",\"urlTemplate\":\"https:\/\/skaitytaknyga.lt\/?s={search_term_string}\"},\"query-input\":{\"@type\":\"PropertyValueSpecification\",\"valueRequired\":true,\"valueName\":\"search_term_string\"}}],\"inLanguage\":\"en-GB\"},{\"@type\":\"Organization\",\"@id\":\"https:\/\/skaitytaknyga.lt\/#organization\",\"name\":\"skaitytaknyga.lt\",\"url\":\"https:\/\/skaitytaknyga.lt\/\",\"logo\":{\"@type\":\"ImageObject\",\"inLanguage\":\"en-GB\",\"@id\":\"https:\/\/skaitytaknyga.lt\/#\/schema\/logo\/image\/\",\"url\":\"https:\/\/skaitytaknyga.lt\/wp-content\/uploads\/2024\/05\/cropped-cropped-cropped-02_00843_jt3bggkj1j3HLc7SyY6rEUpg.jpeg\",\"contentUrl\":\"https:\/\/skaitytaknyga.lt\/wp-content\/uploads\/2024\/05\/cropped-cropped-cropped-02_00843_jt3bggkj1j3HLc7SyY6rEUpg.jpeg\",\"width\":1600,\"height\":1600,\"caption\":\"skaitytaknyga.lt\"},\"image\":{\"@id\":\"https:\/\/skaitytaknyga.lt\/#\/schema\/logo\/image\/\"},\"sameAs\":[\"https:\/\/www.facebook.com\/skaitytaknyga\/\"]}]}<\/script>\n<!-- \/ Yoast SEO plugin. -->","yoast_head_json":{"title":"Vytautas Ra\u010dickas","description":"Literat\u016bros tyrin\u0117tojo Jono Linkevi\u010diaus monografija apie \u017einomo ra\u0161ytojo Vytauto Ra\u010dicko gyvenim\u0105 ir k\u016bryb\u0105. Monografij\u0105 sudaro trys dalys. Pirmoji dalis","robots":{"index":"index","follow":"follow","max-snippet":"max-snippet:-1","max-image-preview":"max-image-preview:large","max-video-preview":"max-video-preview:-1"},"canonical":"https:\/\/skaitytaknyga.lt\/en\/produktas\/vytautas-racickas\/","og_locale":"en_GB","og_type":"article","og_title":"[:lt]Vytautas Ra\u010dickas[:] - Skaitytaknyga","og_description":"Literat\u016bros tyrin\u0117tojo Jono Linkevi\u010diaus monografija apie \u017einomo ra\u0161ytojo Vytauto Ra\u010dicko gyvenim\u0105 ir k\u016bryb\u0105. Monografij\u0105 sudaro trys dalys. Pirmoji dalis","og_url":"https:\/\/skaitytaknyga.lt\/en\/produktas\/vytautas-racickas\/","og_site_name":"Skaitytaknyga","article_publisher":"https:\/\/www.facebook.com\/skaitytaknyga\/","article_modified_time":"2025-12-20T18:45:10+00:00","og_image":[{"width":324,"height":450,"url":"https:\/\/skaitytaknyga.lt\/wp-content\/uploads\/2025\/12\/Vytautas-Racickas.webp","type":"image\/webp"}],"twitter_card":"summary_large_image","twitter_misc":{"Estimated reading time":"1 minute"},"schema":{"@context":"https:\/\/schema.org","@graph":[{"@type":"WebPage","@id":"https:\/\/skaitytaknyga.lt\/produktas\/vytautas-racickas\/","url":"https:\/\/skaitytaknyga.lt\/produktas\/vytautas-racickas\/","name":"Vytautas Ra\u010dickas","isPartOf":{"@id":"https:\/\/skaitytaknyga.lt\/#website"},"primaryImageOfPage":{"@id":"https:\/\/skaitytaknyga.lt\/produktas\/vytautas-racickas\/#primaryimage"},"image":{"@id":"https:\/\/skaitytaknyga.lt\/produktas\/vytautas-racickas\/#primaryimage"},"thumbnailUrl":"https:\/\/skaitytaknyga.lt\/wp-content\/uploads\/2025\/12\/Vytautas-Racickas.webp","datePublished":"2025-12-20T17:33:45+00:00","dateModified":"2025-12-20T18:45:10+00:00","description":"Literat\u016bros tyrin\u0117tojo Jono Linkevi\u010diaus monografija apie \u017einomo ra\u0161ytojo Vytauto Ra\u010dicko gyvenim\u0105 ir k\u016bryb\u0105. Monografij\u0105 sudaro trys dalys. Pirmoji dalis","breadcrumb":{"@id":"https:\/\/skaitytaknyga.lt\/produktas\/vytautas-racickas\/#breadcrumb"},"inLanguage":"en-GB","potentialAction":[{"@type":"ReadAction","target":["https:\/\/skaitytaknyga.lt\/produktas\/vytautas-racickas\/"]}]},{"@type":"ImageObject","inLanguage":"en-GB","@id":"https:\/\/skaitytaknyga.lt\/produktas\/vytautas-racickas\/#primaryimage","url":"https:\/\/skaitytaknyga.lt\/wp-content\/uploads\/2025\/12\/Vytautas-Racickas.webp","contentUrl":"https:\/\/skaitytaknyga.lt\/wp-content\/uploads\/2025\/12\/Vytautas-Racickas.webp","width":324,"height":450,"caption":"Vytautas Ra\u010dickas"},{"@type":"BreadcrumbList","@id":"https:\/\/skaitytaknyga.lt\/produktas\/vytautas-racickas\/#breadcrumb","itemListElement":[{"@type":"ListItem","position":1,"name":"Home","item":"https:\/\/skaitytaknyga.lt\/"},{"@type":"ListItem","position":2,"name":"Parduotuv\u0117","item":"https:\/\/skaitytaknyga.lt\/knygu-parduotuve\/"},{"@type":"ListItem","position":3,"name":"Vytautas Ra\u010dickas"}]},{"@type":"WebSite","@id":"https:\/\/skaitytaknyga.lt\/#website","url":"https:\/\/skaitytaknyga.lt\/","name":"skaitytaknyga.lt","description":"Skaitytaknyga.lt \u2013 tai ma\u017eas \u0161eimos verslas, kuris prasid\u0117jo nuo meil\u0117s knygoms ir siekio i\u0161gelb\u0117ti knygas nuo likimo prie konteinerio. Kas vienam nereikalingas daiktas \u2013 kitam lobis, o mes esame tarpininkai, kurie padeda abiems tapti laimingesniems ???? \u017dinome kaip nelengva i\u0161gyventi ma\u017eiems verslams, tad nuo \u0161iol, \u010dia rasite ir kit\u0173, ma\u017e\u0173 \u0161eim\u0173 versl\u0173, rank\u0173 darbo, dovan\u0173 sau ir artimiesiems.","publisher":{"@id":"https:\/\/skaitytaknyga.lt\/#organization"},"potentialAction":[{"@type":"SearchAction","target":{"@type":"EntryPoint","urlTemplate":"https:\/\/skaitytaknyga.lt\/?s={search_term_string}"},"query-input":{"@type":"PropertyValueSpecification","valueRequired":true,"valueName":"search_term_string"}}],"inLanguage":"en-GB"},{"@type":"Organization","@id":"https:\/\/skaitytaknyga.lt\/#organization","name":"skaitytaknyga.lt","url":"https:\/\/skaitytaknyga.lt\/","logo":{"@type":"ImageObject","inLanguage":"en-GB","@id":"https:\/\/skaitytaknyga.lt\/#\/schema\/logo\/image\/","url":"https:\/\/skaitytaknyga.lt\/wp-content\/uploads\/2024\/05\/cropped-cropped-cropped-02_00843_jt3bggkj1j3HLc7SyY6rEUpg.jpeg","contentUrl":"https:\/\/skaitytaknyga.lt\/wp-content\/uploads\/2024\/05\/cropped-cropped-cropped-02_00843_jt3bggkj1j3HLc7SyY6rEUpg.jpeg","width":1600,"height":1600,"caption":"skaitytaknyga.lt"},"image":{"@id":"https:\/\/skaitytaknyga.lt\/#\/schema\/logo\/image\/"},"sameAs":["https:\/\/www.facebook.com\/skaitytaknyga\/"]}]}},"_links":{"self":[{"href":"https:\/\/skaitytaknyga.lt\/en\/wp-json\/wp\/v2\/product\/22383","targetHints":{"allow":["GET"]}}],"collection":[{"href":"https:\/\/skaitytaknyga.lt\/en\/wp-json\/wp\/v2\/product"}],"about":[{"href":"https:\/\/skaitytaknyga.lt\/en\/wp-json\/wp\/v2\/types\/product"}],"replies":[{"embeddable":true,"href":"https:\/\/skaitytaknyga.lt\/en\/wp-json\/wp\/v2\/comments?post=22383"}],"wp:featuredmedia":[{"embeddable":true,"href":"https:\/\/skaitytaknyga.lt\/en\/wp-json\/wp\/v2\/media\/22388"}],"wp:attachment":[{"href":"https:\/\/skaitytaknyga.lt\/en\/wp-json\/wp\/v2\/media?parent=22383"}],"wp:term":[{"taxonomy":"product_brand","embeddable":true,"href":"https:\/\/skaitytaknyga.lt\/en\/wp-json\/wp\/v2\/product_brand?post=22383"},{"taxonomy":"product_cat","embeddable":true,"href":"https:\/\/skaitytaknyga.lt\/en\/wp-json\/wp\/v2\/product_cat?post=22383"},{"taxonomy":"product_tag","embeddable":true,"href":"https:\/\/skaitytaknyga.lt\/en\/wp-json\/wp\/v2\/product_tag?post=22383"}],"curies":[{"name":"wp","href":"https:\/\/api.w.org\/{rel}","templated":true}]}}