{"id":22381,"date":"2025-12-20T19:33:45","date_gmt":"2025-12-20T17:33:45","guid":{"rendered":"https:\/\/skaitytaknyga.lt\/?post_type=product&#038;p=22381"},"modified":"2026-02-26T10:10:22","modified_gmt":"2026-02-26T08:10:22","slug":"gyvenimas-koks-jis-buvo-monsinjoro-kazimiero-vasiliausko-biografija","status":"publish","type":"product","link":"https:\/\/skaitytaknyga.lt\/en\/produktas\/gyvenimas-koks-jis-buvo-monsinjoro-kazimiero-vasiliausko-biografija\/","title":{"rendered":"Gyvenimas, koks jis buvo. Monsinjoro Kazimiero Vasiliausko biografija"},"content":{"rendered":"<p>Ramun\u0117s Sakalauskait\u0117s knygoje \u201eGyvenimas, koks jis buvo. Monsinjoro Kazimiero Vasiliausko biografija\u201c atsispindi svarbiausi Lietuvos XX am\u017eiaus \u012fvykiai. Knygoje objektyviai, detaliai ir autenti\u0161kai pasakojama apie pirmojo atkurtos Arkikatedros klebono nueit\u0105 gyvenimo keli\u0105.<\/p>\n<p>Anot literat\u016brologo Valentino Sventicko, monsinjor\u0105 K. Vasiliausko biografija nuodugni, patikima ir nedaugia\u017eod\u0117.<\/p>\n<p>Poetas Rimvydas Stankevi\u010dius: \u201eBestseleris. Paradoksalu &#8211; nors knyga yra para\u0161yta veik be epitet\u0173 ir i\u0161rai\u0161king\u0173 b\u016bdvard\u017ei\u0173, vengiant skaitan\u010diajam primesti bent koki\u0105 autor\u0117s emocij\u0105, skaitydamas j\u0105 nubraukiau ne vien\u0105 a\u0161ar\u0105, i\u0161try\u0161kusi\u0105, beje, ne d\u0117l bili\u016bni\u0161ko graudulio ar atjautos, bet d\u0117l tiesiog priblo\u0161kian\u010dios g\u0117rio ir \u0161ventumo didyb\u0117s.&#8221;<\/p>\n<p>Prof. Viktorija Daujotyt\u0117 \u0161i\u0105 knyg\u0105 vadina \u201eparankine\u201c visiems, ateityje ketinantiems ra\u0161yti arba tiesiog m\u0105styti apie \u0161\u012f did\u017eiausi\u0105 m\u016bs\u0173 laik\u0173 Lietuvos autoritet\u0105, \u017emog\u0173, savo visu gyvenimu tvirtinus\u012f Dievo buvim\u0105, tik\u0117jimo ir meil\u0117s grynuol\u012f, n\u0117 akimirkai nei\u0161davus\u012f savo ideal\u0173, s\u0117jus\u012f Dievo karalyst\u0119 mirtinink\u0173 lageriuose, tremtyje, pyk\u010dio kupinoje ir pasitik\u0117jimo viens kitu netekusioje T\u0117vyn\u0117je, \u017emog\u017eud\u017ei\u0173 ir prisiekusi\u0173 bedievi\u0173 \u0161irdyse. Anot profesor\u0117s, \u201etai pirmoji patikima biografija, paremta patikrintais, i\u0161tyrin\u0117tais, suderintais tarpusavy faktais, ir kartu tai gyvenimas, koks jis buvo\u201c.<\/p>\n<p>Kunigas Antanas Saulaitis apie knyg\u0105: \u201eMonsinjoras V. Vasiliauskas \u2013 ankstyvas Gailestingumo met\u0173 pirmtakas, sakramentin\u0119 tarnyb\u0105 neatskiriamai supyn\u0119s su suprantama ir lengvai priimama sielovadine tarnyste \u2013 ne teisti, o palyd\u0117ti, eiti kartu.\u201c<\/p>\n<p>Knygos autor\u0117, monsinjoro artim\u0173 \u017emoni\u0173 ratui priklausiusi \u017eurnalist\u0117 R. Sakalauskait\u0117, remiasi visais \u017einomais \u0161altiniais, archyvais, \u017emoni\u0173 liudijimais. Parinkdama gausyb\u0119 citat\u0173, ji br\u0117\u017eia sav\u0105j\u0105 linij\u0105, ta\u010diau jos bals\u0105 sustiprina kiti balsai.<\/p>\n<p>Gausiai iliustruotos knygos atskira dalis \u2013 K. Vasiliausk\u0105 pa\u017einojusi\u0173 kunig\u0173 (Vaclovo Aliulio, Jono Borutos, Antano Dilio, Ri\u010dardo Doveikos, Ar\u016bno Kesilio, K\u0119stu\u010dio Lato\u017eos, Tadeu\u0161o Matulianeco, Gintaro Petronio, Juozo Tunai\u010dio) atsiminimai.<\/p>\n","protected":false},"excerpt":{"rendered":"<p>Ramun\u0117s Sakalauskait\u0117s knygoje \u201eGyvenimas, koks jis buvo. Monsinjoro Kazimiero Vasiliausko biografija\u201c atsispindi svarbiausi Lietuvos XX am\u017eiaus \u012fvykiai. Knygoje objektyviai, detaliai ir autenti\u0161kai pasakojama apie pirmojo atkurtos Arkikatedros klebono nueit\u0105 gyvenimo keli\u0105. Anot literat\u016brologo Valentino Sventicko, monsinjor\u0105 K. Vasiliausko biografija nuodugni, patikima ir nedaugia\u017eod\u0117. Poetas Rimvydas Stankevi\u010dius: \u201eBestseleris. Paradoksalu &#8211; nors knyga yra para\u0161yta veik be epitet\u0173 ir i\u0161rai\u0161king\u0173 b\u016bdvard\u017ei\u0173, vengiant skaitan\u010diajam primesti bent koki\u0105 autor\u0117s emocij\u0105, skaitydamas j\u0105 nubraukiau ne vien\u0105 a\u0161ar\u0105, i\u0161try\u0161kusi\u0105, beje, ne d\u0117l bili\u016bni\u0161ko graudulio ar atjautos, bet d\u0117l tiesiog priblo\u0161kian\u010dios g\u0117rio ir \u0161ventumo didyb\u0117s.&#8221; Prof. Viktorija Daujotyt\u0117 \u0161i\u0105 knyg\u0105 vadina \u201eparankine\u201c visiems, ateityje ketinantiems ra\u0161yti arba tiesiog m\u0105styti apie \u0161\u012f did\u017eiausi\u0105 m\u016bs\u0173 laik\u0173 Lietuvos autoritet\u0105, \u017emog\u0173, savo visu gyvenimu tvirtinus\u012f Dievo buvim\u0105, tik\u0117jimo ir meil\u0117s grynuol\u012f, n\u0117 akimirkai nei\u0161davus\u012f savo ideal\u0173, s\u0117jus\u012f Dievo karalyst\u0119 mirtinink\u0173 lageriuose, tremtyje, pyk\u010dio kupinoje ir pasitik\u0117jimo viens kitu netekusioje T\u0117vyn\u0117je, \u017emog\u017eud\u017ei\u0173 ir prisiekusi\u0173 bedievi\u0173 \u0161irdyse. Anot profesor\u0117s, \u201etai pirmoji patikima biografija, paremta patikrintais, i\u0161tyrin\u0117tais, suderintais tarpusavy faktais, ir kartu tai gyvenimas, koks jis buvo\u201c. Kunigas Antanas Saulaitis apie knyg\u0105: \u201eMonsinjoras V. Vasiliauskas \u2013 ankstyvas Gailestingumo met\u0173 pirmtakas, sakramentin\u0119 tarnyb\u0105 neatskiriamai supyn\u0119s su suprantama ir lengvai priimama sielovadine tarnyste \u2013 ne teisti, o palyd\u0117ti, eiti kartu.\u201c Knygos autor\u0117, monsinjoro artim\u0173 \u017emoni\u0173 ratui priklausiusi \u017eurnalist\u0117 R. Sakalauskait\u0117, remiasi visais \u017einomais \u0161altiniais, archyvais, \u017emoni\u0173 liudijimais. Parinkdama gausyb\u0119 citat\u0173, ji br\u0117\u017eia sav\u0105j\u0105 linij\u0105, ta\u010diau jos bals\u0105 sustiprina kiti balsai. Gausiai iliustruotos knygos atskira dalis \u2013 K. Vasiliausk\u0105 pa\u017einojusi\u0173 kunig\u0173 (Vaclovo Aliulio, Jono Borutos, Antano Dilio, Ri\u010dardo Doveikos, Ar\u016bno Kesilio, K\u0119stu\u010dio Lato\u017eos, Tadeu\u0161o Matulianeco, Gintaro Petronio, Juozo Tunai\u010dio) atsiminimai.<\/p>\n","protected":false},"featured_media":22386,"comment_status":"open","ping_status":"closed","template":"","meta":{"_acf_changed":false,"site-sidebar-layout":"default","site-content-layout":"","ast-site-content-layout":"default","site-content-style":"default","site-sidebar-style":"default","ast-global-header-display":"","ast-banner-title-visibility":"","ast-main-header-display":"","ast-hfb-above-header-display":"","ast-hfb-below-header-display":"","ast-hfb-mobile-header-display":"","site-post-title":"","ast-breadcrumbs-content":"","ast-featured-img":"","footer-sml-layout":"","ast-disable-related-posts":"","theme-transparent-header-meta":"","adv-header-id-meta":"","stick-header-meta":"","header-above-stick-meta":"","header-main-stick-meta":"","header-below-stick-meta":"","astra-migrate-meta-layouts":"default","ast-page-background-enabled":"default","ast-page-background-meta":{"desktop":{"background-color":"","background-image":"","background-repeat":"repeat","background-position":"center center","background-size":"auto","background-attachment":"scroll","background-type":"","background-media":"","overlay-type":"","overlay-color":"","overlay-opacity":"","overlay-gradient":""},"tablet":{"background-color":"","background-image":"","background-repeat":"repeat","background-position":"center center","background-size":"auto","background-attachment":"scroll","background-type":"","background-media":"","overlay-type":"","overlay-color":"","overlay-opacity":"","overlay-gradient":""},"mobile":{"background-color":"","background-image":"","background-repeat":"repeat","background-position":"center center","background-size":"auto","background-attachment":"scroll","background-type":"","background-media":"","overlay-type":"","overlay-color":"","overlay-opacity":"","overlay-gradient":""}},"ast-content-background-meta":{"desktop":{"background-color":"var(--ast-global-color-4)","background-image":"","background-repeat":"repeat","background-position":"center center","background-size":"auto","background-attachment":"scroll","background-type":"","background-media":"","overlay-type":"","overlay-color":"","overlay-opacity":"","overlay-gradient":""},"tablet":{"background-color":"var(--ast-global-color-4)","background-image":"","background-repeat":"repeat","background-position":"center center","background-size":"auto","background-attachment":"scroll","background-type":"","background-media":"","overlay-type":"","overlay-color":"","overlay-opacity":"","overlay-gradient":""},"mobile":{"background-color":"var(--ast-global-color-4)","background-image":"","background-repeat":"repeat","background-position":"center center","background-size":"auto","background-attachment":"scroll","background-type":"","background-media":"","overlay-type":"","overlay-color":"","overlay-opacity":"","overlay-gradient":""}}},"product_brand":[],"product_cat":[33,165],"product_tag":[],"class_list":{"0":"post-22381","1":"product","2":"type-product","3":"status-publish","4":"has-post-thumbnail","6":"product_cat-biografijos","7":"product_cat-religija-filosofija-ir-ezoterika","8":"desktop-align-left","9":"tablet-align-left","10":"mobile-align-left","12":"first","13":"instock","14":"shipping-taxable","15":"purchasable","16":"product-type-simple"},"acf":[],"yoast_head":"<!-- This site is optimized with the Yoast SEO plugin v27.0 - https:\/\/yoast.com\/product\/yoast-seo-wordpress\/ -->\n<title>Gyvenimas, koks jis buvo. Monsinjoro Kazimiero Vasiliausko biografija<\/title>\n<meta name=\"description\" content=\"Ramun\u0117s Sakalauskait\u0117s knygoje \u201eGyvenimas, koks jis buvo. Monsinjoro Kazimiero Vasiliausko biografija\u201c atsispindi svarbiausi Lietuvos XX am\u017eiaus \u012fvykiai.\" \/>\n<meta name=\"robots\" content=\"index, follow, max-snippet:-1, max-image-preview:large, max-video-preview:-1\" \/>\n<link rel=\"canonical\" href=\"https:\/\/skaitytaknyga.lt\/en\/produktas\/gyvenimas-koks-jis-buvo-monsinjoro-kazimiero-vasiliausko-biografija\/\" \/>\n<meta property=\"og:locale\" content=\"en_GB\" \/>\n<meta property=\"og:locale:alternate\" content=\"lt_LT\" \/>\n<meta property=\"og:type\" content=\"article\" \/>\n<meta property=\"og:title\" content=\"Gyvenimas, koks jis buvo. Monsinjoro Kazimiero Vasiliausko biografija\" \/>\n<meta property=\"og:description\" content=\"Ramun\u0117s Sakalauskait\u0117s knygoje \u201eGyvenimas, koks jis buvo. Monsinjoro Kazimiero Vasiliausko biografija\u201c atsispindi svarbiausi Lietuvos XX am\u017eiaus \u012fvykiai.\" \/>\n<meta property=\"og:url\" content=\"https:\/\/skaitytaknyga.lt\/en\/produktas\/gyvenimas-koks-jis-buvo-monsinjoro-kazimiero-vasiliausko-biografija\/\" \/>\n<meta property=\"og:site_name\" content=\"Skaitytaknyga\" \/>\n<meta property=\"article:publisher\" content=\"https:\/\/www.facebook.com\/skaitytaknyga\/\" \/>\n<meta property=\"article:modified_time\" content=\"2026-02-26T08:10:22+00:00\" \/>\n<meta property=\"og:image\" content=\"https:\/\/skaitytaknyga.lt\/wp-content\/uploads\/2025\/12\/Gyvenimas-koks-jis-buvo.-Monsinjoro-Kazimiero-Vasiliausko-biografija-1.webp\" \/>\n\t<meta property=\"og:image:width\" content=\"300\" \/>\n\t<meta property=\"og:image:height\" content=\"450\" \/>\n\t<meta property=\"og:image:type\" content=\"image\/webp\" \/>\n<meta name=\"twitter:card\" content=\"summary_large_image\" \/>\n<meta name=\"twitter:label1\" content=\"Estimated reading time\" \/>\n\t<meta name=\"twitter:data1\" content=\"2 minutes\" \/>\n<script type=\"application\/ld+json\" class=\"yoast-schema-graph\">{\"@context\":\"https:\/\/schema.org\",\"@graph\":[{\"@type\":\"WebPage\",\"@id\":\"https:\/\/skaitytaknyga.lt\/produktas\/gyvenimas-koks-jis-buvo-monsinjoro-kazimiero-vasiliausko-biografija\/\",\"url\":\"https:\/\/skaitytaknyga.lt\/produktas\/gyvenimas-koks-jis-buvo-monsinjoro-kazimiero-vasiliausko-biografija\/\",\"name\":\"Gyvenimas, koks jis buvo. Monsinjoro Kazimiero Vasiliausko biografija\",\"isPartOf\":{\"@id\":\"https:\/\/skaitytaknyga.lt\/#website\"},\"primaryImageOfPage\":{\"@id\":\"https:\/\/skaitytaknyga.lt\/produktas\/gyvenimas-koks-jis-buvo-monsinjoro-kazimiero-vasiliausko-biografija\/#primaryimage\"},\"image\":{\"@id\":\"https:\/\/skaitytaknyga.lt\/produktas\/gyvenimas-koks-jis-buvo-monsinjoro-kazimiero-vasiliausko-biografija\/#primaryimage\"},\"thumbnailUrl\":\"https:\/\/skaitytaknyga.lt\/wp-content\/uploads\/2025\/12\/Gyvenimas-koks-jis-buvo.-Monsinjoro-Kazimiero-Vasiliausko-biografija-1.webp\",\"datePublished\":\"2025-12-20T17:33:45+00:00\",\"dateModified\":\"2026-02-26T08:10:22+00:00\",\"description\":\"Ramun\u0117s Sakalauskait\u0117s knygoje \u201eGyvenimas, koks jis buvo. Monsinjoro Kazimiero Vasiliausko biografija\u201c atsispindi svarbiausi Lietuvos XX am\u017eiaus \u012fvykiai.\",\"breadcrumb\":{\"@id\":\"https:\/\/skaitytaknyga.lt\/produktas\/gyvenimas-koks-jis-buvo-monsinjoro-kazimiero-vasiliausko-biografija\/#breadcrumb\"},\"inLanguage\":\"en-GB\",\"potentialAction\":[{\"@type\":\"ReadAction\",\"target\":[\"https:\/\/skaitytaknyga.lt\/produktas\/gyvenimas-koks-jis-buvo-monsinjoro-kazimiero-vasiliausko-biografija\/\"]}]},{\"@type\":\"ImageObject\",\"inLanguage\":\"en-GB\",\"@id\":\"https:\/\/skaitytaknyga.lt\/produktas\/gyvenimas-koks-jis-buvo-monsinjoro-kazimiero-vasiliausko-biografija\/#primaryimage\",\"url\":\"https:\/\/skaitytaknyga.lt\/wp-content\/uploads\/2025\/12\/Gyvenimas-koks-jis-buvo.-Monsinjoro-Kazimiero-Vasiliausko-biografija-1.webp\",\"contentUrl\":\"https:\/\/skaitytaknyga.lt\/wp-content\/uploads\/2025\/12\/Gyvenimas-koks-jis-buvo.-Monsinjoro-Kazimiero-Vasiliausko-biografija-1.webp\",\"width\":300,\"height\":450},{\"@type\":\"BreadcrumbList\",\"@id\":\"https:\/\/skaitytaknyga.lt\/produktas\/gyvenimas-koks-jis-buvo-monsinjoro-kazimiero-vasiliausko-biografija\/#breadcrumb\",\"itemListElement\":[{\"@type\":\"ListItem\",\"position\":1,\"name\":\"Home\",\"item\":\"https:\/\/skaitytaknyga.lt\/\"},{\"@type\":\"ListItem\",\"position\":2,\"name\":\"Parduotuv\u0117\",\"item\":\"https:\/\/skaitytaknyga.lt\/knygu-parduotuve\/\"},{\"@type\":\"ListItem\",\"position\":3,\"name\":\"Gyvenimas, koks jis buvo. Monsinjoro Kazimiero Vasiliausko biografija\"}]},{\"@type\":\"WebSite\",\"@id\":\"https:\/\/skaitytaknyga.lt\/#website\",\"url\":\"https:\/\/skaitytaknyga.lt\/\",\"name\":\"skaitytaknyga.lt\",\"description\":\"Skaitytaknyga.lt \u2013 tai ma\u017eas \u0161eimos verslas, kuris prasid\u0117jo nuo meil\u0117s knygoms ir siekio i\u0161gelb\u0117ti knygas nuo likimo prie konteinerio. Kas vienam nereikalingas daiktas \u2013 kitam lobis, o mes esame tarpininkai, kurie padeda abiems tapti laimingesniems ???? \u017dinome kaip nelengva i\u0161gyventi ma\u017eiems verslams, tad nuo \u0161iol, \u010dia rasite ir kit\u0173, ma\u017e\u0173 \u0161eim\u0173 versl\u0173, rank\u0173 darbo, dovan\u0173 sau ir artimiesiems.\",\"publisher\":{\"@id\":\"https:\/\/skaitytaknyga.lt\/#organization\"},\"potentialAction\":[{\"@type\":\"SearchAction\",\"target\":{\"@type\":\"EntryPoint\",\"urlTemplate\":\"https:\/\/skaitytaknyga.lt\/?s={search_term_string}\"},\"query-input\":{\"@type\":\"PropertyValueSpecification\",\"valueRequired\":true,\"valueName\":\"search_term_string\"}}],\"inLanguage\":\"en-GB\"},{\"@type\":\"Organization\",\"@id\":\"https:\/\/skaitytaknyga.lt\/#organization\",\"name\":\"skaitytaknyga.lt\",\"url\":\"https:\/\/skaitytaknyga.lt\/\",\"logo\":{\"@type\":\"ImageObject\",\"inLanguage\":\"en-GB\",\"@id\":\"https:\/\/skaitytaknyga.lt\/#\/schema\/logo\/image\/\",\"url\":\"https:\/\/skaitytaknyga.lt\/wp-content\/uploads\/2024\/05\/cropped-cropped-cropped-02_00843_jt3bggkj1j3HLc7SyY6rEUpg.jpeg\",\"contentUrl\":\"https:\/\/skaitytaknyga.lt\/wp-content\/uploads\/2024\/05\/cropped-cropped-cropped-02_00843_jt3bggkj1j3HLc7SyY6rEUpg.jpeg\",\"width\":1600,\"height\":1600,\"caption\":\"skaitytaknyga.lt\"},\"image\":{\"@id\":\"https:\/\/skaitytaknyga.lt\/#\/schema\/logo\/image\/\"},\"sameAs\":[\"https:\/\/www.facebook.com\/skaitytaknyga\/\"]}]}<\/script>\n<!-- \/ Yoast SEO plugin. -->","yoast_head_json":{"title":"Gyvenimas, koks jis buvo. Monsinjoro Kazimiero Vasiliausko biografija","description":"Ramun\u0117s Sakalauskait\u0117s knygoje \u201eGyvenimas, koks jis buvo. Monsinjoro Kazimiero Vasiliausko biografija\u201c atsispindi svarbiausi Lietuvos XX am\u017eiaus \u012fvykiai.","robots":{"index":"index","follow":"follow","max-snippet":"max-snippet:-1","max-image-preview":"max-image-preview:large","max-video-preview":"max-video-preview:-1"},"canonical":"https:\/\/skaitytaknyga.lt\/en\/produktas\/gyvenimas-koks-jis-buvo-monsinjoro-kazimiero-vasiliausko-biografija\/","og_locale":"en_GB","og_type":"article","og_title":"[:lt]Gyvenimas, koks jis buvo. Monsinjoro Kazimiero Vasiliausko biografija[:] - Skaitytaknyga","og_description":"Ramun\u0117s Sakalauskait\u0117s knygoje \u201eGyvenimas, koks jis buvo. Monsinjoro Kazimiero Vasiliausko biografija\u201c atsispindi svarbiausi Lietuvos XX am\u017eiaus \u012fvykiai.","og_url":"https:\/\/skaitytaknyga.lt\/en\/produktas\/gyvenimas-koks-jis-buvo-monsinjoro-kazimiero-vasiliausko-biografija\/","og_site_name":"Skaitytaknyga","article_publisher":"https:\/\/www.facebook.com\/skaitytaknyga\/","article_modified_time":"2026-02-26T08:10:22+00:00","og_image":[{"width":300,"height":450,"url":"https:\/\/skaitytaknyga.lt\/wp-content\/uploads\/2025\/12\/Gyvenimas-koks-jis-buvo.-Monsinjoro-Kazimiero-Vasiliausko-biografija-1.webp","type":"image\/webp"}],"twitter_card":"summary_large_image","twitter_misc":{"Estimated reading time":"2 minutes"},"schema":{"@context":"https:\/\/schema.org","@graph":[{"@type":"WebPage","@id":"https:\/\/skaitytaknyga.lt\/produktas\/gyvenimas-koks-jis-buvo-monsinjoro-kazimiero-vasiliausko-biografija\/","url":"https:\/\/skaitytaknyga.lt\/produktas\/gyvenimas-koks-jis-buvo-monsinjoro-kazimiero-vasiliausko-biografija\/","name":"Gyvenimas, koks jis buvo. Monsinjoro Kazimiero Vasiliausko biografija","isPartOf":{"@id":"https:\/\/skaitytaknyga.lt\/#website"},"primaryImageOfPage":{"@id":"https:\/\/skaitytaknyga.lt\/produktas\/gyvenimas-koks-jis-buvo-monsinjoro-kazimiero-vasiliausko-biografija\/#primaryimage"},"image":{"@id":"https:\/\/skaitytaknyga.lt\/produktas\/gyvenimas-koks-jis-buvo-monsinjoro-kazimiero-vasiliausko-biografija\/#primaryimage"},"thumbnailUrl":"https:\/\/skaitytaknyga.lt\/wp-content\/uploads\/2025\/12\/Gyvenimas-koks-jis-buvo.-Monsinjoro-Kazimiero-Vasiliausko-biografija-1.webp","datePublished":"2025-12-20T17:33:45+00:00","dateModified":"2026-02-26T08:10:22+00:00","description":"Ramun\u0117s Sakalauskait\u0117s knygoje \u201eGyvenimas, koks jis buvo. Monsinjoro Kazimiero Vasiliausko biografija\u201c atsispindi svarbiausi Lietuvos XX am\u017eiaus \u012fvykiai.","breadcrumb":{"@id":"https:\/\/skaitytaknyga.lt\/produktas\/gyvenimas-koks-jis-buvo-monsinjoro-kazimiero-vasiliausko-biografija\/#breadcrumb"},"inLanguage":"en-GB","potentialAction":[{"@type":"ReadAction","target":["https:\/\/skaitytaknyga.lt\/produktas\/gyvenimas-koks-jis-buvo-monsinjoro-kazimiero-vasiliausko-biografija\/"]}]},{"@type":"ImageObject","inLanguage":"en-GB","@id":"https:\/\/skaitytaknyga.lt\/produktas\/gyvenimas-koks-jis-buvo-monsinjoro-kazimiero-vasiliausko-biografija\/#primaryimage","url":"https:\/\/skaitytaknyga.lt\/wp-content\/uploads\/2025\/12\/Gyvenimas-koks-jis-buvo.-Monsinjoro-Kazimiero-Vasiliausko-biografija-1.webp","contentUrl":"https:\/\/skaitytaknyga.lt\/wp-content\/uploads\/2025\/12\/Gyvenimas-koks-jis-buvo.-Monsinjoro-Kazimiero-Vasiliausko-biografija-1.webp","width":300,"height":450},{"@type":"BreadcrumbList","@id":"https:\/\/skaitytaknyga.lt\/produktas\/gyvenimas-koks-jis-buvo-monsinjoro-kazimiero-vasiliausko-biografija\/#breadcrumb","itemListElement":[{"@type":"ListItem","position":1,"name":"Home","item":"https:\/\/skaitytaknyga.lt\/"},{"@type":"ListItem","position":2,"name":"Parduotuv\u0117","item":"https:\/\/skaitytaknyga.lt\/knygu-parduotuve\/"},{"@type":"ListItem","position":3,"name":"Gyvenimas, koks jis buvo. Monsinjoro Kazimiero Vasiliausko biografija"}]},{"@type":"WebSite","@id":"https:\/\/skaitytaknyga.lt\/#website","url":"https:\/\/skaitytaknyga.lt\/","name":"skaitytaknyga.lt","description":"Skaitytaknyga.lt \u2013 tai ma\u017eas \u0161eimos verslas, kuris prasid\u0117jo nuo meil\u0117s knygoms ir siekio i\u0161gelb\u0117ti knygas nuo likimo prie konteinerio. Kas vienam nereikalingas daiktas \u2013 kitam lobis, o mes esame tarpininkai, kurie padeda abiems tapti laimingesniems ???? \u017dinome kaip nelengva i\u0161gyventi ma\u017eiems verslams, tad nuo \u0161iol, \u010dia rasite ir kit\u0173, ma\u017e\u0173 \u0161eim\u0173 versl\u0173, rank\u0173 darbo, dovan\u0173 sau ir artimiesiems.","publisher":{"@id":"https:\/\/skaitytaknyga.lt\/#organization"},"potentialAction":[{"@type":"SearchAction","target":{"@type":"EntryPoint","urlTemplate":"https:\/\/skaitytaknyga.lt\/?s={search_term_string}"},"query-input":{"@type":"PropertyValueSpecification","valueRequired":true,"valueName":"search_term_string"}}],"inLanguage":"en-GB"},{"@type":"Organization","@id":"https:\/\/skaitytaknyga.lt\/#organization","name":"skaitytaknyga.lt","url":"https:\/\/skaitytaknyga.lt\/","logo":{"@type":"ImageObject","inLanguage":"en-GB","@id":"https:\/\/skaitytaknyga.lt\/#\/schema\/logo\/image\/","url":"https:\/\/skaitytaknyga.lt\/wp-content\/uploads\/2024\/05\/cropped-cropped-cropped-02_00843_jt3bggkj1j3HLc7SyY6rEUpg.jpeg","contentUrl":"https:\/\/skaitytaknyga.lt\/wp-content\/uploads\/2024\/05\/cropped-cropped-cropped-02_00843_jt3bggkj1j3HLc7SyY6rEUpg.jpeg","width":1600,"height":1600,"caption":"skaitytaknyga.lt"},"image":{"@id":"https:\/\/skaitytaknyga.lt\/#\/schema\/logo\/image\/"},"sameAs":["https:\/\/www.facebook.com\/skaitytaknyga\/"]}]}},"_links":{"self":[{"href":"https:\/\/skaitytaknyga.lt\/en\/wp-json\/wp\/v2\/product\/22381","targetHints":{"allow":["GET"]}}],"collection":[{"href":"https:\/\/skaitytaknyga.lt\/en\/wp-json\/wp\/v2\/product"}],"about":[{"href":"https:\/\/skaitytaknyga.lt\/en\/wp-json\/wp\/v2\/types\/product"}],"replies":[{"embeddable":true,"href":"https:\/\/skaitytaknyga.lt\/en\/wp-json\/wp\/v2\/comments?post=22381"}],"wp:featuredmedia":[{"embeddable":true,"href":"https:\/\/skaitytaknyga.lt\/en\/wp-json\/wp\/v2\/media\/22386"}],"wp:attachment":[{"href":"https:\/\/skaitytaknyga.lt\/en\/wp-json\/wp\/v2\/media?parent=22381"}],"wp:term":[{"taxonomy":"product_brand","embeddable":true,"href":"https:\/\/skaitytaknyga.lt\/en\/wp-json\/wp\/v2\/product_brand?post=22381"},{"taxonomy":"product_cat","embeddable":true,"href":"https:\/\/skaitytaknyga.lt\/en\/wp-json\/wp\/v2\/product_cat?post=22381"},{"taxonomy":"product_tag","embeddable":true,"href":"https:\/\/skaitytaknyga.lt\/en\/wp-json\/wp\/v2\/product_tag?post=22381"}],"curies":[{"name":"wp","href":"https:\/\/api.w.org\/{rel}","templated":true}]}}