{"id":22373,"date":"2025-12-20T19:10:05","date_gmt":"2025-12-20T17:10:05","guid":{"rendered":"https:\/\/skaitytaknyga.lt\/?post_type=product&#038;p=22373"},"modified":"2026-03-17T11:47:04","modified_gmt":"2026-03-17T09:47:04","slug":"krize-teises-viespatavimas-ir-zmogaus-teises","status":"publish","type":"product","link":"https:\/\/skaitytaknyga.lt\/en\/produktas\/krize-teises-viespatavimas-ir-zmogaus-teises\/","title":{"rendered":"Kriz\u0117, teis\u0117s vie\u0161patavimas ir \u017emogaus teis\u0117s"},"content":{"rendered":"<p>Autoriai: A. Andru\u0161kevi\u010dius, I. Isokait\u0117, D. Kriau\u010di\u016bnas, E. K\u016bris, G. Lastauskien\u0117, M. Lukas, E. Masnevait\u0117, A. Medelien\u0117, V. Mila\u0161i\u016bt\u0117,  D. Petrylait\u0117, V. Petrylait\u0117, D. P\u016brait\u0117-Andrikien\u0117, D. \u017dalimas<\/p>\n<p>Knygoje apr\u0117piamas 2008-2014 m. laikotarpis. Pla\u010diai analizuojamas kriz\u0117s poveikis teisei \u012f atsaking\u0105 valdym\u0105 ir \u016bkin\u0117s veiklos laisvei, vie\u0161\u0173j\u0173 finans\u0173 (biud\u017eeto proceso, mokes\u010di\u0173 ir \u012fmok\u0173, bank\u0173 ir finans\u0173 rink\u0173 prie\u017ei\u016bros) reglamentavimui, socialin\u0117ms, politin\u0117ms ir asmenin\u0117ms teis\u0117ms, teism\u0173 nepriklausomumui (teisei \u012f teising\u0105 teism\u0105) bei teisini\u0173 gin\u010d\u0173 sprendimui.<\/p>\n","protected":false},"excerpt":{"rendered":"<p>Autoriai: A. Andru\u0161kevi\u010dius, I. Isokait\u0117, D. Kriau\u010di\u016bnas, E. K\u016bris, G. Lastauskien\u0117, M. Lukas, E. Masnevait\u0117, A. Medelien\u0117, V. Mila\u0161i\u016bt\u0117, D. Petrylait\u0117, V. Petrylait\u0117, D. P\u016brait\u0117-Andrikien\u0117, D. \u017dalimas Knygoje apr\u0117piamas 2008-2014 m. laikotarpis. Pla\u010diai analizuojamas kriz\u0117s poveikis teisei \u012f atsaking\u0105 valdym\u0105 ir \u016bkin\u0117s veiklos laisvei, vie\u0161\u0173j\u0173 finans\u0173 (biud\u017eeto proceso, mokes\u010di\u0173 ir \u012fmok\u0173, bank\u0173 ir finans\u0173 rink\u0173 prie\u017ei\u016bros) reglamentavimui, socialin\u0117ms, politin\u0117ms ir asmenin\u0117ms teis\u0117ms, teism\u0173 nepriklausomumui (teisei \u012f teising\u0105 teism\u0105) bei teisini\u0173 gin\u010d\u0173 sprendimui.<\/p>\n","protected":false},"featured_media":22378,"comment_status":"open","ping_status":"closed","template":"","meta":{"_acf_changed":false,"site-sidebar-layout":"default","site-content-layout":"","ast-site-content-layout":"default","site-content-style":"default","site-sidebar-style":"default","ast-global-header-display":"","ast-banner-title-visibility":"","ast-main-header-display":"","ast-hfb-above-header-display":"","ast-hfb-below-header-display":"","ast-hfb-mobile-header-display":"","site-post-title":"","ast-breadcrumbs-content":"","ast-featured-img":"","footer-sml-layout":"","ast-disable-related-posts":"","theme-transparent-header-meta":"","adv-header-id-meta":"","stick-header-meta":"","header-above-stick-meta":"","header-main-stick-meta":"","header-below-stick-meta":"","astra-migrate-meta-layouts":"default","ast-page-background-enabled":"default","ast-page-background-meta":{"desktop":{"background-color":"","background-image":"","background-repeat":"repeat","background-position":"center center","background-size":"auto","background-attachment":"scroll","background-type":"","background-media":"","overlay-type":"","overlay-color":"","overlay-opacity":"","overlay-gradient":""},"tablet":{"background-color":"","background-image":"","background-repeat":"repeat","background-position":"center center","background-size":"auto","background-attachment":"scroll","background-type":"","background-media":"","overlay-type":"","overlay-color":"","overlay-opacity":"","overlay-gradient":""},"mobile":{"background-color":"","background-image":"","background-repeat":"repeat","background-position":"center center","background-size":"auto","background-attachment":"scroll","background-type":"","background-media":"","overlay-type":"","overlay-color":"","overlay-opacity":"","overlay-gradient":""}},"ast-content-background-meta":{"desktop":{"background-color":"var(--ast-global-color-4)","background-image":"","background-repeat":"repeat","background-position":"center center","background-size":"auto","background-attachment":"scroll","background-type":"","background-media":"","overlay-type":"","overlay-color":"","overlay-opacity":"","overlay-gradient":""},"tablet":{"background-color":"var(--ast-global-color-4)","background-image":"","background-repeat":"repeat","background-position":"center center","background-size":"auto","background-attachment":"scroll","background-type":"","background-media":"","overlay-type":"","overlay-color":"","overlay-opacity":"","overlay-gradient":""},"mobile":{"background-color":"var(--ast-global-color-4)","background-image":"","background-repeat":"repeat","background-position":"center center","background-size":"auto","background-attachment":"scroll","background-type":"","background-media":"","overlay-type":"","overlay-color":"","overlay-opacity":"","overlay-gradient":""}}},"product_brand":[],"product_cat":[436],"product_tag":[],"class_list":{"0":"post-22373","1":"product","2":"type-product","3":"status-publish","4":"has-post-thumbnail","6":"product_cat-teise","7":"desktop-align-left","8":"tablet-align-left","9":"mobile-align-left","11":"first","12":"instock","13":"shipping-taxable","14":"purchasable","15":"product-type-simple"},"acf":[],"yoast_head":"<!-- This site is optimized with the Yoast SEO plugin v27.0 - https:\/\/yoast.com\/product\/yoast-seo-wordpress\/ -->\n<title>Kriz\u0117, teis\u0117s vie\u0161patavimas ir \u017emogaus teis\u0117s<\/title>\n<meta name=\"description\" content=\"Autoriai: A. Andru\u0161kevi\u010dius, I. Isokait\u0117, D. Kriau\u010di\u016bnas, E. K\u016bris, G. Lastauskien\u0117, M. Lukas, E. Masnevait\u0117, A. Medelien\u0117, V. Mila\u0161i\u016bt\u0117, D. Petrylait\u0117,\" \/>\n<meta name=\"robots\" content=\"index, follow, max-snippet:-1, max-image-preview:large, max-video-preview:-1\" \/>\n<link rel=\"canonical\" href=\"https:\/\/skaitytaknyga.lt\/en\/produktas\/krize-teises-viespatavimas-ir-zmogaus-teises\/\" \/>\n<meta property=\"og:locale\" content=\"en_GB\" \/>\n<meta property=\"og:locale:alternate\" content=\"lt_LT\" \/>\n<meta property=\"og:type\" content=\"article\" \/>\n<meta property=\"og:title\" content=\"Kriz\u0117, teis\u0117s vie\u0161patavimas ir \u017emogaus teis\u0117s\" \/>\n<meta property=\"og:description\" content=\"Autoriai: A. Andru\u0161kevi\u010dius, I. Isokait\u0117, D. Kriau\u010di\u016bnas, E. K\u016bris, G. Lastauskien\u0117, M. Lukas, E. Masnevait\u0117, A. Medelien\u0117, V. Mila\u0161i\u016bt\u0117, D. Petrylait\u0117,\" \/>\n<meta property=\"og:url\" content=\"https:\/\/skaitytaknyga.lt\/en\/produktas\/krize-teises-viespatavimas-ir-zmogaus-teises\/\" \/>\n<meta property=\"og:site_name\" content=\"Skaitytaknyga\" \/>\n<meta property=\"article:publisher\" content=\"https:\/\/www.facebook.com\/skaitytaknyga\/\" \/>\n<meta property=\"article:modified_time\" content=\"2026-03-17T09:47:04+00:00\" \/>\n<meta property=\"og:image\" content=\"https:\/\/skaitytaknyga.lt\/wp-content\/uploads\/2025\/12\/Krize-teises-viespatavimas-ir-zmogaus-teises-1.webp\" \/>\n\t<meta property=\"og:image:width\" content=\"300\" \/>\n\t<meta property=\"og:image:height\" content=\"420\" \/>\n\t<meta property=\"og:image:type\" content=\"image\/webp\" \/>\n<meta name=\"twitter:card\" content=\"summary_large_image\" \/>\n<script type=\"application\/ld+json\" class=\"yoast-schema-graph\">{\"@context\":\"https:\/\/schema.org\",\"@graph\":[{\"@type\":\"WebPage\",\"@id\":\"https:\/\/skaitytaknyga.lt\/produktas\/krize-teises-viespatavimas-ir-zmogaus-teises\/\",\"url\":\"https:\/\/skaitytaknyga.lt\/produktas\/krize-teises-viespatavimas-ir-zmogaus-teises\/\",\"name\":\"Kriz\u0117, teis\u0117s vie\u0161patavimas ir \u017emogaus teis\u0117s\",\"isPartOf\":{\"@id\":\"https:\/\/skaitytaknyga.lt\/#website\"},\"primaryImageOfPage\":{\"@id\":\"https:\/\/skaitytaknyga.lt\/produktas\/krize-teises-viespatavimas-ir-zmogaus-teises\/#primaryimage\"},\"image\":{\"@id\":\"https:\/\/skaitytaknyga.lt\/produktas\/krize-teises-viespatavimas-ir-zmogaus-teises\/#primaryimage\"},\"thumbnailUrl\":\"https:\/\/skaitytaknyga.lt\/wp-content\/uploads\/2025\/12\/Krize-teises-viespatavimas-ir-zmogaus-teises-1.webp\",\"datePublished\":\"2025-12-20T17:10:05+00:00\",\"dateModified\":\"2026-03-17T09:47:04+00:00\",\"description\":\"Autoriai: A. Andru\u0161kevi\u010dius, I. Isokait\u0117, D. Kriau\u010di\u016bnas, E. K\u016bris, G. Lastauskien\u0117, M. Lukas, E. Masnevait\u0117, A. Medelien\u0117, V. Mila\u0161i\u016bt\u0117, D. Petrylait\u0117,\",\"breadcrumb\":{\"@id\":\"https:\/\/skaitytaknyga.lt\/produktas\/krize-teises-viespatavimas-ir-zmogaus-teises\/#breadcrumb\"},\"inLanguage\":\"en-GB\",\"potentialAction\":[{\"@type\":\"ReadAction\",\"target\":[\"https:\/\/skaitytaknyga.lt\/produktas\/krize-teises-viespatavimas-ir-zmogaus-teises\/\"]}]},{\"@type\":\"ImageObject\",\"inLanguage\":\"en-GB\",\"@id\":\"https:\/\/skaitytaknyga.lt\/produktas\/krize-teises-viespatavimas-ir-zmogaus-teises\/#primaryimage\",\"url\":\"https:\/\/skaitytaknyga.lt\/wp-content\/uploads\/2025\/12\/Krize-teises-viespatavimas-ir-zmogaus-teises-1.webp\",\"contentUrl\":\"https:\/\/skaitytaknyga.lt\/wp-content\/uploads\/2025\/12\/Krize-teises-viespatavimas-ir-zmogaus-teises-1.webp\",\"width\":300,\"height\":420,\"caption\":\"Kriz\u0117, teis\u0117s vie\u0161patavimas ir \u017emogaus teis\u0117s (1)\"},{\"@type\":\"BreadcrumbList\",\"@id\":\"https:\/\/skaitytaknyga.lt\/produktas\/krize-teises-viespatavimas-ir-zmogaus-teises\/#breadcrumb\",\"itemListElement\":[{\"@type\":\"ListItem\",\"position\":1,\"name\":\"Home\",\"item\":\"https:\/\/skaitytaknyga.lt\/\"},{\"@type\":\"ListItem\",\"position\":2,\"name\":\"Parduotuv\u0117\",\"item\":\"https:\/\/skaitytaknyga.lt\/knygu-parduotuve\/\"},{\"@type\":\"ListItem\",\"position\":3,\"name\":\"Kriz\u0117, teis\u0117s vie\u0161patavimas ir \u017emogaus teis\u0117s\"}]},{\"@type\":\"WebSite\",\"@id\":\"https:\/\/skaitytaknyga.lt\/#website\",\"url\":\"https:\/\/skaitytaknyga.lt\/\",\"name\":\"skaitytaknyga.lt\",\"description\":\"Skaitytaknyga.lt \u2013 tai ma\u017eas \u0161eimos verslas, kuris prasid\u0117jo nuo meil\u0117s knygoms ir siekio i\u0161gelb\u0117ti knygas nuo likimo prie konteinerio. Kas vienam nereikalingas daiktas \u2013 kitam lobis, o mes esame tarpininkai, kurie padeda abiems tapti laimingesniems ???? \u017dinome kaip nelengva i\u0161gyventi ma\u017eiems verslams, tad nuo \u0161iol, \u010dia rasite ir kit\u0173, ma\u017e\u0173 \u0161eim\u0173 versl\u0173, rank\u0173 darbo, dovan\u0173 sau ir artimiesiems.\",\"publisher\":{\"@id\":\"https:\/\/skaitytaknyga.lt\/#organization\"},\"potentialAction\":[{\"@type\":\"SearchAction\",\"target\":{\"@type\":\"EntryPoint\",\"urlTemplate\":\"https:\/\/skaitytaknyga.lt\/?s={search_term_string}\"},\"query-input\":{\"@type\":\"PropertyValueSpecification\",\"valueRequired\":true,\"valueName\":\"search_term_string\"}}],\"inLanguage\":\"en-GB\"},{\"@type\":\"Organization\",\"@id\":\"https:\/\/skaitytaknyga.lt\/#organization\",\"name\":\"skaitytaknyga.lt\",\"url\":\"https:\/\/skaitytaknyga.lt\/\",\"logo\":{\"@type\":\"ImageObject\",\"inLanguage\":\"en-GB\",\"@id\":\"https:\/\/skaitytaknyga.lt\/#\/schema\/logo\/image\/\",\"url\":\"https:\/\/skaitytaknyga.lt\/wp-content\/uploads\/2024\/05\/cropped-cropped-cropped-02_00843_jt3bggkj1j3HLc7SyY6rEUpg.jpeg\",\"contentUrl\":\"https:\/\/skaitytaknyga.lt\/wp-content\/uploads\/2024\/05\/cropped-cropped-cropped-02_00843_jt3bggkj1j3HLc7SyY6rEUpg.jpeg\",\"width\":1600,\"height\":1600,\"caption\":\"skaitytaknyga.lt\"},\"image\":{\"@id\":\"https:\/\/skaitytaknyga.lt\/#\/schema\/logo\/image\/\"},\"sameAs\":[\"https:\/\/www.facebook.com\/skaitytaknyga\/\"]}]}<\/script>\n<!-- \/ Yoast SEO plugin. -->","yoast_head_json":{"title":"Kriz\u0117, teis\u0117s vie\u0161patavimas ir \u017emogaus teis\u0117s","description":"Autoriai: A. Andru\u0161kevi\u010dius, I. Isokait\u0117, D. Kriau\u010di\u016bnas, E. K\u016bris, G. Lastauskien\u0117, M. Lukas, E. Masnevait\u0117, A. Medelien\u0117, V. Mila\u0161i\u016bt\u0117, D. Petrylait\u0117,","robots":{"index":"index","follow":"follow","max-snippet":"max-snippet:-1","max-image-preview":"max-image-preview:large","max-video-preview":"max-video-preview:-1"},"canonical":"https:\/\/skaitytaknyga.lt\/en\/produktas\/krize-teises-viespatavimas-ir-zmogaus-teises\/","og_locale":"en_GB","og_type":"article","og_title":"[:lt]Kriz\u0117, teis\u0117s vie\u0161patavimas ir \u017emogaus teis\u0117s[:] - Skaitytaknyga","og_description":"Autoriai: A. Andru\u0161kevi\u010dius, I. Isokait\u0117, D. Kriau\u010di\u016bnas, E. K\u016bris, G. Lastauskien\u0117, M. Lukas, E. Masnevait\u0117, A. Medelien\u0117, V. Mila\u0161i\u016bt\u0117, D. Petrylait\u0117,","og_url":"https:\/\/skaitytaknyga.lt\/en\/produktas\/krize-teises-viespatavimas-ir-zmogaus-teises\/","og_site_name":"Skaitytaknyga","article_publisher":"https:\/\/www.facebook.com\/skaitytaknyga\/","article_modified_time":"2026-03-17T09:47:04+00:00","og_image":[{"width":300,"height":420,"url":"https:\/\/skaitytaknyga.lt\/wp-content\/uploads\/2025\/12\/Krize-teises-viespatavimas-ir-zmogaus-teises-1.webp","type":"image\/webp"}],"twitter_card":"summary_large_image","schema":{"@context":"https:\/\/schema.org","@graph":[{"@type":"WebPage","@id":"https:\/\/skaitytaknyga.lt\/produktas\/krize-teises-viespatavimas-ir-zmogaus-teises\/","url":"https:\/\/skaitytaknyga.lt\/produktas\/krize-teises-viespatavimas-ir-zmogaus-teises\/","name":"Kriz\u0117, teis\u0117s vie\u0161patavimas ir \u017emogaus teis\u0117s","isPartOf":{"@id":"https:\/\/skaitytaknyga.lt\/#website"},"primaryImageOfPage":{"@id":"https:\/\/skaitytaknyga.lt\/produktas\/krize-teises-viespatavimas-ir-zmogaus-teises\/#primaryimage"},"image":{"@id":"https:\/\/skaitytaknyga.lt\/produktas\/krize-teises-viespatavimas-ir-zmogaus-teises\/#primaryimage"},"thumbnailUrl":"https:\/\/skaitytaknyga.lt\/wp-content\/uploads\/2025\/12\/Krize-teises-viespatavimas-ir-zmogaus-teises-1.webp","datePublished":"2025-12-20T17:10:05+00:00","dateModified":"2026-03-17T09:47:04+00:00","description":"Autoriai: A. Andru\u0161kevi\u010dius, I. Isokait\u0117, D. Kriau\u010di\u016bnas, E. K\u016bris, G. Lastauskien\u0117, M. Lukas, E. Masnevait\u0117, A. Medelien\u0117, V. Mila\u0161i\u016bt\u0117, D. Petrylait\u0117,","breadcrumb":{"@id":"https:\/\/skaitytaknyga.lt\/produktas\/krize-teises-viespatavimas-ir-zmogaus-teises\/#breadcrumb"},"inLanguage":"en-GB","potentialAction":[{"@type":"ReadAction","target":["https:\/\/skaitytaknyga.lt\/produktas\/krize-teises-viespatavimas-ir-zmogaus-teises\/"]}]},{"@type":"ImageObject","inLanguage":"en-GB","@id":"https:\/\/skaitytaknyga.lt\/produktas\/krize-teises-viespatavimas-ir-zmogaus-teises\/#primaryimage","url":"https:\/\/skaitytaknyga.lt\/wp-content\/uploads\/2025\/12\/Krize-teises-viespatavimas-ir-zmogaus-teises-1.webp","contentUrl":"https:\/\/skaitytaknyga.lt\/wp-content\/uploads\/2025\/12\/Krize-teises-viespatavimas-ir-zmogaus-teises-1.webp","width":300,"height":420,"caption":"Kriz\u0117, teis\u0117s vie\u0161patavimas ir \u017emogaus teis\u0117s (1)"},{"@type":"BreadcrumbList","@id":"https:\/\/skaitytaknyga.lt\/produktas\/krize-teises-viespatavimas-ir-zmogaus-teises\/#breadcrumb","itemListElement":[{"@type":"ListItem","position":1,"name":"Home","item":"https:\/\/skaitytaknyga.lt\/"},{"@type":"ListItem","position":2,"name":"Parduotuv\u0117","item":"https:\/\/skaitytaknyga.lt\/knygu-parduotuve\/"},{"@type":"ListItem","position":3,"name":"Kriz\u0117, teis\u0117s vie\u0161patavimas ir \u017emogaus teis\u0117s"}]},{"@type":"WebSite","@id":"https:\/\/skaitytaknyga.lt\/#website","url":"https:\/\/skaitytaknyga.lt\/","name":"skaitytaknyga.lt","description":"Skaitytaknyga.lt \u2013 tai ma\u017eas \u0161eimos verslas, kuris prasid\u0117jo nuo meil\u0117s knygoms ir siekio i\u0161gelb\u0117ti knygas nuo likimo prie konteinerio. Kas vienam nereikalingas daiktas \u2013 kitam lobis, o mes esame tarpininkai, kurie padeda abiems tapti laimingesniems ???? \u017dinome kaip nelengva i\u0161gyventi ma\u017eiems verslams, tad nuo \u0161iol, \u010dia rasite ir kit\u0173, ma\u017e\u0173 \u0161eim\u0173 versl\u0173, rank\u0173 darbo, dovan\u0173 sau ir artimiesiems.","publisher":{"@id":"https:\/\/skaitytaknyga.lt\/#organization"},"potentialAction":[{"@type":"SearchAction","target":{"@type":"EntryPoint","urlTemplate":"https:\/\/skaitytaknyga.lt\/?s={search_term_string}"},"query-input":{"@type":"PropertyValueSpecification","valueRequired":true,"valueName":"search_term_string"}}],"inLanguage":"en-GB"},{"@type":"Organization","@id":"https:\/\/skaitytaknyga.lt\/#organization","name":"skaitytaknyga.lt","url":"https:\/\/skaitytaknyga.lt\/","logo":{"@type":"ImageObject","inLanguage":"en-GB","@id":"https:\/\/skaitytaknyga.lt\/#\/schema\/logo\/image\/","url":"https:\/\/skaitytaknyga.lt\/wp-content\/uploads\/2024\/05\/cropped-cropped-cropped-02_00843_jt3bggkj1j3HLc7SyY6rEUpg.jpeg","contentUrl":"https:\/\/skaitytaknyga.lt\/wp-content\/uploads\/2024\/05\/cropped-cropped-cropped-02_00843_jt3bggkj1j3HLc7SyY6rEUpg.jpeg","width":1600,"height":1600,"caption":"skaitytaknyga.lt"},"image":{"@id":"https:\/\/skaitytaknyga.lt\/#\/schema\/logo\/image\/"},"sameAs":["https:\/\/www.facebook.com\/skaitytaknyga\/"]}]}},"_links":{"self":[{"href":"https:\/\/skaitytaknyga.lt\/en\/wp-json\/wp\/v2\/product\/22373","targetHints":{"allow":["GET"]}}],"collection":[{"href":"https:\/\/skaitytaknyga.lt\/en\/wp-json\/wp\/v2\/product"}],"about":[{"href":"https:\/\/skaitytaknyga.lt\/en\/wp-json\/wp\/v2\/types\/product"}],"replies":[{"embeddable":true,"href":"https:\/\/skaitytaknyga.lt\/en\/wp-json\/wp\/v2\/comments?post=22373"}],"wp:featuredmedia":[{"embeddable":true,"href":"https:\/\/skaitytaknyga.lt\/en\/wp-json\/wp\/v2\/media\/22378"}],"wp:attachment":[{"href":"https:\/\/skaitytaknyga.lt\/en\/wp-json\/wp\/v2\/media?parent=22373"}],"wp:term":[{"taxonomy":"product_brand","embeddable":true,"href":"https:\/\/skaitytaknyga.lt\/en\/wp-json\/wp\/v2\/product_brand?post=22373"},{"taxonomy":"product_cat","embeddable":true,"href":"https:\/\/skaitytaknyga.lt\/en\/wp-json\/wp\/v2\/product_cat?post=22373"},{"taxonomy":"product_tag","embeddable":true,"href":"https:\/\/skaitytaknyga.lt\/en\/wp-json\/wp\/v2\/product_tag?post=22373"}],"curies":[{"name":"wp","href":"https:\/\/api.w.org\/{rel}","templated":true}]}}