{"id":22361,"date":"2025-12-20T18:55:35","date_gmt":"2025-12-20T16:55:35","guid":{"rendered":"https:\/\/skaitytaknyga.lt\/?post_type=product&#038;p=22361"},"modified":"2025-12-20T19:06:40","modified_gmt":"2025-12-20T17:06:40","slug":"lengva-galva-kaip-ismokti-gyventi-be-itampos-geriau-susikaupti-ir-tapti-kurybiskiems","status":"publish","type":"product","link":"https:\/\/skaitytaknyga.lt\/en\/produktas\/lengva-galva-kaip-ismokti-gyventi-be-itampos-geriau-susikaupti-ir-tapti-kurybiskiems\/","title":{"rendered":"Lengva galva. Kaip i\u0161mokti gyventi be \u012ftampos, geriau susikaupti ir tapti k\u016brybi\u0161kiems"},"content":{"rendered":"<p>Mes m\u0117gstame daryti ka\u017ek\u0105 gero savo k\u016bnui \u2013 r\u016bpinam\u0117s sveika mityba, sportuojame, puo\u0161iame madingais drabu\u017eiais ar d\u017eiaugiam\u0117s nauja \u0161ukuosena. Ta\u010diau ar kada pasir\u016bpiname savo galva bei smegenimis?<\/p>\n<p>Vis daugiau \u017emoni\u0173 jau\u010diasi perdeg\u0119 nuo mil\u017eini\u0161ko \u0161i\u0173 dien\u0173 informacijos srauto. Elektroniniai lai\u0161kai, \u017einiasklaidos vartojimas, nuolatinis SMS pyps\u0117jimas, multitaskinimas bei vis greit\u0117jantis gyvenimo tempas perpildo m\u016bs\u0173 galvas, ir m\u016bs\u0173 d\u0117mesys tampa pavir\u0161utini\u0161kas. Jau\u010diam\u0117s pervarg\u0119, i\u0161sek\u0119, da\u017enai nerimaujame, darome klaid\u0173, prast\u0117ja atmintis, vis da\u017eniau skaitome tik fragmenti\u0161kai, o svarbiausia \u2013 nebegalime susikaupti net tam, kas i\u0161 ties\u0173 svarbu.<\/p>\n<p>\u201eI\u0161laisvinkite savo galvas!&#8221; \u2013 ragina neurologas, psichiatras, praktikuojantis terapeutas ir knyg\u0173 autorius prof. Volkeris Buschas. \u0160ioje knygoje jis pristato patikrint\u0105 d\u0117mesingumo ir k\u016brybi\u0161kumo didinimo bei streso ma\u017einimo koncepcij\u0105, kuri Vokietijoje sulauk\u0117 mil\u017eini\u0161ko d\u0117mesio ir pripa\u017einimo. Remdamasis \u012fdomiomis neuromokslini\u0173 tyrim\u0173 i\u0161vadomis ir ilgamete terapine patirtimi, knygos autorius pateikia nauding\u0105 praktik\u0105, kuri\u0105 \u012fvald\u0119 j\u016bs:<\/p>\n<p>i\u0161moksite s\u0105moningai ir tikslingai atsirinkti tai, kas jums svarbu;<br \/>\npagerinsite d\u0117mes\u012f ir atmint\u012f;<br \/>\nlengviau priimsite sprendimus;<br \/>\npl\u0117tosite k\u016brybines galias;<br \/>\no svarbiausia \u2013 i\u0161moksite suvaldyti stres\u0105 savo gyvenime.<br \/>\n\u0160ioje knygoje pateiktos \u017einios ne tik suteiks praktin\u0117s naudos, bet ir praturtins intelektualiai. Kartu su autoriumi aplankysite Mark\u0105 Tven\u0105 jo sode, vakarieniausite su Loriotu, b\u016bsite neeilin\u0117s \u201eOskar\u0173&#8221; ceremonijos liudininkais, i\u0161gersite kavos su Charlesu Dickensu, su\u017einosite \u0160erloko Holmso paslapt\u012f ir daug daugiau. Visos \u0161ios istorijos pad\u0117s geriau \u012fsavinti mokslines ir praktines \u017einias, o \u0161ios knygos skaitym\u0105 pavers nepamir\u0161tamu nuotykiu.<\/p>\n","protected":false},"excerpt":{"rendered":"<p>Mes m\u0117gstame daryti ka\u017ek\u0105 gero savo k\u016bnui \u2013 r\u016bpinam\u0117s sveika mityba, sportuojame, puo\u0161iame madingais drabu\u017eiais ar d\u017eiaugiam\u0117s nauja \u0161ukuosena. Ta\u010diau ar kada pasir\u016bpiname savo galva bei smegenimis? Vis daugiau \u017emoni\u0173 jau\u010diasi perdeg\u0119 nuo mil\u017eini\u0161ko \u0161i\u0173 dien\u0173 informacijos srauto. Elektroniniai lai\u0161kai, \u017einiasklaidos vartojimas, nuolatinis SMS pyps\u0117jimas, multitaskinimas bei vis greit\u0117jantis gyvenimo tempas perpildo m\u016bs\u0173 galvas, ir m\u016bs\u0173 d\u0117mesys tampa pavir\u0161utini\u0161kas. Jau\u010diam\u0117s pervarg\u0119, i\u0161sek\u0119, da\u017enai nerimaujame, darome klaid\u0173, prast\u0117ja atmintis, vis da\u017eniau skaitome tik fragmenti\u0161kai, o svarbiausia \u2013 nebegalime susikaupti net tam, kas i\u0161 ties\u0173 svarbu. \u201eI\u0161laisvinkite savo galvas!&#8221; \u2013 ragina neurologas, psichiatras, praktikuojantis terapeutas ir knyg\u0173 autorius prof. Volkeris Buschas. \u0160ioje knygoje jis pristato patikrint\u0105 d\u0117mesingumo ir k\u016brybi\u0161kumo didinimo bei streso ma\u017einimo koncepcij\u0105, kuri Vokietijoje sulauk\u0117 mil\u017eini\u0161ko d\u0117mesio ir pripa\u017einimo. Remdamasis \u012fdomiomis neuromokslini\u0173 tyrim\u0173 i\u0161vadomis ir ilgamete terapine patirtimi, knygos autorius pateikia nauding\u0105 praktik\u0105, kuri\u0105 \u012fvald\u0119 j\u016bs: i\u0161moksite s\u0105moningai ir tikslingai atsirinkti tai, kas jums svarbu; pagerinsite d\u0117mes\u012f ir atmint\u012f; lengviau priimsite sprendimus; pl\u0117tosite k\u016brybines galias; o svarbiausia \u2013 i\u0161moksite suvaldyti stres\u0105 savo gyvenime. \u0160ioje knygoje pateiktos \u017einios ne tik suteiks praktin\u0117s naudos, bet ir praturtins intelektualiai. Kartu su autoriumi aplankysite Mark\u0105 Tven\u0105 jo sode, vakarieniausite su Loriotu, b\u016bsite neeilin\u0117s \u201eOskar\u0173&#8221; ceremonijos liudininkais, i\u0161gersite kavos su Charlesu Dickensu, su\u017einosite \u0160erloko Holmso paslapt\u012f ir daug daugiau. Visos \u0161ios istorijos pad\u0117s geriau \u012fsavinti mokslines ir praktines \u017einias, o \u0161ios knygos skaitym\u0105 pavers nepamir\u0161tamu nuotykiu.<\/p>\n","protected":false},"featured_media":22366,"comment_status":"open","ping_status":"closed","template":"","meta":{"_acf_changed":false,"site-sidebar-layout":"default","site-content-layout":"","ast-site-content-layout":"default","site-content-style":"default","site-sidebar-style":"default","ast-global-header-display":"","ast-banner-title-visibility":"","ast-main-header-display":"","ast-hfb-above-header-display":"","ast-hfb-below-header-display":"","ast-hfb-mobile-header-display":"","site-post-title":"","ast-breadcrumbs-content":"","ast-featured-img":"","footer-sml-layout":"","ast-disable-related-posts":"","theme-transparent-header-meta":"","adv-header-id-meta":"","stick-header-meta":"","header-above-stick-meta":"","header-main-stick-meta":"","header-below-stick-meta":"","astra-migrate-meta-layouts":"default","ast-page-background-enabled":"default","ast-page-background-meta":{"desktop":{"background-color":"","background-image":"","background-repeat":"repeat","background-position":"center center","background-size":"auto","background-attachment":"scroll","background-type":"","background-media":"","overlay-type":"","overlay-color":"","overlay-opacity":"","overlay-gradient":""},"tablet":{"background-color":"","background-image":"","background-repeat":"repeat","background-position":"center center","background-size":"auto","background-attachment":"scroll","background-type":"","background-media":"","overlay-type":"","overlay-color":"","overlay-opacity":"","overlay-gradient":""},"mobile":{"background-color":"","background-image":"","background-repeat":"repeat","background-position":"center center","background-size":"auto","background-attachment":"scroll","background-type":"","background-media":"","overlay-type":"","overlay-color":"","overlay-opacity":"","overlay-gradient":""}},"ast-content-background-meta":{"desktop":{"background-color":"var(--ast-global-color-4)","background-image":"","background-repeat":"repeat","background-position":"center center","background-size":"auto","background-attachment":"scroll","background-type":"","background-media":"","overlay-type":"","overlay-color":"","overlay-opacity":"","overlay-gradient":""},"tablet":{"background-color":"var(--ast-global-color-4)","background-image":"","background-repeat":"repeat","background-position":"center center","background-size":"auto","background-attachment":"scroll","background-type":"","background-media":"","overlay-type":"","overlay-color":"","overlay-opacity":"","overlay-gradient":""},"mobile":{"background-color":"var(--ast-global-color-4)","background-image":"","background-repeat":"repeat","background-position":"center center","background-size":"auto","background-attachment":"scroll","background-type":"","background-media":"","overlay-type":"","overlay-color":"","overlay-opacity":"","overlay-gradient":""}}},"product_brand":[],"product_cat":[30],"product_tag":[],"class_list":{"0":"post-22361","1":"product","2":"type-product","3":"status-publish","4":"has-post-thumbnail","6":"product_cat-psichologija-ir-saviugda","7":"desktop-align-left","8":"tablet-align-left","9":"mobile-align-left","11":"first","12":"instock","13":"shipping-taxable","14":"purchasable","15":"product-type-simple"},"acf":[],"yoast_head":"<!-- This site is optimized with the Yoast SEO plugin v27.0 - https:\/\/yoast.com\/product\/yoast-seo-wordpress\/ -->\n<title>Lengva galva. Kaip i\u0161mokti gyventi be \u012ftampos, geriau susikaupti ir tapti k\u016brybi\u0161kiems<\/title>\n<meta name=\"description\" content=\"Mes m\u0117gstame daryti ka\u017ek\u0105 gero savo k\u016bnui \u2013 r\u016bpinam\u0117s sveika mityba, sportuojame, puo\u0161iame madingais drabu\u017eiais ar d\u017eiaugiam\u0117s nauja \u0161ukuosena. Ta\u010diau ar\" \/>\n<meta name=\"robots\" content=\"index, follow, max-snippet:-1, max-image-preview:large, max-video-preview:-1\" \/>\n<link rel=\"canonical\" href=\"https:\/\/skaitytaknyga.lt\/en\/produktas\/lengva-galva-kaip-ismokti-gyventi-be-itampos-geriau-susikaupti-ir-tapti-kurybiskiems\/\" \/>\n<meta property=\"og:locale\" content=\"en_GB\" \/>\n<meta property=\"og:locale:alternate\" content=\"lt_LT\" \/>\n<meta property=\"og:type\" content=\"article\" \/>\n<meta property=\"og:title\" content=\"Lengva galva. Kaip i\u0161mokti gyventi be \u012ftampos, geriau susikaupti ir tapti k\u016brybi\u0161kiems\" \/>\n<meta property=\"og:description\" content=\"Mes m\u0117gstame daryti ka\u017ek\u0105 gero savo k\u016bnui \u2013 r\u016bpinam\u0117s sveika mityba, sportuojame, puo\u0161iame madingais drabu\u017eiais ar d\u017eiaugiam\u0117s nauja \u0161ukuosena. Ta\u010diau ar\" \/>\n<meta property=\"og:url\" content=\"https:\/\/skaitytaknyga.lt\/en\/produktas\/lengva-galva-kaip-ismokti-gyventi-be-itampos-geriau-susikaupti-ir-tapti-kurybiskiems\/\" \/>\n<meta property=\"og:site_name\" content=\"Skaitytaknyga\" \/>\n<meta property=\"article:publisher\" content=\"https:\/\/www.facebook.com\/skaitytaknyga\/\" \/>\n<meta property=\"article:modified_time\" content=\"2025-12-20T17:06:40+00:00\" \/>\n<meta property=\"og:image\" content=\"https:\/\/skaitytaknyga.lt\/wp-content\/uploads\/2025\/12\/Lengva-galva.-Kaip-ismokti-gyventi-be-itampos-geriau-susikaupti-ir-tapti-kurybiskiems-1.webp\" \/>\n\t<meta property=\"og:image:width\" content=\"300\" \/>\n\t<meta property=\"og:image:height\" content=\"440\" \/>\n\t<meta property=\"og:image:type\" content=\"image\/webp\" \/>\n<meta name=\"twitter:card\" content=\"summary_large_image\" \/>\n<meta name=\"twitter:label1\" content=\"Estimated reading time\" \/>\n\t<meta name=\"twitter:data1\" content=\"1 minute\" \/>\n<script type=\"application\/ld+json\" class=\"yoast-schema-graph\">{\"@context\":\"https:\/\/schema.org\",\"@graph\":[{\"@type\":\"WebPage\",\"@id\":\"https:\/\/skaitytaknyga.lt\/produktas\/lengva-galva-kaip-ismokti-gyventi-be-itampos-geriau-susikaupti-ir-tapti-kurybiskiems\/\",\"url\":\"https:\/\/skaitytaknyga.lt\/produktas\/lengva-galva-kaip-ismokti-gyventi-be-itampos-geriau-susikaupti-ir-tapti-kurybiskiems\/\",\"name\":\"Lengva galva. Kaip i\u0161mokti gyventi be \u012ftampos, geriau susikaupti ir tapti k\u016brybi\u0161kiems\",\"isPartOf\":{\"@id\":\"https:\/\/skaitytaknyga.lt\/#website\"},\"primaryImageOfPage\":{\"@id\":\"https:\/\/skaitytaknyga.lt\/produktas\/lengva-galva-kaip-ismokti-gyventi-be-itampos-geriau-susikaupti-ir-tapti-kurybiskiems\/#primaryimage\"},\"image\":{\"@id\":\"https:\/\/skaitytaknyga.lt\/produktas\/lengva-galva-kaip-ismokti-gyventi-be-itampos-geriau-susikaupti-ir-tapti-kurybiskiems\/#primaryimage\"},\"thumbnailUrl\":\"https:\/\/skaitytaknyga.lt\/wp-content\/uploads\/2025\/12\/Lengva-galva.-Kaip-ismokti-gyventi-be-itampos-geriau-susikaupti-ir-tapti-kurybiskiems-1.webp\",\"datePublished\":\"2025-12-20T16:55:35+00:00\",\"dateModified\":\"2025-12-20T17:06:40+00:00\",\"description\":\"Mes m\u0117gstame daryti ka\u017ek\u0105 gero savo k\u016bnui \u2013 r\u016bpinam\u0117s sveika mityba, sportuojame, puo\u0161iame madingais drabu\u017eiais ar d\u017eiaugiam\u0117s nauja \u0161ukuosena. Ta\u010diau ar\",\"breadcrumb\":{\"@id\":\"https:\/\/skaitytaknyga.lt\/produktas\/lengva-galva-kaip-ismokti-gyventi-be-itampos-geriau-susikaupti-ir-tapti-kurybiskiems\/#breadcrumb\"},\"inLanguage\":\"en-GB\",\"potentialAction\":[{\"@type\":\"ReadAction\",\"target\":[\"https:\/\/skaitytaknyga.lt\/produktas\/lengva-galva-kaip-ismokti-gyventi-be-itampos-geriau-susikaupti-ir-tapti-kurybiskiems\/\"]}]},{\"@type\":\"ImageObject\",\"inLanguage\":\"en-GB\",\"@id\":\"https:\/\/skaitytaknyga.lt\/produktas\/lengva-galva-kaip-ismokti-gyventi-be-itampos-geriau-susikaupti-ir-tapti-kurybiskiems\/#primaryimage\",\"url\":\"https:\/\/skaitytaknyga.lt\/wp-content\/uploads\/2025\/12\/Lengva-galva.-Kaip-ismokti-gyventi-be-itampos-geriau-susikaupti-ir-tapti-kurybiskiems-1.webp\",\"contentUrl\":\"https:\/\/skaitytaknyga.lt\/wp-content\/uploads\/2025\/12\/Lengva-galva.-Kaip-ismokti-gyventi-be-itampos-geriau-susikaupti-ir-tapti-kurybiskiems-1.webp\",\"width\":300,\"height\":440,\"caption\":\"Lengva galva. Kaip i\u0161mokti gyventi be \u012ftampos, geriau susikaupti ir tapti k\u016brybi\u0161kiems\"},{\"@type\":\"BreadcrumbList\",\"@id\":\"https:\/\/skaitytaknyga.lt\/produktas\/lengva-galva-kaip-ismokti-gyventi-be-itampos-geriau-susikaupti-ir-tapti-kurybiskiems\/#breadcrumb\",\"itemListElement\":[{\"@type\":\"ListItem\",\"position\":1,\"name\":\"Home\",\"item\":\"https:\/\/skaitytaknyga.lt\/\"},{\"@type\":\"ListItem\",\"position\":2,\"name\":\"Parduotuv\u0117\",\"item\":\"https:\/\/skaitytaknyga.lt\/knygu-parduotuve\/\"},{\"@type\":\"ListItem\",\"position\":3,\"name\":\"Lengva galva. Kaip i\u0161mokti gyventi be \u012ftampos, geriau susikaupti ir tapti k\u016brybi\u0161kiems\"}]},{\"@type\":\"WebSite\",\"@id\":\"https:\/\/skaitytaknyga.lt\/#website\",\"url\":\"https:\/\/skaitytaknyga.lt\/\",\"name\":\"skaitytaknyga.lt\",\"description\":\"Skaitytaknyga.lt \u2013 tai ma\u017eas \u0161eimos verslas, kuris prasid\u0117jo nuo meil\u0117s knygoms ir siekio i\u0161gelb\u0117ti knygas nuo likimo prie konteinerio. Kas vienam nereikalingas daiktas \u2013 kitam lobis, o mes esame tarpininkai, kurie padeda abiems tapti laimingesniems ???? \u017dinome kaip nelengva i\u0161gyventi ma\u017eiems verslams, tad nuo \u0161iol, \u010dia rasite ir kit\u0173, ma\u017e\u0173 \u0161eim\u0173 versl\u0173, rank\u0173 darbo, dovan\u0173 sau ir artimiesiems.\",\"publisher\":{\"@id\":\"https:\/\/skaitytaknyga.lt\/#organization\"},\"potentialAction\":[{\"@type\":\"SearchAction\",\"target\":{\"@type\":\"EntryPoint\",\"urlTemplate\":\"https:\/\/skaitytaknyga.lt\/?s={search_term_string}\"},\"query-input\":{\"@type\":\"PropertyValueSpecification\",\"valueRequired\":true,\"valueName\":\"search_term_string\"}}],\"inLanguage\":\"en-GB\"},{\"@type\":\"Organization\",\"@id\":\"https:\/\/skaitytaknyga.lt\/#organization\",\"name\":\"skaitytaknyga.lt\",\"url\":\"https:\/\/skaitytaknyga.lt\/\",\"logo\":{\"@type\":\"ImageObject\",\"inLanguage\":\"en-GB\",\"@id\":\"https:\/\/skaitytaknyga.lt\/#\/schema\/logo\/image\/\",\"url\":\"https:\/\/skaitytaknyga.lt\/wp-content\/uploads\/2024\/05\/cropped-cropped-cropped-02_00843_jt3bggkj1j3HLc7SyY6rEUpg.jpeg\",\"contentUrl\":\"https:\/\/skaitytaknyga.lt\/wp-content\/uploads\/2024\/05\/cropped-cropped-cropped-02_00843_jt3bggkj1j3HLc7SyY6rEUpg.jpeg\",\"width\":1600,\"height\":1600,\"caption\":\"skaitytaknyga.lt\"},\"image\":{\"@id\":\"https:\/\/skaitytaknyga.lt\/#\/schema\/logo\/image\/\"},\"sameAs\":[\"https:\/\/www.facebook.com\/skaitytaknyga\/\"]}]}<\/script>\n<!-- \/ Yoast SEO plugin. -->","yoast_head_json":{"title":"Lengva galva. Kaip i\u0161mokti gyventi be \u012ftampos, geriau susikaupti ir tapti k\u016brybi\u0161kiems","description":"Mes m\u0117gstame daryti ka\u017ek\u0105 gero savo k\u016bnui \u2013 r\u016bpinam\u0117s sveika mityba, sportuojame, puo\u0161iame madingais drabu\u017eiais ar d\u017eiaugiam\u0117s nauja \u0161ukuosena. Ta\u010diau ar","robots":{"index":"index","follow":"follow","max-snippet":"max-snippet:-1","max-image-preview":"max-image-preview:large","max-video-preview":"max-video-preview:-1"},"canonical":"https:\/\/skaitytaknyga.lt\/en\/produktas\/lengva-galva-kaip-ismokti-gyventi-be-itampos-geriau-susikaupti-ir-tapti-kurybiskiems\/","og_locale":"en_GB","og_type":"article","og_title":"[:lt]Lengva galva. Kaip i\u0161mokti gyventi be \u012ftampos, geriau susikaupti ir tapti k\u016brybi\u0161kiems[:] - Skaitytaknyga","og_description":"Mes m\u0117gstame daryti ka\u017ek\u0105 gero savo k\u016bnui \u2013 r\u016bpinam\u0117s sveika mityba, sportuojame, puo\u0161iame madingais drabu\u017eiais ar d\u017eiaugiam\u0117s nauja \u0161ukuosena. Ta\u010diau ar","og_url":"https:\/\/skaitytaknyga.lt\/en\/produktas\/lengva-galva-kaip-ismokti-gyventi-be-itampos-geriau-susikaupti-ir-tapti-kurybiskiems\/","og_site_name":"Skaitytaknyga","article_publisher":"https:\/\/www.facebook.com\/skaitytaknyga\/","article_modified_time":"2025-12-20T17:06:40+00:00","og_image":[{"width":300,"height":440,"url":"https:\/\/skaitytaknyga.lt\/wp-content\/uploads\/2025\/12\/Lengva-galva.-Kaip-ismokti-gyventi-be-itampos-geriau-susikaupti-ir-tapti-kurybiskiems-1.webp","type":"image\/webp"}],"twitter_card":"summary_large_image","twitter_misc":{"Estimated reading time":"1 minute"},"schema":{"@context":"https:\/\/schema.org","@graph":[{"@type":"WebPage","@id":"https:\/\/skaitytaknyga.lt\/produktas\/lengva-galva-kaip-ismokti-gyventi-be-itampos-geriau-susikaupti-ir-tapti-kurybiskiems\/","url":"https:\/\/skaitytaknyga.lt\/produktas\/lengva-galva-kaip-ismokti-gyventi-be-itampos-geriau-susikaupti-ir-tapti-kurybiskiems\/","name":"Lengva galva. Kaip i\u0161mokti gyventi be \u012ftampos, geriau susikaupti ir tapti k\u016brybi\u0161kiems","isPartOf":{"@id":"https:\/\/skaitytaknyga.lt\/#website"},"primaryImageOfPage":{"@id":"https:\/\/skaitytaknyga.lt\/produktas\/lengva-galva-kaip-ismokti-gyventi-be-itampos-geriau-susikaupti-ir-tapti-kurybiskiems\/#primaryimage"},"image":{"@id":"https:\/\/skaitytaknyga.lt\/produktas\/lengva-galva-kaip-ismokti-gyventi-be-itampos-geriau-susikaupti-ir-tapti-kurybiskiems\/#primaryimage"},"thumbnailUrl":"https:\/\/skaitytaknyga.lt\/wp-content\/uploads\/2025\/12\/Lengva-galva.-Kaip-ismokti-gyventi-be-itampos-geriau-susikaupti-ir-tapti-kurybiskiems-1.webp","datePublished":"2025-12-20T16:55:35+00:00","dateModified":"2025-12-20T17:06:40+00:00","description":"Mes m\u0117gstame daryti ka\u017ek\u0105 gero savo k\u016bnui \u2013 r\u016bpinam\u0117s sveika mityba, sportuojame, puo\u0161iame madingais drabu\u017eiais ar d\u017eiaugiam\u0117s nauja \u0161ukuosena. Ta\u010diau ar","breadcrumb":{"@id":"https:\/\/skaitytaknyga.lt\/produktas\/lengva-galva-kaip-ismokti-gyventi-be-itampos-geriau-susikaupti-ir-tapti-kurybiskiems\/#breadcrumb"},"inLanguage":"en-GB","potentialAction":[{"@type":"ReadAction","target":["https:\/\/skaitytaknyga.lt\/produktas\/lengva-galva-kaip-ismokti-gyventi-be-itampos-geriau-susikaupti-ir-tapti-kurybiskiems\/"]}]},{"@type":"ImageObject","inLanguage":"en-GB","@id":"https:\/\/skaitytaknyga.lt\/produktas\/lengva-galva-kaip-ismokti-gyventi-be-itampos-geriau-susikaupti-ir-tapti-kurybiskiems\/#primaryimage","url":"https:\/\/skaitytaknyga.lt\/wp-content\/uploads\/2025\/12\/Lengva-galva.-Kaip-ismokti-gyventi-be-itampos-geriau-susikaupti-ir-tapti-kurybiskiems-1.webp","contentUrl":"https:\/\/skaitytaknyga.lt\/wp-content\/uploads\/2025\/12\/Lengva-galva.-Kaip-ismokti-gyventi-be-itampos-geriau-susikaupti-ir-tapti-kurybiskiems-1.webp","width":300,"height":440,"caption":"Lengva galva. Kaip i\u0161mokti gyventi be \u012ftampos, geriau susikaupti ir tapti k\u016brybi\u0161kiems"},{"@type":"BreadcrumbList","@id":"https:\/\/skaitytaknyga.lt\/produktas\/lengva-galva-kaip-ismokti-gyventi-be-itampos-geriau-susikaupti-ir-tapti-kurybiskiems\/#breadcrumb","itemListElement":[{"@type":"ListItem","position":1,"name":"Home","item":"https:\/\/skaitytaknyga.lt\/"},{"@type":"ListItem","position":2,"name":"Parduotuv\u0117","item":"https:\/\/skaitytaknyga.lt\/knygu-parduotuve\/"},{"@type":"ListItem","position":3,"name":"Lengva galva. Kaip i\u0161mokti gyventi be \u012ftampos, geriau susikaupti ir tapti k\u016brybi\u0161kiems"}]},{"@type":"WebSite","@id":"https:\/\/skaitytaknyga.lt\/#website","url":"https:\/\/skaitytaknyga.lt\/","name":"skaitytaknyga.lt","description":"Skaitytaknyga.lt \u2013 tai ma\u017eas \u0161eimos verslas, kuris prasid\u0117jo nuo meil\u0117s knygoms ir siekio i\u0161gelb\u0117ti knygas nuo likimo prie konteinerio. Kas vienam nereikalingas daiktas \u2013 kitam lobis, o mes esame tarpininkai, kurie padeda abiems tapti laimingesniems ???? \u017dinome kaip nelengva i\u0161gyventi ma\u017eiems verslams, tad nuo \u0161iol, \u010dia rasite ir kit\u0173, ma\u017e\u0173 \u0161eim\u0173 versl\u0173, rank\u0173 darbo, dovan\u0173 sau ir artimiesiems.","publisher":{"@id":"https:\/\/skaitytaknyga.lt\/#organization"},"potentialAction":[{"@type":"SearchAction","target":{"@type":"EntryPoint","urlTemplate":"https:\/\/skaitytaknyga.lt\/?s={search_term_string}"},"query-input":{"@type":"PropertyValueSpecification","valueRequired":true,"valueName":"search_term_string"}}],"inLanguage":"en-GB"},{"@type":"Organization","@id":"https:\/\/skaitytaknyga.lt\/#organization","name":"skaitytaknyga.lt","url":"https:\/\/skaitytaknyga.lt\/","logo":{"@type":"ImageObject","inLanguage":"en-GB","@id":"https:\/\/skaitytaknyga.lt\/#\/schema\/logo\/image\/","url":"https:\/\/skaitytaknyga.lt\/wp-content\/uploads\/2024\/05\/cropped-cropped-cropped-02_00843_jt3bggkj1j3HLc7SyY6rEUpg.jpeg","contentUrl":"https:\/\/skaitytaknyga.lt\/wp-content\/uploads\/2024\/05\/cropped-cropped-cropped-02_00843_jt3bggkj1j3HLc7SyY6rEUpg.jpeg","width":1600,"height":1600,"caption":"skaitytaknyga.lt"},"image":{"@id":"https:\/\/skaitytaknyga.lt\/#\/schema\/logo\/image\/"},"sameAs":["https:\/\/www.facebook.com\/skaitytaknyga\/"]}]}},"_links":{"self":[{"href":"https:\/\/skaitytaknyga.lt\/en\/wp-json\/wp\/v2\/product\/22361","targetHints":{"allow":["GET"]}}],"collection":[{"href":"https:\/\/skaitytaknyga.lt\/en\/wp-json\/wp\/v2\/product"}],"about":[{"href":"https:\/\/skaitytaknyga.lt\/en\/wp-json\/wp\/v2\/types\/product"}],"replies":[{"embeddable":true,"href":"https:\/\/skaitytaknyga.lt\/en\/wp-json\/wp\/v2\/comments?post=22361"}],"wp:featuredmedia":[{"embeddable":true,"href":"https:\/\/skaitytaknyga.lt\/en\/wp-json\/wp\/v2\/media\/22366"}],"wp:attachment":[{"href":"https:\/\/skaitytaknyga.lt\/en\/wp-json\/wp\/v2\/media?parent=22361"}],"wp:term":[{"taxonomy":"product_brand","embeddable":true,"href":"https:\/\/skaitytaknyga.lt\/en\/wp-json\/wp\/v2\/product_brand?post=22361"},{"taxonomy":"product_cat","embeddable":true,"href":"https:\/\/skaitytaknyga.lt\/en\/wp-json\/wp\/v2\/product_cat?post=22361"},{"taxonomy":"product_tag","embeddable":true,"href":"https:\/\/skaitytaknyga.lt\/en\/wp-json\/wp\/v2\/product_tag?post=22361"}],"curies":[{"name":"wp","href":"https:\/\/api.w.org\/{rel}","templated":true}]}}