{"id":22350,"date":"2025-12-20T18:19:09","date_gmt":"2025-12-20T16:19:09","guid":{"rendered":"https:\/\/skaitytaknyga.lt\/?post_type=product&#038;p=22350"},"modified":"2026-03-18T14:59:41","modified_gmt":"2026-03-18T12:59:41","slug":"valstybe-ir-istorija","status":"publish","type":"product","link":"https:\/\/skaitytaknyga.lt\/en\/produktas\/valstybe-ir-istorija\/","title":{"rendered":"Valstyb\u0117 ir istorija"},"content":{"rendered":"<p>\u0160ioje knygoje \u201eValstyb\u0117 ir istorija&#8221; yra apm\u0105stomas istorijos ir valstyb\u0117s santykis \u2013 valstyb\u0117s istorijos politikos formavimo prielaidos, kryptys ir vertinimo kriterijai. Pagrindinis \u0161ios knygos tikslas \u2013 \u012fvardyti i\u0161\u0161\u016bkius ir \u012fvertinti Lietuvos istorin\u0117s atminties diskurso veiksmingum\u0105 globalizacijos kontekste.<\/p>\n<p>Pirmojoje knygos dalyje apm\u0105stomas valstyb\u0117s ir istorijos santykis, kuris padeda i\u0161ry\u0161kinti valstyb\u0117s atsako \u012f m\u016bs\u0173 laik\u0173 i\u0161\u0161\u016bkius institucines ir ideologines prielaidas.<\/p>\n<p>Antroji knygos dalis artikuliuoja \u0161iandieni\u0173 i\u0161\u0161\u016bki\u0173 tautinei valstybei esm\u0119.<\/p>\n<p>Tre\u010diojoje knygos dalyje ai\u0161kinamasi, koks yra realus politinis Lietuvos atsakas \u012f suformuluotus i\u0161\u0161\u016bkius Lietuvos valstybei.<\/p>\n<p>Knygos \u201eValstyb\u0117 ir istorija&#8221; prieduose pateikiamos rekomendacijos istorijos politikos formuotojams, grind\u017eiamos atlikt\u0173 tyrim\u0173 \u012f\u017evalgomis.<\/p>\n","protected":false},"excerpt":{"rendered":"<p>\u0160ioje knygoje \u201eValstyb\u0117 ir istorija&#8221; yra apm\u0105stomas istorijos ir valstyb\u0117s santykis \u2013 valstyb\u0117s istorijos politikos formavimo prielaidos, kryptys ir vertinimo kriterijai. Pagrindinis \u0161ios knygos tikslas \u2013 \u012fvardyti i\u0161\u0161\u016bkius ir \u012fvertinti Lietuvos istorin\u0117s atminties diskurso veiksmingum\u0105 globalizacijos kontekste. Pirmojoje knygos dalyje apm\u0105stomas valstyb\u0117s ir istorijos santykis, kuris padeda i\u0161ry\u0161kinti valstyb\u0117s atsako \u012f m\u016bs\u0173 laik\u0173 i\u0161\u0161\u016bkius institucines ir ideologines prielaidas. Antroji knygos dalis artikuliuoja \u0161iandieni\u0173 i\u0161\u0161\u016bki\u0173 tautinei valstybei esm\u0119. Tre\u010diojoje knygos dalyje ai\u0161kinamasi, koks yra realus politinis Lietuvos atsakas \u012f suformuluotus i\u0161\u0161\u016bkius Lietuvos valstybei. Knygos \u201eValstyb\u0117 ir istorija&#8221; prieduose pateikiamos rekomendacijos istorijos politikos formuotojams, grind\u017eiamos atlikt\u0173 tyrim\u0173 \u012f\u017evalgomis.<\/p>\n","protected":false},"featured_media":22355,"comment_status":"open","ping_status":"closed","template":"","meta":{"_acf_changed":false,"site-sidebar-layout":"default","site-content-layout":"","ast-site-content-layout":"default","site-content-style":"default","site-sidebar-style":"default","ast-global-header-display":"","ast-banner-title-visibility":"","ast-main-header-display":"","ast-hfb-above-header-display":"","ast-hfb-below-header-display":"","ast-hfb-mobile-header-display":"","site-post-title":"","ast-breadcrumbs-content":"","ast-featured-img":"","footer-sml-layout":"","ast-disable-related-posts":"","theme-transparent-header-meta":"","adv-header-id-meta":"","stick-header-meta":"","header-above-stick-meta":"","header-main-stick-meta":"","header-below-stick-meta":"","astra-migrate-meta-layouts":"default","ast-page-background-enabled":"default","ast-page-background-meta":{"desktop":{"background-color":"","background-image":"","background-repeat":"repeat","background-position":"center center","background-size":"auto","background-attachment":"scroll","background-type":"","background-media":"","overlay-type":"","overlay-color":"","overlay-opacity":"","overlay-gradient":""},"tablet":{"background-color":"","background-image":"","background-repeat":"repeat","background-position":"center center","background-size":"auto","background-attachment":"scroll","background-type":"","background-media":"","overlay-type":"","overlay-color":"","overlay-opacity":"","overlay-gradient":""},"mobile":{"background-color":"","background-image":"","background-repeat":"repeat","background-position":"center center","background-size":"auto","background-attachment":"scroll","background-type":"","background-media":"","overlay-type":"","overlay-color":"","overlay-opacity":"","overlay-gradient":""}},"ast-content-background-meta":{"desktop":{"background-color":"var(--ast-global-color-4)","background-image":"","background-repeat":"repeat","background-position":"center center","background-size":"auto","background-attachment":"scroll","background-type":"","background-media":"","overlay-type":"","overlay-color":"","overlay-opacity":"","overlay-gradient":""},"tablet":{"background-color":"var(--ast-global-color-4)","background-image":"","background-repeat":"repeat","background-position":"center center","background-size":"auto","background-attachment":"scroll","background-type":"","background-media":"","overlay-type":"","overlay-color":"","overlay-opacity":"","overlay-gradient":""},"mobile":{"background-color":"var(--ast-global-color-4)","background-image":"","background-repeat":"repeat","background-position":"center center","background-size":"auto","background-attachment":"scroll","background-type":"","background-media":"","overlay-type":"","overlay-color":"","overlay-opacity":"","overlay-gradient":""}}},"product_brand":[],"product_cat":[9862,174],"product_tag":[],"class_list":{"0":"post-22350","1":"product","2":"type-product","3":"status-publish","4":"has-post-thumbnail","6":"product_cat-lietuvos-istorija","7":"product_cat-istorija-ir-politologija","8":"desktop-align-left","9":"tablet-align-left","10":"mobile-align-left","12":"first","13":"instock","14":"shipping-taxable","15":"purchasable","16":"product-type-simple"},"acf":[],"yoast_head":"<!-- This site is optimized with the Yoast SEO plugin v27.0 - https:\/\/yoast.com\/product\/yoast-seo-wordpress\/ -->\n<title>Valstyb\u0117 ir istorija<\/title>\n<meta name=\"description\" content=\"\u0160ioje knygoje \u201eValstyb\u0117 ir istorija&quot; yra apm\u0105stomas istorijos ir valstyb\u0117s santykis \u2013 valstyb\u0117s istorijos politikos formavimo prielaidos, kryptys ir\" \/>\n<meta name=\"robots\" content=\"index, follow, max-snippet:-1, max-image-preview:large, max-video-preview:-1\" \/>\n<link rel=\"canonical\" href=\"https:\/\/skaitytaknyga.lt\/en\/produktas\/valstybe-ir-istorija\/\" \/>\n<meta property=\"og:locale\" content=\"en_GB\" \/>\n<meta property=\"og:locale:alternate\" content=\"lt_LT\" \/>\n<meta property=\"og:type\" content=\"article\" \/>\n<meta property=\"og:title\" content=\"Valstyb\u0117 ir istorija\" \/>\n<meta property=\"og:description\" content=\"\u0160ioje knygoje \u201eValstyb\u0117 ir istorija&quot; yra apm\u0105stomas istorijos ir valstyb\u0117s santykis \u2013 valstyb\u0117s istorijos politikos formavimo prielaidos, kryptys ir\" \/>\n<meta property=\"og:url\" content=\"https:\/\/skaitytaknyga.lt\/en\/produktas\/valstybe-ir-istorija\/\" \/>\n<meta property=\"og:site_name\" content=\"Skaitytaknyga\" \/>\n<meta property=\"article:publisher\" content=\"https:\/\/www.facebook.com\/skaitytaknyga\/\" \/>\n<meta property=\"article:modified_time\" content=\"2026-03-18T12:59:41+00:00\" \/>\n<meta property=\"og:image\" content=\"https:\/\/skaitytaknyga.lt\/wp-content\/uploads\/2025\/12\/Valstybe-ir-istorija-1.webp\" \/>\n\t<meta property=\"og:image:width\" content=\"572\" \/>\n\t<meta property=\"og:image:height\" content=\"801\" \/>\n\t<meta property=\"og:image:type\" content=\"image\/webp\" \/>\n<meta name=\"twitter:card\" content=\"summary_large_image\" \/>\n<meta name=\"twitter:label1\" content=\"Estimated reading time\" \/>\n\t<meta name=\"twitter:data1\" content=\"1 minute\" \/>\n<script type=\"application\/ld+json\" class=\"yoast-schema-graph\">{\"@context\":\"https:\/\/schema.org\",\"@graph\":[{\"@type\":\"WebPage\",\"@id\":\"https:\/\/skaitytaknyga.lt\/produktas\/valstybe-ir-istorija\/\",\"url\":\"https:\/\/skaitytaknyga.lt\/produktas\/valstybe-ir-istorija\/\",\"name\":\"Valstyb\u0117 ir istorija\",\"isPartOf\":{\"@id\":\"https:\/\/skaitytaknyga.lt\/#website\"},\"primaryImageOfPage\":{\"@id\":\"https:\/\/skaitytaknyga.lt\/produktas\/valstybe-ir-istorija\/#primaryimage\"},\"image\":{\"@id\":\"https:\/\/skaitytaknyga.lt\/produktas\/valstybe-ir-istorija\/#primaryimage\"},\"thumbnailUrl\":\"https:\/\/skaitytaknyga.lt\/wp-content\/uploads\/2025\/12\/Valstybe-ir-istorija-1.webp\",\"datePublished\":\"2025-12-20T16:19:09+00:00\",\"dateModified\":\"2026-03-18T12:59:41+00:00\",\"description\":\"\u0160ioje knygoje \u201eValstyb\u0117 ir istorija\\\" yra apm\u0105stomas istorijos ir valstyb\u0117s santykis \u2013 valstyb\u0117s istorijos politikos formavimo prielaidos, kryptys ir\",\"breadcrumb\":{\"@id\":\"https:\/\/skaitytaknyga.lt\/produktas\/valstybe-ir-istorija\/#breadcrumb\"},\"inLanguage\":\"en-GB\",\"potentialAction\":[{\"@type\":\"ReadAction\",\"target\":[\"https:\/\/skaitytaknyga.lt\/produktas\/valstybe-ir-istorija\/\"]}]},{\"@type\":\"ImageObject\",\"inLanguage\":\"en-GB\",\"@id\":\"https:\/\/skaitytaknyga.lt\/produktas\/valstybe-ir-istorija\/#primaryimage\",\"url\":\"https:\/\/skaitytaknyga.lt\/wp-content\/uploads\/2025\/12\/Valstybe-ir-istorija-1.webp\",\"contentUrl\":\"https:\/\/skaitytaknyga.lt\/wp-content\/uploads\/2025\/12\/Valstybe-ir-istorija-1.webp\",\"width\":572,\"height\":801,\"caption\":\"Valstyb\u0117 ir istorija\"},{\"@type\":\"BreadcrumbList\",\"@id\":\"https:\/\/skaitytaknyga.lt\/produktas\/valstybe-ir-istorija\/#breadcrumb\",\"itemListElement\":[{\"@type\":\"ListItem\",\"position\":1,\"name\":\"Home\",\"item\":\"https:\/\/skaitytaknyga.lt\/\"},{\"@type\":\"ListItem\",\"position\":2,\"name\":\"Parduotuv\u0117\",\"item\":\"https:\/\/skaitytaknyga.lt\/knygu-parduotuve\/\"},{\"@type\":\"ListItem\",\"position\":3,\"name\":\"Valstyb\u0117 ir istorija\"}]},{\"@type\":\"WebSite\",\"@id\":\"https:\/\/skaitytaknyga.lt\/#website\",\"url\":\"https:\/\/skaitytaknyga.lt\/\",\"name\":\"skaitytaknyga.lt\",\"description\":\"Skaitytaknyga.lt \u2013 tai ma\u017eas \u0161eimos verslas, kuris prasid\u0117jo nuo meil\u0117s knygoms ir siekio i\u0161gelb\u0117ti knygas nuo likimo prie konteinerio. Kas vienam nereikalingas daiktas \u2013 kitam lobis, o mes esame tarpininkai, kurie padeda abiems tapti laimingesniems ???? \u017dinome kaip nelengva i\u0161gyventi ma\u017eiems verslams, tad nuo \u0161iol, \u010dia rasite ir kit\u0173, ma\u017e\u0173 \u0161eim\u0173 versl\u0173, rank\u0173 darbo, dovan\u0173 sau ir artimiesiems.\",\"publisher\":{\"@id\":\"https:\/\/skaitytaknyga.lt\/#organization\"},\"potentialAction\":[{\"@type\":\"SearchAction\",\"target\":{\"@type\":\"EntryPoint\",\"urlTemplate\":\"https:\/\/skaitytaknyga.lt\/?s={search_term_string}\"},\"query-input\":{\"@type\":\"PropertyValueSpecification\",\"valueRequired\":true,\"valueName\":\"search_term_string\"}}],\"inLanguage\":\"en-GB\"},{\"@type\":\"Organization\",\"@id\":\"https:\/\/skaitytaknyga.lt\/#organization\",\"name\":\"skaitytaknyga.lt\",\"url\":\"https:\/\/skaitytaknyga.lt\/\",\"logo\":{\"@type\":\"ImageObject\",\"inLanguage\":\"en-GB\",\"@id\":\"https:\/\/skaitytaknyga.lt\/#\/schema\/logo\/image\/\",\"url\":\"https:\/\/skaitytaknyga.lt\/wp-content\/uploads\/2024\/05\/cropped-cropped-cropped-02_00843_jt3bggkj1j3HLc7SyY6rEUpg.jpeg\",\"contentUrl\":\"https:\/\/skaitytaknyga.lt\/wp-content\/uploads\/2024\/05\/cropped-cropped-cropped-02_00843_jt3bggkj1j3HLc7SyY6rEUpg.jpeg\",\"width\":1600,\"height\":1600,\"caption\":\"skaitytaknyga.lt\"},\"image\":{\"@id\":\"https:\/\/skaitytaknyga.lt\/#\/schema\/logo\/image\/\"},\"sameAs\":[\"https:\/\/www.facebook.com\/skaitytaknyga\/\"]}]}<\/script>\n<!-- \/ Yoast SEO plugin. -->","yoast_head_json":{"title":"Valstyb\u0117 ir istorija","description":"\u0160ioje knygoje \u201eValstyb\u0117 ir istorija\" yra apm\u0105stomas istorijos ir valstyb\u0117s santykis \u2013 valstyb\u0117s istorijos politikos formavimo prielaidos, kryptys ir","robots":{"index":"index","follow":"follow","max-snippet":"max-snippet:-1","max-image-preview":"max-image-preview:large","max-video-preview":"max-video-preview:-1"},"canonical":"https:\/\/skaitytaknyga.lt\/en\/produktas\/valstybe-ir-istorija\/","og_locale":"en_GB","og_type":"article","og_title":"[:lt]Valstyb\u0117 ir istorija[:] - Skaitytaknyga","og_description":"\u0160ioje knygoje \u201eValstyb\u0117 ir istorija\" yra apm\u0105stomas istorijos ir valstyb\u0117s santykis \u2013 valstyb\u0117s istorijos politikos formavimo prielaidos, kryptys ir","og_url":"https:\/\/skaitytaknyga.lt\/en\/produktas\/valstybe-ir-istorija\/","og_site_name":"Skaitytaknyga","article_publisher":"https:\/\/www.facebook.com\/skaitytaknyga\/","article_modified_time":"2026-03-18T12:59:41+00:00","og_image":[{"width":572,"height":801,"url":"https:\/\/skaitytaknyga.lt\/wp-content\/uploads\/2025\/12\/Valstybe-ir-istorija-1.webp","type":"image\/webp"}],"twitter_card":"summary_large_image","twitter_misc":{"Estimated reading time":"1 minute"},"schema":{"@context":"https:\/\/schema.org","@graph":[{"@type":"WebPage","@id":"https:\/\/skaitytaknyga.lt\/produktas\/valstybe-ir-istorija\/","url":"https:\/\/skaitytaknyga.lt\/produktas\/valstybe-ir-istorija\/","name":"Valstyb\u0117 ir istorija","isPartOf":{"@id":"https:\/\/skaitytaknyga.lt\/#website"},"primaryImageOfPage":{"@id":"https:\/\/skaitytaknyga.lt\/produktas\/valstybe-ir-istorija\/#primaryimage"},"image":{"@id":"https:\/\/skaitytaknyga.lt\/produktas\/valstybe-ir-istorija\/#primaryimage"},"thumbnailUrl":"https:\/\/skaitytaknyga.lt\/wp-content\/uploads\/2025\/12\/Valstybe-ir-istorija-1.webp","datePublished":"2025-12-20T16:19:09+00:00","dateModified":"2026-03-18T12:59:41+00:00","description":"\u0160ioje knygoje \u201eValstyb\u0117 ir istorija\" yra apm\u0105stomas istorijos ir valstyb\u0117s santykis \u2013 valstyb\u0117s istorijos politikos formavimo prielaidos, kryptys ir","breadcrumb":{"@id":"https:\/\/skaitytaknyga.lt\/produktas\/valstybe-ir-istorija\/#breadcrumb"},"inLanguage":"en-GB","potentialAction":[{"@type":"ReadAction","target":["https:\/\/skaitytaknyga.lt\/produktas\/valstybe-ir-istorija\/"]}]},{"@type":"ImageObject","inLanguage":"en-GB","@id":"https:\/\/skaitytaknyga.lt\/produktas\/valstybe-ir-istorija\/#primaryimage","url":"https:\/\/skaitytaknyga.lt\/wp-content\/uploads\/2025\/12\/Valstybe-ir-istorija-1.webp","contentUrl":"https:\/\/skaitytaknyga.lt\/wp-content\/uploads\/2025\/12\/Valstybe-ir-istorija-1.webp","width":572,"height":801,"caption":"Valstyb\u0117 ir istorija"},{"@type":"BreadcrumbList","@id":"https:\/\/skaitytaknyga.lt\/produktas\/valstybe-ir-istorija\/#breadcrumb","itemListElement":[{"@type":"ListItem","position":1,"name":"Home","item":"https:\/\/skaitytaknyga.lt\/"},{"@type":"ListItem","position":2,"name":"Parduotuv\u0117","item":"https:\/\/skaitytaknyga.lt\/knygu-parduotuve\/"},{"@type":"ListItem","position":3,"name":"Valstyb\u0117 ir istorija"}]},{"@type":"WebSite","@id":"https:\/\/skaitytaknyga.lt\/#website","url":"https:\/\/skaitytaknyga.lt\/","name":"skaitytaknyga.lt","description":"Skaitytaknyga.lt \u2013 tai ma\u017eas \u0161eimos verslas, kuris prasid\u0117jo nuo meil\u0117s knygoms ir siekio i\u0161gelb\u0117ti knygas nuo likimo prie konteinerio. Kas vienam nereikalingas daiktas \u2013 kitam lobis, o mes esame tarpininkai, kurie padeda abiems tapti laimingesniems ???? \u017dinome kaip nelengva i\u0161gyventi ma\u017eiems verslams, tad nuo \u0161iol, \u010dia rasite ir kit\u0173, ma\u017e\u0173 \u0161eim\u0173 versl\u0173, rank\u0173 darbo, dovan\u0173 sau ir artimiesiems.","publisher":{"@id":"https:\/\/skaitytaknyga.lt\/#organization"},"potentialAction":[{"@type":"SearchAction","target":{"@type":"EntryPoint","urlTemplate":"https:\/\/skaitytaknyga.lt\/?s={search_term_string}"},"query-input":{"@type":"PropertyValueSpecification","valueRequired":true,"valueName":"search_term_string"}}],"inLanguage":"en-GB"},{"@type":"Organization","@id":"https:\/\/skaitytaknyga.lt\/#organization","name":"skaitytaknyga.lt","url":"https:\/\/skaitytaknyga.lt\/","logo":{"@type":"ImageObject","inLanguage":"en-GB","@id":"https:\/\/skaitytaknyga.lt\/#\/schema\/logo\/image\/","url":"https:\/\/skaitytaknyga.lt\/wp-content\/uploads\/2024\/05\/cropped-cropped-cropped-02_00843_jt3bggkj1j3HLc7SyY6rEUpg.jpeg","contentUrl":"https:\/\/skaitytaknyga.lt\/wp-content\/uploads\/2024\/05\/cropped-cropped-cropped-02_00843_jt3bggkj1j3HLc7SyY6rEUpg.jpeg","width":1600,"height":1600,"caption":"skaitytaknyga.lt"},"image":{"@id":"https:\/\/skaitytaknyga.lt\/#\/schema\/logo\/image\/"},"sameAs":["https:\/\/www.facebook.com\/skaitytaknyga\/"]}]}},"_links":{"self":[{"href":"https:\/\/skaitytaknyga.lt\/en\/wp-json\/wp\/v2\/product\/22350","targetHints":{"allow":["GET"]}}],"collection":[{"href":"https:\/\/skaitytaknyga.lt\/en\/wp-json\/wp\/v2\/product"}],"about":[{"href":"https:\/\/skaitytaknyga.lt\/en\/wp-json\/wp\/v2\/types\/product"}],"replies":[{"embeddable":true,"href":"https:\/\/skaitytaknyga.lt\/en\/wp-json\/wp\/v2\/comments?post=22350"}],"wp:featuredmedia":[{"embeddable":true,"href":"https:\/\/skaitytaknyga.lt\/en\/wp-json\/wp\/v2\/media\/22355"}],"wp:attachment":[{"href":"https:\/\/skaitytaknyga.lt\/en\/wp-json\/wp\/v2\/media?parent=22350"}],"wp:term":[{"taxonomy":"product_brand","embeddable":true,"href":"https:\/\/skaitytaknyga.lt\/en\/wp-json\/wp\/v2\/product_brand?post=22350"},{"taxonomy":"product_cat","embeddable":true,"href":"https:\/\/skaitytaknyga.lt\/en\/wp-json\/wp\/v2\/product_cat?post=22350"},{"taxonomy":"product_tag","embeddable":true,"href":"https:\/\/skaitytaknyga.lt\/en\/wp-json\/wp\/v2\/product_tag?post=22350"}],"curies":[{"name":"wp","href":"https:\/\/api.w.org\/{rel}","templated":true}]}}