{"id":22339,"date":"2025-12-20T17:54:15","date_gmt":"2025-12-20T15:54:15","guid":{"rendered":"https:\/\/skaitytaknyga.lt\/?post_type=product&#038;p=22339"},"modified":"2026-02-26T10:10:23","modified_gmt":"2026-02-26T08:10:23","slug":"taip-laimingas-kardinola-audri-juoza-backi-kalbina-antanas-gailius","status":"publish","type":"product","link":"https:\/\/skaitytaknyga.lt\/en\/produktas\/taip-laimingas-kardinola-audri-juoza-backi-kalbina-antanas-gailius\/","title":{"rendered":"Taip, laimingas. Kardinol\u0105 Audr\u012f Juoz\u0105 Ba\u010dk\u012f kalbina Antanas Gailius"},"content":{"rendered":"<p>M\u016bs\u0173 vis\u0173 mylimas ir gerbiamas J. E. kardinolas Audrys Juozas Ba\u010dkis, sulauk\u0119s garbingo am\u017eiaus ir pasitrauk\u0119s i\u0161 Vilniaus Arkivyskupo sosto, pagaliau turi laiko maloniems u\u017esi\u0117mimas. Su savo geru bi\u010diuliu, poetu, vert\u0117ju, Nacionalin\u0117s premijos laureatu Antanu Gailiumi jis valand\u0173 valandas kalb\u0117josi ir pasakojo apie ilg\u0105 ir marg\u0105 savo gyvenim\u0105 \u2013 vaikyst\u0119 lietuvi\u0173 inteligent\u0173 \u0161eimoje Pary\u017eiuje, tarnyst\u0119 Ba\u017eny\u010diai apa\u0161tali\u0161kosiose nunciat\u016brose Turkijoje, Nigerijoje ir kituose tolimuose kra\u0161tuose, glaud\u0173 bendradarbiavim\u0105 su mylimu popie\u017eiumi Jonu Pauliumi II Romos Kurijoje, galiausiai, apie Vilniaus arkivyskupij\u0105 ir \u012fnirting\u0105 darb\u0105, atkuriant nepriklausomyb\u0119 atgavusi\u0105 Lietuv\u0105 ir jos santykius su Visuotine Ba\u017eny\u010dia.<\/p>\n<p>Knyga \u201eTaip, laimingas. Kardinol\u0105 Audr\u012f Juoz\u0105 Ba\u010dk\u012f kalbina Antanas Gailius\u201c prat\u0119sia Kardinolo misij\u0105 \u201egr\u0105\u017einti\u201c Lietuv\u0105 Visuotinei Ba\u017eny\u010diai: jo pasakojimai apie darb\u0105 sve\u010diose \u0161alyse labai informatyv\u016bs, apie tai Lietuvoje ma\u017eai \u017einoma, o \u201elietuvi\u0161kieji\u201c prisiminimai aktual\u016bs, nes yra taip arti dabarties.<\/p>\n<p>Remdamasis savo turtinga patirtimi, kardinolas Audrys Juozas Ba\u010dkis, kur\u012f neb\u016bt\u0173 per dr\u0105su vadinti vienu i\u0161kiliausi\u0173 XX a. lietuvi\u0173, dosniai ir atvirai pasakoja apie Ba\u017eny\u010dios strukt\u016bras ir jos santykius su tautomis ir valstyb\u0117mis, per\u017evelgia susitikimus su i\u0161kiliausiais politikais ir paprastais tikin\u010diaisiais, \u0161maik\u0161tauja apie savo s\u0117kmes ir nes\u0117kmes.<\/p>\n","protected":false},"excerpt":{"rendered":"<p>M\u016bs\u0173 vis\u0173 mylimas ir gerbiamas J. E. kardinolas Audrys Juozas Ba\u010dkis, sulauk\u0119s garbingo am\u017eiaus ir pasitrauk\u0119s i\u0161 Vilniaus Arkivyskupo sosto, pagaliau turi laiko maloniems u\u017esi\u0117mimas. Su savo geru bi\u010diuliu, poetu, vert\u0117ju, Nacionalin\u0117s premijos laureatu Antanu Gailiumi jis valand\u0173 valandas kalb\u0117josi ir pasakojo apie ilg\u0105 ir marg\u0105 savo gyvenim\u0105 \u2013 vaikyst\u0119 lietuvi\u0173 inteligent\u0173 \u0161eimoje Pary\u017eiuje, tarnyst\u0119 Ba\u017eny\u010diai apa\u0161tali\u0161kosiose nunciat\u016brose Turkijoje, Nigerijoje ir kituose tolimuose kra\u0161tuose, glaud\u0173 bendradarbiavim\u0105 su mylimu popie\u017eiumi Jonu Pauliumi II Romos Kurijoje, galiausiai, apie Vilniaus arkivyskupij\u0105 ir \u012fnirting\u0105 darb\u0105, atkuriant nepriklausomyb\u0119 atgavusi\u0105 Lietuv\u0105 ir jos santykius su Visuotine Ba\u017eny\u010dia. Knyga \u201eTaip, laimingas. Kardinol\u0105 Audr\u012f Juoz\u0105 Ba\u010dk\u012f kalbina Antanas Gailius\u201c prat\u0119sia Kardinolo misij\u0105 \u201egr\u0105\u017einti\u201c Lietuv\u0105 Visuotinei Ba\u017eny\u010diai: jo pasakojimai apie darb\u0105 sve\u010diose \u0161alyse labai informatyv\u016bs, apie tai Lietuvoje ma\u017eai \u017einoma, o \u201elietuvi\u0161kieji\u201c prisiminimai aktual\u016bs, nes yra taip arti dabarties. Remdamasis savo turtinga patirtimi, kardinolas Audrys Juozas Ba\u010dkis, kur\u012f neb\u016bt\u0173 per dr\u0105su vadinti vienu i\u0161kiliausi\u0173 XX a. lietuvi\u0173, dosniai ir atvirai pasakoja apie Ba\u017eny\u010dios strukt\u016bras ir jos santykius su tautomis ir valstyb\u0117mis, per\u017evelgia susitikimus su i\u0161kiliausiais politikais ir paprastais tikin\u010diaisiais, \u0161maik\u0161tauja apie savo s\u0117kmes ir nes\u0117kmes.<\/p>\n","protected":false},"featured_media":22344,"comment_status":"open","ping_status":"closed","template":"","meta":{"_acf_changed":false,"site-sidebar-layout":"default","site-content-layout":"","ast-site-content-layout":"default","site-content-style":"default","site-sidebar-style":"default","ast-global-header-display":"","ast-banner-title-visibility":"","ast-main-header-display":"","ast-hfb-above-header-display":"","ast-hfb-below-header-display":"","ast-hfb-mobile-header-display":"","site-post-title":"","ast-breadcrumbs-content":"","ast-featured-img":"","footer-sml-layout":"","ast-disable-related-posts":"","theme-transparent-header-meta":"","adv-header-id-meta":"","stick-header-meta":"","header-above-stick-meta":"","header-main-stick-meta":"","header-below-stick-meta":"","astra-migrate-meta-layouts":"default","ast-page-background-enabled":"default","ast-page-background-meta":{"desktop":{"background-color":"","background-image":"","background-repeat":"repeat","background-position":"center center","background-size":"auto","background-attachment":"scroll","background-type":"","background-media":"","overlay-type":"","overlay-color":"","overlay-opacity":"","overlay-gradient":""},"tablet":{"background-color":"","background-image":"","background-repeat":"repeat","background-position":"center center","background-size":"auto","background-attachment":"scroll","background-type":"","background-media":"","overlay-type":"","overlay-color":"","overlay-opacity":"","overlay-gradient":""},"mobile":{"background-color":"","background-image":"","background-repeat":"repeat","background-position":"center center","background-size":"auto","background-attachment":"scroll","background-type":"","background-media":"","overlay-type":"","overlay-color":"","overlay-opacity":"","overlay-gradient":""}},"ast-content-background-meta":{"desktop":{"background-color":"var(--ast-global-color-4)","background-image":"","background-repeat":"repeat","background-position":"center center","background-size":"auto","background-attachment":"scroll","background-type":"","background-media":"","overlay-type":"","overlay-color":"","overlay-opacity":"","overlay-gradient":""},"tablet":{"background-color":"var(--ast-global-color-4)","background-image":"","background-repeat":"repeat","background-position":"center center","background-size":"auto","background-attachment":"scroll","background-type":"","background-media":"","overlay-type":"","overlay-color":"","overlay-opacity":"","overlay-gradient":""},"mobile":{"background-color":"var(--ast-global-color-4)","background-image":"","background-repeat":"repeat","background-position":"center center","background-size":"auto","background-attachment":"scroll","background-type":"","background-media":"","overlay-type":"","overlay-color":"","overlay-opacity":"","overlay-gradient":""}}},"product_brand":[],"product_cat":[33,165],"product_tag":[],"class_list":{"0":"post-22339","1":"product","2":"type-product","3":"status-publish","4":"has-post-thumbnail","6":"product_cat-biografijos","7":"product_cat-religija-filosofija-ir-ezoterika","8":"desktop-align-left","9":"tablet-align-left","10":"mobile-align-left","12":"first","13":"instock","14":"shipping-taxable","15":"purchasable","16":"product-type-simple"},"acf":[],"yoast_head":"<!-- This site is optimized with the Yoast SEO plugin v27.0 - https:\/\/yoast.com\/product\/yoast-seo-wordpress\/ -->\n<title>Taip, laimingas. Kardinol\u0105 Audr\u012f Juoz\u0105 Ba\u010dk\u012f kalbina Antanas Gailius<\/title>\n<meta name=\"description\" content=\"M\u016bs\u0173 vis\u0173 mylimas ir gerbiamas J. E. kardinolas Audrys Juozas Ba\u010dkis, sulauk\u0119s garbingo am\u017eiaus ir pasitrauk\u0119s i\u0161 Vilniaus Arkivyskupo sosto, pagaliau\" \/>\n<meta name=\"robots\" content=\"index, follow, max-snippet:-1, max-image-preview:large, max-video-preview:-1\" \/>\n<link rel=\"canonical\" href=\"https:\/\/skaitytaknyga.lt\/en\/produktas\/taip-laimingas-kardinola-audri-juoza-backi-kalbina-antanas-gailius\/\" \/>\n<meta property=\"og:locale\" content=\"en_GB\" \/>\n<meta property=\"og:locale:alternate\" content=\"lt_LT\" \/>\n<meta property=\"og:type\" content=\"article\" \/>\n<meta property=\"og:title\" content=\"Taip, laimingas. Kardinol\u0105 Audr\u012f Juoz\u0105 Ba\u010dk\u012f kalbina Antanas Gailius\" \/>\n<meta property=\"og:description\" content=\"M\u016bs\u0173 vis\u0173 mylimas ir gerbiamas J. E. kardinolas Audrys Juozas Ba\u010dkis, sulauk\u0119s garbingo am\u017eiaus ir pasitrauk\u0119s i\u0161 Vilniaus Arkivyskupo sosto, pagaliau\" \/>\n<meta property=\"og:url\" content=\"https:\/\/skaitytaknyga.lt\/en\/produktas\/taip-laimingas-kardinola-audri-juoza-backi-kalbina-antanas-gailius\/\" \/>\n<meta property=\"og:site_name\" content=\"Skaitytaknyga\" \/>\n<meta property=\"article:publisher\" content=\"https:\/\/www.facebook.com\/skaitytaknyga\/\" \/>\n<meta property=\"article:modified_time\" content=\"2026-02-26T08:10:23+00:00\" \/>\n<meta property=\"og:image\" content=\"https:\/\/skaitytaknyga.lt\/wp-content\/uploads\/2025\/12\/Taip-laimingas-1.webp\" \/>\n\t<meta property=\"og:image:width\" content=\"300\" \/>\n\t<meta property=\"og:image:height\" content=\"474\" \/>\n\t<meta property=\"og:image:type\" content=\"image\/webp\" \/>\n<meta name=\"twitter:card\" content=\"summary_large_image\" \/>\n<meta name=\"twitter:label1\" content=\"Estimated reading time\" \/>\n\t<meta name=\"twitter:data1\" content=\"1 minute\" \/>\n<script type=\"application\/ld+json\" class=\"yoast-schema-graph\">{\"@context\":\"https:\/\/schema.org\",\"@graph\":[{\"@type\":\"WebPage\",\"@id\":\"https:\/\/skaitytaknyga.lt\/produktas\/taip-laimingas-kardinola-audri-juoza-backi-kalbina-antanas-gailius\/\",\"url\":\"https:\/\/skaitytaknyga.lt\/produktas\/taip-laimingas-kardinola-audri-juoza-backi-kalbina-antanas-gailius\/\",\"name\":\"Taip, laimingas. Kardinol\u0105 Audr\u012f Juoz\u0105 Ba\u010dk\u012f kalbina Antanas Gailius\",\"isPartOf\":{\"@id\":\"https:\/\/skaitytaknyga.lt\/#website\"},\"primaryImageOfPage\":{\"@id\":\"https:\/\/skaitytaknyga.lt\/produktas\/taip-laimingas-kardinola-audri-juoza-backi-kalbina-antanas-gailius\/#primaryimage\"},\"image\":{\"@id\":\"https:\/\/skaitytaknyga.lt\/produktas\/taip-laimingas-kardinola-audri-juoza-backi-kalbina-antanas-gailius\/#primaryimage\"},\"thumbnailUrl\":\"https:\/\/skaitytaknyga.lt\/wp-content\/uploads\/2025\/12\/Taip-laimingas-1.webp\",\"datePublished\":\"2025-12-20T15:54:15+00:00\",\"dateModified\":\"2026-02-26T08:10:23+00:00\",\"description\":\"M\u016bs\u0173 vis\u0173 mylimas ir gerbiamas J. E. kardinolas Audrys Juozas Ba\u010dkis, sulauk\u0119s garbingo am\u017eiaus ir pasitrauk\u0119s i\u0161 Vilniaus Arkivyskupo sosto, pagaliau\",\"breadcrumb\":{\"@id\":\"https:\/\/skaitytaknyga.lt\/produktas\/taip-laimingas-kardinola-audri-juoza-backi-kalbina-antanas-gailius\/#breadcrumb\"},\"inLanguage\":\"en-GB\",\"potentialAction\":[{\"@type\":\"ReadAction\",\"target\":[\"https:\/\/skaitytaknyga.lt\/produktas\/taip-laimingas-kardinola-audri-juoza-backi-kalbina-antanas-gailius\/\"]}]},{\"@type\":\"ImageObject\",\"inLanguage\":\"en-GB\",\"@id\":\"https:\/\/skaitytaknyga.lt\/produktas\/taip-laimingas-kardinola-audri-juoza-backi-kalbina-antanas-gailius\/#primaryimage\",\"url\":\"https:\/\/skaitytaknyga.lt\/wp-content\/uploads\/2025\/12\/Taip-laimingas-1.webp\",\"contentUrl\":\"https:\/\/skaitytaknyga.lt\/wp-content\/uploads\/2025\/12\/Taip-laimingas-1.webp\",\"width\":300,\"height\":474,\"caption\":\"Taip, laimingas. Kardinol\u0105 Audr\u012f Juoz\u0105 Ba\u010dk\u012f kalbina Antanas Gailius\"},{\"@type\":\"BreadcrumbList\",\"@id\":\"https:\/\/skaitytaknyga.lt\/produktas\/taip-laimingas-kardinola-audri-juoza-backi-kalbina-antanas-gailius\/#breadcrumb\",\"itemListElement\":[{\"@type\":\"ListItem\",\"position\":1,\"name\":\"Home\",\"item\":\"https:\/\/skaitytaknyga.lt\/\"},{\"@type\":\"ListItem\",\"position\":2,\"name\":\"Parduotuv\u0117\",\"item\":\"https:\/\/skaitytaknyga.lt\/knygu-parduotuve\/\"},{\"@type\":\"ListItem\",\"position\":3,\"name\":\"Taip, laimingas. Kardinol\u0105 Audr\u012f Juoz\u0105 Ba\u010dk\u012f kalbina Antanas Gailius\"}]},{\"@type\":\"WebSite\",\"@id\":\"https:\/\/skaitytaknyga.lt\/#website\",\"url\":\"https:\/\/skaitytaknyga.lt\/\",\"name\":\"skaitytaknyga.lt\",\"description\":\"Skaitytaknyga.lt \u2013 tai ma\u017eas \u0161eimos verslas, kuris prasid\u0117jo nuo meil\u0117s knygoms ir siekio i\u0161gelb\u0117ti knygas nuo likimo prie konteinerio. Kas vienam nereikalingas daiktas \u2013 kitam lobis, o mes esame tarpininkai, kurie padeda abiems tapti laimingesniems ???? \u017dinome kaip nelengva i\u0161gyventi ma\u017eiems verslams, tad nuo \u0161iol, \u010dia rasite ir kit\u0173, ma\u017e\u0173 \u0161eim\u0173 versl\u0173, rank\u0173 darbo, dovan\u0173 sau ir artimiesiems.\",\"publisher\":{\"@id\":\"https:\/\/skaitytaknyga.lt\/#organization\"},\"potentialAction\":[{\"@type\":\"SearchAction\",\"target\":{\"@type\":\"EntryPoint\",\"urlTemplate\":\"https:\/\/skaitytaknyga.lt\/?s={search_term_string}\"},\"query-input\":{\"@type\":\"PropertyValueSpecification\",\"valueRequired\":true,\"valueName\":\"search_term_string\"}}],\"inLanguage\":\"en-GB\"},{\"@type\":\"Organization\",\"@id\":\"https:\/\/skaitytaknyga.lt\/#organization\",\"name\":\"skaitytaknyga.lt\",\"url\":\"https:\/\/skaitytaknyga.lt\/\",\"logo\":{\"@type\":\"ImageObject\",\"inLanguage\":\"en-GB\",\"@id\":\"https:\/\/skaitytaknyga.lt\/#\/schema\/logo\/image\/\",\"url\":\"https:\/\/skaitytaknyga.lt\/wp-content\/uploads\/2024\/05\/cropped-cropped-cropped-02_00843_jt3bggkj1j3HLc7SyY6rEUpg.jpeg\",\"contentUrl\":\"https:\/\/skaitytaknyga.lt\/wp-content\/uploads\/2024\/05\/cropped-cropped-cropped-02_00843_jt3bggkj1j3HLc7SyY6rEUpg.jpeg\",\"width\":1600,\"height\":1600,\"caption\":\"skaitytaknyga.lt\"},\"image\":{\"@id\":\"https:\/\/skaitytaknyga.lt\/#\/schema\/logo\/image\/\"},\"sameAs\":[\"https:\/\/www.facebook.com\/skaitytaknyga\/\"]}]}<\/script>\n<!-- \/ Yoast SEO plugin. -->","yoast_head_json":{"title":"Taip, laimingas. Kardinol\u0105 Audr\u012f Juoz\u0105 Ba\u010dk\u012f kalbina Antanas Gailius","description":"M\u016bs\u0173 vis\u0173 mylimas ir gerbiamas J. E. kardinolas Audrys Juozas Ba\u010dkis, sulauk\u0119s garbingo am\u017eiaus ir pasitrauk\u0119s i\u0161 Vilniaus Arkivyskupo sosto, pagaliau","robots":{"index":"index","follow":"follow","max-snippet":"max-snippet:-1","max-image-preview":"max-image-preview:large","max-video-preview":"max-video-preview:-1"},"canonical":"https:\/\/skaitytaknyga.lt\/en\/produktas\/taip-laimingas-kardinola-audri-juoza-backi-kalbina-antanas-gailius\/","og_locale":"en_GB","og_type":"article","og_title":"[:lt]Taip, laimingas. Kardinol\u0105 Audr\u012f Juoz\u0105 Ba\u010dk\u012f kalbina Antanas Gailius[:] - Skaitytaknyga","og_description":"M\u016bs\u0173 vis\u0173 mylimas ir gerbiamas J. E. kardinolas Audrys Juozas Ba\u010dkis, sulauk\u0119s garbingo am\u017eiaus ir pasitrauk\u0119s i\u0161 Vilniaus Arkivyskupo sosto, pagaliau","og_url":"https:\/\/skaitytaknyga.lt\/en\/produktas\/taip-laimingas-kardinola-audri-juoza-backi-kalbina-antanas-gailius\/","og_site_name":"Skaitytaknyga","article_publisher":"https:\/\/www.facebook.com\/skaitytaknyga\/","article_modified_time":"2026-02-26T08:10:23+00:00","og_image":[{"width":300,"height":474,"url":"https:\/\/skaitytaknyga.lt\/wp-content\/uploads\/2025\/12\/Taip-laimingas-1.webp","type":"image\/webp"}],"twitter_card":"summary_large_image","twitter_misc":{"Estimated reading time":"1 minute"},"schema":{"@context":"https:\/\/schema.org","@graph":[{"@type":"WebPage","@id":"https:\/\/skaitytaknyga.lt\/produktas\/taip-laimingas-kardinola-audri-juoza-backi-kalbina-antanas-gailius\/","url":"https:\/\/skaitytaknyga.lt\/produktas\/taip-laimingas-kardinola-audri-juoza-backi-kalbina-antanas-gailius\/","name":"Taip, laimingas. Kardinol\u0105 Audr\u012f Juoz\u0105 Ba\u010dk\u012f kalbina Antanas Gailius","isPartOf":{"@id":"https:\/\/skaitytaknyga.lt\/#website"},"primaryImageOfPage":{"@id":"https:\/\/skaitytaknyga.lt\/produktas\/taip-laimingas-kardinola-audri-juoza-backi-kalbina-antanas-gailius\/#primaryimage"},"image":{"@id":"https:\/\/skaitytaknyga.lt\/produktas\/taip-laimingas-kardinola-audri-juoza-backi-kalbina-antanas-gailius\/#primaryimage"},"thumbnailUrl":"https:\/\/skaitytaknyga.lt\/wp-content\/uploads\/2025\/12\/Taip-laimingas-1.webp","datePublished":"2025-12-20T15:54:15+00:00","dateModified":"2026-02-26T08:10:23+00:00","description":"M\u016bs\u0173 vis\u0173 mylimas ir gerbiamas J. E. kardinolas Audrys Juozas Ba\u010dkis, sulauk\u0119s garbingo am\u017eiaus ir pasitrauk\u0119s i\u0161 Vilniaus Arkivyskupo sosto, pagaliau","breadcrumb":{"@id":"https:\/\/skaitytaknyga.lt\/produktas\/taip-laimingas-kardinola-audri-juoza-backi-kalbina-antanas-gailius\/#breadcrumb"},"inLanguage":"en-GB","potentialAction":[{"@type":"ReadAction","target":["https:\/\/skaitytaknyga.lt\/produktas\/taip-laimingas-kardinola-audri-juoza-backi-kalbina-antanas-gailius\/"]}]},{"@type":"ImageObject","inLanguage":"en-GB","@id":"https:\/\/skaitytaknyga.lt\/produktas\/taip-laimingas-kardinola-audri-juoza-backi-kalbina-antanas-gailius\/#primaryimage","url":"https:\/\/skaitytaknyga.lt\/wp-content\/uploads\/2025\/12\/Taip-laimingas-1.webp","contentUrl":"https:\/\/skaitytaknyga.lt\/wp-content\/uploads\/2025\/12\/Taip-laimingas-1.webp","width":300,"height":474,"caption":"Taip, laimingas. Kardinol\u0105 Audr\u012f Juoz\u0105 Ba\u010dk\u012f kalbina Antanas Gailius"},{"@type":"BreadcrumbList","@id":"https:\/\/skaitytaknyga.lt\/produktas\/taip-laimingas-kardinola-audri-juoza-backi-kalbina-antanas-gailius\/#breadcrumb","itemListElement":[{"@type":"ListItem","position":1,"name":"Home","item":"https:\/\/skaitytaknyga.lt\/"},{"@type":"ListItem","position":2,"name":"Parduotuv\u0117","item":"https:\/\/skaitytaknyga.lt\/knygu-parduotuve\/"},{"@type":"ListItem","position":3,"name":"Taip, laimingas. Kardinol\u0105 Audr\u012f Juoz\u0105 Ba\u010dk\u012f kalbina Antanas Gailius"}]},{"@type":"WebSite","@id":"https:\/\/skaitytaknyga.lt\/#website","url":"https:\/\/skaitytaknyga.lt\/","name":"skaitytaknyga.lt","description":"Skaitytaknyga.lt \u2013 tai ma\u017eas \u0161eimos verslas, kuris prasid\u0117jo nuo meil\u0117s knygoms ir siekio i\u0161gelb\u0117ti knygas nuo likimo prie konteinerio. Kas vienam nereikalingas daiktas \u2013 kitam lobis, o mes esame tarpininkai, kurie padeda abiems tapti laimingesniems ???? \u017dinome kaip nelengva i\u0161gyventi ma\u017eiems verslams, tad nuo \u0161iol, \u010dia rasite ir kit\u0173, ma\u017e\u0173 \u0161eim\u0173 versl\u0173, rank\u0173 darbo, dovan\u0173 sau ir artimiesiems.","publisher":{"@id":"https:\/\/skaitytaknyga.lt\/#organization"},"potentialAction":[{"@type":"SearchAction","target":{"@type":"EntryPoint","urlTemplate":"https:\/\/skaitytaknyga.lt\/?s={search_term_string}"},"query-input":{"@type":"PropertyValueSpecification","valueRequired":true,"valueName":"search_term_string"}}],"inLanguage":"en-GB"},{"@type":"Organization","@id":"https:\/\/skaitytaknyga.lt\/#organization","name":"skaitytaknyga.lt","url":"https:\/\/skaitytaknyga.lt\/","logo":{"@type":"ImageObject","inLanguage":"en-GB","@id":"https:\/\/skaitytaknyga.lt\/#\/schema\/logo\/image\/","url":"https:\/\/skaitytaknyga.lt\/wp-content\/uploads\/2024\/05\/cropped-cropped-cropped-02_00843_jt3bggkj1j3HLc7SyY6rEUpg.jpeg","contentUrl":"https:\/\/skaitytaknyga.lt\/wp-content\/uploads\/2024\/05\/cropped-cropped-cropped-02_00843_jt3bggkj1j3HLc7SyY6rEUpg.jpeg","width":1600,"height":1600,"caption":"skaitytaknyga.lt"},"image":{"@id":"https:\/\/skaitytaknyga.lt\/#\/schema\/logo\/image\/"},"sameAs":["https:\/\/www.facebook.com\/skaitytaknyga\/"]}]}},"_links":{"self":[{"href":"https:\/\/skaitytaknyga.lt\/en\/wp-json\/wp\/v2\/product\/22339","targetHints":{"allow":["GET"]}}],"collection":[{"href":"https:\/\/skaitytaknyga.lt\/en\/wp-json\/wp\/v2\/product"}],"about":[{"href":"https:\/\/skaitytaknyga.lt\/en\/wp-json\/wp\/v2\/types\/product"}],"replies":[{"embeddable":true,"href":"https:\/\/skaitytaknyga.lt\/en\/wp-json\/wp\/v2\/comments?post=22339"}],"wp:featuredmedia":[{"embeddable":true,"href":"https:\/\/skaitytaknyga.lt\/en\/wp-json\/wp\/v2\/media\/22344"}],"wp:attachment":[{"href":"https:\/\/skaitytaknyga.lt\/en\/wp-json\/wp\/v2\/media?parent=22339"}],"wp:term":[{"taxonomy":"product_brand","embeddable":true,"href":"https:\/\/skaitytaknyga.lt\/en\/wp-json\/wp\/v2\/product_brand?post=22339"},{"taxonomy":"product_cat","embeddable":true,"href":"https:\/\/skaitytaknyga.lt\/en\/wp-json\/wp\/v2\/product_cat?post=22339"},{"taxonomy":"product_tag","embeddable":true,"href":"https:\/\/skaitytaknyga.lt\/en\/wp-json\/wp\/v2\/product_tag?post=22339"}],"curies":[{"name":"wp","href":"https:\/\/api.w.org\/{rel}","templated":true}]}}