{"id":22328,"date":"2025-12-20T11:01:18","date_gmt":"2025-12-20T09:01:18","guid":{"rendered":"https:\/\/skaitytaknyga.lt\/?post_type=product&#038;p=22328"},"modified":"2026-03-05T16:49:08","modified_gmt":"2026-03-05T14:49:08","slug":"lt-15","status":"publish","type":"product","link":"https:\/\/skaitytaknyga.lt\/en\/produktas\/lt-15\/","title":{"rendered":"6 minu\u010di\u0173 istorijos vaikams"},"content":{"rendered":"<p>Vaikams nuo 6 met\u0173<\/p>\n<p>Nepaprastai lakios fantazijos, \u017eaism\u0117s, juok\u0173 ir absurdi\u0161k\u0173 situacij\u0173 kupinos istorijos tikrai patiks ma\u017eiesiems i\u0161dyk\u0117liams, m\u0117gstantiems pa\u0161\u0117lusius nuotykius ir gerai pakvatoti!<\/p>\n<p>Ledus valgantis dinozauras, didel\u0117 bjauri smarv\u0117, gyvybes gelbstintis \u0161uo, futbol\u0105 \u017eaid\u017eiantys zombiai, vaiduoklis sode, ding\u0119 ir v\u0117l surasti augintiniai, vargai su pieniniu dantimi, septyni paslaug\u016bs robotai, riterius \u017eudantis drakonas ir dar daug visko \u0161iame smagi\u0173 istorij\u0173 rinkinyje. <\/p>\n<p>\u201e6 minu\u010di\u0173 istorijos vaikams\u201c:<br \/>\n\u2022\tlavina vaizduot\u0119 ir humoro jausm\u0105;<br \/>\n\u2022\tskatina problemas spr\u0119sti k\u016brybingai.<br \/>\nNesud\u0117tingas knygos tekstas didel\u0117mis raid\u0117mis tinka tiems, kurie dar tik pradeda skaityti.<\/p>\n<p>Meredith Costain ir Paulas Collinsas \u2013 ra\u0161ytoj\u0173 duetas i\u0161 Australijos. Kartu ir pavieniui jie suk\u016br\u0117 gausyb\u0119 labai smagi\u0173 knyg\u0173. \u201e6 minu\u010di\u0173 istorijos vaikams\u201c pirma \u0161i\u0173 ra\u0161ytoj\u0173 knyga lietuvi\u0173 kalba.<\/p>\n","protected":false},"excerpt":{"rendered":"<p>Vaikams nuo 6 met\u0173 Nepaprastai lakios fantazijos, \u017eaism\u0117s, juok\u0173 ir absurdi\u0161k\u0173 situacij\u0173 kupinos istorijos tikrai patiks ma\u017eiesiems i\u0161dyk\u0117liams, m\u0117gstantiems pa\u0161\u0117lusius nuotykius ir gerai pakvatoti! Ledus valgantis dinozauras, didel\u0117 bjauri smarv\u0117, gyvybes gelbstintis \u0161uo, futbol\u0105 \u017eaid\u017eiantys zombiai, vaiduoklis sode, ding\u0119 ir v\u0117l surasti augintiniai, vargai su pieniniu dantimi, septyni paslaug\u016bs robotai, riterius \u017eudantis drakonas ir dar daug visko \u0161iame smagi\u0173 istorij\u0173 rinkinyje. \u201e6 minu\u010di\u0173 istorijos vaikams\u201c: \u2022 lavina vaizduot\u0119 ir humoro jausm\u0105; \u2022 skatina problemas spr\u0119sti k\u016brybingai. Nesud\u0117tingas knygos tekstas didel\u0117mis raid\u0117mis tinka tiems, kurie dar tik pradeda skaityti. Meredith Costain ir Paulas Collinsas \u2013 ra\u0161ytoj\u0173 duetas i\u0161 Australijos. Kartu ir pavieniui jie suk\u016br\u0117 gausyb\u0119 labai smagi\u0173 knyg\u0173. \u201e6 minu\u010di\u0173 istorijos vaikams\u201c pirma \u0161i\u0173 ra\u0161ytoj\u0173 knyga lietuvi\u0173 kalba.<\/p>\n","protected":false},"featured_media":22333,"comment_status":"open","ping_status":"closed","template":"","meta":{"_acf_changed":false,"site-sidebar-layout":"default","site-content-layout":"","ast-site-content-layout":"default","site-content-style":"default","site-sidebar-style":"default","ast-global-header-display":"","ast-banner-title-visibility":"","ast-main-header-display":"","ast-hfb-above-header-display":"","ast-hfb-below-header-display":"","ast-hfb-mobile-header-display":"","site-post-title":"","ast-breadcrumbs-content":"","ast-featured-img":"","footer-sml-layout":"","ast-disable-related-posts":"","theme-transparent-header-meta":"","adv-header-id-meta":"","stick-header-meta":"","header-above-stick-meta":"","header-main-stick-meta":"","header-below-stick-meta":"","astra-migrate-meta-layouts":"default","ast-page-background-enabled":"default","ast-page-background-meta":{"desktop":{"background-color":"","background-image":"","background-repeat":"repeat","background-position":"center center","background-size":"auto","background-attachment":"scroll","background-type":"","background-media":"","overlay-type":"","overlay-color":"","overlay-opacity":"","overlay-gradient":""},"tablet":{"background-color":"","background-image":"","background-repeat":"repeat","background-position":"center center","background-size":"auto","background-attachment":"scroll","background-type":"","background-media":"","overlay-type":"","overlay-color":"","overlay-opacity":"","overlay-gradient":""},"mobile":{"background-color":"","background-image":"","background-repeat":"repeat","background-position":"center center","background-size":"auto","background-attachment":"scroll","background-type":"","background-media":"","overlay-type":"","overlay-color":"","overlay-opacity":"","overlay-gradient":""}},"ast-content-background-meta":{"desktop":{"background-color":"var(--ast-global-color-4)","background-image":"","background-repeat":"repeat","background-position":"center center","background-size":"auto","background-attachment":"scroll","background-type":"","background-media":"","overlay-type":"","overlay-color":"","overlay-opacity":"","overlay-gradient":""},"tablet":{"background-color":"var(--ast-global-color-4)","background-image":"","background-repeat":"repeat","background-position":"center center","background-size":"auto","background-attachment":"scroll","background-type":"","background-media":"","overlay-type":"","overlay-color":"","overlay-opacity":"","overlay-gradient":""},"mobile":{"background-color":"var(--ast-global-color-4)","background-image":"","background-repeat":"repeat","background-position":"center center","background-size":"auto","background-attachment":"scroll","background-type":"","background-media":"","overlay-type":"","overlay-color":"","overlay-opacity":"","overlay-gradient":""}}},"product_brand":[],"product_cat":[9674],"product_tag":[],"class_list":{"0":"post-22328","1":"product","2":"type-product","3":"status-publish","4":"has-post-thumbnail","6":"product_cat-pradinukams","7":"desktop-align-left","8":"tablet-align-left","9":"mobile-align-left","11":"first","12":"instock","13":"shipping-taxable","14":"purchasable","15":"product-type-simple"},"acf":[],"yoast_head":"<!-- This site is optimized with the Yoast SEO plugin v27.0 - https:\/\/yoast.com\/product\/yoast-seo-wordpress\/ -->\n<title>6 minu\u010di\u0173 istorijos vaikams<\/title>\n<meta name=\"description\" content=\"Vaikams nuo 6 met\u0173 Nepaprastai lakios fantazijos, \u017eaism\u0117s, juok\u0173 ir absurdi\u0161k\u0173 situacij\u0173 kupinos istorijos tikrai patiks ma\u017eiesiems i\u0161dyk\u0117liams,\" \/>\n<meta name=\"robots\" content=\"index, follow, max-snippet:-1, max-image-preview:large, max-video-preview:-1\" \/>\n<link rel=\"canonical\" href=\"https:\/\/skaitytaknyga.lt\/en\/produktas\/lt-15\/\" \/>\n<meta property=\"og:locale\" content=\"en_GB\" \/>\n<meta property=\"og:locale:alternate\" content=\"lt_LT\" \/>\n<meta property=\"og:type\" content=\"article\" \/>\n<meta property=\"og:title\" content=\"6 minu\u010di\u0173 istorijos vaikams\" \/>\n<meta property=\"og:description\" content=\"Vaikams nuo 6 met\u0173 Nepaprastai lakios fantazijos, \u017eaism\u0117s, juok\u0173 ir absurdi\u0161k\u0173 situacij\u0173 kupinos istorijos tikrai patiks ma\u017eiesiems i\u0161dyk\u0117liams,\" \/>\n<meta property=\"og:url\" content=\"https:\/\/skaitytaknyga.lt\/en\/produktas\/lt-15\/\" \/>\n<meta property=\"og:site_name\" content=\"Skaitytaknyga\" \/>\n<meta property=\"article:publisher\" content=\"https:\/\/www.facebook.com\/skaitytaknyga\/\" \/>\n<meta property=\"article:modified_time\" content=\"2026-03-05T14:49:08+00:00\" \/>\n<meta property=\"og:image\" content=\"https:\/\/skaitytaknyga.lt\/wp-content\/uploads\/2025\/12\/6-minuciu-istorijos-vaikams-1.webp\" \/>\n\t<meta property=\"og:image:width\" content=\"300\" \/>\n\t<meta property=\"og:image:height\" content=\"474\" \/>\n\t<meta property=\"og:image:type\" content=\"image\/webp\" \/>\n<meta name=\"twitter:card\" content=\"summary_large_image\" \/>\n<meta name=\"twitter:label1\" content=\"Estimated reading time\" \/>\n\t<meta name=\"twitter:data1\" content=\"1 minute\" \/>\n<script type=\"application\/ld+json\" class=\"yoast-schema-graph\">{\"@context\":\"https:\/\/schema.org\",\"@graph\":[{\"@type\":\"WebPage\",\"@id\":\"https:\/\/skaitytaknyga.lt\/produktas\/lt-15\/\",\"url\":\"https:\/\/skaitytaknyga.lt\/produktas\/lt-15\/\",\"name\":\"6 minu\u010di\u0173 istorijos vaikams\",\"isPartOf\":{\"@id\":\"https:\/\/skaitytaknyga.lt\/#website\"},\"primaryImageOfPage\":{\"@id\":\"https:\/\/skaitytaknyga.lt\/produktas\/lt-15\/#primaryimage\"},\"image\":{\"@id\":\"https:\/\/skaitytaknyga.lt\/produktas\/lt-15\/#primaryimage\"},\"thumbnailUrl\":\"https:\/\/skaitytaknyga.lt\/wp-content\/uploads\/2025\/12\/6-minuciu-istorijos-vaikams-1.webp\",\"datePublished\":\"2025-12-20T09:01:18+00:00\",\"dateModified\":\"2026-03-05T14:49:08+00:00\",\"description\":\"Vaikams nuo 6 met\u0173 Nepaprastai lakios fantazijos, \u017eaism\u0117s, juok\u0173 ir absurdi\u0161k\u0173 situacij\u0173 kupinos istorijos tikrai patiks ma\u017eiesiems i\u0161dyk\u0117liams,\",\"breadcrumb\":{\"@id\":\"https:\/\/skaitytaknyga.lt\/produktas\/lt-15\/#breadcrumb\"},\"inLanguage\":\"en-GB\",\"potentialAction\":[{\"@type\":\"ReadAction\",\"target\":[\"https:\/\/skaitytaknyga.lt\/produktas\/lt-15\/\"]}]},{\"@type\":\"ImageObject\",\"inLanguage\":\"en-GB\",\"@id\":\"https:\/\/skaitytaknyga.lt\/produktas\/lt-15\/#primaryimage\",\"url\":\"https:\/\/skaitytaknyga.lt\/wp-content\/uploads\/2025\/12\/6-minuciu-istorijos-vaikams-1.webp\",\"contentUrl\":\"https:\/\/skaitytaknyga.lt\/wp-content\/uploads\/2025\/12\/6-minuciu-istorijos-vaikams-1.webp\",\"width\":300,\"height\":474,\"caption\":\"6 minu\u010di\u0173 istorijos vaikams\"},{\"@type\":\"BreadcrumbList\",\"@id\":\"https:\/\/skaitytaknyga.lt\/produktas\/lt-15\/#breadcrumb\",\"itemListElement\":[{\"@type\":\"ListItem\",\"position\":1,\"name\":\"Home\",\"item\":\"https:\/\/skaitytaknyga.lt\/\"},{\"@type\":\"ListItem\",\"position\":2,\"name\":\"Parduotuv\u0117\",\"item\":\"https:\/\/skaitytaknyga.lt\/knygu-parduotuve\/\"},{\"@type\":\"ListItem\",\"position\":3,\"name\":\"6 minu\u010di\u0173 istorijos vaikams\"}]},{\"@type\":\"WebSite\",\"@id\":\"https:\/\/skaitytaknyga.lt\/#website\",\"url\":\"https:\/\/skaitytaknyga.lt\/\",\"name\":\"skaitytaknyga.lt\",\"description\":\"Skaitytaknyga.lt \u2013 tai ma\u017eas \u0161eimos verslas, kuris prasid\u0117jo nuo meil\u0117s knygoms ir siekio i\u0161gelb\u0117ti knygas nuo likimo prie konteinerio. Kas vienam nereikalingas daiktas \u2013 kitam lobis, o mes esame tarpininkai, kurie padeda abiems tapti laimingesniems ???? \u017dinome kaip nelengva i\u0161gyventi ma\u017eiems verslams, tad nuo \u0161iol, \u010dia rasite ir kit\u0173, ma\u017e\u0173 \u0161eim\u0173 versl\u0173, rank\u0173 darbo, dovan\u0173 sau ir artimiesiems.\",\"publisher\":{\"@id\":\"https:\/\/skaitytaknyga.lt\/#organization\"},\"potentialAction\":[{\"@type\":\"SearchAction\",\"target\":{\"@type\":\"EntryPoint\",\"urlTemplate\":\"https:\/\/skaitytaknyga.lt\/?s={search_term_string}\"},\"query-input\":{\"@type\":\"PropertyValueSpecification\",\"valueRequired\":true,\"valueName\":\"search_term_string\"}}],\"inLanguage\":\"en-GB\"},{\"@type\":\"Organization\",\"@id\":\"https:\/\/skaitytaknyga.lt\/#organization\",\"name\":\"skaitytaknyga.lt\",\"url\":\"https:\/\/skaitytaknyga.lt\/\",\"logo\":{\"@type\":\"ImageObject\",\"inLanguage\":\"en-GB\",\"@id\":\"https:\/\/skaitytaknyga.lt\/#\/schema\/logo\/image\/\",\"url\":\"https:\/\/skaitytaknyga.lt\/wp-content\/uploads\/2024\/05\/cropped-cropped-cropped-02_00843_jt3bggkj1j3HLc7SyY6rEUpg.jpeg\",\"contentUrl\":\"https:\/\/skaitytaknyga.lt\/wp-content\/uploads\/2024\/05\/cropped-cropped-cropped-02_00843_jt3bggkj1j3HLc7SyY6rEUpg.jpeg\",\"width\":1600,\"height\":1600,\"caption\":\"skaitytaknyga.lt\"},\"image\":{\"@id\":\"https:\/\/skaitytaknyga.lt\/#\/schema\/logo\/image\/\"},\"sameAs\":[\"https:\/\/www.facebook.com\/skaitytaknyga\/\"]}]}<\/script>\n<!-- \/ Yoast SEO plugin. -->","yoast_head_json":{"title":"6 minu\u010di\u0173 istorijos vaikams","description":"Vaikams nuo 6 met\u0173 Nepaprastai lakios fantazijos, \u017eaism\u0117s, juok\u0173 ir absurdi\u0161k\u0173 situacij\u0173 kupinos istorijos tikrai patiks ma\u017eiesiems i\u0161dyk\u0117liams,","robots":{"index":"index","follow":"follow","max-snippet":"max-snippet:-1","max-image-preview":"max-image-preview:large","max-video-preview":"max-video-preview:-1"},"canonical":"https:\/\/skaitytaknyga.lt\/en\/produktas\/lt-15\/","og_locale":"en_GB","og_type":"article","og_title":"[:lt]6 minu\u010di\u0173 istorijos vaikams[:] - Skaitytaknyga","og_description":"Vaikams nuo 6 met\u0173 Nepaprastai lakios fantazijos, \u017eaism\u0117s, juok\u0173 ir absurdi\u0161k\u0173 situacij\u0173 kupinos istorijos tikrai patiks ma\u017eiesiems i\u0161dyk\u0117liams,","og_url":"https:\/\/skaitytaknyga.lt\/en\/produktas\/lt-15\/","og_site_name":"Skaitytaknyga","article_publisher":"https:\/\/www.facebook.com\/skaitytaknyga\/","article_modified_time":"2026-03-05T14:49:08+00:00","og_image":[{"width":300,"height":474,"url":"https:\/\/skaitytaknyga.lt\/wp-content\/uploads\/2025\/12\/6-minuciu-istorijos-vaikams-1.webp","type":"image\/webp"}],"twitter_card":"summary_large_image","twitter_misc":{"Estimated reading time":"1 minute"},"schema":{"@context":"https:\/\/schema.org","@graph":[{"@type":"WebPage","@id":"https:\/\/skaitytaknyga.lt\/produktas\/lt-15\/","url":"https:\/\/skaitytaknyga.lt\/produktas\/lt-15\/","name":"6 minu\u010di\u0173 istorijos vaikams","isPartOf":{"@id":"https:\/\/skaitytaknyga.lt\/#website"},"primaryImageOfPage":{"@id":"https:\/\/skaitytaknyga.lt\/produktas\/lt-15\/#primaryimage"},"image":{"@id":"https:\/\/skaitytaknyga.lt\/produktas\/lt-15\/#primaryimage"},"thumbnailUrl":"https:\/\/skaitytaknyga.lt\/wp-content\/uploads\/2025\/12\/6-minuciu-istorijos-vaikams-1.webp","datePublished":"2025-12-20T09:01:18+00:00","dateModified":"2026-03-05T14:49:08+00:00","description":"Vaikams nuo 6 met\u0173 Nepaprastai lakios fantazijos, \u017eaism\u0117s, juok\u0173 ir absurdi\u0161k\u0173 situacij\u0173 kupinos istorijos tikrai patiks ma\u017eiesiems i\u0161dyk\u0117liams,","breadcrumb":{"@id":"https:\/\/skaitytaknyga.lt\/produktas\/lt-15\/#breadcrumb"},"inLanguage":"en-GB","potentialAction":[{"@type":"ReadAction","target":["https:\/\/skaitytaknyga.lt\/produktas\/lt-15\/"]}]},{"@type":"ImageObject","inLanguage":"en-GB","@id":"https:\/\/skaitytaknyga.lt\/produktas\/lt-15\/#primaryimage","url":"https:\/\/skaitytaknyga.lt\/wp-content\/uploads\/2025\/12\/6-minuciu-istorijos-vaikams-1.webp","contentUrl":"https:\/\/skaitytaknyga.lt\/wp-content\/uploads\/2025\/12\/6-minuciu-istorijos-vaikams-1.webp","width":300,"height":474,"caption":"6 minu\u010di\u0173 istorijos vaikams"},{"@type":"BreadcrumbList","@id":"https:\/\/skaitytaknyga.lt\/produktas\/lt-15\/#breadcrumb","itemListElement":[{"@type":"ListItem","position":1,"name":"Home","item":"https:\/\/skaitytaknyga.lt\/"},{"@type":"ListItem","position":2,"name":"Parduotuv\u0117","item":"https:\/\/skaitytaknyga.lt\/knygu-parduotuve\/"},{"@type":"ListItem","position":3,"name":"6 minu\u010di\u0173 istorijos vaikams"}]},{"@type":"WebSite","@id":"https:\/\/skaitytaknyga.lt\/#website","url":"https:\/\/skaitytaknyga.lt\/","name":"skaitytaknyga.lt","description":"Skaitytaknyga.lt \u2013 tai ma\u017eas \u0161eimos verslas, kuris prasid\u0117jo nuo meil\u0117s knygoms ir siekio i\u0161gelb\u0117ti knygas nuo likimo prie konteinerio. Kas vienam nereikalingas daiktas \u2013 kitam lobis, o mes esame tarpininkai, kurie padeda abiems tapti laimingesniems ???? \u017dinome kaip nelengva i\u0161gyventi ma\u017eiems verslams, tad nuo \u0161iol, \u010dia rasite ir kit\u0173, ma\u017e\u0173 \u0161eim\u0173 versl\u0173, rank\u0173 darbo, dovan\u0173 sau ir artimiesiems.","publisher":{"@id":"https:\/\/skaitytaknyga.lt\/#organization"},"potentialAction":[{"@type":"SearchAction","target":{"@type":"EntryPoint","urlTemplate":"https:\/\/skaitytaknyga.lt\/?s={search_term_string}"},"query-input":{"@type":"PropertyValueSpecification","valueRequired":true,"valueName":"search_term_string"}}],"inLanguage":"en-GB"},{"@type":"Organization","@id":"https:\/\/skaitytaknyga.lt\/#organization","name":"skaitytaknyga.lt","url":"https:\/\/skaitytaknyga.lt\/","logo":{"@type":"ImageObject","inLanguage":"en-GB","@id":"https:\/\/skaitytaknyga.lt\/#\/schema\/logo\/image\/","url":"https:\/\/skaitytaknyga.lt\/wp-content\/uploads\/2024\/05\/cropped-cropped-cropped-02_00843_jt3bggkj1j3HLc7SyY6rEUpg.jpeg","contentUrl":"https:\/\/skaitytaknyga.lt\/wp-content\/uploads\/2024\/05\/cropped-cropped-cropped-02_00843_jt3bggkj1j3HLc7SyY6rEUpg.jpeg","width":1600,"height":1600,"caption":"skaitytaknyga.lt"},"image":{"@id":"https:\/\/skaitytaknyga.lt\/#\/schema\/logo\/image\/"},"sameAs":["https:\/\/www.facebook.com\/skaitytaknyga\/"]}]}},"_links":{"self":[{"href":"https:\/\/skaitytaknyga.lt\/en\/wp-json\/wp\/v2\/product\/22328","targetHints":{"allow":["GET"]}}],"collection":[{"href":"https:\/\/skaitytaknyga.lt\/en\/wp-json\/wp\/v2\/product"}],"about":[{"href":"https:\/\/skaitytaknyga.lt\/en\/wp-json\/wp\/v2\/types\/product"}],"replies":[{"embeddable":true,"href":"https:\/\/skaitytaknyga.lt\/en\/wp-json\/wp\/v2\/comments?post=22328"}],"wp:featuredmedia":[{"embeddable":true,"href":"https:\/\/skaitytaknyga.lt\/en\/wp-json\/wp\/v2\/media\/22333"}],"wp:attachment":[{"href":"https:\/\/skaitytaknyga.lt\/en\/wp-json\/wp\/v2\/media?parent=22328"}],"wp:term":[{"taxonomy":"product_brand","embeddable":true,"href":"https:\/\/skaitytaknyga.lt\/en\/wp-json\/wp\/v2\/product_brand?post=22328"},{"taxonomy":"product_cat","embeddable":true,"href":"https:\/\/skaitytaknyga.lt\/en\/wp-json\/wp\/v2\/product_cat?post=22328"},{"taxonomy":"product_tag","embeddable":true,"href":"https:\/\/skaitytaknyga.lt\/en\/wp-json\/wp\/v2\/product_tag?post=22328"}],"curies":[{"name":"wp","href":"https:\/\/api.w.org\/{rel}","templated":true}]}}