{"id":22319,"date":"2025-12-19T19:47:35","date_gmt":"2025-12-19T17:47:35","guid":{"rendered":"https:\/\/skaitytaknyga.lt\/?post_type=product&#038;p=22319"},"modified":"2026-03-05T16:49:08","modified_gmt":"2026-03-05T14:49:08","slug":"namu-pasiilges-semas","status":"publish","type":"product","link":"https:\/\/skaitytaknyga.lt\/en\/produktas\/namu-pasiilges-semas\/","title":{"rendered":"Nam\u0173 pasiilg\u0119s Semas"},"content":{"rendered":"<p>6\u20139 met\u0173 vaikams<\/p>\n<p>    Nepaprastai gra\u017ei ir pamokoma istorija apie tai, kas yra tikrieji namai <\/p>\n<p>    Harper\u0117 d\u017eiaugiasi \u012fsigijusi nuostab\u0173 ka\u010diuk\u0105 Sem\u0105. Jis irgi  m\u0117gaujasi jos draugija. O kol laukia jos gr\u012f\u017etan\u010dios i\u0161 mokyklos, \u017ei\u016bri pro lang\u0105, tyrin\u0117ja but\u0105 ir \u017eaid\u017eia sode.<br \/>\n    Vien\u0105 dien\u0105 Harperei su sesute ir mama tenka persikelti gyventi pas mo\u010diut\u0119. Nors ir labai myli mo\u010diut\u0119, Harperei persikraustyti nelengva. Ta\u010diau sunkiausia su naujaisiais namais apsiprasti Semui. Jis ilgisi senojo buto kvap\u0173 ir gars\u0173. Vos pasitaikius progai, jis pab\u0117ga, trok\u0161damas gr\u012f\u017eti \u012f tikruosius savo namus&#8230; tik ar tikrai ras tai, ko ie\u0161kojo?<br \/>\n    Harper\u0117 darys visk\u0105, k\u0105 tik gali, kad rast\u0173 Sem\u0105. <\/p>\n<p>\u201eNam\u0173 pasiilg\u0119s Semas\u201c<br \/>\nugdo empatij\u0105 \u017emon\u0117ms ir gyv\u016bnams,<br \/>\nugdo atsakomyb\u0117s jausm\u0105,<br \/>\nmoko niekada nenuleisti rank\u0173,<br \/>\npadeda suprasti, kad tikrieji namai yra ten, kur \u0161eima ir artimieji,<br \/>\nnesud\u0117tingas, didel\u0117mis raid\u0117mis para\u0161ytas knygos tekstas tinka vaikams, pradedantiems skaityti savaranki\u0161kai.<\/p>\n","protected":false},"excerpt":{"rendered":"<p>6\u20139 met\u0173 vaikams Nepaprastai gra\u017ei ir pamokoma istorija apie tai, kas yra tikrieji namai Harper\u0117 d\u017eiaugiasi \u012fsigijusi nuostab\u0173 ka\u010diuk\u0105 Sem\u0105. Jis irgi m\u0117gaujasi jos draugija. O kol laukia jos gr\u012f\u017etan\u010dios i\u0161 mokyklos, \u017ei\u016bri pro lang\u0105, tyrin\u0117ja but\u0105 ir \u017eaid\u017eia sode. Vien\u0105 dien\u0105 Harperei su sesute ir mama tenka persikelti gyventi pas mo\u010diut\u0119. Nors ir labai myli mo\u010diut\u0119, Harperei persikraustyti nelengva. Ta\u010diau sunkiausia su naujaisiais namais apsiprasti Semui. Jis ilgisi senojo buto kvap\u0173 ir gars\u0173. Vos pasitaikius progai, jis pab\u0117ga, trok\u0161damas gr\u012f\u017eti \u012f tikruosius savo namus&#8230; tik ar tikrai ras tai, ko ie\u0161kojo? Harper\u0117 darys visk\u0105, k\u0105 tik gali, kad rast\u0173 Sem\u0105. \u201eNam\u0173 pasiilg\u0119s Semas\u201c ugdo empatij\u0105 \u017emon\u0117ms ir gyv\u016bnams, ugdo atsakomyb\u0117s jausm\u0105, moko niekada nenuleisti rank\u0173, padeda suprasti, kad tikrieji namai yra ten, kur \u0161eima ir artimieji, nesud\u0117tingas, didel\u0117mis raid\u0117mis para\u0161ytas knygos tekstas tinka vaikams, pradedantiems skaityti savaranki\u0161kai.<\/p>\n","protected":false},"featured_media":22326,"comment_status":"open","ping_status":"closed","template":"","meta":{"_acf_changed":false,"site-sidebar-layout":"default","site-content-layout":"","ast-site-content-layout":"default","site-content-style":"default","site-sidebar-style":"default","ast-global-header-display":"","ast-banner-title-visibility":"","ast-main-header-display":"","ast-hfb-above-header-display":"","ast-hfb-below-header-display":"","ast-hfb-mobile-header-display":"","site-post-title":"","ast-breadcrumbs-content":"","ast-featured-img":"","footer-sml-layout":"","ast-disable-related-posts":"","theme-transparent-header-meta":"","adv-header-id-meta":"","stick-header-meta":"","header-above-stick-meta":"","header-main-stick-meta":"","header-below-stick-meta":"","astra-migrate-meta-layouts":"default","ast-page-background-enabled":"default","ast-page-background-meta":{"desktop":{"background-color":"","background-image":"","background-repeat":"repeat","background-position":"center center","background-size":"auto","background-attachment":"scroll","background-type":"","background-media":"","overlay-type":"","overlay-color":"","overlay-opacity":"","overlay-gradient":""},"tablet":{"background-color":"","background-image":"","background-repeat":"repeat","background-position":"center center","background-size":"auto","background-attachment":"scroll","background-type":"","background-media":"","overlay-type":"","overlay-color":"","overlay-opacity":"","overlay-gradient":""},"mobile":{"background-color":"","background-image":"","background-repeat":"repeat","background-position":"center center","background-size":"auto","background-attachment":"scroll","background-type":"","background-media":"","overlay-type":"","overlay-color":"","overlay-opacity":"","overlay-gradient":""}},"ast-content-background-meta":{"desktop":{"background-color":"var(--ast-global-color-4)","background-image":"","background-repeat":"repeat","background-position":"center center","background-size":"auto","background-attachment":"scroll","background-type":"","background-media":"","overlay-type":"","overlay-color":"","overlay-opacity":"","overlay-gradient":""},"tablet":{"background-color":"var(--ast-global-color-4)","background-image":"","background-repeat":"repeat","background-position":"center center","background-size":"auto","background-attachment":"scroll","background-type":"","background-media":"","overlay-type":"","overlay-color":"","overlay-opacity":"","overlay-gradient":""},"mobile":{"background-color":"var(--ast-global-color-4)","background-image":"","background-repeat":"repeat","background-position":"center center","background-size":"auto","background-attachment":"scroll","background-type":"","background-media":"","overlay-type":"","overlay-color":"","overlay-opacity":"","overlay-gradient":""}}},"product_brand":[],"product_cat":[9674],"product_tag":[],"class_list":{"0":"post-22319","1":"product","2":"type-product","3":"status-publish","4":"has-post-thumbnail","6":"product_cat-pradinukams","7":"desktop-align-left","8":"tablet-align-left","9":"mobile-align-left","11":"first","12":"instock","13":"shipping-taxable","14":"purchasable","15":"product-type-simple"},"acf":[],"yoast_head":"<!-- This site is optimized with the Yoast SEO plugin v27.0 - https:\/\/yoast.com\/product\/yoast-seo-wordpress\/ -->\n<title>Nam\u0173 pasiilg\u0119s Semas<\/title>\n<meta name=\"description\" content=\"6\u20139 met\u0173 vaikams Nepaprastai gra\u017ei ir pamokoma istorija apie tai, kas yra tikrieji namai Harper\u0117 d\u017eiaugiasi \u012fsigijusi nuostab\u0173 ka\u010diuk\u0105 Sem\u0105. Jis irgi\" \/>\n<meta name=\"robots\" content=\"index, follow, max-snippet:-1, max-image-preview:large, max-video-preview:-1\" \/>\n<link rel=\"canonical\" href=\"https:\/\/skaitytaknyga.lt\/en\/produktas\/namu-pasiilges-semas\/\" \/>\n<meta property=\"og:locale\" content=\"en_GB\" \/>\n<meta property=\"og:locale:alternate\" content=\"lt_LT\" \/>\n<meta property=\"og:type\" content=\"article\" \/>\n<meta property=\"og:title\" content=\"Nam\u0173 pasiilg\u0119s Semas\" \/>\n<meta property=\"og:description\" content=\"6\u20139 met\u0173 vaikams Nepaprastai gra\u017ei ir pamokoma istorija apie tai, kas yra tikrieji namai Harper\u0117 d\u017eiaugiasi \u012fsigijusi nuostab\u0173 ka\u010diuk\u0105 Sem\u0105. Jis irgi\" \/>\n<meta property=\"og:url\" content=\"https:\/\/skaitytaknyga.lt\/en\/produktas\/namu-pasiilges-semas\/\" \/>\n<meta property=\"og:site_name\" content=\"Skaitytaknyga\" \/>\n<meta property=\"article:publisher\" content=\"https:\/\/www.facebook.com\/skaitytaknyga\/\" \/>\n<meta property=\"article:modified_time\" content=\"2026-03-05T14:49:08+00:00\" \/>\n<meta property=\"og:image\" content=\"https:\/\/skaitytaknyga.lt\/wp-content\/uploads\/2025\/12\/Namu-pasiilges-Semas-1.webp\" \/>\n\t<meta property=\"og:image:width\" content=\"300\" \/>\n\t<meta property=\"og:image:height\" content=\"474\" \/>\n\t<meta property=\"og:image:type\" content=\"image\/webp\" \/>\n<meta name=\"twitter:card\" content=\"summary_large_image\" \/>\n<meta name=\"twitter:label1\" content=\"Estimated reading time\" \/>\n\t<meta name=\"twitter:data1\" content=\"1 minute\" \/>\n<script type=\"application\/ld+json\" class=\"yoast-schema-graph\">{\"@context\":\"https:\/\/schema.org\",\"@graph\":[{\"@type\":\"WebPage\",\"@id\":\"https:\/\/skaitytaknyga.lt\/produktas\/namu-pasiilges-semas\/\",\"url\":\"https:\/\/skaitytaknyga.lt\/produktas\/namu-pasiilges-semas\/\",\"name\":\"Nam\u0173 pasiilg\u0119s Semas\",\"isPartOf\":{\"@id\":\"https:\/\/skaitytaknyga.lt\/#website\"},\"primaryImageOfPage\":{\"@id\":\"https:\/\/skaitytaknyga.lt\/produktas\/namu-pasiilges-semas\/#primaryimage\"},\"image\":{\"@id\":\"https:\/\/skaitytaknyga.lt\/produktas\/namu-pasiilges-semas\/#primaryimage\"},\"thumbnailUrl\":\"https:\/\/skaitytaknyga.lt\/wp-content\/uploads\/2025\/12\/Namu-pasiilges-Semas-1.webp\",\"datePublished\":\"2025-12-19T17:47:35+00:00\",\"dateModified\":\"2026-03-05T14:49:08+00:00\",\"description\":\"6\u20139 met\u0173 vaikams Nepaprastai gra\u017ei ir pamokoma istorija apie tai, kas yra tikrieji namai Harper\u0117 d\u017eiaugiasi \u012fsigijusi nuostab\u0173 ka\u010diuk\u0105 Sem\u0105. Jis irgi\",\"breadcrumb\":{\"@id\":\"https:\/\/skaitytaknyga.lt\/produktas\/namu-pasiilges-semas\/#breadcrumb\"},\"inLanguage\":\"en-GB\",\"potentialAction\":[{\"@type\":\"ReadAction\",\"target\":[\"https:\/\/skaitytaknyga.lt\/produktas\/namu-pasiilges-semas\/\"]}]},{\"@type\":\"ImageObject\",\"inLanguage\":\"en-GB\",\"@id\":\"https:\/\/skaitytaknyga.lt\/produktas\/namu-pasiilges-semas\/#primaryimage\",\"url\":\"https:\/\/skaitytaknyga.lt\/wp-content\/uploads\/2025\/12\/Namu-pasiilges-Semas-1.webp\",\"contentUrl\":\"https:\/\/skaitytaknyga.lt\/wp-content\/uploads\/2025\/12\/Namu-pasiilges-Semas-1.webp\",\"width\":300,\"height\":474},{\"@type\":\"BreadcrumbList\",\"@id\":\"https:\/\/skaitytaknyga.lt\/produktas\/namu-pasiilges-semas\/#breadcrumb\",\"itemListElement\":[{\"@type\":\"ListItem\",\"position\":1,\"name\":\"Home\",\"item\":\"https:\/\/skaitytaknyga.lt\/\"},{\"@type\":\"ListItem\",\"position\":2,\"name\":\"Parduotuv\u0117\",\"item\":\"https:\/\/skaitytaknyga.lt\/knygu-parduotuve\/\"},{\"@type\":\"ListItem\",\"position\":3,\"name\":\"Nam\u0173 pasiilg\u0119s Semas\"}]},{\"@type\":\"WebSite\",\"@id\":\"https:\/\/skaitytaknyga.lt\/#website\",\"url\":\"https:\/\/skaitytaknyga.lt\/\",\"name\":\"skaitytaknyga.lt\",\"description\":\"Skaitytaknyga.lt \u2013 tai ma\u017eas \u0161eimos verslas, kuris prasid\u0117jo nuo meil\u0117s knygoms ir siekio i\u0161gelb\u0117ti knygas nuo likimo prie konteinerio. Kas vienam nereikalingas daiktas \u2013 kitam lobis, o mes esame tarpininkai, kurie padeda abiems tapti laimingesniems ???? \u017dinome kaip nelengva i\u0161gyventi ma\u017eiems verslams, tad nuo \u0161iol, \u010dia rasite ir kit\u0173, ma\u017e\u0173 \u0161eim\u0173 versl\u0173, rank\u0173 darbo, dovan\u0173 sau ir artimiesiems.\",\"publisher\":{\"@id\":\"https:\/\/skaitytaknyga.lt\/#organization\"},\"potentialAction\":[{\"@type\":\"SearchAction\",\"target\":{\"@type\":\"EntryPoint\",\"urlTemplate\":\"https:\/\/skaitytaknyga.lt\/?s={search_term_string}\"},\"query-input\":{\"@type\":\"PropertyValueSpecification\",\"valueRequired\":true,\"valueName\":\"search_term_string\"}}],\"inLanguage\":\"en-GB\"},{\"@type\":\"Organization\",\"@id\":\"https:\/\/skaitytaknyga.lt\/#organization\",\"name\":\"skaitytaknyga.lt\",\"url\":\"https:\/\/skaitytaknyga.lt\/\",\"logo\":{\"@type\":\"ImageObject\",\"inLanguage\":\"en-GB\",\"@id\":\"https:\/\/skaitytaknyga.lt\/#\/schema\/logo\/image\/\",\"url\":\"https:\/\/skaitytaknyga.lt\/wp-content\/uploads\/2024\/05\/cropped-cropped-cropped-02_00843_jt3bggkj1j3HLc7SyY6rEUpg.jpeg\",\"contentUrl\":\"https:\/\/skaitytaknyga.lt\/wp-content\/uploads\/2024\/05\/cropped-cropped-cropped-02_00843_jt3bggkj1j3HLc7SyY6rEUpg.jpeg\",\"width\":1600,\"height\":1600,\"caption\":\"skaitytaknyga.lt\"},\"image\":{\"@id\":\"https:\/\/skaitytaknyga.lt\/#\/schema\/logo\/image\/\"},\"sameAs\":[\"https:\/\/www.facebook.com\/skaitytaknyga\/\"]}]}<\/script>\n<!-- \/ Yoast SEO plugin. -->","yoast_head_json":{"title":"Nam\u0173 pasiilg\u0119s Semas","description":"6\u20139 met\u0173 vaikams Nepaprastai gra\u017ei ir pamokoma istorija apie tai, kas yra tikrieji namai Harper\u0117 d\u017eiaugiasi \u012fsigijusi nuostab\u0173 ka\u010diuk\u0105 Sem\u0105. Jis irgi","robots":{"index":"index","follow":"follow","max-snippet":"max-snippet:-1","max-image-preview":"max-image-preview:large","max-video-preview":"max-video-preview:-1"},"canonical":"https:\/\/skaitytaknyga.lt\/en\/produktas\/namu-pasiilges-semas\/","og_locale":"en_GB","og_type":"article","og_title":"[:lt]Nam\u0173 pasiilg\u0119s Semas[:] - Skaitytaknyga","og_description":"6\u20139 met\u0173 vaikams Nepaprastai gra\u017ei ir pamokoma istorija apie tai, kas yra tikrieji namai Harper\u0117 d\u017eiaugiasi \u012fsigijusi nuostab\u0173 ka\u010diuk\u0105 Sem\u0105. Jis irgi","og_url":"https:\/\/skaitytaknyga.lt\/en\/produktas\/namu-pasiilges-semas\/","og_site_name":"Skaitytaknyga","article_publisher":"https:\/\/www.facebook.com\/skaitytaknyga\/","article_modified_time":"2026-03-05T14:49:08+00:00","og_image":[{"width":300,"height":474,"url":"https:\/\/skaitytaknyga.lt\/wp-content\/uploads\/2025\/12\/Namu-pasiilges-Semas-1.webp","type":"image\/webp"}],"twitter_card":"summary_large_image","twitter_misc":{"Estimated reading time":"1 minute"},"schema":{"@context":"https:\/\/schema.org","@graph":[{"@type":"WebPage","@id":"https:\/\/skaitytaknyga.lt\/produktas\/namu-pasiilges-semas\/","url":"https:\/\/skaitytaknyga.lt\/produktas\/namu-pasiilges-semas\/","name":"Nam\u0173 pasiilg\u0119s Semas","isPartOf":{"@id":"https:\/\/skaitytaknyga.lt\/#website"},"primaryImageOfPage":{"@id":"https:\/\/skaitytaknyga.lt\/produktas\/namu-pasiilges-semas\/#primaryimage"},"image":{"@id":"https:\/\/skaitytaknyga.lt\/produktas\/namu-pasiilges-semas\/#primaryimage"},"thumbnailUrl":"https:\/\/skaitytaknyga.lt\/wp-content\/uploads\/2025\/12\/Namu-pasiilges-Semas-1.webp","datePublished":"2025-12-19T17:47:35+00:00","dateModified":"2026-03-05T14:49:08+00:00","description":"6\u20139 met\u0173 vaikams Nepaprastai gra\u017ei ir pamokoma istorija apie tai, kas yra tikrieji namai Harper\u0117 d\u017eiaugiasi \u012fsigijusi nuostab\u0173 ka\u010diuk\u0105 Sem\u0105. Jis irgi","breadcrumb":{"@id":"https:\/\/skaitytaknyga.lt\/produktas\/namu-pasiilges-semas\/#breadcrumb"},"inLanguage":"en-GB","potentialAction":[{"@type":"ReadAction","target":["https:\/\/skaitytaknyga.lt\/produktas\/namu-pasiilges-semas\/"]}]},{"@type":"ImageObject","inLanguage":"en-GB","@id":"https:\/\/skaitytaknyga.lt\/produktas\/namu-pasiilges-semas\/#primaryimage","url":"https:\/\/skaitytaknyga.lt\/wp-content\/uploads\/2025\/12\/Namu-pasiilges-Semas-1.webp","contentUrl":"https:\/\/skaitytaknyga.lt\/wp-content\/uploads\/2025\/12\/Namu-pasiilges-Semas-1.webp","width":300,"height":474},{"@type":"BreadcrumbList","@id":"https:\/\/skaitytaknyga.lt\/produktas\/namu-pasiilges-semas\/#breadcrumb","itemListElement":[{"@type":"ListItem","position":1,"name":"Home","item":"https:\/\/skaitytaknyga.lt\/"},{"@type":"ListItem","position":2,"name":"Parduotuv\u0117","item":"https:\/\/skaitytaknyga.lt\/knygu-parduotuve\/"},{"@type":"ListItem","position":3,"name":"Nam\u0173 pasiilg\u0119s Semas"}]},{"@type":"WebSite","@id":"https:\/\/skaitytaknyga.lt\/#website","url":"https:\/\/skaitytaknyga.lt\/","name":"skaitytaknyga.lt","description":"Skaitytaknyga.lt \u2013 tai ma\u017eas \u0161eimos verslas, kuris prasid\u0117jo nuo meil\u0117s knygoms ir siekio i\u0161gelb\u0117ti knygas nuo likimo prie konteinerio. Kas vienam nereikalingas daiktas \u2013 kitam lobis, o mes esame tarpininkai, kurie padeda abiems tapti laimingesniems ???? \u017dinome kaip nelengva i\u0161gyventi ma\u017eiems verslams, tad nuo \u0161iol, \u010dia rasite ir kit\u0173, ma\u017e\u0173 \u0161eim\u0173 versl\u0173, rank\u0173 darbo, dovan\u0173 sau ir artimiesiems.","publisher":{"@id":"https:\/\/skaitytaknyga.lt\/#organization"},"potentialAction":[{"@type":"SearchAction","target":{"@type":"EntryPoint","urlTemplate":"https:\/\/skaitytaknyga.lt\/?s={search_term_string}"},"query-input":{"@type":"PropertyValueSpecification","valueRequired":true,"valueName":"search_term_string"}}],"inLanguage":"en-GB"},{"@type":"Organization","@id":"https:\/\/skaitytaknyga.lt\/#organization","name":"skaitytaknyga.lt","url":"https:\/\/skaitytaknyga.lt\/","logo":{"@type":"ImageObject","inLanguage":"en-GB","@id":"https:\/\/skaitytaknyga.lt\/#\/schema\/logo\/image\/","url":"https:\/\/skaitytaknyga.lt\/wp-content\/uploads\/2024\/05\/cropped-cropped-cropped-02_00843_jt3bggkj1j3HLc7SyY6rEUpg.jpeg","contentUrl":"https:\/\/skaitytaknyga.lt\/wp-content\/uploads\/2024\/05\/cropped-cropped-cropped-02_00843_jt3bggkj1j3HLc7SyY6rEUpg.jpeg","width":1600,"height":1600,"caption":"skaitytaknyga.lt"},"image":{"@id":"https:\/\/skaitytaknyga.lt\/#\/schema\/logo\/image\/"},"sameAs":["https:\/\/www.facebook.com\/skaitytaknyga\/"]}]}},"_links":{"self":[{"href":"https:\/\/skaitytaknyga.lt\/en\/wp-json\/wp\/v2\/product\/22319","targetHints":{"allow":["GET"]}}],"collection":[{"href":"https:\/\/skaitytaknyga.lt\/en\/wp-json\/wp\/v2\/product"}],"about":[{"href":"https:\/\/skaitytaknyga.lt\/en\/wp-json\/wp\/v2\/types\/product"}],"replies":[{"embeddable":true,"href":"https:\/\/skaitytaknyga.lt\/en\/wp-json\/wp\/v2\/comments?post=22319"}],"wp:featuredmedia":[{"embeddable":true,"href":"https:\/\/skaitytaknyga.lt\/en\/wp-json\/wp\/v2\/media\/22326"}],"wp:attachment":[{"href":"https:\/\/skaitytaknyga.lt\/en\/wp-json\/wp\/v2\/media?parent=22319"}],"wp:term":[{"taxonomy":"product_brand","embeddable":true,"href":"https:\/\/skaitytaknyga.lt\/en\/wp-json\/wp\/v2\/product_brand?post=22319"},{"taxonomy":"product_cat","embeddable":true,"href":"https:\/\/skaitytaknyga.lt\/en\/wp-json\/wp\/v2\/product_cat?post=22319"},{"taxonomy":"product_tag","embeddable":true,"href":"https:\/\/skaitytaknyga.lt\/en\/wp-json\/wp\/v2\/product_tag?post=22319"}],"curies":[{"name":"wp","href":"https:\/\/api.w.org\/{rel}","templated":true}]}}