{"id":22318,"date":"2025-12-19T19:47:35","date_gmt":"2025-12-19T17:47:35","guid":{"rendered":"https:\/\/skaitytaknyga.lt\/?post_type=product&#038;p=22318"},"modified":"2026-03-05T16:49:08","modified_gmt":"2026-03-05T14:49:08","slug":"suzeista-katyte","status":"publish","type":"product","link":"https:\/\/skaitytaknyga.lt\/en\/produktas\/suzeista-katyte\/","title":{"rendered":"Su\u017eeista katyt\u0117"},"content":{"rendered":"<p>6\u20139 met\u0173 vaikams<\/p>\n<p>Kasdien keliaudama \u012f mokykl\u0105 traukini\u0173 stotyje Skarlet\u0117 sutinka katyt\u0119. \u016asiuk\u0117 tokia gra\u017ei, o jos kailio ra\u0161tai labai ne\u012fprasti, tad mielas p\u016bkuotas padar\u0117lis nuo pirmo susitikimo su\u017eavi mergait\u0119 ir kaskart priver\u010dia nusi\u0161ypsoti. <\/p>\n<p>Besid\u017eiaugdama katyte Skarlet\u0117 u\u017emezga nauj\u0173 draugys\u010di\u0173 ir jos dienos tampa dar puikesn\u0117s. Bet katyt\u0117 staiga dingsta. Pasirodo, j\u0105 partrenk\u0117 automobilis ir reikalinga brangi operacija&#8230; Nors Skarlet\u0117 ir jos draug\u0117s labai li\u016bdi, nusprend\u017eia nenuleisti rank\u0173 ir pad\u0117ti katytei i\u0161gyti. Tik kaip ma\u017eos mergait\u0117s paj\u0117gs surinkti didel\u0119 sum\u0105 pinig\u0173? <\/p>\n<p>Nauja bestseleri\u0173 autor\u0117s Holly Webb jaudinanti istorija apie gerum\u0105, r\u016bpest\u012f silpnesniu ir draugyst\u0117s gali\u0105 su\u017eav\u0117s visus ma\u017euosius gyv\u016bn\u0173 myl\u0117tojus.<\/p>\n<p>\u201eSu\u017eeista katyt\u0117&#8221;:<\/p>\n<p>\u2022 ugdo empatij\u0105, gerum\u0105 ir atsakomyb\u0117s jausm\u0105;<\/p>\n<p>\u2022 skatina niekada nenuleisti rank\u0173 net sunkiausiomis akimirkomis;<\/p>\n<p>\u2022 nesud\u0117tingas knygos tekstas didel\u0117mis raid\u0117mis puikiai tinka vaikams, pradedantiems skaityti savaranki\u0161kai.<\/p>\n","protected":false},"excerpt":{"rendered":"<p>6\u20139 met\u0173 vaikams Kasdien keliaudama \u012f mokykl\u0105 traukini\u0173 stotyje Skarlet\u0117 sutinka katyt\u0119. \u016asiuk\u0117 tokia gra\u017ei, o jos kailio ra\u0161tai labai ne\u012fprasti, tad mielas p\u016bkuotas padar\u0117lis nuo pirmo susitikimo su\u017eavi mergait\u0119 ir kaskart priver\u010dia nusi\u0161ypsoti. Besid\u017eiaugdama katyte Skarlet\u0117 u\u017emezga nauj\u0173 draugys\u010di\u0173 ir jos dienos tampa dar puikesn\u0117s. Bet katyt\u0117 staiga dingsta. Pasirodo, j\u0105 partrenk\u0117 automobilis ir reikalinga brangi operacija&#8230; Nors Skarlet\u0117 ir jos draug\u0117s labai li\u016bdi, nusprend\u017eia nenuleisti rank\u0173 ir pad\u0117ti katytei i\u0161gyti. Tik kaip ma\u017eos mergait\u0117s paj\u0117gs surinkti didel\u0119 sum\u0105 pinig\u0173? Nauja bestseleri\u0173 autor\u0117s Holly Webb jaudinanti istorija apie gerum\u0105, r\u016bpest\u012f silpnesniu ir draugyst\u0117s gali\u0105 su\u017eav\u0117s visus ma\u017euosius gyv\u016bn\u0173 myl\u0117tojus. \u201eSu\u017eeista katyt\u0117&#8221;: \u2022 ugdo empatij\u0105, gerum\u0105 ir atsakomyb\u0117s jausm\u0105; \u2022 skatina niekada nenuleisti rank\u0173 net sunkiausiomis akimirkomis; \u2022 nesud\u0117tingas knygos tekstas didel\u0117mis raid\u0117mis puikiai tinka vaikams, pradedantiems skaityti savaranki\u0161kai.<\/p>\n","protected":false},"featured_media":22325,"comment_status":"open","ping_status":"closed","template":"","meta":{"_acf_changed":false,"site-sidebar-layout":"default","site-content-layout":"","ast-site-content-layout":"default","site-content-style":"default","site-sidebar-style":"default","ast-global-header-display":"","ast-banner-title-visibility":"","ast-main-header-display":"","ast-hfb-above-header-display":"","ast-hfb-below-header-display":"","ast-hfb-mobile-header-display":"","site-post-title":"","ast-breadcrumbs-content":"","ast-featured-img":"","footer-sml-layout":"","ast-disable-related-posts":"","theme-transparent-header-meta":"","adv-header-id-meta":"","stick-header-meta":"","header-above-stick-meta":"","header-main-stick-meta":"","header-below-stick-meta":"","astra-migrate-meta-layouts":"default","ast-page-background-enabled":"default","ast-page-background-meta":{"desktop":{"background-color":"","background-image":"","background-repeat":"repeat","background-position":"center center","background-size":"auto","background-attachment":"scroll","background-type":"","background-media":"","overlay-type":"","overlay-color":"","overlay-opacity":"","overlay-gradient":""},"tablet":{"background-color":"","background-image":"","background-repeat":"repeat","background-position":"center center","background-size":"auto","background-attachment":"scroll","background-type":"","background-media":"","overlay-type":"","overlay-color":"","overlay-opacity":"","overlay-gradient":""},"mobile":{"background-color":"","background-image":"","background-repeat":"repeat","background-position":"center center","background-size":"auto","background-attachment":"scroll","background-type":"","background-media":"","overlay-type":"","overlay-color":"","overlay-opacity":"","overlay-gradient":""}},"ast-content-background-meta":{"desktop":{"background-color":"var(--ast-global-color-4)","background-image":"","background-repeat":"repeat","background-position":"center center","background-size":"auto","background-attachment":"scroll","background-type":"","background-media":"","overlay-type":"","overlay-color":"","overlay-opacity":"","overlay-gradient":""},"tablet":{"background-color":"var(--ast-global-color-4)","background-image":"","background-repeat":"repeat","background-position":"center center","background-size":"auto","background-attachment":"scroll","background-type":"","background-media":"","overlay-type":"","overlay-color":"","overlay-opacity":"","overlay-gradient":""},"mobile":{"background-color":"var(--ast-global-color-4)","background-image":"","background-repeat":"repeat","background-position":"center center","background-size":"auto","background-attachment":"scroll","background-type":"","background-media":"","overlay-type":"","overlay-color":"","overlay-opacity":"","overlay-gradient":""}}},"product_brand":[],"product_cat":[9674],"product_tag":[],"class_list":{"0":"post-22318","1":"product","2":"type-product","3":"status-publish","4":"has-post-thumbnail","6":"product_cat-pradinukams","7":"desktop-align-left","8":"tablet-align-left","9":"mobile-align-left","11":"first","12":"instock","13":"shipping-taxable","14":"purchasable","15":"product-type-simple"},"acf":[],"yoast_head":"<!-- This site is optimized with the Yoast SEO plugin v27.0 - https:\/\/yoast.com\/product\/yoast-seo-wordpress\/ -->\n<title>Su\u017eeista katyt\u0117<\/title>\n<meta name=\"description\" content=\"6\u20139 met\u0173 vaikams Kasdien keliaudama \u012f mokykl\u0105 traukini\u0173 stotyje Skarlet\u0117 sutinka katyt\u0119. \u016asiuk\u0117 tokia gra\u017ei, o jos kailio ra\u0161tai labai ne\u012fprasti, tad\" \/>\n<meta name=\"robots\" content=\"index, follow, max-snippet:-1, max-image-preview:large, max-video-preview:-1\" \/>\n<link rel=\"canonical\" href=\"https:\/\/skaitytaknyga.lt\/en\/produktas\/suzeista-katyte\/\" \/>\n<meta property=\"og:locale\" content=\"en_GB\" \/>\n<meta property=\"og:locale:alternate\" content=\"lt_LT\" \/>\n<meta property=\"og:type\" content=\"article\" \/>\n<meta property=\"og:title\" content=\"Su\u017eeista katyt\u0117\" \/>\n<meta property=\"og:description\" content=\"6\u20139 met\u0173 vaikams Kasdien keliaudama \u012f mokykl\u0105 traukini\u0173 stotyje Skarlet\u0117 sutinka katyt\u0119. \u016asiuk\u0117 tokia gra\u017ei, o jos kailio ra\u0161tai labai ne\u012fprasti, tad\" \/>\n<meta property=\"og:url\" content=\"https:\/\/skaitytaknyga.lt\/en\/produktas\/suzeista-katyte\/\" \/>\n<meta property=\"og:site_name\" content=\"Skaitytaknyga\" \/>\n<meta property=\"article:publisher\" content=\"https:\/\/www.facebook.com\/skaitytaknyga\/\" \/>\n<meta property=\"article:modified_time\" content=\"2026-03-05T14:49:08+00:00\" \/>\n<meta property=\"og:image\" content=\"https:\/\/skaitytaknyga.lt\/wp-content\/uploads\/2025\/12\/Suzeista-katyte-1.webp\" \/>\n\t<meta property=\"og:image:width\" content=\"300\" \/>\n\t<meta property=\"og:image:height\" content=\"474\" \/>\n\t<meta property=\"og:image:type\" content=\"image\/webp\" \/>\n<meta name=\"twitter:card\" content=\"summary_large_image\" \/>\n<meta name=\"twitter:label1\" content=\"Estimated reading time\" \/>\n\t<meta name=\"twitter:data1\" content=\"1 minute\" \/>\n<script type=\"application\/ld+json\" class=\"yoast-schema-graph\">{\"@context\":\"https:\/\/schema.org\",\"@graph\":[{\"@type\":\"WebPage\",\"@id\":\"https:\/\/skaitytaknyga.lt\/produktas\/suzeista-katyte\/\",\"url\":\"https:\/\/skaitytaknyga.lt\/produktas\/suzeista-katyte\/\",\"name\":\"Su\u017eeista katyt\u0117\",\"isPartOf\":{\"@id\":\"https:\/\/skaitytaknyga.lt\/#website\"},\"primaryImageOfPage\":{\"@id\":\"https:\/\/skaitytaknyga.lt\/produktas\/suzeista-katyte\/#primaryimage\"},\"image\":{\"@id\":\"https:\/\/skaitytaknyga.lt\/produktas\/suzeista-katyte\/#primaryimage\"},\"thumbnailUrl\":\"https:\/\/skaitytaknyga.lt\/wp-content\/uploads\/2025\/12\/Suzeista-katyte-1.webp\",\"datePublished\":\"2025-12-19T17:47:35+00:00\",\"dateModified\":\"2026-03-05T14:49:08+00:00\",\"description\":\"6\u20139 met\u0173 vaikams Kasdien keliaudama \u012f mokykl\u0105 traukini\u0173 stotyje Skarlet\u0117 sutinka katyt\u0119. \u016asiuk\u0117 tokia gra\u017ei, o jos kailio ra\u0161tai labai ne\u012fprasti, tad\",\"breadcrumb\":{\"@id\":\"https:\/\/skaitytaknyga.lt\/produktas\/suzeista-katyte\/#breadcrumb\"},\"inLanguage\":\"en-GB\",\"potentialAction\":[{\"@type\":\"ReadAction\",\"target\":[\"https:\/\/skaitytaknyga.lt\/produktas\/suzeista-katyte\/\"]}]},{\"@type\":\"ImageObject\",\"inLanguage\":\"en-GB\",\"@id\":\"https:\/\/skaitytaknyga.lt\/produktas\/suzeista-katyte\/#primaryimage\",\"url\":\"https:\/\/skaitytaknyga.lt\/wp-content\/uploads\/2025\/12\/Suzeista-katyte-1.webp\",\"contentUrl\":\"https:\/\/skaitytaknyga.lt\/wp-content\/uploads\/2025\/12\/Suzeista-katyte-1.webp\",\"width\":300,\"height\":474,\"caption\":\"Su\u017eeista katyt\u0117\"},{\"@type\":\"BreadcrumbList\",\"@id\":\"https:\/\/skaitytaknyga.lt\/produktas\/suzeista-katyte\/#breadcrumb\",\"itemListElement\":[{\"@type\":\"ListItem\",\"position\":1,\"name\":\"Home\",\"item\":\"https:\/\/skaitytaknyga.lt\/\"},{\"@type\":\"ListItem\",\"position\":2,\"name\":\"Parduotuv\u0117\",\"item\":\"https:\/\/skaitytaknyga.lt\/knygu-parduotuve\/\"},{\"@type\":\"ListItem\",\"position\":3,\"name\":\"Su\u017eeista katyt\u0117\"}]},{\"@type\":\"WebSite\",\"@id\":\"https:\/\/skaitytaknyga.lt\/#website\",\"url\":\"https:\/\/skaitytaknyga.lt\/\",\"name\":\"skaitytaknyga.lt\",\"description\":\"Skaitytaknyga.lt \u2013 tai ma\u017eas \u0161eimos verslas, kuris prasid\u0117jo nuo meil\u0117s knygoms ir siekio i\u0161gelb\u0117ti knygas nuo likimo prie konteinerio. Kas vienam nereikalingas daiktas \u2013 kitam lobis, o mes esame tarpininkai, kurie padeda abiems tapti laimingesniems ???? \u017dinome kaip nelengva i\u0161gyventi ma\u017eiems verslams, tad nuo \u0161iol, \u010dia rasite ir kit\u0173, ma\u017e\u0173 \u0161eim\u0173 versl\u0173, rank\u0173 darbo, dovan\u0173 sau ir artimiesiems.\",\"publisher\":{\"@id\":\"https:\/\/skaitytaknyga.lt\/#organization\"},\"potentialAction\":[{\"@type\":\"SearchAction\",\"target\":{\"@type\":\"EntryPoint\",\"urlTemplate\":\"https:\/\/skaitytaknyga.lt\/?s={search_term_string}\"},\"query-input\":{\"@type\":\"PropertyValueSpecification\",\"valueRequired\":true,\"valueName\":\"search_term_string\"}}],\"inLanguage\":\"en-GB\"},{\"@type\":\"Organization\",\"@id\":\"https:\/\/skaitytaknyga.lt\/#organization\",\"name\":\"skaitytaknyga.lt\",\"url\":\"https:\/\/skaitytaknyga.lt\/\",\"logo\":{\"@type\":\"ImageObject\",\"inLanguage\":\"en-GB\",\"@id\":\"https:\/\/skaitytaknyga.lt\/#\/schema\/logo\/image\/\",\"url\":\"https:\/\/skaitytaknyga.lt\/wp-content\/uploads\/2024\/05\/cropped-cropped-cropped-02_00843_jt3bggkj1j3HLc7SyY6rEUpg.jpeg\",\"contentUrl\":\"https:\/\/skaitytaknyga.lt\/wp-content\/uploads\/2024\/05\/cropped-cropped-cropped-02_00843_jt3bggkj1j3HLc7SyY6rEUpg.jpeg\",\"width\":1600,\"height\":1600,\"caption\":\"skaitytaknyga.lt\"},\"image\":{\"@id\":\"https:\/\/skaitytaknyga.lt\/#\/schema\/logo\/image\/\"},\"sameAs\":[\"https:\/\/www.facebook.com\/skaitytaknyga\/\"]}]}<\/script>\n<!-- \/ Yoast SEO plugin. -->","yoast_head_json":{"title":"Su\u017eeista katyt\u0117","description":"6\u20139 met\u0173 vaikams Kasdien keliaudama \u012f mokykl\u0105 traukini\u0173 stotyje Skarlet\u0117 sutinka katyt\u0119. \u016asiuk\u0117 tokia gra\u017ei, o jos kailio ra\u0161tai labai ne\u012fprasti, tad","robots":{"index":"index","follow":"follow","max-snippet":"max-snippet:-1","max-image-preview":"max-image-preview:large","max-video-preview":"max-video-preview:-1"},"canonical":"https:\/\/skaitytaknyga.lt\/en\/produktas\/suzeista-katyte\/","og_locale":"en_GB","og_type":"article","og_title":"[:lt]Su\u017eeista katyt\u0117[:] - Skaitytaknyga","og_description":"6\u20139 met\u0173 vaikams Kasdien keliaudama \u012f mokykl\u0105 traukini\u0173 stotyje Skarlet\u0117 sutinka katyt\u0119. \u016asiuk\u0117 tokia gra\u017ei, o jos kailio ra\u0161tai labai ne\u012fprasti, tad","og_url":"https:\/\/skaitytaknyga.lt\/en\/produktas\/suzeista-katyte\/","og_site_name":"Skaitytaknyga","article_publisher":"https:\/\/www.facebook.com\/skaitytaknyga\/","article_modified_time":"2026-03-05T14:49:08+00:00","og_image":[{"width":300,"height":474,"url":"https:\/\/skaitytaknyga.lt\/wp-content\/uploads\/2025\/12\/Suzeista-katyte-1.webp","type":"image\/webp"}],"twitter_card":"summary_large_image","twitter_misc":{"Estimated reading time":"1 minute"},"schema":{"@context":"https:\/\/schema.org","@graph":[{"@type":"WebPage","@id":"https:\/\/skaitytaknyga.lt\/produktas\/suzeista-katyte\/","url":"https:\/\/skaitytaknyga.lt\/produktas\/suzeista-katyte\/","name":"Su\u017eeista katyt\u0117","isPartOf":{"@id":"https:\/\/skaitytaknyga.lt\/#website"},"primaryImageOfPage":{"@id":"https:\/\/skaitytaknyga.lt\/produktas\/suzeista-katyte\/#primaryimage"},"image":{"@id":"https:\/\/skaitytaknyga.lt\/produktas\/suzeista-katyte\/#primaryimage"},"thumbnailUrl":"https:\/\/skaitytaknyga.lt\/wp-content\/uploads\/2025\/12\/Suzeista-katyte-1.webp","datePublished":"2025-12-19T17:47:35+00:00","dateModified":"2026-03-05T14:49:08+00:00","description":"6\u20139 met\u0173 vaikams Kasdien keliaudama \u012f mokykl\u0105 traukini\u0173 stotyje Skarlet\u0117 sutinka katyt\u0119. \u016asiuk\u0117 tokia gra\u017ei, o jos kailio ra\u0161tai labai ne\u012fprasti, tad","breadcrumb":{"@id":"https:\/\/skaitytaknyga.lt\/produktas\/suzeista-katyte\/#breadcrumb"},"inLanguage":"en-GB","potentialAction":[{"@type":"ReadAction","target":["https:\/\/skaitytaknyga.lt\/produktas\/suzeista-katyte\/"]}]},{"@type":"ImageObject","inLanguage":"en-GB","@id":"https:\/\/skaitytaknyga.lt\/produktas\/suzeista-katyte\/#primaryimage","url":"https:\/\/skaitytaknyga.lt\/wp-content\/uploads\/2025\/12\/Suzeista-katyte-1.webp","contentUrl":"https:\/\/skaitytaknyga.lt\/wp-content\/uploads\/2025\/12\/Suzeista-katyte-1.webp","width":300,"height":474,"caption":"Su\u017eeista katyt\u0117"},{"@type":"BreadcrumbList","@id":"https:\/\/skaitytaknyga.lt\/produktas\/suzeista-katyte\/#breadcrumb","itemListElement":[{"@type":"ListItem","position":1,"name":"Home","item":"https:\/\/skaitytaknyga.lt\/"},{"@type":"ListItem","position":2,"name":"Parduotuv\u0117","item":"https:\/\/skaitytaknyga.lt\/knygu-parduotuve\/"},{"@type":"ListItem","position":3,"name":"Su\u017eeista katyt\u0117"}]},{"@type":"WebSite","@id":"https:\/\/skaitytaknyga.lt\/#website","url":"https:\/\/skaitytaknyga.lt\/","name":"skaitytaknyga.lt","description":"Skaitytaknyga.lt \u2013 tai ma\u017eas \u0161eimos verslas, kuris prasid\u0117jo nuo meil\u0117s knygoms ir siekio i\u0161gelb\u0117ti knygas nuo likimo prie konteinerio. Kas vienam nereikalingas daiktas \u2013 kitam lobis, o mes esame tarpininkai, kurie padeda abiems tapti laimingesniems ???? \u017dinome kaip nelengva i\u0161gyventi ma\u017eiems verslams, tad nuo \u0161iol, \u010dia rasite ir kit\u0173, ma\u017e\u0173 \u0161eim\u0173 versl\u0173, rank\u0173 darbo, dovan\u0173 sau ir artimiesiems.","publisher":{"@id":"https:\/\/skaitytaknyga.lt\/#organization"},"potentialAction":[{"@type":"SearchAction","target":{"@type":"EntryPoint","urlTemplate":"https:\/\/skaitytaknyga.lt\/?s={search_term_string}"},"query-input":{"@type":"PropertyValueSpecification","valueRequired":true,"valueName":"search_term_string"}}],"inLanguage":"en-GB"},{"@type":"Organization","@id":"https:\/\/skaitytaknyga.lt\/#organization","name":"skaitytaknyga.lt","url":"https:\/\/skaitytaknyga.lt\/","logo":{"@type":"ImageObject","inLanguage":"en-GB","@id":"https:\/\/skaitytaknyga.lt\/#\/schema\/logo\/image\/","url":"https:\/\/skaitytaknyga.lt\/wp-content\/uploads\/2024\/05\/cropped-cropped-cropped-02_00843_jt3bggkj1j3HLc7SyY6rEUpg.jpeg","contentUrl":"https:\/\/skaitytaknyga.lt\/wp-content\/uploads\/2024\/05\/cropped-cropped-cropped-02_00843_jt3bggkj1j3HLc7SyY6rEUpg.jpeg","width":1600,"height":1600,"caption":"skaitytaknyga.lt"},"image":{"@id":"https:\/\/skaitytaknyga.lt\/#\/schema\/logo\/image\/"},"sameAs":["https:\/\/www.facebook.com\/skaitytaknyga\/"]}]}},"_links":{"self":[{"href":"https:\/\/skaitytaknyga.lt\/en\/wp-json\/wp\/v2\/product\/22318","targetHints":{"allow":["GET"]}}],"collection":[{"href":"https:\/\/skaitytaknyga.lt\/en\/wp-json\/wp\/v2\/product"}],"about":[{"href":"https:\/\/skaitytaknyga.lt\/en\/wp-json\/wp\/v2\/types\/product"}],"replies":[{"embeddable":true,"href":"https:\/\/skaitytaknyga.lt\/en\/wp-json\/wp\/v2\/comments?post=22318"}],"wp:featuredmedia":[{"embeddable":true,"href":"https:\/\/skaitytaknyga.lt\/en\/wp-json\/wp\/v2\/media\/22325"}],"wp:attachment":[{"href":"https:\/\/skaitytaknyga.lt\/en\/wp-json\/wp\/v2\/media?parent=22318"}],"wp:term":[{"taxonomy":"product_brand","embeddable":true,"href":"https:\/\/skaitytaknyga.lt\/en\/wp-json\/wp\/v2\/product_brand?post=22318"},{"taxonomy":"product_cat","embeddable":true,"href":"https:\/\/skaitytaknyga.lt\/en\/wp-json\/wp\/v2\/product_cat?post=22318"},{"taxonomy":"product_tag","embeddable":true,"href":"https:\/\/skaitytaknyga.lt\/en\/wp-json\/wp\/v2\/product_tag?post=22318"}],"curies":[{"name":"wp","href":"https:\/\/api.w.org\/{rel}","templated":true}]}}