{"id":22316,"date":"2025-12-19T19:47:34","date_gmt":"2025-12-19T17:47:34","guid":{"rendered":"https:\/\/skaitytaknyga.lt\/?post_type=product&#038;p=22316"},"modified":"2025-12-19T19:57:08","modified_gmt":"2025-12-19T17:57:08","slug":"zydrieji-sparnai","status":"publish","type":"product","link":"https:\/\/skaitytaknyga.lt\/en\/produktas\/zydrieji-sparnai\/","title":{"rendered":"\u017dydrieji sparnai"},"content":{"rendered":"<p>Jo\u0161as ir Jardanas \u2013 broliai. Jo\u0161ui vienuolika, Jardanui \u0161iek tiek daugiau. Nors kartais atrodo, kad yra atvirk\u0161\u010diai. Kart\u0105 broliai randa su\u017eeist\u0105 gerviuk\u0105 ir sumano i\u0161mokyti j\u012f skraidyti. Per vien\u0105 skraidymo pamok\u0105 Jardanas padaro kai k\u0105, d\u0117l ko Jo\u0161as atsiduria ligonin\u0117je. Kad \u0161eimai b\u016bt\u0173 saugiau, Jardanas turi persikelti \u012f globos namus. Tai i\u0161gird\u0119 broliai nusprend\u017eia pab\u0117gti&#8230;<\/p>\n<p>Dr\u0105sus, jaudinantis pasakojimas apie \u0161ilto \u0161eimos lizdo paie\u0161kas.<\/p>\n<p>Knygos leidim\u0105 finansavo Europos S\u0105junga pagal program\u0105 \u201eK\u016brybi\u0161ka Europa\u201c. Knyga i\u0161leista \u012fgyvendinant projekt\u0105 \u201eNaujas slapta\u017eodis: poky\u010diai\u201c. Knygos leidim\u0105 i\u0161 dalies finansavo Kult\u016bros taryba.<\/p>\n<p>Am\u017eiaus kategorija \u2013 12+<\/p>\n","protected":false},"excerpt":{"rendered":"<p>Jo\u0161as ir Jardanas \u2013 broliai. Jo\u0161ui vienuolika, Jardanui \u0161iek tiek daugiau. Nors kartais atrodo, kad yra atvirk\u0161\u010diai. Kart\u0105 broliai randa su\u017eeist\u0105 gerviuk\u0105 ir sumano i\u0161mokyti j\u012f skraidyti. Per vien\u0105 skraidymo pamok\u0105 Jardanas padaro kai k\u0105, d\u0117l ko Jo\u0161as atsiduria ligonin\u0117je. Kad \u0161eimai b\u016bt\u0173 saugiau, Jardanas turi persikelti \u012f globos namus. Tai i\u0161gird\u0119 broliai nusprend\u017eia pab\u0117gti&#8230; Dr\u0105sus, jaudinantis pasakojimas apie \u0161ilto \u0161eimos lizdo paie\u0161kas. Knygos leidim\u0105 finansavo Europos S\u0105junga pagal program\u0105 \u201eK\u016brybi\u0161ka Europa\u201c. Knyga i\u0161leista \u012fgyvendinant projekt\u0105 \u201eNaujas slapta\u017eodis: poky\u010diai\u201c. Knygos leidim\u0105 i\u0161 dalies finansavo Kult\u016bros taryba. Am\u017eiaus kategorija \u2013 12+<\/p>\n","protected":false},"featured_media":22321,"comment_status":"open","ping_status":"closed","template":"","meta":{"_acf_changed":false,"site-sidebar-layout":"default","site-content-layout":"","ast-site-content-layout":"default","site-content-style":"default","site-sidebar-style":"default","ast-global-header-display":"","ast-banner-title-visibility":"","ast-main-header-display":"","ast-hfb-above-header-display":"","ast-hfb-below-header-display":"","ast-hfb-mobile-header-display":"","site-post-title":"","ast-breadcrumbs-content":"","ast-featured-img":"","footer-sml-layout":"","ast-disable-related-posts":"","theme-transparent-header-meta":"","adv-header-id-meta":"","stick-header-meta":"","header-above-stick-meta":"","header-main-stick-meta":"","header-below-stick-meta":"","astra-migrate-meta-layouts":"default","ast-page-background-enabled":"default","ast-page-background-meta":{"desktop":{"background-color":"","background-image":"","background-repeat":"repeat","background-position":"center center","background-size":"auto","background-attachment":"scroll","background-type":"","background-media":"","overlay-type":"","overlay-color":"","overlay-opacity":"","overlay-gradient":""},"tablet":{"background-color":"","background-image":"","background-repeat":"repeat","background-position":"center center","background-size":"auto","background-attachment":"scroll","background-type":"","background-media":"","overlay-type":"","overlay-color":"","overlay-opacity":"","overlay-gradient":""},"mobile":{"background-color":"","background-image":"","background-repeat":"repeat","background-position":"center center","background-size":"auto","background-attachment":"scroll","background-type":"","background-media":"","overlay-type":"","overlay-color":"","overlay-opacity":"","overlay-gradient":""}},"ast-content-background-meta":{"desktop":{"background-color":"var(--ast-global-color-4)","background-image":"","background-repeat":"repeat","background-position":"center center","background-size":"auto","background-attachment":"scroll","background-type":"","background-media":"","overlay-type":"","overlay-color":"","overlay-opacity":"","overlay-gradient":""},"tablet":{"background-color":"var(--ast-global-color-4)","background-image":"","background-repeat":"repeat","background-position":"center center","background-size":"auto","background-attachment":"scroll","background-type":"","background-media":"","overlay-type":"","overlay-color":"","overlay-opacity":"","overlay-gradient":""},"mobile":{"background-color":"var(--ast-global-color-4)","background-image":"","background-repeat":"repeat","background-position":"center center","background-size":"auto","background-attachment":"scroll","background-type":"","background-media":"","overlay-type":"","overlay-color":"","overlay-opacity":"","overlay-gradient":""}}},"product_brand":[],"product_cat":[35],"product_tag":[],"class_list":{"0":"post-22316","1":"product","2":"type-product","3":"status-publish","4":"has-post-thumbnail","6":"product_cat-vaikams-ir-paaugliams","7":"desktop-align-left","8":"tablet-align-left","9":"mobile-align-left","11":"first","12":"instock","13":"shipping-taxable","14":"purchasable","15":"product-type-simple"},"acf":[],"yoast_head":"<!-- This site is optimized with the Yoast SEO plugin v27.0 - https:\/\/yoast.com\/product\/yoast-seo-wordpress\/ -->\n<title>\u017dydrieji sparnai<\/title>\n<meta name=\"description\" content=\"Jo\u0161as ir Jardanas \u2013 broliai. Jo\u0161ui vienuolika, Jardanui \u0161iek tiek daugiau. Nors kartais atrodo, kad yra atvirk\u0161\u010diai. Kart\u0105 broliai randa su\u017eeist\u0105 gerviuk\u0105\" \/>\n<meta name=\"robots\" content=\"index, follow, max-snippet:-1, max-image-preview:large, max-video-preview:-1\" \/>\n<link rel=\"canonical\" href=\"https:\/\/skaitytaknyga.lt\/en\/produktas\/zydrieji-sparnai\/\" \/>\n<meta property=\"og:locale\" content=\"en_GB\" \/>\n<meta property=\"og:locale:alternate\" content=\"lt_LT\" \/>\n<meta property=\"og:type\" content=\"article\" \/>\n<meta property=\"og:title\" content=\"\u017dydrieji sparnai\" \/>\n<meta property=\"og:description\" content=\"Jo\u0161as ir Jardanas \u2013 broliai. Jo\u0161ui vienuolika, Jardanui \u0161iek tiek daugiau. Nors kartais atrodo, kad yra atvirk\u0161\u010diai. Kart\u0105 broliai randa su\u017eeist\u0105 gerviuk\u0105\" \/>\n<meta property=\"og:url\" content=\"https:\/\/skaitytaknyga.lt\/en\/produktas\/zydrieji-sparnai\/\" \/>\n<meta property=\"og:site_name\" content=\"Skaitytaknyga\" \/>\n<meta property=\"article:publisher\" content=\"https:\/\/www.facebook.com\/skaitytaknyga\/\" \/>\n<meta property=\"article:modified_time\" content=\"2025-12-19T17:57:08+00:00\" \/>\n<meta property=\"og:image\" content=\"https:\/\/skaitytaknyga.lt\/wp-content\/uploads\/2025\/12\/Zydrieji-sparnai-1.webp\" \/>\n\t<meta property=\"og:image:width\" content=\"300\" \/>\n\t<meta property=\"og:image:height\" content=\"445\" \/>\n\t<meta property=\"og:image:type\" content=\"image\/webp\" \/>\n<meta name=\"twitter:card\" content=\"summary_large_image\" \/>\n<meta name=\"twitter:label1\" content=\"Estimated reading time\" \/>\n\t<meta name=\"twitter:data1\" content=\"1 minute\" \/>\n<script type=\"application\/ld+json\" class=\"yoast-schema-graph\">{\"@context\":\"https:\/\/schema.org\",\"@graph\":[{\"@type\":\"WebPage\",\"@id\":\"https:\/\/skaitytaknyga.lt\/produktas\/zydrieji-sparnai\/\",\"url\":\"https:\/\/skaitytaknyga.lt\/produktas\/zydrieji-sparnai\/\",\"name\":\"\u017dydrieji sparnai\",\"isPartOf\":{\"@id\":\"https:\/\/skaitytaknyga.lt\/#website\"},\"primaryImageOfPage\":{\"@id\":\"https:\/\/skaitytaknyga.lt\/produktas\/zydrieji-sparnai\/#primaryimage\"},\"image\":{\"@id\":\"https:\/\/skaitytaknyga.lt\/produktas\/zydrieji-sparnai\/#primaryimage\"},\"thumbnailUrl\":\"https:\/\/skaitytaknyga.lt\/wp-content\/uploads\/2025\/12\/Zydrieji-sparnai-1.webp\",\"datePublished\":\"2025-12-19T17:47:34+00:00\",\"dateModified\":\"2025-12-19T17:57:08+00:00\",\"description\":\"Jo\u0161as ir Jardanas \u2013 broliai. Jo\u0161ui vienuolika, Jardanui \u0161iek tiek daugiau. Nors kartais atrodo, kad yra atvirk\u0161\u010diai. Kart\u0105 broliai randa su\u017eeist\u0105 gerviuk\u0105\",\"breadcrumb\":{\"@id\":\"https:\/\/skaitytaknyga.lt\/produktas\/zydrieji-sparnai\/#breadcrumb\"},\"inLanguage\":\"en-GB\",\"potentialAction\":[{\"@type\":\"ReadAction\",\"target\":[\"https:\/\/skaitytaknyga.lt\/produktas\/zydrieji-sparnai\/\"]}]},{\"@type\":\"ImageObject\",\"inLanguage\":\"en-GB\",\"@id\":\"https:\/\/skaitytaknyga.lt\/produktas\/zydrieji-sparnai\/#primaryimage\",\"url\":\"https:\/\/skaitytaknyga.lt\/wp-content\/uploads\/2025\/12\/Zydrieji-sparnai-1.webp\",\"contentUrl\":\"https:\/\/skaitytaknyga.lt\/wp-content\/uploads\/2025\/12\/Zydrieji-sparnai-1.webp\",\"width\":300,\"height\":445,\"caption\":\"\u017dydrieji sparnai\"},{\"@type\":\"BreadcrumbList\",\"@id\":\"https:\/\/skaitytaknyga.lt\/produktas\/zydrieji-sparnai\/#breadcrumb\",\"itemListElement\":[{\"@type\":\"ListItem\",\"position\":1,\"name\":\"Home\",\"item\":\"https:\/\/skaitytaknyga.lt\/\"},{\"@type\":\"ListItem\",\"position\":2,\"name\":\"Parduotuv\u0117\",\"item\":\"https:\/\/skaitytaknyga.lt\/knygu-parduotuve\/\"},{\"@type\":\"ListItem\",\"position\":3,\"name\":\"\u017dydrieji sparnai\"}]},{\"@type\":\"WebSite\",\"@id\":\"https:\/\/skaitytaknyga.lt\/#website\",\"url\":\"https:\/\/skaitytaknyga.lt\/\",\"name\":\"skaitytaknyga.lt\",\"description\":\"Skaitytaknyga.lt \u2013 tai ma\u017eas \u0161eimos verslas, kuris prasid\u0117jo nuo meil\u0117s knygoms ir siekio i\u0161gelb\u0117ti knygas nuo likimo prie konteinerio. Kas vienam nereikalingas daiktas \u2013 kitam lobis, o mes esame tarpininkai, kurie padeda abiems tapti laimingesniems ???? \u017dinome kaip nelengva i\u0161gyventi ma\u017eiems verslams, tad nuo \u0161iol, \u010dia rasite ir kit\u0173, ma\u017e\u0173 \u0161eim\u0173 versl\u0173, rank\u0173 darbo, dovan\u0173 sau ir artimiesiems.\",\"publisher\":{\"@id\":\"https:\/\/skaitytaknyga.lt\/#organization\"},\"potentialAction\":[{\"@type\":\"SearchAction\",\"target\":{\"@type\":\"EntryPoint\",\"urlTemplate\":\"https:\/\/skaitytaknyga.lt\/?s={search_term_string}\"},\"query-input\":{\"@type\":\"PropertyValueSpecification\",\"valueRequired\":true,\"valueName\":\"search_term_string\"}}],\"inLanguage\":\"en-GB\"},{\"@type\":\"Organization\",\"@id\":\"https:\/\/skaitytaknyga.lt\/#organization\",\"name\":\"skaitytaknyga.lt\",\"url\":\"https:\/\/skaitytaknyga.lt\/\",\"logo\":{\"@type\":\"ImageObject\",\"inLanguage\":\"en-GB\",\"@id\":\"https:\/\/skaitytaknyga.lt\/#\/schema\/logo\/image\/\",\"url\":\"https:\/\/skaitytaknyga.lt\/wp-content\/uploads\/2024\/05\/cropped-cropped-cropped-02_00843_jt3bggkj1j3HLc7SyY6rEUpg.jpeg\",\"contentUrl\":\"https:\/\/skaitytaknyga.lt\/wp-content\/uploads\/2024\/05\/cropped-cropped-cropped-02_00843_jt3bggkj1j3HLc7SyY6rEUpg.jpeg\",\"width\":1600,\"height\":1600,\"caption\":\"skaitytaknyga.lt\"},\"image\":{\"@id\":\"https:\/\/skaitytaknyga.lt\/#\/schema\/logo\/image\/\"},\"sameAs\":[\"https:\/\/www.facebook.com\/skaitytaknyga\/\"]}]}<\/script>\n<!-- \/ Yoast SEO plugin. -->","yoast_head_json":{"title":"\u017dydrieji sparnai","description":"Jo\u0161as ir Jardanas \u2013 broliai. Jo\u0161ui vienuolika, Jardanui \u0161iek tiek daugiau. Nors kartais atrodo, kad yra atvirk\u0161\u010diai. Kart\u0105 broliai randa su\u017eeist\u0105 gerviuk\u0105","robots":{"index":"index","follow":"follow","max-snippet":"max-snippet:-1","max-image-preview":"max-image-preview:large","max-video-preview":"max-video-preview:-1"},"canonical":"https:\/\/skaitytaknyga.lt\/en\/produktas\/zydrieji-sparnai\/","og_locale":"en_GB","og_type":"article","og_title":"[:lt]\u017dydrieji sparnai[:] - Skaitytaknyga","og_description":"Jo\u0161as ir Jardanas \u2013 broliai. Jo\u0161ui vienuolika, Jardanui \u0161iek tiek daugiau. Nors kartais atrodo, kad yra atvirk\u0161\u010diai. Kart\u0105 broliai randa su\u017eeist\u0105 gerviuk\u0105","og_url":"https:\/\/skaitytaknyga.lt\/en\/produktas\/zydrieji-sparnai\/","og_site_name":"Skaitytaknyga","article_publisher":"https:\/\/www.facebook.com\/skaitytaknyga\/","article_modified_time":"2025-12-19T17:57:08+00:00","og_image":[{"width":300,"height":445,"url":"https:\/\/skaitytaknyga.lt\/wp-content\/uploads\/2025\/12\/Zydrieji-sparnai-1.webp","type":"image\/webp"}],"twitter_card":"summary_large_image","twitter_misc":{"Estimated reading time":"1 minute"},"schema":{"@context":"https:\/\/schema.org","@graph":[{"@type":"WebPage","@id":"https:\/\/skaitytaknyga.lt\/produktas\/zydrieji-sparnai\/","url":"https:\/\/skaitytaknyga.lt\/produktas\/zydrieji-sparnai\/","name":"\u017dydrieji sparnai","isPartOf":{"@id":"https:\/\/skaitytaknyga.lt\/#website"},"primaryImageOfPage":{"@id":"https:\/\/skaitytaknyga.lt\/produktas\/zydrieji-sparnai\/#primaryimage"},"image":{"@id":"https:\/\/skaitytaknyga.lt\/produktas\/zydrieji-sparnai\/#primaryimage"},"thumbnailUrl":"https:\/\/skaitytaknyga.lt\/wp-content\/uploads\/2025\/12\/Zydrieji-sparnai-1.webp","datePublished":"2025-12-19T17:47:34+00:00","dateModified":"2025-12-19T17:57:08+00:00","description":"Jo\u0161as ir Jardanas \u2013 broliai. Jo\u0161ui vienuolika, Jardanui \u0161iek tiek daugiau. Nors kartais atrodo, kad yra atvirk\u0161\u010diai. Kart\u0105 broliai randa su\u017eeist\u0105 gerviuk\u0105","breadcrumb":{"@id":"https:\/\/skaitytaknyga.lt\/produktas\/zydrieji-sparnai\/#breadcrumb"},"inLanguage":"en-GB","potentialAction":[{"@type":"ReadAction","target":["https:\/\/skaitytaknyga.lt\/produktas\/zydrieji-sparnai\/"]}]},{"@type":"ImageObject","inLanguage":"en-GB","@id":"https:\/\/skaitytaknyga.lt\/produktas\/zydrieji-sparnai\/#primaryimage","url":"https:\/\/skaitytaknyga.lt\/wp-content\/uploads\/2025\/12\/Zydrieji-sparnai-1.webp","contentUrl":"https:\/\/skaitytaknyga.lt\/wp-content\/uploads\/2025\/12\/Zydrieji-sparnai-1.webp","width":300,"height":445,"caption":"\u017dydrieji sparnai"},{"@type":"BreadcrumbList","@id":"https:\/\/skaitytaknyga.lt\/produktas\/zydrieji-sparnai\/#breadcrumb","itemListElement":[{"@type":"ListItem","position":1,"name":"Home","item":"https:\/\/skaitytaknyga.lt\/"},{"@type":"ListItem","position":2,"name":"Parduotuv\u0117","item":"https:\/\/skaitytaknyga.lt\/knygu-parduotuve\/"},{"@type":"ListItem","position":3,"name":"\u017dydrieji sparnai"}]},{"@type":"WebSite","@id":"https:\/\/skaitytaknyga.lt\/#website","url":"https:\/\/skaitytaknyga.lt\/","name":"skaitytaknyga.lt","description":"Skaitytaknyga.lt \u2013 tai ma\u017eas \u0161eimos verslas, kuris prasid\u0117jo nuo meil\u0117s knygoms ir siekio i\u0161gelb\u0117ti knygas nuo likimo prie konteinerio. Kas vienam nereikalingas daiktas \u2013 kitam lobis, o mes esame tarpininkai, kurie padeda abiems tapti laimingesniems ???? \u017dinome kaip nelengva i\u0161gyventi ma\u017eiems verslams, tad nuo \u0161iol, \u010dia rasite ir kit\u0173, ma\u017e\u0173 \u0161eim\u0173 versl\u0173, rank\u0173 darbo, dovan\u0173 sau ir artimiesiems.","publisher":{"@id":"https:\/\/skaitytaknyga.lt\/#organization"},"potentialAction":[{"@type":"SearchAction","target":{"@type":"EntryPoint","urlTemplate":"https:\/\/skaitytaknyga.lt\/?s={search_term_string}"},"query-input":{"@type":"PropertyValueSpecification","valueRequired":true,"valueName":"search_term_string"}}],"inLanguage":"en-GB"},{"@type":"Organization","@id":"https:\/\/skaitytaknyga.lt\/#organization","name":"skaitytaknyga.lt","url":"https:\/\/skaitytaknyga.lt\/","logo":{"@type":"ImageObject","inLanguage":"en-GB","@id":"https:\/\/skaitytaknyga.lt\/#\/schema\/logo\/image\/","url":"https:\/\/skaitytaknyga.lt\/wp-content\/uploads\/2024\/05\/cropped-cropped-cropped-02_00843_jt3bggkj1j3HLc7SyY6rEUpg.jpeg","contentUrl":"https:\/\/skaitytaknyga.lt\/wp-content\/uploads\/2024\/05\/cropped-cropped-cropped-02_00843_jt3bggkj1j3HLc7SyY6rEUpg.jpeg","width":1600,"height":1600,"caption":"skaitytaknyga.lt"},"image":{"@id":"https:\/\/skaitytaknyga.lt\/#\/schema\/logo\/image\/"},"sameAs":["https:\/\/www.facebook.com\/skaitytaknyga\/"]}]}},"_links":{"self":[{"href":"https:\/\/skaitytaknyga.lt\/en\/wp-json\/wp\/v2\/product\/22316","targetHints":{"allow":["GET"]}}],"collection":[{"href":"https:\/\/skaitytaknyga.lt\/en\/wp-json\/wp\/v2\/product"}],"about":[{"href":"https:\/\/skaitytaknyga.lt\/en\/wp-json\/wp\/v2\/types\/product"}],"replies":[{"embeddable":true,"href":"https:\/\/skaitytaknyga.lt\/en\/wp-json\/wp\/v2\/comments?post=22316"}],"wp:featuredmedia":[{"embeddable":true,"href":"https:\/\/skaitytaknyga.lt\/en\/wp-json\/wp\/v2\/media\/22321"}],"wp:attachment":[{"href":"https:\/\/skaitytaknyga.lt\/en\/wp-json\/wp\/v2\/media?parent=22316"}],"wp:term":[{"taxonomy":"product_brand","embeddable":true,"href":"https:\/\/skaitytaknyga.lt\/en\/wp-json\/wp\/v2\/product_brand?post=22316"},{"taxonomy":"product_cat","embeddable":true,"href":"https:\/\/skaitytaknyga.lt\/en\/wp-json\/wp\/v2\/product_cat?post=22316"},{"taxonomy":"product_tag","embeddable":true,"href":"https:\/\/skaitytaknyga.lt\/en\/wp-json\/wp\/v2\/product_tag?post=22316"}],"curies":[{"name":"wp","href":"https:\/\/api.w.org\/{rel}","templated":true}]}}