{"id":22308,"date":"2025-12-18T21:10:27","date_gmt":"2025-12-18T19:10:27","guid":{"rendered":"https:\/\/skaitytaknyga.lt\/?post_type=product&#038;p=22308"},"modified":"2025-12-19T19:57:08","modified_gmt":"2025-12-19T17:57:08","slug":"vilkolakiukas-dolfas-ezero-pabaisa-13","status":"publish","type":"product","link":"https:\/\/skaitytaknyga.lt\/en\/produktas\/vilkolakiukas-dolfas-ezero-pabaisa-13\/","title":{"rendered":"Vilkolakiukas Dolfas. E\u017eero pabaisa (13)"},"content":{"rendered":"<p>Smagu rasti k\u0105 nors netik\u0117to.<br \/>\n\u0160tai Dolfas kibire atrado keist\u0105 padar\u0105.<br \/>\nJis labai mielas. Ir turb\u016bt pasiilgo nam\u0173.<br \/>\nDolfas tikrai pad\u0117s jam pasiekti gimt\u0105j\u012f e\u017eer\u0105.<br \/>\nLaukia puiki kelion\u0117.<br \/>\nTik kod\u0117l vis vaidenasi piktos geltonos akys ir gr\u0117smingas murm\u0117jimas?<\/p>\n<p>Nyderland\u0173 ra\u0161ytojas Paulas van Loonas (g. 1955 m.) yra itin populiarios knyg\u0173 serijos apie vilkolakiuk\u0105 Dolf\u0105 autorius, skaitytoj\u0173 pamiltas ir u\u017e knygas \u201eSiaub\u0173 autobusas&#8221; bei \u201eTamsta Varlius&#8221;. Dolfas \u2013 mielas ir draugi\u0161kas berniukas, kuris lanko mokykl\u0105 ir gyvena su draugu Timiu ir jo t\u0117vais. B\u016bt\u0173 toks kaip ir visi berniukai, bet jis \u2013 tikras vilkolakiukas ir per kiekvien\u0105 pilnat\u012f pavirsta baltu vilkiuku. \u0160ioje istorijoje Dolfas t\u0117\u010dio parne\u0161tame la\u0161i\u0161\u0173 kibire atranda keist\u0105, nematyt\u0105 ir labai miel\u0105 padar\u0117l\u012f. I\u0161mintingasis senelis vilkolakis i\u0161kart atpa\u017e\u012fsta, kad tai \u0160kotijos mitin\u0117 b\u016btyb\u0117 selkis \u2013 tik labai ma\u017eytis. O jeigu jis toks ma\u017eas, vadinasi, j\u012f b\u016btinai reikia kuo grei\u010diau sugr\u0105\u017einti namo. Laukia labai \u012fdomi kelion\u0117.<\/p>\n<p>Smagiai Hugo van Looko iliustruota knygut\u0117 skirta jaunesni\u0173j\u0173 klasi\u0173 moksleiviams, bet patiks ir vyresniems skaitytojams.<\/p>\n","protected":false},"excerpt":{"rendered":"<p>Smagu rasti k\u0105 nors netik\u0117to. \u0160tai Dolfas kibire atrado keist\u0105 padar\u0105. Jis labai mielas. Ir turb\u016bt pasiilgo nam\u0173. Dolfas tikrai pad\u0117s jam pasiekti gimt\u0105j\u012f e\u017eer\u0105. Laukia puiki kelion\u0117. Tik kod\u0117l vis vaidenasi piktos geltonos akys ir gr\u0117smingas murm\u0117jimas? Nyderland\u0173 ra\u0161ytojas Paulas van Loonas (g. 1955 m.) yra itin populiarios knyg\u0173 serijos apie vilkolakiuk\u0105 Dolf\u0105 autorius, skaitytoj\u0173 pamiltas ir u\u017e knygas \u201eSiaub\u0173 autobusas&#8221; bei \u201eTamsta Varlius&#8221;. Dolfas \u2013 mielas ir draugi\u0161kas berniukas, kuris lanko mokykl\u0105 ir gyvena su draugu Timiu ir jo t\u0117vais. B\u016bt\u0173 toks kaip ir visi berniukai, bet jis \u2013 tikras vilkolakiukas ir per kiekvien\u0105 pilnat\u012f pavirsta baltu vilkiuku. \u0160ioje istorijoje Dolfas t\u0117\u010dio parne\u0161tame la\u0161i\u0161\u0173 kibire atranda keist\u0105, nematyt\u0105 ir labai miel\u0105 padar\u0117l\u012f. I\u0161mintingasis senelis vilkolakis i\u0161kart atpa\u017e\u012fsta, kad tai \u0160kotijos mitin\u0117 b\u016btyb\u0117 selkis \u2013 tik labai ma\u017eytis. O jeigu jis toks ma\u017eas, vadinasi, j\u012f b\u016btinai reikia kuo grei\u010diau sugr\u0105\u017einti namo. Laukia labai \u012fdomi kelion\u0117. Smagiai Hugo van Looko iliustruota knygut\u0117 skirta jaunesni\u0173j\u0173 klasi\u0173 moksleiviams, bet patiks ir vyresniems skaitytojams.<\/p>\n","protected":false},"featured_media":22315,"comment_status":"open","ping_status":"closed","template":"","meta":{"_acf_changed":false,"site-sidebar-layout":"default","site-content-layout":"","ast-site-content-layout":"default","site-content-style":"default","site-sidebar-style":"default","ast-global-header-display":"","ast-banner-title-visibility":"","ast-main-header-display":"","ast-hfb-above-header-display":"","ast-hfb-below-header-display":"","ast-hfb-mobile-header-display":"","site-post-title":"","ast-breadcrumbs-content":"","ast-featured-img":"","footer-sml-layout":"","ast-disable-related-posts":"","theme-transparent-header-meta":"","adv-header-id-meta":"","stick-header-meta":"","header-above-stick-meta":"","header-main-stick-meta":"","header-below-stick-meta":"","astra-migrate-meta-layouts":"default","ast-page-background-enabled":"default","ast-page-background-meta":{"desktop":{"background-color":"","background-image":"","background-repeat":"repeat","background-position":"center center","background-size":"auto","background-attachment":"scroll","background-type":"","background-media":"","overlay-type":"","overlay-color":"","overlay-opacity":"","overlay-gradient":""},"tablet":{"background-color":"","background-image":"","background-repeat":"repeat","background-position":"center center","background-size":"auto","background-attachment":"scroll","background-type":"","background-media":"","overlay-type":"","overlay-color":"","overlay-opacity":"","overlay-gradient":""},"mobile":{"background-color":"","background-image":"","background-repeat":"repeat","background-position":"center center","background-size":"auto","background-attachment":"scroll","background-type":"","background-media":"","overlay-type":"","overlay-color":"","overlay-opacity":"","overlay-gradient":""}},"ast-content-background-meta":{"desktop":{"background-color":"var(--ast-global-color-4)","background-image":"","background-repeat":"repeat","background-position":"center center","background-size":"auto","background-attachment":"scroll","background-type":"","background-media":"","overlay-type":"","overlay-color":"","overlay-opacity":"","overlay-gradient":""},"tablet":{"background-color":"var(--ast-global-color-4)","background-image":"","background-repeat":"repeat","background-position":"center center","background-size":"auto","background-attachment":"scroll","background-type":"","background-media":"","overlay-type":"","overlay-color":"","overlay-opacity":"","overlay-gradient":""},"mobile":{"background-color":"var(--ast-global-color-4)","background-image":"","background-repeat":"repeat","background-position":"center center","background-size":"auto","background-attachment":"scroll","background-type":"","background-media":"","overlay-type":"","overlay-color":"","overlay-opacity":"","overlay-gradient":""}}},"product_brand":[],"product_cat":[35],"product_tag":[],"class_list":{"0":"post-22308","1":"product","2":"type-product","3":"status-publish","4":"has-post-thumbnail","6":"product_cat-vaikams-ir-paaugliams","7":"desktop-align-left","8":"tablet-align-left","9":"mobile-align-left","11":"first","12":"instock","13":"shipping-taxable","14":"purchasable","15":"product-type-simple"},"acf":[],"yoast_head":"<!-- This site is optimized with the Yoast SEO plugin v27.0 - https:\/\/yoast.com\/product\/yoast-seo-wordpress\/ -->\n<title>Vilkolakiukas Dolfas. E\u017eero pabaisa (13)<\/title>\n<meta name=\"description\" content=\"Smagu rasti k\u0105 nors netik\u0117to. \u0160tai Dolfas kibire atrado keist\u0105 padar\u0105. Jis labai mielas. Ir turb\u016bt pasiilgo nam\u0173. Dolfas tikrai pad\u0117s jam pasiekti gimt\u0105j\u012f\" \/>\n<meta name=\"robots\" content=\"index, follow, max-snippet:-1, max-image-preview:large, max-video-preview:-1\" \/>\n<link rel=\"canonical\" href=\"https:\/\/skaitytaknyga.lt\/en\/produktas\/vilkolakiukas-dolfas-ezero-pabaisa-13\/\" \/>\n<meta property=\"og:locale\" content=\"en_GB\" \/>\n<meta property=\"og:locale:alternate\" content=\"lt_LT\" \/>\n<meta property=\"og:type\" content=\"article\" \/>\n<meta property=\"og:title\" content=\"Vilkolakiukas Dolfas. E\u017eero pabaisa (13)\" \/>\n<meta property=\"og:description\" content=\"Smagu rasti k\u0105 nors netik\u0117to. \u0160tai Dolfas kibire atrado keist\u0105 padar\u0105. Jis labai mielas. Ir turb\u016bt pasiilgo nam\u0173. Dolfas tikrai pad\u0117s jam pasiekti gimt\u0105j\u012f\" \/>\n<meta property=\"og:url\" content=\"https:\/\/skaitytaknyga.lt\/en\/produktas\/vilkolakiukas-dolfas-ezero-pabaisa-13\/\" \/>\n<meta property=\"og:site_name\" content=\"Skaitytaknyga\" \/>\n<meta property=\"article:publisher\" content=\"https:\/\/www.facebook.com\/skaitytaknyga\/\" \/>\n<meta property=\"article:modified_time\" content=\"2025-12-19T17:57:08+00:00\" \/>\n<meta property=\"og:image\" content=\"https:\/\/skaitytaknyga.lt\/wp-content\/uploads\/2025\/12\/Vilkolakiukas-Dolfas.-Ezero-pabaisa-13-1.webp\" \/>\n\t<meta property=\"og:image:width\" content=\"289\" \/>\n\t<meta property=\"og:image:height\" content=\"400\" \/>\n\t<meta property=\"og:image:type\" content=\"image\/webp\" \/>\n<meta name=\"twitter:card\" content=\"summary_large_image\" \/>\n<meta name=\"twitter:label1\" content=\"Estimated reading time\" \/>\n\t<meta name=\"twitter:data1\" content=\"1 minute\" \/>\n<script type=\"application\/ld+json\" class=\"yoast-schema-graph\">{\"@context\":\"https:\/\/schema.org\",\"@graph\":[{\"@type\":\"WebPage\",\"@id\":\"https:\/\/skaitytaknyga.lt\/produktas\/vilkolakiukas-dolfas-ezero-pabaisa-13\/\",\"url\":\"https:\/\/skaitytaknyga.lt\/produktas\/vilkolakiukas-dolfas-ezero-pabaisa-13\/\",\"name\":\"Vilkolakiukas Dolfas. E\u017eero pabaisa (13)\",\"isPartOf\":{\"@id\":\"https:\/\/skaitytaknyga.lt\/#website\"},\"primaryImageOfPage\":{\"@id\":\"https:\/\/skaitytaknyga.lt\/produktas\/vilkolakiukas-dolfas-ezero-pabaisa-13\/#primaryimage\"},\"image\":{\"@id\":\"https:\/\/skaitytaknyga.lt\/produktas\/vilkolakiukas-dolfas-ezero-pabaisa-13\/#primaryimage\"},\"thumbnailUrl\":\"https:\/\/skaitytaknyga.lt\/wp-content\/uploads\/2025\/12\/Vilkolakiukas-Dolfas.-Ezero-pabaisa-13-1.webp\",\"datePublished\":\"2025-12-18T19:10:27+00:00\",\"dateModified\":\"2025-12-19T17:57:08+00:00\",\"description\":\"Smagu rasti k\u0105 nors netik\u0117to. \u0160tai Dolfas kibire atrado keist\u0105 padar\u0105. Jis labai mielas. Ir turb\u016bt pasiilgo nam\u0173. Dolfas tikrai pad\u0117s jam pasiekti gimt\u0105j\u012f\",\"breadcrumb\":{\"@id\":\"https:\/\/skaitytaknyga.lt\/produktas\/vilkolakiukas-dolfas-ezero-pabaisa-13\/#breadcrumb\"},\"inLanguage\":\"en-GB\",\"potentialAction\":[{\"@type\":\"ReadAction\",\"target\":[\"https:\/\/skaitytaknyga.lt\/produktas\/vilkolakiukas-dolfas-ezero-pabaisa-13\/\"]}]},{\"@type\":\"ImageObject\",\"inLanguage\":\"en-GB\",\"@id\":\"https:\/\/skaitytaknyga.lt\/produktas\/vilkolakiukas-dolfas-ezero-pabaisa-13\/#primaryimage\",\"url\":\"https:\/\/skaitytaknyga.lt\/wp-content\/uploads\/2025\/12\/Vilkolakiukas-Dolfas.-Ezero-pabaisa-13-1.webp\",\"contentUrl\":\"https:\/\/skaitytaknyga.lt\/wp-content\/uploads\/2025\/12\/Vilkolakiukas-Dolfas.-Ezero-pabaisa-13-1.webp\",\"width\":289,\"height\":400,\"caption\":\"Vilkolakiukas Dolfas. E\u017eero pabaisa (13)\"},{\"@type\":\"BreadcrumbList\",\"@id\":\"https:\/\/skaitytaknyga.lt\/produktas\/vilkolakiukas-dolfas-ezero-pabaisa-13\/#breadcrumb\",\"itemListElement\":[{\"@type\":\"ListItem\",\"position\":1,\"name\":\"Home\",\"item\":\"https:\/\/skaitytaknyga.lt\/\"},{\"@type\":\"ListItem\",\"position\":2,\"name\":\"Parduotuv\u0117\",\"item\":\"https:\/\/skaitytaknyga.lt\/knygu-parduotuve\/\"},{\"@type\":\"ListItem\",\"position\":3,\"name\":\"Vilkolakiukas Dolfas. E\u017eero pabaisa (13)\"}]},{\"@type\":\"WebSite\",\"@id\":\"https:\/\/skaitytaknyga.lt\/#website\",\"url\":\"https:\/\/skaitytaknyga.lt\/\",\"name\":\"skaitytaknyga.lt\",\"description\":\"Skaitytaknyga.lt \u2013 tai ma\u017eas \u0161eimos verslas, kuris prasid\u0117jo nuo meil\u0117s knygoms ir siekio i\u0161gelb\u0117ti knygas nuo likimo prie konteinerio. Kas vienam nereikalingas daiktas \u2013 kitam lobis, o mes esame tarpininkai, kurie padeda abiems tapti laimingesniems ???? \u017dinome kaip nelengva i\u0161gyventi ma\u017eiems verslams, tad nuo \u0161iol, \u010dia rasite ir kit\u0173, ma\u017e\u0173 \u0161eim\u0173 versl\u0173, rank\u0173 darbo, dovan\u0173 sau ir artimiesiems.\",\"publisher\":{\"@id\":\"https:\/\/skaitytaknyga.lt\/#organization\"},\"potentialAction\":[{\"@type\":\"SearchAction\",\"target\":{\"@type\":\"EntryPoint\",\"urlTemplate\":\"https:\/\/skaitytaknyga.lt\/?s={search_term_string}\"},\"query-input\":{\"@type\":\"PropertyValueSpecification\",\"valueRequired\":true,\"valueName\":\"search_term_string\"}}],\"inLanguage\":\"en-GB\"},{\"@type\":\"Organization\",\"@id\":\"https:\/\/skaitytaknyga.lt\/#organization\",\"name\":\"skaitytaknyga.lt\",\"url\":\"https:\/\/skaitytaknyga.lt\/\",\"logo\":{\"@type\":\"ImageObject\",\"inLanguage\":\"en-GB\",\"@id\":\"https:\/\/skaitytaknyga.lt\/#\/schema\/logo\/image\/\",\"url\":\"https:\/\/skaitytaknyga.lt\/wp-content\/uploads\/2024\/05\/cropped-cropped-cropped-02_00843_jt3bggkj1j3HLc7SyY6rEUpg.jpeg\",\"contentUrl\":\"https:\/\/skaitytaknyga.lt\/wp-content\/uploads\/2024\/05\/cropped-cropped-cropped-02_00843_jt3bggkj1j3HLc7SyY6rEUpg.jpeg\",\"width\":1600,\"height\":1600,\"caption\":\"skaitytaknyga.lt\"},\"image\":{\"@id\":\"https:\/\/skaitytaknyga.lt\/#\/schema\/logo\/image\/\"},\"sameAs\":[\"https:\/\/www.facebook.com\/skaitytaknyga\/\"]}]}<\/script>\n<!-- \/ Yoast SEO plugin. -->","yoast_head_json":{"title":"Vilkolakiukas Dolfas. E\u017eero pabaisa (13)","description":"Smagu rasti k\u0105 nors netik\u0117to. \u0160tai Dolfas kibire atrado keist\u0105 padar\u0105. Jis labai mielas. Ir turb\u016bt pasiilgo nam\u0173. Dolfas tikrai pad\u0117s jam pasiekti gimt\u0105j\u012f","robots":{"index":"index","follow":"follow","max-snippet":"max-snippet:-1","max-image-preview":"max-image-preview:large","max-video-preview":"max-video-preview:-1"},"canonical":"https:\/\/skaitytaknyga.lt\/en\/produktas\/vilkolakiukas-dolfas-ezero-pabaisa-13\/","og_locale":"en_GB","og_type":"article","og_title":"[:lt]Vilkolakiukas Dolfas. E\u017eero pabaisa (13)[:] - Skaitytaknyga","og_description":"Smagu rasti k\u0105 nors netik\u0117to. \u0160tai Dolfas kibire atrado keist\u0105 padar\u0105. Jis labai mielas. Ir turb\u016bt pasiilgo nam\u0173. Dolfas tikrai pad\u0117s jam pasiekti gimt\u0105j\u012f","og_url":"https:\/\/skaitytaknyga.lt\/en\/produktas\/vilkolakiukas-dolfas-ezero-pabaisa-13\/","og_site_name":"Skaitytaknyga","article_publisher":"https:\/\/www.facebook.com\/skaitytaknyga\/","article_modified_time":"2025-12-19T17:57:08+00:00","og_image":[{"width":289,"height":400,"url":"https:\/\/skaitytaknyga.lt\/wp-content\/uploads\/2025\/12\/Vilkolakiukas-Dolfas.-Ezero-pabaisa-13-1.webp","type":"image\/webp"}],"twitter_card":"summary_large_image","twitter_misc":{"Estimated reading time":"1 minute"},"schema":{"@context":"https:\/\/schema.org","@graph":[{"@type":"WebPage","@id":"https:\/\/skaitytaknyga.lt\/produktas\/vilkolakiukas-dolfas-ezero-pabaisa-13\/","url":"https:\/\/skaitytaknyga.lt\/produktas\/vilkolakiukas-dolfas-ezero-pabaisa-13\/","name":"Vilkolakiukas Dolfas. E\u017eero pabaisa (13)","isPartOf":{"@id":"https:\/\/skaitytaknyga.lt\/#website"},"primaryImageOfPage":{"@id":"https:\/\/skaitytaknyga.lt\/produktas\/vilkolakiukas-dolfas-ezero-pabaisa-13\/#primaryimage"},"image":{"@id":"https:\/\/skaitytaknyga.lt\/produktas\/vilkolakiukas-dolfas-ezero-pabaisa-13\/#primaryimage"},"thumbnailUrl":"https:\/\/skaitytaknyga.lt\/wp-content\/uploads\/2025\/12\/Vilkolakiukas-Dolfas.-Ezero-pabaisa-13-1.webp","datePublished":"2025-12-18T19:10:27+00:00","dateModified":"2025-12-19T17:57:08+00:00","description":"Smagu rasti k\u0105 nors netik\u0117to. \u0160tai Dolfas kibire atrado keist\u0105 padar\u0105. Jis labai mielas. Ir turb\u016bt pasiilgo nam\u0173. Dolfas tikrai pad\u0117s jam pasiekti gimt\u0105j\u012f","breadcrumb":{"@id":"https:\/\/skaitytaknyga.lt\/produktas\/vilkolakiukas-dolfas-ezero-pabaisa-13\/#breadcrumb"},"inLanguage":"en-GB","potentialAction":[{"@type":"ReadAction","target":["https:\/\/skaitytaknyga.lt\/produktas\/vilkolakiukas-dolfas-ezero-pabaisa-13\/"]}]},{"@type":"ImageObject","inLanguage":"en-GB","@id":"https:\/\/skaitytaknyga.lt\/produktas\/vilkolakiukas-dolfas-ezero-pabaisa-13\/#primaryimage","url":"https:\/\/skaitytaknyga.lt\/wp-content\/uploads\/2025\/12\/Vilkolakiukas-Dolfas.-Ezero-pabaisa-13-1.webp","contentUrl":"https:\/\/skaitytaknyga.lt\/wp-content\/uploads\/2025\/12\/Vilkolakiukas-Dolfas.-Ezero-pabaisa-13-1.webp","width":289,"height":400,"caption":"Vilkolakiukas Dolfas. E\u017eero pabaisa (13)"},{"@type":"BreadcrumbList","@id":"https:\/\/skaitytaknyga.lt\/produktas\/vilkolakiukas-dolfas-ezero-pabaisa-13\/#breadcrumb","itemListElement":[{"@type":"ListItem","position":1,"name":"Home","item":"https:\/\/skaitytaknyga.lt\/"},{"@type":"ListItem","position":2,"name":"Parduotuv\u0117","item":"https:\/\/skaitytaknyga.lt\/knygu-parduotuve\/"},{"@type":"ListItem","position":3,"name":"Vilkolakiukas Dolfas. E\u017eero pabaisa (13)"}]},{"@type":"WebSite","@id":"https:\/\/skaitytaknyga.lt\/#website","url":"https:\/\/skaitytaknyga.lt\/","name":"skaitytaknyga.lt","description":"Skaitytaknyga.lt \u2013 tai ma\u017eas \u0161eimos verslas, kuris prasid\u0117jo nuo meil\u0117s knygoms ir siekio i\u0161gelb\u0117ti knygas nuo likimo prie konteinerio. Kas vienam nereikalingas daiktas \u2013 kitam lobis, o mes esame tarpininkai, kurie padeda abiems tapti laimingesniems ???? \u017dinome kaip nelengva i\u0161gyventi ma\u017eiems verslams, tad nuo \u0161iol, \u010dia rasite ir kit\u0173, ma\u017e\u0173 \u0161eim\u0173 versl\u0173, rank\u0173 darbo, dovan\u0173 sau ir artimiesiems.","publisher":{"@id":"https:\/\/skaitytaknyga.lt\/#organization"},"potentialAction":[{"@type":"SearchAction","target":{"@type":"EntryPoint","urlTemplate":"https:\/\/skaitytaknyga.lt\/?s={search_term_string}"},"query-input":{"@type":"PropertyValueSpecification","valueRequired":true,"valueName":"search_term_string"}}],"inLanguage":"en-GB"},{"@type":"Organization","@id":"https:\/\/skaitytaknyga.lt\/#organization","name":"skaitytaknyga.lt","url":"https:\/\/skaitytaknyga.lt\/","logo":{"@type":"ImageObject","inLanguage":"en-GB","@id":"https:\/\/skaitytaknyga.lt\/#\/schema\/logo\/image\/","url":"https:\/\/skaitytaknyga.lt\/wp-content\/uploads\/2024\/05\/cropped-cropped-cropped-02_00843_jt3bggkj1j3HLc7SyY6rEUpg.jpeg","contentUrl":"https:\/\/skaitytaknyga.lt\/wp-content\/uploads\/2024\/05\/cropped-cropped-cropped-02_00843_jt3bggkj1j3HLc7SyY6rEUpg.jpeg","width":1600,"height":1600,"caption":"skaitytaknyga.lt"},"image":{"@id":"https:\/\/skaitytaknyga.lt\/#\/schema\/logo\/image\/"},"sameAs":["https:\/\/www.facebook.com\/skaitytaknyga\/"]}]}},"_links":{"self":[{"href":"https:\/\/skaitytaknyga.lt\/en\/wp-json\/wp\/v2\/product\/22308","targetHints":{"allow":["GET"]}}],"collection":[{"href":"https:\/\/skaitytaknyga.lt\/en\/wp-json\/wp\/v2\/product"}],"about":[{"href":"https:\/\/skaitytaknyga.lt\/en\/wp-json\/wp\/v2\/types\/product"}],"replies":[{"embeddable":true,"href":"https:\/\/skaitytaknyga.lt\/en\/wp-json\/wp\/v2\/comments?post=22308"}],"wp:featuredmedia":[{"embeddable":true,"href":"https:\/\/skaitytaknyga.lt\/en\/wp-json\/wp\/v2\/media\/22315"}],"wp:attachment":[{"href":"https:\/\/skaitytaknyga.lt\/en\/wp-json\/wp\/v2\/media?parent=22308"}],"wp:term":[{"taxonomy":"product_brand","embeddable":true,"href":"https:\/\/skaitytaknyga.lt\/en\/wp-json\/wp\/v2\/product_brand?post=22308"},{"taxonomy":"product_cat","embeddable":true,"href":"https:\/\/skaitytaknyga.lt\/en\/wp-json\/wp\/v2\/product_cat?post=22308"},{"taxonomy":"product_tag","embeddable":true,"href":"https:\/\/skaitytaknyga.lt\/en\/wp-json\/wp\/v2\/product_tag?post=22308"}],"curies":[{"name":"wp","href":"https:\/\/api.w.org\/{rel}","templated":true}]}}