{"id":22307,"date":"2025-12-18T21:10:27","date_gmt":"2025-12-18T19:10:27","guid":{"rendered":"https:\/\/skaitytaknyga.lt\/?post_type=product&#038;p=22307"},"modified":"2025-12-19T19:57:08","modified_gmt":"2025-12-19T17:57:08","slug":"musu-mokykla-uzgrobe-mokyklos-detektyvai-9-dalis","status":"publish","type":"product","link":"https:\/\/skaitytaknyga.lt\/en\/produktas\/musu-mokykla-uzgrobe-mokyklos-detektyvai-9-dalis\/","title":{"rendered":"M\u016bs\u0173 mokykl\u0105 u\u017egrob\u0117! Mokyklos detektyvai, 9 dalis"},"content":{"rendered":"<p>Jei manai, kad mokykloje nevyksta nieko \u012fdomaus, labai klysti! Iz\u0105 ir jos \u0161utv\u0119 tiesiog persekioja keis\u010diausi \u012fvykiai. Mokyklos detektyvai nenurims tol, kol neatskleis vis\u0173 paslap\u010di\u0173.<\/p>\n<p>Iza ir jos draugai priblok\u0161ti, nes mokykl\u0105 prad\u0117jo lankyti aib\u0117 nauj\u0173 mokini\u0173. Jie avi i\u0161blizgintus batus, d\u0117vi puo\u0161nius \u0161varkus ir LABAI GARSIAI dainuoja. Kai naujokai ima kalb\u0117ti SLAPTA KALBA, draugai supranta&#8230; At\u0117j\u016bnai nori U\u017dGROBTI J\u0172 MOKYKL\u0104!<\/p>\n<p>\u201eMokyklos detektyvai\u201c \u2013 Pamelos Butchart knyg\u0173 serija vaikams apie linksmus, i\u0161radingus, \u0161maik\u0161\u010dius ketvirtaklasius. Iza ir jos \u0161utv\u0117s nariai Zakas, D\u017eud\u0117 ir Meis\u0117 nuolat \u012fsivelia \u012f \u012fvairias istorijas. O ar gali b\u016bti kitaip, kai aplinkui vyksta tiek keist\u0173, visi\u0161kai nesuprantam\u0173 dalyk\u0173?<\/p>\n<p>Knyg\u0173 serija \u201eMokyklos detektyvai\u201c leid\u017eiama dideliu \u0161riftu, gausiai iliustruota, serijos dalis galima skaityti ne i\u0161 eil\u0117s. Tai \u012ftraukianti laisvalaikio literat\u016bra vaikams nuo 8 met\u0173. \u201eMokyklos detektyvai\u201c patiks net ir tiems vaikams, kurie nem\u0117gsta skaityti!<\/p>\n<p>Autor\u0117 Pamela Butchart baig\u0117 filosofijos ir pedagogikos studijas. Kurti vaikams \u0117m\u0117 2014 metais. Ra\u0161ytojos galvoje nuolat kirba daug linksm\u0173 ir \u012fdomi\u0173 min\u010di\u0173, kurios sugula \u012f istorijas vaikams. Jau i\u0161leista daugiau nei \u0161e\u0161iolika \u0161ios autor\u0117s knyg\u0173. Kelios j\u0173, i\u0161 serijos apie mokyklos detektyvus, peln\u0117 \u201eBlue Peter best story\u201c ir \u201eFCBG children&#8217;s book\u201c apdovanojimus. \u0160iuo metu P. Butchart kuria naujas istorijas legendin\u0117s vaik\u0173 ra\u0161ytojos Enid Blyton \u201ePaslaptingojo septyneto\u201c serijai.<\/p>\n","protected":false},"excerpt":{"rendered":"<p>Jei manai, kad mokykloje nevyksta nieko \u012fdomaus, labai klysti! Iz\u0105 ir jos \u0161utv\u0119 tiesiog persekioja keis\u010diausi \u012fvykiai. Mokyklos detektyvai nenurims tol, kol neatskleis vis\u0173 paslap\u010di\u0173. Iza ir jos draugai priblok\u0161ti, nes mokykl\u0105 prad\u0117jo lankyti aib\u0117 nauj\u0173 mokini\u0173. Jie avi i\u0161blizgintus batus, d\u0117vi puo\u0161nius \u0161varkus ir LABAI GARSIAI dainuoja. Kai naujokai ima kalb\u0117ti SLAPTA KALBA, draugai supranta&#8230; At\u0117j\u016bnai nori U\u017dGROBTI J\u0172 MOKYKL\u0104! \u201eMokyklos detektyvai\u201c \u2013 Pamelos Butchart knyg\u0173 serija vaikams apie linksmus, i\u0161radingus, \u0161maik\u0161\u010dius ketvirtaklasius. Iza ir jos \u0161utv\u0117s nariai Zakas, D\u017eud\u0117 ir Meis\u0117 nuolat \u012fsivelia \u012f \u012fvairias istorijas. O ar gali b\u016bti kitaip, kai aplinkui vyksta tiek keist\u0173, visi\u0161kai nesuprantam\u0173 dalyk\u0173? Knyg\u0173 serija \u201eMokyklos detektyvai\u201c leid\u017eiama dideliu \u0161riftu, gausiai iliustruota, serijos dalis galima skaityti ne i\u0161 eil\u0117s. Tai \u012ftraukianti laisvalaikio literat\u016bra vaikams nuo 8 met\u0173. \u201eMokyklos detektyvai\u201c patiks net ir tiems vaikams, kurie nem\u0117gsta skaityti! Autor\u0117 Pamela Butchart baig\u0117 filosofijos ir pedagogikos studijas. Kurti vaikams \u0117m\u0117 2014 metais. Ra\u0161ytojos galvoje nuolat kirba daug linksm\u0173 ir \u012fdomi\u0173 min\u010di\u0173, kurios sugula \u012f istorijas vaikams. Jau i\u0161leista daugiau nei \u0161e\u0161iolika \u0161ios autor\u0117s knyg\u0173. Kelios j\u0173, i\u0161 serijos apie mokyklos detektyvus, peln\u0117 \u201eBlue Peter best story\u201c ir \u201eFCBG children&#8217;s book\u201c apdovanojimus. \u0160iuo metu P. Butchart kuria naujas istorijas legendin\u0117s vaik\u0173 ra\u0161ytojos Enid Blyton \u201ePaslaptingojo septyneto\u201c serijai.<\/p>\n","protected":false},"featured_media":22314,"comment_status":"open","ping_status":"closed","template":"","meta":{"_acf_changed":false,"site-sidebar-layout":"default","site-content-layout":"","ast-site-content-layout":"default","site-content-style":"default","site-sidebar-style":"default","ast-global-header-display":"","ast-banner-title-visibility":"","ast-main-header-display":"","ast-hfb-above-header-display":"","ast-hfb-below-header-display":"","ast-hfb-mobile-header-display":"","site-post-title":"","ast-breadcrumbs-content":"","ast-featured-img":"","footer-sml-layout":"","ast-disable-related-posts":"","theme-transparent-header-meta":"","adv-header-id-meta":"","stick-header-meta":"","header-above-stick-meta":"","header-main-stick-meta":"","header-below-stick-meta":"","astra-migrate-meta-layouts":"default","ast-page-background-enabled":"default","ast-page-background-meta":{"desktop":{"background-color":"","background-image":"","background-repeat":"repeat","background-position":"center center","background-size":"auto","background-attachment":"scroll","background-type":"","background-media":"","overlay-type":"","overlay-color":"","overlay-opacity":"","overlay-gradient":""},"tablet":{"background-color":"","background-image":"","background-repeat":"repeat","background-position":"center center","background-size":"auto","background-attachment":"scroll","background-type":"","background-media":"","overlay-type":"","overlay-color":"","overlay-opacity":"","overlay-gradient":""},"mobile":{"background-color":"","background-image":"","background-repeat":"repeat","background-position":"center center","background-size":"auto","background-attachment":"scroll","background-type":"","background-media":"","overlay-type":"","overlay-color":"","overlay-opacity":"","overlay-gradient":""}},"ast-content-background-meta":{"desktop":{"background-color":"var(--ast-global-color-4)","background-image":"","background-repeat":"repeat","background-position":"center center","background-size":"auto","background-attachment":"scroll","background-type":"","background-media":"","overlay-type":"","overlay-color":"","overlay-opacity":"","overlay-gradient":""},"tablet":{"background-color":"var(--ast-global-color-4)","background-image":"","background-repeat":"repeat","background-position":"center center","background-size":"auto","background-attachment":"scroll","background-type":"","background-media":"","overlay-type":"","overlay-color":"","overlay-opacity":"","overlay-gradient":""},"mobile":{"background-color":"var(--ast-global-color-4)","background-image":"","background-repeat":"repeat","background-position":"center center","background-size":"auto","background-attachment":"scroll","background-type":"","background-media":"","overlay-type":"","overlay-color":"","overlay-opacity":"","overlay-gradient":""}}},"product_brand":[],"product_cat":[35],"product_tag":[],"class_list":{"0":"post-22307","1":"product","2":"type-product","3":"status-publish","4":"has-post-thumbnail","6":"product_cat-vaikams-ir-paaugliams","7":"desktop-align-left","8":"tablet-align-left","9":"mobile-align-left","11":"first","12":"instock","13":"shipping-taxable","14":"purchasable","15":"product-type-simple"},"acf":[],"yoast_head":"<!-- This site is optimized with the Yoast SEO plugin v27.0 - https:\/\/yoast.com\/product\/yoast-seo-wordpress\/ -->\n<title>M\u016bs\u0173 mokykl\u0105 u\u017egrob\u0117! Mokyklos detektyvai, 9 dalis<\/title>\n<meta name=\"description\" content=\"Jei manai, kad mokykloje nevyksta nieko \u012fdomaus, labai klysti! Iz\u0105 ir jos \u0161utv\u0119 tiesiog persekioja keis\u010diausi \u012fvykiai. Mokyklos detektyvai nenurims tol,\" \/>\n<meta name=\"robots\" content=\"index, follow, max-snippet:-1, max-image-preview:large, max-video-preview:-1\" \/>\n<link rel=\"canonical\" href=\"https:\/\/skaitytaknyga.lt\/en\/produktas\/musu-mokykla-uzgrobe-mokyklos-detektyvai-9-dalis\/\" \/>\n<meta property=\"og:locale\" content=\"en_GB\" \/>\n<meta property=\"og:locale:alternate\" content=\"lt_LT\" \/>\n<meta property=\"og:type\" content=\"article\" \/>\n<meta property=\"og:title\" content=\"M\u016bs\u0173 mokykl\u0105 u\u017egrob\u0117! Mokyklos detektyvai, 9 dalis\" \/>\n<meta property=\"og:description\" content=\"Jei manai, kad mokykloje nevyksta nieko \u012fdomaus, labai klysti! Iz\u0105 ir jos \u0161utv\u0119 tiesiog persekioja keis\u010diausi \u012fvykiai. Mokyklos detektyvai nenurims tol,\" \/>\n<meta property=\"og:url\" content=\"https:\/\/skaitytaknyga.lt\/en\/produktas\/musu-mokykla-uzgrobe-mokyklos-detektyvai-9-dalis\/\" \/>\n<meta property=\"og:site_name\" content=\"Skaitytaknyga\" \/>\n<meta property=\"article:publisher\" content=\"https:\/\/www.facebook.com\/skaitytaknyga\/\" \/>\n<meta property=\"article:modified_time\" content=\"2025-12-19T17:57:08+00:00\" \/>\n<meta property=\"og:image\" content=\"https:\/\/skaitytaknyga.lt\/wp-content\/uploads\/2025\/12\/Musu-mokykla-uzgrobe-Mokyklos-detektyvai-9-dalis-1.webp\" \/>\n\t<meta property=\"og:image:width\" content=\"300\" \/>\n\t<meta property=\"og:image:height\" content=\"425\" \/>\n\t<meta property=\"og:image:type\" content=\"image\/webp\" \/>\n<meta name=\"twitter:card\" content=\"summary_large_image\" \/>\n<meta name=\"twitter:label1\" content=\"Estimated reading time\" \/>\n\t<meta name=\"twitter:data1\" content=\"1 minute\" \/>\n<script type=\"application\/ld+json\" class=\"yoast-schema-graph\">{\"@context\":\"https:\/\/schema.org\",\"@graph\":[{\"@type\":\"WebPage\",\"@id\":\"https:\/\/skaitytaknyga.lt\/produktas\/musu-mokykla-uzgrobe-mokyklos-detektyvai-9-dalis\/\",\"url\":\"https:\/\/skaitytaknyga.lt\/produktas\/musu-mokykla-uzgrobe-mokyklos-detektyvai-9-dalis\/\",\"name\":\"M\u016bs\u0173 mokykl\u0105 u\u017egrob\u0117! Mokyklos detektyvai, 9 dalis\",\"isPartOf\":{\"@id\":\"https:\/\/skaitytaknyga.lt\/#website\"},\"primaryImageOfPage\":{\"@id\":\"https:\/\/skaitytaknyga.lt\/produktas\/musu-mokykla-uzgrobe-mokyklos-detektyvai-9-dalis\/#primaryimage\"},\"image\":{\"@id\":\"https:\/\/skaitytaknyga.lt\/produktas\/musu-mokykla-uzgrobe-mokyklos-detektyvai-9-dalis\/#primaryimage\"},\"thumbnailUrl\":\"https:\/\/skaitytaknyga.lt\/wp-content\/uploads\/2025\/12\/Musu-mokykla-uzgrobe-Mokyklos-detektyvai-9-dalis-1.webp\",\"datePublished\":\"2025-12-18T19:10:27+00:00\",\"dateModified\":\"2025-12-19T17:57:08+00:00\",\"description\":\"Jei manai, kad mokykloje nevyksta nieko \u012fdomaus, labai klysti! Iz\u0105 ir jos \u0161utv\u0119 tiesiog persekioja keis\u010diausi \u012fvykiai. Mokyklos detektyvai nenurims tol,\",\"breadcrumb\":{\"@id\":\"https:\/\/skaitytaknyga.lt\/produktas\/musu-mokykla-uzgrobe-mokyklos-detektyvai-9-dalis\/#breadcrumb\"},\"inLanguage\":\"en-GB\",\"potentialAction\":[{\"@type\":\"ReadAction\",\"target\":[\"https:\/\/skaitytaknyga.lt\/produktas\/musu-mokykla-uzgrobe-mokyklos-detektyvai-9-dalis\/\"]}]},{\"@type\":\"ImageObject\",\"inLanguage\":\"en-GB\",\"@id\":\"https:\/\/skaitytaknyga.lt\/produktas\/musu-mokykla-uzgrobe-mokyklos-detektyvai-9-dalis\/#primaryimage\",\"url\":\"https:\/\/skaitytaknyga.lt\/wp-content\/uploads\/2025\/12\/Musu-mokykla-uzgrobe-Mokyklos-detektyvai-9-dalis-1.webp\",\"contentUrl\":\"https:\/\/skaitytaknyga.lt\/wp-content\/uploads\/2025\/12\/Musu-mokykla-uzgrobe-Mokyklos-detektyvai-9-dalis-1.webp\",\"width\":300,\"height\":425,\"caption\":\"M\u016bs\u0173 mokykl\u0105 u\u017egrob\u0117! Mokyklos detektyvai, 9 dalis\"},{\"@type\":\"BreadcrumbList\",\"@id\":\"https:\/\/skaitytaknyga.lt\/produktas\/musu-mokykla-uzgrobe-mokyklos-detektyvai-9-dalis\/#breadcrumb\",\"itemListElement\":[{\"@type\":\"ListItem\",\"position\":1,\"name\":\"Home\",\"item\":\"https:\/\/skaitytaknyga.lt\/\"},{\"@type\":\"ListItem\",\"position\":2,\"name\":\"Parduotuv\u0117\",\"item\":\"https:\/\/skaitytaknyga.lt\/knygu-parduotuve\/\"},{\"@type\":\"ListItem\",\"position\":3,\"name\":\"M\u016bs\u0173 mokykl\u0105 u\u017egrob\u0117! Mokyklos detektyvai, 9 dalis\"}]},{\"@type\":\"WebSite\",\"@id\":\"https:\/\/skaitytaknyga.lt\/#website\",\"url\":\"https:\/\/skaitytaknyga.lt\/\",\"name\":\"skaitytaknyga.lt\",\"description\":\"Skaitytaknyga.lt \u2013 tai ma\u017eas \u0161eimos verslas, kuris prasid\u0117jo nuo meil\u0117s knygoms ir siekio i\u0161gelb\u0117ti knygas nuo likimo prie konteinerio. Kas vienam nereikalingas daiktas \u2013 kitam lobis, o mes esame tarpininkai, kurie padeda abiems tapti laimingesniems ???? \u017dinome kaip nelengva i\u0161gyventi ma\u017eiems verslams, tad nuo \u0161iol, \u010dia rasite ir kit\u0173, ma\u017e\u0173 \u0161eim\u0173 versl\u0173, rank\u0173 darbo, dovan\u0173 sau ir artimiesiems.\",\"publisher\":{\"@id\":\"https:\/\/skaitytaknyga.lt\/#organization\"},\"potentialAction\":[{\"@type\":\"SearchAction\",\"target\":{\"@type\":\"EntryPoint\",\"urlTemplate\":\"https:\/\/skaitytaknyga.lt\/?s={search_term_string}\"},\"query-input\":{\"@type\":\"PropertyValueSpecification\",\"valueRequired\":true,\"valueName\":\"search_term_string\"}}],\"inLanguage\":\"en-GB\"},{\"@type\":\"Organization\",\"@id\":\"https:\/\/skaitytaknyga.lt\/#organization\",\"name\":\"skaitytaknyga.lt\",\"url\":\"https:\/\/skaitytaknyga.lt\/\",\"logo\":{\"@type\":\"ImageObject\",\"inLanguage\":\"en-GB\",\"@id\":\"https:\/\/skaitytaknyga.lt\/#\/schema\/logo\/image\/\",\"url\":\"https:\/\/skaitytaknyga.lt\/wp-content\/uploads\/2024\/05\/cropped-cropped-cropped-02_00843_jt3bggkj1j3HLc7SyY6rEUpg.jpeg\",\"contentUrl\":\"https:\/\/skaitytaknyga.lt\/wp-content\/uploads\/2024\/05\/cropped-cropped-cropped-02_00843_jt3bggkj1j3HLc7SyY6rEUpg.jpeg\",\"width\":1600,\"height\":1600,\"caption\":\"skaitytaknyga.lt\"},\"image\":{\"@id\":\"https:\/\/skaitytaknyga.lt\/#\/schema\/logo\/image\/\"},\"sameAs\":[\"https:\/\/www.facebook.com\/skaitytaknyga\/\"]}]}<\/script>\n<!-- \/ Yoast SEO plugin. -->","yoast_head_json":{"title":"M\u016bs\u0173 mokykl\u0105 u\u017egrob\u0117! Mokyklos detektyvai, 9 dalis","description":"Jei manai, kad mokykloje nevyksta nieko \u012fdomaus, labai klysti! Iz\u0105 ir jos \u0161utv\u0119 tiesiog persekioja keis\u010diausi \u012fvykiai. Mokyklos detektyvai nenurims tol,","robots":{"index":"index","follow":"follow","max-snippet":"max-snippet:-1","max-image-preview":"max-image-preview:large","max-video-preview":"max-video-preview:-1"},"canonical":"https:\/\/skaitytaknyga.lt\/en\/produktas\/musu-mokykla-uzgrobe-mokyklos-detektyvai-9-dalis\/","og_locale":"en_GB","og_type":"article","og_title":"[:lt]M\u016bs\u0173 mokykl\u0105 u\u017egrob\u0117! Mokyklos detektyvai, 9 dalis[:] - Skaitytaknyga","og_description":"Jei manai, kad mokykloje nevyksta nieko \u012fdomaus, labai klysti! Iz\u0105 ir jos \u0161utv\u0119 tiesiog persekioja keis\u010diausi \u012fvykiai. Mokyklos detektyvai nenurims tol,","og_url":"https:\/\/skaitytaknyga.lt\/en\/produktas\/musu-mokykla-uzgrobe-mokyklos-detektyvai-9-dalis\/","og_site_name":"Skaitytaknyga","article_publisher":"https:\/\/www.facebook.com\/skaitytaknyga\/","article_modified_time":"2025-12-19T17:57:08+00:00","og_image":[{"width":300,"height":425,"url":"https:\/\/skaitytaknyga.lt\/wp-content\/uploads\/2025\/12\/Musu-mokykla-uzgrobe-Mokyklos-detektyvai-9-dalis-1.webp","type":"image\/webp"}],"twitter_card":"summary_large_image","twitter_misc":{"Estimated reading time":"1 minute"},"schema":{"@context":"https:\/\/schema.org","@graph":[{"@type":"WebPage","@id":"https:\/\/skaitytaknyga.lt\/produktas\/musu-mokykla-uzgrobe-mokyklos-detektyvai-9-dalis\/","url":"https:\/\/skaitytaknyga.lt\/produktas\/musu-mokykla-uzgrobe-mokyklos-detektyvai-9-dalis\/","name":"M\u016bs\u0173 mokykl\u0105 u\u017egrob\u0117! Mokyklos detektyvai, 9 dalis","isPartOf":{"@id":"https:\/\/skaitytaknyga.lt\/#website"},"primaryImageOfPage":{"@id":"https:\/\/skaitytaknyga.lt\/produktas\/musu-mokykla-uzgrobe-mokyklos-detektyvai-9-dalis\/#primaryimage"},"image":{"@id":"https:\/\/skaitytaknyga.lt\/produktas\/musu-mokykla-uzgrobe-mokyklos-detektyvai-9-dalis\/#primaryimage"},"thumbnailUrl":"https:\/\/skaitytaknyga.lt\/wp-content\/uploads\/2025\/12\/Musu-mokykla-uzgrobe-Mokyklos-detektyvai-9-dalis-1.webp","datePublished":"2025-12-18T19:10:27+00:00","dateModified":"2025-12-19T17:57:08+00:00","description":"Jei manai, kad mokykloje nevyksta nieko \u012fdomaus, labai klysti! Iz\u0105 ir jos \u0161utv\u0119 tiesiog persekioja keis\u010diausi \u012fvykiai. Mokyklos detektyvai nenurims tol,","breadcrumb":{"@id":"https:\/\/skaitytaknyga.lt\/produktas\/musu-mokykla-uzgrobe-mokyklos-detektyvai-9-dalis\/#breadcrumb"},"inLanguage":"en-GB","potentialAction":[{"@type":"ReadAction","target":["https:\/\/skaitytaknyga.lt\/produktas\/musu-mokykla-uzgrobe-mokyklos-detektyvai-9-dalis\/"]}]},{"@type":"ImageObject","inLanguage":"en-GB","@id":"https:\/\/skaitytaknyga.lt\/produktas\/musu-mokykla-uzgrobe-mokyklos-detektyvai-9-dalis\/#primaryimage","url":"https:\/\/skaitytaknyga.lt\/wp-content\/uploads\/2025\/12\/Musu-mokykla-uzgrobe-Mokyklos-detektyvai-9-dalis-1.webp","contentUrl":"https:\/\/skaitytaknyga.lt\/wp-content\/uploads\/2025\/12\/Musu-mokykla-uzgrobe-Mokyklos-detektyvai-9-dalis-1.webp","width":300,"height":425,"caption":"M\u016bs\u0173 mokykl\u0105 u\u017egrob\u0117! Mokyklos detektyvai, 9 dalis"},{"@type":"BreadcrumbList","@id":"https:\/\/skaitytaknyga.lt\/produktas\/musu-mokykla-uzgrobe-mokyklos-detektyvai-9-dalis\/#breadcrumb","itemListElement":[{"@type":"ListItem","position":1,"name":"Home","item":"https:\/\/skaitytaknyga.lt\/"},{"@type":"ListItem","position":2,"name":"Parduotuv\u0117","item":"https:\/\/skaitytaknyga.lt\/knygu-parduotuve\/"},{"@type":"ListItem","position":3,"name":"M\u016bs\u0173 mokykl\u0105 u\u017egrob\u0117! Mokyklos detektyvai, 9 dalis"}]},{"@type":"WebSite","@id":"https:\/\/skaitytaknyga.lt\/#website","url":"https:\/\/skaitytaknyga.lt\/","name":"skaitytaknyga.lt","description":"Skaitytaknyga.lt \u2013 tai ma\u017eas \u0161eimos verslas, kuris prasid\u0117jo nuo meil\u0117s knygoms ir siekio i\u0161gelb\u0117ti knygas nuo likimo prie konteinerio. Kas vienam nereikalingas daiktas \u2013 kitam lobis, o mes esame tarpininkai, kurie padeda abiems tapti laimingesniems ???? \u017dinome kaip nelengva i\u0161gyventi ma\u017eiems verslams, tad nuo \u0161iol, \u010dia rasite ir kit\u0173, ma\u017e\u0173 \u0161eim\u0173 versl\u0173, rank\u0173 darbo, dovan\u0173 sau ir artimiesiems.","publisher":{"@id":"https:\/\/skaitytaknyga.lt\/#organization"},"potentialAction":[{"@type":"SearchAction","target":{"@type":"EntryPoint","urlTemplate":"https:\/\/skaitytaknyga.lt\/?s={search_term_string}"},"query-input":{"@type":"PropertyValueSpecification","valueRequired":true,"valueName":"search_term_string"}}],"inLanguage":"en-GB"},{"@type":"Organization","@id":"https:\/\/skaitytaknyga.lt\/#organization","name":"skaitytaknyga.lt","url":"https:\/\/skaitytaknyga.lt\/","logo":{"@type":"ImageObject","inLanguage":"en-GB","@id":"https:\/\/skaitytaknyga.lt\/#\/schema\/logo\/image\/","url":"https:\/\/skaitytaknyga.lt\/wp-content\/uploads\/2024\/05\/cropped-cropped-cropped-02_00843_jt3bggkj1j3HLc7SyY6rEUpg.jpeg","contentUrl":"https:\/\/skaitytaknyga.lt\/wp-content\/uploads\/2024\/05\/cropped-cropped-cropped-02_00843_jt3bggkj1j3HLc7SyY6rEUpg.jpeg","width":1600,"height":1600,"caption":"skaitytaknyga.lt"},"image":{"@id":"https:\/\/skaitytaknyga.lt\/#\/schema\/logo\/image\/"},"sameAs":["https:\/\/www.facebook.com\/skaitytaknyga\/"]}]}},"_links":{"self":[{"href":"https:\/\/skaitytaknyga.lt\/en\/wp-json\/wp\/v2\/product\/22307","targetHints":{"allow":["GET"]}}],"collection":[{"href":"https:\/\/skaitytaknyga.lt\/en\/wp-json\/wp\/v2\/product"}],"about":[{"href":"https:\/\/skaitytaknyga.lt\/en\/wp-json\/wp\/v2\/types\/product"}],"replies":[{"embeddable":true,"href":"https:\/\/skaitytaknyga.lt\/en\/wp-json\/wp\/v2\/comments?post=22307"}],"wp:featuredmedia":[{"embeddable":true,"href":"https:\/\/skaitytaknyga.lt\/en\/wp-json\/wp\/v2\/media\/22314"}],"wp:attachment":[{"href":"https:\/\/skaitytaknyga.lt\/en\/wp-json\/wp\/v2\/media?parent=22307"}],"wp:term":[{"taxonomy":"product_brand","embeddable":true,"href":"https:\/\/skaitytaknyga.lt\/en\/wp-json\/wp\/v2\/product_brand?post=22307"},{"taxonomy":"product_cat","embeddable":true,"href":"https:\/\/skaitytaknyga.lt\/en\/wp-json\/wp\/v2\/product_cat?post=22307"},{"taxonomy":"product_tag","embeddable":true,"href":"https:\/\/skaitytaknyga.lt\/en\/wp-json\/wp\/v2\/product_tag?post=22307"}],"curies":[{"name":"wp","href":"https:\/\/api.w.org\/{rel}","templated":true}]}}