{"id":22306,"date":"2025-12-18T21:10:27","date_gmt":"2025-12-18T19:10:27","guid":{"rendered":"https:\/\/skaitytaknyga.lt\/?post_type=product&#038;p=22306"},"modified":"2025-12-19T19:57:08","modified_gmt":"2025-12-19T17:57:08","slug":"siaubu-autobusas-2","status":"publish","type":"product","link":"https:\/\/skaitytaknyga.lt\/en\/produktas\/siaubu-autobusas-2\/","title":{"rendered":"Siaub\u0173 autobusas 2"},"content":{"rendered":"<p>\u2013 Lab\u0105 vakar\u0105, mieli vaiku\u010diai. M\u016bs\u0173 autobusas pilnas smagi\u0173 istorij\u0173 apie \u017emones ir daiktus, kuriuos j\u016bs mylite: apie t\u0117velius ir mamytes, mo\u010diutes ir mokytojas, pliu\u0161inius \u017ev\u0117riukus ir daugel\u012f kit\u0173 dalyk\u0173. Taigi atsis\u0117skite tiesiai, prisisekite saugos dir\u017eais, u\u017edarykit duris ir langus, nes \u0161tai atsirado ir j\u016bs\u0173 laidos ved\u0117jas ponas Nonvalas.<\/p>\n<p>Visai nebaisu? O jei i\u0161 ties\u0173 siau\u010diant li\u016b\u010diai ir smarkiai \u017eaibuojant \u012fsodintume jus \u012f apleist\u0105 autobus\u0105 ma\u0161in\u0173 kapin\u0117se aplinkui tykant vilkolakiams pasruvusiomis raudonomis akimis? Pab\u0117gti n\u0117ra kur ir j\u016bs priversti klausytis. \u0160iurpinantis ra\u0161ytojo Nonvalo juokas ima skamb\u0117ti vis garsiau, o jo pasakojamos siaubo istorijos rodosi vis tikrovi\u0161kesn\u0117s&#8230; Ir galiausiai tampa&#8230; Realybe!<\/p>\n<p>Sakot, nieko \u010dia baisaus? \u012edomu, ar taip sakysit ir tada, kai perskaitysit knyg\u0105&#8230;<\/p>\n","protected":false},"excerpt":{"rendered":"<p>\u2013 Lab\u0105 vakar\u0105, mieli vaiku\u010diai. M\u016bs\u0173 autobusas pilnas smagi\u0173 istorij\u0173 apie \u017emones ir daiktus, kuriuos j\u016bs mylite: apie t\u0117velius ir mamytes, mo\u010diutes ir mokytojas, pliu\u0161inius \u017ev\u0117riukus ir daugel\u012f kit\u0173 dalyk\u0173. Taigi atsis\u0117skite tiesiai, prisisekite saugos dir\u017eais, u\u017edarykit duris ir langus, nes \u0161tai atsirado ir j\u016bs\u0173 laidos ved\u0117jas ponas Nonvalas. Visai nebaisu? O jei i\u0161 ties\u0173 siau\u010diant li\u016b\u010diai ir smarkiai \u017eaibuojant \u012fsodintume jus \u012f apleist\u0105 autobus\u0105 ma\u0161in\u0173 kapin\u0117se aplinkui tykant vilkolakiams pasruvusiomis raudonomis akimis? Pab\u0117gti n\u0117ra kur ir j\u016bs priversti klausytis. \u0160iurpinantis ra\u0161ytojo Nonvalo juokas ima skamb\u0117ti vis garsiau, o jo pasakojamos siaubo istorijos rodosi vis tikrovi\u0161kesn\u0117s&#8230; Ir galiausiai tampa&#8230; Realybe! Sakot, nieko \u010dia baisaus? \u012edomu, ar taip sakysit ir tada, kai perskaitysit knyg\u0105&#8230;<\/p>\n","protected":false},"featured_media":22313,"comment_status":"open","ping_status":"closed","template":"","meta":{"_acf_changed":false,"site-sidebar-layout":"default","site-content-layout":"","ast-site-content-layout":"default","site-content-style":"default","site-sidebar-style":"default","ast-global-header-display":"","ast-banner-title-visibility":"","ast-main-header-display":"","ast-hfb-above-header-display":"","ast-hfb-below-header-display":"","ast-hfb-mobile-header-display":"","site-post-title":"","ast-breadcrumbs-content":"","ast-featured-img":"","footer-sml-layout":"","ast-disable-related-posts":"","theme-transparent-header-meta":"","adv-header-id-meta":"","stick-header-meta":"","header-above-stick-meta":"","header-main-stick-meta":"","header-below-stick-meta":"","astra-migrate-meta-layouts":"default","ast-page-background-enabled":"default","ast-page-background-meta":{"desktop":{"background-color":"","background-image":"","background-repeat":"repeat","background-position":"center center","background-size":"auto","background-attachment":"scroll","background-type":"","background-media":"","overlay-type":"","overlay-color":"","overlay-opacity":"","overlay-gradient":""},"tablet":{"background-color":"","background-image":"","background-repeat":"repeat","background-position":"center center","background-size":"auto","background-attachment":"scroll","background-type":"","background-media":"","overlay-type":"","overlay-color":"","overlay-opacity":"","overlay-gradient":""},"mobile":{"background-color":"","background-image":"","background-repeat":"repeat","background-position":"center center","background-size":"auto","background-attachment":"scroll","background-type":"","background-media":"","overlay-type":"","overlay-color":"","overlay-opacity":"","overlay-gradient":""}},"ast-content-background-meta":{"desktop":{"background-color":"var(--ast-global-color-4)","background-image":"","background-repeat":"repeat","background-position":"center center","background-size":"auto","background-attachment":"scroll","background-type":"","background-media":"","overlay-type":"","overlay-color":"","overlay-opacity":"","overlay-gradient":""},"tablet":{"background-color":"var(--ast-global-color-4)","background-image":"","background-repeat":"repeat","background-position":"center center","background-size":"auto","background-attachment":"scroll","background-type":"","background-media":"","overlay-type":"","overlay-color":"","overlay-opacity":"","overlay-gradient":""},"mobile":{"background-color":"var(--ast-global-color-4)","background-image":"","background-repeat":"repeat","background-position":"center center","background-size":"auto","background-attachment":"scroll","background-type":"","background-media":"","overlay-type":"","overlay-color":"","overlay-opacity":"","overlay-gradient":""}}},"product_brand":[],"product_cat":[35],"product_tag":[],"class_list":{"0":"post-22306","1":"product","2":"type-product","3":"status-publish","4":"has-post-thumbnail","6":"product_cat-vaikams-ir-paaugliams","7":"desktop-align-left","8":"tablet-align-left","9":"mobile-align-left","11":"first","12":"instock","13":"shipping-taxable","14":"purchasable","15":"product-type-simple"},"acf":[],"yoast_head":"<!-- This site is optimized with the Yoast SEO plugin v27.0 - https:\/\/yoast.com\/product\/yoast-seo-wordpress\/ -->\n<title>Siaub\u0173 autobusas 2<\/title>\n<meta name=\"description\" content=\"\u2013 Lab\u0105 vakar\u0105, mieli vaiku\u010diai. M\u016bs\u0173 autobusas pilnas smagi\u0173 istorij\u0173 apie \u017emones ir daiktus, kuriuos j\u016bs mylite: apie t\u0117velius ir mamytes, mo\u010diutes ir\" \/>\n<meta name=\"robots\" content=\"index, follow, max-snippet:-1, max-image-preview:large, max-video-preview:-1\" \/>\n<link rel=\"canonical\" href=\"https:\/\/skaitytaknyga.lt\/en\/produktas\/siaubu-autobusas-2\/\" \/>\n<meta property=\"og:locale\" content=\"en_GB\" \/>\n<meta property=\"og:locale:alternate\" content=\"lt_LT\" \/>\n<meta property=\"og:type\" content=\"article\" \/>\n<meta property=\"og:title\" content=\"Siaub\u0173 autobusas 2\" \/>\n<meta property=\"og:description\" content=\"\u2013 Lab\u0105 vakar\u0105, mieli vaiku\u010diai. M\u016bs\u0173 autobusas pilnas smagi\u0173 istorij\u0173 apie \u017emones ir daiktus, kuriuos j\u016bs mylite: apie t\u0117velius ir mamytes, mo\u010diutes ir\" \/>\n<meta property=\"og:url\" content=\"https:\/\/skaitytaknyga.lt\/en\/produktas\/siaubu-autobusas-2\/\" \/>\n<meta property=\"og:site_name\" content=\"Skaitytaknyga\" \/>\n<meta property=\"article:publisher\" content=\"https:\/\/www.facebook.com\/skaitytaknyga\/\" \/>\n<meta property=\"article:modified_time\" content=\"2025-12-19T17:57:08+00:00\" \/>\n<meta property=\"og:image\" content=\"https:\/\/skaitytaknyga.lt\/wp-content\/uploads\/2025\/12\/Siaubu-autobusas-2-1.webp\" \/>\n\t<meta property=\"og:image:width\" content=\"290\" \/>\n\t<meta property=\"og:image:height\" content=\"400\" \/>\n\t<meta property=\"og:image:type\" content=\"image\/webp\" \/>\n<meta name=\"twitter:card\" content=\"summary_large_image\" \/>\n<meta name=\"twitter:label1\" content=\"Estimated reading time\" \/>\n\t<meta name=\"twitter:data1\" content=\"1 minute\" \/>\n<script type=\"application\/ld+json\" class=\"yoast-schema-graph\">{\"@context\":\"https:\/\/schema.org\",\"@graph\":[{\"@type\":\"WebPage\",\"@id\":\"https:\/\/skaitytaknyga.lt\/produktas\/siaubu-autobusas-2\/\",\"url\":\"https:\/\/skaitytaknyga.lt\/produktas\/siaubu-autobusas-2\/\",\"name\":\"Siaub\u0173 autobusas 2\",\"isPartOf\":{\"@id\":\"https:\/\/skaitytaknyga.lt\/#website\"},\"primaryImageOfPage\":{\"@id\":\"https:\/\/skaitytaknyga.lt\/produktas\/siaubu-autobusas-2\/#primaryimage\"},\"image\":{\"@id\":\"https:\/\/skaitytaknyga.lt\/produktas\/siaubu-autobusas-2\/#primaryimage\"},\"thumbnailUrl\":\"https:\/\/skaitytaknyga.lt\/wp-content\/uploads\/2025\/12\/Siaubu-autobusas-2-1.webp\",\"datePublished\":\"2025-12-18T19:10:27+00:00\",\"dateModified\":\"2025-12-19T17:57:08+00:00\",\"description\":\"\u2013 Lab\u0105 vakar\u0105, mieli vaiku\u010diai. M\u016bs\u0173 autobusas pilnas smagi\u0173 istorij\u0173 apie \u017emones ir daiktus, kuriuos j\u016bs mylite: apie t\u0117velius ir mamytes, mo\u010diutes ir\",\"breadcrumb\":{\"@id\":\"https:\/\/skaitytaknyga.lt\/produktas\/siaubu-autobusas-2\/#breadcrumb\"},\"inLanguage\":\"en-GB\",\"potentialAction\":[{\"@type\":\"ReadAction\",\"target\":[\"https:\/\/skaitytaknyga.lt\/produktas\/siaubu-autobusas-2\/\"]}]},{\"@type\":\"ImageObject\",\"inLanguage\":\"en-GB\",\"@id\":\"https:\/\/skaitytaknyga.lt\/produktas\/siaubu-autobusas-2\/#primaryimage\",\"url\":\"https:\/\/skaitytaknyga.lt\/wp-content\/uploads\/2025\/12\/Siaubu-autobusas-2-1.webp\",\"contentUrl\":\"https:\/\/skaitytaknyga.lt\/wp-content\/uploads\/2025\/12\/Siaubu-autobusas-2-1.webp\",\"width\":290,\"height\":400,\"caption\":\"Siaub\u0173 autobusas 2\"},{\"@type\":\"BreadcrumbList\",\"@id\":\"https:\/\/skaitytaknyga.lt\/produktas\/siaubu-autobusas-2\/#breadcrumb\",\"itemListElement\":[{\"@type\":\"ListItem\",\"position\":1,\"name\":\"Home\",\"item\":\"https:\/\/skaitytaknyga.lt\/\"},{\"@type\":\"ListItem\",\"position\":2,\"name\":\"Parduotuv\u0117\",\"item\":\"https:\/\/skaitytaknyga.lt\/knygu-parduotuve\/\"},{\"@type\":\"ListItem\",\"position\":3,\"name\":\"Siaub\u0173 autobusas 2\"}]},{\"@type\":\"WebSite\",\"@id\":\"https:\/\/skaitytaknyga.lt\/#website\",\"url\":\"https:\/\/skaitytaknyga.lt\/\",\"name\":\"skaitytaknyga.lt\",\"description\":\"Skaitytaknyga.lt \u2013 tai ma\u017eas \u0161eimos verslas, kuris prasid\u0117jo nuo meil\u0117s knygoms ir siekio i\u0161gelb\u0117ti knygas nuo likimo prie konteinerio. Kas vienam nereikalingas daiktas \u2013 kitam lobis, o mes esame tarpininkai, kurie padeda abiems tapti laimingesniems ???? \u017dinome kaip nelengva i\u0161gyventi ma\u017eiems verslams, tad nuo \u0161iol, \u010dia rasite ir kit\u0173, ma\u017e\u0173 \u0161eim\u0173 versl\u0173, rank\u0173 darbo, dovan\u0173 sau ir artimiesiems.\",\"publisher\":{\"@id\":\"https:\/\/skaitytaknyga.lt\/#organization\"},\"potentialAction\":[{\"@type\":\"SearchAction\",\"target\":{\"@type\":\"EntryPoint\",\"urlTemplate\":\"https:\/\/skaitytaknyga.lt\/?s={search_term_string}\"},\"query-input\":{\"@type\":\"PropertyValueSpecification\",\"valueRequired\":true,\"valueName\":\"search_term_string\"}}],\"inLanguage\":\"en-GB\"},{\"@type\":\"Organization\",\"@id\":\"https:\/\/skaitytaknyga.lt\/#organization\",\"name\":\"skaitytaknyga.lt\",\"url\":\"https:\/\/skaitytaknyga.lt\/\",\"logo\":{\"@type\":\"ImageObject\",\"inLanguage\":\"en-GB\",\"@id\":\"https:\/\/skaitytaknyga.lt\/#\/schema\/logo\/image\/\",\"url\":\"https:\/\/skaitytaknyga.lt\/wp-content\/uploads\/2024\/05\/cropped-cropped-cropped-02_00843_jt3bggkj1j3HLc7SyY6rEUpg.jpeg\",\"contentUrl\":\"https:\/\/skaitytaknyga.lt\/wp-content\/uploads\/2024\/05\/cropped-cropped-cropped-02_00843_jt3bggkj1j3HLc7SyY6rEUpg.jpeg\",\"width\":1600,\"height\":1600,\"caption\":\"skaitytaknyga.lt\"},\"image\":{\"@id\":\"https:\/\/skaitytaknyga.lt\/#\/schema\/logo\/image\/\"},\"sameAs\":[\"https:\/\/www.facebook.com\/skaitytaknyga\/\"]}]}<\/script>\n<!-- \/ Yoast SEO plugin. -->","yoast_head_json":{"title":"Siaub\u0173 autobusas 2","description":"\u2013 Lab\u0105 vakar\u0105, mieli vaiku\u010diai. M\u016bs\u0173 autobusas pilnas smagi\u0173 istorij\u0173 apie \u017emones ir daiktus, kuriuos j\u016bs mylite: apie t\u0117velius ir mamytes, mo\u010diutes ir","robots":{"index":"index","follow":"follow","max-snippet":"max-snippet:-1","max-image-preview":"max-image-preview:large","max-video-preview":"max-video-preview:-1"},"canonical":"https:\/\/skaitytaknyga.lt\/en\/produktas\/siaubu-autobusas-2\/","og_locale":"en_GB","og_type":"article","og_title":"[:lt]Siaub\u0173 autobusas 2[:] - Skaitytaknyga","og_description":"\u2013 Lab\u0105 vakar\u0105, mieli vaiku\u010diai. M\u016bs\u0173 autobusas pilnas smagi\u0173 istorij\u0173 apie \u017emones ir daiktus, kuriuos j\u016bs mylite: apie t\u0117velius ir mamytes, mo\u010diutes ir","og_url":"https:\/\/skaitytaknyga.lt\/en\/produktas\/siaubu-autobusas-2\/","og_site_name":"Skaitytaknyga","article_publisher":"https:\/\/www.facebook.com\/skaitytaknyga\/","article_modified_time":"2025-12-19T17:57:08+00:00","og_image":[{"width":290,"height":400,"url":"https:\/\/skaitytaknyga.lt\/wp-content\/uploads\/2025\/12\/Siaubu-autobusas-2-1.webp","type":"image\/webp"}],"twitter_card":"summary_large_image","twitter_misc":{"Estimated reading time":"1 minute"},"schema":{"@context":"https:\/\/schema.org","@graph":[{"@type":"WebPage","@id":"https:\/\/skaitytaknyga.lt\/produktas\/siaubu-autobusas-2\/","url":"https:\/\/skaitytaknyga.lt\/produktas\/siaubu-autobusas-2\/","name":"Siaub\u0173 autobusas 2","isPartOf":{"@id":"https:\/\/skaitytaknyga.lt\/#website"},"primaryImageOfPage":{"@id":"https:\/\/skaitytaknyga.lt\/produktas\/siaubu-autobusas-2\/#primaryimage"},"image":{"@id":"https:\/\/skaitytaknyga.lt\/produktas\/siaubu-autobusas-2\/#primaryimage"},"thumbnailUrl":"https:\/\/skaitytaknyga.lt\/wp-content\/uploads\/2025\/12\/Siaubu-autobusas-2-1.webp","datePublished":"2025-12-18T19:10:27+00:00","dateModified":"2025-12-19T17:57:08+00:00","description":"\u2013 Lab\u0105 vakar\u0105, mieli vaiku\u010diai. M\u016bs\u0173 autobusas pilnas smagi\u0173 istorij\u0173 apie \u017emones ir daiktus, kuriuos j\u016bs mylite: apie t\u0117velius ir mamytes, mo\u010diutes ir","breadcrumb":{"@id":"https:\/\/skaitytaknyga.lt\/produktas\/siaubu-autobusas-2\/#breadcrumb"},"inLanguage":"en-GB","potentialAction":[{"@type":"ReadAction","target":["https:\/\/skaitytaknyga.lt\/produktas\/siaubu-autobusas-2\/"]}]},{"@type":"ImageObject","inLanguage":"en-GB","@id":"https:\/\/skaitytaknyga.lt\/produktas\/siaubu-autobusas-2\/#primaryimage","url":"https:\/\/skaitytaknyga.lt\/wp-content\/uploads\/2025\/12\/Siaubu-autobusas-2-1.webp","contentUrl":"https:\/\/skaitytaknyga.lt\/wp-content\/uploads\/2025\/12\/Siaubu-autobusas-2-1.webp","width":290,"height":400,"caption":"Siaub\u0173 autobusas 2"},{"@type":"BreadcrumbList","@id":"https:\/\/skaitytaknyga.lt\/produktas\/siaubu-autobusas-2\/#breadcrumb","itemListElement":[{"@type":"ListItem","position":1,"name":"Home","item":"https:\/\/skaitytaknyga.lt\/"},{"@type":"ListItem","position":2,"name":"Parduotuv\u0117","item":"https:\/\/skaitytaknyga.lt\/knygu-parduotuve\/"},{"@type":"ListItem","position":3,"name":"Siaub\u0173 autobusas 2"}]},{"@type":"WebSite","@id":"https:\/\/skaitytaknyga.lt\/#website","url":"https:\/\/skaitytaknyga.lt\/","name":"skaitytaknyga.lt","description":"Skaitytaknyga.lt \u2013 tai ma\u017eas \u0161eimos verslas, kuris prasid\u0117jo nuo meil\u0117s knygoms ir siekio i\u0161gelb\u0117ti knygas nuo likimo prie konteinerio. Kas vienam nereikalingas daiktas \u2013 kitam lobis, o mes esame tarpininkai, kurie padeda abiems tapti laimingesniems ???? \u017dinome kaip nelengva i\u0161gyventi ma\u017eiems verslams, tad nuo \u0161iol, \u010dia rasite ir kit\u0173, ma\u017e\u0173 \u0161eim\u0173 versl\u0173, rank\u0173 darbo, dovan\u0173 sau ir artimiesiems.","publisher":{"@id":"https:\/\/skaitytaknyga.lt\/#organization"},"potentialAction":[{"@type":"SearchAction","target":{"@type":"EntryPoint","urlTemplate":"https:\/\/skaitytaknyga.lt\/?s={search_term_string}"},"query-input":{"@type":"PropertyValueSpecification","valueRequired":true,"valueName":"search_term_string"}}],"inLanguage":"en-GB"},{"@type":"Organization","@id":"https:\/\/skaitytaknyga.lt\/#organization","name":"skaitytaknyga.lt","url":"https:\/\/skaitytaknyga.lt\/","logo":{"@type":"ImageObject","inLanguage":"en-GB","@id":"https:\/\/skaitytaknyga.lt\/#\/schema\/logo\/image\/","url":"https:\/\/skaitytaknyga.lt\/wp-content\/uploads\/2024\/05\/cropped-cropped-cropped-02_00843_jt3bggkj1j3HLc7SyY6rEUpg.jpeg","contentUrl":"https:\/\/skaitytaknyga.lt\/wp-content\/uploads\/2024\/05\/cropped-cropped-cropped-02_00843_jt3bggkj1j3HLc7SyY6rEUpg.jpeg","width":1600,"height":1600,"caption":"skaitytaknyga.lt"},"image":{"@id":"https:\/\/skaitytaknyga.lt\/#\/schema\/logo\/image\/"},"sameAs":["https:\/\/www.facebook.com\/skaitytaknyga\/"]}]}},"_links":{"self":[{"href":"https:\/\/skaitytaknyga.lt\/en\/wp-json\/wp\/v2\/product\/22306","targetHints":{"allow":["GET"]}}],"collection":[{"href":"https:\/\/skaitytaknyga.lt\/en\/wp-json\/wp\/v2\/product"}],"about":[{"href":"https:\/\/skaitytaknyga.lt\/en\/wp-json\/wp\/v2\/types\/product"}],"replies":[{"embeddable":true,"href":"https:\/\/skaitytaknyga.lt\/en\/wp-json\/wp\/v2\/comments?post=22306"}],"wp:featuredmedia":[{"embeddable":true,"href":"https:\/\/skaitytaknyga.lt\/en\/wp-json\/wp\/v2\/media\/22313"}],"wp:attachment":[{"href":"https:\/\/skaitytaknyga.lt\/en\/wp-json\/wp\/v2\/media?parent=22306"}],"wp:term":[{"taxonomy":"product_brand","embeddable":true,"href":"https:\/\/skaitytaknyga.lt\/en\/wp-json\/wp\/v2\/product_brand?post=22306"},{"taxonomy":"product_cat","embeddable":true,"href":"https:\/\/skaitytaknyga.lt\/en\/wp-json\/wp\/v2\/product_cat?post=22306"},{"taxonomy":"product_tag","embeddable":true,"href":"https:\/\/skaitytaknyga.lt\/en\/wp-json\/wp\/v2\/product_tag?post=22306"}],"curies":[{"name":"wp","href":"https:\/\/api.w.org\/{rel}","templated":true}]}}