{"id":22305,"date":"2025-12-18T21:10:26","date_gmt":"2025-12-18T19:10:26","guid":{"rendered":"https:\/\/skaitytaknyga.lt\/?post_type=product&#038;p=22305"},"modified":"2025-12-19T19:57:08","modified_gmt":"2025-12-19T17:57:08","slug":"apsakymai","status":"publish","type":"product","link":"https:\/\/skaitytaknyga.lt\/en\/produktas\/apsakymai\/","title":{"rendered":"Apsakymai"},"content":{"rendered":"<p>D\u017eeko Londono apsakymai ra\u0161yti po to, kai jis pats \u201esavo rankomis\u201c pa\u010diupin\u0117jo t\u0105 \u0161iaur\u0117s kra\u0161to gamt\u0105, pas\u0117d\u0117jo u\u017e stalo ir pabendravo su t\u0173 viet\u0173 \u017emon\u0117mis, pakeliavo j\u0173 \u0161unimis kinkytomis rog\u0117mis, pabuvojo ind\u0117n\u0173 draugijoje, mat\u0117 gyvus ir mirusius, su\u0161alusius ir \u017euvusius, pasiaukojusius kitiems ir per mirusi\u0173 k\u016bnus i\u0161kopusius karjeros laiptais \u012f visuomen\u0117s vir\u0161\u016bnes. Tai nuoseklus pasakojimas, su \u0161iokiom tokiom i\u0161imtimis, apie i\u0161tro\u0161kusius pragyventi \u017emones, apie aukso kar\u0161tlig\u0119, kuri ved\u0117 juos \u017eiemos keliais \u012f Aliaskos pusiasalio upes ir upelius, kur tarp balto sm\u0117lio ir up\u0117se suplukdyt\u0173 akmenuk\u0173 \u017e\u0117ravo \u012fsp\u016bdingojo metalo \u2013 aukso kristalai. Kupinas s\u0117kmi\u0173 ir nusivylim\u0173 pasaulis, i\u0161tisa panorama, kurioje skaitant knyg\u0105 pasimato tikri \u017emon\u0117s ir juose t\u016bnantys \u017ev\u0117rys, j\u0173 kan\u010dios ir laim\u0117s akimirkos, mirtys ir prad\u0117j\u0119 klest\u0117ti gyvenimai. Visiems apsakymams, jeigu b\u016bt\u0173 klijuojamas tikrumo kokyb\u0117s \u017eenklas, i\u0161skiriant tik kelet\u0105, jis b\u016bt\u0173 pats auk\u0161\u010diausias, nes vaizdai ir \u017emon\u0117s, j\u0173 poelgiai ir svajon\u0117s tokie real\u016bs, kyl\u0105 i\u0161 apra\u0161om\u0173 \u012fvyki\u0173, kad skaitydamas juos suvoki kaip viening\u0105, gerai suponuot\u0105, logi\u0161kai pagr\u012fst\u0105 ir nepriekai\u0161tingai susi\u016bt\u0105 visum\u0105.<\/p>\n","protected":false},"excerpt":{"rendered":"<p>D\u017eeko Londono apsakymai ra\u0161yti po to, kai jis pats \u201esavo rankomis\u201c pa\u010diupin\u0117jo t\u0105 \u0161iaur\u0117s kra\u0161to gamt\u0105, pas\u0117d\u0117jo u\u017e stalo ir pabendravo su t\u0173 viet\u0173 \u017emon\u0117mis, pakeliavo j\u0173 \u0161unimis kinkytomis rog\u0117mis, pabuvojo ind\u0117n\u0173 draugijoje, mat\u0117 gyvus ir mirusius, su\u0161alusius ir \u017euvusius, pasiaukojusius kitiems ir per mirusi\u0173 k\u016bnus i\u0161kopusius karjeros laiptais \u012f visuomen\u0117s vir\u0161\u016bnes. Tai nuoseklus pasakojimas, su \u0161iokiom tokiom i\u0161imtimis, apie i\u0161tro\u0161kusius pragyventi \u017emones, apie aukso kar\u0161tlig\u0119, kuri ved\u0117 juos \u017eiemos keliais \u012f Aliaskos pusiasalio upes ir upelius, kur tarp balto sm\u0117lio ir up\u0117se suplukdyt\u0173 akmenuk\u0173 \u017e\u0117ravo \u012fsp\u016bdingojo metalo \u2013 aukso kristalai. Kupinas s\u0117kmi\u0173 ir nusivylim\u0173 pasaulis, i\u0161tisa panorama, kurioje skaitant knyg\u0105 pasimato tikri \u017emon\u0117s ir juose t\u016bnantys \u017ev\u0117rys, j\u0173 kan\u010dios ir laim\u0117s akimirkos, mirtys ir prad\u0117j\u0119 klest\u0117ti gyvenimai. Visiems apsakymams, jeigu b\u016bt\u0173 klijuojamas tikrumo kokyb\u0117s \u017eenklas, i\u0161skiriant tik kelet\u0105, jis b\u016bt\u0173 pats auk\u0161\u010diausias, nes vaizdai ir \u017emon\u0117s, j\u0173 poelgiai ir svajon\u0117s tokie real\u016bs, kyl\u0105 i\u0161 apra\u0161om\u0173 \u012fvyki\u0173, kad skaitydamas juos suvoki kaip viening\u0105, gerai suponuot\u0105, logi\u0161kai pagr\u012fst\u0105 ir nepriekai\u0161tingai susi\u016bt\u0105 visum\u0105.<\/p>\n","protected":false},"featured_media":22310,"comment_status":"open","ping_status":"closed","template":"","meta":{"_acf_changed":false,"site-sidebar-layout":"default","site-content-layout":"","ast-site-content-layout":"default","site-content-style":"default","site-sidebar-style":"default","ast-global-header-display":"","ast-banner-title-visibility":"","ast-main-header-display":"","ast-hfb-above-header-display":"","ast-hfb-below-header-display":"","ast-hfb-mobile-header-display":"","site-post-title":"","ast-breadcrumbs-content":"","ast-featured-img":"","footer-sml-layout":"","ast-disable-related-posts":"","theme-transparent-header-meta":"","adv-header-id-meta":"","stick-header-meta":"","header-above-stick-meta":"","header-main-stick-meta":"","header-below-stick-meta":"","astra-migrate-meta-layouts":"default","ast-page-background-enabled":"default","ast-page-background-meta":{"desktop":{"background-color":"","background-image":"","background-repeat":"repeat","background-position":"center center","background-size":"auto","background-attachment":"scroll","background-type":"","background-media":"","overlay-type":"","overlay-color":"","overlay-opacity":"","overlay-gradient":""},"tablet":{"background-color":"","background-image":"","background-repeat":"repeat","background-position":"center center","background-size":"auto","background-attachment":"scroll","background-type":"","background-media":"","overlay-type":"","overlay-color":"","overlay-opacity":"","overlay-gradient":""},"mobile":{"background-color":"","background-image":"","background-repeat":"repeat","background-position":"center center","background-size":"auto","background-attachment":"scroll","background-type":"","background-media":"","overlay-type":"","overlay-color":"","overlay-opacity":"","overlay-gradient":""}},"ast-content-background-meta":{"desktop":{"background-color":"var(--ast-global-color-4)","background-image":"","background-repeat":"repeat","background-position":"center center","background-size":"auto","background-attachment":"scroll","background-type":"","background-media":"","overlay-type":"","overlay-color":"","overlay-opacity":"","overlay-gradient":""},"tablet":{"background-color":"var(--ast-global-color-4)","background-image":"","background-repeat":"repeat","background-position":"center center","background-size":"auto","background-attachment":"scroll","background-type":"","background-media":"","overlay-type":"","overlay-color":"","overlay-opacity":"","overlay-gradient":""},"mobile":{"background-color":"var(--ast-global-color-4)","background-image":"","background-repeat":"repeat","background-position":"center center","background-size":"auto","background-attachment":"scroll","background-type":"","background-media":"","overlay-type":"","overlay-color":"","overlay-opacity":"","overlay-gradient":""}}},"product_brand":[],"product_cat":[31],"product_tag":[],"class_list":{"0":"post-22305","1":"product","2":"type-product","3":"status-publish","4":"has-post-thumbnail","6":"product_cat-grozine-literatura","7":"desktop-align-left","8":"tablet-align-left","9":"mobile-align-left","11":"first","12":"instock","13":"shipping-taxable","14":"purchasable","15":"product-type-simple"},"acf":[],"yoast_head":"<!-- This site is optimized with the Yoast SEO plugin v27.0 - https:\/\/yoast.com\/product\/yoast-seo-wordpress\/ -->\n<title>Apsakymai<\/title>\n<meta name=\"description\" content=\"D\u017eeko Londono apsakymai ra\u0161yti po to, kai jis pats \u201esavo rankomis\u201c pa\u010diupin\u0117jo t\u0105 \u0161iaur\u0117s kra\u0161to gamt\u0105, pas\u0117d\u0117jo u\u017e stalo ir pabendravo su t\u0173 viet\u0173\" \/>\n<meta name=\"robots\" content=\"index, follow, max-snippet:-1, max-image-preview:large, max-video-preview:-1\" \/>\n<link rel=\"canonical\" href=\"https:\/\/skaitytaknyga.lt\/en\/produktas\/apsakymai\/\" \/>\n<meta property=\"og:locale\" content=\"en_GB\" \/>\n<meta property=\"og:locale:alternate\" content=\"lt_LT\" \/>\n<meta property=\"og:type\" content=\"article\" \/>\n<meta property=\"og:title\" content=\"Apsakymai\" \/>\n<meta property=\"og:description\" content=\"D\u017eeko Londono apsakymai ra\u0161yti po to, kai jis pats \u201esavo rankomis\u201c pa\u010diupin\u0117jo t\u0105 \u0161iaur\u0117s kra\u0161to gamt\u0105, pas\u0117d\u0117jo u\u017e stalo ir pabendravo su t\u0173 viet\u0173\" \/>\n<meta property=\"og:url\" content=\"https:\/\/skaitytaknyga.lt\/en\/produktas\/apsakymai\/\" \/>\n<meta property=\"og:site_name\" content=\"Skaitytaknyga\" \/>\n<meta property=\"article:publisher\" content=\"https:\/\/www.facebook.com\/skaitytaknyga\/\" \/>\n<meta property=\"article:modified_time\" content=\"2025-12-19T17:57:08+00:00\" \/>\n<meta property=\"og:image\" content=\"https:\/\/skaitytaknyga.lt\/wp-content\/uploads\/2025\/12\/Apsakymai-1.webp\" \/>\n\t<meta property=\"og:image:width\" content=\"300\" \/>\n\t<meta property=\"og:image:height\" content=\"450\" \/>\n\t<meta property=\"og:image:type\" content=\"image\/webp\" \/>\n<meta name=\"twitter:card\" content=\"summary_large_image\" \/>\n<meta name=\"twitter:label1\" content=\"Estimated reading time\" \/>\n\t<meta name=\"twitter:data1\" content=\"1 minute\" \/>\n<script type=\"application\/ld+json\" class=\"yoast-schema-graph\">{\"@context\":\"https:\/\/schema.org\",\"@graph\":[{\"@type\":\"WebPage\",\"@id\":\"https:\/\/skaitytaknyga.lt\/produktas\/apsakymai\/\",\"url\":\"https:\/\/skaitytaknyga.lt\/produktas\/apsakymai\/\",\"name\":\"Apsakymai\",\"isPartOf\":{\"@id\":\"https:\/\/skaitytaknyga.lt\/#website\"},\"primaryImageOfPage\":{\"@id\":\"https:\/\/skaitytaknyga.lt\/produktas\/apsakymai\/#primaryimage\"},\"image\":{\"@id\":\"https:\/\/skaitytaknyga.lt\/produktas\/apsakymai\/#primaryimage\"},\"thumbnailUrl\":\"https:\/\/skaitytaknyga.lt\/wp-content\/uploads\/2025\/12\/Apsakymai-1.webp\",\"datePublished\":\"2025-12-18T19:10:26+00:00\",\"dateModified\":\"2025-12-19T17:57:08+00:00\",\"description\":\"D\u017eeko Londono apsakymai ra\u0161yti po to, kai jis pats \u201esavo rankomis\u201c pa\u010diupin\u0117jo t\u0105 \u0161iaur\u0117s kra\u0161to gamt\u0105, pas\u0117d\u0117jo u\u017e stalo ir pabendravo su t\u0173 viet\u0173\",\"breadcrumb\":{\"@id\":\"https:\/\/skaitytaknyga.lt\/produktas\/apsakymai\/#breadcrumb\"},\"inLanguage\":\"en-GB\",\"potentialAction\":[{\"@type\":\"ReadAction\",\"target\":[\"https:\/\/skaitytaknyga.lt\/produktas\/apsakymai\/\"]}]},{\"@type\":\"ImageObject\",\"inLanguage\":\"en-GB\",\"@id\":\"https:\/\/skaitytaknyga.lt\/produktas\/apsakymai\/#primaryimage\",\"url\":\"https:\/\/skaitytaknyga.lt\/wp-content\/uploads\/2025\/12\/Apsakymai-1.webp\",\"contentUrl\":\"https:\/\/skaitytaknyga.lt\/wp-content\/uploads\/2025\/12\/Apsakymai-1.webp\",\"width\":300,\"height\":450},{\"@type\":\"BreadcrumbList\",\"@id\":\"https:\/\/skaitytaknyga.lt\/produktas\/apsakymai\/#breadcrumb\",\"itemListElement\":[{\"@type\":\"ListItem\",\"position\":1,\"name\":\"Home\",\"item\":\"https:\/\/skaitytaknyga.lt\/\"},{\"@type\":\"ListItem\",\"position\":2,\"name\":\"Parduotuv\u0117\",\"item\":\"https:\/\/skaitytaknyga.lt\/knygu-parduotuve\/\"},{\"@type\":\"ListItem\",\"position\":3,\"name\":\"Apsakymai\"}]},{\"@type\":\"WebSite\",\"@id\":\"https:\/\/skaitytaknyga.lt\/#website\",\"url\":\"https:\/\/skaitytaknyga.lt\/\",\"name\":\"skaitytaknyga.lt\",\"description\":\"Skaitytaknyga.lt \u2013 tai ma\u017eas \u0161eimos verslas, kuris prasid\u0117jo nuo meil\u0117s knygoms ir siekio i\u0161gelb\u0117ti knygas nuo likimo prie konteinerio. Kas vienam nereikalingas daiktas \u2013 kitam lobis, o mes esame tarpininkai, kurie padeda abiems tapti laimingesniems ???? \u017dinome kaip nelengva i\u0161gyventi ma\u017eiems verslams, tad nuo \u0161iol, \u010dia rasite ir kit\u0173, ma\u017e\u0173 \u0161eim\u0173 versl\u0173, rank\u0173 darbo, dovan\u0173 sau ir artimiesiems.\",\"publisher\":{\"@id\":\"https:\/\/skaitytaknyga.lt\/#organization\"},\"potentialAction\":[{\"@type\":\"SearchAction\",\"target\":{\"@type\":\"EntryPoint\",\"urlTemplate\":\"https:\/\/skaitytaknyga.lt\/?s={search_term_string}\"},\"query-input\":{\"@type\":\"PropertyValueSpecification\",\"valueRequired\":true,\"valueName\":\"search_term_string\"}}],\"inLanguage\":\"en-GB\"},{\"@type\":\"Organization\",\"@id\":\"https:\/\/skaitytaknyga.lt\/#organization\",\"name\":\"skaitytaknyga.lt\",\"url\":\"https:\/\/skaitytaknyga.lt\/\",\"logo\":{\"@type\":\"ImageObject\",\"inLanguage\":\"en-GB\",\"@id\":\"https:\/\/skaitytaknyga.lt\/#\/schema\/logo\/image\/\",\"url\":\"https:\/\/skaitytaknyga.lt\/wp-content\/uploads\/2024\/05\/cropped-cropped-cropped-02_00843_jt3bggkj1j3HLc7SyY6rEUpg.jpeg\",\"contentUrl\":\"https:\/\/skaitytaknyga.lt\/wp-content\/uploads\/2024\/05\/cropped-cropped-cropped-02_00843_jt3bggkj1j3HLc7SyY6rEUpg.jpeg\",\"width\":1600,\"height\":1600,\"caption\":\"skaitytaknyga.lt\"},\"image\":{\"@id\":\"https:\/\/skaitytaknyga.lt\/#\/schema\/logo\/image\/\"},\"sameAs\":[\"https:\/\/www.facebook.com\/skaitytaknyga\/\"]}]}<\/script>\n<!-- \/ Yoast SEO plugin. -->","yoast_head_json":{"title":"Apsakymai","description":"D\u017eeko Londono apsakymai ra\u0161yti po to, kai jis pats \u201esavo rankomis\u201c pa\u010diupin\u0117jo t\u0105 \u0161iaur\u0117s kra\u0161to gamt\u0105, pas\u0117d\u0117jo u\u017e stalo ir pabendravo su t\u0173 viet\u0173","robots":{"index":"index","follow":"follow","max-snippet":"max-snippet:-1","max-image-preview":"max-image-preview:large","max-video-preview":"max-video-preview:-1"},"canonical":"https:\/\/skaitytaknyga.lt\/en\/produktas\/apsakymai\/","og_locale":"en_GB","og_type":"article","og_title":"[:lt]Apsakymai[:] - Skaitytaknyga","og_description":"D\u017eeko Londono apsakymai ra\u0161yti po to, kai jis pats \u201esavo rankomis\u201c pa\u010diupin\u0117jo t\u0105 \u0161iaur\u0117s kra\u0161to gamt\u0105, pas\u0117d\u0117jo u\u017e stalo ir pabendravo su t\u0173 viet\u0173","og_url":"https:\/\/skaitytaknyga.lt\/en\/produktas\/apsakymai\/","og_site_name":"Skaitytaknyga","article_publisher":"https:\/\/www.facebook.com\/skaitytaknyga\/","article_modified_time":"2025-12-19T17:57:08+00:00","og_image":[{"width":300,"height":450,"url":"https:\/\/skaitytaknyga.lt\/wp-content\/uploads\/2025\/12\/Apsakymai-1.webp","type":"image\/webp"}],"twitter_card":"summary_large_image","twitter_misc":{"Estimated reading time":"1 minute"},"schema":{"@context":"https:\/\/schema.org","@graph":[{"@type":"WebPage","@id":"https:\/\/skaitytaknyga.lt\/produktas\/apsakymai\/","url":"https:\/\/skaitytaknyga.lt\/produktas\/apsakymai\/","name":"Apsakymai","isPartOf":{"@id":"https:\/\/skaitytaknyga.lt\/#website"},"primaryImageOfPage":{"@id":"https:\/\/skaitytaknyga.lt\/produktas\/apsakymai\/#primaryimage"},"image":{"@id":"https:\/\/skaitytaknyga.lt\/produktas\/apsakymai\/#primaryimage"},"thumbnailUrl":"https:\/\/skaitytaknyga.lt\/wp-content\/uploads\/2025\/12\/Apsakymai-1.webp","datePublished":"2025-12-18T19:10:26+00:00","dateModified":"2025-12-19T17:57:08+00:00","description":"D\u017eeko Londono apsakymai ra\u0161yti po to, kai jis pats \u201esavo rankomis\u201c pa\u010diupin\u0117jo t\u0105 \u0161iaur\u0117s kra\u0161to gamt\u0105, pas\u0117d\u0117jo u\u017e stalo ir pabendravo su t\u0173 viet\u0173","breadcrumb":{"@id":"https:\/\/skaitytaknyga.lt\/produktas\/apsakymai\/#breadcrumb"},"inLanguage":"en-GB","potentialAction":[{"@type":"ReadAction","target":["https:\/\/skaitytaknyga.lt\/produktas\/apsakymai\/"]}]},{"@type":"ImageObject","inLanguage":"en-GB","@id":"https:\/\/skaitytaknyga.lt\/produktas\/apsakymai\/#primaryimage","url":"https:\/\/skaitytaknyga.lt\/wp-content\/uploads\/2025\/12\/Apsakymai-1.webp","contentUrl":"https:\/\/skaitytaknyga.lt\/wp-content\/uploads\/2025\/12\/Apsakymai-1.webp","width":300,"height":450},{"@type":"BreadcrumbList","@id":"https:\/\/skaitytaknyga.lt\/produktas\/apsakymai\/#breadcrumb","itemListElement":[{"@type":"ListItem","position":1,"name":"Home","item":"https:\/\/skaitytaknyga.lt\/"},{"@type":"ListItem","position":2,"name":"Parduotuv\u0117","item":"https:\/\/skaitytaknyga.lt\/knygu-parduotuve\/"},{"@type":"ListItem","position":3,"name":"Apsakymai"}]},{"@type":"WebSite","@id":"https:\/\/skaitytaknyga.lt\/#website","url":"https:\/\/skaitytaknyga.lt\/","name":"skaitytaknyga.lt","description":"Skaitytaknyga.lt \u2013 tai ma\u017eas \u0161eimos verslas, kuris prasid\u0117jo nuo meil\u0117s knygoms ir siekio i\u0161gelb\u0117ti knygas nuo likimo prie konteinerio. Kas vienam nereikalingas daiktas \u2013 kitam lobis, o mes esame tarpininkai, kurie padeda abiems tapti laimingesniems ???? \u017dinome kaip nelengva i\u0161gyventi ma\u017eiems verslams, tad nuo \u0161iol, \u010dia rasite ir kit\u0173, ma\u017e\u0173 \u0161eim\u0173 versl\u0173, rank\u0173 darbo, dovan\u0173 sau ir artimiesiems.","publisher":{"@id":"https:\/\/skaitytaknyga.lt\/#organization"},"potentialAction":[{"@type":"SearchAction","target":{"@type":"EntryPoint","urlTemplate":"https:\/\/skaitytaknyga.lt\/?s={search_term_string}"},"query-input":{"@type":"PropertyValueSpecification","valueRequired":true,"valueName":"search_term_string"}}],"inLanguage":"en-GB"},{"@type":"Organization","@id":"https:\/\/skaitytaknyga.lt\/#organization","name":"skaitytaknyga.lt","url":"https:\/\/skaitytaknyga.lt\/","logo":{"@type":"ImageObject","inLanguage":"en-GB","@id":"https:\/\/skaitytaknyga.lt\/#\/schema\/logo\/image\/","url":"https:\/\/skaitytaknyga.lt\/wp-content\/uploads\/2024\/05\/cropped-cropped-cropped-02_00843_jt3bggkj1j3HLc7SyY6rEUpg.jpeg","contentUrl":"https:\/\/skaitytaknyga.lt\/wp-content\/uploads\/2024\/05\/cropped-cropped-cropped-02_00843_jt3bggkj1j3HLc7SyY6rEUpg.jpeg","width":1600,"height":1600,"caption":"skaitytaknyga.lt"},"image":{"@id":"https:\/\/skaitytaknyga.lt\/#\/schema\/logo\/image\/"},"sameAs":["https:\/\/www.facebook.com\/skaitytaknyga\/"]}]}},"_links":{"self":[{"href":"https:\/\/skaitytaknyga.lt\/en\/wp-json\/wp\/v2\/product\/22305","targetHints":{"allow":["GET"]}}],"collection":[{"href":"https:\/\/skaitytaknyga.lt\/en\/wp-json\/wp\/v2\/product"}],"about":[{"href":"https:\/\/skaitytaknyga.lt\/en\/wp-json\/wp\/v2\/types\/product"}],"replies":[{"embeddable":true,"href":"https:\/\/skaitytaknyga.lt\/en\/wp-json\/wp\/v2\/comments?post=22305"}],"wp:featuredmedia":[{"embeddable":true,"href":"https:\/\/skaitytaknyga.lt\/en\/wp-json\/wp\/v2\/media\/22310"}],"wp:attachment":[{"href":"https:\/\/skaitytaknyga.lt\/en\/wp-json\/wp\/v2\/media?parent=22305"}],"wp:term":[{"taxonomy":"product_brand","embeddable":true,"href":"https:\/\/skaitytaknyga.lt\/en\/wp-json\/wp\/v2\/product_brand?post=22305"},{"taxonomy":"product_cat","embeddable":true,"href":"https:\/\/skaitytaknyga.lt\/en\/wp-json\/wp\/v2\/product_cat?post=22305"},{"taxonomy":"product_tag","embeddable":true,"href":"https:\/\/skaitytaknyga.lt\/en\/wp-json\/wp\/v2\/product_tag?post=22305"}],"curies":[{"name":"wp","href":"https:\/\/api.w.org\/{rel}","templated":true}]}}