{"id":22302,"date":"2025-12-18T20:48:58","date_gmt":"2025-12-18T18:48:58","guid":{"rendered":"https:\/\/skaitytaknyga.lt\/?post_type=product&#038;p=22302"},"modified":"2025-12-18T21:11:03","modified_gmt":"2025-12-18T19:11:03","slug":"skirgaila-kopija","status":"publish","type":"product","link":"https:\/\/skaitytaknyga.lt\/en\/produktas\/skirgaila-kopija\/","title":{"rendered":"Skirgaila"},"content":{"rendered":"<p>Vinco Kr\u0117v\u0117s \u201eSkirgaila. Keturi\u0173 dali\u0173 istorijos drama i\u0161 senov\u0117s lietuvi\u0173 gyvenimo&#8221; &#8211; tre\u010dioji knyga \u201eBalt\u0173 lank\u0173&#8221; \u201eSkaitini\u0173&#8221; serijoje.<\/p>\n<p>V. Kr\u0117v\u0117s istorin\u0117 drama \u201eSkirgaila&#8221; pirmiausia buvo sukurta rus\u0173 kalba ir pasirod\u0117 Vilniuje 1922 metais. 1924-aisiais autorius j\u0105 sulietuvino, daug k\u0105 gerokai pakeit\u0117 bei papild\u0117. \u0160is dramos variantas buvo i\u0161spausdintas Kr\u0117v\u0117s \u201eRa\u0161t\u0173&#8221; 6 tome, 1925 metais.<\/p>\n<p>Dar vienas, paties autoriaus kiek pataisytas, \u201eSkirgailos&#8221; variantas buvo i\u0161spausdintas 1938 metais Kaune. Be kita ko, \u0161iame variante vietoj veik\u0117jo vyskupo Zbignievo i\u0161 Olesnic\u0173 atsirado Henrikas Mazovietis, Plocko vyskupijos nominatas.<\/p>\n<p>\u0160iai \u201eSkaitini\u0173&#8221; serijai drama parengta i\u0161 paskutiniojo autoriaus per\u017ei\u016br\u0117to leidimo, pakoreguojant vien ra\u0161yb\u0105 ir skyryb\u0105 pagal dabartinius reikalavimus<\/p>\n","protected":false},"excerpt":{"rendered":"<p>Vinco Kr\u0117v\u0117s \u201eSkirgaila. Keturi\u0173 dali\u0173 istorijos drama i\u0161 senov\u0117s lietuvi\u0173 gyvenimo&#8221; &#8211; tre\u010dioji knyga \u201eBalt\u0173 lank\u0173&#8221; \u201eSkaitini\u0173&#8221; serijoje. V. Kr\u0117v\u0117s istorin\u0117 drama \u201eSkirgaila&#8221; pirmiausia buvo sukurta rus\u0173 kalba ir pasirod\u0117 Vilniuje 1922 metais. 1924-aisiais autorius j\u0105 sulietuvino, daug k\u0105 gerokai pakeit\u0117 bei papild\u0117. \u0160is dramos variantas buvo i\u0161spausdintas Kr\u0117v\u0117s \u201eRa\u0161t\u0173&#8221; 6 tome, 1925 metais. Dar vienas, paties autoriaus kiek pataisytas, \u201eSkirgailos&#8221; variantas buvo i\u0161spausdintas 1938 metais Kaune. Be kita ko, \u0161iame variante vietoj veik\u0117jo vyskupo Zbignievo i\u0161 Olesnic\u0173 atsirado Henrikas Mazovietis, Plocko vyskupijos nominatas. \u0160iai \u201eSkaitini\u0173&#8221; serijai drama parengta i\u0161 paskutiniojo autoriaus per\u017ei\u016br\u0117to leidimo, pakoreguojant vien ra\u0161yb\u0105 ir skyryb\u0105 pagal dabartinius reikalavimus<\/p>\n","protected":false},"featured_media":22303,"comment_status":"open","ping_status":"closed","template":"","meta":{"_acf_changed":false,"site-sidebar-layout":"default","site-content-layout":"","ast-site-content-layout":"default","site-content-style":"default","site-sidebar-style":"default","ast-global-header-display":"","ast-banner-title-visibility":"","ast-main-header-display":"","ast-hfb-above-header-display":"","ast-hfb-below-header-display":"","ast-hfb-mobile-header-display":"","site-post-title":"","ast-breadcrumbs-content":"","ast-featured-img":"","footer-sml-layout":"","ast-disable-related-posts":"","theme-transparent-header-meta":"","adv-header-id-meta":"","stick-header-meta":"","header-above-stick-meta":"","header-main-stick-meta":"","header-below-stick-meta":"","astra-migrate-meta-layouts":"default","ast-page-background-enabled":"default","ast-page-background-meta":{"desktop":{"background-color":"","background-image":"","background-repeat":"repeat","background-position":"center center","background-size":"auto","background-attachment":"scroll","background-type":"","background-media":"","overlay-type":"","overlay-color":"","overlay-opacity":"","overlay-gradient":""},"tablet":{"background-color":"","background-image":"","background-repeat":"repeat","background-position":"center center","background-size":"auto","background-attachment":"scroll","background-type":"","background-media":"","overlay-type":"","overlay-color":"","overlay-opacity":"","overlay-gradient":""},"mobile":{"background-color":"","background-image":"","background-repeat":"repeat","background-position":"center center","background-size":"auto","background-attachment":"scroll","background-type":"","background-media":"","overlay-type":"","overlay-color":"","overlay-opacity":"","overlay-gradient":""}},"ast-content-background-meta":{"desktop":{"background-color":"var(--ast-global-color-4)","background-image":"","background-repeat":"repeat","background-position":"center center","background-size":"auto","background-attachment":"scroll","background-type":"","background-media":"","overlay-type":"","overlay-color":"","overlay-opacity":"","overlay-gradient":""},"tablet":{"background-color":"var(--ast-global-color-4)","background-image":"","background-repeat":"repeat","background-position":"center center","background-size":"auto","background-attachment":"scroll","background-type":"","background-media":"","overlay-type":"","overlay-color":"","overlay-opacity":"","overlay-gradient":""},"mobile":{"background-color":"var(--ast-global-color-4)","background-image":"","background-repeat":"repeat","background-position":"center center","background-size":"auto","background-attachment":"scroll","background-type":"","background-media":"","overlay-type":"","overlay-color":"","overlay-opacity":"","overlay-gradient":""}}},"product_brand":[],"product_cat":[331],"product_tag":[],"class_list":{"0":"post-22302","1":"product","2":"type-product","3":"status-publish","4":"has-post-thumbnail","6":"product_cat-programine-literatura","7":"desktop-align-left","8":"tablet-align-left","9":"mobile-align-left","11":"first","12":"instock","13":"shipping-taxable","14":"purchasable","15":"product-type-simple"},"acf":[],"yoast_head":"<!-- This site is optimized with the Yoast SEO plugin v27.0 - https:\/\/yoast.com\/product\/yoast-seo-wordpress\/ -->\n<title>Skirgaila<\/title>\n<meta name=\"description\" content=\"Vinco Kr\u0117v\u0117s \u201eSkirgaila. Keturi\u0173 dali\u0173 istorijos drama i\u0161 senov\u0117s lietuvi\u0173 gyvenimo&quot; - tre\u010dioji knyga \u201eBalt\u0173 lank\u0173&quot; \u201eSkaitini\u0173&quot; serijoje. V. Kr\u0117v\u0117s\" \/>\n<meta name=\"robots\" content=\"index, follow, max-snippet:-1, max-image-preview:large, max-video-preview:-1\" \/>\n<link rel=\"canonical\" href=\"https:\/\/skaitytaknyga.lt\/en\/produktas\/skirgaila-kopija\/\" \/>\n<meta property=\"og:locale\" content=\"en_GB\" \/>\n<meta property=\"og:locale:alternate\" content=\"lt_LT\" \/>\n<meta property=\"og:type\" content=\"article\" \/>\n<meta property=\"og:title\" content=\"Skirgaila\" \/>\n<meta property=\"og:description\" content=\"Vinco Kr\u0117v\u0117s \u201eSkirgaila. Keturi\u0173 dali\u0173 istorijos drama i\u0161 senov\u0117s lietuvi\u0173 gyvenimo&quot; - tre\u010dioji knyga \u201eBalt\u0173 lank\u0173&quot; \u201eSkaitini\u0173&quot; serijoje. V. Kr\u0117v\u0117s\" \/>\n<meta property=\"og:url\" content=\"https:\/\/skaitytaknyga.lt\/en\/produktas\/skirgaila-kopija\/\" \/>\n<meta property=\"og:site_name\" content=\"Skaitytaknyga\" \/>\n<meta property=\"article:publisher\" content=\"https:\/\/www.facebook.com\/skaitytaknyga\/\" \/>\n<meta property=\"article:modified_time\" content=\"2025-12-18T19:11:03+00:00\" \/>\n<meta property=\"og:image\" content=\"https:\/\/skaitytaknyga.lt\/wp-content\/uploads\/2025\/12\/Skirgaila-2.webp\" \/>\n\t<meta property=\"og:image:width\" content=\"300\" \/>\n\t<meta property=\"og:image:height\" content=\"478\" \/>\n\t<meta property=\"og:image:type\" content=\"image\/webp\" \/>\n<meta name=\"twitter:card\" content=\"summary_large_image\" \/>\n<meta name=\"twitter:label1\" content=\"Estimated reading time\" \/>\n\t<meta name=\"twitter:data1\" content=\"1 minute\" \/>\n<script type=\"application\/ld+json\" class=\"yoast-schema-graph\">{\"@context\":\"https:\/\/schema.org\",\"@graph\":[{\"@type\":\"WebPage\",\"@id\":\"https:\/\/skaitytaknyga.lt\/produktas\/skirgaila-kopija\/\",\"url\":\"https:\/\/skaitytaknyga.lt\/produktas\/skirgaila-kopija\/\",\"name\":\"Skirgaila\",\"isPartOf\":{\"@id\":\"https:\/\/skaitytaknyga.lt\/#website\"},\"primaryImageOfPage\":{\"@id\":\"https:\/\/skaitytaknyga.lt\/produktas\/skirgaila-kopija\/#primaryimage\"},\"image\":{\"@id\":\"https:\/\/skaitytaknyga.lt\/produktas\/skirgaila-kopija\/#primaryimage\"},\"thumbnailUrl\":\"https:\/\/skaitytaknyga.lt\/wp-content\/uploads\/2025\/12\/Skirgaila-2.webp\",\"datePublished\":\"2025-12-18T18:48:58+00:00\",\"dateModified\":\"2025-12-18T19:11:03+00:00\",\"description\":\"Vinco Kr\u0117v\u0117s \u201eSkirgaila. Keturi\u0173 dali\u0173 istorijos drama i\u0161 senov\u0117s lietuvi\u0173 gyvenimo\\\" - tre\u010dioji knyga \u201eBalt\u0173 lank\u0173\\\" \u201eSkaitini\u0173\\\" serijoje. V. Kr\u0117v\u0117s\",\"breadcrumb\":{\"@id\":\"https:\/\/skaitytaknyga.lt\/produktas\/skirgaila-kopija\/#breadcrumb\"},\"inLanguage\":\"en-GB\",\"potentialAction\":[{\"@type\":\"ReadAction\",\"target\":[\"https:\/\/skaitytaknyga.lt\/produktas\/skirgaila-kopija\/\"]}]},{\"@type\":\"ImageObject\",\"inLanguage\":\"en-GB\",\"@id\":\"https:\/\/skaitytaknyga.lt\/produktas\/skirgaila-kopija\/#primaryimage\",\"url\":\"https:\/\/skaitytaknyga.lt\/wp-content\/uploads\/2025\/12\/Skirgaila-2.webp\",\"contentUrl\":\"https:\/\/skaitytaknyga.lt\/wp-content\/uploads\/2025\/12\/Skirgaila-2.webp\",\"width\":300,\"height\":478,\"caption\":\"Skirgaila\"},{\"@type\":\"BreadcrumbList\",\"@id\":\"https:\/\/skaitytaknyga.lt\/produktas\/skirgaila-kopija\/#breadcrumb\",\"itemListElement\":[{\"@type\":\"ListItem\",\"position\":1,\"name\":\"Home\",\"item\":\"https:\/\/skaitytaknyga.lt\/\"},{\"@type\":\"ListItem\",\"position\":2,\"name\":\"Parduotuv\u0117\",\"item\":\"https:\/\/skaitytaknyga.lt\/knygu-parduotuve\/\"},{\"@type\":\"ListItem\",\"position\":3,\"name\":\"Skirgaila\"}]},{\"@type\":\"WebSite\",\"@id\":\"https:\/\/skaitytaknyga.lt\/#website\",\"url\":\"https:\/\/skaitytaknyga.lt\/\",\"name\":\"skaitytaknyga.lt\",\"description\":\"Skaitytaknyga.lt \u2013 tai ma\u017eas \u0161eimos verslas, kuris prasid\u0117jo nuo meil\u0117s knygoms ir siekio i\u0161gelb\u0117ti knygas nuo likimo prie konteinerio. Kas vienam nereikalingas daiktas \u2013 kitam lobis, o mes esame tarpininkai, kurie padeda abiems tapti laimingesniems ???? \u017dinome kaip nelengva i\u0161gyventi ma\u017eiems verslams, tad nuo \u0161iol, \u010dia rasite ir kit\u0173, ma\u017e\u0173 \u0161eim\u0173 versl\u0173, rank\u0173 darbo, dovan\u0173 sau ir artimiesiems.\",\"publisher\":{\"@id\":\"https:\/\/skaitytaknyga.lt\/#organization\"},\"potentialAction\":[{\"@type\":\"SearchAction\",\"target\":{\"@type\":\"EntryPoint\",\"urlTemplate\":\"https:\/\/skaitytaknyga.lt\/?s={search_term_string}\"},\"query-input\":{\"@type\":\"PropertyValueSpecification\",\"valueRequired\":true,\"valueName\":\"search_term_string\"}}],\"inLanguage\":\"en-GB\"},{\"@type\":\"Organization\",\"@id\":\"https:\/\/skaitytaknyga.lt\/#organization\",\"name\":\"skaitytaknyga.lt\",\"url\":\"https:\/\/skaitytaknyga.lt\/\",\"logo\":{\"@type\":\"ImageObject\",\"inLanguage\":\"en-GB\",\"@id\":\"https:\/\/skaitytaknyga.lt\/#\/schema\/logo\/image\/\",\"url\":\"https:\/\/skaitytaknyga.lt\/wp-content\/uploads\/2024\/05\/cropped-cropped-cropped-02_00843_jt3bggkj1j3HLc7SyY6rEUpg.jpeg\",\"contentUrl\":\"https:\/\/skaitytaknyga.lt\/wp-content\/uploads\/2024\/05\/cropped-cropped-cropped-02_00843_jt3bggkj1j3HLc7SyY6rEUpg.jpeg\",\"width\":1600,\"height\":1600,\"caption\":\"skaitytaknyga.lt\"},\"image\":{\"@id\":\"https:\/\/skaitytaknyga.lt\/#\/schema\/logo\/image\/\"},\"sameAs\":[\"https:\/\/www.facebook.com\/skaitytaknyga\/\"]}]}<\/script>\n<!-- \/ Yoast SEO plugin. -->","yoast_head_json":{"title":"Skirgaila","description":"Vinco Kr\u0117v\u0117s \u201eSkirgaila. Keturi\u0173 dali\u0173 istorijos drama i\u0161 senov\u0117s lietuvi\u0173 gyvenimo\" - tre\u010dioji knyga \u201eBalt\u0173 lank\u0173\" \u201eSkaitini\u0173\" serijoje. V. Kr\u0117v\u0117s","robots":{"index":"index","follow":"follow","max-snippet":"max-snippet:-1","max-image-preview":"max-image-preview:large","max-video-preview":"max-video-preview:-1"},"canonical":"https:\/\/skaitytaknyga.lt\/en\/produktas\/skirgaila-kopija\/","og_locale":"en_GB","og_type":"article","og_title":"[:lt]Skirgaila[:] - Skaitytaknyga","og_description":"Vinco Kr\u0117v\u0117s \u201eSkirgaila. Keturi\u0173 dali\u0173 istorijos drama i\u0161 senov\u0117s lietuvi\u0173 gyvenimo\" - tre\u010dioji knyga \u201eBalt\u0173 lank\u0173\" \u201eSkaitini\u0173\" serijoje. V. Kr\u0117v\u0117s","og_url":"https:\/\/skaitytaknyga.lt\/en\/produktas\/skirgaila-kopija\/","og_site_name":"Skaitytaknyga","article_publisher":"https:\/\/www.facebook.com\/skaitytaknyga\/","article_modified_time":"2025-12-18T19:11:03+00:00","og_image":[{"width":300,"height":478,"url":"https:\/\/skaitytaknyga.lt\/wp-content\/uploads\/2025\/12\/Skirgaila-2.webp","type":"image\/webp"}],"twitter_card":"summary_large_image","twitter_misc":{"Estimated reading time":"1 minute"},"schema":{"@context":"https:\/\/schema.org","@graph":[{"@type":"WebPage","@id":"https:\/\/skaitytaknyga.lt\/produktas\/skirgaila-kopija\/","url":"https:\/\/skaitytaknyga.lt\/produktas\/skirgaila-kopija\/","name":"Skirgaila","isPartOf":{"@id":"https:\/\/skaitytaknyga.lt\/#website"},"primaryImageOfPage":{"@id":"https:\/\/skaitytaknyga.lt\/produktas\/skirgaila-kopija\/#primaryimage"},"image":{"@id":"https:\/\/skaitytaknyga.lt\/produktas\/skirgaila-kopija\/#primaryimage"},"thumbnailUrl":"https:\/\/skaitytaknyga.lt\/wp-content\/uploads\/2025\/12\/Skirgaila-2.webp","datePublished":"2025-12-18T18:48:58+00:00","dateModified":"2025-12-18T19:11:03+00:00","description":"Vinco Kr\u0117v\u0117s \u201eSkirgaila. Keturi\u0173 dali\u0173 istorijos drama i\u0161 senov\u0117s lietuvi\u0173 gyvenimo\" - tre\u010dioji knyga \u201eBalt\u0173 lank\u0173\" \u201eSkaitini\u0173\" serijoje. V. Kr\u0117v\u0117s","breadcrumb":{"@id":"https:\/\/skaitytaknyga.lt\/produktas\/skirgaila-kopija\/#breadcrumb"},"inLanguage":"en-GB","potentialAction":[{"@type":"ReadAction","target":["https:\/\/skaitytaknyga.lt\/produktas\/skirgaila-kopija\/"]}]},{"@type":"ImageObject","inLanguage":"en-GB","@id":"https:\/\/skaitytaknyga.lt\/produktas\/skirgaila-kopija\/#primaryimage","url":"https:\/\/skaitytaknyga.lt\/wp-content\/uploads\/2025\/12\/Skirgaila-2.webp","contentUrl":"https:\/\/skaitytaknyga.lt\/wp-content\/uploads\/2025\/12\/Skirgaila-2.webp","width":300,"height":478,"caption":"Skirgaila"},{"@type":"BreadcrumbList","@id":"https:\/\/skaitytaknyga.lt\/produktas\/skirgaila-kopija\/#breadcrumb","itemListElement":[{"@type":"ListItem","position":1,"name":"Home","item":"https:\/\/skaitytaknyga.lt\/"},{"@type":"ListItem","position":2,"name":"Parduotuv\u0117","item":"https:\/\/skaitytaknyga.lt\/knygu-parduotuve\/"},{"@type":"ListItem","position":3,"name":"Skirgaila"}]},{"@type":"WebSite","@id":"https:\/\/skaitytaknyga.lt\/#website","url":"https:\/\/skaitytaknyga.lt\/","name":"skaitytaknyga.lt","description":"Skaitytaknyga.lt \u2013 tai ma\u017eas \u0161eimos verslas, kuris prasid\u0117jo nuo meil\u0117s knygoms ir siekio i\u0161gelb\u0117ti knygas nuo likimo prie konteinerio. Kas vienam nereikalingas daiktas \u2013 kitam lobis, o mes esame tarpininkai, kurie padeda abiems tapti laimingesniems ???? \u017dinome kaip nelengva i\u0161gyventi ma\u017eiems verslams, tad nuo \u0161iol, \u010dia rasite ir kit\u0173, ma\u017e\u0173 \u0161eim\u0173 versl\u0173, rank\u0173 darbo, dovan\u0173 sau ir artimiesiems.","publisher":{"@id":"https:\/\/skaitytaknyga.lt\/#organization"},"potentialAction":[{"@type":"SearchAction","target":{"@type":"EntryPoint","urlTemplate":"https:\/\/skaitytaknyga.lt\/?s={search_term_string}"},"query-input":{"@type":"PropertyValueSpecification","valueRequired":true,"valueName":"search_term_string"}}],"inLanguage":"en-GB"},{"@type":"Organization","@id":"https:\/\/skaitytaknyga.lt\/#organization","name":"skaitytaknyga.lt","url":"https:\/\/skaitytaknyga.lt\/","logo":{"@type":"ImageObject","inLanguage":"en-GB","@id":"https:\/\/skaitytaknyga.lt\/#\/schema\/logo\/image\/","url":"https:\/\/skaitytaknyga.lt\/wp-content\/uploads\/2024\/05\/cropped-cropped-cropped-02_00843_jt3bggkj1j3HLc7SyY6rEUpg.jpeg","contentUrl":"https:\/\/skaitytaknyga.lt\/wp-content\/uploads\/2024\/05\/cropped-cropped-cropped-02_00843_jt3bggkj1j3HLc7SyY6rEUpg.jpeg","width":1600,"height":1600,"caption":"skaitytaknyga.lt"},"image":{"@id":"https:\/\/skaitytaknyga.lt\/#\/schema\/logo\/image\/"},"sameAs":["https:\/\/www.facebook.com\/skaitytaknyga\/"]}]}},"_links":{"self":[{"href":"https:\/\/skaitytaknyga.lt\/en\/wp-json\/wp\/v2\/product\/22302","targetHints":{"allow":["GET"]}}],"collection":[{"href":"https:\/\/skaitytaknyga.lt\/en\/wp-json\/wp\/v2\/product"}],"about":[{"href":"https:\/\/skaitytaknyga.lt\/en\/wp-json\/wp\/v2\/types\/product"}],"replies":[{"embeddable":true,"href":"https:\/\/skaitytaknyga.lt\/en\/wp-json\/wp\/v2\/comments?post=22302"}],"wp:featuredmedia":[{"embeddable":true,"href":"https:\/\/skaitytaknyga.lt\/en\/wp-json\/wp\/v2\/media\/22303"}],"wp:attachment":[{"href":"https:\/\/skaitytaknyga.lt\/en\/wp-json\/wp\/v2\/media?parent=22302"}],"wp:term":[{"taxonomy":"product_brand","embeddable":true,"href":"https:\/\/skaitytaknyga.lt\/en\/wp-json\/wp\/v2\/product_brand?post=22302"},{"taxonomy":"product_cat","embeddable":true,"href":"https:\/\/skaitytaknyga.lt\/en\/wp-json\/wp\/v2\/product_cat?post=22302"},{"taxonomy":"product_tag","embeddable":true,"href":"https:\/\/skaitytaknyga.lt\/en\/wp-json\/wp\/v2\/product_tag?post=22302"}],"curies":[{"name":"wp","href":"https:\/\/api.w.org\/{rel}","templated":true}]}}