{"id":22295,"date":"2025-12-18T20:08:18","date_gmt":"2025-12-18T18:08:18","guid":{"rendered":"https:\/\/skaitytaknyga.lt\/?post_type=product&#038;p=22295"},"modified":"2026-03-18T14:59:41","modified_gmt":"2026-03-18T12:59:41","slug":"lietuvos-respublikos-vandens-transporto-valdymo-veiklos-ir-pletros-1918-2008-m-metrastis","status":"publish","type":"product","link":"https:\/\/skaitytaknyga.lt\/en\/produktas\/lietuvos-respublikos-vandens-transporto-valdymo-veiklos-ir-pletros-1918-2008-m-metrastis\/","title":{"rendered":"Lietuvos Respublikos vandens transporto valdymo, veiklos ir pl\u0117tros 1918-2008 m. metra\u0161tis"},"content":{"rendered":"<p>\u201e\u0160i knyga \u2013 tai aukso kasyklos istorikui\u201c, \u2013 knygos pristatyme kalb\u0117jo pirmasis Susisiekimo ministerijos Vandens transporto departamento direktorius, Klaip\u0117dos universiteto profesorius Vytautas  Paulauskas. J.Darulis, Susisiekimo ministerijos Vandens transporto skyriaus ved\u0117jas, prisipa\u017eino, kad prie\u0161 20 met\u0173, kai prad\u0117jo dirbti \u0161ame departamente, at\u0117j\u0119s i\u0161 karinio laivyno civilin\u0117je srityje jaut\u0117si nieko nei\u0161manantis. \u201eAtsimenu, kad ateidamas dirbti \u012f Vandens transporto  departament\u0105 i\u0161kart papra\u0161iau \u2013 j\u016bs i\u0161mokykite mane prekiauti, o a\u0161 esu stipresnis dokumentuose\u201c, \u2013 knygos pristatyme kalb\u0117jo J. Darulis. Autorius prisipa\u017eino, kad jam svarbiausia buvo parodyti \u017emones. \u201eFaktai, renginiai yra svarbu, bet \u017emon\u0117s, kurie dirbo, yra svarbiausi. \u0160ioje knygoje yra pateikti visi duomenys, kiek kiekviena krovos kompanija u\u017edirbo, kiek investavo. \u010cia suskai\u010diuoti visi, ir valstyb\u0117s, ir privat\u016bs pinigai. Vien d\u0117l to ka\u017ekas pasi\u016bl\u0117 \u0161i\u0105 knyg\u0105 \u012fslaptinti\u201c, \u2013 juok\u0117si J.Darulis.<\/p>\n","protected":false},"excerpt":{"rendered":"<p>\u201e\u0160i knyga \u2013 tai aukso kasyklos istorikui\u201c, \u2013 knygos pristatyme kalb\u0117jo pirmasis Susisiekimo ministerijos Vandens transporto departamento direktorius, Klaip\u0117dos universiteto profesorius Vytautas Paulauskas. J.Darulis, Susisiekimo ministerijos Vandens transporto skyriaus ved\u0117jas, prisipa\u017eino, kad prie\u0161 20 met\u0173, kai prad\u0117jo dirbti \u0161ame departamente, at\u0117j\u0119s i\u0161 karinio laivyno civilin\u0117je srityje jaut\u0117si nieko nei\u0161manantis. \u201eAtsimenu, kad ateidamas dirbti \u012f Vandens transporto departament\u0105 i\u0161kart papra\u0161iau \u2013 j\u016bs i\u0161mokykite mane prekiauti, o a\u0161 esu stipresnis dokumentuose\u201c, \u2013 knygos pristatyme kalb\u0117jo J. Darulis. Autorius prisipa\u017eino, kad jam svarbiausia buvo parodyti \u017emones. \u201eFaktai, renginiai yra svarbu, bet \u017emon\u0117s, kurie dirbo, yra svarbiausi. \u0160ioje knygoje yra pateikti visi duomenys, kiek kiekviena krovos kompanija u\u017edirbo, kiek investavo. \u010cia suskai\u010diuoti visi, ir valstyb\u0117s, ir privat\u016bs pinigai. Vien d\u0117l to ka\u017ekas pasi\u016bl\u0117 \u0161i\u0105 knyg\u0105 \u012fslaptinti\u201c, \u2013 juok\u0117si J.Darulis.<\/p>\n","protected":false},"featured_media":22301,"comment_status":"open","ping_status":"closed","template":"","meta":{"_acf_changed":false,"site-sidebar-layout":"default","site-content-layout":"","ast-site-content-layout":"default","site-content-style":"default","site-sidebar-style":"default","ast-global-header-display":"","ast-banner-title-visibility":"","ast-main-header-display":"","ast-hfb-above-header-display":"","ast-hfb-below-header-display":"","ast-hfb-mobile-header-display":"","site-post-title":"","ast-breadcrumbs-content":"","ast-featured-img":"","footer-sml-layout":"","ast-disable-related-posts":"","theme-transparent-header-meta":"","adv-header-id-meta":"","stick-header-meta":"","header-above-stick-meta":"","header-main-stick-meta":"","header-below-stick-meta":"","astra-migrate-meta-layouts":"default","ast-page-background-enabled":"default","ast-page-background-meta":{"desktop":{"background-color":"","background-image":"","background-repeat":"repeat","background-position":"center center","background-size":"auto","background-attachment":"scroll","background-type":"","background-media":"","overlay-type":"","overlay-color":"","overlay-opacity":"","overlay-gradient":""},"tablet":{"background-color":"","background-image":"","background-repeat":"repeat","background-position":"center center","background-size":"auto","background-attachment":"scroll","background-type":"","background-media":"","overlay-type":"","overlay-color":"","overlay-opacity":"","overlay-gradient":""},"mobile":{"background-color":"","background-image":"","background-repeat":"repeat","background-position":"center center","background-size":"auto","background-attachment":"scroll","background-type":"","background-media":"","overlay-type":"","overlay-color":"","overlay-opacity":"","overlay-gradient":""}},"ast-content-background-meta":{"desktop":{"background-color":"var(--ast-global-color-4)","background-image":"","background-repeat":"repeat","background-position":"center center","background-size":"auto","background-attachment":"scroll","background-type":"","background-media":"","overlay-type":"","overlay-color":"","overlay-opacity":"","overlay-gradient":""},"tablet":{"background-color":"var(--ast-global-color-4)","background-image":"","background-repeat":"repeat","background-position":"center center","background-size":"auto","background-attachment":"scroll","background-type":"","background-media":"","overlay-type":"","overlay-color":"","overlay-opacity":"","overlay-gradient":""},"mobile":{"background-color":"var(--ast-global-color-4)","background-image":"","background-repeat":"repeat","background-position":"center center","background-size":"auto","background-attachment":"scroll","background-type":"","background-media":"","overlay-type":"","overlay-color":"","overlay-opacity":"","overlay-gradient":""}}},"product_brand":[],"product_cat":[9862,174],"product_tag":[],"class_list":{"0":"post-22295","1":"product","2":"type-product","3":"status-publish","4":"has-post-thumbnail","6":"product_cat-lietuvos-istorija","7":"product_cat-istorija-ir-politologija","8":"desktop-align-left","9":"tablet-align-left","10":"mobile-align-left","12":"first","13":"instock","14":"shipping-taxable","15":"purchasable","16":"product-type-simple"},"acf":[],"yoast_head":"<!-- This site is optimized with the Yoast SEO plugin v27.0 - https:\/\/yoast.com\/product\/yoast-seo-wordpress\/ -->\n<title>Lietuvos Respublikos vandens transporto valdymo, veiklos ir pl\u0117tros 1918-2008 m. metra\u0161tis<\/title>\n<meta name=\"description\" content=\"\u201e\u0160i knyga \u2013 tai aukso kasyklos istorikui\u201c, \u2013 knygos pristatyme kalb\u0117jo pirmasis Susisiekimo ministerijos Vandens transporto departamento direktorius,\" \/>\n<meta name=\"robots\" content=\"index, follow, max-snippet:-1, max-image-preview:large, max-video-preview:-1\" \/>\n<link rel=\"canonical\" href=\"https:\/\/skaitytaknyga.lt\/en\/produktas\/lietuvos-respublikos-vandens-transporto-valdymo-veiklos-ir-pletros-1918-2008-m-metrastis\/\" \/>\n<meta property=\"og:locale\" content=\"en_GB\" \/>\n<meta property=\"og:locale:alternate\" content=\"lt_LT\" \/>\n<meta property=\"og:type\" content=\"article\" \/>\n<meta property=\"og:title\" content=\"Lietuvos Respublikos vandens transporto valdymo, veiklos ir pl\u0117tros 1918-2008 m. metra\u0161tis\" \/>\n<meta property=\"og:description\" content=\"\u201e\u0160i knyga \u2013 tai aukso kasyklos istorikui\u201c, \u2013 knygos pristatyme kalb\u0117jo pirmasis Susisiekimo ministerijos Vandens transporto departamento direktorius,\" \/>\n<meta property=\"og:url\" content=\"https:\/\/skaitytaknyga.lt\/en\/produktas\/lietuvos-respublikos-vandens-transporto-valdymo-veiklos-ir-pletros-1918-2008-m-metrastis\/\" \/>\n<meta property=\"og:site_name\" content=\"Skaitytaknyga\" \/>\n<meta property=\"article:publisher\" content=\"https:\/\/www.facebook.com\/skaitytaknyga\/\" \/>\n<meta property=\"article:modified_time\" content=\"2026-03-18T12:59:41+00:00\" \/>\n<meta property=\"og:image\" content=\"https:\/\/skaitytaknyga.lt\/wp-content\/uploads\/2025\/12\/0-02-05-f5ce208426e3a69eab8aeb52838d0a45d1f9bfdcb6a10a651556ae9f50366e37_c75dbe34950f359b-e1766083625660.webp\" \/>\n\t<meta property=\"og:image:width\" content=\"265\" \/>\n\t<meta property=\"og:image:height\" content=\"368\" \/>\n\t<meta property=\"og:image:type\" content=\"image\/webp\" \/>\n<meta name=\"twitter:card\" content=\"summary_large_image\" \/>\n<meta name=\"twitter:label1\" content=\"Estimated reading time\" \/>\n\t<meta name=\"twitter:data1\" content=\"1 minute\" \/>\n<script type=\"application\/ld+json\" class=\"yoast-schema-graph\">{\"@context\":\"https:\/\/schema.org\",\"@graph\":[{\"@type\":\"WebPage\",\"@id\":\"https:\/\/skaitytaknyga.lt\/produktas\/lietuvos-respublikos-vandens-transporto-valdymo-veiklos-ir-pletros-1918-2008-m-metrastis\/\",\"url\":\"https:\/\/skaitytaknyga.lt\/produktas\/lietuvos-respublikos-vandens-transporto-valdymo-veiklos-ir-pletros-1918-2008-m-metrastis\/\",\"name\":\"Lietuvos Respublikos vandens transporto valdymo, veiklos ir pl\u0117tros 1918-2008 m. metra\u0161tis\",\"isPartOf\":{\"@id\":\"https:\/\/skaitytaknyga.lt\/#website\"},\"primaryImageOfPage\":{\"@id\":\"https:\/\/skaitytaknyga.lt\/produktas\/lietuvos-respublikos-vandens-transporto-valdymo-veiklos-ir-pletros-1918-2008-m-metrastis\/#primaryimage\"},\"image\":{\"@id\":\"https:\/\/skaitytaknyga.lt\/produktas\/lietuvos-respublikos-vandens-transporto-valdymo-veiklos-ir-pletros-1918-2008-m-metrastis\/#primaryimage\"},\"thumbnailUrl\":\"https:\/\/skaitytaknyga.lt\/wp-content\/uploads\/2025\/12\/0-02-05-f5ce208426e3a69eab8aeb52838d0a45d1f9bfdcb6a10a651556ae9f50366e37_c75dbe34950f359b-e1766083625660.webp\",\"datePublished\":\"2025-12-18T18:08:18+00:00\",\"dateModified\":\"2026-03-18T12:59:41+00:00\",\"description\":\"\u201e\u0160i knyga \u2013 tai aukso kasyklos istorikui\u201c, \u2013 knygos pristatyme kalb\u0117jo pirmasis Susisiekimo ministerijos Vandens transporto departamento direktorius,\",\"breadcrumb\":{\"@id\":\"https:\/\/skaitytaknyga.lt\/produktas\/lietuvos-respublikos-vandens-transporto-valdymo-veiklos-ir-pletros-1918-2008-m-metrastis\/#breadcrumb\"},\"inLanguage\":\"en-GB\",\"potentialAction\":[{\"@type\":\"ReadAction\",\"target\":[\"https:\/\/skaitytaknyga.lt\/produktas\/lietuvos-respublikos-vandens-transporto-valdymo-veiklos-ir-pletros-1918-2008-m-metrastis\/\"]}]},{\"@type\":\"ImageObject\",\"inLanguage\":\"en-GB\",\"@id\":\"https:\/\/skaitytaknyga.lt\/produktas\/lietuvos-respublikos-vandens-transporto-valdymo-veiklos-ir-pletros-1918-2008-m-metrastis\/#primaryimage\",\"url\":\"https:\/\/skaitytaknyga.lt\/wp-content\/uploads\/2025\/12\/0-02-05-f5ce208426e3a69eab8aeb52838d0a45d1f9bfdcb6a10a651556ae9f50366e37_c75dbe34950f359b-e1766083625660.webp\",\"contentUrl\":\"https:\/\/skaitytaknyga.lt\/wp-content\/uploads\/2025\/12\/0-02-05-f5ce208426e3a69eab8aeb52838d0a45d1f9bfdcb6a10a651556ae9f50366e37_c75dbe34950f359b-e1766083625660.webp\",\"width\":265,\"height\":368,\"caption\":\"Lietuvos Respublikos vandens transporto valdymo, veiklos ir pl\u0117tros 2009-2012 m. metra\u0161tis\"},{\"@type\":\"BreadcrumbList\",\"@id\":\"https:\/\/skaitytaknyga.lt\/produktas\/lietuvos-respublikos-vandens-transporto-valdymo-veiklos-ir-pletros-1918-2008-m-metrastis\/#breadcrumb\",\"itemListElement\":[{\"@type\":\"ListItem\",\"position\":1,\"name\":\"Home\",\"item\":\"https:\/\/skaitytaknyga.lt\/\"},{\"@type\":\"ListItem\",\"position\":2,\"name\":\"Parduotuv\u0117\",\"item\":\"https:\/\/skaitytaknyga.lt\/knygu-parduotuve\/\"},{\"@type\":\"ListItem\",\"position\":3,\"name\":\"Lietuvos Respublikos vandens transporto valdymo, veiklos ir pl\u0117tros 1918-2008 m. metra\u0161tis\"}]},{\"@type\":\"WebSite\",\"@id\":\"https:\/\/skaitytaknyga.lt\/#website\",\"url\":\"https:\/\/skaitytaknyga.lt\/\",\"name\":\"skaitytaknyga.lt\",\"description\":\"Skaitytaknyga.lt \u2013 tai ma\u017eas \u0161eimos verslas, kuris prasid\u0117jo nuo meil\u0117s knygoms ir siekio i\u0161gelb\u0117ti knygas nuo likimo prie konteinerio. Kas vienam nereikalingas daiktas \u2013 kitam lobis, o mes esame tarpininkai, kurie padeda abiems tapti laimingesniems ???? \u017dinome kaip nelengva i\u0161gyventi ma\u017eiems verslams, tad nuo \u0161iol, \u010dia rasite ir kit\u0173, ma\u017e\u0173 \u0161eim\u0173 versl\u0173, rank\u0173 darbo, dovan\u0173 sau ir artimiesiems.\",\"publisher\":{\"@id\":\"https:\/\/skaitytaknyga.lt\/#organization\"},\"potentialAction\":[{\"@type\":\"SearchAction\",\"target\":{\"@type\":\"EntryPoint\",\"urlTemplate\":\"https:\/\/skaitytaknyga.lt\/?s={search_term_string}\"},\"query-input\":{\"@type\":\"PropertyValueSpecification\",\"valueRequired\":true,\"valueName\":\"search_term_string\"}}],\"inLanguage\":\"en-GB\"},{\"@type\":\"Organization\",\"@id\":\"https:\/\/skaitytaknyga.lt\/#organization\",\"name\":\"skaitytaknyga.lt\",\"url\":\"https:\/\/skaitytaknyga.lt\/\",\"logo\":{\"@type\":\"ImageObject\",\"inLanguage\":\"en-GB\",\"@id\":\"https:\/\/skaitytaknyga.lt\/#\/schema\/logo\/image\/\",\"url\":\"https:\/\/skaitytaknyga.lt\/wp-content\/uploads\/2024\/05\/cropped-cropped-cropped-02_00843_jt3bggkj1j3HLc7SyY6rEUpg.jpeg\",\"contentUrl\":\"https:\/\/skaitytaknyga.lt\/wp-content\/uploads\/2024\/05\/cropped-cropped-cropped-02_00843_jt3bggkj1j3HLc7SyY6rEUpg.jpeg\",\"width\":1600,\"height\":1600,\"caption\":\"skaitytaknyga.lt\"},\"image\":{\"@id\":\"https:\/\/skaitytaknyga.lt\/#\/schema\/logo\/image\/\"},\"sameAs\":[\"https:\/\/www.facebook.com\/skaitytaknyga\/\"]}]}<\/script>\n<!-- \/ Yoast SEO plugin. -->","yoast_head_json":{"title":"Lietuvos Respublikos vandens transporto valdymo, veiklos ir pl\u0117tros 1918-2008 m. metra\u0161tis","description":"\u201e\u0160i knyga \u2013 tai aukso kasyklos istorikui\u201c, \u2013 knygos pristatyme kalb\u0117jo pirmasis Susisiekimo ministerijos Vandens transporto departamento direktorius,","robots":{"index":"index","follow":"follow","max-snippet":"max-snippet:-1","max-image-preview":"max-image-preview:large","max-video-preview":"max-video-preview:-1"},"canonical":"https:\/\/skaitytaknyga.lt\/en\/produktas\/lietuvos-respublikos-vandens-transporto-valdymo-veiklos-ir-pletros-1918-2008-m-metrastis\/","og_locale":"en_GB","og_type":"article","og_title":"[:lt]Lietuvos Respublikos vandens transporto valdymo, veiklos ir pl\u0117tros 1918-2008 m. metra\u0161tis[:] - Skaitytaknyga","og_description":"\u201e\u0160i knyga \u2013 tai aukso kasyklos istorikui\u201c, \u2013 knygos pristatyme kalb\u0117jo pirmasis Susisiekimo ministerijos Vandens transporto departamento direktorius,","og_url":"https:\/\/skaitytaknyga.lt\/en\/produktas\/lietuvos-respublikos-vandens-transporto-valdymo-veiklos-ir-pletros-1918-2008-m-metrastis\/","og_site_name":"Skaitytaknyga","article_publisher":"https:\/\/www.facebook.com\/skaitytaknyga\/","article_modified_time":"2026-03-18T12:59:41+00:00","og_image":[{"width":265,"height":368,"url":"https:\/\/skaitytaknyga.lt\/wp-content\/uploads\/2025\/12\/0-02-05-f5ce208426e3a69eab8aeb52838d0a45d1f9bfdcb6a10a651556ae9f50366e37_c75dbe34950f359b-e1766083625660.webp","type":"image\/webp"}],"twitter_card":"summary_large_image","twitter_misc":{"Estimated reading time":"1 minute"},"schema":{"@context":"https:\/\/schema.org","@graph":[{"@type":"WebPage","@id":"https:\/\/skaitytaknyga.lt\/produktas\/lietuvos-respublikos-vandens-transporto-valdymo-veiklos-ir-pletros-1918-2008-m-metrastis\/","url":"https:\/\/skaitytaknyga.lt\/produktas\/lietuvos-respublikos-vandens-transporto-valdymo-veiklos-ir-pletros-1918-2008-m-metrastis\/","name":"Lietuvos Respublikos vandens transporto valdymo, veiklos ir pl\u0117tros 1918-2008 m. metra\u0161tis","isPartOf":{"@id":"https:\/\/skaitytaknyga.lt\/#website"},"primaryImageOfPage":{"@id":"https:\/\/skaitytaknyga.lt\/produktas\/lietuvos-respublikos-vandens-transporto-valdymo-veiklos-ir-pletros-1918-2008-m-metrastis\/#primaryimage"},"image":{"@id":"https:\/\/skaitytaknyga.lt\/produktas\/lietuvos-respublikos-vandens-transporto-valdymo-veiklos-ir-pletros-1918-2008-m-metrastis\/#primaryimage"},"thumbnailUrl":"https:\/\/skaitytaknyga.lt\/wp-content\/uploads\/2025\/12\/0-02-05-f5ce208426e3a69eab8aeb52838d0a45d1f9bfdcb6a10a651556ae9f50366e37_c75dbe34950f359b-e1766083625660.webp","datePublished":"2025-12-18T18:08:18+00:00","dateModified":"2026-03-18T12:59:41+00:00","description":"\u201e\u0160i knyga \u2013 tai aukso kasyklos istorikui\u201c, \u2013 knygos pristatyme kalb\u0117jo pirmasis Susisiekimo ministerijos Vandens transporto departamento direktorius,","breadcrumb":{"@id":"https:\/\/skaitytaknyga.lt\/produktas\/lietuvos-respublikos-vandens-transporto-valdymo-veiklos-ir-pletros-1918-2008-m-metrastis\/#breadcrumb"},"inLanguage":"en-GB","potentialAction":[{"@type":"ReadAction","target":["https:\/\/skaitytaknyga.lt\/produktas\/lietuvos-respublikos-vandens-transporto-valdymo-veiklos-ir-pletros-1918-2008-m-metrastis\/"]}]},{"@type":"ImageObject","inLanguage":"en-GB","@id":"https:\/\/skaitytaknyga.lt\/produktas\/lietuvos-respublikos-vandens-transporto-valdymo-veiklos-ir-pletros-1918-2008-m-metrastis\/#primaryimage","url":"https:\/\/skaitytaknyga.lt\/wp-content\/uploads\/2025\/12\/0-02-05-f5ce208426e3a69eab8aeb52838d0a45d1f9bfdcb6a10a651556ae9f50366e37_c75dbe34950f359b-e1766083625660.webp","contentUrl":"https:\/\/skaitytaknyga.lt\/wp-content\/uploads\/2025\/12\/0-02-05-f5ce208426e3a69eab8aeb52838d0a45d1f9bfdcb6a10a651556ae9f50366e37_c75dbe34950f359b-e1766083625660.webp","width":265,"height":368,"caption":"Lietuvos Respublikos vandens transporto valdymo, veiklos ir pl\u0117tros 2009-2012 m. metra\u0161tis"},{"@type":"BreadcrumbList","@id":"https:\/\/skaitytaknyga.lt\/produktas\/lietuvos-respublikos-vandens-transporto-valdymo-veiklos-ir-pletros-1918-2008-m-metrastis\/#breadcrumb","itemListElement":[{"@type":"ListItem","position":1,"name":"Home","item":"https:\/\/skaitytaknyga.lt\/"},{"@type":"ListItem","position":2,"name":"Parduotuv\u0117","item":"https:\/\/skaitytaknyga.lt\/knygu-parduotuve\/"},{"@type":"ListItem","position":3,"name":"Lietuvos Respublikos vandens transporto valdymo, veiklos ir pl\u0117tros 1918-2008 m. metra\u0161tis"}]},{"@type":"WebSite","@id":"https:\/\/skaitytaknyga.lt\/#website","url":"https:\/\/skaitytaknyga.lt\/","name":"skaitytaknyga.lt","description":"Skaitytaknyga.lt \u2013 tai ma\u017eas \u0161eimos verslas, kuris prasid\u0117jo nuo meil\u0117s knygoms ir siekio i\u0161gelb\u0117ti knygas nuo likimo prie konteinerio. Kas vienam nereikalingas daiktas \u2013 kitam lobis, o mes esame tarpininkai, kurie padeda abiems tapti laimingesniems ???? \u017dinome kaip nelengva i\u0161gyventi ma\u017eiems verslams, tad nuo \u0161iol, \u010dia rasite ir kit\u0173, ma\u017e\u0173 \u0161eim\u0173 versl\u0173, rank\u0173 darbo, dovan\u0173 sau ir artimiesiems.","publisher":{"@id":"https:\/\/skaitytaknyga.lt\/#organization"},"potentialAction":[{"@type":"SearchAction","target":{"@type":"EntryPoint","urlTemplate":"https:\/\/skaitytaknyga.lt\/?s={search_term_string}"},"query-input":{"@type":"PropertyValueSpecification","valueRequired":true,"valueName":"search_term_string"}}],"inLanguage":"en-GB"},{"@type":"Organization","@id":"https:\/\/skaitytaknyga.lt\/#organization","name":"skaitytaknyga.lt","url":"https:\/\/skaitytaknyga.lt\/","logo":{"@type":"ImageObject","inLanguage":"en-GB","@id":"https:\/\/skaitytaknyga.lt\/#\/schema\/logo\/image\/","url":"https:\/\/skaitytaknyga.lt\/wp-content\/uploads\/2024\/05\/cropped-cropped-cropped-02_00843_jt3bggkj1j3HLc7SyY6rEUpg.jpeg","contentUrl":"https:\/\/skaitytaknyga.lt\/wp-content\/uploads\/2024\/05\/cropped-cropped-cropped-02_00843_jt3bggkj1j3HLc7SyY6rEUpg.jpeg","width":1600,"height":1600,"caption":"skaitytaknyga.lt"},"image":{"@id":"https:\/\/skaitytaknyga.lt\/#\/schema\/logo\/image\/"},"sameAs":["https:\/\/www.facebook.com\/skaitytaknyga\/"]}]}},"_links":{"self":[{"href":"https:\/\/skaitytaknyga.lt\/en\/wp-json\/wp\/v2\/product\/22295","targetHints":{"allow":["GET"]}}],"collection":[{"href":"https:\/\/skaitytaknyga.lt\/en\/wp-json\/wp\/v2\/product"}],"about":[{"href":"https:\/\/skaitytaknyga.lt\/en\/wp-json\/wp\/v2\/types\/product"}],"replies":[{"embeddable":true,"href":"https:\/\/skaitytaknyga.lt\/en\/wp-json\/wp\/v2\/comments?post=22295"}],"wp:featuredmedia":[{"embeddable":true,"href":"https:\/\/skaitytaknyga.lt\/en\/wp-json\/wp\/v2\/media\/22301"}],"wp:attachment":[{"href":"https:\/\/skaitytaknyga.lt\/en\/wp-json\/wp\/v2\/media?parent=22295"}],"wp:term":[{"taxonomy":"product_brand","embeddable":true,"href":"https:\/\/skaitytaknyga.lt\/en\/wp-json\/wp\/v2\/product_brand?post=22295"},{"taxonomy":"product_cat","embeddable":true,"href":"https:\/\/skaitytaknyga.lt\/en\/wp-json\/wp\/v2\/product_cat?post=22295"},{"taxonomy":"product_tag","embeddable":true,"href":"https:\/\/skaitytaknyga.lt\/en\/wp-json\/wp\/v2\/product_tag?post=22295"}],"curies":[{"name":"wp","href":"https:\/\/api.w.org\/{rel}","templated":true}]}}