{"id":22293,"date":"2025-12-18T20:08:17","date_gmt":"2025-12-18T18:08:17","guid":{"rendered":"https:\/\/skaitytaknyga.lt\/?post_type=product&#038;p=22293"},"modified":"2025-12-18T20:50:17","modified_gmt":"2025-12-18T18:50:17","slug":"as-norejau-sesutes","status":"publish","type":"product","link":"https:\/\/skaitytaknyga.lt\/en\/produktas\/as-norejau-sesutes\/","title":{"rendered":"A\u0161 nor\u0117jau sesut\u0117s"},"content":{"rendered":"<p>Vilmos Isevi\u010di\u016bt\u0117s knygoje \u201eA\u0161 nor\u0117jau sesut\u0117s\u201c pasakojama apie ma\u017e\u0105 mergyt\u0119, kuri nebenori b\u016bti vienturt\u0117, o t\u0117veliai, pasistat\u0119 didel\u012f nam\u0105 ir apipyl\u0119 dukryt\u0119 \u017eaislais, papras\u010diausiai nebeturi pinig\u0173 padaryti j\u0105 dviturt\u0119.<\/p>\n<p>Tada mergait\u0117 i\u0161 nuobodulio vaduojasi pati: susidraugauja su trimis kaimyn\u0173 vaikais, basom kojyt\u0117m d\u016bkstan\u010diais net per \u0161alt\u0105 liet\u0173, turin\u010diais tikr\u0173 \u0161uniuk\u0173, bet turin\u010diais ir \u201eblind\u0173\u201c\u2026<\/p>\n<p>K\u0105 mergytei pavyksta \u201ei\u0161sikovoti\u201c \u2013 tik ne sesut\u0119, gyvai ir \u0161maik\u0161\u010diai pasakoja \u0161i knyga.<\/p>\n","protected":false},"excerpt":{"rendered":"<p>Vilmos Isevi\u010di\u016bt\u0117s knygoje \u201eA\u0161 nor\u0117jau sesut\u0117s\u201c pasakojama apie ma\u017e\u0105 mergyt\u0119, kuri nebenori b\u016bti vienturt\u0117, o t\u0117veliai, pasistat\u0119 didel\u012f nam\u0105 ir apipyl\u0119 dukryt\u0119 \u017eaislais, papras\u010diausiai nebeturi pinig\u0173 padaryti j\u0105 dviturt\u0119. Tada mergait\u0117 i\u0161 nuobodulio vaduojasi pati: susidraugauja su trimis kaimyn\u0173 vaikais, basom kojyt\u0117m d\u016bkstan\u010diais net per \u0161alt\u0105 liet\u0173, turin\u010diais tikr\u0173 \u0161uniuk\u0173, bet turin\u010diais ir \u201eblind\u0173\u201c\u2026 K\u0105 mergytei pavyksta \u201ei\u0161sikovoti\u201c \u2013 tik ne sesut\u0119, gyvai ir \u0161maik\u0161\u010diai pasakoja \u0161i knyga.<\/p>\n","protected":false},"featured_media":22298,"comment_status":"open","ping_status":"closed","template":"","meta":{"_acf_changed":false,"site-sidebar-layout":"default","site-content-layout":"","ast-site-content-layout":"default","site-content-style":"default","site-sidebar-style":"default","ast-global-header-display":"","ast-banner-title-visibility":"","ast-main-header-display":"","ast-hfb-above-header-display":"","ast-hfb-below-header-display":"","ast-hfb-mobile-header-display":"","site-post-title":"","ast-breadcrumbs-content":"","ast-featured-img":"","footer-sml-layout":"","ast-disable-related-posts":"","theme-transparent-header-meta":"","adv-header-id-meta":"","stick-header-meta":"","header-above-stick-meta":"","header-main-stick-meta":"","header-below-stick-meta":"","astra-migrate-meta-layouts":"default","ast-page-background-enabled":"default","ast-page-background-meta":{"desktop":{"background-color":"","background-image":"","background-repeat":"repeat","background-position":"center center","background-size":"auto","background-attachment":"scroll","background-type":"","background-media":"","overlay-type":"","overlay-color":"","overlay-opacity":"","overlay-gradient":""},"tablet":{"background-color":"","background-image":"","background-repeat":"repeat","background-position":"center center","background-size":"auto","background-attachment":"scroll","background-type":"","background-media":"","overlay-type":"","overlay-color":"","overlay-opacity":"","overlay-gradient":""},"mobile":{"background-color":"","background-image":"","background-repeat":"repeat","background-position":"center center","background-size":"auto","background-attachment":"scroll","background-type":"","background-media":"","overlay-type":"","overlay-color":"","overlay-opacity":"","overlay-gradient":""}},"ast-content-background-meta":{"desktop":{"background-color":"var(--ast-global-color-4)","background-image":"","background-repeat":"repeat","background-position":"center center","background-size":"auto","background-attachment":"scroll","background-type":"","background-media":"","overlay-type":"","overlay-color":"","overlay-opacity":"","overlay-gradient":""},"tablet":{"background-color":"var(--ast-global-color-4)","background-image":"","background-repeat":"repeat","background-position":"center center","background-size":"auto","background-attachment":"scroll","background-type":"","background-media":"","overlay-type":"","overlay-color":"","overlay-opacity":"","overlay-gradient":""},"mobile":{"background-color":"var(--ast-global-color-4)","background-image":"","background-repeat":"repeat","background-position":"center center","background-size":"auto","background-attachment":"scroll","background-type":"","background-media":"","overlay-type":"","overlay-color":"","overlay-opacity":"","overlay-gradient":""}}},"product_brand":[],"product_cat":[35],"product_tag":[],"class_list":{"0":"post-22293","1":"product","2":"type-product","3":"status-publish","4":"has-post-thumbnail","6":"product_cat-vaikams-ir-paaugliams","7":"desktop-align-left","8":"tablet-align-left","9":"mobile-align-left","11":"first","12":"instock","13":"shipping-taxable","14":"purchasable","15":"product-type-simple"},"acf":[],"yoast_head":"<!-- This site is optimized with the Yoast SEO plugin v27.0 - https:\/\/yoast.com\/product\/yoast-seo-wordpress\/ -->\n<title>A\u0161 nor\u0117jau sesut\u0117s<\/title>\n<meta name=\"description\" content=\"Vilmos Isevi\u010di\u016bt\u0117s knygoje \u201eA\u0161 nor\u0117jau sesut\u0117s\u201c pasakojama apie ma\u017e\u0105 mergyt\u0119, kuri nebenori b\u016bti vienturt\u0117, o t\u0117veliai, pasistat\u0119 didel\u012f nam\u0105 ir apipyl\u0119\" \/>\n<meta name=\"robots\" content=\"index, follow, max-snippet:-1, max-image-preview:large, max-video-preview:-1\" \/>\n<link rel=\"canonical\" href=\"https:\/\/skaitytaknyga.lt\/en\/produktas\/as-norejau-sesutes\/\" \/>\n<meta property=\"og:locale\" content=\"en_GB\" \/>\n<meta property=\"og:locale:alternate\" content=\"lt_LT\" \/>\n<meta property=\"og:type\" content=\"article\" \/>\n<meta property=\"og:title\" content=\"A\u0161 nor\u0117jau sesut\u0117s\" \/>\n<meta property=\"og:description\" content=\"Vilmos Isevi\u010di\u016bt\u0117s knygoje \u201eA\u0161 nor\u0117jau sesut\u0117s\u201c pasakojama apie ma\u017e\u0105 mergyt\u0119, kuri nebenori b\u016bti vienturt\u0117, o t\u0117veliai, pasistat\u0119 didel\u012f nam\u0105 ir apipyl\u0119\" \/>\n<meta property=\"og:url\" content=\"https:\/\/skaitytaknyga.lt\/en\/produktas\/as-norejau-sesutes\/\" \/>\n<meta property=\"og:site_name\" content=\"Skaitytaknyga\" \/>\n<meta property=\"article:publisher\" content=\"https:\/\/www.facebook.com\/skaitytaknyga\/\" \/>\n<meta property=\"article:modified_time\" content=\"2025-12-18T18:50:17+00:00\" \/>\n<meta property=\"og:image\" content=\"https:\/\/skaitytaknyga.lt\/wp-content\/uploads\/2025\/12\/As-norejau-sesutes-1.webp\" \/>\n\t<meta property=\"og:image:width\" content=\"300\" \/>\n\t<meta property=\"og:image:height\" content=\"412\" \/>\n\t<meta property=\"og:image:type\" content=\"image\/webp\" \/>\n<meta name=\"twitter:card\" content=\"summary_large_image\" \/>\n<script type=\"application\/ld+json\" class=\"yoast-schema-graph\">{\"@context\":\"https:\/\/schema.org\",\"@graph\":[{\"@type\":\"WebPage\",\"@id\":\"https:\/\/skaitytaknyga.lt\/produktas\/as-norejau-sesutes\/\",\"url\":\"https:\/\/skaitytaknyga.lt\/produktas\/as-norejau-sesutes\/\",\"name\":\"A\u0161 nor\u0117jau sesut\u0117s\",\"isPartOf\":{\"@id\":\"https:\/\/skaitytaknyga.lt\/#website\"},\"primaryImageOfPage\":{\"@id\":\"https:\/\/skaitytaknyga.lt\/produktas\/as-norejau-sesutes\/#primaryimage\"},\"image\":{\"@id\":\"https:\/\/skaitytaknyga.lt\/produktas\/as-norejau-sesutes\/#primaryimage\"},\"thumbnailUrl\":\"https:\/\/skaitytaknyga.lt\/wp-content\/uploads\/2025\/12\/As-norejau-sesutes-1.webp\",\"datePublished\":\"2025-12-18T18:08:17+00:00\",\"dateModified\":\"2025-12-18T18:50:17+00:00\",\"description\":\"Vilmos Isevi\u010di\u016bt\u0117s knygoje \u201eA\u0161 nor\u0117jau sesut\u0117s\u201c pasakojama apie ma\u017e\u0105 mergyt\u0119, kuri nebenori b\u016bti vienturt\u0117, o t\u0117veliai, pasistat\u0119 didel\u012f nam\u0105 ir apipyl\u0119\",\"breadcrumb\":{\"@id\":\"https:\/\/skaitytaknyga.lt\/produktas\/as-norejau-sesutes\/#breadcrumb\"},\"inLanguage\":\"en-GB\",\"potentialAction\":[{\"@type\":\"ReadAction\",\"target\":[\"https:\/\/skaitytaknyga.lt\/produktas\/as-norejau-sesutes\/\"]}]},{\"@type\":\"ImageObject\",\"inLanguage\":\"en-GB\",\"@id\":\"https:\/\/skaitytaknyga.lt\/produktas\/as-norejau-sesutes\/#primaryimage\",\"url\":\"https:\/\/skaitytaknyga.lt\/wp-content\/uploads\/2025\/12\/As-norejau-sesutes-1.webp\",\"contentUrl\":\"https:\/\/skaitytaknyga.lt\/wp-content\/uploads\/2025\/12\/As-norejau-sesutes-1.webp\",\"width\":300,\"height\":412},{\"@type\":\"BreadcrumbList\",\"@id\":\"https:\/\/skaitytaknyga.lt\/produktas\/as-norejau-sesutes\/#breadcrumb\",\"itemListElement\":[{\"@type\":\"ListItem\",\"position\":1,\"name\":\"Home\",\"item\":\"https:\/\/skaitytaknyga.lt\/\"},{\"@type\":\"ListItem\",\"position\":2,\"name\":\"Parduotuv\u0117\",\"item\":\"https:\/\/skaitytaknyga.lt\/knygu-parduotuve\/\"},{\"@type\":\"ListItem\",\"position\":3,\"name\":\"A\u0161 nor\u0117jau sesut\u0117s\"}]},{\"@type\":\"WebSite\",\"@id\":\"https:\/\/skaitytaknyga.lt\/#website\",\"url\":\"https:\/\/skaitytaknyga.lt\/\",\"name\":\"skaitytaknyga.lt\",\"description\":\"Skaitytaknyga.lt \u2013 tai ma\u017eas \u0161eimos verslas, kuris prasid\u0117jo nuo meil\u0117s knygoms ir siekio i\u0161gelb\u0117ti knygas nuo likimo prie konteinerio. Kas vienam nereikalingas daiktas \u2013 kitam lobis, o mes esame tarpininkai, kurie padeda abiems tapti laimingesniems ???? \u017dinome kaip nelengva i\u0161gyventi ma\u017eiems verslams, tad nuo \u0161iol, \u010dia rasite ir kit\u0173, ma\u017e\u0173 \u0161eim\u0173 versl\u0173, rank\u0173 darbo, dovan\u0173 sau ir artimiesiems.\",\"publisher\":{\"@id\":\"https:\/\/skaitytaknyga.lt\/#organization\"},\"potentialAction\":[{\"@type\":\"SearchAction\",\"target\":{\"@type\":\"EntryPoint\",\"urlTemplate\":\"https:\/\/skaitytaknyga.lt\/?s={search_term_string}\"},\"query-input\":{\"@type\":\"PropertyValueSpecification\",\"valueRequired\":true,\"valueName\":\"search_term_string\"}}],\"inLanguage\":\"en-GB\"},{\"@type\":\"Organization\",\"@id\":\"https:\/\/skaitytaknyga.lt\/#organization\",\"name\":\"skaitytaknyga.lt\",\"url\":\"https:\/\/skaitytaknyga.lt\/\",\"logo\":{\"@type\":\"ImageObject\",\"inLanguage\":\"en-GB\",\"@id\":\"https:\/\/skaitytaknyga.lt\/#\/schema\/logo\/image\/\",\"url\":\"https:\/\/skaitytaknyga.lt\/wp-content\/uploads\/2024\/05\/cropped-cropped-cropped-02_00843_jt3bggkj1j3HLc7SyY6rEUpg.jpeg\",\"contentUrl\":\"https:\/\/skaitytaknyga.lt\/wp-content\/uploads\/2024\/05\/cropped-cropped-cropped-02_00843_jt3bggkj1j3HLc7SyY6rEUpg.jpeg\",\"width\":1600,\"height\":1600,\"caption\":\"skaitytaknyga.lt\"},\"image\":{\"@id\":\"https:\/\/skaitytaknyga.lt\/#\/schema\/logo\/image\/\"},\"sameAs\":[\"https:\/\/www.facebook.com\/skaitytaknyga\/\"]}]}<\/script>\n<!-- \/ Yoast SEO plugin. -->","yoast_head_json":{"title":"A\u0161 nor\u0117jau sesut\u0117s","description":"Vilmos Isevi\u010di\u016bt\u0117s knygoje \u201eA\u0161 nor\u0117jau sesut\u0117s\u201c pasakojama apie ma\u017e\u0105 mergyt\u0119, kuri nebenori b\u016bti vienturt\u0117, o t\u0117veliai, pasistat\u0119 didel\u012f nam\u0105 ir apipyl\u0119","robots":{"index":"index","follow":"follow","max-snippet":"max-snippet:-1","max-image-preview":"max-image-preview:large","max-video-preview":"max-video-preview:-1"},"canonical":"https:\/\/skaitytaknyga.lt\/en\/produktas\/as-norejau-sesutes\/","og_locale":"en_GB","og_type":"article","og_title":"[:lt]A\u0161 nor\u0117jau sesut\u0117s[:] - Skaitytaknyga","og_description":"Vilmos Isevi\u010di\u016bt\u0117s knygoje \u201eA\u0161 nor\u0117jau sesut\u0117s\u201c pasakojama apie ma\u017e\u0105 mergyt\u0119, kuri nebenori b\u016bti vienturt\u0117, o t\u0117veliai, pasistat\u0119 didel\u012f nam\u0105 ir apipyl\u0119","og_url":"https:\/\/skaitytaknyga.lt\/en\/produktas\/as-norejau-sesutes\/","og_site_name":"Skaitytaknyga","article_publisher":"https:\/\/www.facebook.com\/skaitytaknyga\/","article_modified_time":"2025-12-18T18:50:17+00:00","og_image":[{"width":300,"height":412,"url":"https:\/\/skaitytaknyga.lt\/wp-content\/uploads\/2025\/12\/As-norejau-sesutes-1.webp","type":"image\/webp"}],"twitter_card":"summary_large_image","schema":{"@context":"https:\/\/schema.org","@graph":[{"@type":"WebPage","@id":"https:\/\/skaitytaknyga.lt\/produktas\/as-norejau-sesutes\/","url":"https:\/\/skaitytaknyga.lt\/produktas\/as-norejau-sesutes\/","name":"A\u0161 nor\u0117jau sesut\u0117s","isPartOf":{"@id":"https:\/\/skaitytaknyga.lt\/#website"},"primaryImageOfPage":{"@id":"https:\/\/skaitytaknyga.lt\/produktas\/as-norejau-sesutes\/#primaryimage"},"image":{"@id":"https:\/\/skaitytaknyga.lt\/produktas\/as-norejau-sesutes\/#primaryimage"},"thumbnailUrl":"https:\/\/skaitytaknyga.lt\/wp-content\/uploads\/2025\/12\/As-norejau-sesutes-1.webp","datePublished":"2025-12-18T18:08:17+00:00","dateModified":"2025-12-18T18:50:17+00:00","description":"Vilmos Isevi\u010di\u016bt\u0117s knygoje \u201eA\u0161 nor\u0117jau sesut\u0117s\u201c pasakojama apie ma\u017e\u0105 mergyt\u0119, kuri nebenori b\u016bti vienturt\u0117, o t\u0117veliai, pasistat\u0119 didel\u012f nam\u0105 ir apipyl\u0119","breadcrumb":{"@id":"https:\/\/skaitytaknyga.lt\/produktas\/as-norejau-sesutes\/#breadcrumb"},"inLanguage":"en-GB","potentialAction":[{"@type":"ReadAction","target":["https:\/\/skaitytaknyga.lt\/produktas\/as-norejau-sesutes\/"]}]},{"@type":"ImageObject","inLanguage":"en-GB","@id":"https:\/\/skaitytaknyga.lt\/produktas\/as-norejau-sesutes\/#primaryimage","url":"https:\/\/skaitytaknyga.lt\/wp-content\/uploads\/2025\/12\/As-norejau-sesutes-1.webp","contentUrl":"https:\/\/skaitytaknyga.lt\/wp-content\/uploads\/2025\/12\/As-norejau-sesutes-1.webp","width":300,"height":412},{"@type":"BreadcrumbList","@id":"https:\/\/skaitytaknyga.lt\/produktas\/as-norejau-sesutes\/#breadcrumb","itemListElement":[{"@type":"ListItem","position":1,"name":"Home","item":"https:\/\/skaitytaknyga.lt\/"},{"@type":"ListItem","position":2,"name":"Parduotuv\u0117","item":"https:\/\/skaitytaknyga.lt\/knygu-parduotuve\/"},{"@type":"ListItem","position":3,"name":"A\u0161 nor\u0117jau sesut\u0117s"}]},{"@type":"WebSite","@id":"https:\/\/skaitytaknyga.lt\/#website","url":"https:\/\/skaitytaknyga.lt\/","name":"skaitytaknyga.lt","description":"Skaitytaknyga.lt \u2013 tai ma\u017eas \u0161eimos verslas, kuris prasid\u0117jo nuo meil\u0117s knygoms ir siekio i\u0161gelb\u0117ti knygas nuo likimo prie konteinerio. Kas vienam nereikalingas daiktas \u2013 kitam lobis, o mes esame tarpininkai, kurie padeda abiems tapti laimingesniems ???? \u017dinome kaip nelengva i\u0161gyventi ma\u017eiems verslams, tad nuo \u0161iol, \u010dia rasite ir kit\u0173, ma\u017e\u0173 \u0161eim\u0173 versl\u0173, rank\u0173 darbo, dovan\u0173 sau ir artimiesiems.","publisher":{"@id":"https:\/\/skaitytaknyga.lt\/#organization"},"potentialAction":[{"@type":"SearchAction","target":{"@type":"EntryPoint","urlTemplate":"https:\/\/skaitytaknyga.lt\/?s={search_term_string}"},"query-input":{"@type":"PropertyValueSpecification","valueRequired":true,"valueName":"search_term_string"}}],"inLanguage":"en-GB"},{"@type":"Organization","@id":"https:\/\/skaitytaknyga.lt\/#organization","name":"skaitytaknyga.lt","url":"https:\/\/skaitytaknyga.lt\/","logo":{"@type":"ImageObject","inLanguage":"en-GB","@id":"https:\/\/skaitytaknyga.lt\/#\/schema\/logo\/image\/","url":"https:\/\/skaitytaknyga.lt\/wp-content\/uploads\/2024\/05\/cropped-cropped-cropped-02_00843_jt3bggkj1j3HLc7SyY6rEUpg.jpeg","contentUrl":"https:\/\/skaitytaknyga.lt\/wp-content\/uploads\/2024\/05\/cropped-cropped-cropped-02_00843_jt3bggkj1j3HLc7SyY6rEUpg.jpeg","width":1600,"height":1600,"caption":"skaitytaknyga.lt"},"image":{"@id":"https:\/\/skaitytaknyga.lt\/#\/schema\/logo\/image\/"},"sameAs":["https:\/\/www.facebook.com\/skaitytaknyga\/"]}]}},"_links":{"self":[{"href":"https:\/\/skaitytaknyga.lt\/en\/wp-json\/wp\/v2\/product\/22293","targetHints":{"allow":["GET"]}}],"collection":[{"href":"https:\/\/skaitytaknyga.lt\/en\/wp-json\/wp\/v2\/product"}],"about":[{"href":"https:\/\/skaitytaknyga.lt\/en\/wp-json\/wp\/v2\/types\/product"}],"replies":[{"embeddable":true,"href":"https:\/\/skaitytaknyga.lt\/en\/wp-json\/wp\/v2\/comments?post=22293"}],"wp:featuredmedia":[{"embeddable":true,"href":"https:\/\/skaitytaknyga.lt\/en\/wp-json\/wp\/v2\/media\/22298"}],"wp:attachment":[{"href":"https:\/\/skaitytaknyga.lt\/en\/wp-json\/wp\/v2\/media?parent=22293"}],"wp:term":[{"taxonomy":"product_brand","embeddable":true,"href":"https:\/\/skaitytaknyga.lt\/en\/wp-json\/wp\/v2\/product_brand?post=22293"},{"taxonomy":"product_cat","embeddable":true,"href":"https:\/\/skaitytaknyga.lt\/en\/wp-json\/wp\/v2\/product_cat?post=22293"},{"taxonomy":"product_tag","embeddable":true,"href":"https:\/\/skaitytaknyga.lt\/en\/wp-json\/wp\/v2\/product_tag?post=22293"}],"curies":[{"name":"wp","href":"https:\/\/api.w.org\/{rel}","templated":true}]}}