{"id":22292,"date":"2025-12-18T20:08:17","date_gmt":"2025-12-18T18:08:17","guid":{"rendered":"https:\/\/skaitytaknyga.lt\/?post_type=product&#038;p=22292"},"modified":"2026-03-05T16:11:33","modified_gmt":"2026-03-05T14:11:33","slug":"linksmosios-lietuviu-pasakos","status":"publish","type":"product","link":"https:\/\/skaitytaknyga.lt\/en\/produktas\/linksmosios-lietuviu-pasakos\/","title":{"rendered":"Linksmosios lietuvi\u0173 pasakos"},"content":{"rendered":"<p>Linksmosios pasakos sudaro t\u0105 lietuvi\u0173 tautosakos dal\u012f, kur i\u0161mintingi pamokymai ir pasaulio bei gyvenimo suvokimas i\u0161sakomi \u017eaismingai, \u0161elmi\u0161kai, per, regis, v\u0117javaiki\u0161kus nutikimus. Kaip ir daugelyje lietuvi\u0173 pasak\u0173 \u010dia laimi vadinamieji kvailu\u010diai, tai yra tie, kuriuos veda ne egoizmas ir i\u0161skai\u010diavimas, o nuo\u0161irdumas ir pasitik\u0117jimas.<\/p>\n<p>Berniukas su \u0161uniukais<\/p>\n<p>\u201eGyveno kart\u0105 prie pamot\u0117s raganos vargo bernelis na\u0161lait\u0117lis. Mirdamas t\u0117vas s\u016bneliui nieko nepaliko, tik \u0161e\u0161is \u0161uniukus. Jis tuos \u0161uniukus myl\u0117jo, o \u0161uniukai j\u012f saugojo nuo visoki\u0173 pavoj\u0173.<\/p>\n<p>Vien\u0105 dien\u0105 pamot\u0117 sugalvojo nusikratyti na\u0161lait\u0117liu ir jo \u0161uniukais. Kai berniukas su \u0161uniukais i\u0161\u0117jo \u012f giri\u0105 med\u017eioti, ji pasikviet\u0117 velni\u0105 ir&#8230;\u201c<\/p>\n<p>Kaip baig\u0117si \u0161i istorija, su\u017einosite perskait\u0119 \u201eLinksm\u0105sias lietuvi\u0173 pasakas\u201c.<\/p>\n","protected":false},"excerpt":{"rendered":"<p>Linksmosios pasakos sudaro t\u0105 lietuvi\u0173 tautosakos dal\u012f, kur i\u0161mintingi pamokymai ir pasaulio bei gyvenimo suvokimas i\u0161sakomi \u017eaismingai, \u0161elmi\u0161kai, per, regis, v\u0117javaiki\u0161kus nutikimus. Kaip ir daugelyje lietuvi\u0173 pasak\u0173 \u010dia laimi vadinamieji kvailu\u010diai, tai yra tie, kuriuos veda ne egoizmas ir i\u0161skai\u010diavimas, o nuo\u0161irdumas ir pasitik\u0117jimas. Berniukas su \u0161uniukais \u201eGyveno kart\u0105 prie pamot\u0117s raganos vargo bernelis na\u0161lait\u0117lis. Mirdamas t\u0117vas s\u016bneliui nieko nepaliko, tik \u0161e\u0161is \u0161uniukus. Jis tuos \u0161uniukus myl\u0117jo, o \u0161uniukai j\u012f saugojo nuo visoki\u0173 pavoj\u0173. Vien\u0105 dien\u0105 pamot\u0117 sugalvojo nusikratyti na\u0161lait\u0117liu ir jo \u0161uniukais. Kai berniukas su \u0161uniukais i\u0161\u0117jo \u012f giri\u0105 med\u017eioti, ji pasikviet\u0117 velni\u0105 ir&#8230;\u201c Kaip baig\u0117si \u0161i istorija, su\u017einosite perskait\u0119 \u201eLinksm\u0105sias lietuvi\u0173 pasakas\u201c.<\/p>\n","protected":false},"featured_media":22297,"comment_status":"open","ping_status":"closed","template":"","meta":{"_acf_changed":false,"site-sidebar-layout":"default","site-content-layout":"","ast-site-content-layout":"default","site-content-style":"default","site-sidebar-style":"default","ast-global-header-display":"","ast-banner-title-visibility":"","ast-main-header-display":"","ast-hfb-above-header-display":"","ast-hfb-below-header-display":"","ast-hfb-mobile-header-display":"","site-post-title":"","ast-breadcrumbs-content":"","ast-featured-img":"","footer-sml-layout":"","ast-disable-related-posts":"","theme-transparent-header-meta":"","adv-header-id-meta":"","stick-header-meta":"","header-above-stick-meta":"","header-main-stick-meta":"","header-below-stick-meta":"","astra-migrate-meta-layouts":"default","ast-page-background-enabled":"default","ast-page-background-meta":{"desktop":{"background-color":"","background-image":"","background-repeat":"repeat","background-position":"center center","background-size":"auto","background-attachment":"scroll","background-type":"","background-media":"","overlay-type":"","overlay-color":"","overlay-opacity":"","overlay-gradient":""},"tablet":{"background-color":"","background-image":"","background-repeat":"repeat","background-position":"center center","background-size":"auto","background-attachment":"scroll","background-type":"","background-media":"","overlay-type":"","overlay-color":"","overlay-opacity":"","overlay-gradient":""},"mobile":{"background-color":"","background-image":"","background-repeat":"repeat","background-position":"center center","background-size":"auto","background-attachment":"scroll","background-type":"","background-media":"","overlay-type":"","overlay-color":"","overlay-opacity":"","overlay-gradient":""}},"ast-content-background-meta":{"desktop":{"background-color":"var(--ast-global-color-4)","background-image":"","background-repeat":"repeat","background-position":"center center","background-size":"auto","background-attachment":"scroll","background-type":"","background-media":"","overlay-type":"","overlay-color":"","overlay-opacity":"","overlay-gradient":""},"tablet":{"background-color":"var(--ast-global-color-4)","background-image":"","background-repeat":"repeat","background-position":"center center","background-size":"auto","background-attachment":"scroll","background-type":"","background-media":"","overlay-type":"","overlay-color":"","overlay-opacity":"","overlay-gradient":""},"mobile":{"background-color":"var(--ast-global-color-4)","background-image":"","background-repeat":"repeat","background-position":"center center","background-size":"auto","background-attachment":"scroll","background-type":"","background-media":"","overlay-type":"","overlay-color":"","overlay-opacity":"","overlay-gradient":""}}},"product_brand":[],"product_cat":[9672],"product_tag":[],"class_list":{"0":"post-22292","1":"product","2":"type-product","3":"status-publish","4":"has-post-thumbnail","6":"product_cat-pasakos","7":"desktop-align-left","8":"tablet-align-left","9":"mobile-align-left","11":"first","12":"instock","13":"shipping-taxable","14":"purchasable","15":"product-type-simple"},"acf":[],"yoast_head":"<!-- This site is optimized with the Yoast SEO plugin v27.0 - https:\/\/yoast.com\/product\/yoast-seo-wordpress\/ -->\n<title>Linksmosios lietuvi\u0173 pasakos<\/title>\n<meta name=\"description\" content=\"Linksmosios pasakos sudaro t\u0105 lietuvi\u0173 tautosakos dal\u012f, kur i\u0161mintingi pamokymai ir pasaulio bei gyvenimo suvokimas i\u0161sakomi \u017eaismingai, \u0161elmi\u0161kai, per,\" \/>\n<meta name=\"robots\" content=\"index, follow, max-snippet:-1, max-image-preview:large, max-video-preview:-1\" \/>\n<link rel=\"canonical\" href=\"https:\/\/skaitytaknyga.lt\/en\/produktas\/linksmosios-lietuviu-pasakos\/\" \/>\n<meta property=\"og:locale\" content=\"en_GB\" \/>\n<meta property=\"og:locale:alternate\" content=\"lt_LT\" \/>\n<meta property=\"og:type\" content=\"article\" \/>\n<meta property=\"og:title\" content=\"Linksmosios lietuvi\u0173 pasakos\" \/>\n<meta property=\"og:description\" content=\"Linksmosios pasakos sudaro t\u0105 lietuvi\u0173 tautosakos dal\u012f, kur i\u0161mintingi pamokymai ir pasaulio bei gyvenimo suvokimas i\u0161sakomi \u017eaismingai, \u0161elmi\u0161kai, per,\" \/>\n<meta property=\"og:url\" content=\"https:\/\/skaitytaknyga.lt\/en\/produktas\/linksmosios-lietuviu-pasakos\/\" \/>\n<meta property=\"og:site_name\" content=\"Skaitytaknyga\" \/>\n<meta property=\"article:publisher\" content=\"https:\/\/www.facebook.com\/skaitytaknyga\/\" \/>\n<meta property=\"article:modified_time\" content=\"2026-03-05T14:11:33+00:00\" \/>\n<meta property=\"og:image\" content=\"https:\/\/skaitytaknyga.lt\/wp-content\/uploads\/2025\/12\/Linksmosios-lietuviu-pasakos-1.webp\" \/>\n\t<meta property=\"og:image:width\" content=\"300\" \/>\n\t<meta property=\"og:image:height\" content=\"440\" \/>\n\t<meta property=\"og:image:type\" content=\"image\/webp\" \/>\n<meta name=\"twitter:card\" content=\"summary_large_image\" \/>\n<meta name=\"twitter:label1\" content=\"Estimated reading time\" \/>\n\t<meta name=\"twitter:data1\" content=\"1 minute\" \/>\n<script type=\"application\/ld+json\" class=\"yoast-schema-graph\">{\"@context\":\"https:\/\/schema.org\",\"@graph\":[{\"@type\":\"WebPage\",\"@id\":\"https:\/\/skaitytaknyga.lt\/produktas\/linksmosios-lietuviu-pasakos\/\",\"url\":\"https:\/\/skaitytaknyga.lt\/produktas\/linksmosios-lietuviu-pasakos\/\",\"name\":\"Linksmosios lietuvi\u0173 pasakos\",\"isPartOf\":{\"@id\":\"https:\/\/skaitytaknyga.lt\/#website\"},\"primaryImageOfPage\":{\"@id\":\"https:\/\/skaitytaknyga.lt\/produktas\/linksmosios-lietuviu-pasakos\/#primaryimage\"},\"image\":{\"@id\":\"https:\/\/skaitytaknyga.lt\/produktas\/linksmosios-lietuviu-pasakos\/#primaryimage\"},\"thumbnailUrl\":\"https:\/\/skaitytaknyga.lt\/wp-content\/uploads\/2025\/12\/Linksmosios-lietuviu-pasakos-1.webp\",\"datePublished\":\"2025-12-18T18:08:17+00:00\",\"dateModified\":\"2026-03-05T14:11:33+00:00\",\"description\":\"Linksmosios pasakos sudaro t\u0105 lietuvi\u0173 tautosakos dal\u012f, kur i\u0161mintingi pamokymai ir pasaulio bei gyvenimo suvokimas i\u0161sakomi \u017eaismingai, \u0161elmi\u0161kai, per,\",\"breadcrumb\":{\"@id\":\"https:\/\/skaitytaknyga.lt\/produktas\/linksmosios-lietuviu-pasakos\/#breadcrumb\"},\"inLanguage\":\"en-GB\",\"potentialAction\":[{\"@type\":\"ReadAction\",\"target\":[\"https:\/\/skaitytaknyga.lt\/produktas\/linksmosios-lietuviu-pasakos\/\"]}]},{\"@type\":\"ImageObject\",\"inLanguage\":\"en-GB\",\"@id\":\"https:\/\/skaitytaknyga.lt\/produktas\/linksmosios-lietuviu-pasakos\/#primaryimage\",\"url\":\"https:\/\/skaitytaknyga.lt\/wp-content\/uploads\/2025\/12\/Linksmosios-lietuviu-pasakos-1.webp\",\"contentUrl\":\"https:\/\/skaitytaknyga.lt\/wp-content\/uploads\/2025\/12\/Linksmosios-lietuviu-pasakos-1.webp\",\"width\":300,\"height\":440,\"caption\":\"Linksmosios lietuvi\u0173 pasakos\"},{\"@type\":\"BreadcrumbList\",\"@id\":\"https:\/\/skaitytaknyga.lt\/produktas\/linksmosios-lietuviu-pasakos\/#breadcrumb\",\"itemListElement\":[{\"@type\":\"ListItem\",\"position\":1,\"name\":\"Home\",\"item\":\"https:\/\/skaitytaknyga.lt\/\"},{\"@type\":\"ListItem\",\"position\":2,\"name\":\"Parduotuv\u0117\",\"item\":\"https:\/\/skaitytaknyga.lt\/knygu-parduotuve\/\"},{\"@type\":\"ListItem\",\"position\":3,\"name\":\"Linksmosios lietuvi\u0173 pasakos\"}]},{\"@type\":\"WebSite\",\"@id\":\"https:\/\/skaitytaknyga.lt\/#website\",\"url\":\"https:\/\/skaitytaknyga.lt\/\",\"name\":\"skaitytaknyga.lt\",\"description\":\"Skaitytaknyga.lt \u2013 tai ma\u017eas \u0161eimos verslas, kuris prasid\u0117jo nuo meil\u0117s knygoms ir siekio i\u0161gelb\u0117ti knygas nuo likimo prie konteinerio. Kas vienam nereikalingas daiktas \u2013 kitam lobis, o mes esame tarpininkai, kurie padeda abiems tapti laimingesniems ???? \u017dinome kaip nelengva i\u0161gyventi ma\u017eiems verslams, tad nuo \u0161iol, \u010dia rasite ir kit\u0173, ma\u017e\u0173 \u0161eim\u0173 versl\u0173, rank\u0173 darbo, dovan\u0173 sau ir artimiesiems.\",\"publisher\":{\"@id\":\"https:\/\/skaitytaknyga.lt\/#organization\"},\"potentialAction\":[{\"@type\":\"SearchAction\",\"target\":{\"@type\":\"EntryPoint\",\"urlTemplate\":\"https:\/\/skaitytaknyga.lt\/?s={search_term_string}\"},\"query-input\":{\"@type\":\"PropertyValueSpecification\",\"valueRequired\":true,\"valueName\":\"search_term_string\"}}],\"inLanguage\":\"en-GB\"},{\"@type\":\"Organization\",\"@id\":\"https:\/\/skaitytaknyga.lt\/#organization\",\"name\":\"skaitytaknyga.lt\",\"url\":\"https:\/\/skaitytaknyga.lt\/\",\"logo\":{\"@type\":\"ImageObject\",\"inLanguage\":\"en-GB\",\"@id\":\"https:\/\/skaitytaknyga.lt\/#\/schema\/logo\/image\/\",\"url\":\"https:\/\/skaitytaknyga.lt\/wp-content\/uploads\/2024\/05\/cropped-cropped-cropped-02_00843_jt3bggkj1j3HLc7SyY6rEUpg.jpeg\",\"contentUrl\":\"https:\/\/skaitytaknyga.lt\/wp-content\/uploads\/2024\/05\/cropped-cropped-cropped-02_00843_jt3bggkj1j3HLc7SyY6rEUpg.jpeg\",\"width\":1600,\"height\":1600,\"caption\":\"skaitytaknyga.lt\"},\"image\":{\"@id\":\"https:\/\/skaitytaknyga.lt\/#\/schema\/logo\/image\/\"},\"sameAs\":[\"https:\/\/www.facebook.com\/skaitytaknyga\/\"]}]}<\/script>\n<!-- \/ Yoast SEO plugin. -->","yoast_head_json":{"title":"Linksmosios lietuvi\u0173 pasakos","description":"Linksmosios pasakos sudaro t\u0105 lietuvi\u0173 tautosakos dal\u012f, kur i\u0161mintingi pamokymai ir pasaulio bei gyvenimo suvokimas i\u0161sakomi \u017eaismingai, \u0161elmi\u0161kai, per,","robots":{"index":"index","follow":"follow","max-snippet":"max-snippet:-1","max-image-preview":"max-image-preview:large","max-video-preview":"max-video-preview:-1"},"canonical":"https:\/\/skaitytaknyga.lt\/en\/produktas\/linksmosios-lietuviu-pasakos\/","og_locale":"en_GB","og_type":"article","og_title":"[:lt]Linksmosios lietuvi\u0173 pasakos[:] - Skaitytaknyga","og_description":"Linksmosios pasakos sudaro t\u0105 lietuvi\u0173 tautosakos dal\u012f, kur i\u0161mintingi pamokymai ir pasaulio bei gyvenimo suvokimas i\u0161sakomi \u017eaismingai, \u0161elmi\u0161kai, per,","og_url":"https:\/\/skaitytaknyga.lt\/en\/produktas\/linksmosios-lietuviu-pasakos\/","og_site_name":"Skaitytaknyga","article_publisher":"https:\/\/www.facebook.com\/skaitytaknyga\/","article_modified_time":"2026-03-05T14:11:33+00:00","og_image":[{"width":300,"height":440,"url":"https:\/\/skaitytaknyga.lt\/wp-content\/uploads\/2025\/12\/Linksmosios-lietuviu-pasakos-1.webp","type":"image\/webp"}],"twitter_card":"summary_large_image","twitter_misc":{"Estimated reading time":"1 minute"},"schema":{"@context":"https:\/\/schema.org","@graph":[{"@type":"WebPage","@id":"https:\/\/skaitytaknyga.lt\/produktas\/linksmosios-lietuviu-pasakos\/","url":"https:\/\/skaitytaknyga.lt\/produktas\/linksmosios-lietuviu-pasakos\/","name":"Linksmosios lietuvi\u0173 pasakos","isPartOf":{"@id":"https:\/\/skaitytaknyga.lt\/#website"},"primaryImageOfPage":{"@id":"https:\/\/skaitytaknyga.lt\/produktas\/linksmosios-lietuviu-pasakos\/#primaryimage"},"image":{"@id":"https:\/\/skaitytaknyga.lt\/produktas\/linksmosios-lietuviu-pasakos\/#primaryimage"},"thumbnailUrl":"https:\/\/skaitytaknyga.lt\/wp-content\/uploads\/2025\/12\/Linksmosios-lietuviu-pasakos-1.webp","datePublished":"2025-12-18T18:08:17+00:00","dateModified":"2026-03-05T14:11:33+00:00","description":"Linksmosios pasakos sudaro t\u0105 lietuvi\u0173 tautosakos dal\u012f, kur i\u0161mintingi pamokymai ir pasaulio bei gyvenimo suvokimas i\u0161sakomi \u017eaismingai, \u0161elmi\u0161kai, per,","breadcrumb":{"@id":"https:\/\/skaitytaknyga.lt\/produktas\/linksmosios-lietuviu-pasakos\/#breadcrumb"},"inLanguage":"en-GB","potentialAction":[{"@type":"ReadAction","target":["https:\/\/skaitytaknyga.lt\/produktas\/linksmosios-lietuviu-pasakos\/"]}]},{"@type":"ImageObject","inLanguage":"en-GB","@id":"https:\/\/skaitytaknyga.lt\/produktas\/linksmosios-lietuviu-pasakos\/#primaryimage","url":"https:\/\/skaitytaknyga.lt\/wp-content\/uploads\/2025\/12\/Linksmosios-lietuviu-pasakos-1.webp","contentUrl":"https:\/\/skaitytaknyga.lt\/wp-content\/uploads\/2025\/12\/Linksmosios-lietuviu-pasakos-1.webp","width":300,"height":440,"caption":"Linksmosios lietuvi\u0173 pasakos"},{"@type":"BreadcrumbList","@id":"https:\/\/skaitytaknyga.lt\/produktas\/linksmosios-lietuviu-pasakos\/#breadcrumb","itemListElement":[{"@type":"ListItem","position":1,"name":"Home","item":"https:\/\/skaitytaknyga.lt\/"},{"@type":"ListItem","position":2,"name":"Parduotuv\u0117","item":"https:\/\/skaitytaknyga.lt\/knygu-parduotuve\/"},{"@type":"ListItem","position":3,"name":"Linksmosios lietuvi\u0173 pasakos"}]},{"@type":"WebSite","@id":"https:\/\/skaitytaknyga.lt\/#website","url":"https:\/\/skaitytaknyga.lt\/","name":"skaitytaknyga.lt","description":"Skaitytaknyga.lt \u2013 tai ma\u017eas \u0161eimos verslas, kuris prasid\u0117jo nuo meil\u0117s knygoms ir siekio i\u0161gelb\u0117ti knygas nuo likimo prie konteinerio. Kas vienam nereikalingas daiktas \u2013 kitam lobis, o mes esame tarpininkai, kurie padeda abiems tapti laimingesniems ???? \u017dinome kaip nelengva i\u0161gyventi ma\u017eiems verslams, tad nuo \u0161iol, \u010dia rasite ir kit\u0173, ma\u017e\u0173 \u0161eim\u0173 versl\u0173, rank\u0173 darbo, dovan\u0173 sau ir artimiesiems.","publisher":{"@id":"https:\/\/skaitytaknyga.lt\/#organization"},"potentialAction":[{"@type":"SearchAction","target":{"@type":"EntryPoint","urlTemplate":"https:\/\/skaitytaknyga.lt\/?s={search_term_string}"},"query-input":{"@type":"PropertyValueSpecification","valueRequired":true,"valueName":"search_term_string"}}],"inLanguage":"en-GB"},{"@type":"Organization","@id":"https:\/\/skaitytaknyga.lt\/#organization","name":"skaitytaknyga.lt","url":"https:\/\/skaitytaknyga.lt\/","logo":{"@type":"ImageObject","inLanguage":"en-GB","@id":"https:\/\/skaitytaknyga.lt\/#\/schema\/logo\/image\/","url":"https:\/\/skaitytaknyga.lt\/wp-content\/uploads\/2024\/05\/cropped-cropped-cropped-02_00843_jt3bggkj1j3HLc7SyY6rEUpg.jpeg","contentUrl":"https:\/\/skaitytaknyga.lt\/wp-content\/uploads\/2024\/05\/cropped-cropped-cropped-02_00843_jt3bggkj1j3HLc7SyY6rEUpg.jpeg","width":1600,"height":1600,"caption":"skaitytaknyga.lt"},"image":{"@id":"https:\/\/skaitytaknyga.lt\/#\/schema\/logo\/image\/"},"sameAs":["https:\/\/www.facebook.com\/skaitytaknyga\/"]}]}},"_links":{"self":[{"href":"https:\/\/skaitytaknyga.lt\/en\/wp-json\/wp\/v2\/product\/22292","targetHints":{"allow":["GET"]}}],"collection":[{"href":"https:\/\/skaitytaknyga.lt\/en\/wp-json\/wp\/v2\/product"}],"about":[{"href":"https:\/\/skaitytaknyga.lt\/en\/wp-json\/wp\/v2\/types\/product"}],"replies":[{"embeddable":true,"href":"https:\/\/skaitytaknyga.lt\/en\/wp-json\/wp\/v2\/comments?post=22292"}],"wp:featuredmedia":[{"embeddable":true,"href":"https:\/\/skaitytaknyga.lt\/en\/wp-json\/wp\/v2\/media\/22297"}],"wp:attachment":[{"href":"https:\/\/skaitytaknyga.lt\/en\/wp-json\/wp\/v2\/media?parent=22292"}],"wp:term":[{"taxonomy":"product_brand","embeddable":true,"href":"https:\/\/skaitytaknyga.lt\/en\/wp-json\/wp\/v2\/product_brand?post=22292"},{"taxonomy":"product_cat","embeddable":true,"href":"https:\/\/skaitytaknyga.lt\/en\/wp-json\/wp\/v2\/product_cat?post=22292"},{"taxonomy":"product_tag","embeddable":true,"href":"https:\/\/skaitytaknyga.lt\/en\/wp-json\/wp\/v2\/product_tag?post=22292"}],"curies":[{"name":"wp","href":"https:\/\/api.w.org\/{rel}","templated":true}]}}