{"id":22291,"date":"2025-12-18T20:08:17","date_gmt":"2025-12-18T18:08:17","guid":{"rendered":"https:\/\/skaitytaknyga.lt\/?post_type=product&#038;p=22291"},"modified":"2026-03-05T16:16:37","modified_gmt":"2026-03-05T14:16:37","slug":"mazoji-ziema-kampucio-defektas","status":"publish","type":"product","link":"https:\/\/skaitytaknyga.lt\/en\/produktas\/mazoji-ziema-kampucio-defektas\/","title":{"rendered":"Ma\u017eoji \u017eiema (kampu\u010dio defektas)"},"content":{"rendered":"<p>Ar \u017einote, kad namai mieste kartais irgi nori pasimank\u0161tinti kojas? \u012esivaizduokite, kad vien\u0105 dien\u0105 jie i\u0161sirausia su visais pamatais i\u0161 \u017eem\u0117s ir nueina&#8230; pasilinksminti.<\/p>\n<p>Miesto Rotu\u0161\u0117 patraukia \u017ei\u016br\u0117ti filmo \u012f Kino teatr\u0105. Deja, \u0161is vaikosi niekaip negalin\u010di\u0105 pasprukti nuo gerb\u0117j\u0173 Saldumyn\u0173 krautuv\u0117l\u0119. Net senu\u010diuk\u0117 Ba\u017enyt\u0117l\u0117 nei\u0161tveria ir nutapsena prie tvenkinio parke pasi\u017ei\u016br\u0117ti savo atvaizdo vandenyje&#8230;<\/p>\n<p>Ir tai tik viena i\u0161 de\u0161imties ne\u012ftik\u0117tin\u0173 istorij\u0173, kuri\u0173 autorius K\u0119stutis Kasparavi\u010dius yra neprilygstamas stebintojas, ne\u012fmanom\u0173 dalyk\u0173 i\u0161rad\u0117jas, nenuilstamas i\u0161minties ie\u0161kotojas. Jo padedami, \u0161tai jau keletas met\u0173 \u012f pasaul\u012f mokom\u0117s \u017evelgti kitaip \u2013 l\u0117\u010diau, atid\u017eiau, i\u0161radingiau!<\/p>\n","protected":false},"excerpt":{"rendered":"<p>Ar \u017einote, kad namai mieste kartais irgi nori pasimank\u0161tinti kojas? \u012esivaizduokite, kad vien\u0105 dien\u0105 jie i\u0161sirausia su visais pamatais i\u0161 \u017eem\u0117s ir nueina&#8230; pasilinksminti. Miesto Rotu\u0161\u0117 patraukia \u017ei\u016br\u0117ti filmo \u012f Kino teatr\u0105. Deja, \u0161is vaikosi niekaip negalin\u010di\u0105 pasprukti nuo gerb\u0117j\u0173 Saldumyn\u0173 krautuv\u0117l\u0119. Net senu\u010diuk\u0117 Ba\u017enyt\u0117l\u0117 nei\u0161tveria ir nutapsena prie tvenkinio parke pasi\u017ei\u016br\u0117ti savo atvaizdo vandenyje&#8230; Ir tai tik viena i\u0161 de\u0161imties ne\u012ftik\u0117tin\u0173 istorij\u0173, kuri\u0173 autorius K\u0119stutis Kasparavi\u010dius yra neprilygstamas stebintojas, ne\u012fmanom\u0173 dalyk\u0173 i\u0161rad\u0117jas, nenuilstamas i\u0161minties ie\u0161kotojas. Jo padedami, \u0161tai jau keletas met\u0173 \u012f pasaul\u012f mokom\u0117s \u017evelgti kitaip \u2013 l\u0117\u010diau, atid\u017eiau, i\u0161radingiau!<\/p>\n","protected":false},"featured_media":22296,"comment_status":"open","ping_status":"closed","template":"","meta":{"_acf_changed":false,"site-sidebar-layout":"default","site-content-layout":"","ast-site-content-layout":"default","site-content-style":"default","site-sidebar-style":"default","ast-global-header-display":"","ast-banner-title-visibility":"","ast-main-header-display":"","ast-hfb-above-header-display":"","ast-hfb-below-header-display":"","ast-hfb-mobile-header-display":"","site-post-title":"","ast-breadcrumbs-content":"","ast-featured-img":"","footer-sml-layout":"","ast-disable-related-posts":"","theme-transparent-header-meta":"","adv-header-id-meta":"","stick-header-meta":"","header-above-stick-meta":"","header-main-stick-meta":"","header-below-stick-meta":"","astra-migrate-meta-layouts":"default","ast-page-background-enabled":"default","ast-page-background-meta":{"desktop":{"background-color":"","background-image":"","background-repeat":"repeat","background-position":"center center","background-size":"auto","background-attachment":"scroll","background-type":"","background-media":"","overlay-type":"","overlay-color":"","overlay-opacity":"","overlay-gradient":""},"tablet":{"background-color":"","background-image":"","background-repeat":"repeat","background-position":"center center","background-size":"auto","background-attachment":"scroll","background-type":"","background-media":"","overlay-type":"","overlay-color":"","overlay-opacity":"","overlay-gradient":""},"mobile":{"background-color":"","background-image":"","background-repeat":"repeat","background-position":"center center","background-size":"auto","background-attachment":"scroll","background-type":"","background-media":"","overlay-type":"","overlay-color":"","overlay-opacity":"","overlay-gradient":""}},"ast-content-background-meta":{"desktop":{"background-color":"var(--ast-global-color-4)","background-image":"","background-repeat":"repeat","background-position":"center center","background-size":"auto","background-attachment":"scroll","background-type":"","background-media":"","overlay-type":"","overlay-color":"","overlay-opacity":"","overlay-gradient":""},"tablet":{"background-color":"var(--ast-global-color-4)","background-image":"","background-repeat":"repeat","background-position":"center center","background-size":"auto","background-attachment":"scroll","background-type":"","background-media":"","overlay-type":"","overlay-color":"","overlay-opacity":"","overlay-gradient":""},"mobile":{"background-color":"var(--ast-global-color-4)","background-image":"","background-repeat":"repeat","background-position":"center center","background-size":"auto","background-attachment":"scroll","background-type":"","background-media":"","overlay-type":"","overlay-color":"","overlay-opacity":"","overlay-gradient":""}}},"product_brand":[],"product_cat":[9674],"product_tag":[],"class_list":{"0":"post-22291","1":"product","2":"type-product","3":"status-publish","4":"has-post-thumbnail","6":"product_cat-pradinukams","7":"desktop-align-left","8":"tablet-align-left","9":"mobile-align-left","11":"first","12":"instock","13":"shipping-taxable","14":"purchasable","15":"product-type-simple"},"acf":[],"yoast_head":"<!-- This site is optimized with the Yoast SEO plugin v27.0 - https:\/\/yoast.com\/product\/yoast-seo-wordpress\/ -->\n<title>Ma\u017eoji \u017eiema (kampu\u010dio defektas)<\/title>\n<meta name=\"description\" content=\"Ar \u017einote, kad namai mieste kartais irgi nori pasimank\u0161tinti kojas? \u012esivaizduokite, kad vien\u0105 dien\u0105 jie i\u0161sirausia su visais pamatais i\u0161 \u017eem\u0117s ir\" \/>\n<meta name=\"robots\" content=\"index, follow, max-snippet:-1, max-image-preview:large, max-video-preview:-1\" \/>\n<link rel=\"canonical\" href=\"https:\/\/skaitytaknyga.lt\/en\/produktas\/mazoji-ziema-kampucio-defektas\/\" \/>\n<meta property=\"og:locale\" content=\"en_GB\" \/>\n<meta property=\"og:locale:alternate\" content=\"lt_LT\" \/>\n<meta property=\"og:type\" content=\"article\" \/>\n<meta property=\"og:title\" content=\"Ma\u017eoji \u017eiema (kampu\u010dio defektas)\" \/>\n<meta property=\"og:description\" content=\"Ar \u017einote, kad namai mieste kartais irgi nori pasimank\u0161tinti kojas? \u012esivaizduokite, kad vien\u0105 dien\u0105 jie i\u0161sirausia su visais pamatais i\u0161 \u017eem\u0117s ir\" \/>\n<meta property=\"og:url\" content=\"https:\/\/skaitytaknyga.lt\/en\/produktas\/mazoji-ziema-kampucio-defektas\/\" \/>\n<meta property=\"og:site_name\" content=\"Skaitytaknyga\" \/>\n<meta property=\"article:publisher\" content=\"https:\/\/www.facebook.com\/skaitytaknyga\/\" \/>\n<meta property=\"article:modified_time\" content=\"2026-03-05T14:16:37+00:00\" \/>\n<meta property=\"og:image\" content=\"https:\/\/skaitytaknyga.lt\/wp-content\/uploads\/2025\/12\/Mazoji-ziema-1.webp\" \/>\n\t<meta property=\"og:image:width\" content=\"532\" \/>\n\t<meta property=\"og:image:height\" content=\"600\" \/>\n\t<meta property=\"og:image:type\" content=\"image\/webp\" \/>\n<meta name=\"twitter:card\" content=\"summary_large_image\" \/>\n<meta name=\"twitter:label1\" content=\"Estimated reading time\" \/>\n\t<meta name=\"twitter:data1\" content=\"1 minute\" \/>\n<script type=\"application\/ld+json\" class=\"yoast-schema-graph\">{\"@context\":\"https:\/\/schema.org\",\"@graph\":[{\"@type\":\"WebPage\",\"@id\":\"https:\/\/skaitytaknyga.lt\/produktas\/mazoji-ziema-kampucio-defektas\/\",\"url\":\"https:\/\/skaitytaknyga.lt\/produktas\/mazoji-ziema-kampucio-defektas\/\",\"name\":\"Ma\u017eoji \u017eiema (kampu\u010dio defektas)\",\"isPartOf\":{\"@id\":\"https:\/\/skaitytaknyga.lt\/#website\"},\"primaryImageOfPage\":{\"@id\":\"https:\/\/skaitytaknyga.lt\/produktas\/mazoji-ziema-kampucio-defektas\/#primaryimage\"},\"image\":{\"@id\":\"https:\/\/skaitytaknyga.lt\/produktas\/mazoji-ziema-kampucio-defektas\/#primaryimage\"},\"thumbnailUrl\":\"https:\/\/skaitytaknyga.lt\/wp-content\/uploads\/2025\/12\/Mazoji-ziema-1.webp\",\"datePublished\":\"2025-12-18T18:08:17+00:00\",\"dateModified\":\"2026-03-05T14:16:37+00:00\",\"description\":\"Ar \u017einote, kad namai mieste kartais irgi nori pasimank\u0161tinti kojas? \u012esivaizduokite, kad vien\u0105 dien\u0105 jie i\u0161sirausia su visais pamatais i\u0161 \u017eem\u0117s ir\",\"breadcrumb\":{\"@id\":\"https:\/\/skaitytaknyga.lt\/produktas\/mazoji-ziema-kampucio-defektas\/#breadcrumb\"},\"inLanguage\":\"en-GB\",\"potentialAction\":[{\"@type\":\"ReadAction\",\"target\":[\"https:\/\/skaitytaknyga.lt\/produktas\/mazoji-ziema-kampucio-defektas\/\"]}]},{\"@type\":\"ImageObject\",\"inLanguage\":\"en-GB\",\"@id\":\"https:\/\/skaitytaknyga.lt\/produktas\/mazoji-ziema-kampucio-defektas\/#primaryimage\",\"url\":\"https:\/\/skaitytaknyga.lt\/wp-content\/uploads\/2025\/12\/Mazoji-ziema-1.webp\",\"contentUrl\":\"https:\/\/skaitytaknyga.lt\/wp-content\/uploads\/2025\/12\/Mazoji-ziema-1.webp\",\"width\":532,\"height\":600,\"caption\":\"Ma\u017eoji \u017eiema\"},{\"@type\":\"BreadcrumbList\",\"@id\":\"https:\/\/skaitytaknyga.lt\/produktas\/mazoji-ziema-kampucio-defektas\/#breadcrumb\",\"itemListElement\":[{\"@type\":\"ListItem\",\"position\":1,\"name\":\"Home\",\"item\":\"https:\/\/skaitytaknyga.lt\/\"},{\"@type\":\"ListItem\",\"position\":2,\"name\":\"Parduotuv\u0117\",\"item\":\"https:\/\/skaitytaknyga.lt\/knygu-parduotuve\/\"},{\"@type\":\"ListItem\",\"position\":3,\"name\":\"Ma\u017eoji \u017eiema (kampu\u010dio defektas)\"}]},{\"@type\":\"WebSite\",\"@id\":\"https:\/\/skaitytaknyga.lt\/#website\",\"url\":\"https:\/\/skaitytaknyga.lt\/\",\"name\":\"skaitytaknyga.lt\",\"description\":\"Skaitytaknyga.lt \u2013 tai ma\u017eas \u0161eimos verslas, kuris prasid\u0117jo nuo meil\u0117s knygoms ir siekio i\u0161gelb\u0117ti knygas nuo likimo prie konteinerio. Kas vienam nereikalingas daiktas \u2013 kitam lobis, o mes esame tarpininkai, kurie padeda abiems tapti laimingesniems ???? \u017dinome kaip nelengva i\u0161gyventi ma\u017eiems verslams, tad nuo \u0161iol, \u010dia rasite ir kit\u0173, ma\u017e\u0173 \u0161eim\u0173 versl\u0173, rank\u0173 darbo, dovan\u0173 sau ir artimiesiems.\",\"publisher\":{\"@id\":\"https:\/\/skaitytaknyga.lt\/#organization\"},\"potentialAction\":[{\"@type\":\"SearchAction\",\"target\":{\"@type\":\"EntryPoint\",\"urlTemplate\":\"https:\/\/skaitytaknyga.lt\/?s={search_term_string}\"},\"query-input\":{\"@type\":\"PropertyValueSpecification\",\"valueRequired\":true,\"valueName\":\"search_term_string\"}}],\"inLanguage\":\"en-GB\"},{\"@type\":\"Organization\",\"@id\":\"https:\/\/skaitytaknyga.lt\/#organization\",\"name\":\"skaitytaknyga.lt\",\"url\":\"https:\/\/skaitytaknyga.lt\/\",\"logo\":{\"@type\":\"ImageObject\",\"inLanguage\":\"en-GB\",\"@id\":\"https:\/\/skaitytaknyga.lt\/#\/schema\/logo\/image\/\",\"url\":\"https:\/\/skaitytaknyga.lt\/wp-content\/uploads\/2024\/05\/cropped-cropped-cropped-02_00843_jt3bggkj1j3HLc7SyY6rEUpg.jpeg\",\"contentUrl\":\"https:\/\/skaitytaknyga.lt\/wp-content\/uploads\/2024\/05\/cropped-cropped-cropped-02_00843_jt3bggkj1j3HLc7SyY6rEUpg.jpeg\",\"width\":1600,\"height\":1600,\"caption\":\"skaitytaknyga.lt\"},\"image\":{\"@id\":\"https:\/\/skaitytaknyga.lt\/#\/schema\/logo\/image\/\"},\"sameAs\":[\"https:\/\/www.facebook.com\/skaitytaknyga\/\"]}]}<\/script>\n<!-- \/ Yoast SEO plugin. -->","yoast_head_json":{"title":"Ma\u017eoji \u017eiema (kampu\u010dio defektas)","description":"Ar \u017einote, kad namai mieste kartais irgi nori pasimank\u0161tinti kojas? \u012esivaizduokite, kad vien\u0105 dien\u0105 jie i\u0161sirausia su visais pamatais i\u0161 \u017eem\u0117s ir","robots":{"index":"index","follow":"follow","max-snippet":"max-snippet:-1","max-image-preview":"max-image-preview:large","max-video-preview":"max-video-preview:-1"},"canonical":"https:\/\/skaitytaknyga.lt\/en\/produktas\/mazoji-ziema-kampucio-defektas\/","og_locale":"en_GB","og_type":"article","og_title":"[:lt]Ma\u017eoji \u017eiema (kampu\u010dio defektas)[:] - Skaitytaknyga","og_description":"Ar \u017einote, kad namai mieste kartais irgi nori pasimank\u0161tinti kojas? \u012esivaizduokite, kad vien\u0105 dien\u0105 jie i\u0161sirausia su visais pamatais i\u0161 \u017eem\u0117s ir","og_url":"https:\/\/skaitytaknyga.lt\/en\/produktas\/mazoji-ziema-kampucio-defektas\/","og_site_name":"Skaitytaknyga","article_publisher":"https:\/\/www.facebook.com\/skaitytaknyga\/","article_modified_time":"2026-03-05T14:16:37+00:00","og_image":[{"width":532,"height":600,"url":"https:\/\/skaitytaknyga.lt\/wp-content\/uploads\/2025\/12\/Mazoji-ziema-1.webp","type":"image\/webp"}],"twitter_card":"summary_large_image","twitter_misc":{"Estimated reading time":"1 minute"},"schema":{"@context":"https:\/\/schema.org","@graph":[{"@type":"WebPage","@id":"https:\/\/skaitytaknyga.lt\/produktas\/mazoji-ziema-kampucio-defektas\/","url":"https:\/\/skaitytaknyga.lt\/produktas\/mazoji-ziema-kampucio-defektas\/","name":"Ma\u017eoji \u017eiema (kampu\u010dio defektas)","isPartOf":{"@id":"https:\/\/skaitytaknyga.lt\/#website"},"primaryImageOfPage":{"@id":"https:\/\/skaitytaknyga.lt\/produktas\/mazoji-ziema-kampucio-defektas\/#primaryimage"},"image":{"@id":"https:\/\/skaitytaknyga.lt\/produktas\/mazoji-ziema-kampucio-defektas\/#primaryimage"},"thumbnailUrl":"https:\/\/skaitytaknyga.lt\/wp-content\/uploads\/2025\/12\/Mazoji-ziema-1.webp","datePublished":"2025-12-18T18:08:17+00:00","dateModified":"2026-03-05T14:16:37+00:00","description":"Ar \u017einote, kad namai mieste kartais irgi nori pasimank\u0161tinti kojas? \u012esivaizduokite, kad vien\u0105 dien\u0105 jie i\u0161sirausia su visais pamatais i\u0161 \u017eem\u0117s ir","breadcrumb":{"@id":"https:\/\/skaitytaknyga.lt\/produktas\/mazoji-ziema-kampucio-defektas\/#breadcrumb"},"inLanguage":"en-GB","potentialAction":[{"@type":"ReadAction","target":["https:\/\/skaitytaknyga.lt\/produktas\/mazoji-ziema-kampucio-defektas\/"]}]},{"@type":"ImageObject","inLanguage":"en-GB","@id":"https:\/\/skaitytaknyga.lt\/produktas\/mazoji-ziema-kampucio-defektas\/#primaryimage","url":"https:\/\/skaitytaknyga.lt\/wp-content\/uploads\/2025\/12\/Mazoji-ziema-1.webp","contentUrl":"https:\/\/skaitytaknyga.lt\/wp-content\/uploads\/2025\/12\/Mazoji-ziema-1.webp","width":532,"height":600,"caption":"Ma\u017eoji \u017eiema"},{"@type":"BreadcrumbList","@id":"https:\/\/skaitytaknyga.lt\/produktas\/mazoji-ziema-kampucio-defektas\/#breadcrumb","itemListElement":[{"@type":"ListItem","position":1,"name":"Home","item":"https:\/\/skaitytaknyga.lt\/"},{"@type":"ListItem","position":2,"name":"Parduotuv\u0117","item":"https:\/\/skaitytaknyga.lt\/knygu-parduotuve\/"},{"@type":"ListItem","position":3,"name":"Ma\u017eoji \u017eiema (kampu\u010dio defektas)"}]},{"@type":"WebSite","@id":"https:\/\/skaitytaknyga.lt\/#website","url":"https:\/\/skaitytaknyga.lt\/","name":"skaitytaknyga.lt","description":"Skaitytaknyga.lt \u2013 tai ma\u017eas \u0161eimos verslas, kuris prasid\u0117jo nuo meil\u0117s knygoms ir siekio i\u0161gelb\u0117ti knygas nuo likimo prie konteinerio. Kas vienam nereikalingas daiktas \u2013 kitam lobis, o mes esame tarpininkai, kurie padeda abiems tapti laimingesniems ???? \u017dinome kaip nelengva i\u0161gyventi ma\u017eiems verslams, tad nuo \u0161iol, \u010dia rasite ir kit\u0173, ma\u017e\u0173 \u0161eim\u0173 versl\u0173, rank\u0173 darbo, dovan\u0173 sau ir artimiesiems.","publisher":{"@id":"https:\/\/skaitytaknyga.lt\/#organization"},"potentialAction":[{"@type":"SearchAction","target":{"@type":"EntryPoint","urlTemplate":"https:\/\/skaitytaknyga.lt\/?s={search_term_string}"},"query-input":{"@type":"PropertyValueSpecification","valueRequired":true,"valueName":"search_term_string"}}],"inLanguage":"en-GB"},{"@type":"Organization","@id":"https:\/\/skaitytaknyga.lt\/#organization","name":"skaitytaknyga.lt","url":"https:\/\/skaitytaknyga.lt\/","logo":{"@type":"ImageObject","inLanguage":"en-GB","@id":"https:\/\/skaitytaknyga.lt\/#\/schema\/logo\/image\/","url":"https:\/\/skaitytaknyga.lt\/wp-content\/uploads\/2024\/05\/cropped-cropped-cropped-02_00843_jt3bggkj1j3HLc7SyY6rEUpg.jpeg","contentUrl":"https:\/\/skaitytaknyga.lt\/wp-content\/uploads\/2024\/05\/cropped-cropped-cropped-02_00843_jt3bggkj1j3HLc7SyY6rEUpg.jpeg","width":1600,"height":1600,"caption":"skaitytaknyga.lt"},"image":{"@id":"https:\/\/skaitytaknyga.lt\/#\/schema\/logo\/image\/"},"sameAs":["https:\/\/www.facebook.com\/skaitytaknyga\/"]}]}},"_links":{"self":[{"href":"https:\/\/skaitytaknyga.lt\/en\/wp-json\/wp\/v2\/product\/22291","targetHints":{"allow":["GET"]}}],"collection":[{"href":"https:\/\/skaitytaknyga.lt\/en\/wp-json\/wp\/v2\/product"}],"about":[{"href":"https:\/\/skaitytaknyga.lt\/en\/wp-json\/wp\/v2\/types\/product"}],"replies":[{"embeddable":true,"href":"https:\/\/skaitytaknyga.lt\/en\/wp-json\/wp\/v2\/comments?post=22291"}],"wp:featuredmedia":[{"embeddable":true,"href":"https:\/\/skaitytaknyga.lt\/en\/wp-json\/wp\/v2\/media\/22296"}],"wp:attachment":[{"href":"https:\/\/skaitytaknyga.lt\/en\/wp-json\/wp\/v2\/media?parent=22291"}],"wp:term":[{"taxonomy":"product_brand","embeddable":true,"href":"https:\/\/skaitytaknyga.lt\/en\/wp-json\/wp\/v2\/product_brand?post=22291"},{"taxonomy":"product_cat","embeddable":true,"href":"https:\/\/skaitytaknyga.lt\/en\/wp-json\/wp\/v2\/product_cat?post=22291"},{"taxonomy":"product_tag","embeddable":true,"href":"https:\/\/skaitytaknyga.lt\/en\/wp-json\/wp\/v2\/product_tag?post=22291"}],"curies":[{"name":"wp","href":"https:\/\/api.w.org\/{rel}","templated":true}]}}