{"id":22285,"date":"2025-12-18T19:04:58","date_gmt":"2025-12-18T17:04:58","guid":{"rendered":"https:\/\/skaitytaknyga.lt\/?post_type=product&#038;p=22285"},"modified":"2025-12-18T20:08:12","modified_gmt":"2025-12-18T18:08:12","slug":"kaip-findusas-budamas-mazas-eme-ir-prapuole","status":"publish","type":"product","link":"https:\/\/skaitytaknyga.lt\/en\/produktas\/kaip-findusas-budamas-mazas-eme-ir-prapuole\/","title":{"rendered":"Kaip Findusas, b\u016bdamas ma\u017eas, \u0117m\u0117 ir prapuol\u0117 (nedideli defektai)"},"content":{"rendered":"<p>D\u0117dul\u0117 Petsonas jau\u010diasi labai vieni\u0161as \u2013 juk su b\u016breliu vi\u0161t\u0173 apie rimtus reikalus nepakalb\u0117si. Kart\u0105 \u012f sve\u010dius u\u017esuka tetul\u0117 Anderson, ne\u0161ina kartonine d\u0117\u017eute, ant kurios didel\u0117mis raid\u0117mis para\u0161yta: \u201eFindus. \u017dalieji \u017eirneliai\u201c. Tik viduje Petsonas randa ne \u017eirnelius, o ma\u017eyt\u012f ka\u010diuk\u0105! Taip prasideda j\u0173 draugyst\u0117 ir nuotykiai. Findusas \u2013 ypatingas katinas: jis i\u0161moksta kalb\u0117ti ir pareikalauja dry\u017euot\u0173 kelni\u0173! Bet vien\u0105 ryt\u0105 Findusas prapuola&#8230; Kad surast\u0173 savo geriausi\u0105 draug\u0105, D\u0117dulei Petsonui tenka sekti keist\u0173 padar\u0117li\u0173 mukl\u0173 \u017eenklais \u2013 kieme i\u0161m\u0117tytais batais, \u017eol\u0117je i\u0161tiestomis kojin\u0117mis, ant vielos pakabintu plaktuvu&#8230;<\/p>\n<p>Svenas Nordkvistas (g. 1946) yra vienas garsiausi\u0173 \u0161iuolaikini\u0173 \u0161ved\u0173 vaik\u0173 ra\u0161ytoj\u0173 ir knyg\u0173 iliustruotoj\u0173, lietuvi\u0173 skaitytojams jau pa\u017e\u012fstamas i\u0161 istorij\u0173 \u201ePetsono tortas. Lapi\u0173 med\u017eiokl\u0117\u201c, \u201eNelaimingas Petsonas. S\u0105my\u0161is dar\u017ee\u201c ir i\u0161 iliustracij\u0173 knygel\u0117ms apie Mamul\u0119 M\u016b. \u201eKaip Findusas, b\u016bdamas ma\u017eas, \u0117m\u0117 ir prapuol\u0117\u201c yra pirmoji viso pasaulio vaik\u0173 pam\u0117gtos serijos apie d\u0117dul\u0119 Petson\u0105 ir katin\u0117l\u012f Findus\u0105 dalis.<\/p>\n","protected":false},"excerpt":{"rendered":"<p>D\u0117dul\u0117 Petsonas jau\u010diasi labai vieni\u0161as \u2013 juk su b\u016breliu vi\u0161t\u0173 apie rimtus reikalus nepakalb\u0117si. Kart\u0105 \u012f sve\u010dius u\u017esuka tetul\u0117 Anderson, ne\u0161ina kartonine d\u0117\u017eute, ant kurios didel\u0117mis raid\u0117mis para\u0161yta: \u201eFindus. \u017dalieji \u017eirneliai\u201c. Tik viduje Petsonas randa ne \u017eirnelius, o ma\u017eyt\u012f ka\u010diuk\u0105! Taip prasideda j\u0173 draugyst\u0117 ir nuotykiai. Findusas \u2013 ypatingas katinas: jis i\u0161moksta kalb\u0117ti ir pareikalauja dry\u017euot\u0173 kelni\u0173! Bet vien\u0105 ryt\u0105 Findusas prapuola&#8230; Kad surast\u0173 savo geriausi\u0105 draug\u0105, D\u0117dulei Petsonui tenka sekti keist\u0173 padar\u0117li\u0173 mukl\u0173 \u017eenklais \u2013 kieme i\u0161m\u0117tytais batais, \u017eol\u0117je i\u0161tiestomis kojin\u0117mis, ant vielos pakabintu plaktuvu&#8230; Svenas Nordkvistas (g. 1946) yra vienas garsiausi\u0173 \u0161iuolaikini\u0173 \u0161ved\u0173 vaik\u0173 ra\u0161ytoj\u0173 ir knyg\u0173 iliustruotoj\u0173, lietuvi\u0173 skaitytojams jau pa\u017e\u012fstamas i\u0161 istorij\u0173 \u201ePetsono tortas. Lapi\u0173 med\u017eiokl\u0117\u201c, \u201eNelaimingas Petsonas. S\u0105my\u0161is dar\u017ee\u201c ir i\u0161 iliustracij\u0173 knygel\u0117ms apie Mamul\u0119 M\u016b. \u201eKaip Findusas, b\u016bdamas ma\u017eas, \u0117m\u0117 ir prapuol\u0117\u201c yra pirmoji viso pasaulio vaik\u0173 pam\u0117gtos serijos apie d\u0117dul\u0119 Petson\u0105 ir katin\u0117l\u012f Findus\u0105 dalis.<\/p>\n","protected":false},"featured_media":22290,"comment_status":"open","ping_status":"closed","template":"","meta":{"_acf_changed":false,"site-sidebar-layout":"default","site-content-layout":"","ast-site-content-layout":"default","site-content-style":"default","site-sidebar-style":"default","ast-global-header-display":"","ast-banner-title-visibility":"","ast-main-header-display":"","ast-hfb-above-header-display":"","ast-hfb-below-header-display":"","ast-hfb-mobile-header-display":"","site-post-title":"","ast-breadcrumbs-content":"","ast-featured-img":"","footer-sml-layout":"","ast-disable-related-posts":"","theme-transparent-header-meta":"","adv-header-id-meta":"","stick-header-meta":"","header-above-stick-meta":"","header-main-stick-meta":"","header-below-stick-meta":"","astra-migrate-meta-layouts":"default","ast-page-background-enabled":"default","ast-page-background-meta":{"desktop":{"background-color":"","background-image":"","background-repeat":"repeat","background-position":"center center","background-size":"auto","background-attachment":"scroll","background-type":"","background-media":"","overlay-type":"","overlay-color":"","overlay-opacity":"","overlay-gradient":""},"tablet":{"background-color":"","background-image":"","background-repeat":"repeat","background-position":"center center","background-size":"auto","background-attachment":"scroll","background-type":"","background-media":"","overlay-type":"","overlay-color":"","overlay-opacity":"","overlay-gradient":""},"mobile":{"background-color":"","background-image":"","background-repeat":"repeat","background-position":"center center","background-size":"auto","background-attachment":"scroll","background-type":"","background-media":"","overlay-type":"","overlay-color":"","overlay-opacity":"","overlay-gradient":""}},"ast-content-background-meta":{"desktop":{"background-color":"var(--ast-global-color-4)","background-image":"","background-repeat":"repeat","background-position":"center center","background-size":"auto","background-attachment":"scroll","background-type":"","background-media":"","overlay-type":"","overlay-color":"","overlay-opacity":"","overlay-gradient":""},"tablet":{"background-color":"var(--ast-global-color-4)","background-image":"","background-repeat":"repeat","background-position":"center center","background-size":"auto","background-attachment":"scroll","background-type":"","background-media":"","overlay-type":"","overlay-color":"","overlay-opacity":"","overlay-gradient":""},"mobile":{"background-color":"var(--ast-global-color-4)","background-image":"","background-repeat":"repeat","background-position":"center center","background-size":"auto","background-attachment":"scroll","background-type":"","background-media":"","overlay-type":"","overlay-color":"","overlay-opacity":"","overlay-gradient":""}}},"product_brand":[],"product_cat":[35],"product_tag":[],"class_list":{"0":"post-22285","1":"product","2":"type-product","3":"status-publish","4":"has-post-thumbnail","6":"product_cat-vaikams-ir-paaugliams","7":"desktop-align-left","8":"tablet-align-left","9":"mobile-align-left","11":"first","12":"instock","13":"shipping-taxable","14":"purchasable","15":"product-type-simple"},"acf":[],"yoast_head":"<!-- This site is optimized with the Yoast SEO plugin v27.0 - https:\/\/yoast.com\/product\/yoast-seo-wordpress\/ -->\n<title>Kaip Findusas, b\u016bdamas ma\u017eas, \u0117m\u0117 ir prapuol\u0117 (nedideli defektai)<\/title>\n<meta name=\"description\" content=\"D\u0117dul\u0117 Petsonas jau\u010diasi labai vieni\u0161as \u2013 juk su b\u016breliu vi\u0161t\u0173 apie rimtus reikalus nepakalb\u0117si. Kart\u0105 \u012f sve\u010dius u\u017esuka tetul\u0117 Anderson, ne\u0161ina kartonine\" \/>\n<meta name=\"robots\" content=\"index, follow, max-snippet:-1, max-image-preview:large, max-video-preview:-1\" \/>\n<link rel=\"canonical\" href=\"https:\/\/skaitytaknyga.lt\/en\/produktas\/kaip-findusas-budamas-mazas-eme-ir-prapuole\/\" \/>\n<meta property=\"og:locale\" content=\"en_GB\" \/>\n<meta property=\"og:locale:alternate\" content=\"lt_LT\" \/>\n<meta property=\"og:type\" content=\"article\" \/>\n<meta property=\"og:title\" content=\"Kaip Findusas, b\u016bdamas ma\u017eas, \u0117m\u0117 ir prapuol\u0117 (nedideli defektai)\" \/>\n<meta property=\"og:description\" content=\"D\u0117dul\u0117 Petsonas jau\u010diasi labai vieni\u0161as \u2013 juk su b\u016breliu vi\u0161t\u0173 apie rimtus reikalus nepakalb\u0117si. Kart\u0105 \u012f sve\u010dius u\u017esuka tetul\u0117 Anderson, ne\u0161ina kartonine\" \/>\n<meta property=\"og:url\" content=\"https:\/\/skaitytaknyga.lt\/en\/produktas\/kaip-findusas-budamas-mazas-eme-ir-prapuole\/\" \/>\n<meta property=\"og:site_name\" content=\"Skaitytaknyga\" \/>\n<meta property=\"article:publisher\" content=\"https:\/\/www.facebook.com\/skaitytaknyga\/\" \/>\n<meta property=\"article:modified_time\" content=\"2025-12-18T18:08:12+00:00\" \/>\n<meta property=\"og:image\" content=\"https:\/\/skaitytaknyga.lt\/wp-content\/uploads\/2025\/12\/Kaip-Findusas-budamas-mazas-eme-ir-prapuole-1.webp\" \/>\n\t<meta property=\"og:image:width\" content=\"300\" \/>\n\t<meta property=\"og:image:height\" content=\"431\" \/>\n\t<meta property=\"og:image:type\" content=\"image\/webp\" \/>\n<meta name=\"twitter:card\" content=\"summary_large_image\" \/>\n<meta name=\"twitter:label1\" content=\"Estimated reading time\" \/>\n\t<meta name=\"twitter:data1\" content=\"1 minute\" \/>\n<script type=\"application\/ld+json\" class=\"yoast-schema-graph\">{\"@context\":\"https:\/\/schema.org\",\"@graph\":[{\"@type\":\"WebPage\",\"@id\":\"https:\/\/skaitytaknyga.lt\/produktas\/kaip-findusas-budamas-mazas-eme-ir-prapuole\/\",\"url\":\"https:\/\/skaitytaknyga.lt\/produktas\/kaip-findusas-budamas-mazas-eme-ir-prapuole\/\",\"name\":\"Kaip Findusas, b\u016bdamas ma\u017eas, \u0117m\u0117 ir prapuol\u0117 (nedideli defektai)\",\"isPartOf\":{\"@id\":\"https:\/\/skaitytaknyga.lt\/#website\"},\"primaryImageOfPage\":{\"@id\":\"https:\/\/skaitytaknyga.lt\/produktas\/kaip-findusas-budamas-mazas-eme-ir-prapuole\/#primaryimage\"},\"image\":{\"@id\":\"https:\/\/skaitytaknyga.lt\/produktas\/kaip-findusas-budamas-mazas-eme-ir-prapuole\/#primaryimage\"},\"thumbnailUrl\":\"https:\/\/skaitytaknyga.lt\/wp-content\/uploads\/2025\/12\/Kaip-Findusas-budamas-mazas-eme-ir-prapuole-1.webp\",\"datePublished\":\"2025-12-18T17:04:58+00:00\",\"dateModified\":\"2025-12-18T18:08:12+00:00\",\"description\":\"D\u0117dul\u0117 Petsonas jau\u010diasi labai vieni\u0161as \u2013 juk su b\u016breliu vi\u0161t\u0173 apie rimtus reikalus nepakalb\u0117si. Kart\u0105 \u012f sve\u010dius u\u017esuka tetul\u0117 Anderson, ne\u0161ina kartonine\",\"breadcrumb\":{\"@id\":\"https:\/\/skaitytaknyga.lt\/produktas\/kaip-findusas-budamas-mazas-eme-ir-prapuole\/#breadcrumb\"},\"inLanguage\":\"en-GB\",\"potentialAction\":[{\"@type\":\"ReadAction\",\"target\":[\"https:\/\/skaitytaknyga.lt\/produktas\/kaip-findusas-budamas-mazas-eme-ir-prapuole\/\"]}]},{\"@type\":\"ImageObject\",\"inLanguage\":\"en-GB\",\"@id\":\"https:\/\/skaitytaknyga.lt\/produktas\/kaip-findusas-budamas-mazas-eme-ir-prapuole\/#primaryimage\",\"url\":\"https:\/\/skaitytaknyga.lt\/wp-content\/uploads\/2025\/12\/Kaip-Findusas-budamas-mazas-eme-ir-prapuole-1.webp\",\"contentUrl\":\"https:\/\/skaitytaknyga.lt\/wp-content\/uploads\/2025\/12\/Kaip-Findusas-budamas-mazas-eme-ir-prapuole-1.webp\",\"width\":300,\"height\":431},{\"@type\":\"BreadcrumbList\",\"@id\":\"https:\/\/skaitytaknyga.lt\/produktas\/kaip-findusas-budamas-mazas-eme-ir-prapuole\/#breadcrumb\",\"itemListElement\":[{\"@type\":\"ListItem\",\"position\":1,\"name\":\"Home\",\"item\":\"https:\/\/skaitytaknyga.lt\/\"},{\"@type\":\"ListItem\",\"position\":2,\"name\":\"Parduotuv\u0117\",\"item\":\"https:\/\/skaitytaknyga.lt\/knygu-parduotuve\/\"},{\"@type\":\"ListItem\",\"position\":3,\"name\":\"Kaip Findusas, b\u016bdamas ma\u017eas, \u0117m\u0117 ir prapuol\u0117 (nedideli defektai)\"}]},{\"@type\":\"WebSite\",\"@id\":\"https:\/\/skaitytaknyga.lt\/#website\",\"url\":\"https:\/\/skaitytaknyga.lt\/\",\"name\":\"skaitytaknyga.lt\",\"description\":\"Skaitytaknyga.lt \u2013 tai ma\u017eas \u0161eimos verslas, kuris prasid\u0117jo nuo meil\u0117s knygoms ir siekio i\u0161gelb\u0117ti knygas nuo likimo prie konteinerio. Kas vienam nereikalingas daiktas \u2013 kitam lobis, o mes esame tarpininkai, kurie padeda abiems tapti laimingesniems ???? \u017dinome kaip nelengva i\u0161gyventi ma\u017eiems verslams, tad nuo \u0161iol, \u010dia rasite ir kit\u0173, ma\u017e\u0173 \u0161eim\u0173 versl\u0173, rank\u0173 darbo, dovan\u0173 sau ir artimiesiems.\",\"publisher\":{\"@id\":\"https:\/\/skaitytaknyga.lt\/#organization\"},\"potentialAction\":[{\"@type\":\"SearchAction\",\"target\":{\"@type\":\"EntryPoint\",\"urlTemplate\":\"https:\/\/skaitytaknyga.lt\/?s={search_term_string}\"},\"query-input\":{\"@type\":\"PropertyValueSpecification\",\"valueRequired\":true,\"valueName\":\"search_term_string\"}}],\"inLanguage\":\"en-GB\"},{\"@type\":\"Organization\",\"@id\":\"https:\/\/skaitytaknyga.lt\/#organization\",\"name\":\"skaitytaknyga.lt\",\"url\":\"https:\/\/skaitytaknyga.lt\/\",\"logo\":{\"@type\":\"ImageObject\",\"inLanguage\":\"en-GB\",\"@id\":\"https:\/\/skaitytaknyga.lt\/#\/schema\/logo\/image\/\",\"url\":\"https:\/\/skaitytaknyga.lt\/wp-content\/uploads\/2024\/05\/cropped-cropped-cropped-02_00843_jt3bggkj1j3HLc7SyY6rEUpg.jpeg\",\"contentUrl\":\"https:\/\/skaitytaknyga.lt\/wp-content\/uploads\/2024\/05\/cropped-cropped-cropped-02_00843_jt3bggkj1j3HLc7SyY6rEUpg.jpeg\",\"width\":1600,\"height\":1600,\"caption\":\"skaitytaknyga.lt\"},\"image\":{\"@id\":\"https:\/\/skaitytaknyga.lt\/#\/schema\/logo\/image\/\"},\"sameAs\":[\"https:\/\/www.facebook.com\/skaitytaknyga\/\"]}]}<\/script>\n<!-- \/ Yoast SEO plugin. -->","yoast_head_json":{"title":"Kaip Findusas, b\u016bdamas ma\u017eas, \u0117m\u0117 ir prapuol\u0117 (nedideli defektai)","description":"D\u0117dul\u0117 Petsonas jau\u010diasi labai vieni\u0161as \u2013 juk su b\u016breliu vi\u0161t\u0173 apie rimtus reikalus nepakalb\u0117si. Kart\u0105 \u012f sve\u010dius u\u017esuka tetul\u0117 Anderson, ne\u0161ina kartonine","robots":{"index":"index","follow":"follow","max-snippet":"max-snippet:-1","max-image-preview":"max-image-preview:large","max-video-preview":"max-video-preview:-1"},"canonical":"https:\/\/skaitytaknyga.lt\/en\/produktas\/kaip-findusas-budamas-mazas-eme-ir-prapuole\/","og_locale":"en_GB","og_type":"article","og_title":"[:lt]Kaip Findusas, b\u016bdamas ma\u017eas, \u0117m\u0117 ir prapuol\u0117 (nedideli defektai)[:] - Skaitytaknyga","og_description":"D\u0117dul\u0117 Petsonas jau\u010diasi labai vieni\u0161as \u2013 juk su b\u016breliu vi\u0161t\u0173 apie rimtus reikalus nepakalb\u0117si. Kart\u0105 \u012f sve\u010dius u\u017esuka tetul\u0117 Anderson, ne\u0161ina kartonine","og_url":"https:\/\/skaitytaknyga.lt\/en\/produktas\/kaip-findusas-budamas-mazas-eme-ir-prapuole\/","og_site_name":"Skaitytaknyga","article_publisher":"https:\/\/www.facebook.com\/skaitytaknyga\/","article_modified_time":"2025-12-18T18:08:12+00:00","og_image":[{"width":300,"height":431,"url":"https:\/\/skaitytaknyga.lt\/wp-content\/uploads\/2025\/12\/Kaip-Findusas-budamas-mazas-eme-ir-prapuole-1.webp","type":"image\/webp"}],"twitter_card":"summary_large_image","twitter_misc":{"Estimated reading time":"1 minute"},"schema":{"@context":"https:\/\/schema.org","@graph":[{"@type":"WebPage","@id":"https:\/\/skaitytaknyga.lt\/produktas\/kaip-findusas-budamas-mazas-eme-ir-prapuole\/","url":"https:\/\/skaitytaknyga.lt\/produktas\/kaip-findusas-budamas-mazas-eme-ir-prapuole\/","name":"Kaip Findusas, b\u016bdamas ma\u017eas, \u0117m\u0117 ir prapuol\u0117 (nedideli defektai)","isPartOf":{"@id":"https:\/\/skaitytaknyga.lt\/#website"},"primaryImageOfPage":{"@id":"https:\/\/skaitytaknyga.lt\/produktas\/kaip-findusas-budamas-mazas-eme-ir-prapuole\/#primaryimage"},"image":{"@id":"https:\/\/skaitytaknyga.lt\/produktas\/kaip-findusas-budamas-mazas-eme-ir-prapuole\/#primaryimage"},"thumbnailUrl":"https:\/\/skaitytaknyga.lt\/wp-content\/uploads\/2025\/12\/Kaip-Findusas-budamas-mazas-eme-ir-prapuole-1.webp","datePublished":"2025-12-18T17:04:58+00:00","dateModified":"2025-12-18T18:08:12+00:00","description":"D\u0117dul\u0117 Petsonas jau\u010diasi labai vieni\u0161as \u2013 juk su b\u016breliu vi\u0161t\u0173 apie rimtus reikalus nepakalb\u0117si. Kart\u0105 \u012f sve\u010dius u\u017esuka tetul\u0117 Anderson, ne\u0161ina kartonine","breadcrumb":{"@id":"https:\/\/skaitytaknyga.lt\/produktas\/kaip-findusas-budamas-mazas-eme-ir-prapuole\/#breadcrumb"},"inLanguage":"en-GB","potentialAction":[{"@type":"ReadAction","target":["https:\/\/skaitytaknyga.lt\/produktas\/kaip-findusas-budamas-mazas-eme-ir-prapuole\/"]}]},{"@type":"ImageObject","inLanguage":"en-GB","@id":"https:\/\/skaitytaknyga.lt\/produktas\/kaip-findusas-budamas-mazas-eme-ir-prapuole\/#primaryimage","url":"https:\/\/skaitytaknyga.lt\/wp-content\/uploads\/2025\/12\/Kaip-Findusas-budamas-mazas-eme-ir-prapuole-1.webp","contentUrl":"https:\/\/skaitytaknyga.lt\/wp-content\/uploads\/2025\/12\/Kaip-Findusas-budamas-mazas-eme-ir-prapuole-1.webp","width":300,"height":431},{"@type":"BreadcrumbList","@id":"https:\/\/skaitytaknyga.lt\/produktas\/kaip-findusas-budamas-mazas-eme-ir-prapuole\/#breadcrumb","itemListElement":[{"@type":"ListItem","position":1,"name":"Home","item":"https:\/\/skaitytaknyga.lt\/"},{"@type":"ListItem","position":2,"name":"Parduotuv\u0117","item":"https:\/\/skaitytaknyga.lt\/knygu-parduotuve\/"},{"@type":"ListItem","position":3,"name":"Kaip Findusas, b\u016bdamas ma\u017eas, \u0117m\u0117 ir prapuol\u0117 (nedideli defektai)"}]},{"@type":"WebSite","@id":"https:\/\/skaitytaknyga.lt\/#website","url":"https:\/\/skaitytaknyga.lt\/","name":"skaitytaknyga.lt","description":"Skaitytaknyga.lt \u2013 tai ma\u017eas \u0161eimos verslas, kuris prasid\u0117jo nuo meil\u0117s knygoms ir siekio i\u0161gelb\u0117ti knygas nuo likimo prie konteinerio. Kas vienam nereikalingas daiktas \u2013 kitam lobis, o mes esame tarpininkai, kurie padeda abiems tapti laimingesniems ???? \u017dinome kaip nelengva i\u0161gyventi ma\u017eiems verslams, tad nuo \u0161iol, \u010dia rasite ir kit\u0173, ma\u017e\u0173 \u0161eim\u0173 versl\u0173, rank\u0173 darbo, dovan\u0173 sau ir artimiesiems.","publisher":{"@id":"https:\/\/skaitytaknyga.lt\/#organization"},"potentialAction":[{"@type":"SearchAction","target":{"@type":"EntryPoint","urlTemplate":"https:\/\/skaitytaknyga.lt\/?s={search_term_string}"},"query-input":{"@type":"PropertyValueSpecification","valueRequired":true,"valueName":"search_term_string"}}],"inLanguage":"en-GB"},{"@type":"Organization","@id":"https:\/\/skaitytaknyga.lt\/#organization","name":"skaitytaknyga.lt","url":"https:\/\/skaitytaknyga.lt\/","logo":{"@type":"ImageObject","inLanguage":"en-GB","@id":"https:\/\/skaitytaknyga.lt\/#\/schema\/logo\/image\/","url":"https:\/\/skaitytaknyga.lt\/wp-content\/uploads\/2024\/05\/cropped-cropped-cropped-02_00843_jt3bggkj1j3HLc7SyY6rEUpg.jpeg","contentUrl":"https:\/\/skaitytaknyga.lt\/wp-content\/uploads\/2024\/05\/cropped-cropped-cropped-02_00843_jt3bggkj1j3HLc7SyY6rEUpg.jpeg","width":1600,"height":1600,"caption":"skaitytaknyga.lt"},"image":{"@id":"https:\/\/skaitytaknyga.lt\/#\/schema\/logo\/image\/"},"sameAs":["https:\/\/www.facebook.com\/skaitytaknyga\/"]}]}},"_links":{"self":[{"href":"https:\/\/skaitytaknyga.lt\/en\/wp-json\/wp\/v2\/product\/22285","targetHints":{"allow":["GET"]}}],"collection":[{"href":"https:\/\/skaitytaknyga.lt\/en\/wp-json\/wp\/v2\/product"}],"about":[{"href":"https:\/\/skaitytaknyga.lt\/en\/wp-json\/wp\/v2\/types\/product"}],"replies":[{"embeddable":true,"href":"https:\/\/skaitytaknyga.lt\/en\/wp-json\/wp\/v2\/comments?post=22285"}],"wp:featuredmedia":[{"embeddable":true,"href":"https:\/\/skaitytaknyga.lt\/en\/wp-json\/wp\/v2\/media\/22290"}],"wp:attachment":[{"href":"https:\/\/skaitytaknyga.lt\/en\/wp-json\/wp\/v2\/media?parent=22285"}],"wp:term":[{"taxonomy":"product_brand","embeddable":true,"href":"https:\/\/skaitytaknyga.lt\/en\/wp-json\/wp\/v2\/product_brand?post=22285"},{"taxonomy":"product_cat","embeddable":true,"href":"https:\/\/skaitytaknyga.lt\/en\/wp-json\/wp\/v2\/product_cat?post=22285"},{"taxonomy":"product_tag","embeddable":true,"href":"https:\/\/skaitytaknyga.lt\/en\/wp-json\/wp\/v2\/product_tag?post=22285"}],"curies":[{"name":"wp","href":"https:\/\/api.w.org\/{rel}","templated":true}]}}