{"id":22284,"date":"2025-12-18T19:04:58","date_gmt":"2025-12-18T17:04:58","guid":{"rendered":"https:\/\/skaitytaknyga.lt\/?post_type=product&#038;p=22284"},"modified":"2025-12-18T19:54:15","modified_gmt":"2025-12-18T17:54:15","slug":"peliukas-dziugas-jo-draugai-ir-kiti-svarbus-dalykai-2","status":"publish","type":"product","link":"https:\/\/skaitytaknyga.lt\/en\/produktas\/peliukas-dziugas-jo-draugai-ir-kiti-svarbus-dalykai-2\/","title":{"rendered":"Peliukas D\u017eiugas, jo draugai ir kiti svarb\u016bs dalykai"},"content":{"rendered":"<p>Ar matei raudonstoges trobeles mi\u0161ke, did\u017eiulio \u0105\u017euolo pap\u0117d\u0117je? Tai peli\u0173 miestelis, kuriame kiekviena \u0161eima turi namel\u012f, pri\u017ei\u016brim\u0105 ponios pel\u0117s, kol ponas pelinas i\u0161\u0117j\u0119s \u012f darb\u0105. \u010cia gyventojai jau\u010diasi laimingi. Ta\u010diau ne visada. Jie, kaip ir mes, patiria ir d\u017eiaugsm\u0173, ir b\u0117d\u0173, kartais juoking\u0173, o kartais labai rimt\u0173.<\/p>\n<p>Kaip gydyti Meilu\u010dio nenor\u0105 eiti \u012f mokykl\u0105?<\/p>\n<p>K\u0105 lai\u0161ke mamai i\u0161 vasaros stovyklos ra\u0161o D\u017eiugas?<\/p>\n<p>Kok\u012f patarim\u0105 apuokas duos nusivylusiam peliukui, nuo kurio priklauso vis\u0173 peli\u0173 likimas?<\/p>\n<p>Kaip i\u0161 dvej\u0173 nam\u0173 padaryti vienus?<\/p>\n<p>Jei vaikyst\u0119 kartais pritemdo pilki debes\u0117liai, peliuk\u0173 istorijos pad\u0117s nepamir\u0161ti, kad saul\u0117 niekur nedingo.<\/p>\n","protected":false},"excerpt":{"rendered":"<p>Ar matei raudonstoges trobeles mi\u0161ke, did\u017eiulio \u0105\u017euolo pap\u0117d\u0117je? Tai peli\u0173 miestelis, kuriame kiekviena \u0161eima turi namel\u012f, pri\u017ei\u016brim\u0105 ponios pel\u0117s, kol ponas pelinas i\u0161\u0117j\u0119s \u012f darb\u0105. \u010cia gyventojai jau\u010diasi laimingi. Ta\u010diau ne visada. Jie, kaip ir mes, patiria ir d\u017eiaugsm\u0173, ir b\u0117d\u0173, kartais juoking\u0173, o kartais labai rimt\u0173. Kaip gydyti Meilu\u010dio nenor\u0105 eiti \u012f mokykl\u0105? K\u0105 lai\u0161ke mamai i\u0161 vasaros stovyklos ra\u0161o D\u017eiugas? Kok\u012f patarim\u0105 apuokas duos nusivylusiam peliukui, nuo kurio priklauso vis\u0173 peli\u0173 likimas? Kaip i\u0161 dvej\u0173 nam\u0173 padaryti vienus? Jei vaikyst\u0119 kartais pritemdo pilki debes\u0117liai, peliuk\u0173 istorijos pad\u0117s nepamir\u0161ti, kad saul\u0117 niekur nedingo.<\/p>\n","protected":false},"featured_media":22289,"comment_status":"open","ping_status":"closed","template":"","meta":{"_acf_changed":false,"site-sidebar-layout":"default","site-content-layout":"","ast-site-content-layout":"default","site-content-style":"default","site-sidebar-style":"default","ast-global-header-display":"","ast-banner-title-visibility":"","ast-main-header-display":"","ast-hfb-above-header-display":"","ast-hfb-below-header-display":"","ast-hfb-mobile-header-display":"","site-post-title":"","ast-breadcrumbs-content":"","ast-featured-img":"","footer-sml-layout":"","ast-disable-related-posts":"","theme-transparent-header-meta":"","adv-header-id-meta":"","stick-header-meta":"","header-above-stick-meta":"","header-main-stick-meta":"","header-below-stick-meta":"","astra-migrate-meta-layouts":"default","ast-page-background-enabled":"default","ast-page-background-meta":{"desktop":{"background-color":"","background-image":"","background-repeat":"repeat","background-position":"center center","background-size":"auto","background-attachment":"scroll","background-type":"","background-media":"","overlay-type":"","overlay-color":"","overlay-opacity":"","overlay-gradient":""},"tablet":{"background-color":"","background-image":"","background-repeat":"repeat","background-position":"center center","background-size":"auto","background-attachment":"scroll","background-type":"","background-media":"","overlay-type":"","overlay-color":"","overlay-opacity":"","overlay-gradient":""},"mobile":{"background-color":"","background-image":"","background-repeat":"repeat","background-position":"center center","background-size":"auto","background-attachment":"scroll","background-type":"","background-media":"","overlay-type":"","overlay-color":"","overlay-opacity":"","overlay-gradient":""}},"ast-content-background-meta":{"desktop":{"background-color":"var(--ast-global-color-4)","background-image":"","background-repeat":"repeat","background-position":"center center","background-size":"auto","background-attachment":"scroll","background-type":"","background-media":"","overlay-type":"","overlay-color":"","overlay-opacity":"","overlay-gradient":""},"tablet":{"background-color":"var(--ast-global-color-4)","background-image":"","background-repeat":"repeat","background-position":"center center","background-size":"auto","background-attachment":"scroll","background-type":"","background-media":"","overlay-type":"","overlay-color":"","overlay-opacity":"","overlay-gradient":""},"mobile":{"background-color":"var(--ast-global-color-4)","background-image":"","background-repeat":"repeat","background-position":"center center","background-size":"auto","background-attachment":"scroll","background-type":"","background-media":"","overlay-type":"","overlay-color":"","overlay-opacity":"","overlay-gradient":""}}},"product_brand":[],"product_cat":[35],"product_tag":[],"class_list":{"0":"post-22284","1":"product","2":"type-product","3":"status-publish","4":"has-post-thumbnail","6":"product_cat-vaikams-ir-paaugliams","7":"desktop-align-left","8":"tablet-align-left","9":"mobile-align-left","11":"first","12":"instock","13":"shipping-taxable","14":"purchasable","15":"product-type-simple"},"acf":[],"yoast_head":"<!-- This site is optimized with the Yoast SEO plugin v27.0 - https:\/\/yoast.com\/product\/yoast-seo-wordpress\/ -->\n<title>Peliukas D\u017eiugas, jo draugai ir kiti svarb\u016bs dalykai<\/title>\n<meta name=\"description\" content=\"Ar matei raudonstoges trobeles mi\u0161ke, did\u017eiulio \u0105\u017euolo pap\u0117d\u0117je? Tai peli\u0173 miestelis, kuriame kiekviena \u0161eima turi namel\u012f, pri\u017ei\u016brim\u0105 ponios pel\u0117s, kol\" \/>\n<meta name=\"robots\" content=\"index, follow, max-snippet:-1, max-image-preview:large, max-video-preview:-1\" \/>\n<link rel=\"canonical\" href=\"https:\/\/skaitytaknyga.lt\/en\/produktas\/peliukas-dziugas-jo-draugai-ir-kiti-svarbus-dalykai-2\/\" \/>\n<meta property=\"og:locale\" content=\"en_GB\" \/>\n<meta property=\"og:locale:alternate\" content=\"lt_LT\" \/>\n<meta property=\"og:type\" content=\"article\" \/>\n<meta property=\"og:title\" content=\"Peliukas D\u017eiugas, jo draugai ir kiti svarb\u016bs dalykai\" \/>\n<meta property=\"og:description\" content=\"Ar matei raudonstoges trobeles mi\u0161ke, did\u017eiulio \u0105\u017euolo pap\u0117d\u0117je? Tai peli\u0173 miestelis, kuriame kiekviena \u0161eima turi namel\u012f, pri\u017ei\u016brim\u0105 ponios pel\u0117s, kol\" \/>\n<meta property=\"og:url\" content=\"https:\/\/skaitytaknyga.lt\/en\/produktas\/peliukas-dziugas-jo-draugai-ir-kiti-svarbus-dalykai-2\/\" \/>\n<meta property=\"og:site_name\" content=\"Skaitytaknyga\" \/>\n<meta property=\"article:publisher\" content=\"https:\/\/www.facebook.com\/skaitytaknyga\/\" \/>\n<meta property=\"article:modified_time\" content=\"2025-12-18T17:54:15+00:00\" \/>\n<meta property=\"og:image\" content=\"https:\/\/skaitytaknyga.lt\/wp-content\/uploads\/2025\/12\/Peliukas-Dziugas-jo-draugai-ir-kiti-svarbus-dalykai-1.webp\" \/>\n\t<meta property=\"og:image:width\" content=\"300\" \/>\n\t<meta property=\"og:image:height\" content=\"353\" \/>\n\t<meta property=\"og:image:type\" content=\"image\/webp\" \/>\n<meta name=\"twitter:card\" content=\"summary_large_image\" \/>\n<meta name=\"twitter:label1\" content=\"Estimated reading time\" \/>\n\t<meta name=\"twitter:data1\" content=\"1 minute\" \/>\n<script type=\"application\/ld+json\" class=\"yoast-schema-graph\">{\"@context\":\"https:\/\/schema.org\",\"@graph\":[{\"@type\":\"WebPage\",\"@id\":\"https:\/\/skaitytaknyga.lt\/produktas\/peliukas-dziugas-jo-draugai-ir-kiti-svarbus-dalykai-2\/\",\"url\":\"https:\/\/skaitytaknyga.lt\/produktas\/peliukas-dziugas-jo-draugai-ir-kiti-svarbus-dalykai-2\/\",\"name\":\"Peliukas D\u017eiugas, jo draugai ir kiti svarb\u016bs dalykai\",\"isPartOf\":{\"@id\":\"https:\/\/skaitytaknyga.lt\/#website\"},\"primaryImageOfPage\":{\"@id\":\"https:\/\/skaitytaknyga.lt\/produktas\/peliukas-dziugas-jo-draugai-ir-kiti-svarbus-dalykai-2\/#primaryimage\"},\"image\":{\"@id\":\"https:\/\/skaitytaknyga.lt\/produktas\/peliukas-dziugas-jo-draugai-ir-kiti-svarbus-dalykai-2\/#primaryimage\"},\"thumbnailUrl\":\"https:\/\/skaitytaknyga.lt\/wp-content\/uploads\/2025\/12\/Peliukas-Dziugas-jo-draugai-ir-kiti-svarbus-dalykai-1.webp\",\"datePublished\":\"2025-12-18T17:04:58+00:00\",\"dateModified\":\"2025-12-18T17:54:15+00:00\",\"description\":\"Ar matei raudonstoges trobeles mi\u0161ke, did\u017eiulio \u0105\u017euolo pap\u0117d\u0117je? Tai peli\u0173 miestelis, kuriame kiekviena \u0161eima turi namel\u012f, pri\u017ei\u016brim\u0105 ponios pel\u0117s, kol\",\"breadcrumb\":{\"@id\":\"https:\/\/skaitytaknyga.lt\/produktas\/peliukas-dziugas-jo-draugai-ir-kiti-svarbus-dalykai-2\/#breadcrumb\"},\"inLanguage\":\"en-GB\",\"potentialAction\":[{\"@type\":\"ReadAction\",\"target\":[\"https:\/\/skaitytaknyga.lt\/produktas\/peliukas-dziugas-jo-draugai-ir-kiti-svarbus-dalykai-2\/\"]}]},{\"@type\":\"ImageObject\",\"inLanguage\":\"en-GB\",\"@id\":\"https:\/\/skaitytaknyga.lt\/produktas\/peliukas-dziugas-jo-draugai-ir-kiti-svarbus-dalykai-2\/#primaryimage\",\"url\":\"https:\/\/skaitytaknyga.lt\/wp-content\/uploads\/2025\/12\/Peliukas-Dziugas-jo-draugai-ir-kiti-svarbus-dalykai-1.webp\",\"contentUrl\":\"https:\/\/skaitytaknyga.lt\/wp-content\/uploads\/2025\/12\/Peliukas-Dziugas-jo-draugai-ir-kiti-svarbus-dalykai-1.webp\",\"width\":300,\"height\":353,\"caption\":\"Peliukas D\u017eiugas, jo draugai ir kiti svarb\u016bs dalykai\"},{\"@type\":\"BreadcrumbList\",\"@id\":\"https:\/\/skaitytaknyga.lt\/produktas\/peliukas-dziugas-jo-draugai-ir-kiti-svarbus-dalykai-2\/#breadcrumb\",\"itemListElement\":[{\"@type\":\"ListItem\",\"position\":1,\"name\":\"Home\",\"item\":\"https:\/\/skaitytaknyga.lt\/\"},{\"@type\":\"ListItem\",\"position\":2,\"name\":\"Parduotuv\u0117\",\"item\":\"https:\/\/skaitytaknyga.lt\/knygu-parduotuve\/\"},{\"@type\":\"ListItem\",\"position\":3,\"name\":\"Peliukas D\u017eiugas, jo draugai ir kiti svarb\u016bs dalykai\"}]},{\"@type\":\"WebSite\",\"@id\":\"https:\/\/skaitytaknyga.lt\/#website\",\"url\":\"https:\/\/skaitytaknyga.lt\/\",\"name\":\"skaitytaknyga.lt\",\"description\":\"Skaitytaknyga.lt \u2013 tai ma\u017eas \u0161eimos verslas, kuris prasid\u0117jo nuo meil\u0117s knygoms ir siekio i\u0161gelb\u0117ti knygas nuo likimo prie konteinerio. Kas vienam nereikalingas daiktas \u2013 kitam lobis, o mes esame tarpininkai, kurie padeda abiems tapti laimingesniems ???? \u017dinome kaip nelengva i\u0161gyventi ma\u017eiems verslams, tad nuo \u0161iol, \u010dia rasite ir kit\u0173, ma\u017e\u0173 \u0161eim\u0173 versl\u0173, rank\u0173 darbo, dovan\u0173 sau ir artimiesiems.\",\"publisher\":{\"@id\":\"https:\/\/skaitytaknyga.lt\/#organization\"},\"potentialAction\":[{\"@type\":\"SearchAction\",\"target\":{\"@type\":\"EntryPoint\",\"urlTemplate\":\"https:\/\/skaitytaknyga.lt\/?s={search_term_string}\"},\"query-input\":{\"@type\":\"PropertyValueSpecification\",\"valueRequired\":true,\"valueName\":\"search_term_string\"}}],\"inLanguage\":\"en-GB\"},{\"@type\":\"Organization\",\"@id\":\"https:\/\/skaitytaknyga.lt\/#organization\",\"name\":\"skaitytaknyga.lt\",\"url\":\"https:\/\/skaitytaknyga.lt\/\",\"logo\":{\"@type\":\"ImageObject\",\"inLanguage\":\"en-GB\",\"@id\":\"https:\/\/skaitytaknyga.lt\/#\/schema\/logo\/image\/\",\"url\":\"https:\/\/skaitytaknyga.lt\/wp-content\/uploads\/2024\/05\/cropped-cropped-cropped-02_00843_jt3bggkj1j3HLc7SyY6rEUpg.jpeg\",\"contentUrl\":\"https:\/\/skaitytaknyga.lt\/wp-content\/uploads\/2024\/05\/cropped-cropped-cropped-02_00843_jt3bggkj1j3HLc7SyY6rEUpg.jpeg\",\"width\":1600,\"height\":1600,\"caption\":\"skaitytaknyga.lt\"},\"image\":{\"@id\":\"https:\/\/skaitytaknyga.lt\/#\/schema\/logo\/image\/\"},\"sameAs\":[\"https:\/\/www.facebook.com\/skaitytaknyga\/\"]}]}<\/script>\n<!-- \/ Yoast SEO plugin. -->","yoast_head_json":{"title":"Peliukas D\u017eiugas, jo draugai ir kiti svarb\u016bs dalykai","description":"Ar matei raudonstoges trobeles mi\u0161ke, did\u017eiulio \u0105\u017euolo pap\u0117d\u0117je? Tai peli\u0173 miestelis, kuriame kiekviena \u0161eima turi namel\u012f, pri\u017ei\u016brim\u0105 ponios pel\u0117s, kol","robots":{"index":"index","follow":"follow","max-snippet":"max-snippet:-1","max-image-preview":"max-image-preview:large","max-video-preview":"max-video-preview:-1"},"canonical":"https:\/\/skaitytaknyga.lt\/en\/produktas\/peliukas-dziugas-jo-draugai-ir-kiti-svarbus-dalykai-2\/","og_locale":"en_GB","og_type":"article","og_title":"[:lt]Peliukas D\u017eiugas, jo draugai ir kiti svarb\u016bs dalykai[:] - Skaitytaknyga","og_description":"Ar matei raudonstoges trobeles mi\u0161ke, did\u017eiulio \u0105\u017euolo pap\u0117d\u0117je? Tai peli\u0173 miestelis, kuriame kiekviena \u0161eima turi namel\u012f, pri\u017ei\u016brim\u0105 ponios pel\u0117s, kol","og_url":"https:\/\/skaitytaknyga.lt\/en\/produktas\/peliukas-dziugas-jo-draugai-ir-kiti-svarbus-dalykai-2\/","og_site_name":"Skaitytaknyga","article_publisher":"https:\/\/www.facebook.com\/skaitytaknyga\/","article_modified_time":"2025-12-18T17:54:15+00:00","og_image":[{"width":300,"height":353,"url":"https:\/\/skaitytaknyga.lt\/wp-content\/uploads\/2025\/12\/Peliukas-Dziugas-jo-draugai-ir-kiti-svarbus-dalykai-1.webp","type":"image\/webp"}],"twitter_card":"summary_large_image","twitter_misc":{"Estimated reading time":"1 minute"},"schema":{"@context":"https:\/\/schema.org","@graph":[{"@type":"WebPage","@id":"https:\/\/skaitytaknyga.lt\/produktas\/peliukas-dziugas-jo-draugai-ir-kiti-svarbus-dalykai-2\/","url":"https:\/\/skaitytaknyga.lt\/produktas\/peliukas-dziugas-jo-draugai-ir-kiti-svarbus-dalykai-2\/","name":"Peliukas D\u017eiugas, jo draugai ir kiti svarb\u016bs dalykai","isPartOf":{"@id":"https:\/\/skaitytaknyga.lt\/#website"},"primaryImageOfPage":{"@id":"https:\/\/skaitytaknyga.lt\/produktas\/peliukas-dziugas-jo-draugai-ir-kiti-svarbus-dalykai-2\/#primaryimage"},"image":{"@id":"https:\/\/skaitytaknyga.lt\/produktas\/peliukas-dziugas-jo-draugai-ir-kiti-svarbus-dalykai-2\/#primaryimage"},"thumbnailUrl":"https:\/\/skaitytaknyga.lt\/wp-content\/uploads\/2025\/12\/Peliukas-Dziugas-jo-draugai-ir-kiti-svarbus-dalykai-1.webp","datePublished":"2025-12-18T17:04:58+00:00","dateModified":"2025-12-18T17:54:15+00:00","description":"Ar matei raudonstoges trobeles mi\u0161ke, did\u017eiulio \u0105\u017euolo pap\u0117d\u0117je? Tai peli\u0173 miestelis, kuriame kiekviena \u0161eima turi namel\u012f, pri\u017ei\u016brim\u0105 ponios pel\u0117s, kol","breadcrumb":{"@id":"https:\/\/skaitytaknyga.lt\/produktas\/peliukas-dziugas-jo-draugai-ir-kiti-svarbus-dalykai-2\/#breadcrumb"},"inLanguage":"en-GB","potentialAction":[{"@type":"ReadAction","target":["https:\/\/skaitytaknyga.lt\/produktas\/peliukas-dziugas-jo-draugai-ir-kiti-svarbus-dalykai-2\/"]}]},{"@type":"ImageObject","inLanguage":"en-GB","@id":"https:\/\/skaitytaknyga.lt\/produktas\/peliukas-dziugas-jo-draugai-ir-kiti-svarbus-dalykai-2\/#primaryimage","url":"https:\/\/skaitytaknyga.lt\/wp-content\/uploads\/2025\/12\/Peliukas-Dziugas-jo-draugai-ir-kiti-svarbus-dalykai-1.webp","contentUrl":"https:\/\/skaitytaknyga.lt\/wp-content\/uploads\/2025\/12\/Peliukas-Dziugas-jo-draugai-ir-kiti-svarbus-dalykai-1.webp","width":300,"height":353,"caption":"Peliukas D\u017eiugas, jo draugai ir kiti svarb\u016bs dalykai"},{"@type":"BreadcrumbList","@id":"https:\/\/skaitytaknyga.lt\/produktas\/peliukas-dziugas-jo-draugai-ir-kiti-svarbus-dalykai-2\/#breadcrumb","itemListElement":[{"@type":"ListItem","position":1,"name":"Home","item":"https:\/\/skaitytaknyga.lt\/"},{"@type":"ListItem","position":2,"name":"Parduotuv\u0117","item":"https:\/\/skaitytaknyga.lt\/knygu-parduotuve\/"},{"@type":"ListItem","position":3,"name":"Peliukas D\u017eiugas, jo draugai ir kiti svarb\u016bs dalykai"}]},{"@type":"WebSite","@id":"https:\/\/skaitytaknyga.lt\/#website","url":"https:\/\/skaitytaknyga.lt\/","name":"skaitytaknyga.lt","description":"Skaitytaknyga.lt \u2013 tai ma\u017eas \u0161eimos verslas, kuris prasid\u0117jo nuo meil\u0117s knygoms ir siekio i\u0161gelb\u0117ti knygas nuo likimo prie konteinerio. Kas vienam nereikalingas daiktas \u2013 kitam lobis, o mes esame tarpininkai, kurie padeda abiems tapti laimingesniems ???? \u017dinome kaip nelengva i\u0161gyventi ma\u017eiems verslams, tad nuo \u0161iol, \u010dia rasite ir kit\u0173, ma\u017e\u0173 \u0161eim\u0173 versl\u0173, rank\u0173 darbo, dovan\u0173 sau ir artimiesiems.","publisher":{"@id":"https:\/\/skaitytaknyga.lt\/#organization"},"potentialAction":[{"@type":"SearchAction","target":{"@type":"EntryPoint","urlTemplate":"https:\/\/skaitytaknyga.lt\/?s={search_term_string}"},"query-input":{"@type":"PropertyValueSpecification","valueRequired":true,"valueName":"search_term_string"}}],"inLanguage":"en-GB"},{"@type":"Organization","@id":"https:\/\/skaitytaknyga.lt\/#organization","name":"skaitytaknyga.lt","url":"https:\/\/skaitytaknyga.lt\/","logo":{"@type":"ImageObject","inLanguage":"en-GB","@id":"https:\/\/skaitytaknyga.lt\/#\/schema\/logo\/image\/","url":"https:\/\/skaitytaknyga.lt\/wp-content\/uploads\/2024\/05\/cropped-cropped-cropped-02_00843_jt3bggkj1j3HLc7SyY6rEUpg.jpeg","contentUrl":"https:\/\/skaitytaknyga.lt\/wp-content\/uploads\/2024\/05\/cropped-cropped-cropped-02_00843_jt3bggkj1j3HLc7SyY6rEUpg.jpeg","width":1600,"height":1600,"caption":"skaitytaknyga.lt"},"image":{"@id":"https:\/\/skaitytaknyga.lt\/#\/schema\/logo\/image\/"},"sameAs":["https:\/\/www.facebook.com\/skaitytaknyga\/"]}]}},"_links":{"self":[{"href":"https:\/\/skaitytaknyga.lt\/en\/wp-json\/wp\/v2\/product\/22284","targetHints":{"allow":["GET"]}}],"collection":[{"href":"https:\/\/skaitytaknyga.lt\/en\/wp-json\/wp\/v2\/product"}],"about":[{"href":"https:\/\/skaitytaknyga.lt\/en\/wp-json\/wp\/v2\/types\/product"}],"replies":[{"embeddable":true,"href":"https:\/\/skaitytaknyga.lt\/en\/wp-json\/wp\/v2\/comments?post=22284"}],"wp:featuredmedia":[{"embeddable":true,"href":"https:\/\/skaitytaknyga.lt\/en\/wp-json\/wp\/v2\/media\/22289"}],"wp:attachment":[{"href":"https:\/\/skaitytaknyga.lt\/en\/wp-json\/wp\/v2\/media?parent=22284"}],"wp:term":[{"taxonomy":"product_brand","embeddable":true,"href":"https:\/\/skaitytaknyga.lt\/en\/wp-json\/wp\/v2\/product_brand?post=22284"},{"taxonomy":"product_cat","embeddable":true,"href":"https:\/\/skaitytaknyga.lt\/en\/wp-json\/wp\/v2\/product_cat?post=22284"},{"taxonomy":"product_tag","embeddable":true,"href":"https:\/\/skaitytaknyga.lt\/en\/wp-json\/wp\/v2\/product_tag?post=22284"}],"curies":[{"name":"wp","href":"https:\/\/api.w.org\/{rel}","templated":true}]}}