{"id":22281,"date":"2025-12-18T19:04:57","date_gmt":"2025-12-18T17:04:57","guid":{"rendered":"https:\/\/skaitytaknyga.lt\/?post_type=product&#038;p=22281"},"modified":"2025-12-18T19:11:38","modified_gmt":"2025-12-18T17:11:38","slug":"jei-pasilikciau","status":"publish","type":"product","link":"https:\/\/skaitytaknyga.lt\/en\/produktas\/jei-pasilikciau\/","title":{"rendered":"Jei pasilik\u010diau"},"content":{"rendered":"<p>Ta diena prasid\u0117jo kaip visos&#8230; Ir per akimirk\u0105 pasikeit\u0117 negr\u012f\u017etamai&#8230;<br \/>\nTaip nutiko Mijai.<br \/>\nDar prie\u0161 kelias minutes ji drauge su t\u0117\u010diu, mama ir broliuku Ted\u017eiu va\u017eiavo \u0161eimos automobiliu. O dabar Mija susivokia \u017ei\u016brinti \u012f sunkiai su\u017ealot\u0105 savo k\u016bn\u0105.<\/p>\n<p>Septyniolikmet\u0117 ne\u012fsivaizdavo gyvenimo be muzikos ir vaikino vardu Adamas. Ji \u2013 talentinga ir gabi, gal\u0117jo pasirinkti tok\u012f gyvenim\u0105, apie kok\u012f svajojo.<br \/>\nTa\u010diau dabar jos pasirinkimas tik vienas \u2013 pabusti i\u0161 komos ar ne.<br \/>\nReginti save i\u0161 \u0161alies ligonin\u0117s palatoje Mija prisimena tai, kas svarbiausia jos gyvenime. Smagius \u0161eimos nutikimus, svajones, meil\u0119, visk\u0105, k\u0105 ji tur\u0117jo, ir visk\u0105, ko ji vis dar gali netekti.<br \/>\nTod\u0117l Mija negali pasitraukti i\u0161 gyvenimo. Ji turi d\u0117l ko kovoti.<\/p>\n<p>\u201eJei pasilik\u010diau\u201c \u2013 tai pasakojimas apie meil\u0119, draugyst\u0119, \u0161eim\u0105, netekt\u012f ir tvirtyb\u0119.<\/p>\n","protected":false},"excerpt":{"rendered":"<p>Ta diena prasid\u0117jo kaip visos&#8230; Ir per akimirk\u0105 pasikeit\u0117 negr\u012f\u017etamai&#8230; Taip nutiko Mijai. Dar prie\u0161 kelias minutes ji drauge su t\u0117\u010diu, mama ir broliuku Ted\u017eiu va\u017eiavo \u0161eimos automobiliu. O dabar Mija susivokia \u017ei\u016brinti \u012f sunkiai su\u017ealot\u0105 savo k\u016bn\u0105. Septyniolikmet\u0117 ne\u012fsivaizdavo gyvenimo be muzikos ir vaikino vardu Adamas. Ji \u2013 talentinga ir gabi, gal\u0117jo pasirinkti tok\u012f gyvenim\u0105, apie kok\u012f svajojo. Ta\u010diau dabar jos pasirinkimas tik vienas \u2013 pabusti i\u0161 komos ar ne. Reginti save i\u0161 \u0161alies ligonin\u0117s palatoje Mija prisimena tai, kas svarbiausia jos gyvenime. Smagius \u0161eimos nutikimus, svajones, meil\u0119, visk\u0105, k\u0105 ji tur\u0117jo, ir visk\u0105, ko ji vis dar gali netekti. Tod\u0117l Mija negali pasitraukti i\u0161 gyvenimo. Ji turi d\u0117l ko kovoti. \u201eJei pasilik\u010diau\u201c \u2013 tai pasakojimas apie meil\u0119, draugyst\u0119, \u0161eim\u0105, netekt\u012f ir tvirtyb\u0119.<\/p>\n","protected":false},"featured_media":22286,"comment_status":"open","ping_status":"closed","template":"","meta":{"_acf_changed":false,"site-sidebar-layout":"default","site-content-layout":"","ast-site-content-layout":"default","site-content-style":"default","site-sidebar-style":"default","ast-global-header-display":"","ast-banner-title-visibility":"","ast-main-header-display":"","ast-hfb-above-header-display":"","ast-hfb-below-header-display":"","ast-hfb-mobile-header-display":"","site-post-title":"","ast-breadcrumbs-content":"","ast-featured-img":"","footer-sml-layout":"","ast-disable-related-posts":"","theme-transparent-header-meta":"","adv-header-id-meta":"","stick-header-meta":"","header-above-stick-meta":"","header-main-stick-meta":"","header-below-stick-meta":"","astra-migrate-meta-layouts":"default","ast-page-background-enabled":"default","ast-page-background-meta":{"desktop":{"background-color":"","background-image":"","background-repeat":"repeat","background-position":"center center","background-size":"auto","background-attachment":"scroll","background-type":"","background-media":"","overlay-type":"","overlay-color":"","overlay-opacity":"","overlay-gradient":""},"tablet":{"background-color":"","background-image":"","background-repeat":"repeat","background-position":"center center","background-size":"auto","background-attachment":"scroll","background-type":"","background-media":"","overlay-type":"","overlay-color":"","overlay-opacity":"","overlay-gradient":""},"mobile":{"background-color":"","background-image":"","background-repeat":"repeat","background-position":"center center","background-size":"auto","background-attachment":"scroll","background-type":"","background-media":"","overlay-type":"","overlay-color":"","overlay-opacity":"","overlay-gradient":""}},"ast-content-background-meta":{"desktop":{"background-color":"var(--ast-global-color-4)","background-image":"","background-repeat":"repeat","background-position":"center center","background-size":"auto","background-attachment":"scroll","background-type":"","background-media":"","overlay-type":"","overlay-color":"","overlay-opacity":"","overlay-gradient":""},"tablet":{"background-color":"var(--ast-global-color-4)","background-image":"","background-repeat":"repeat","background-position":"center center","background-size":"auto","background-attachment":"scroll","background-type":"","background-media":"","overlay-type":"","overlay-color":"","overlay-opacity":"","overlay-gradient":""},"mobile":{"background-color":"var(--ast-global-color-4)","background-image":"","background-repeat":"repeat","background-position":"center center","background-size":"auto","background-attachment":"scroll","background-type":"","background-media":"","overlay-type":"","overlay-color":"","overlay-opacity":"","overlay-gradient":""}}},"product_brand":[],"product_cat":[31],"product_tag":[],"class_list":{"0":"post-22281","1":"product","2":"type-product","3":"status-publish","4":"has-post-thumbnail","6":"product_cat-grozine-literatura","7":"desktop-align-left","8":"tablet-align-left","9":"mobile-align-left","11":"first","12":"instock","13":"shipping-taxable","14":"purchasable","15":"product-type-simple"},"acf":[],"yoast_head":"<!-- This site is optimized with the Yoast SEO plugin v27.0 - https:\/\/yoast.com\/product\/yoast-seo-wordpress\/ -->\n<title>Jei pasilik\u010diau<\/title>\n<meta name=\"description\" content=\"Ta diena prasid\u0117jo kaip visos... Ir per akimirk\u0105 pasikeit\u0117 negr\u012f\u017etamai... Taip nutiko Mijai. Dar prie\u0161 kelias minutes ji drauge su t\u0117\u010diu, mama ir broliuku\" \/>\n<meta name=\"robots\" content=\"index, follow, max-snippet:-1, max-image-preview:large, max-video-preview:-1\" \/>\n<link rel=\"canonical\" href=\"https:\/\/skaitytaknyga.lt\/en\/produktas\/jei-pasilikciau\/\" \/>\n<meta property=\"og:locale\" content=\"en_GB\" \/>\n<meta property=\"og:locale:alternate\" content=\"lt_LT\" \/>\n<meta property=\"og:type\" content=\"article\" \/>\n<meta property=\"og:title\" content=\"Jei pasilik\u010diau\" \/>\n<meta property=\"og:description\" content=\"Ta diena prasid\u0117jo kaip visos... Ir per akimirk\u0105 pasikeit\u0117 negr\u012f\u017etamai... Taip nutiko Mijai. Dar prie\u0161 kelias minutes ji drauge su t\u0117\u010diu, mama ir broliuku\" \/>\n<meta property=\"og:url\" content=\"https:\/\/skaitytaknyga.lt\/en\/produktas\/jei-pasilikciau\/\" \/>\n<meta property=\"og:site_name\" content=\"Skaitytaknyga\" \/>\n<meta property=\"article:publisher\" content=\"https:\/\/www.facebook.com\/skaitytaknyga\/\" \/>\n<meta property=\"article:modified_time\" content=\"2025-12-18T17:11:38+00:00\" \/>\n<meta property=\"og:image\" content=\"https:\/\/skaitytaknyga.lt\/wp-content\/uploads\/2025\/12\/Jei-pasilikciau.webp\" \/>\n\t<meta property=\"og:image:width\" content=\"302\" \/>\n\t<meta property=\"og:image:height\" content=\"450\" \/>\n\t<meta property=\"og:image:type\" content=\"image\/webp\" \/>\n<meta name=\"twitter:card\" content=\"summary_large_image\" \/>\n<meta name=\"twitter:label1\" content=\"Estimated reading time\" \/>\n\t<meta name=\"twitter:data1\" content=\"1 minute\" \/>\n<script type=\"application\/ld+json\" class=\"yoast-schema-graph\">{\"@context\":\"https:\/\/schema.org\",\"@graph\":[{\"@type\":\"WebPage\",\"@id\":\"https:\/\/skaitytaknyga.lt\/produktas\/jei-pasilikciau\/\",\"url\":\"https:\/\/skaitytaknyga.lt\/produktas\/jei-pasilikciau\/\",\"name\":\"Jei pasilik\u010diau\",\"isPartOf\":{\"@id\":\"https:\/\/skaitytaknyga.lt\/#website\"},\"primaryImageOfPage\":{\"@id\":\"https:\/\/skaitytaknyga.lt\/produktas\/jei-pasilikciau\/#primaryimage\"},\"image\":{\"@id\":\"https:\/\/skaitytaknyga.lt\/produktas\/jei-pasilikciau\/#primaryimage\"},\"thumbnailUrl\":\"https:\/\/skaitytaknyga.lt\/wp-content\/uploads\/2025\/12\/Jei-pasilikciau.webp\",\"datePublished\":\"2025-12-18T17:04:57+00:00\",\"dateModified\":\"2025-12-18T17:11:38+00:00\",\"description\":\"Ta diena prasid\u0117jo kaip visos... Ir per akimirk\u0105 pasikeit\u0117 negr\u012f\u017etamai... Taip nutiko Mijai. Dar prie\u0161 kelias minutes ji drauge su t\u0117\u010diu, mama ir broliuku\",\"breadcrumb\":{\"@id\":\"https:\/\/skaitytaknyga.lt\/produktas\/jei-pasilikciau\/#breadcrumb\"},\"inLanguage\":\"en-GB\",\"potentialAction\":[{\"@type\":\"ReadAction\",\"target\":[\"https:\/\/skaitytaknyga.lt\/produktas\/jei-pasilikciau\/\"]}]},{\"@type\":\"ImageObject\",\"inLanguage\":\"en-GB\",\"@id\":\"https:\/\/skaitytaknyga.lt\/produktas\/jei-pasilikciau\/#primaryimage\",\"url\":\"https:\/\/skaitytaknyga.lt\/wp-content\/uploads\/2025\/12\/Jei-pasilikciau.webp\",\"contentUrl\":\"https:\/\/skaitytaknyga.lt\/wp-content\/uploads\/2025\/12\/Jei-pasilikciau.webp\",\"width\":302,\"height\":450,\"caption\":\"Jei pasilik\u010diau\"},{\"@type\":\"BreadcrumbList\",\"@id\":\"https:\/\/skaitytaknyga.lt\/produktas\/jei-pasilikciau\/#breadcrumb\",\"itemListElement\":[{\"@type\":\"ListItem\",\"position\":1,\"name\":\"Home\",\"item\":\"https:\/\/skaitytaknyga.lt\/\"},{\"@type\":\"ListItem\",\"position\":2,\"name\":\"Parduotuv\u0117\",\"item\":\"https:\/\/skaitytaknyga.lt\/knygu-parduotuve\/\"},{\"@type\":\"ListItem\",\"position\":3,\"name\":\"Jei pasilik\u010diau\"}]},{\"@type\":\"WebSite\",\"@id\":\"https:\/\/skaitytaknyga.lt\/#website\",\"url\":\"https:\/\/skaitytaknyga.lt\/\",\"name\":\"skaitytaknyga.lt\",\"description\":\"Skaitytaknyga.lt \u2013 tai ma\u017eas \u0161eimos verslas, kuris prasid\u0117jo nuo meil\u0117s knygoms ir siekio i\u0161gelb\u0117ti knygas nuo likimo prie konteinerio. Kas vienam nereikalingas daiktas \u2013 kitam lobis, o mes esame tarpininkai, kurie padeda abiems tapti laimingesniems ???? \u017dinome kaip nelengva i\u0161gyventi ma\u017eiems verslams, tad nuo \u0161iol, \u010dia rasite ir kit\u0173, ma\u017e\u0173 \u0161eim\u0173 versl\u0173, rank\u0173 darbo, dovan\u0173 sau ir artimiesiems.\",\"publisher\":{\"@id\":\"https:\/\/skaitytaknyga.lt\/#organization\"},\"potentialAction\":[{\"@type\":\"SearchAction\",\"target\":{\"@type\":\"EntryPoint\",\"urlTemplate\":\"https:\/\/skaitytaknyga.lt\/?s={search_term_string}\"},\"query-input\":{\"@type\":\"PropertyValueSpecification\",\"valueRequired\":true,\"valueName\":\"search_term_string\"}}],\"inLanguage\":\"en-GB\"},{\"@type\":\"Organization\",\"@id\":\"https:\/\/skaitytaknyga.lt\/#organization\",\"name\":\"skaitytaknyga.lt\",\"url\":\"https:\/\/skaitytaknyga.lt\/\",\"logo\":{\"@type\":\"ImageObject\",\"inLanguage\":\"en-GB\",\"@id\":\"https:\/\/skaitytaknyga.lt\/#\/schema\/logo\/image\/\",\"url\":\"https:\/\/skaitytaknyga.lt\/wp-content\/uploads\/2024\/05\/cropped-cropped-cropped-02_00843_jt3bggkj1j3HLc7SyY6rEUpg.jpeg\",\"contentUrl\":\"https:\/\/skaitytaknyga.lt\/wp-content\/uploads\/2024\/05\/cropped-cropped-cropped-02_00843_jt3bggkj1j3HLc7SyY6rEUpg.jpeg\",\"width\":1600,\"height\":1600,\"caption\":\"skaitytaknyga.lt\"},\"image\":{\"@id\":\"https:\/\/skaitytaknyga.lt\/#\/schema\/logo\/image\/\"},\"sameAs\":[\"https:\/\/www.facebook.com\/skaitytaknyga\/\"]}]}<\/script>\n<!-- \/ Yoast SEO plugin. -->","yoast_head_json":{"title":"Jei pasilik\u010diau","description":"Ta diena prasid\u0117jo kaip visos... Ir per akimirk\u0105 pasikeit\u0117 negr\u012f\u017etamai... Taip nutiko Mijai. Dar prie\u0161 kelias minutes ji drauge su t\u0117\u010diu, mama ir broliuku","robots":{"index":"index","follow":"follow","max-snippet":"max-snippet:-1","max-image-preview":"max-image-preview:large","max-video-preview":"max-video-preview:-1"},"canonical":"https:\/\/skaitytaknyga.lt\/en\/produktas\/jei-pasilikciau\/","og_locale":"en_GB","og_type":"article","og_title":"[:lt]Jei pasilik\u010diau[:] - Skaitytaknyga","og_description":"Ta diena prasid\u0117jo kaip visos... Ir per akimirk\u0105 pasikeit\u0117 negr\u012f\u017etamai... Taip nutiko Mijai. Dar prie\u0161 kelias minutes ji drauge su t\u0117\u010diu, mama ir broliuku","og_url":"https:\/\/skaitytaknyga.lt\/en\/produktas\/jei-pasilikciau\/","og_site_name":"Skaitytaknyga","article_publisher":"https:\/\/www.facebook.com\/skaitytaknyga\/","article_modified_time":"2025-12-18T17:11:38+00:00","og_image":[{"width":302,"height":450,"url":"https:\/\/skaitytaknyga.lt\/wp-content\/uploads\/2025\/12\/Jei-pasilikciau.webp","type":"image\/webp"}],"twitter_card":"summary_large_image","twitter_misc":{"Estimated reading time":"1 minute"},"schema":{"@context":"https:\/\/schema.org","@graph":[{"@type":"WebPage","@id":"https:\/\/skaitytaknyga.lt\/produktas\/jei-pasilikciau\/","url":"https:\/\/skaitytaknyga.lt\/produktas\/jei-pasilikciau\/","name":"Jei pasilik\u010diau","isPartOf":{"@id":"https:\/\/skaitytaknyga.lt\/#website"},"primaryImageOfPage":{"@id":"https:\/\/skaitytaknyga.lt\/produktas\/jei-pasilikciau\/#primaryimage"},"image":{"@id":"https:\/\/skaitytaknyga.lt\/produktas\/jei-pasilikciau\/#primaryimage"},"thumbnailUrl":"https:\/\/skaitytaknyga.lt\/wp-content\/uploads\/2025\/12\/Jei-pasilikciau.webp","datePublished":"2025-12-18T17:04:57+00:00","dateModified":"2025-12-18T17:11:38+00:00","description":"Ta diena prasid\u0117jo kaip visos... Ir per akimirk\u0105 pasikeit\u0117 negr\u012f\u017etamai... Taip nutiko Mijai. Dar prie\u0161 kelias minutes ji drauge su t\u0117\u010diu, mama ir broliuku","breadcrumb":{"@id":"https:\/\/skaitytaknyga.lt\/produktas\/jei-pasilikciau\/#breadcrumb"},"inLanguage":"en-GB","potentialAction":[{"@type":"ReadAction","target":["https:\/\/skaitytaknyga.lt\/produktas\/jei-pasilikciau\/"]}]},{"@type":"ImageObject","inLanguage":"en-GB","@id":"https:\/\/skaitytaknyga.lt\/produktas\/jei-pasilikciau\/#primaryimage","url":"https:\/\/skaitytaknyga.lt\/wp-content\/uploads\/2025\/12\/Jei-pasilikciau.webp","contentUrl":"https:\/\/skaitytaknyga.lt\/wp-content\/uploads\/2025\/12\/Jei-pasilikciau.webp","width":302,"height":450,"caption":"Jei pasilik\u010diau"},{"@type":"BreadcrumbList","@id":"https:\/\/skaitytaknyga.lt\/produktas\/jei-pasilikciau\/#breadcrumb","itemListElement":[{"@type":"ListItem","position":1,"name":"Home","item":"https:\/\/skaitytaknyga.lt\/"},{"@type":"ListItem","position":2,"name":"Parduotuv\u0117","item":"https:\/\/skaitytaknyga.lt\/knygu-parduotuve\/"},{"@type":"ListItem","position":3,"name":"Jei pasilik\u010diau"}]},{"@type":"WebSite","@id":"https:\/\/skaitytaknyga.lt\/#website","url":"https:\/\/skaitytaknyga.lt\/","name":"skaitytaknyga.lt","description":"Skaitytaknyga.lt \u2013 tai ma\u017eas \u0161eimos verslas, kuris prasid\u0117jo nuo meil\u0117s knygoms ir siekio i\u0161gelb\u0117ti knygas nuo likimo prie konteinerio. Kas vienam nereikalingas daiktas \u2013 kitam lobis, o mes esame tarpininkai, kurie padeda abiems tapti laimingesniems ???? \u017dinome kaip nelengva i\u0161gyventi ma\u017eiems verslams, tad nuo \u0161iol, \u010dia rasite ir kit\u0173, ma\u017e\u0173 \u0161eim\u0173 versl\u0173, rank\u0173 darbo, dovan\u0173 sau ir artimiesiems.","publisher":{"@id":"https:\/\/skaitytaknyga.lt\/#organization"},"potentialAction":[{"@type":"SearchAction","target":{"@type":"EntryPoint","urlTemplate":"https:\/\/skaitytaknyga.lt\/?s={search_term_string}"},"query-input":{"@type":"PropertyValueSpecification","valueRequired":true,"valueName":"search_term_string"}}],"inLanguage":"en-GB"},{"@type":"Organization","@id":"https:\/\/skaitytaknyga.lt\/#organization","name":"skaitytaknyga.lt","url":"https:\/\/skaitytaknyga.lt\/","logo":{"@type":"ImageObject","inLanguage":"en-GB","@id":"https:\/\/skaitytaknyga.lt\/#\/schema\/logo\/image\/","url":"https:\/\/skaitytaknyga.lt\/wp-content\/uploads\/2024\/05\/cropped-cropped-cropped-02_00843_jt3bggkj1j3HLc7SyY6rEUpg.jpeg","contentUrl":"https:\/\/skaitytaknyga.lt\/wp-content\/uploads\/2024\/05\/cropped-cropped-cropped-02_00843_jt3bggkj1j3HLc7SyY6rEUpg.jpeg","width":1600,"height":1600,"caption":"skaitytaknyga.lt"},"image":{"@id":"https:\/\/skaitytaknyga.lt\/#\/schema\/logo\/image\/"},"sameAs":["https:\/\/www.facebook.com\/skaitytaknyga\/"]}]}},"_links":{"self":[{"href":"https:\/\/skaitytaknyga.lt\/en\/wp-json\/wp\/v2\/product\/22281","targetHints":{"allow":["GET"]}}],"collection":[{"href":"https:\/\/skaitytaknyga.lt\/en\/wp-json\/wp\/v2\/product"}],"about":[{"href":"https:\/\/skaitytaknyga.lt\/en\/wp-json\/wp\/v2\/types\/product"}],"replies":[{"embeddable":true,"href":"https:\/\/skaitytaknyga.lt\/en\/wp-json\/wp\/v2\/comments?post=22281"}],"wp:featuredmedia":[{"embeddable":true,"href":"https:\/\/skaitytaknyga.lt\/en\/wp-json\/wp\/v2\/media\/22286"}],"wp:attachment":[{"href":"https:\/\/skaitytaknyga.lt\/en\/wp-json\/wp\/v2\/media?parent=22281"}],"wp:term":[{"taxonomy":"product_brand","embeddable":true,"href":"https:\/\/skaitytaknyga.lt\/en\/wp-json\/wp\/v2\/product_brand?post=22281"},{"taxonomy":"product_cat","embeddable":true,"href":"https:\/\/skaitytaknyga.lt\/en\/wp-json\/wp\/v2\/product_cat?post=22281"},{"taxonomy":"product_tag","embeddable":true,"href":"https:\/\/skaitytaknyga.lt\/en\/wp-json\/wp\/v2\/product_tag?post=22281"}],"curies":[{"name":"wp","href":"https:\/\/api.w.org\/{rel}","templated":true}]}}