{"id":22275,"date":"2025-12-18T18:56:10","date_gmt":"2025-12-18T16:56:10","guid":{"rendered":"https:\/\/skaitytaknyga.lt\/?post_type=product&#038;p=22275"},"modified":"2026-03-05T16:00:45","modified_gmt":"2026-03-05T14:00:45","slug":"antras-kartas","status":"publish","type":"product","link":"https:\/\/skaitytaknyga.lt\/en\/produktas\/antras-kartas\/","title":{"rendered":"Antras kartas"},"content":{"rendered":"<p>Tai jaudinantis pasakojimas apie apgaul\u0119 ir kankinan\u010di\u0105 ne\u017einomyb\u0119. Kvap\u0105 gniau\u017eian\u010di\u0173 \u012fvyki\u0173 ir netik\u0117tum\u0173 kupiname romane pramanai susipina su gyvenimo tikrove.<\/p>\n<p>Staiga dingsta Nikolas Spenseris, charizmati\u0161kas medicinos tyrim\u0173 bendrov\u0117s \u201eStela\u201c, kurian\u010dios skiep\u0105 nuo v\u0117\u017eio, vadovas. Privatus jo l\u0117ktuvas sud\u016b\u017eta skrisdamas \u012f Puerto Rik\u0105, bet jo k\u016bnas nerandamas. <\/p>\n<p>Pirmieji skiepo bandym\u0173 rezultatai atrod\u0117 daug \u017eadantys. Ta\u010diau dingus Spenseriui prane\u0161ama, kad kuriamas skiepas nebus patvirtintas. Netrukus paai\u0161k\u0117ja, kad i\u0161 \u201eStelos\u201c dingo did\u017eiul\u0117s pinig\u0173 sumos, tarp j\u0173 \u2013 kiekvienu savo centu rizikavusi\u0173 \u017emoni\u0173 gyvenimo santaupos. Vagyste \u012ftariamas pats Nikas.<\/p>\n<p>Mar\u0161a Dekarlo, vis\u0173 vadinama Karle, trisde\u0161imt dvej\u0173 met\u0173 \u017eurnalo reporter\u0117, gauna u\u017eduot\u012f para\u0161yti i\u0161sam\u0173 straipsn\u012f apie \u0161i\u0105 istorij\u0105. Kai ji imasi savo tyrimo, i\u0161kyla klausim\u0173, \u012f kuriuos i\u0161 prad\u017ei\u0173 ne\u012fmanoma atsakyti: Nikolas Spenseris negyvas ar slapstosi? Ar jis kaltas, ar buvo paki\u0161tas? Kod\u0117l staiga pakito medik\u0173 po\u017ei\u016bris \u012f skiep\u0105?<\/p>\n","protected":false},"excerpt":{"rendered":"<p>Tai jaudinantis pasakojimas apie apgaul\u0119 ir kankinan\u010di\u0105 ne\u017einomyb\u0119. Kvap\u0105 gniau\u017eian\u010di\u0173 \u012fvyki\u0173 ir netik\u0117tum\u0173 kupiname romane pramanai susipina su gyvenimo tikrove. Staiga dingsta Nikolas Spenseris, charizmati\u0161kas medicinos tyrim\u0173 bendrov\u0117s \u201eStela\u201c, kurian\u010dios skiep\u0105 nuo v\u0117\u017eio, vadovas. Privatus jo l\u0117ktuvas sud\u016b\u017eta skrisdamas \u012f Puerto Rik\u0105, bet jo k\u016bnas nerandamas. Pirmieji skiepo bandym\u0173 rezultatai atrod\u0117 daug \u017eadantys. Ta\u010diau dingus Spenseriui prane\u0161ama, kad kuriamas skiepas nebus patvirtintas. Netrukus paai\u0161k\u0117ja, kad i\u0161 \u201eStelos\u201c dingo did\u017eiul\u0117s pinig\u0173 sumos, tarp j\u0173 \u2013 kiekvienu savo centu rizikavusi\u0173 \u017emoni\u0173 gyvenimo santaupos. Vagyste \u012ftariamas pats Nikas. Mar\u0161a Dekarlo, vis\u0173 vadinama Karle, trisde\u0161imt dvej\u0173 met\u0173 \u017eurnalo reporter\u0117, gauna u\u017eduot\u012f para\u0161yti i\u0161sam\u0173 straipsn\u012f apie \u0161i\u0105 istorij\u0105. Kai ji imasi savo tyrimo, i\u0161kyla klausim\u0173, \u012f kuriuos i\u0161 prad\u017ei\u0173 ne\u012fmanoma atsakyti: Nikolas Spenseris negyvas ar slapstosi? Ar jis kaltas, ar buvo paki\u0161tas? Kod\u0117l staiga pakito medik\u0173 po\u017ei\u016bris \u012f skiep\u0105?<\/p>\n","protected":false},"featured_media":22280,"comment_status":"open","ping_status":"closed","template":"","meta":{"_acf_changed":false,"site-sidebar-layout":"default","site-content-layout":"","ast-site-content-layout":"default","site-content-style":"default","site-sidebar-style":"default","ast-global-header-display":"","ast-banner-title-visibility":"","ast-main-header-display":"","ast-hfb-above-header-display":"","ast-hfb-below-header-display":"","ast-hfb-mobile-header-display":"","site-post-title":"","ast-breadcrumbs-content":"","ast-featured-img":"","footer-sml-layout":"","ast-disable-related-posts":"","theme-transparent-header-meta":"","adv-header-id-meta":"","stick-header-meta":"","header-above-stick-meta":"","header-main-stick-meta":"","header-below-stick-meta":"","astra-migrate-meta-layouts":"default","ast-page-background-enabled":"default","ast-page-background-meta":{"desktop":{"background-color":"","background-image":"","background-repeat":"repeat","background-position":"center center","background-size":"auto","background-attachment":"scroll","background-type":"","background-media":"","overlay-type":"","overlay-color":"","overlay-opacity":"","overlay-gradient":""},"tablet":{"background-color":"","background-image":"","background-repeat":"repeat","background-position":"center center","background-size":"auto","background-attachment":"scroll","background-type":"","background-media":"","overlay-type":"","overlay-color":"","overlay-opacity":"","overlay-gradient":""},"mobile":{"background-color":"","background-image":"","background-repeat":"repeat","background-position":"center center","background-size":"auto","background-attachment":"scroll","background-type":"","background-media":"","overlay-type":"","overlay-color":"","overlay-opacity":"","overlay-gradient":""}},"ast-content-background-meta":{"desktop":{"background-color":"var(--ast-global-color-4)","background-image":"","background-repeat":"repeat","background-position":"center center","background-size":"auto","background-attachment":"scroll","background-type":"","background-media":"","overlay-type":"","overlay-color":"","overlay-opacity":"","overlay-gradient":""},"tablet":{"background-color":"var(--ast-global-color-4)","background-image":"","background-repeat":"repeat","background-position":"center center","background-size":"auto","background-attachment":"scroll","background-type":"","background-media":"","overlay-type":"","overlay-color":"","overlay-opacity":"","overlay-gradient":""},"mobile":{"background-color":"var(--ast-global-color-4)","background-image":"","background-repeat":"repeat","background-position":"center center","background-size":"auto","background-attachment":"scroll","background-type":"","background-media":"","overlay-type":"","overlay-color":"","overlay-opacity":"","overlay-gradient":""}}},"product_brand":[],"product_cat":[9581],"product_tag":[],"class_list":{"0":"post-22275","1":"product","2":"type-product","3":"status-publish","4":"has-post-thumbnail","6":"product_cat-kriminaliniai-romanai","7":"desktop-align-left","8":"tablet-align-left","9":"mobile-align-left","11":"first","12":"instock","13":"shipping-taxable","14":"purchasable","15":"product-type-simple"},"acf":[],"yoast_head":"<!-- This site is optimized with the Yoast SEO plugin v27.0 - https:\/\/yoast.com\/product\/yoast-seo-wordpress\/ -->\n<title>Antras kartas<\/title>\n<meta name=\"description\" content=\"Tai jaudinantis pasakojimas apie apgaul\u0119 ir kankinan\u010di\u0105 ne\u017einomyb\u0119. Kvap\u0105 gniau\u017eian\u010di\u0173 \u012fvyki\u0173 ir netik\u0117tum\u0173 kupiname romane pramanai susipina su gyvenimo\" \/>\n<meta name=\"robots\" content=\"index, follow, max-snippet:-1, max-image-preview:large, max-video-preview:-1\" \/>\n<link rel=\"canonical\" href=\"https:\/\/skaitytaknyga.lt\/en\/produktas\/antras-kartas\/\" \/>\n<meta property=\"og:locale\" content=\"en_GB\" \/>\n<meta property=\"og:locale:alternate\" content=\"lt_LT\" \/>\n<meta property=\"og:type\" content=\"article\" \/>\n<meta property=\"og:title\" content=\"Antras kartas\" \/>\n<meta property=\"og:description\" content=\"Tai jaudinantis pasakojimas apie apgaul\u0119 ir kankinan\u010di\u0105 ne\u017einomyb\u0119. Kvap\u0105 gniau\u017eian\u010di\u0173 \u012fvyki\u0173 ir netik\u0117tum\u0173 kupiname romane pramanai susipina su gyvenimo\" \/>\n<meta property=\"og:url\" content=\"https:\/\/skaitytaknyga.lt\/en\/produktas\/antras-kartas\/\" \/>\n<meta property=\"og:site_name\" content=\"Skaitytaknyga\" \/>\n<meta property=\"article:publisher\" content=\"https:\/\/www.facebook.com\/skaitytaknyga\/\" \/>\n<meta property=\"article:modified_time\" content=\"2026-03-05T14:00:45+00:00\" \/>\n<meta property=\"og:image\" content=\"https:\/\/skaitytaknyga.lt\/wp-content\/uploads\/2025\/12\/Antras-kartas-1.webp\" \/>\n\t<meta property=\"og:image:width\" content=\"300\" \/>\n\t<meta property=\"og:image:height\" content=\"492\" \/>\n\t<meta property=\"og:image:type\" content=\"image\/webp\" \/>\n<meta name=\"twitter:card\" content=\"summary_large_image\" \/>\n<meta name=\"twitter:label1\" content=\"Estimated reading time\" \/>\n\t<meta name=\"twitter:data1\" content=\"1 minute\" \/>\n<script type=\"application\/ld+json\" class=\"yoast-schema-graph\">{\"@context\":\"https:\/\/schema.org\",\"@graph\":[{\"@type\":\"WebPage\",\"@id\":\"https:\/\/skaitytaknyga.lt\/produktas\/antras-kartas\/\",\"url\":\"https:\/\/skaitytaknyga.lt\/produktas\/antras-kartas\/\",\"name\":\"Antras kartas\",\"isPartOf\":{\"@id\":\"https:\/\/skaitytaknyga.lt\/#website\"},\"primaryImageOfPage\":{\"@id\":\"https:\/\/skaitytaknyga.lt\/produktas\/antras-kartas\/#primaryimage\"},\"image\":{\"@id\":\"https:\/\/skaitytaknyga.lt\/produktas\/antras-kartas\/#primaryimage\"},\"thumbnailUrl\":\"https:\/\/skaitytaknyga.lt\/wp-content\/uploads\/2025\/12\/Antras-kartas-1.webp\",\"datePublished\":\"2025-12-18T16:56:10+00:00\",\"dateModified\":\"2026-03-05T14:00:45+00:00\",\"description\":\"Tai jaudinantis pasakojimas apie apgaul\u0119 ir kankinan\u010di\u0105 ne\u017einomyb\u0119. Kvap\u0105 gniau\u017eian\u010di\u0173 \u012fvyki\u0173 ir netik\u0117tum\u0173 kupiname romane pramanai susipina su gyvenimo\",\"breadcrumb\":{\"@id\":\"https:\/\/skaitytaknyga.lt\/produktas\/antras-kartas\/#breadcrumb\"},\"inLanguage\":\"en-GB\",\"potentialAction\":[{\"@type\":\"ReadAction\",\"target\":[\"https:\/\/skaitytaknyga.lt\/produktas\/antras-kartas\/\"]}]},{\"@type\":\"ImageObject\",\"inLanguage\":\"en-GB\",\"@id\":\"https:\/\/skaitytaknyga.lt\/produktas\/antras-kartas\/#primaryimage\",\"url\":\"https:\/\/skaitytaknyga.lt\/wp-content\/uploads\/2025\/12\/Antras-kartas-1.webp\",\"contentUrl\":\"https:\/\/skaitytaknyga.lt\/wp-content\/uploads\/2025\/12\/Antras-kartas-1.webp\",\"width\":300,\"height\":492},{\"@type\":\"BreadcrumbList\",\"@id\":\"https:\/\/skaitytaknyga.lt\/produktas\/antras-kartas\/#breadcrumb\",\"itemListElement\":[{\"@type\":\"ListItem\",\"position\":1,\"name\":\"Home\",\"item\":\"https:\/\/skaitytaknyga.lt\/\"},{\"@type\":\"ListItem\",\"position\":2,\"name\":\"Parduotuv\u0117\",\"item\":\"https:\/\/skaitytaknyga.lt\/knygu-parduotuve\/\"},{\"@type\":\"ListItem\",\"position\":3,\"name\":\"Antras kartas\"}]},{\"@type\":\"WebSite\",\"@id\":\"https:\/\/skaitytaknyga.lt\/#website\",\"url\":\"https:\/\/skaitytaknyga.lt\/\",\"name\":\"skaitytaknyga.lt\",\"description\":\"Skaitytaknyga.lt \u2013 tai ma\u017eas \u0161eimos verslas, kuris prasid\u0117jo nuo meil\u0117s knygoms ir siekio i\u0161gelb\u0117ti knygas nuo likimo prie konteinerio. Kas vienam nereikalingas daiktas \u2013 kitam lobis, o mes esame tarpininkai, kurie padeda abiems tapti laimingesniems ???? \u017dinome kaip nelengva i\u0161gyventi ma\u017eiems verslams, tad nuo \u0161iol, \u010dia rasite ir kit\u0173, ma\u017e\u0173 \u0161eim\u0173 versl\u0173, rank\u0173 darbo, dovan\u0173 sau ir artimiesiems.\",\"publisher\":{\"@id\":\"https:\/\/skaitytaknyga.lt\/#organization\"},\"potentialAction\":[{\"@type\":\"SearchAction\",\"target\":{\"@type\":\"EntryPoint\",\"urlTemplate\":\"https:\/\/skaitytaknyga.lt\/?s={search_term_string}\"},\"query-input\":{\"@type\":\"PropertyValueSpecification\",\"valueRequired\":true,\"valueName\":\"search_term_string\"}}],\"inLanguage\":\"en-GB\"},{\"@type\":\"Organization\",\"@id\":\"https:\/\/skaitytaknyga.lt\/#organization\",\"name\":\"skaitytaknyga.lt\",\"url\":\"https:\/\/skaitytaknyga.lt\/\",\"logo\":{\"@type\":\"ImageObject\",\"inLanguage\":\"en-GB\",\"@id\":\"https:\/\/skaitytaknyga.lt\/#\/schema\/logo\/image\/\",\"url\":\"https:\/\/skaitytaknyga.lt\/wp-content\/uploads\/2024\/05\/cropped-cropped-cropped-02_00843_jt3bggkj1j3HLc7SyY6rEUpg.jpeg\",\"contentUrl\":\"https:\/\/skaitytaknyga.lt\/wp-content\/uploads\/2024\/05\/cropped-cropped-cropped-02_00843_jt3bggkj1j3HLc7SyY6rEUpg.jpeg\",\"width\":1600,\"height\":1600,\"caption\":\"skaitytaknyga.lt\"},\"image\":{\"@id\":\"https:\/\/skaitytaknyga.lt\/#\/schema\/logo\/image\/\"},\"sameAs\":[\"https:\/\/www.facebook.com\/skaitytaknyga\/\"]}]}<\/script>\n<!-- \/ Yoast SEO plugin. -->","yoast_head_json":{"title":"Antras kartas","description":"Tai jaudinantis pasakojimas apie apgaul\u0119 ir kankinan\u010di\u0105 ne\u017einomyb\u0119. Kvap\u0105 gniau\u017eian\u010di\u0173 \u012fvyki\u0173 ir netik\u0117tum\u0173 kupiname romane pramanai susipina su gyvenimo","robots":{"index":"index","follow":"follow","max-snippet":"max-snippet:-1","max-image-preview":"max-image-preview:large","max-video-preview":"max-video-preview:-1"},"canonical":"https:\/\/skaitytaknyga.lt\/en\/produktas\/antras-kartas\/","og_locale":"en_GB","og_type":"article","og_title":"[:lt]Antras kartas[:] - Skaitytaknyga","og_description":"Tai jaudinantis pasakojimas apie apgaul\u0119 ir kankinan\u010di\u0105 ne\u017einomyb\u0119. Kvap\u0105 gniau\u017eian\u010di\u0173 \u012fvyki\u0173 ir netik\u0117tum\u0173 kupiname romane pramanai susipina su gyvenimo","og_url":"https:\/\/skaitytaknyga.lt\/en\/produktas\/antras-kartas\/","og_site_name":"Skaitytaknyga","article_publisher":"https:\/\/www.facebook.com\/skaitytaknyga\/","article_modified_time":"2026-03-05T14:00:45+00:00","og_image":[{"width":300,"height":492,"url":"https:\/\/skaitytaknyga.lt\/wp-content\/uploads\/2025\/12\/Antras-kartas-1.webp","type":"image\/webp"}],"twitter_card":"summary_large_image","twitter_misc":{"Estimated reading time":"1 minute"},"schema":{"@context":"https:\/\/schema.org","@graph":[{"@type":"WebPage","@id":"https:\/\/skaitytaknyga.lt\/produktas\/antras-kartas\/","url":"https:\/\/skaitytaknyga.lt\/produktas\/antras-kartas\/","name":"Antras kartas","isPartOf":{"@id":"https:\/\/skaitytaknyga.lt\/#website"},"primaryImageOfPage":{"@id":"https:\/\/skaitytaknyga.lt\/produktas\/antras-kartas\/#primaryimage"},"image":{"@id":"https:\/\/skaitytaknyga.lt\/produktas\/antras-kartas\/#primaryimage"},"thumbnailUrl":"https:\/\/skaitytaknyga.lt\/wp-content\/uploads\/2025\/12\/Antras-kartas-1.webp","datePublished":"2025-12-18T16:56:10+00:00","dateModified":"2026-03-05T14:00:45+00:00","description":"Tai jaudinantis pasakojimas apie apgaul\u0119 ir kankinan\u010di\u0105 ne\u017einomyb\u0119. Kvap\u0105 gniau\u017eian\u010di\u0173 \u012fvyki\u0173 ir netik\u0117tum\u0173 kupiname romane pramanai susipina su gyvenimo","breadcrumb":{"@id":"https:\/\/skaitytaknyga.lt\/produktas\/antras-kartas\/#breadcrumb"},"inLanguage":"en-GB","potentialAction":[{"@type":"ReadAction","target":["https:\/\/skaitytaknyga.lt\/produktas\/antras-kartas\/"]}]},{"@type":"ImageObject","inLanguage":"en-GB","@id":"https:\/\/skaitytaknyga.lt\/produktas\/antras-kartas\/#primaryimage","url":"https:\/\/skaitytaknyga.lt\/wp-content\/uploads\/2025\/12\/Antras-kartas-1.webp","contentUrl":"https:\/\/skaitytaknyga.lt\/wp-content\/uploads\/2025\/12\/Antras-kartas-1.webp","width":300,"height":492},{"@type":"BreadcrumbList","@id":"https:\/\/skaitytaknyga.lt\/produktas\/antras-kartas\/#breadcrumb","itemListElement":[{"@type":"ListItem","position":1,"name":"Home","item":"https:\/\/skaitytaknyga.lt\/"},{"@type":"ListItem","position":2,"name":"Parduotuv\u0117","item":"https:\/\/skaitytaknyga.lt\/knygu-parduotuve\/"},{"@type":"ListItem","position":3,"name":"Antras kartas"}]},{"@type":"WebSite","@id":"https:\/\/skaitytaknyga.lt\/#website","url":"https:\/\/skaitytaknyga.lt\/","name":"skaitytaknyga.lt","description":"Skaitytaknyga.lt \u2013 tai ma\u017eas \u0161eimos verslas, kuris prasid\u0117jo nuo meil\u0117s knygoms ir siekio i\u0161gelb\u0117ti knygas nuo likimo prie konteinerio. Kas vienam nereikalingas daiktas \u2013 kitam lobis, o mes esame tarpininkai, kurie padeda abiems tapti laimingesniems ???? \u017dinome kaip nelengva i\u0161gyventi ma\u017eiems verslams, tad nuo \u0161iol, \u010dia rasite ir kit\u0173, ma\u017e\u0173 \u0161eim\u0173 versl\u0173, rank\u0173 darbo, dovan\u0173 sau ir artimiesiems.","publisher":{"@id":"https:\/\/skaitytaknyga.lt\/#organization"},"potentialAction":[{"@type":"SearchAction","target":{"@type":"EntryPoint","urlTemplate":"https:\/\/skaitytaknyga.lt\/?s={search_term_string}"},"query-input":{"@type":"PropertyValueSpecification","valueRequired":true,"valueName":"search_term_string"}}],"inLanguage":"en-GB"},{"@type":"Organization","@id":"https:\/\/skaitytaknyga.lt\/#organization","name":"skaitytaknyga.lt","url":"https:\/\/skaitytaknyga.lt\/","logo":{"@type":"ImageObject","inLanguage":"en-GB","@id":"https:\/\/skaitytaknyga.lt\/#\/schema\/logo\/image\/","url":"https:\/\/skaitytaknyga.lt\/wp-content\/uploads\/2024\/05\/cropped-cropped-cropped-02_00843_jt3bggkj1j3HLc7SyY6rEUpg.jpeg","contentUrl":"https:\/\/skaitytaknyga.lt\/wp-content\/uploads\/2024\/05\/cropped-cropped-cropped-02_00843_jt3bggkj1j3HLc7SyY6rEUpg.jpeg","width":1600,"height":1600,"caption":"skaitytaknyga.lt"},"image":{"@id":"https:\/\/skaitytaknyga.lt\/#\/schema\/logo\/image\/"},"sameAs":["https:\/\/www.facebook.com\/skaitytaknyga\/"]}]}},"_links":{"self":[{"href":"https:\/\/skaitytaknyga.lt\/en\/wp-json\/wp\/v2\/product\/22275","targetHints":{"allow":["GET"]}}],"collection":[{"href":"https:\/\/skaitytaknyga.lt\/en\/wp-json\/wp\/v2\/product"}],"about":[{"href":"https:\/\/skaitytaknyga.lt\/en\/wp-json\/wp\/v2\/types\/product"}],"replies":[{"embeddable":true,"href":"https:\/\/skaitytaknyga.lt\/en\/wp-json\/wp\/v2\/comments?post=22275"}],"wp:featuredmedia":[{"embeddable":true,"href":"https:\/\/skaitytaknyga.lt\/en\/wp-json\/wp\/v2\/media\/22280"}],"wp:attachment":[{"href":"https:\/\/skaitytaknyga.lt\/en\/wp-json\/wp\/v2\/media?parent=22275"}],"wp:term":[{"taxonomy":"product_brand","embeddable":true,"href":"https:\/\/skaitytaknyga.lt\/en\/wp-json\/wp\/v2\/product_brand?post=22275"},{"taxonomy":"product_cat","embeddable":true,"href":"https:\/\/skaitytaknyga.lt\/en\/wp-json\/wp\/v2\/product_cat?post=22275"},{"taxonomy":"product_tag","embeddable":true,"href":"https:\/\/skaitytaknyga.lt\/en\/wp-json\/wp\/v2\/product_tag?post=22275"}],"curies":[{"name":"wp","href":"https:\/\/api.w.org\/{rel}","templated":true}]}}