{"id":22272,"date":"2025-12-18T18:56:10","date_gmt":"2025-12-18T16:56:10","guid":{"rendered":"https:\/\/skaitytaknyga.lt\/?post_type=product&#038;p=22272"},"modified":"2025-12-18T19:11:38","modified_gmt":"2025-12-18T17:11:38","slug":"sveiki-atvyke-i-sereniti-puikiosios-magnolijos-4-knyga","status":"publish","type":"product","link":"https:\/\/skaitytaknyga.lt\/en\/produktas\/sveiki-atvyke-i-sereniti-puikiosios-magnolijos-4-knyga\/","title":{"rendered":"Sveiki atvyk\u0119 \u012f Serenit\u012f! Puikiosios Magnolijos. 4 knyga"},"content":{"rendered":"<p>Kai pildosi tro\u0161kimai.<\/p>\n<p>Atvykusi \u012f Serenit\u012f \u017danet\u0117 \u012fgijo ne tik m\u0117gstam\u0105 darb\u0105 \u201eKry\u017ekel\u0117s SPA klube&#8221;. \u010cia ji susirado i\u0161tikim\u0173, nuo\u0161ird\u017ei\u0173 draugi\u0173, kuri\u0173 jai taip tr\u016bko. Ta\u010diau net Puikiosios Magnolijos negali u\u017eglaistyti siaubingos prarajos, atsiv\u0117rusios tarp \u017danet\u0117s ir jos \u0161eimos.<\/p>\n<p>Priversta organizuoti miesto \u0161vent\u0119, \u017danet\u0117 susivienija su patraukliu naujuoju miesto valdytoju. Tomas Makdonaldas \u2013 tikriausiai vienintelis \u017emogus Serenityje, \u0161vent\u0117mis ir \u0161eimos susi\u0117jimais besi\u017eavintis dar ma\u017eiau nei \u017danet\u0117. Ta\u010diau, ore sklandant romanti\u0161kai nuotaikai, \u017danet\u0117 ir Tomas naujai pa\u017evelgia \u012f savo praeit\u012f. Ir abu patiki, kad gali i\u0161sipildyti net seniai pamir\u0161ti tro\u0161kimai.<\/p>\n<p>Ketvirtoji Sherryl Woods knyg\u0173 serijos \u201ePuikiosios Magnolijos&#8221; dalis itin jausminga \u2013 apie geb\u0117jim\u0105 atleisti ir kurti prasmingus santykius.<\/p>\n","protected":false},"excerpt":{"rendered":"<p>Kai pildosi tro\u0161kimai. Atvykusi \u012f Serenit\u012f \u017danet\u0117 \u012fgijo ne tik m\u0117gstam\u0105 darb\u0105 \u201eKry\u017ekel\u0117s SPA klube&#8221;. \u010cia ji susirado i\u0161tikim\u0173, nuo\u0161ird\u017ei\u0173 draugi\u0173, kuri\u0173 jai taip tr\u016bko. Ta\u010diau net Puikiosios Magnolijos negali u\u017eglaistyti siaubingos prarajos, atsiv\u0117rusios tarp \u017danet\u0117s ir jos \u0161eimos. Priversta organizuoti miesto \u0161vent\u0119, \u017danet\u0117 susivienija su patraukliu naujuoju miesto valdytoju. Tomas Makdonaldas \u2013 tikriausiai vienintelis \u017emogus Serenityje, \u0161vent\u0117mis ir \u0161eimos susi\u0117jimais besi\u017eavintis dar ma\u017eiau nei \u017danet\u0117. Ta\u010diau, ore sklandant romanti\u0161kai nuotaikai, \u017danet\u0117 ir Tomas naujai pa\u017evelgia \u012f savo praeit\u012f. Ir abu patiki, kad gali i\u0161sipildyti net seniai pamir\u0161ti tro\u0161kimai. Ketvirtoji Sherryl Woods knyg\u0173 serijos \u201ePuikiosios Magnolijos&#8221; dalis itin jausminga \u2013 apie geb\u0117jim\u0105 atleisti ir kurti prasmingus santykius.<\/p>\n","protected":false},"featured_media":22277,"comment_status":"open","ping_status":"closed","template":"","meta":{"_acf_changed":false,"site-sidebar-layout":"default","site-content-layout":"","ast-site-content-layout":"default","site-content-style":"default","site-sidebar-style":"default","ast-global-header-display":"","ast-banner-title-visibility":"","ast-main-header-display":"","ast-hfb-above-header-display":"","ast-hfb-below-header-display":"","ast-hfb-mobile-header-display":"","site-post-title":"","ast-breadcrumbs-content":"","ast-featured-img":"","footer-sml-layout":"","ast-disable-related-posts":"","theme-transparent-header-meta":"","adv-header-id-meta":"","stick-header-meta":"","header-above-stick-meta":"","header-main-stick-meta":"","header-below-stick-meta":"","astra-migrate-meta-layouts":"default","ast-page-background-enabled":"default","ast-page-background-meta":{"desktop":{"background-color":"","background-image":"","background-repeat":"repeat","background-position":"center center","background-size":"auto","background-attachment":"scroll","background-type":"","background-media":"","overlay-type":"","overlay-color":"","overlay-opacity":"","overlay-gradient":""},"tablet":{"background-color":"","background-image":"","background-repeat":"repeat","background-position":"center center","background-size":"auto","background-attachment":"scroll","background-type":"","background-media":"","overlay-type":"","overlay-color":"","overlay-opacity":"","overlay-gradient":""},"mobile":{"background-color":"","background-image":"","background-repeat":"repeat","background-position":"center center","background-size":"auto","background-attachment":"scroll","background-type":"","background-media":"","overlay-type":"","overlay-color":"","overlay-opacity":"","overlay-gradient":""}},"ast-content-background-meta":{"desktop":{"background-color":"var(--ast-global-color-4)","background-image":"","background-repeat":"repeat","background-position":"center center","background-size":"auto","background-attachment":"scroll","background-type":"","background-media":"","overlay-type":"","overlay-color":"","overlay-opacity":"","overlay-gradient":""},"tablet":{"background-color":"var(--ast-global-color-4)","background-image":"","background-repeat":"repeat","background-position":"center center","background-size":"auto","background-attachment":"scroll","background-type":"","background-media":"","overlay-type":"","overlay-color":"","overlay-opacity":"","overlay-gradient":""},"mobile":{"background-color":"var(--ast-global-color-4)","background-image":"","background-repeat":"repeat","background-position":"center center","background-size":"auto","background-attachment":"scroll","background-type":"","background-media":"","overlay-type":"","overlay-color":"","overlay-opacity":"","overlay-gradient":""}}},"product_brand":[],"product_cat":[31],"product_tag":[],"class_list":{"0":"post-22272","1":"product","2":"type-product","3":"status-publish","4":"has-post-thumbnail","6":"product_cat-grozine-literatura","7":"desktop-align-left","8":"tablet-align-left","9":"mobile-align-left","11":"first","12":"instock","13":"shipping-taxable","14":"purchasable","15":"product-type-simple"},"acf":[],"yoast_head":"<!-- This site is optimized with the Yoast SEO plugin v27.0 - https:\/\/yoast.com\/product\/yoast-seo-wordpress\/ -->\n<title>Sveiki atvyk\u0119 \u012f Serenit\u012f! Puikiosios Magnolijos. 4 knyga<\/title>\n<meta name=\"description\" content=\"Kai pildosi tro\u0161kimai. Atvykusi \u012f Serenit\u012f \u017danet\u0117 \u012fgijo ne tik m\u0117gstam\u0105 darb\u0105 \u201eKry\u017ekel\u0117s SPA klube&quot;. \u010cia ji susirado i\u0161tikim\u0173, nuo\u0161ird\u017ei\u0173 draugi\u0173, kuri\u0173\" \/>\n<meta name=\"robots\" content=\"index, follow, max-snippet:-1, max-image-preview:large, max-video-preview:-1\" \/>\n<link rel=\"canonical\" href=\"https:\/\/skaitytaknyga.lt\/en\/produktas\/sveiki-atvyke-i-sereniti-puikiosios-magnolijos-4-knyga\/\" \/>\n<meta property=\"og:locale\" content=\"en_GB\" \/>\n<meta property=\"og:locale:alternate\" content=\"lt_LT\" \/>\n<meta property=\"og:type\" content=\"article\" \/>\n<meta property=\"og:title\" content=\"Sveiki atvyk\u0119 \u012f Serenit\u012f! Puikiosios Magnolijos. 4 knyga\" \/>\n<meta property=\"og:description\" content=\"Kai pildosi tro\u0161kimai. Atvykusi \u012f Serenit\u012f \u017danet\u0117 \u012fgijo ne tik m\u0117gstam\u0105 darb\u0105 \u201eKry\u017ekel\u0117s SPA klube&quot;. \u010cia ji susirado i\u0161tikim\u0173, nuo\u0161ird\u017ei\u0173 draugi\u0173, kuri\u0173\" \/>\n<meta property=\"og:url\" content=\"https:\/\/skaitytaknyga.lt\/en\/produktas\/sveiki-atvyke-i-sereniti-puikiosios-magnolijos-4-knyga\/\" \/>\n<meta property=\"og:site_name\" content=\"Skaitytaknyga\" \/>\n<meta property=\"article:publisher\" content=\"https:\/\/www.facebook.com\/skaitytaknyga\/\" \/>\n<meta property=\"article:modified_time\" content=\"2025-12-18T17:11:38+00:00\" \/>\n<meta property=\"og:image\" content=\"https:\/\/skaitytaknyga.lt\/wp-content\/uploads\/2025\/12\/Sveiki-atvyke-i-Sereniti-Puikiosios-Magnolijos.-4-knyga-1.webp\" \/>\n\t<meta property=\"og:image:width\" content=\"300\" \/>\n\t<meta property=\"og:image:height\" content=\"471\" \/>\n\t<meta property=\"og:image:type\" content=\"image\/webp\" \/>\n<meta name=\"twitter:card\" content=\"summary_large_image\" \/>\n<meta name=\"twitter:label1\" content=\"Estimated reading time\" \/>\n\t<meta name=\"twitter:data1\" content=\"1 minute\" \/>\n<script type=\"application\/ld+json\" class=\"yoast-schema-graph\">{\"@context\":\"https:\/\/schema.org\",\"@graph\":[{\"@type\":\"WebPage\",\"@id\":\"https:\/\/skaitytaknyga.lt\/produktas\/sveiki-atvyke-i-sereniti-puikiosios-magnolijos-4-knyga\/\",\"url\":\"https:\/\/skaitytaknyga.lt\/produktas\/sveiki-atvyke-i-sereniti-puikiosios-magnolijos-4-knyga\/\",\"name\":\"Sveiki atvyk\u0119 \u012f Serenit\u012f! Puikiosios Magnolijos. 4 knyga\",\"isPartOf\":{\"@id\":\"https:\/\/skaitytaknyga.lt\/#website\"},\"primaryImageOfPage\":{\"@id\":\"https:\/\/skaitytaknyga.lt\/produktas\/sveiki-atvyke-i-sereniti-puikiosios-magnolijos-4-knyga\/#primaryimage\"},\"image\":{\"@id\":\"https:\/\/skaitytaknyga.lt\/produktas\/sveiki-atvyke-i-sereniti-puikiosios-magnolijos-4-knyga\/#primaryimage\"},\"thumbnailUrl\":\"https:\/\/skaitytaknyga.lt\/wp-content\/uploads\/2025\/12\/Sveiki-atvyke-i-Sereniti-Puikiosios-Magnolijos.-4-knyga-1.webp\",\"datePublished\":\"2025-12-18T16:56:10+00:00\",\"dateModified\":\"2025-12-18T17:11:38+00:00\",\"description\":\"Kai pildosi tro\u0161kimai. Atvykusi \u012f Serenit\u012f \u017danet\u0117 \u012fgijo ne tik m\u0117gstam\u0105 darb\u0105 \u201eKry\u017ekel\u0117s SPA klube\\\". \u010cia ji susirado i\u0161tikim\u0173, nuo\u0161ird\u017ei\u0173 draugi\u0173, kuri\u0173\",\"breadcrumb\":{\"@id\":\"https:\/\/skaitytaknyga.lt\/produktas\/sveiki-atvyke-i-sereniti-puikiosios-magnolijos-4-knyga\/#breadcrumb\"},\"inLanguage\":\"en-GB\",\"potentialAction\":[{\"@type\":\"ReadAction\",\"target\":[\"https:\/\/skaitytaknyga.lt\/produktas\/sveiki-atvyke-i-sereniti-puikiosios-magnolijos-4-knyga\/\"]}]},{\"@type\":\"ImageObject\",\"inLanguage\":\"en-GB\",\"@id\":\"https:\/\/skaitytaknyga.lt\/produktas\/sveiki-atvyke-i-sereniti-puikiosios-magnolijos-4-knyga\/#primaryimage\",\"url\":\"https:\/\/skaitytaknyga.lt\/wp-content\/uploads\/2025\/12\/Sveiki-atvyke-i-Sereniti-Puikiosios-Magnolijos.-4-knyga-1.webp\",\"contentUrl\":\"https:\/\/skaitytaknyga.lt\/wp-content\/uploads\/2025\/12\/Sveiki-atvyke-i-Sereniti-Puikiosios-Magnolijos.-4-knyga-1.webp\",\"width\":300,\"height\":471},{\"@type\":\"BreadcrumbList\",\"@id\":\"https:\/\/skaitytaknyga.lt\/produktas\/sveiki-atvyke-i-sereniti-puikiosios-magnolijos-4-knyga\/#breadcrumb\",\"itemListElement\":[{\"@type\":\"ListItem\",\"position\":1,\"name\":\"Home\",\"item\":\"https:\/\/skaitytaknyga.lt\/\"},{\"@type\":\"ListItem\",\"position\":2,\"name\":\"Parduotuv\u0117\",\"item\":\"https:\/\/skaitytaknyga.lt\/knygu-parduotuve\/\"},{\"@type\":\"ListItem\",\"position\":3,\"name\":\"Sveiki atvyk\u0119 \u012f Serenit\u012f! Puikiosios Magnolijos. 4 knyga\"}]},{\"@type\":\"WebSite\",\"@id\":\"https:\/\/skaitytaknyga.lt\/#website\",\"url\":\"https:\/\/skaitytaknyga.lt\/\",\"name\":\"skaitytaknyga.lt\",\"description\":\"Skaitytaknyga.lt \u2013 tai ma\u017eas \u0161eimos verslas, kuris prasid\u0117jo nuo meil\u0117s knygoms ir siekio i\u0161gelb\u0117ti knygas nuo likimo prie konteinerio. Kas vienam nereikalingas daiktas \u2013 kitam lobis, o mes esame tarpininkai, kurie padeda abiems tapti laimingesniems ???? \u017dinome kaip nelengva i\u0161gyventi ma\u017eiems verslams, tad nuo \u0161iol, \u010dia rasite ir kit\u0173, ma\u017e\u0173 \u0161eim\u0173 versl\u0173, rank\u0173 darbo, dovan\u0173 sau ir artimiesiems.\",\"publisher\":{\"@id\":\"https:\/\/skaitytaknyga.lt\/#organization\"},\"potentialAction\":[{\"@type\":\"SearchAction\",\"target\":{\"@type\":\"EntryPoint\",\"urlTemplate\":\"https:\/\/skaitytaknyga.lt\/?s={search_term_string}\"},\"query-input\":{\"@type\":\"PropertyValueSpecification\",\"valueRequired\":true,\"valueName\":\"search_term_string\"}}],\"inLanguage\":\"en-GB\"},{\"@type\":\"Organization\",\"@id\":\"https:\/\/skaitytaknyga.lt\/#organization\",\"name\":\"skaitytaknyga.lt\",\"url\":\"https:\/\/skaitytaknyga.lt\/\",\"logo\":{\"@type\":\"ImageObject\",\"inLanguage\":\"en-GB\",\"@id\":\"https:\/\/skaitytaknyga.lt\/#\/schema\/logo\/image\/\",\"url\":\"https:\/\/skaitytaknyga.lt\/wp-content\/uploads\/2024\/05\/cropped-cropped-cropped-02_00843_jt3bggkj1j3HLc7SyY6rEUpg.jpeg\",\"contentUrl\":\"https:\/\/skaitytaknyga.lt\/wp-content\/uploads\/2024\/05\/cropped-cropped-cropped-02_00843_jt3bggkj1j3HLc7SyY6rEUpg.jpeg\",\"width\":1600,\"height\":1600,\"caption\":\"skaitytaknyga.lt\"},\"image\":{\"@id\":\"https:\/\/skaitytaknyga.lt\/#\/schema\/logo\/image\/\"},\"sameAs\":[\"https:\/\/www.facebook.com\/skaitytaknyga\/\"]}]}<\/script>\n<!-- \/ Yoast SEO plugin. -->","yoast_head_json":{"title":"Sveiki atvyk\u0119 \u012f Serenit\u012f! Puikiosios Magnolijos. 4 knyga","description":"Kai pildosi tro\u0161kimai. Atvykusi \u012f Serenit\u012f \u017danet\u0117 \u012fgijo ne tik m\u0117gstam\u0105 darb\u0105 \u201eKry\u017ekel\u0117s SPA klube\". \u010cia ji susirado i\u0161tikim\u0173, nuo\u0161ird\u017ei\u0173 draugi\u0173, kuri\u0173","robots":{"index":"index","follow":"follow","max-snippet":"max-snippet:-1","max-image-preview":"max-image-preview:large","max-video-preview":"max-video-preview:-1"},"canonical":"https:\/\/skaitytaknyga.lt\/en\/produktas\/sveiki-atvyke-i-sereniti-puikiosios-magnolijos-4-knyga\/","og_locale":"en_GB","og_type":"article","og_title":"[:lt]Sveiki atvyk\u0119 \u012f Serenit\u012f! Puikiosios Magnolijos. 4 knyga[:] - Skaitytaknyga","og_description":"Kai pildosi tro\u0161kimai. Atvykusi \u012f Serenit\u012f \u017danet\u0117 \u012fgijo ne tik m\u0117gstam\u0105 darb\u0105 \u201eKry\u017ekel\u0117s SPA klube\". \u010cia ji susirado i\u0161tikim\u0173, nuo\u0161ird\u017ei\u0173 draugi\u0173, kuri\u0173","og_url":"https:\/\/skaitytaknyga.lt\/en\/produktas\/sveiki-atvyke-i-sereniti-puikiosios-magnolijos-4-knyga\/","og_site_name":"Skaitytaknyga","article_publisher":"https:\/\/www.facebook.com\/skaitytaknyga\/","article_modified_time":"2025-12-18T17:11:38+00:00","og_image":[{"width":300,"height":471,"url":"https:\/\/skaitytaknyga.lt\/wp-content\/uploads\/2025\/12\/Sveiki-atvyke-i-Sereniti-Puikiosios-Magnolijos.-4-knyga-1.webp","type":"image\/webp"}],"twitter_card":"summary_large_image","twitter_misc":{"Estimated reading time":"1 minute"},"schema":{"@context":"https:\/\/schema.org","@graph":[{"@type":"WebPage","@id":"https:\/\/skaitytaknyga.lt\/produktas\/sveiki-atvyke-i-sereniti-puikiosios-magnolijos-4-knyga\/","url":"https:\/\/skaitytaknyga.lt\/produktas\/sveiki-atvyke-i-sereniti-puikiosios-magnolijos-4-knyga\/","name":"Sveiki atvyk\u0119 \u012f Serenit\u012f! Puikiosios Magnolijos. 4 knyga","isPartOf":{"@id":"https:\/\/skaitytaknyga.lt\/#website"},"primaryImageOfPage":{"@id":"https:\/\/skaitytaknyga.lt\/produktas\/sveiki-atvyke-i-sereniti-puikiosios-magnolijos-4-knyga\/#primaryimage"},"image":{"@id":"https:\/\/skaitytaknyga.lt\/produktas\/sveiki-atvyke-i-sereniti-puikiosios-magnolijos-4-knyga\/#primaryimage"},"thumbnailUrl":"https:\/\/skaitytaknyga.lt\/wp-content\/uploads\/2025\/12\/Sveiki-atvyke-i-Sereniti-Puikiosios-Magnolijos.-4-knyga-1.webp","datePublished":"2025-12-18T16:56:10+00:00","dateModified":"2025-12-18T17:11:38+00:00","description":"Kai pildosi tro\u0161kimai. Atvykusi \u012f Serenit\u012f \u017danet\u0117 \u012fgijo ne tik m\u0117gstam\u0105 darb\u0105 \u201eKry\u017ekel\u0117s SPA klube\". \u010cia ji susirado i\u0161tikim\u0173, nuo\u0161ird\u017ei\u0173 draugi\u0173, kuri\u0173","breadcrumb":{"@id":"https:\/\/skaitytaknyga.lt\/produktas\/sveiki-atvyke-i-sereniti-puikiosios-magnolijos-4-knyga\/#breadcrumb"},"inLanguage":"en-GB","potentialAction":[{"@type":"ReadAction","target":["https:\/\/skaitytaknyga.lt\/produktas\/sveiki-atvyke-i-sereniti-puikiosios-magnolijos-4-knyga\/"]}]},{"@type":"ImageObject","inLanguage":"en-GB","@id":"https:\/\/skaitytaknyga.lt\/produktas\/sveiki-atvyke-i-sereniti-puikiosios-magnolijos-4-knyga\/#primaryimage","url":"https:\/\/skaitytaknyga.lt\/wp-content\/uploads\/2025\/12\/Sveiki-atvyke-i-Sereniti-Puikiosios-Magnolijos.-4-knyga-1.webp","contentUrl":"https:\/\/skaitytaknyga.lt\/wp-content\/uploads\/2025\/12\/Sveiki-atvyke-i-Sereniti-Puikiosios-Magnolijos.-4-knyga-1.webp","width":300,"height":471},{"@type":"BreadcrumbList","@id":"https:\/\/skaitytaknyga.lt\/produktas\/sveiki-atvyke-i-sereniti-puikiosios-magnolijos-4-knyga\/#breadcrumb","itemListElement":[{"@type":"ListItem","position":1,"name":"Home","item":"https:\/\/skaitytaknyga.lt\/"},{"@type":"ListItem","position":2,"name":"Parduotuv\u0117","item":"https:\/\/skaitytaknyga.lt\/knygu-parduotuve\/"},{"@type":"ListItem","position":3,"name":"Sveiki atvyk\u0119 \u012f Serenit\u012f! Puikiosios Magnolijos. 4 knyga"}]},{"@type":"WebSite","@id":"https:\/\/skaitytaknyga.lt\/#website","url":"https:\/\/skaitytaknyga.lt\/","name":"skaitytaknyga.lt","description":"Skaitytaknyga.lt \u2013 tai ma\u017eas \u0161eimos verslas, kuris prasid\u0117jo nuo meil\u0117s knygoms ir siekio i\u0161gelb\u0117ti knygas nuo likimo prie konteinerio. Kas vienam nereikalingas daiktas \u2013 kitam lobis, o mes esame tarpininkai, kurie padeda abiems tapti laimingesniems ???? \u017dinome kaip nelengva i\u0161gyventi ma\u017eiems verslams, tad nuo \u0161iol, \u010dia rasite ir kit\u0173, ma\u017e\u0173 \u0161eim\u0173 versl\u0173, rank\u0173 darbo, dovan\u0173 sau ir artimiesiems.","publisher":{"@id":"https:\/\/skaitytaknyga.lt\/#organization"},"potentialAction":[{"@type":"SearchAction","target":{"@type":"EntryPoint","urlTemplate":"https:\/\/skaitytaknyga.lt\/?s={search_term_string}"},"query-input":{"@type":"PropertyValueSpecification","valueRequired":true,"valueName":"search_term_string"}}],"inLanguage":"en-GB"},{"@type":"Organization","@id":"https:\/\/skaitytaknyga.lt\/#organization","name":"skaitytaknyga.lt","url":"https:\/\/skaitytaknyga.lt\/","logo":{"@type":"ImageObject","inLanguage":"en-GB","@id":"https:\/\/skaitytaknyga.lt\/#\/schema\/logo\/image\/","url":"https:\/\/skaitytaknyga.lt\/wp-content\/uploads\/2024\/05\/cropped-cropped-cropped-02_00843_jt3bggkj1j3HLc7SyY6rEUpg.jpeg","contentUrl":"https:\/\/skaitytaknyga.lt\/wp-content\/uploads\/2024\/05\/cropped-cropped-cropped-02_00843_jt3bggkj1j3HLc7SyY6rEUpg.jpeg","width":1600,"height":1600,"caption":"skaitytaknyga.lt"},"image":{"@id":"https:\/\/skaitytaknyga.lt\/#\/schema\/logo\/image\/"},"sameAs":["https:\/\/www.facebook.com\/skaitytaknyga\/"]}]}},"_links":{"self":[{"href":"https:\/\/skaitytaknyga.lt\/en\/wp-json\/wp\/v2\/product\/22272","targetHints":{"allow":["GET"]}}],"collection":[{"href":"https:\/\/skaitytaknyga.lt\/en\/wp-json\/wp\/v2\/product"}],"about":[{"href":"https:\/\/skaitytaknyga.lt\/en\/wp-json\/wp\/v2\/types\/product"}],"replies":[{"embeddable":true,"href":"https:\/\/skaitytaknyga.lt\/en\/wp-json\/wp\/v2\/comments?post=22272"}],"wp:featuredmedia":[{"embeddable":true,"href":"https:\/\/skaitytaknyga.lt\/en\/wp-json\/wp\/v2\/media\/22277"}],"wp:attachment":[{"href":"https:\/\/skaitytaknyga.lt\/en\/wp-json\/wp\/v2\/media?parent=22272"}],"wp:term":[{"taxonomy":"product_brand","embeddable":true,"href":"https:\/\/skaitytaknyga.lt\/en\/wp-json\/wp\/v2\/product_brand?post=22272"},{"taxonomy":"product_cat","embeddable":true,"href":"https:\/\/skaitytaknyga.lt\/en\/wp-json\/wp\/v2\/product_cat?post=22272"},{"taxonomy":"product_tag","embeddable":true,"href":"https:\/\/skaitytaknyga.lt\/en\/wp-json\/wp\/v2\/product_tag?post=22272"}],"curies":[{"name":"wp","href":"https:\/\/api.w.org\/{rel}","templated":true}]}}