{"id":22271,"date":"2025-12-18T18:56:08","date_gmt":"2025-12-18T16:56:08","guid":{"rendered":"https:\/\/skaitytaknyga.lt\/?post_type=product&#038;p=22271"},"modified":"2026-01-30T20:36:50","modified_gmt":"2026-01-30T18:36:50","slug":"jei-viksras-gali-skristi-galiu-ir-as","status":"publish","type":"product","link":"https:\/\/skaitytaknyga.lt\/en\/produktas\/jei-viksras-gali-skristi-galiu-ir-as\/","title":{"rendered":"Jei vik\u0161ras gali skristi, galiu ir a\u0161"},"content":{"rendered":"<p>\u012evaldykite 7 visuotinius d\u0117snius, pad\u0117sian\u010dius jums laim\u0117ti ir klest\u0117ti!<\/p>\n<p>\u0160i knyga skirta jums, jeigu esate saviugdos entuziastas, m\u0117g\u0117jas visko imtis pats, pardavimo agentas ar tiesiog norite, kad j\u016bs\u0173 gyvenimas teigiamai paveikt\u0173 \u0161\u012f pasaul\u012f. Susikurti ger\u0105 gyvenim\u0105 papras\u010diau, nei mano daugelis \u017emoni\u0173. J\u016bs esate it vik\u0161ras, kuris gim\u0117, geneti\u0161kai u\u017eprogramuotas pavirsti drugeliu. J\u016bs irgi gim\u0117te skraidyti \u2013 \u0161auti auk\u0161tyn ir sublizg\u0117ti, nepaisydami esam\u0173 s\u0105lyg\u0173. Kaip tai padaryti?<\/p>\n<p>Knygoje pristatomi septyni visuotiniai d\u0117sniai pad\u0117s suvokti bei \u012fgyvendinti savo tikslus, pasiekti s\u0117km\u0119 ir pilnatv\u0119.<\/p>\n<p>,,Perskaitykite \u0161\u012f nuostab\u0173 pasakojim\u0105 apie tai, kaip, atsi\u017evelgdami \u012f septynis gamtos d\u0117snius ir juos taikydami, galite pasiekti s\u0117km\u0119 bei pilnatv\u0119.&#8221;<\/p>\n<p>\u2013 Dr. Ken Blanchard, knyg\u0173 The One Minute Manager\u00ae ir Whale Done\u2122 bendraautoris.<\/p>\n<p>\u201eJEI VIK\u0160RAS GALI SKRISTI, GALIU IR A\u0160\u201c pad\u0117s jums suvokti, kaip lengva:<\/p>\n<p>kasdien pabusti, jau\u010diant alk\u012f ir aistr\u0105 \u012fgyvendinti savo svajones;<br \/>\natrasti tiksl\u0105, d\u0117l kurio j\u016bs gim\u0117te, ir j\u012f pasiekti;<br \/>\ni\u0161mintimi bei pasitenkinimu pritraukti turt\u0105;<br \/>\npaversti savo pasl\u0117pt\u0105 potencial\u0105 konkre\u010dia veikla, u\u017e kuri\u0105 atlyginama;<br \/>\n\u012fveikti b\u0117das ir problemas;<br \/>\nnusp\u0117ti savo ateit\u012f \u2013 j\u0105 tiesiog i\u0161rasti;<br \/>\nniekada daugiau nepriklausyti nuo geros kloties ir nesibaiminti d\u0117l blogos lemties.<\/p>\n","protected":false},"excerpt":{"rendered":"<p>\u012evaldykite 7 visuotinius d\u0117snius, pad\u0117sian\u010dius jums laim\u0117ti ir klest\u0117ti! \u0160i knyga skirta jums, jeigu esate saviugdos entuziastas, m\u0117g\u0117jas visko imtis pats, pardavimo agentas ar tiesiog norite, kad j\u016bs\u0173 gyvenimas teigiamai paveikt\u0173 \u0161\u012f pasaul\u012f. Susikurti ger\u0105 gyvenim\u0105 papras\u010diau, nei mano daugelis \u017emoni\u0173. J\u016bs esate it vik\u0161ras, kuris gim\u0117, geneti\u0161kai u\u017eprogramuotas pavirsti drugeliu. J\u016bs irgi gim\u0117te skraidyti \u2013 \u0161auti auk\u0161tyn ir sublizg\u0117ti, nepaisydami esam\u0173 s\u0105lyg\u0173. Kaip tai padaryti? Knygoje pristatomi septyni visuotiniai d\u0117sniai pad\u0117s suvokti bei \u012fgyvendinti savo tikslus, pasiekti s\u0117km\u0119 ir pilnatv\u0119. ,,Perskaitykite \u0161\u012f nuostab\u0173 pasakojim\u0105 apie tai, kaip, atsi\u017evelgdami \u012f septynis gamtos d\u0117snius ir juos taikydami, galite pasiekti s\u0117km\u0119 bei pilnatv\u0119.&#8221; \u2013 Dr. Ken Blanchard, knyg\u0173 The One Minute Manager\u00ae ir Whale Done\u2122 bendraautoris. \u201eJEI VIK\u0160RAS GALI SKRISTI, GALIU IR A\u0160\u201c pad\u0117s jums suvokti, kaip lengva: kasdien pabusti, jau\u010diant alk\u012f ir aistr\u0105 \u012fgyvendinti savo svajones; atrasti tiksl\u0105, d\u0117l kurio j\u016bs gim\u0117te, ir j\u012f pasiekti; i\u0161mintimi bei pasitenkinimu pritraukti turt\u0105; paversti savo pasl\u0117pt\u0105 potencial\u0105 konkre\u010dia veikla, u\u017e kuri\u0105 atlyginama; \u012fveikti b\u0117das ir problemas; nusp\u0117ti savo ateit\u012f \u2013 j\u0105 tiesiog i\u0161rasti; niekada daugiau nepriklausyti nuo geros kloties ir nesibaiminti d\u0117l blogos lemties.<\/p>\n","protected":false},"featured_media":22276,"comment_status":"open","ping_status":"closed","template":"","meta":{"_acf_changed":false,"site-sidebar-layout":"default","site-content-layout":"","ast-site-content-layout":"default","site-content-style":"default","site-sidebar-style":"default","ast-global-header-display":"","ast-banner-title-visibility":"","ast-main-header-display":"","ast-hfb-above-header-display":"","ast-hfb-below-header-display":"","ast-hfb-mobile-header-display":"","site-post-title":"","ast-breadcrumbs-content":"","ast-featured-img":"","footer-sml-layout":"","ast-disable-related-posts":"","theme-transparent-header-meta":"","adv-header-id-meta":"","stick-header-meta":"","header-above-stick-meta":"","header-main-stick-meta":"","header-below-stick-meta":"","astra-migrate-meta-layouts":"default","ast-page-background-enabled":"default","ast-page-background-meta":{"desktop":{"background-color":"","background-image":"","background-repeat":"repeat","background-position":"center center","background-size":"auto","background-attachment":"scroll","background-type":"","background-media":"","overlay-type":"","overlay-color":"","overlay-opacity":"","overlay-gradient":""},"tablet":{"background-color":"","background-image":"","background-repeat":"repeat","background-position":"center center","background-size":"auto","background-attachment":"scroll","background-type":"","background-media":"","overlay-type":"","overlay-color":"","overlay-opacity":"","overlay-gradient":""},"mobile":{"background-color":"","background-image":"","background-repeat":"repeat","background-position":"center center","background-size":"auto","background-attachment":"scroll","background-type":"","background-media":"","overlay-type":"","overlay-color":"","overlay-opacity":"","overlay-gradient":""}},"ast-content-background-meta":{"desktop":{"background-color":"var(--ast-global-color-4)","background-image":"","background-repeat":"repeat","background-position":"center center","background-size":"auto","background-attachment":"scroll","background-type":"","background-media":"","overlay-type":"","overlay-color":"","overlay-opacity":"","overlay-gradient":""},"tablet":{"background-color":"var(--ast-global-color-4)","background-image":"","background-repeat":"repeat","background-position":"center center","background-size":"auto","background-attachment":"scroll","background-type":"","background-media":"","overlay-type":"","overlay-color":"","overlay-opacity":"","overlay-gradient":""},"mobile":{"background-color":"var(--ast-global-color-4)","background-image":"","background-repeat":"repeat","background-position":"center center","background-size":"auto","background-attachment":"scroll","background-type":"","background-media":"","overlay-type":"","overlay-color":"","overlay-opacity":"","overlay-gradient":""}}},"product_brand":[],"product_cat":[30],"product_tag":[9369],"class_list":{"0":"post-22271","1":"product","2":"type-product","3":"status-publish","4":"has-post-thumbnail","6":"product_cat-psichologija-ir-saviugda","7":"product_tag-alvin-day","8":"desktop-align-left","9":"tablet-align-left","10":"mobile-align-left","12":"first","13":"instock","14":"shipping-taxable","15":"purchasable","16":"product-type-simple"},"acf":[],"yoast_head":"<!-- This site is optimized with the Yoast SEO plugin v27.0 - https:\/\/yoast.com\/product\/yoast-seo-wordpress\/ -->\n<title>Jei vik\u0161ras gali skristi, galiu ir a\u0161<\/title>\n<meta name=\"description\" content=\"\u012evaldykite 7 visuotinius d\u0117snius, pad\u0117sian\u010dius jums laim\u0117ti ir klest\u0117ti! \u0160i knyga skirta jums, jeigu esate saviugdos entuziastas, m\u0117g\u0117jas visko imtis\" \/>\n<meta name=\"robots\" content=\"index, follow, max-snippet:-1, max-image-preview:large, max-video-preview:-1\" \/>\n<link rel=\"canonical\" href=\"https:\/\/skaitytaknyga.lt\/en\/produktas\/jei-viksras-gali-skristi-galiu-ir-as\/\" \/>\n<meta property=\"og:locale\" content=\"en_GB\" \/>\n<meta property=\"og:locale:alternate\" content=\"lt_LT\" \/>\n<meta property=\"og:type\" content=\"article\" \/>\n<meta property=\"og:title\" content=\"Jei vik\u0161ras gali skristi, galiu ir a\u0161\" \/>\n<meta property=\"og:description\" content=\"\u012evaldykite 7 visuotinius d\u0117snius, pad\u0117sian\u010dius jums laim\u0117ti ir klest\u0117ti! \u0160i knyga skirta jums, jeigu esate saviugdos entuziastas, m\u0117g\u0117jas visko imtis\" \/>\n<meta property=\"og:url\" content=\"https:\/\/skaitytaknyga.lt\/en\/produktas\/jei-viksras-gali-skristi-galiu-ir-as\/\" \/>\n<meta property=\"og:site_name\" content=\"Skaitytaknyga\" \/>\n<meta property=\"article:publisher\" content=\"https:\/\/www.facebook.com\/skaitytaknyga\/\" \/>\n<meta property=\"article:modified_time\" content=\"2026-01-30T18:36:50+00:00\" \/>\n<meta property=\"og:image\" content=\"https:\/\/skaitytaknyga.lt\/wp-content\/uploads\/2025\/12\/Jei-viksras-gali-skristi-galiu-ir-as-1.webp\" \/>\n\t<meta property=\"og:image:width\" content=\"300\" \/>\n\t<meta property=\"og:image:height\" content=\"431\" \/>\n\t<meta property=\"og:image:type\" content=\"image\/webp\" \/>\n<meta name=\"twitter:card\" content=\"summary_large_image\" \/>\n<meta name=\"twitter:label1\" content=\"Estimated reading time\" \/>\n\t<meta name=\"twitter:data1\" content=\"1 minute\" \/>\n<script type=\"application\/ld+json\" class=\"yoast-schema-graph\">{\"@context\":\"https:\/\/schema.org\",\"@graph\":[{\"@type\":\"WebPage\",\"@id\":\"https:\/\/skaitytaknyga.lt\/produktas\/jei-viksras-gali-skristi-galiu-ir-as\/\",\"url\":\"https:\/\/skaitytaknyga.lt\/produktas\/jei-viksras-gali-skristi-galiu-ir-as\/\",\"name\":\"Jei vik\u0161ras gali skristi, galiu ir a\u0161\",\"isPartOf\":{\"@id\":\"https:\/\/skaitytaknyga.lt\/#website\"},\"primaryImageOfPage\":{\"@id\":\"https:\/\/skaitytaknyga.lt\/produktas\/jei-viksras-gali-skristi-galiu-ir-as\/#primaryimage\"},\"image\":{\"@id\":\"https:\/\/skaitytaknyga.lt\/produktas\/jei-viksras-gali-skristi-galiu-ir-as\/#primaryimage\"},\"thumbnailUrl\":\"https:\/\/skaitytaknyga.lt\/wp-content\/uploads\/2025\/12\/Jei-viksras-gali-skristi-galiu-ir-as-1.webp\",\"datePublished\":\"2025-12-18T16:56:08+00:00\",\"dateModified\":\"2026-01-30T18:36:50+00:00\",\"description\":\"\u012evaldykite 7 visuotinius d\u0117snius, pad\u0117sian\u010dius jums laim\u0117ti ir klest\u0117ti! \u0160i knyga skirta jums, jeigu esate saviugdos entuziastas, m\u0117g\u0117jas visko imtis\",\"breadcrumb\":{\"@id\":\"https:\/\/skaitytaknyga.lt\/produktas\/jei-viksras-gali-skristi-galiu-ir-as\/#breadcrumb\"},\"inLanguage\":\"en-GB\",\"potentialAction\":[{\"@type\":\"ReadAction\",\"target\":[\"https:\/\/skaitytaknyga.lt\/produktas\/jei-viksras-gali-skristi-galiu-ir-as\/\"]}]},{\"@type\":\"ImageObject\",\"inLanguage\":\"en-GB\",\"@id\":\"https:\/\/skaitytaknyga.lt\/produktas\/jei-viksras-gali-skristi-galiu-ir-as\/#primaryimage\",\"url\":\"https:\/\/skaitytaknyga.lt\/wp-content\/uploads\/2025\/12\/Jei-viksras-gali-skristi-galiu-ir-as-1.webp\",\"contentUrl\":\"https:\/\/skaitytaknyga.lt\/wp-content\/uploads\/2025\/12\/Jei-viksras-gali-skristi-galiu-ir-as-1.webp\",\"width\":300,\"height\":431,\"caption\":\"Jei vik\u0161ras gali skristi, galiu ir a\u0161\"},{\"@type\":\"BreadcrumbList\",\"@id\":\"https:\/\/skaitytaknyga.lt\/produktas\/jei-viksras-gali-skristi-galiu-ir-as\/#breadcrumb\",\"itemListElement\":[{\"@type\":\"ListItem\",\"position\":1,\"name\":\"Home\",\"item\":\"https:\/\/skaitytaknyga.lt\/\"},{\"@type\":\"ListItem\",\"position\":2,\"name\":\"Parduotuv\u0117\",\"item\":\"https:\/\/skaitytaknyga.lt\/knygu-parduotuve\/\"},{\"@type\":\"ListItem\",\"position\":3,\"name\":\"Jei vik\u0161ras gali skristi, galiu ir a\u0161\"}]},{\"@type\":\"WebSite\",\"@id\":\"https:\/\/skaitytaknyga.lt\/#website\",\"url\":\"https:\/\/skaitytaknyga.lt\/\",\"name\":\"skaitytaknyga.lt\",\"description\":\"Skaitytaknyga.lt \u2013 tai ma\u017eas \u0161eimos verslas, kuris prasid\u0117jo nuo meil\u0117s knygoms ir siekio i\u0161gelb\u0117ti knygas nuo likimo prie konteinerio. Kas vienam nereikalingas daiktas \u2013 kitam lobis, o mes esame tarpininkai, kurie padeda abiems tapti laimingesniems ???? \u017dinome kaip nelengva i\u0161gyventi ma\u017eiems verslams, tad nuo \u0161iol, \u010dia rasite ir kit\u0173, ma\u017e\u0173 \u0161eim\u0173 versl\u0173, rank\u0173 darbo, dovan\u0173 sau ir artimiesiems.\",\"publisher\":{\"@id\":\"https:\/\/skaitytaknyga.lt\/#organization\"},\"potentialAction\":[{\"@type\":\"SearchAction\",\"target\":{\"@type\":\"EntryPoint\",\"urlTemplate\":\"https:\/\/skaitytaknyga.lt\/?s={search_term_string}\"},\"query-input\":{\"@type\":\"PropertyValueSpecification\",\"valueRequired\":true,\"valueName\":\"search_term_string\"}}],\"inLanguage\":\"en-GB\"},{\"@type\":\"Organization\",\"@id\":\"https:\/\/skaitytaknyga.lt\/#organization\",\"name\":\"skaitytaknyga.lt\",\"url\":\"https:\/\/skaitytaknyga.lt\/\",\"logo\":{\"@type\":\"ImageObject\",\"inLanguage\":\"en-GB\",\"@id\":\"https:\/\/skaitytaknyga.lt\/#\/schema\/logo\/image\/\",\"url\":\"https:\/\/skaitytaknyga.lt\/wp-content\/uploads\/2024\/05\/cropped-cropped-cropped-02_00843_jt3bggkj1j3HLc7SyY6rEUpg.jpeg\",\"contentUrl\":\"https:\/\/skaitytaknyga.lt\/wp-content\/uploads\/2024\/05\/cropped-cropped-cropped-02_00843_jt3bggkj1j3HLc7SyY6rEUpg.jpeg\",\"width\":1600,\"height\":1600,\"caption\":\"skaitytaknyga.lt\"},\"image\":{\"@id\":\"https:\/\/skaitytaknyga.lt\/#\/schema\/logo\/image\/\"},\"sameAs\":[\"https:\/\/www.facebook.com\/skaitytaknyga\/\"]}]}<\/script>\n<!-- \/ Yoast SEO plugin. -->","yoast_head_json":{"title":"Jei vik\u0161ras gali skristi, galiu ir a\u0161","description":"\u012evaldykite 7 visuotinius d\u0117snius, pad\u0117sian\u010dius jums laim\u0117ti ir klest\u0117ti! \u0160i knyga skirta jums, jeigu esate saviugdos entuziastas, m\u0117g\u0117jas visko imtis","robots":{"index":"index","follow":"follow","max-snippet":"max-snippet:-1","max-image-preview":"max-image-preview:large","max-video-preview":"max-video-preview:-1"},"canonical":"https:\/\/skaitytaknyga.lt\/en\/produktas\/jei-viksras-gali-skristi-galiu-ir-as\/","og_locale":"en_GB","og_type":"article","og_title":"[:lt]Jei vik\u0161ras gali skristi, galiu ir a\u0161[:] - Skaitytaknyga","og_description":"\u012evaldykite 7 visuotinius d\u0117snius, pad\u0117sian\u010dius jums laim\u0117ti ir klest\u0117ti! \u0160i knyga skirta jums, jeigu esate saviugdos entuziastas, m\u0117g\u0117jas visko imtis","og_url":"https:\/\/skaitytaknyga.lt\/en\/produktas\/jei-viksras-gali-skristi-galiu-ir-as\/","og_site_name":"Skaitytaknyga","article_publisher":"https:\/\/www.facebook.com\/skaitytaknyga\/","article_modified_time":"2026-01-30T18:36:50+00:00","og_image":[{"width":300,"height":431,"url":"https:\/\/skaitytaknyga.lt\/wp-content\/uploads\/2025\/12\/Jei-viksras-gali-skristi-galiu-ir-as-1.webp","type":"image\/webp"}],"twitter_card":"summary_large_image","twitter_misc":{"Estimated reading time":"1 minute"},"schema":{"@context":"https:\/\/schema.org","@graph":[{"@type":"WebPage","@id":"https:\/\/skaitytaknyga.lt\/produktas\/jei-viksras-gali-skristi-galiu-ir-as\/","url":"https:\/\/skaitytaknyga.lt\/produktas\/jei-viksras-gali-skristi-galiu-ir-as\/","name":"Jei vik\u0161ras gali skristi, galiu ir a\u0161","isPartOf":{"@id":"https:\/\/skaitytaknyga.lt\/#website"},"primaryImageOfPage":{"@id":"https:\/\/skaitytaknyga.lt\/produktas\/jei-viksras-gali-skristi-galiu-ir-as\/#primaryimage"},"image":{"@id":"https:\/\/skaitytaknyga.lt\/produktas\/jei-viksras-gali-skristi-galiu-ir-as\/#primaryimage"},"thumbnailUrl":"https:\/\/skaitytaknyga.lt\/wp-content\/uploads\/2025\/12\/Jei-viksras-gali-skristi-galiu-ir-as-1.webp","datePublished":"2025-12-18T16:56:08+00:00","dateModified":"2026-01-30T18:36:50+00:00","description":"\u012evaldykite 7 visuotinius d\u0117snius, pad\u0117sian\u010dius jums laim\u0117ti ir klest\u0117ti! \u0160i knyga skirta jums, jeigu esate saviugdos entuziastas, m\u0117g\u0117jas visko imtis","breadcrumb":{"@id":"https:\/\/skaitytaknyga.lt\/produktas\/jei-viksras-gali-skristi-galiu-ir-as\/#breadcrumb"},"inLanguage":"en-GB","potentialAction":[{"@type":"ReadAction","target":["https:\/\/skaitytaknyga.lt\/produktas\/jei-viksras-gali-skristi-galiu-ir-as\/"]}]},{"@type":"ImageObject","inLanguage":"en-GB","@id":"https:\/\/skaitytaknyga.lt\/produktas\/jei-viksras-gali-skristi-galiu-ir-as\/#primaryimage","url":"https:\/\/skaitytaknyga.lt\/wp-content\/uploads\/2025\/12\/Jei-viksras-gali-skristi-galiu-ir-as-1.webp","contentUrl":"https:\/\/skaitytaknyga.lt\/wp-content\/uploads\/2025\/12\/Jei-viksras-gali-skristi-galiu-ir-as-1.webp","width":300,"height":431,"caption":"Jei vik\u0161ras gali skristi, galiu ir a\u0161"},{"@type":"BreadcrumbList","@id":"https:\/\/skaitytaknyga.lt\/produktas\/jei-viksras-gali-skristi-galiu-ir-as\/#breadcrumb","itemListElement":[{"@type":"ListItem","position":1,"name":"Home","item":"https:\/\/skaitytaknyga.lt\/"},{"@type":"ListItem","position":2,"name":"Parduotuv\u0117","item":"https:\/\/skaitytaknyga.lt\/knygu-parduotuve\/"},{"@type":"ListItem","position":3,"name":"Jei vik\u0161ras gali skristi, galiu ir a\u0161"}]},{"@type":"WebSite","@id":"https:\/\/skaitytaknyga.lt\/#website","url":"https:\/\/skaitytaknyga.lt\/","name":"skaitytaknyga.lt","description":"Skaitytaknyga.lt \u2013 tai ma\u017eas \u0161eimos verslas, kuris prasid\u0117jo nuo meil\u0117s knygoms ir siekio i\u0161gelb\u0117ti knygas nuo likimo prie konteinerio. Kas vienam nereikalingas daiktas \u2013 kitam lobis, o mes esame tarpininkai, kurie padeda abiems tapti laimingesniems ???? \u017dinome kaip nelengva i\u0161gyventi ma\u017eiems verslams, tad nuo \u0161iol, \u010dia rasite ir kit\u0173, ma\u017e\u0173 \u0161eim\u0173 versl\u0173, rank\u0173 darbo, dovan\u0173 sau ir artimiesiems.","publisher":{"@id":"https:\/\/skaitytaknyga.lt\/#organization"},"potentialAction":[{"@type":"SearchAction","target":{"@type":"EntryPoint","urlTemplate":"https:\/\/skaitytaknyga.lt\/?s={search_term_string}"},"query-input":{"@type":"PropertyValueSpecification","valueRequired":true,"valueName":"search_term_string"}}],"inLanguage":"en-GB"},{"@type":"Organization","@id":"https:\/\/skaitytaknyga.lt\/#organization","name":"skaitytaknyga.lt","url":"https:\/\/skaitytaknyga.lt\/","logo":{"@type":"ImageObject","inLanguage":"en-GB","@id":"https:\/\/skaitytaknyga.lt\/#\/schema\/logo\/image\/","url":"https:\/\/skaitytaknyga.lt\/wp-content\/uploads\/2024\/05\/cropped-cropped-cropped-02_00843_jt3bggkj1j3HLc7SyY6rEUpg.jpeg","contentUrl":"https:\/\/skaitytaknyga.lt\/wp-content\/uploads\/2024\/05\/cropped-cropped-cropped-02_00843_jt3bggkj1j3HLc7SyY6rEUpg.jpeg","width":1600,"height":1600,"caption":"skaitytaknyga.lt"},"image":{"@id":"https:\/\/skaitytaknyga.lt\/#\/schema\/logo\/image\/"},"sameAs":["https:\/\/www.facebook.com\/skaitytaknyga\/"]}]}},"_links":{"self":[{"href":"https:\/\/skaitytaknyga.lt\/en\/wp-json\/wp\/v2\/product\/22271","targetHints":{"allow":["GET"]}}],"collection":[{"href":"https:\/\/skaitytaknyga.lt\/en\/wp-json\/wp\/v2\/product"}],"about":[{"href":"https:\/\/skaitytaknyga.lt\/en\/wp-json\/wp\/v2\/types\/product"}],"replies":[{"embeddable":true,"href":"https:\/\/skaitytaknyga.lt\/en\/wp-json\/wp\/v2\/comments?post=22271"}],"wp:featuredmedia":[{"embeddable":true,"href":"https:\/\/skaitytaknyga.lt\/en\/wp-json\/wp\/v2\/media\/22276"}],"wp:attachment":[{"href":"https:\/\/skaitytaknyga.lt\/en\/wp-json\/wp\/v2\/media?parent=22271"}],"wp:term":[{"taxonomy":"product_brand","embeddable":true,"href":"https:\/\/skaitytaknyga.lt\/en\/wp-json\/wp\/v2\/product_brand?post=22271"},{"taxonomy":"product_cat","embeddable":true,"href":"https:\/\/skaitytaknyga.lt\/en\/wp-json\/wp\/v2\/product_cat?post=22271"},{"taxonomy":"product_tag","embeddable":true,"href":"https:\/\/skaitytaknyga.lt\/en\/wp-json\/wp\/v2\/product_tag?post=22271"}],"curies":[{"name":"wp","href":"https:\/\/api.w.org\/{rel}","templated":true}]}}