{"id":2226,"date":"2024-04-17T13:06:27","date_gmt":"2024-04-17T13:06:27","guid":{"rendered":"https:\/\/skaitytaknyga.lt\/?post_type=product&#038;p=2226"},"modified":"2026-03-05T16:00:57","modified_gmt":"2026-03-05T14:00:57","slug":"prarastoji-sviesa","status":"publish","type":"product","link":"https:\/\/skaitytaknyga.lt\/en\/produktas\/prarastoji-sviesa\/","title":{"rendered":"Prarastoji \u0161viesa"},"content":{"rendered":"","protected":false},"excerpt":{"rendered":"<p>Los And\u017eelo policijos detektyvui Hariui Bo\u0161ui filmavimo aik\u0161tel\u0117je atliekant apklaus\u0105 d\u0117l jaunos kino kompanijos asistent\u0117s nu\u017eudymo, \u0161arvuotas automobilis filmo apipl\u0117\u0161imo scenai i\u0161 banko atve\u017e\u0117 du milijonus doleri\u0173. Ir staiga k\u016br\u0117j\u0173 i\u0161mon\u0117 susimai\u0161\u0117 su tikrove: ginkluoti pl\u0117\u0161ikai vis\u0173 akivaizdoje pagrob\u0117 pinigus.<\/p>\n<p>Laiko dulk\u0117s u\u017ekloojo taip ir nei\u0161tirtus nusikaltimus, ta\u010diau \u012f atsarg\u0105 i\u0161\u0117j\u0119s detektyvas Haris Bo\u0161as v\u0117l \u0117m\u0117si nu\u017eudytos moters bylos. Ir v\u0117l tyrimo p\u0117dsakai nuved\u0117 pagrobt\u0173j\u0173 pinig\u0173 link<\/p>\n","protected":false},"featured_media":2274,"comment_status":"closed","ping_status":"closed","template":"","meta":{"_acf_changed":false,"site-sidebar-layout":"default","site-content-layout":"","ast-site-content-layout":"default","site-content-style":"default","site-sidebar-style":"default","ast-global-header-display":"","ast-banner-title-visibility":"","ast-main-header-display":"","ast-hfb-above-header-display":"","ast-hfb-below-header-display":"","ast-hfb-mobile-header-display":"","site-post-title":"","ast-breadcrumbs-content":"","ast-featured-img":"","footer-sml-layout":"","ast-disable-related-posts":"","theme-transparent-header-meta":"","adv-header-id-meta":"","stick-header-meta":"","header-above-stick-meta":"","header-main-stick-meta":"","header-below-stick-meta":"","astra-migrate-meta-layouts":"default","ast-page-background-enabled":"default","ast-page-background-meta":{"desktop":{"background-color":"","background-image":"","background-repeat":"repeat","background-position":"center center","background-size":"auto","background-attachment":"scroll","background-type":"","background-media":"","overlay-type":"","overlay-color":"","overlay-opacity":"","overlay-gradient":""},"tablet":{"background-color":"","background-image":"","background-repeat":"repeat","background-position":"center center","background-size":"auto","background-attachment":"scroll","background-type":"","background-media":"","overlay-type":"","overlay-color":"","overlay-opacity":"","overlay-gradient":""},"mobile":{"background-color":"","background-image":"","background-repeat":"repeat","background-position":"center center","background-size":"auto","background-attachment":"scroll","background-type":"","background-media":"","overlay-type":"","overlay-color":"","overlay-opacity":"","overlay-gradient":""}},"ast-content-background-meta":{"desktop":{"background-color":"var(--ast-global-color-4)","background-image":"","background-repeat":"repeat","background-position":"center center","background-size":"auto","background-attachment":"scroll","background-type":"","background-media":"","overlay-type":"","overlay-color":"","overlay-opacity":"","overlay-gradient":""},"tablet":{"background-color":"var(--ast-global-color-4)","background-image":"","background-repeat":"repeat","background-position":"center center","background-size":"auto","background-attachment":"scroll","background-type":"","background-media":"","overlay-type":"","overlay-color":"","overlay-opacity":"","overlay-gradient":""},"mobile":{"background-color":"var(--ast-global-color-4)","background-image":"","background-repeat":"repeat","background-position":"center center","background-size":"auto","background-attachment":"scroll","background-type":"","background-media":"","overlay-type":"","overlay-color":"","overlay-opacity":"","overlay-gradient":""}}},"product_brand":[],"product_cat":[9581],"product_tag":[],"class_list":{"0":"post-2226","1":"product","2":"type-product","3":"status-publish","4":"has-post-thumbnail","6":"product_cat-kriminaliniai-romanai","7":"desktop-align-left","8":"tablet-align-left","9":"mobile-align-left","11":"first","12":"instock","13":"shipping-taxable","14":"purchasable","15":"product-type-simple"},"acf":[],"yoast_head":"<!-- This site is optimized with the Yoast SEO plugin v27.4 - https:\/\/yoast.com\/product\/yoast-seo-wordpress\/ -->\n<title>Prarastoji \u0161viesa<\/title>\n<meta name=\"description\" content=\"Los And\u017eelo policijos detektyvui Hariui Bo\u0161ui filmavimo aik\u0161tel\u0117je atliekant apklaus\u0105 d\u0117l jaunos kino kompanijos asistent\u0117s nu\u017eudymo, \u0161arvuotas automobilis filmo apipl\u0117\u0161imo scenai i\u0161 banko atve\u017e\u0117 du milijonus doleri\u0173. Ir staiga k\u016br\u0117j\u0173 i\u0161mon\u0117 susimai\u0161\u0117 su tikrove: ginkluoti pl\u0117\u0161ikai vis\u0173 akivaizdoje pagrob\u0117 pinigus.  Laiko dulk\u0117s u\u017ekloojo taip ir nei\u0161tirtus nusikaltimus, ta\u010diau \u012f atsarg\u0105 i\u0161\u0117j\u0119s detektyvas Haris Bo\u0161as v\u0117l \u0117m\u0117si nu\u017eudytos moters bylos. Ir v\u0117l tyrimo p\u0117dsakai nuved\u0117 pagrobt\u0173j\u0173 pinig\u0173 link\" \/>\n<meta name=\"robots\" content=\"index, follow, max-snippet:-1, max-image-preview:large, max-video-preview:-1\" \/>\n<link rel=\"canonical\" href=\"https:\/\/skaitytaknyga.lt\/en\/produktas\/prarastoji-sviesa\/\" \/>\n<meta property=\"og:locale\" content=\"en_GB\" \/>\n<meta property=\"og:locale:alternate\" content=\"lt_LT\" \/>\n<meta property=\"og:type\" content=\"article\" \/>\n<meta property=\"og:title\" content=\"Prarastoji \u0161viesa\" \/>\n<meta property=\"og:description\" content=\"Los And\u017eelo policijos detektyvui Hariui Bo\u0161ui filmavimo aik\u0161tel\u0117je atliekant apklaus\u0105 d\u0117l jaunos kino kompanijos asistent\u0117s nu\u017eudymo, \u0161arvuotas automobilis filmo apipl\u0117\u0161imo scenai i\u0161 banko atve\u017e\u0117 du milijonus doleri\u0173. Ir staiga k\u016br\u0117j\u0173 i\u0161mon\u0117 susimai\u0161\u0117 su tikrove: ginkluoti pl\u0117\u0161ikai vis\u0173 akivaizdoje pagrob\u0117 pinigus.  Laiko dulk\u0117s u\u017ekloojo taip ir nei\u0161tirtus nusikaltimus, ta\u010diau \u012f atsarg\u0105 i\u0161\u0117j\u0119s detektyvas Haris Bo\u0161as v\u0117l \u0117m\u0117si nu\u017eudytos moters bylos. Ir v\u0117l tyrimo p\u0117dsakai nuved\u0117 pagrobt\u0173j\u0173 pinig\u0173 link\" \/>\n<meta property=\"og:url\" content=\"https:\/\/skaitytaknyga.lt\/en\/produktas\/prarastoji-sviesa\/\" \/>\n<meta property=\"og:site_name\" content=\"Skaitytaknyga\" \/>\n<meta property=\"article:publisher\" content=\"https:\/\/www.facebook.com\/skaitytaknyga\/\" \/>\n<meta property=\"article:modified_time\" content=\"2026-03-05T14:00:57+00:00\" \/>\n<meta property=\"og:image\" content=\"https:\/\/skaitytaknyga.lt\/wp-content\/uploads\/2024\/04\/1462878391_img0029.jpg\" \/>\n\t<meta property=\"og:image:width\" content=\"515\" \/>\n\t<meta property=\"og:image:height\" content=\"800\" \/>\n\t<meta property=\"og:image:type\" content=\"image\/jpeg\" \/>\n<meta name=\"twitter:card\" content=\"summary_large_image\" \/>\n<script type=\"application\/ld+json\" class=\"yoast-schema-graph\">{\"@context\":\"https:\\\/\\\/schema.org\",\"@graph\":[{\"@type\":\"WebPage\",\"@id\":\"https:\\\/\\\/skaitytaknyga.lt\\\/produktas\\\/prarastoji-sviesa\\\/\",\"url\":\"https:\\\/\\\/skaitytaknyga.lt\\\/produktas\\\/prarastoji-sviesa\\\/\",\"name\":\"Prarastoji \u0161viesa\",\"isPartOf\":{\"@id\":\"https:\\\/\\\/skaitytaknyga.lt\\\/#website\"},\"primaryImageOfPage\":{\"@id\":\"https:\\\/\\\/skaitytaknyga.lt\\\/produktas\\\/prarastoji-sviesa\\\/#primaryimage\"},\"image\":{\"@id\":\"https:\\\/\\\/skaitytaknyga.lt\\\/produktas\\\/prarastoji-sviesa\\\/#primaryimage\"},\"thumbnailUrl\":\"https:\\\/\\\/skaitytaknyga.lt\\\/wp-content\\\/uploads\\\/2024\\\/04\\\/1462878391_img0029.jpg\",\"datePublished\":\"2024-04-17T13:06:27+00:00\",\"dateModified\":\"2026-03-05T14:00:57+00:00\",\"description\":\"Los And\u017eelo policijos detektyvui Hariui Bo\u0161ui filmavimo aik\u0161tel\u0117je atliekant apklaus\u0105 d\u0117l jaunos kino kompanijos asistent\u0117s nu\u017eudymo, \u0161arvuotas automobilis filmo apipl\u0117\u0161imo scenai i\u0161 banko atve\u017e\u0117 du milijonus doleri\u0173. Ir staiga k\u016br\u0117j\u0173 i\u0161mon\u0117 susimai\u0161\u0117 su tikrove: ginkluoti pl\u0117\u0161ikai vis\u0173 akivaizdoje pagrob\u0117 pinigus. Laiko dulk\u0117s u\u017ekloojo taip ir nei\u0161tirtus nusikaltimus, ta\u010diau \u012f atsarg\u0105 i\u0161\u0117j\u0119s detektyvas Haris Bo\u0161as v\u0117l \u0117m\u0117si nu\u017eudytos moters bylos. Ir v\u0117l tyrimo p\u0117dsakai nuved\u0117 pagrobt\u0173j\u0173 pinig\u0173 link\",\"breadcrumb\":{\"@id\":\"https:\\\/\\\/skaitytaknyga.lt\\\/produktas\\\/prarastoji-sviesa\\\/#breadcrumb\"},\"inLanguage\":\"en-GB\",\"potentialAction\":[{\"@type\":\"ReadAction\",\"target\":[\"https:\\\/\\\/skaitytaknyga.lt\\\/produktas\\\/prarastoji-sviesa\\\/\"]}]},{\"@type\":\"ImageObject\",\"inLanguage\":\"en-GB\",\"@id\":\"https:\\\/\\\/skaitytaknyga.lt\\\/produktas\\\/prarastoji-sviesa\\\/#primaryimage\",\"url\":\"https:\\\/\\\/skaitytaknyga.lt\\\/wp-content\\\/uploads\\\/2024\\\/04\\\/1462878391_img0029.jpg\",\"contentUrl\":\"https:\\\/\\\/skaitytaknyga.lt\\\/wp-content\\\/uploads\\\/2024\\\/04\\\/1462878391_img0029.jpg\",\"width\":515,\"height\":800,\"caption\":\"1462878391 img0029\"},{\"@type\":\"BreadcrumbList\",\"@id\":\"https:\\\/\\\/skaitytaknyga.lt\\\/produktas\\\/prarastoji-sviesa\\\/#breadcrumb\",\"itemListElement\":[{\"@type\":\"ListItem\",\"position\":1,\"name\":\"Home\",\"item\":\"https:\\\/\\\/skaitytaknyga.lt\\\/\"},{\"@type\":\"ListItem\",\"position\":2,\"name\":\"Parduotuv\u0117\",\"item\":\"https:\\\/\\\/skaitytaknyga.lt\\\/knygu-parduotuve\\\/\"},{\"@type\":\"ListItem\",\"position\":3,\"name\":\"Prarastoji \u0161viesa\"}]},{\"@type\":\"WebSite\",\"@id\":\"https:\\\/\\\/skaitytaknyga.lt\\\/#website\",\"url\":\"https:\\\/\\\/skaitytaknyga.lt\\\/\",\"name\":\"skaitytaknyga.lt\",\"description\":\"Skaitytaknyga.lt \u2013 tai ma\u017eas \u0161eimos verslas, kuris prasid\u0117jo nuo meil\u0117s knygoms ir siekio i\u0161gelb\u0117ti knygas nuo likimo prie konteinerio. Kas vienam nereikalingas daiktas \u2013 kitam lobis, o mes esame tarpininkai, kurie padeda abiems tapti laimingesniems ???? \u017dinome kaip nelengva i\u0161gyventi ma\u017eiems verslams, tad nuo \u0161iol, \u010dia rasite ir kit\u0173, ma\u017e\u0173 \u0161eim\u0173 versl\u0173, rank\u0173 darbo, dovan\u0173 sau ir artimiesiems.\",\"publisher\":{\"@id\":\"https:\\\/\\\/skaitytaknyga.lt\\\/#organization\"},\"potentialAction\":[{\"@type\":\"SearchAction\",\"target\":{\"@type\":\"EntryPoint\",\"urlTemplate\":\"https:\\\/\\\/skaitytaknyga.lt\\\/?s={search_term_string}\"},\"query-input\":{\"@type\":\"PropertyValueSpecification\",\"valueRequired\":true,\"valueName\":\"search_term_string\"}}],\"inLanguage\":\"en-GB\"},{\"@type\":\"Organization\",\"@id\":\"https:\\\/\\\/skaitytaknyga.lt\\\/#organization\",\"name\":\"skaitytaknyga.lt\",\"url\":\"https:\\\/\\\/skaitytaknyga.lt\\\/\",\"logo\":{\"@type\":\"ImageObject\",\"inLanguage\":\"en-GB\",\"@id\":\"https:\\\/\\\/skaitytaknyga.lt\\\/#\\\/schema\\\/logo\\\/image\\\/\",\"url\":\"https:\\\/\\\/skaitytaknyga.lt\\\/wp-content\\\/uploads\\\/2024\\\/05\\\/cropped-cropped-cropped-02_00843_jt3bggkj1j3HLc7SyY6rEUpg.jpeg\",\"contentUrl\":\"https:\\\/\\\/skaitytaknyga.lt\\\/wp-content\\\/uploads\\\/2024\\\/05\\\/cropped-cropped-cropped-02_00843_jt3bggkj1j3HLc7SyY6rEUpg.jpeg\",\"width\":1600,\"height\":1600,\"caption\":\"skaitytaknyga.lt\"},\"image\":{\"@id\":\"https:\\\/\\\/skaitytaknyga.lt\\\/#\\\/schema\\\/logo\\\/image\\\/\"},\"sameAs\":[\"https:\\\/\\\/www.facebook.com\\\/skaitytaknyga\\\/\"]}]}<\/script>\n<!-- \/ Yoast SEO plugin. -->","yoast_head_json":{"title":"Prarastoji \u0161viesa","description":"Los And\u017eelo policijos detektyvui Hariui Bo\u0161ui filmavimo aik\u0161tel\u0117je atliekant apklaus\u0105 d\u0117l jaunos kino kompanijos asistent\u0117s nu\u017eudymo, \u0161arvuotas automobilis filmo apipl\u0117\u0161imo scenai i\u0161 banko atve\u017e\u0117 du milijonus doleri\u0173. Ir staiga k\u016br\u0117j\u0173 i\u0161mon\u0117 susimai\u0161\u0117 su tikrove: ginkluoti pl\u0117\u0161ikai vis\u0173 akivaizdoje pagrob\u0117 pinigus.  Laiko dulk\u0117s u\u017ekloojo taip ir nei\u0161tirtus nusikaltimus, ta\u010diau \u012f atsarg\u0105 i\u0161\u0117j\u0119s detektyvas Haris Bo\u0161as v\u0117l \u0117m\u0117si nu\u017eudytos moters bylos. Ir v\u0117l tyrimo p\u0117dsakai nuved\u0117 pagrobt\u0173j\u0173 pinig\u0173 link","robots":{"index":"index","follow":"follow","max-snippet":"max-snippet:-1","max-image-preview":"max-image-preview:large","max-video-preview":"max-video-preview:-1"},"canonical":"https:\/\/skaitytaknyga.lt\/en\/produktas\/prarastoji-sviesa\/","og_locale":"en_GB","og_type":"article","og_title":"[:lt]Prarastoji \u0161viesa[:] - Skaitytaknyga","og_description":"Los And\u017eelo policijos detektyvui Hariui Bo\u0161ui filmavimo aik\u0161tel\u0117je atliekant apklaus\u0105 d\u0117l jaunos kino kompanijos asistent\u0117s nu\u017eudymo, \u0161arvuotas automobilis filmo apipl\u0117\u0161imo scenai i\u0161 banko atve\u017e\u0117 du milijonus doleri\u0173. Ir staiga k\u016br\u0117j\u0173 i\u0161mon\u0117 susimai\u0161\u0117 su tikrove: ginkluoti pl\u0117\u0161ikai vis\u0173 akivaizdoje pagrob\u0117 pinigus.  Laiko dulk\u0117s u\u017ekloojo taip ir nei\u0161tirtus nusikaltimus, ta\u010diau \u012f atsarg\u0105 i\u0161\u0117j\u0119s detektyvas Haris Bo\u0161as v\u0117l \u0117m\u0117si nu\u017eudytos moters bylos. Ir v\u0117l tyrimo p\u0117dsakai nuved\u0117 pagrobt\u0173j\u0173 pinig\u0173 link","og_url":"https:\/\/skaitytaknyga.lt\/en\/produktas\/prarastoji-sviesa\/","og_site_name":"Skaitytaknyga","article_publisher":"https:\/\/www.facebook.com\/skaitytaknyga\/","article_modified_time":"2026-03-05T14:00:57+00:00","og_image":[{"width":515,"height":800,"url":"https:\/\/skaitytaknyga.lt\/wp-content\/uploads\/2024\/04\/1462878391_img0029.jpg","type":"image\/jpeg"}],"twitter_card":"summary_large_image","schema":{"@context":"https:\/\/schema.org","@graph":[{"@type":"WebPage","@id":"https:\/\/skaitytaknyga.lt\/produktas\/prarastoji-sviesa\/","url":"https:\/\/skaitytaknyga.lt\/produktas\/prarastoji-sviesa\/","name":"Prarastoji \u0161viesa","isPartOf":{"@id":"https:\/\/skaitytaknyga.lt\/#website"},"primaryImageOfPage":{"@id":"https:\/\/skaitytaknyga.lt\/produktas\/prarastoji-sviesa\/#primaryimage"},"image":{"@id":"https:\/\/skaitytaknyga.lt\/produktas\/prarastoji-sviesa\/#primaryimage"},"thumbnailUrl":"https:\/\/skaitytaknyga.lt\/wp-content\/uploads\/2024\/04\/1462878391_img0029.jpg","datePublished":"2024-04-17T13:06:27+00:00","dateModified":"2026-03-05T14:00:57+00:00","description":"Los And\u017eelo policijos detektyvui Hariui Bo\u0161ui filmavimo aik\u0161tel\u0117je atliekant apklaus\u0105 d\u0117l jaunos kino kompanijos asistent\u0117s nu\u017eudymo, \u0161arvuotas automobilis filmo apipl\u0117\u0161imo scenai i\u0161 banko atve\u017e\u0117 du milijonus doleri\u0173. Ir staiga k\u016br\u0117j\u0173 i\u0161mon\u0117 susimai\u0161\u0117 su tikrove: ginkluoti pl\u0117\u0161ikai vis\u0173 akivaizdoje pagrob\u0117 pinigus. Laiko dulk\u0117s u\u017ekloojo taip ir nei\u0161tirtus nusikaltimus, ta\u010diau \u012f atsarg\u0105 i\u0161\u0117j\u0119s detektyvas Haris Bo\u0161as v\u0117l \u0117m\u0117si nu\u017eudytos moters bylos. Ir v\u0117l tyrimo p\u0117dsakai nuved\u0117 pagrobt\u0173j\u0173 pinig\u0173 link","breadcrumb":{"@id":"https:\/\/skaitytaknyga.lt\/produktas\/prarastoji-sviesa\/#breadcrumb"},"inLanguage":"en-GB","potentialAction":[{"@type":"ReadAction","target":["https:\/\/skaitytaknyga.lt\/produktas\/prarastoji-sviesa\/"]}]},{"@type":"ImageObject","inLanguage":"en-GB","@id":"https:\/\/skaitytaknyga.lt\/produktas\/prarastoji-sviesa\/#primaryimage","url":"https:\/\/skaitytaknyga.lt\/wp-content\/uploads\/2024\/04\/1462878391_img0029.jpg","contentUrl":"https:\/\/skaitytaknyga.lt\/wp-content\/uploads\/2024\/04\/1462878391_img0029.jpg","width":515,"height":800,"caption":"1462878391 img0029"},{"@type":"BreadcrumbList","@id":"https:\/\/skaitytaknyga.lt\/produktas\/prarastoji-sviesa\/#breadcrumb","itemListElement":[{"@type":"ListItem","position":1,"name":"Home","item":"https:\/\/skaitytaknyga.lt\/"},{"@type":"ListItem","position":2,"name":"Parduotuv\u0117","item":"https:\/\/skaitytaknyga.lt\/knygu-parduotuve\/"},{"@type":"ListItem","position":3,"name":"Prarastoji \u0161viesa"}]},{"@type":"WebSite","@id":"https:\/\/skaitytaknyga.lt\/#website","url":"https:\/\/skaitytaknyga.lt\/","name":"skaitytaknyga.lt","description":"Skaitytaknyga.lt \u2013 tai ma\u017eas \u0161eimos verslas, kuris prasid\u0117jo nuo meil\u0117s knygoms ir siekio i\u0161gelb\u0117ti knygas nuo likimo prie konteinerio. Kas vienam nereikalingas daiktas \u2013 kitam lobis, o mes esame tarpininkai, kurie padeda abiems tapti laimingesniems ???? \u017dinome kaip nelengva i\u0161gyventi ma\u017eiems verslams, tad nuo \u0161iol, \u010dia rasite ir kit\u0173, ma\u017e\u0173 \u0161eim\u0173 versl\u0173, rank\u0173 darbo, dovan\u0173 sau ir artimiesiems.","publisher":{"@id":"https:\/\/skaitytaknyga.lt\/#organization"},"potentialAction":[{"@type":"SearchAction","target":{"@type":"EntryPoint","urlTemplate":"https:\/\/skaitytaknyga.lt\/?s={search_term_string}"},"query-input":{"@type":"PropertyValueSpecification","valueRequired":true,"valueName":"search_term_string"}}],"inLanguage":"en-GB"},{"@type":"Organization","@id":"https:\/\/skaitytaknyga.lt\/#organization","name":"skaitytaknyga.lt","url":"https:\/\/skaitytaknyga.lt\/","logo":{"@type":"ImageObject","inLanguage":"en-GB","@id":"https:\/\/skaitytaknyga.lt\/#\/schema\/logo\/image\/","url":"https:\/\/skaitytaknyga.lt\/wp-content\/uploads\/2024\/05\/cropped-cropped-cropped-02_00843_jt3bggkj1j3HLc7SyY6rEUpg.jpeg","contentUrl":"https:\/\/skaitytaknyga.lt\/wp-content\/uploads\/2024\/05\/cropped-cropped-cropped-02_00843_jt3bggkj1j3HLc7SyY6rEUpg.jpeg","width":1600,"height":1600,"caption":"skaitytaknyga.lt"},"image":{"@id":"https:\/\/skaitytaknyga.lt\/#\/schema\/logo\/image\/"},"sameAs":["https:\/\/www.facebook.com\/skaitytaknyga\/"]}]}},"_links":{"self":[{"href":"https:\/\/skaitytaknyga.lt\/en\/wp-json\/wp\/v2\/product\/2226","targetHints":{"allow":["GET"]}}],"collection":[{"href":"https:\/\/skaitytaknyga.lt\/en\/wp-json\/wp\/v2\/product"}],"about":[{"href":"https:\/\/skaitytaknyga.lt\/en\/wp-json\/wp\/v2\/types\/product"}],"replies":[{"embeddable":true,"href":"https:\/\/skaitytaknyga.lt\/en\/wp-json\/wp\/v2\/comments?post=2226"}],"wp:featuredmedia":[{"embeddable":true,"href":"https:\/\/skaitytaknyga.lt\/en\/wp-json\/wp\/v2\/media\/2274"}],"wp:attachment":[{"href":"https:\/\/skaitytaknyga.lt\/en\/wp-json\/wp\/v2\/media?parent=2226"}],"wp:term":[{"taxonomy":"product_brand","embeddable":true,"href":"https:\/\/skaitytaknyga.lt\/en\/wp-json\/wp\/v2\/product_brand?post=2226"},{"taxonomy":"product_cat","embeddable":true,"href":"https:\/\/skaitytaknyga.lt\/en\/wp-json\/wp\/v2\/product_cat?post=2226"},{"taxonomy":"product_tag","embeddable":true,"href":"https:\/\/skaitytaknyga.lt\/en\/wp-json\/wp\/v2\/product_tag?post=2226"}],"curies":[{"name":"wp","href":"https:\/\/api.w.org\/{rel}","templated":true}]}}