{"id":22259,"date":"2025-12-15T21:36:24","date_gmt":"2025-12-15T19:36:24","guid":{"rendered":"https:\/\/skaitytaknyga.lt\/?post_type=product&#038;p=22259"},"modified":"2025-12-18T18:54:31","modified_gmt":"2025-12-18T16:54:31","slug":"penkios-meiles-kalbos-2","status":"publish","type":"product","link":"https:\/\/skaitytaknyga.lt\/en\/produktas\/penkios-meiles-kalbos-2\/","title":{"rendered":"Penkios meil\u0117s kalbos"},"content":{"rendered":"<p>\u201e  pagrindinis \u017emogaus emocinis poreikis yra jaustis mylimam. D\u0117l meil\u0117s mes \u012fkopiame \u012f vir\u0161ukalnes, perplaukiame j\u016bras, pereiname dykumas ir i\u0161tveriame did\u017eiausius sunkumus. Be meil\u0117s kalnai tampa ne\u012fveikiami, j\u016bros \u2013 neperplaukiamos, dykumos \u2013 nepereinamos, o sunkumai \u2013 gyvenimo tragedijomis.\u201c<\/p>\n<p>***<\/p>\n<p>\u201eN\u0117ra 10, 20 ar 365 pagrindini\u0173 meil\u0117s kalb\u0173. Mano galva, jos yra tik penkios. Ta\u010diau gali b\u016bti daugyb\u0117 dialekt\u0173. Meil\u0117s rai\u0161kos b\u016bd\u0173 gaus\u0105 riboja \u017emogaus vaizduot\u0117. Svarbiau yra \u0161tai kas: kalb\u0117ti sutuoktinio meil\u0117s kalba.\u201c<\/p>\n<p>Dr. Gary Chapmanas \u2013 bestselerio \u201ePenkios meil\u0117s kalbos\u201c autorius, tarpusavio santyki\u0173 konsultantas, padedantis \u017emon\u0117ms sukurti ilgalaikius santykius. Jis keliauja po pasaul\u012f vesdamas seminarus ir yra para\u0161\u0119s daugiau nei 20 knyg\u0173. Remdamasis ilgamete \u0161eim\u0173 konsultavimo patirtimi ir iliustruodamas j\u0105 konkre\u010diais savo klient\u0173 pasakojimais, dr. G. Chapmanas ne tik pataria, kaip jaustis mylimiems, bet ir moko myl\u0117ti.<\/p>\n","protected":false},"excerpt":{"rendered":"<p>\u201e pagrindinis \u017emogaus emocinis poreikis yra jaustis mylimam. D\u0117l meil\u0117s mes \u012fkopiame \u012f vir\u0161ukalnes, perplaukiame j\u016bras, pereiname dykumas ir i\u0161tveriame did\u017eiausius sunkumus. Be meil\u0117s kalnai tampa ne\u012fveikiami, j\u016bros \u2013 neperplaukiamos, dykumos \u2013 nepereinamos, o sunkumai \u2013 gyvenimo tragedijomis.\u201c *** \u201eN\u0117ra 10, 20 ar 365 pagrindini\u0173 meil\u0117s kalb\u0173. Mano galva, jos yra tik penkios. Ta\u010diau gali b\u016bti daugyb\u0117 dialekt\u0173. Meil\u0117s rai\u0161kos b\u016bd\u0173 gaus\u0105 riboja \u017emogaus vaizduot\u0117. Svarbiau yra \u0161tai kas: kalb\u0117ti sutuoktinio meil\u0117s kalba.\u201c Dr. Gary Chapmanas \u2013 bestselerio \u201ePenkios meil\u0117s kalbos\u201c autorius, tarpusavio santyki\u0173 konsultantas, padedantis \u017emon\u0117ms sukurti ilgalaikius santykius. Jis keliauja po pasaul\u012f vesdamas seminarus ir yra para\u0161\u0119s daugiau nei 20 knyg\u0173. Remdamasis ilgamete \u0161eim\u0173 konsultavimo patirtimi ir iliustruodamas j\u0105 konkre\u010diais savo klient\u0173 pasakojimais, dr. G. Chapmanas ne tik pataria, kaip jaustis mylimiems, bet ir moko myl\u0117ti.<\/p>\n","protected":false},"featured_media":22270,"comment_status":"open","ping_status":"closed","template":"","meta":{"_acf_changed":false,"site-sidebar-layout":"default","site-content-layout":"","ast-site-content-layout":"default","site-content-style":"default","site-sidebar-style":"default","ast-global-header-display":"","ast-banner-title-visibility":"","ast-main-header-display":"","ast-hfb-above-header-display":"","ast-hfb-below-header-display":"","ast-hfb-mobile-header-display":"","site-post-title":"","ast-breadcrumbs-content":"","ast-featured-img":"","footer-sml-layout":"","ast-disable-related-posts":"","theme-transparent-header-meta":"","adv-header-id-meta":"","stick-header-meta":"","header-above-stick-meta":"","header-main-stick-meta":"","header-below-stick-meta":"","astra-migrate-meta-layouts":"default","ast-page-background-enabled":"default","ast-page-background-meta":{"desktop":{"background-color":"","background-image":"","background-repeat":"repeat","background-position":"center center","background-size":"auto","background-attachment":"scroll","background-type":"","background-media":"","overlay-type":"","overlay-color":"","overlay-opacity":"","overlay-gradient":""},"tablet":{"background-color":"","background-image":"","background-repeat":"repeat","background-position":"center center","background-size":"auto","background-attachment":"scroll","background-type":"","background-media":"","overlay-type":"","overlay-color":"","overlay-opacity":"","overlay-gradient":""},"mobile":{"background-color":"","background-image":"","background-repeat":"repeat","background-position":"center center","background-size":"auto","background-attachment":"scroll","background-type":"","background-media":"","overlay-type":"","overlay-color":"","overlay-opacity":"","overlay-gradient":""}},"ast-content-background-meta":{"desktop":{"background-color":"var(--ast-global-color-4)","background-image":"","background-repeat":"repeat","background-position":"center center","background-size":"auto","background-attachment":"scroll","background-type":"","background-media":"","overlay-type":"","overlay-color":"","overlay-opacity":"","overlay-gradient":""},"tablet":{"background-color":"var(--ast-global-color-4)","background-image":"","background-repeat":"repeat","background-position":"center center","background-size":"auto","background-attachment":"scroll","background-type":"","background-media":"","overlay-type":"","overlay-color":"","overlay-opacity":"","overlay-gradient":""},"mobile":{"background-color":"var(--ast-global-color-4)","background-image":"","background-repeat":"repeat","background-position":"center center","background-size":"auto","background-attachment":"scroll","background-type":"","background-media":"","overlay-type":"","overlay-color":"","overlay-opacity":"","overlay-gradient":""}}},"product_brand":[],"product_cat":[30],"product_tag":[],"class_list":{"0":"post-22259","1":"product","2":"type-product","3":"status-publish","4":"has-post-thumbnail","6":"product_cat-psichologija-ir-saviugda","7":"desktop-align-left","8":"tablet-align-left","9":"mobile-align-left","11":"first","12":"instock","13":"shipping-taxable","14":"purchasable","15":"product-type-simple"},"acf":[],"yoast_head":"<!-- This site is optimized with the Yoast SEO plugin v27.0 - https:\/\/yoast.com\/product\/yoast-seo-wordpress\/ -->\n<title>Penkios meil\u0117s kalbos<\/title>\n<meta name=\"description\" content=\"\u201e pagrindinis \u017emogaus emocinis poreikis yra jaustis mylimam. D\u0117l meil\u0117s mes \u012fkopiame \u012f vir\u0161ukalnes, perplaukiame j\u016bras, pereiname dykumas ir i\u0161tveriame\" \/>\n<meta name=\"robots\" content=\"index, follow, max-snippet:-1, max-image-preview:large, max-video-preview:-1\" \/>\n<link rel=\"canonical\" href=\"https:\/\/skaitytaknyga.lt\/en\/produktas\/penkios-meiles-kalbos-2\/\" \/>\n<meta property=\"og:locale\" content=\"en_GB\" \/>\n<meta property=\"og:locale:alternate\" content=\"lt_LT\" \/>\n<meta property=\"og:type\" content=\"article\" \/>\n<meta property=\"og:title\" content=\"Penkios meil\u0117s kalbos\" \/>\n<meta property=\"og:description\" content=\"\u201e pagrindinis \u017emogaus emocinis poreikis yra jaustis mylimam. D\u0117l meil\u0117s mes \u012fkopiame \u012f vir\u0161ukalnes, perplaukiame j\u016bras, pereiname dykumas ir i\u0161tveriame\" \/>\n<meta property=\"og:url\" content=\"https:\/\/skaitytaknyga.lt\/en\/produktas\/penkios-meiles-kalbos-2\/\" \/>\n<meta property=\"og:site_name\" content=\"Skaitytaknyga\" \/>\n<meta property=\"article:publisher\" content=\"https:\/\/www.facebook.com\/skaitytaknyga\/\" \/>\n<meta property=\"article:modified_time\" content=\"2025-12-18T16:54:31+00:00\" \/>\n<meta property=\"og:image\" content=\"https:\/\/skaitytaknyga.lt\/wp-content\/uploads\/2025\/12\/Penkios-meiles-kalbos-1.webp\" \/>\n\t<meta property=\"og:image:width\" content=\"300\" \/>\n\t<meta property=\"og:image:height\" content=\"434\" \/>\n\t<meta property=\"og:image:type\" content=\"image\/webp\" \/>\n<meta name=\"twitter:card\" content=\"summary_large_image\" \/>\n<meta name=\"twitter:label1\" content=\"Estimated reading time\" \/>\n\t<meta name=\"twitter:data1\" content=\"1 minute\" \/>\n<script type=\"application\/ld+json\" class=\"yoast-schema-graph\">{\"@context\":\"https:\/\/schema.org\",\"@graph\":[{\"@type\":\"WebPage\",\"@id\":\"https:\/\/skaitytaknyga.lt\/produktas\/penkios-meiles-kalbos-2\/\",\"url\":\"https:\/\/skaitytaknyga.lt\/produktas\/penkios-meiles-kalbos-2\/\",\"name\":\"Penkios meil\u0117s kalbos\",\"isPartOf\":{\"@id\":\"https:\/\/skaitytaknyga.lt\/#website\"},\"primaryImageOfPage\":{\"@id\":\"https:\/\/skaitytaknyga.lt\/produktas\/penkios-meiles-kalbos-2\/#primaryimage\"},\"image\":{\"@id\":\"https:\/\/skaitytaknyga.lt\/produktas\/penkios-meiles-kalbos-2\/#primaryimage\"},\"thumbnailUrl\":\"https:\/\/skaitytaknyga.lt\/wp-content\/uploads\/2025\/12\/Penkios-meiles-kalbos-1.webp\",\"datePublished\":\"2025-12-15T19:36:24+00:00\",\"dateModified\":\"2025-12-18T16:54:31+00:00\",\"description\":\"\u201e pagrindinis \u017emogaus emocinis poreikis yra jaustis mylimam. D\u0117l meil\u0117s mes \u012fkopiame \u012f vir\u0161ukalnes, perplaukiame j\u016bras, pereiname dykumas ir i\u0161tveriame\",\"breadcrumb\":{\"@id\":\"https:\/\/skaitytaknyga.lt\/produktas\/penkios-meiles-kalbos-2\/#breadcrumb\"},\"inLanguage\":\"en-GB\",\"potentialAction\":[{\"@type\":\"ReadAction\",\"target\":[\"https:\/\/skaitytaknyga.lt\/produktas\/penkios-meiles-kalbos-2\/\"]}]},{\"@type\":\"ImageObject\",\"inLanguage\":\"en-GB\",\"@id\":\"https:\/\/skaitytaknyga.lt\/produktas\/penkios-meiles-kalbos-2\/#primaryimage\",\"url\":\"https:\/\/skaitytaknyga.lt\/wp-content\/uploads\/2025\/12\/Penkios-meiles-kalbos-1.webp\",\"contentUrl\":\"https:\/\/skaitytaknyga.lt\/wp-content\/uploads\/2025\/12\/Penkios-meiles-kalbos-1.webp\",\"width\":300,\"height\":434},{\"@type\":\"BreadcrumbList\",\"@id\":\"https:\/\/skaitytaknyga.lt\/produktas\/penkios-meiles-kalbos-2\/#breadcrumb\",\"itemListElement\":[{\"@type\":\"ListItem\",\"position\":1,\"name\":\"Home\",\"item\":\"https:\/\/skaitytaknyga.lt\/\"},{\"@type\":\"ListItem\",\"position\":2,\"name\":\"Parduotuv\u0117\",\"item\":\"https:\/\/skaitytaknyga.lt\/knygu-parduotuve\/\"},{\"@type\":\"ListItem\",\"position\":3,\"name\":\"Penkios meil\u0117s kalbos\"}]},{\"@type\":\"WebSite\",\"@id\":\"https:\/\/skaitytaknyga.lt\/#website\",\"url\":\"https:\/\/skaitytaknyga.lt\/\",\"name\":\"skaitytaknyga.lt\",\"description\":\"Skaitytaknyga.lt \u2013 tai ma\u017eas \u0161eimos verslas, kuris prasid\u0117jo nuo meil\u0117s knygoms ir siekio i\u0161gelb\u0117ti knygas nuo likimo prie konteinerio. Kas vienam nereikalingas daiktas \u2013 kitam lobis, o mes esame tarpininkai, kurie padeda abiems tapti laimingesniems ???? \u017dinome kaip nelengva i\u0161gyventi ma\u017eiems verslams, tad nuo \u0161iol, \u010dia rasite ir kit\u0173, ma\u017e\u0173 \u0161eim\u0173 versl\u0173, rank\u0173 darbo, dovan\u0173 sau ir artimiesiems.\",\"publisher\":{\"@id\":\"https:\/\/skaitytaknyga.lt\/#organization\"},\"potentialAction\":[{\"@type\":\"SearchAction\",\"target\":{\"@type\":\"EntryPoint\",\"urlTemplate\":\"https:\/\/skaitytaknyga.lt\/?s={search_term_string}\"},\"query-input\":{\"@type\":\"PropertyValueSpecification\",\"valueRequired\":true,\"valueName\":\"search_term_string\"}}],\"inLanguage\":\"en-GB\"},{\"@type\":\"Organization\",\"@id\":\"https:\/\/skaitytaknyga.lt\/#organization\",\"name\":\"skaitytaknyga.lt\",\"url\":\"https:\/\/skaitytaknyga.lt\/\",\"logo\":{\"@type\":\"ImageObject\",\"inLanguage\":\"en-GB\",\"@id\":\"https:\/\/skaitytaknyga.lt\/#\/schema\/logo\/image\/\",\"url\":\"https:\/\/skaitytaknyga.lt\/wp-content\/uploads\/2024\/05\/cropped-cropped-cropped-02_00843_jt3bggkj1j3HLc7SyY6rEUpg.jpeg\",\"contentUrl\":\"https:\/\/skaitytaknyga.lt\/wp-content\/uploads\/2024\/05\/cropped-cropped-cropped-02_00843_jt3bggkj1j3HLc7SyY6rEUpg.jpeg\",\"width\":1600,\"height\":1600,\"caption\":\"skaitytaknyga.lt\"},\"image\":{\"@id\":\"https:\/\/skaitytaknyga.lt\/#\/schema\/logo\/image\/\"},\"sameAs\":[\"https:\/\/www.facebook.com\/skaitytaknyga\/\"]}]}<\/script>\n<!-- \/ Yoast SEO plugin. -->","yoast_head_json":{"title":"Penkios meil\u0117s kalbos","description":"\u201e pagrindinis \u017emogaus emocinis poreikis yra jaustis mylimam. D\u0117l meil\u0117s mes \u012fkopiame \u012f vir\u0161ukalnes, perplaukiame j\u016bras, pereiname dykumas ir i\u0161tveriame","robots":{"index":"index","follow":"follow","max-snippet":"max-snippet:-1","max-image-preview":"max-image-preview:large","max-video-preview":"max-video-preview:-1"},"canonical":"https:\/\/skaitytaknyga.lt\/en\/produktas\/penkios-meiles-kalbos-2\/","og_locale":"en_GB","og_type":"article","og_title":"[:lt]Penkios meil\u0117s kalbos[:] - Skaitytaknyga","og_description":"\u201e pagrindinis \u017emogaus emocinis poreikis yra jaustis mylimam. D\u0117l meil\u0117s mes \u012fkopiame \u012f vir\u0161ukalnes, perplaukiame j\u016bras, pereiname dykumas ir i\u0161tveriame","og_url":"https:\/\/skaitytaknyga.lt\/en\/produktas\/penkios-meiles-kalbos-2\/","og_site_name":"Skaitytaknyga","article_publisher":"https:\/\/www.facebook.com\/skaitytaknyga\/","article_modified_time":"2025-12-18T16:54:31+00:00","og_image":[{"width":300,"height":434,"url":"https:\/\/skaitytaknyga.lt\/wp-content\/uploads\/2025\/12\/Penkios-meiles-kalbos-1.webp","type":"image\/webp"}],"twitter_card":"summary_large_image","twitter_misc":{"Estimated reading time":"1 minute"},"schema":{"@context":"https:\/\/schema.org","@graph":[{"@type":"WebPage","@id":"https:\/\/skaitytaknyga.lt\/produktas\/penkios-meiles-kalbos-2\/","url":"https:\/\/skaitytaknyga.lt\/produktas\/penkios-meiles-kalbos-2\/","name":"Penkios meil\u0117s kalbos","isPartOf":{"@id":"https:\/\/skaitytaknyga.lt\/#website"},"primaryImageOfPage":{"@id":"https:\/\/skaitytaknyga.lt\/produktas\/penkios-meiles-kalbos-2\/#primaryimage"},"image":{"@id":"https:\/\/skaitytaknyga.lt\/produktas\/penkios-meiles-kalbos-2\/#primaryimage"},"thumbnailUrl":"https:\/\/skaitytaknyga.lt\/wp-content\/uploads\/2025\/12\/Penkios-meiles-kalbos-1.webp","datePublished":"2025-12-15T19:36:24+00:00","dateModified":"2025-12-18T16:54:31+00:00","description":"\u201e pagrindinis \u017emogaus emocinis poreikis yra jaustis mylimam. D\u0117l meil\u0117s mes \u012fkopiame \u012f vir\u0161ukalnes, perplaukiame j\u016bras, pereiname dykumas ir i\u0161tveriame","breadcrumb":{"@id":"https:\/\/skaitytaknyga.lt\/produktas\/penkios-meiles-kalbos-2\/#breadcrumb"},"inLanguage":"en-GB","potentialAction":[{"@type":"ReadAction","target":["https:\/\/skaitytaknyga.lt\/produktas\/penkios-meiles-kalbos-2\/"]}]},{"@type":"ImageObject","inLanguage":"en-GB","@id":"https:\/\/skaitytaknyga.lt\/produktas\/penkios-meiles-kalbos-2\/#primaryimage","url":"https:\/\/skaitytaknyga.lt\/wp-content\/uploads\/2025\/12\/Penkios-meiles-kalbos-1.webp","contentUrl":"https:\/\/skaitytaknyga.lt\/wp-content\/uploads\/2025\/12\/Penkios-meiles-kalbos-1.webp","width":300,"height":434},{"@type":"BreadcrumbList","@id":"https:\/\/skaitytaknyga.lt\/produktas\/penkios-meiles-kalbos-2\/#breadcrumb","itemListElement":[{"@type":"ListItem","position":1,"name":"Home","item":"https:\/\/skaitytaknyga.lt\/"},{"@type":"ListItem","position":2,"name":"Parduotuv\u0117","item":"https:\/\/skaitytaknyga.lt\/knygu-parduotuve\/"},{"@type":"ListItem","position":3,"name":"Penkios meil\u0117s kalbos"}]},{"@type":"WebSite","@id":"https:\/\/skaitytaknyga.lt\/#website","url":"https:\/\/skaitytaknyga.lt\/","name":"skaitytaknyga.lt","description":"Skaitytaknyga.lt \u2013 tai ma\u017eas \u0161eimos verslas, kuris prasid\u0117jo nuo meil\u0117s knygoms ir siekio i\u0161gelb\u0117ti knygas nuo likimo prie konteinerio. Kas vienam nereikalingas daiktas \u2013 kitam lobis, o mes esame tarpininkai, kurie padeda abiems tapti laimingesniems ???? \u017dinome kaip nelengva i\u0161gyventi ma\u017eiems verslams, tad nuo \u0161iol, \u010dia rasite ir kit\u0173, ma\u017e\u0173 \u0161eim\u0173 versl\u0173, rank\u0173 darbo, dovan\u0173 sau ir artimiesiems.","publisher":{"@id":"https:\/\/skaitytaknyga.lt\/#organization"},"potentialAction":[{"@type":"SearchAction","target":{"@type":"EntryPoint","urlTemplate":"https:\/\/skaitytaknyga.lt\/?s={search_term_string}"},"query-input":{"@type":"PropertyValueSpecification","valueRequired":true,"valueName":"search_term_string"}}],"inLanguage":"en-GB"},{"@type":"Organization","@id":"https:\/\/skaitytaknyga.lt\/#organization","name":"skaitytaknyga.lt","url":"https:\/\/skaitytaknyga.lt\/","logo":{"@type":"ImageObject","inLanguage":"en-GB","@id":"https:\/\/skaitytaknyga.lt\/#\/schema\/logo\/image\/","url":"https:\/\/skaitytaknyga.lt\/wp-content\/uploads\/2024\/05\/cropped-cropped-cropped-02_00843_jt3bggkj1j3HLc7SyY6rEUpg.jpeg","contentUrl":"https:\/\/skaitytaknyga.lt\/wp-content\/uploads\/2024\/05\/cropped-cropped-cropped-02_00843_jt3bggkj1j3HLc7SyY6rEUpg.jpeg","width":1600,"height":1600,"caption":"skaitytaknyga.lt"},"image":{"@id":"https:\/\/skaitytaknyga.lt\/#\/schema\/logo\/image\/"},"sameAs":["https:\/\/www.facebook.com\/skaitytaknyga\/"]}]}},"_links":{"self":[{"href":"https:\/\/skaitytaknyga.lt\/en\/wp-json\/wp\/v2\/product\/22259","targetHints":{"allow":["GET"]}}],"collection":[{"href":"https:\/\/skaitytaknyga.lt\/en\/wp-json\/wp\/v2\/product"}],"about":[{"href":"https:\/\/skaitytaknyga.lt\/en\/wp-json\/wp\/v2\/types\/product"}],"replies":[{"embeddable":true,"href":"https:\/\/skaitytaknyga.lt\/en\/wp-json\/wp\/v2\/comments?post=22259"}],"wp:featuredmedia":[{"embeddable":true,"href":"https:\/\/skaitytaknyga.lt\/en\/wp-json\/wp\/v2\/media\/22270"}],"wp:attachment":[{"href":"https:\/\/skaitytaknyga.lt\/en\/wp-json\/wp\/v2\/media?parent=22259"}],"wp:term":[{"taxonomy":"product_brand","embeddable":true,"href":"https:\/\/skaitytaknyga.lt\/en\/wp-json\/wp\/v2\/product_brand?post=22259"},{"taxonomy":"product_cat","embeddable":true,"href":"https:\/\/skaitytaknyga.lt\/en\/wp-json\/wp\/v2\/product_cat?post=22259"},{"taxonomy":"product_tag","embeddable":true,"href":"https:\/\/skaitytaknyga.lt\/en\/wp-json\/wp\/v2\/product_tag?post=22259"}],"curies":[{"name":"wp","href":"https:\/\/api.w.org\/{rel}","templated":true}]}}