{"id":22257,"date":"2025-12-15T21:36:24","date_gmt":"2025-12-15T19:36:24","guid":{"rendered":"https:\/\/skaitytaknyga.lt\/?post_type=product&#038;p=22257"},"modified":"2026-03-05T16:16:37","modified_gmt":"2026-03-05T14:16:37","slug":"meskelione","status":"publish","type":"product","link":"https:\/\/skaitytaknyga.lt\/en\/produktas\/meskelione\/","title":{"rendered":"Me\u0161kelion\u0117"},"content":{"rendered":"<p>Art\u0117jant gra\u017eiausiai met\u0173 \u0161ventei Kal\u0117doms, Me\u0161kin\u0173 \u0161eimyna leid\u017eiasi \u012f stebukling\u0105 kelion\u0119 aplink pasaul\u012f, kad aplankyt\u0173 kal\u0117dine ruo\u0161a u\u017esi\u0117musius tolimiausi\u0173 ir keis\u010diausi\u0173 kra\u0161t\u0173 giminai\u010dius: poledin\u0117s \u017e\u016bkl\u0117s m\u0117g\u0117jus baltuosius lokius \u0160iaur\u0117s a\u0161igalyje, linksmas \u0161velniakailes koalas kaitriojoje Australijoje, paslaptingos pliu\u0161ini\u0173 me\u0161kiuk\u0173 karalyst\u0117s gyventojus ir \u0161varuolius Did\u017eiosios Lok\u0117s \u017evaig\u017edyno lokiukus&#8230;<\/p>\n<p>K\u0119stutis Kasparavi\u010dius \u2013 garsus grafikas, knyg\u0173 iliustratorius, vaik\u0173 ra\u0161ytojas. Jo kuriami spalvingi, smulkiai i\u0161pie\u0161ti paveiksl\u0117liai kaskart seka vis naujas istorijas kiekvienam, kas ry\u017etasi pa\u017evelgti atidesniu \u017evilgsniu, ir kvie\u010dia ma\u017e\u0105j\u012f skaitytoj\u0105 dr\u0105siai kilti oro balionu \u012f beribes vaizduot\u0117s padanges.<\/p>\n","protected":false},"excerpt":{"rendered":"<p>Art\u0117jant gra\u017eiausiai met\u0173 \u0161ventei Kal\u0117doms, Me\u0161kin\u0173 \u0161eimyna leid\u017eiasi \u012f stebukling\u0105 kelion\u0119 aplink pasaul\u012f, kad aplankyt\u0173 kal\u0117dine ruo\u0161a u\u017esi\u0117musius tolimiausi\u0173 ir keis\u010diausi\u0173 kra\u0161t\u0173 giminai\u010dius: poledin\u0117s \u017e\u016bkl\u0117s m\u0117g\u0117jus baltuosius lokius \u0160iaur\u0117s a\u0161igalyje, linksmas \u0161velniakailes koalas kaitriojoje Australijoje, paslaptingos pliu\u0161ini\u0173 me\u0161kiuk\u0173 karalyst\u0117s gyventojus ir \u0161varuolius Did\u017eiosios Lok\u0117s \u017evaig\u017edyno lokiukus&#8230; K\u0119stutis Kasparavi\u010dius \u2013 garsus grafikas, knyg\u0173 iliustratorius, vaik\u0173 ra\u0161ytojas. Jo kuriami spalvingi, smulkiai i\u0161pie\u0161ti paveiksl\u0117liai kaskart seka vis naujas istorijas kiekvienam, kas ry\u017etasi pa\u017evelgti atidesniu \u017evilgsniu, ir kvie\u010dia ma\u017e\u0105j\u012f skaitytoj\u0105 dr\u0105siai kilti oro balionu \u012f beribes vaizduot\u0117s padanges.<\/p>\n","protected":false},"featured_media":22262,"comment_status":"open","ping_status":"closed","template":"","meta":{"_acf_changed":false,"site-sidebar-layout":"default","site-content-layout":"","ast-site-content-layout":"default","site-content-style":"default","site-sidebar-style":"default","ast-global-header-display":"","ast-banner-title-visibility":"","ast-main-header-display":"","ast-hfb-above-header-display":"","ast-hfb-below-header-display":"","ast-hfb-mobile-header-display":"","site-post-title":"","ast-breadcrumbs-content":"","ast-featured-img":"","footer-sml-layout":"","ast-disable-related-posts":"","theme-transparent-header-meta":"","adv-header-id-meta":"","stick-header-meta":"","header-above-stick-meta":"","header-main-stick-meta":"","header-below-stick-meta":"","astra-migrate-meta-layouts":"default","ast-page-background-enabled":"default","ast-page-background-meta":{"desktop":{"background-color":"","background-image":"","background-repeat":"repeat","background-position":"center center","background-size":"auto","background-attachment":"scroll","background-type":"","background-media":"","overlay-type":"","overlay-color":"","overlay-opacity":"","overlay-gradient":""},"tablet":{"background-color":"","background-image":"","background-repeat":"repeat","background-position":"center center","background-size":"auto","background-attachment":"scroll","background-type":"","background-media":"","overlay-type":"","overlay-color":"","overlay-opacity":"","overlay-gradient":""},"mobile":{"background-color":"","background-image":"","background-repeat":"repeat","background-position":"center center","background-size":"auto","background-attachment":"scroll","background-type":"","background-media":"","overlay-type":"","overlay-color":"","overlay-opacity":"","overlay-gradient":""}},"ast-content-background-meta":{"desktop":{"background-color":"var(--ast-global-color-4)","background-image":"","background-repeat":"repeat","background-position":"center center","background-size":"auto","background-attachment":"scroll","background-type":"","background-media":"","overlay-type":"","overlay-color":"","overlay-opacity":"","overlay-gradient":""},"tablet":{"background-color":"var(--ast-global-color-4)","background-image":"","background-repeat":"repeat","background-position":"center center","background-size":"auto","background-attachment":"scroll","background-type":"","background-media":"","overlay-type":"","overlay-color":"","overlay-opacity":"","overlay-gradient":""},"mobile":{"background-color":"var(--ast-global-color-4)","background-image":"","background-repeat":"repeat","background-position":"center center","background-size":"auto","background-attachment":"scroll","background-type":"","background-media":"","overlay-type":"","overlay-color":"","overlay-opacity":"","overlay-gradient":""}}},"product_brand":[],"product_cat":[9674],"product_tag":[],"class_list":{"0":"post-22257","1":"product","2":"type-product","3":"status-publish","4":"has-post-thumbnail","6":"product_cat-pradinukams","7":"desktop-align-left","8":"tablet-align-left","9":"mobile-align-left","11":"first","12":"instock","13":"shipping-taxable","14":"purchasable","15":"product-type-simple"},"acf":[],"yoast_head":"<!-- This site is optimized with the Yoast SEO plugin v27.0 - https:\/\/yoast.com\/product\/yoast-seo-wordpress\/ -->\n<title>Me\u0161kelion\u0117<\/title>\n<meta name=\"description\" content=\"Art\u0117jant gra\u017eiausiai met\u0173 \u0161ventei Kal\u0117doms, Me\u0161kin\u0173 \u0161eimyna leid\u017eiasi \u012f stebukling\u0105 kelion\u0119 aplink pasaul\u012f, kad aplankyt\u0173 kal\u0117dine ruo\u0161a u\u017esi\u0117musius\" \/>\n<meta name=\"robots\" content=\"index, follow, max-snippet:-1, max-image-preview:large, max-video-preview:-1\" \/>\n<link rel=\"canonical\" href=\"https:\/\/skaitytaknyga.lt\/en\/produktas\/meskelione\/\" \/>\n<meta property=\"og:locale\" content=\"en_GB\" \/>\n<meta property=\"og:locale:alternate\" content=\"lt_LT\" \/>\n<meta property=\"og:type\" content=\"article\" \/>\n<meta property=\"og:title\" content=\"Me\u0161kelion\u0117\" \/>\n<meta property=\"og:description\" content=\"Art\u0117jant gra\u017eiausiai met\u0173 \u0161ventei Kal\u0117doms, Me\u0161kin\u0173 \u0161eimyna leid\u017eiasi \u012f stebukling\u0105 kelion\u0119 aplink pasaul\u012f, kad aplankyt\u0173 kal\u0117dine ruo\u0161a u\u017esi\u0117musius\" \/>\n<meta property=\"og:url\" content=\"https:\/\/skaitytaknyga.lt\/en\/produktas\/meskelione\/\" \/>\n<meta property=\"og:site_name\" content=\"Skaitytaknyga\" \/>\n<meta property=\"article:publisher\" content=\"https:\/\/www.facebook.com\/skaitytaknyga\/\" \/>\n<meta property=\"article:modified_time\" content=\"2026-03-05T14:16:37+00:00\" \/>\n<meta property=\"og:image\" content=\"https:\/\/skaitytaknyga.lt\/wp-content\/uploads\/2025\/12\/Meskelione-1.webp\" \/>\n\t<meta property=\"og:image:width\" content=\"300\" \/>\n\t<meta property=\"og:image:height\" content=\"354\" \/>\n\t<meta property=\"og:image:type\" content=\"image\/webp\" \/>\n<meta name=\"twitter:card\" content=\"summary_large_image\" \/>\n<meta name=\"twitter:label1\" content=\"Estimated reading time\" \/>\n\t<meta name=\"twitter:data1\" content=\"1 minute\" \/>\n<script type=\"application\/ld+json\" class=\"yoast-schema-graph\">{\"@context\":\"https:\/\/schema.org\",\"@graph\":[{\"@type\":\"WebPage\",\"@id\":\"https:\/\/skaitytaknyga.lt\/produktas\/meskelione\/\",\"url\":\"https:\/\/skaitytaknyga.lt\/produktas\/meskelione\/\",\"name\":\"Me\u0161kelion\u0117\",\"isPartOf\":{\"@id\":\"https:\/\/skaitytaknyga.lt\/#website\"},\"primaryImageOfPage\":{\"@id\":\"https:\/\/skaitytaknyga.lt\/produktas\/meskelione\/#primaryimage\"},\"image\":{\"@id\":\"https:\/\/skaitytaknyga.lt\/produktas\/meskelione\/#primaryimage\"},\"thumbnailUrl\":\"https:\/\/skaitytaknyga.lt\/wp-content\/uploads\/2025\/12\/Meskelione-1.webp\",\"datePublished\":\"2025-12-15T19:36:24+00:00\",\"dateModified\":\"2026-03-05T14:16:37+00:00\",\"description\":\"Art\u0117jant gra\u017eiausiai met\u0173 \u0161ventei Kal\u0117doms, Me\u0161kin\u0173 \u0161eimyna leid\u017eiasi \u012f stebukling\u0105 kelion\u0119 aplink pasaul\u012f, kad aplankyt\u0173 kal\u0117dine ruo\u0161a u\u017esi\u0117musius\",\"breadcrumb\":{\"@id\":\"https:\/\/skaitytaknyga.lt\/produktas\/meskelione\/#breadcrumb\"},\"inLanguage\":\"en-GB\",\"potentialAction\":[{\"@type\":\"ReadAction\",\"target\":[\"https:\/\/skaitytaknyga.lt\/produktas\/meskelione\/\"]}]},{\"@type\":\"ImageObject\",\"inLanguage\":\"en-GB\",\"@id\":\"https:\/\/skaitytaknyga.lt\/produktas\/meskelione\/#primaryimage\",\"url\":\"https:\/\/skaitytaknyga.lt\/wp-content\/uploads\/2025\/12\/Meskelione-1.webp\",\"contentUrl\":\"https:\/\/skaitytaknyga.lt\/wp-content\/uploads\/2025\/12\/Meskelione-1.webp\",\"width\":300,\"height\":354,\"caption\":\"Me\u0161kelion\u0117\"},{\"@type\":\"BreadcrumbList\",\"@id\":\"https:\/\/skaitytaknyga.lt\/produktas\/meskelione\/#breadcrumb\",\"itemListElement\":[{\"@type\":\"ListItem\",\"position\":1,\"name\":\"Home\",\"item\":\"https:\/\/skaitytaknyga.lt\/\"},{\"@type\":\"ListItem\",\"position\":2,\"name\":\"Parduotuv\u0117\",\"item\":\"https:\/\/skaitytaknyga.lt\/knygu-parduotuve\/\"},{\"@type\":\"ListItem\",\"position\":3,\"name\":\"Me\u0161kelion\u0117\"}]},{\"@type\":\"WebSite\",\"@id\":\"https:\/\/skaitytaknyga.lt\/#website\",\"url\":\"https:\/\/skaitytaknyga.lt\/\",\"name\":\"skaitytaknyga.lt\",\"description\":\"Skaitytaknyga.lt \u2013 tai ma\u017eas \u0161eimos verslas, kuris prasid\u0117jo nuo meil\u0117s knygoms ir siekio i\u0161gelb\u0117ti knygas nuo likimo prie konteinerio. Kas vienam nereikalingas daiktas \u2013 kitam lobis, o mes esame tarpininkai, kurie padeda abiems tapti laimingesniems ???? \u017dinome kaip nelengva i\u0161gyventi ma\u017eiems verslams, tad nuo \u0161iol, \u010dia rasite ir kit\u0173, ma\u017e\u0173 \u0161eim\u0173 versl\u0173, rank\u0173 darbo, dovan\u0173 sau ir artimiesiems.\",\"publisher\":{\"@id\":\"https:\/\/skaitytaknyga.lt\/#organization\"},\"potentialAction\":[{\"@type\":\"SearchAction\",\"target\":{\"@type\":\"EntryPoint\",\"urlTemplate\":\"https:\/\/skaitytaknyga.lt\/?s={search_term_string}\"},\"query-input\":{\"@type\":\"PropertyValueSpecification\",\"valueRequired\":true,\"valueName\":\"search_term_string\"}}],\"inLanguage\":\"en-GB\"},{\"@type\":\"Organization\",\"@id\":\"https:\/\/skaitytaknyga.lt\/#organization\",\"name\":\"skaitytaknyga.lt\",\"url\":\"https:\/\/skaitytaknyga.lt\/\",\"logo\":{\"@type\":\"ImageObject\",\"inLanguage\":\"en-GB\",\"@id\":\"https:\/\/skaitytaknyga.lt\/#\/schema\/logo\/image\/\",\"url\":\"https:\/\/skaitytaknyga.lt\/wp-content\/uploads\/2024\/05\/cropped-cropped-cropped-02_00843_jt3bggkj1j3HLc7SyY6rEUpg.jpeg\",\"contentUrl\":\"https:\/\/skaitytaknyga.lt\/wp-content\/uploads\/2024\/05\/cropped-cropped-cropped-02_00843_jt3bggkj1j3HLc7SyY6rEUpg.jpeg\",\"width\":1600,\"height\":1600,\"caption\":\"skaitytaknyga.lt\"},\"image\":{\"@id\":\"https:\/\/skaitytaknyga.lt\/#\/schema\/logo\/image\/\"},\"sameAs\":[\"https:\/\/www.facebook.com\/skaitytaknyga\/\"]}]}<\/script>\n<!-- \/ Yoast SEO plugin. -->","yoast_head_json":{"title":"Me\u0161kelion\u0117","description":"Art\u0117jant gra\u017eiausiai met\u0173 \u0161ventei Kal\u0117doms, Me\u0161kin\u0173 \u0161eimyna leid\u017eiasi \u012f stebukling\u0105 kelion\u0119 aplink pasaul\u012f, kad aplankyt\u0173 kal\u0117dine ruo\u0161a u\u017esi\u0117musius","robots":{"index":"index","follow":"follow","max-snippet":"max-snippet:-1","max-image-preview":"max-image-preview:large","max-video-preview":"max-video-preview:-1"},"canonical":"https:\/\/skaitytaknyga.lt\/en\/produktas\/meskelione\/","og_locale":"en_GB","og_type":"article","og_title":"[:lt]Me\u0161kelion\u0117[:] - Skaitytaknyga","og_description":"Art\u0117jant gra\u017eiausiai met\u0173 \u0161ventei Kal\u0117doms, Me\u0161kin\u0173 \u0161eimyna leid\u017eiasi \u012f stebukling\u0105 kelion\u0119 aplink pasaul\u012f, kad aplankyt\u0173 kal\u0117dine ruo\u0161a u\u017esi\u0117musius","og_url":"https:\/\/skaitytaknyga.lt\/en\/produktas\/meskelione\/","og_site_name":"Skaitytaknyga","article_publisher":"https:\/\/www.facebook.com\/skaitytaknyga\/","article_modified_time":"2026-03-05T14:16:37+00:00","og_image":[{"width":300,"height":354,"url":"https:\/\/skaitytaknyga.lt\/wp-content\/uploads\/2025\/12\/Meskelione-1.webp","type":"image\/webp"}],"twitter_card":"summary_large_image","twitter_misc":{"Estimated reading time":"1 minute"},"schema":{"@context":"https:\/\/schema.org","@graph":[{"@type":"WebPage","@id":"https:\/\/skaitytaknyga.lt\/produktas\/meskelione\/","url":"https:\/\/skaitytaknyga.lt\/produktas\/meskelione\/","name":"Me\u0161kelion\u0117","isPartOf":{"@id":"https:\/\/skaitytaknyga.lt\/#website"},"primaryImageOfPage":{"@id":"https:\/\/skaitytaknyga.lt\/produktas\/meskelione\/#primaryimage"},"image":{"@id":"https:\/\/skaitytaknyga.lt\/produktas\/meskelione\/#primaryimage"},"thumbnailUrl":"https:\/\/skaitytaknyga.lt\/wp-content\/uploads\/2025\/12\/Meskelione-1.webp","datePublished":"2025-12-15T19:36:24+00:00","dateModified":"2026-03-05T14:16:37+00:00","description":"Art\u0117jant gra\u017eiausiai met\u0173 \u0161ventei Kal\u0117doms, Me\u0161kin\u0173 \u0161eimyna leid\u017eiasi \u012f stebukling\u0105 kelion\u0119 aplink pasaul\u012f, kad aplankyt\u0173 kal\u0117dine ruo\u0161a u\u017esi\u0117musius","breadcrumb":{"@id":"https:\/\/skaitytaknyga.lt\/produktas\/meskelione\/#breadcrumb"},"inLanguage":"en-GB","potentialAction":[{"@type":"ReadAction","target":["https:\/\/skaitytaknyga.lt\/produktas\/meskelione\/"]}]},{"@type":"ImageObject","inLanguage":"en-GB","@id":"https:\/\/skaitytaknyga.lt\/produktas\/meskelione\/#primaryimage","url":"https:\/\/skaitytaknyga.lt\/wp-content\/uploads\/2025\/12\/Meskelione-1.webp","contentUrl":"https:\/\/skaitytaknyga.lt\/wp-content\/uploads\/2025\/12\/Meskelione-1.webp","width":300,"height":354,"caption":"Me\u0161kelion\u0117"},{"@type":"BreadcrumbList","@id":"https:\/\/skaitytaknyga.lt\/produktas\/meskelione\/#breadcrumb","itemListElement":[{"@type":"ListItem","position":1,"name":"Home","item":"https:\/\/skaitytaknyga.lt\/"},{"@type":"ListItem","position":2,"name":"Parduotuv\u0117","item":"https:\/\/skaitytaknyga.lt\/knygu-parduotuve\/"},{"@type":"ListItem","position":3,"name":"Me\u0161kelion\u0117"}]},{"@type":"WebSite","@id":"https:\/\/skaitytaknyga.lt\/#website","url":"https:\/\/skaitytaknyga.lt\/","name":"skaitytaknyga.lt","description":"Skaitytaknyga.lt \u2013 tai ma\u017eas \u0161eimos verslas, kuris prasid\u0117jo nuo meil\u0117s knygoms ir siekio i\u0161gelb\u0117ti knygas nuo likimo prie konteinerio. Kas vienam nereikalingas daiktas \u2013 kitam lobis, o mes esame tarpininkai, kurie padeda abiems tapti laimingesniems ???? \u017dinome kaip nelengva i\u0161gyventi ma\u017eiems verslams, tad nuo \u0161iol, \u010dia rasite ir kit\u0173, ma\u017e\u0173 \u0161eim\u0173 versl\u0173, rank\u0173 darbo, dovan\u0173 sau ir artimiesiems.","publisher":{"@id":"https:\/\/skaitytaknyga.lt\/#organization"},"potentialAction":[{"@type":"SearchAction","target":{"@type":"EntryPoint","urlTemplate":"https:\/\/skaitytaknyga.lt\/?s={search_term_string}"},"query-input":{"@type":"PropertyValueSpecification","valueRequired":true,"valueName":"search_term_string"}}],"inLanguage":"en-GB"},{"@type":"Organization","@id":"https:\/\/skaitytaknyga.lt\/#organization","name":"skaitytaknyga.lt","url":"https:\/\/skaitytaknyga.lt\/","logo":{"@type":"ImageObject","inLanguage":"en-GB","@id":"https:\/\/skaitytaknyga.lt\/#\/schema\/logo\/image\/","url":"https:\/\/skaitytaknyga.lt\/wp-content\/uploads\/2024\/05\/cropped-cropped-cropped-02_00843_jt3bggkj1j3HLc7SyY6rEUpg.jpeg","contentUrl":"https:\/\/skaitytaknyga.lt\/wp-content\/uploads\/2024\/05\/cropped-cropped-cropped-02_00843_jt3bggkj1j3HLc7SyY6rEUpg.jpeg","width":1600,"height":1600,"caption":"skaitytaknyga.lt"},"image":{"@id":"https:\/\/skaitytaknyga.lt\/#\/schema\/logo\/image\/"},"sameAs":["https:\/\/www.facebook.com\/skaitytaknyga\/"]}]}},"_links":{"self":[{"href":"https:\/\/skaitytaknyga.lt\/en\/wp-json\/wp\/v2\/product\/22257","targetHints":{"allow":["GET"]}}],"collection":[{"href":"https:\/\/skaitytaknyga.lt\/en\/wp-json\/wp\/v2\/product"}],"about":[{"href":"https:\/\/skaitytaknyga.lt\/en\/wp-json\/wp\/v2\/types\/product"}],"replies":[{"embeddable":true,"href":"https:\/\/skaitytaknyga.lt\/en\/wp-json\/wp\/v2\/comments?post=22257"}],"wp:featuredmedia":[{"embeddable":true,"href":"https:\/\/skaitytaknyga.lt\/en\/wp-json\/wp\/v2\/media\/22262"}],"wp:attachment":[{"href":"https:\/\/skaitytaknyga.lt\/en\/wp-json\/wp\/v2\/media?parent=22257"}],"wp:term":[{"taxonomy":"product_brand","embeddable":true,"href":"https:\/\/skaitytaknyga.lt\/en\/wp-json\/wp\/v2\/product_brand?post=22257"},{"taxonomy":"product_cat","embeddable":true,"href":"https:\/\/skaitytaknyga.lt\/en\/wp-json\/wp\/v2\/product_cat?post=22257"},{"taxonomy":"product_tag","embeddable":true,"href":"https:\/\/skaitytaknyga.lt\/en\/wp-json\/wp\/v2\/product_tag?post=22257"}],"curies":[{"name":"wp","href":"https:\/\/api.w.org\/{rel}","templated":true}]}}