{"id":22256,"date":"2025-12-15T21:36:23","date_gmt":"2025-12-15T19:36:23","guid":{"rendered":"https:\/\/skaitytaknyga.lt\/?post_type=product&#038;p=22256"},"modified":"2026-02-03T11:59:59","modified_gmt":"2026-02-03T09:59:59","slug":"apie-daiktus-trumpos-istorijos","status":"publish","type":"product","link":"https:\/\/skaitytaknyga.lt\/en\/produktas\/apie-daiktus-trumpos-istorijos\/","title":{"rendered":"Apie daiktus. Trumpos istorijos"},"content":{"rendered":"<p>Namuose knib\u017ed\u0117te knib\u017eda daikt\u0173, ir kiekvieno j\u0173 gyvenimas \u2013 atskira istorija. Tik pa\u017ei\u016br\u0117kite: puodelis pykstasi su l\u0117k\u0161tute (bet visada susitaiko), tualet\u0105 valdo karalius Klozetas Pirmasis, valgomojo k\u0117d\u0117s lenktyniauja aplink stal\u0105, batai ir \u0161lepet\u0117s var\u017eosi d\u0117l \u0161eimininko d\u0117mesio! O kiek dar visko vyksta mums to net ne\u017einant?..<\/p>\n<p>\u201eApie daiktus. Trumpos istorijos\u201c \u2013 tai rinktin\u0117, kurioje sud\u0117ti \u0161auniausi pasakojimai apie daiktus i\u0161 K\u0119stu\u010dio Kasparavi\u010diaus knyg\u0173 \u201eKvailos istorijos\u201c ir \u201eTrumpos istorijos\u201c.<\/p>\n<p>Ma\u017euosius skaitytojus ir j\u0173 t\u0117velius su\u017eav\u0117jusios istorijos ir toliau stebins originaliomis iliustracijomis bei subtiliu humoru \u2013 \u012fsitikinkite patys!<\/p>\n","protected":false},"excerpt":{"rendered":"<p>Namuose knib\u017ed\u0117te knib\u017eda daikt\u0173, ir kiekvieno j\u0173 gyvenimas \u2013 atskira istorija. Tik pa\u017ei\u016br\u0117kite: puodelis pykstasi su l\u0117k\u0161tute (bet visada susitaiko), tualet\u0105 valdo karalius Klozetas Pirmasis, valgomojo k\u0117d\u0117s lenktyniauja aplink stal\u0105, batai ir \u0161lepet\u0117s var\u017eosi d\u0117l \u0161eimininko d\u0117mesio! O kiek dar visko vyksta mums to net ne\u017einant?.. \u201eApie daiktus. Trumpos istorijos\u201c \u2013 tai rinktin\u0117, kurioje sud\u0117ti \u0161auniausi pasakojimai apie daiktus i\u0161 K\u0119stu\u010dio Kasparavi\u010diaus knyg\u0173 \u201eKvailos istorijos\u201c ir \u201eTrumpos istorijos\u201c. Ma\u017euosius skaitytojus ir j\u0173 t\u0117velius su\u017eav\u0117jusios istorijos ir toliau stebins originaliomis iliustracijomis bei subtiliu humoru \u2013 \u012fsitikinkite patys!<\/p>\n","protected":false},"featured_media":22261,"comment_status":"open","ping_status":"closed","template":"","meta":{"_acf_changed":false,"site-sidebar-layout":"default","site-content-layout":"","ast-site-content-layout":"default","site-content-style":"default","site-sidebar-style":"default","ast-global-header-display":"","ast-banner-title-visibility":"","ast-main-header-display":"","ast-hfb-above-header-display":"","ast-hfb-below-header-display":"","ast-hfb-mobile-header-display":"","site-post-title":"","ast-breadcrumbs-content":"","ast-featured-img":"","footer-sml-layout":"","ast-disable-related-posts":"","theme-transparent-header-meta":"","adv-header-id-meta":"","stick-header-meta":"","header-above-stick-meta":"","header-main-stick-meta":"","header-below-stick-meta":"","astra-migrate-meta-layouts":"default","ast-page-background-enabled":"default","ast-page-background-meta":{"desktop":{"background-color":"","background-image":"","background-repeat":"repeat","background-position":"center center","background-size":"auto","background-attachment":"scroll","background-type":"","background-media":"","overlay-type":"","overlay-color":"","overlay-opacity":"","overlay-gradient":""},"tablet":{"background-color":"","background-image":"","background-repeat":"repeat","background-position":"center center","background-size":"auto","background-attachment":"scroll","background-type":"","background-media":"","overlay-type":"","overlay-color":"","overlay-opacity":"","overlay-gradient":""},"mobile":{"background-color":"","background-image":"","background-repeat":"repeat","background-position":"center center","background-size":"auto","background-attachment":"scroll","background-type":"","background-media":"","overlay-type":"","overlay-color":"","overlay-opacity":"","overlay-gradient":""}},"ast-content-background-meta":{"desktop":{"background-color":"var(--ast-global-color-4)","background-image":"","background-repeat":"repeat","background-position":"center center","background-size":"auto","background-attachment":"scroll","background-type":"","background-media":"","overlay-type":"","overlay-color":"","overlay-opacity":"","overlay-gradient":""},"tablet":{"background-color":"var(--ast-global-color-4)","background-image":"","background-repeat":"repeat","background-position":"center center","background-size":"auto","background-attachment":"scroll","background-type":"","background-media":"","overlay-type":"","overlay-color":"","overlay-opacity":"","overlay-gradient":""},"mobile":{"background-color":"var(--ast-global-color-4)","background-image":"","background-repeat":"repeat","background-position":"center center","background-size":"auto","background-attachment":"scroll","background-type":"","background-media":"","overlay-type":"","overlay-color":"","overlay-opacity":"","overlay-gradient":""}}},"product_brand":[],"product_cat":[35],"product_tag":[],"class_list":{"0":"post-22256","1":"product","2":"type-product","3":"status-publish","4":"has-post-thumbnail","6":"product_cat-vaikams-ir-paaugliams","7":"desktop-align-left","8":"tablet-align-left","9":"mobile-align-left","11":"first","12":"outofstock","13":"shipping-taxable","14":"purchasable","15":"product-type-simple"},"acf":[],"yoast_head":"<!-- This site is optimized with the Yoast SEO plugin v27.0 - https:\/\/yoast.com\/product\/yoast-seo-wordpress\/ -->\n<title>Apie daiktus. Trumpos istorijos<\/title>\n<meta name=\"description\" content=\"Namuose knib\u017ed\u0117te knib\u017eda daikt\u0173, ir kiekvieno j\u0173 gyvenimas \u2013 atskira istorija. Tik pa\u017ei\u016br\u0117kite: puodelis pykstasi su l\u0117k\u0161tute (bet visada susitaiko),\" \/>\n<meta name=\"robots\" content=\"index, follow, max-snippet:-1, max-image-preview:large, max-video-preview:-1\" \/>\n<link rel=\"canonical\" href=\"https:\/\/skaitytaknyga.lt\/en\/produktas\/apie-daiktus-trumpos-istorijos\/\" \/>\n<meta property=\"og:locale\" content=\"en_GB\" \/>\n<meta property=\"og:locale:alternate\" content=\"lt_LT\" \/>\n<meta property=\"og:type\" content=\"article\" \/>\n<meta property=\"og:title\" content=\"Apie daiktus. Trumpos istorijos\" \/>\n<meta property=\"og:description\" content=\"Namuose knib\u017ed\u0117te knib\u017eda daikt\u0173, ir kiekvieno j\u0173 gyvenimas \u2013 atskira istorija. Tik pa\u017ei\u016br\u0117kite: puodelis pykstasi su l\u0117k\u0161tute (bet visada susitaiko),\" \/>\n<meta property=\"og:url\" content=\"https:\/\/skaitytaknyga.lt\/en\/produktas\/apie-daiktus-trumpos-istorijos\/\" \/>\n<meta property=\"og:site_name\" content=\"Skaitytaknyga\" \/>\n<meta property=\"article:publisher\" content=\"https:\/\/www.facebook.com\/skaitytaknyga\/\" \/>\n<meta property=\"article:modified_time\" content=\"2026-02-03T09:59:59+00:00\" \/>\n<meta property=\"og:image\" content=\"https:\/\/skaitytaknyga.lt\/wp-content\/uploads\/2025\/12\/Apie-daiktus.-Trumpos-istorijos-1.webp\" \/>\n\t<meta property=\"og:image:width\" content=\"300\" \/>\n\t<meta property=\"og:image:height\" content=\"333\" \/>\n\t<meta property=\"og:image:type\" content=\"image\/webp\" \/>\n<meta name=\"twitter:card\" content=\"summary_large_image\" \/>\n<meta name=\"twitter:label1\" content=\"Estimated reading time\" \/>\n\t<meta name=\"twitter:data1\" content=\"1 minute\" \/>\n<script type=\"application\/ld+json\" class=\"yoast-schema-graph\">{\"@context\":\"https:\/\/schema.org\",\"@graph\":[{\"@type\":\"WebPage\",\"@id\":\"https:\/\/skaitytaknyga.lt\/produktas\/apie-daiktus-trumpos-istorijos\/\",\"url\":\"https:\/\/skaitytaknyga.lt\/produktas\/apie-daiktus-trumpos-istorijos\/\",\"name\":\"Apie daiktus. Trumpos istorijos\",\"isPartOf\":{\"@id\":\"https:\/\/skaitytaknyga.lt\/#website\"},\"primaryImageOfPage\":{\"@id\":\"https:\/\/skaitytaknyga.lt\/produktas\/apie-daiktus-trumpos-istorijos\/#primaryimage\"},\"image\":{\"@id\":\"https:\/\/skaitytaknyga.lt\/produktas\/apie-daiktus-trumpos-istorijos\/#primaryimage\"},\"thumbnailUrl\":\"https:\/\/skaitytaknyga.lt\/wp-content\/uploads\/2025\/12\/Apie-daiktus.-Trumpos-istorijos-1.webp\",\"datePublished\":\"2025-12-15T19:36:23+00:00\",\"dateModified\":\"2026-02-03T09:59:59+00:00\",\"description\":\"Namuose knib\u017ed\u0117te knib\u017eda daikt\u0173, ir kiekvieno j\u0173 gyvenimas \u2013 atskira istorija. Tik pa\u017ei\u016br\u0117kite: puodelis pykstasi su l\u0117k\u0161tute (bet visada susitaiko),\",\"breadcrumb\":{\"@id\":\"https:\/\/skaitytaknyga.lt\/produktas\/apie-daiktus-trumpos-istorijos\/#breadcrumb\"},\"inLanguage\":\"en-GB\",\"potentialAction\":[{\"@type\":\"ReadAction\",\"target\":[\"https:\/\/skaitytaknyga.lt\/produktas\/apie-daiktus-trumpos-istorijos\/\"]}]},{\"@type\":\"ImageObject\",\"inLanguage\":\"en-GB\",\"@id\":\"https:\/\/skaitytaknyga.lt\/produktas\/apie-daiktus-trumpos-istorijos\/#primaryimage\",\"url\":\"https:\/\/skaitytaknyga.lt\/wp-content\/uploads\/2025\/12\/Apie-daiktus.-Trumpos-istorijos-1.webp\",\"contentUrl\":\"https:\/\/skaitytaknyga.lt\/wp-content\/uploads\/2025\/12\/Apie-daiktus.-Trumpos-istorijos-1.webp\",\"width\":300,\"height\":333,\"caption\":\"Apie daiktus. Trumpos istorijos\"},{\"@type\":\"BreadcrumbList\",\"@id\":\"https:\/\/skaitytaknyga.lt\/produktas\/apie-daiktus-trumpos-istorijos\/#breadcrumb\",\"itemListElement\":[{\"@type\":\"ListItem\",\"position\":1,\"name\":\"Home\",\"item\":\"https:\/\/skaitytaknyga.lt\/\"},{\"@type\":\"ListItem\",\"position\":2,\"name\":\"Parduotuv\u0117\",\"item\":\"https:\/\/skaitytaknyga.lt\/knygu-parduotuve\/\"},{\"@type\":\"ListItem\",\"position\":3,\"name\":\"Apie daiktus. Trumpos istorijos\"}]},{\"@type\":\"WebSite\",\"@id\":\"https:\/\/skaitytaknyga.lt\/#website\",\"url\":\"https:\/\/skaitytaknyga.lt\/\",\"name\":\"skaitytaknyga.lt\",\"description\":\"Skaitytaknyga.lt \u2013 tai ma\u017eas \u0161eimos verslas, kuris prasid\u0117jo nuo meil\u0117s knygoms ir siekio i\u0161gelb\u0117ti knygas nuo likimo prie konteinerio. Kas vienam nereikalingas daiktas \u2013 kitam lobis, o mes esame tarpininkai, kurie padeda abiems tapti laimingesniems ???? \u017dinome kaip nelengva i\u0161gyventi ma\u017eiems verslams, tad nuo \u0161iol, \u010dia rasite ir kit\u0173, ma\u017e\u0173 \u0161eim\u0173 versl\u0173, rank\u0173 darbo, dovan\u0173 sau ir artimiesiems.\",\"publisher\":{\"@id\":\"https:\/\/skaitytaknyga.lt\/#organization\"},\"potentialAction\":[{\"@type\":\"SearchAction\",\"target\":{\"@type\":\"EntryPoint\",\"urlTemplate\":\"https:\/\/skaitytaknyga.lt\/?s={search_term_string}\"},\"query-input\":{\"@type\":\"PropertyValueSpecification\",\"valueRequired\":true,\"valueName\":\"search_term_string\"}}],\"inLanguage\":\"en-GB\"},{\"@type\":\"Organization\",\"@id\":\"https:\/\/skaitytaknyga.lt\/#organization\",\"name\":\"skaitytaknyga.lt\",\"url\":\"https:\/\/skaitytaknyga.lt\/\",\"logo\":{\"@type\":\"ImageObject\",\"inLanguage\":\"en-GB\",\"@id\":\"https:\/\/skaitytaknyga.lt\/#\/schema\/logo\/image\/\",\"url\":\"https:\/\/skaitytaknyga.lt\/wp-content\/uploads\/2024\/05\/cropped-cropped-cropped-02_00843_jt3bggkj1j3HLc7SyY6rEUpg.jpeg\",\"contentUrl\":\"https:\/\/skaitytaknyga.lt\/wp-content\/uploads\/2024\/05\/cropped-cropped-cropped-02_00843_jt3bggkj1j3HLc7SyY6rEUpg.jpeg\",\"width\":1600,\"height\":1600,\"caption\":\"skaitytaknyga.lt\"},\"image\":{\"@id\":\"https:\/\/skaitytaknyga.lt\/#\/schema\/logo\/image\/\"},\"sameAs\":[\"https:\/\/www.facebook.com\/skaitytaknyga\/\"]}]}<\/script>\n<!-- \/ Yoast SEO plugin. -->","yoast_head_json":{"title":"Apie daiktus. Trumpos istorijos","description":"Namuose knib\u017ed\u0117te knib\u017eda daikt\u0173, ir kiekvieno j\u0173 gyvenimas \u2013 atskira istorija. Tik pa\u017ei\u016br\u0117kite: puodelis pykstasi su l\u0117k\u0161tute (bet visada susitaiko),","robots":{"index":"index","follow":"follow","max-snippet":"max-snippet:-1","max-image-preview":"max-image-preview:large","max-video-preview":"max-video-preview:-1"},"canonical":"https:\/\/skaitytaknyga.lt\/en\/produktas\/apie-daiktus-trumpos-istorijos\/","og_locale":"en_GB","og_type":"article","og_title":"[:lt]Apie daiktus. Trumpos istorijos[:] - Skaitytaknyga","og_description":"Namuose knib\u017ed\u0117te knib\u017eda daikt\u0173, ir kiekvieno j\u0173 gyvenimas \u2013 atskira istorija. Tik pa\u017ei\u016br\u0117kite: puodelis pykstasi su l\u0117k\u0161tute (bet visada susitaiko),","og_url":"https:\/\/skaitytaknyga.lt\/en\/produktas\/apie-daiktus-trumpos-istorijos\/","og_site_name":"Skaitytaknyga","article_publisher":"https:\/\/www.facebook.com\/skaitytaknyga\/","article_modified_time":"2026-02-03T09:59:59+00:00","og_image":[{"width":300,"height":333,"url":"https:\/\/skaitytaknyga.lt\/wp-content\/uploads\/2025\/12\/Apie-daiktus.-Trumpos-istorijos-1.webp","type":"image\/webp"}],"twitter_card":"summary_large_image","twitter_misc":{"Estimated reading time":"1 minute"},"schema":{"@context":"https:\/\/schema.org","@graph":[{"@type":"WebPage","@id":"https:\/\/skaitytaknyga.lt\/produktas\/apie-daiktus-trumpos-istorijos\/","url":"https:\/\/skaitytaknyga.lt\/produktas\/apie-daiktus-trumpos-istorijos\/","name":"Apie daiktus. Trumpos istorijos","isPartOf":{"@id":"https:\/\/skaitytaknyga.lt\/#website"},"primaryImageOfPage":{"@id":"https:\/\/skaitytaknyga.lt\/produktas\/apie-daiktus-trumpos-istorijos\/#primaryimage"},"image":{"@id":"https:\/\/skaitytaknyga.lt\/produktas\/apie-daiktus-trumpos-istorijos\/#primaryimage"},"thumbnailUrl":"https:\/\/skaitytaknyga.lt\/wp-content\/uploads\/2025\/12\/Apie-daiktus.-Trumpos-istorijos-1.webp","datePublished":"2025-12-15T19:36:23+00:00","dateModified":"2026-02-03T09:59:59+00:00","description":"Namuose knib\u017ed\u0117te knib\u017eda daikt\u0173, ir kiekvieno j\u0173 gyvenimas \u2013 atskira istorija. Tik pa\u017ei\u016br\u0117kite: puodelis pykstasi su l\u0117k\u0161tute (bet visada susitaiko),","breadcrumb":{"@id":"https:\/\/skaitytaknyga.lt\/produktas\/apie-daiktus-trumpos-istorijos\/#breadcrumb"},"inLanguage":"en-GB","potentialAction":[{"@type":"ReadAction","target":["https:\/\/skaitytaknyga.lt\/produktas\/apie-daiktus-trumpos-istorijos\/"]}]},{"@type":"ImageObject","inLanguage":"en-GB","@id":"https:\/\/skaitytaknyga.lt\/produktas\/apie-daiktus-trumpos-istorijos\/#primaryimage","url":"https:\/\/skaitytaknyga.lt\/wp-content\/uploads\/2025\/12\/Apie-daiktus.-Trumpos-istorijos-1.webp","contentUrl":"https:\/\/skaitytaknyga.lt\/wp-content\/uploads\/2025\/12\/Apie-daiktus.-Trumpos-istorijos-1.webp","width":300,"height":333,"caption":"Apie daiktus. Trumpos istorijos"},{"@type":"BreadcrumbList","@id":"https:\/\/skaitytaknyga.lt\/produktas\/apie-daiktus-trumpos-istorijos\/#breadcrumb","itemListElement":[{"@type":"ListItem","position":1,"name":"Home","item":"https:\/\/skaitytaknyga.lt\/"},{"@type":"ListItem","position":2,"name":"Parduotuv\u0117","item":"https:\/\/skaitytaknyga.lt\/knygu-parduotuve\/"},{"@type":"ListItem","position":3,"name":"Apie daiktus. Trumpos istorijos"}]},{"@type":"WebSite","@id":"https:\/\/skaitytaknyga.lt\/#website","url":"https:\/\/skaitytaknyga.lt\/","name":"skaitytaknyga.lt","description":"Skaitytaknyga.lt \u2013 tai ma\u017eas \u0161eimos verslas, kuris prasid\u0117jo nuo meil\u0117s knygoms ir siekio i\u0161gelb\u0117ti knygas nuo likimo prie konteinerio. Kas vienam nereikalingas daiktas \u2013 kitam lobis, o mes esame tarpininkai, kurie padeda abiems tapti laimingesniems ???? \u017dinome kaip nelengva i\u0161gyventi ma\u017eiems verslams, tad nuo \u0161iol, \u010dia rasite ir kit\u0173, ma\u017e\u0173 \u0161eim\u0173 versl\u0173, rank\u0173 darbo, dovan\u0173 sau ir artimiesiems.","publisher":{"@id":"https:\/\/skaitytaknyga.lt\/#organization"},"potentialAction":[{"@type":"SearchAction","target":{"@type":"EntryPoint","urlTemplate":"https:\/\/skaitytaknyga.lt\/?s={search_term_string}"},"query-input":{"@type":"PropertyValueSpecification","valueRequired":true,"valueName":"search_term_string"}}],"inLanguage":"en-GB"},{"@type":"Organization","@id":"https:\/\/skaitytaknyga.lt\/#organization","name":"skaitytaknyga.lt","url":"https:\/\/skaitytaknyga.lt\/","logo":{"@type":"ImageObject","inLanguage":"en-GB","@id":"https:\/\/skaitytaknyga.lt\/#\/schema\/logo\/image\/","url":"https:\/\/skaitytaknyga.lt\/wp-content\/uploads\/2024\/05\/cropped-cropped-cropped-02_00843_jt3bggkj1j3HLc7SyY6rEUpg.jpeg","contentUrl":"https:\/\/skaitytaknyga.lt\/wp-content\/uploads\/2024\/05\/cropped-cropped-cropped-02_00843_jt3bggkj1j3HLc7SyY6rEUpg.jpeg","width":1600,"height":1600,"caption":"skaitytaknyga.lt"},"image":{"@id":"https:\/\/skaitytaknyga.lt\/#\/schema\/logo\/image\/"},"sameAs":["https:\/\/www.facebook.com\/skaitytaknyga\/"]}]}},"_links":{"self":[{"href":"https:\/\/skaitytaknyga.lt\/en\/wp-json\/wp\/v2\/product\/22256","targetHints":{"allow":["GET"]}}],"collection":[{"href":"https:\/\/skaitytaknyga.lt\/en\/wp-json\/wp\/v2\/product"}],"about":[{"href":"https:\/\/skaitytaknyga.lt\/en\/wp-json\/wp\/v2\/types\/product"}],"replies":[{"embeddable":true,"href":"https:\/\/skaitytaknyga.lt\/en\/wp-json\/wp\/v2\/comments?post=22256"}],"wp:featuredmedia":[{"embeddable":true,"href":"https:\/\/skaitytaknyga.lt\/en\/wp-json\/wp\/v2\/media\/22261"}],"wp:attachment":[{"href":"https:\/\/skaitytaknyga.lt\/en\/wp-json\/wp\/v2\/media?parent=22256"}],"wp:term":[{"taxonomy":"product_brand","embeddable":true,"href":"https:\/\/skaitytaknyga.lt\/en\/wp-json\/wp\/v2\/product_brand?post=22256"},{"taxonomy":"product_cat","embeddable":true,"href":"https:\/\/skaitytaknyga.lt\/en\/wp-json\/wp\/v2\/product_cat?post=22256"},{"taxonomy":"product_tag","embeddable":true,"href":"https:\/\/skaitytaknyga.lt\/en\/wp-json\/wp\/v2\/product_tag?post=22256"}],"curies":[{"name":"wp","href":"https:\/\/api.w.org\/{rel}","templated":true}]}}