{"id":22255,"date":"2025-12-15T21:36:23","date_gmt":"2025-12-15T19:36:23","guid":{"rendered":"https:\/\/skaitytaknyga.lt\/?post_type=product&#038;p=22255"},"modified":"2025-12-18T18:54:31","modified_gmt":"2025-12-18T16:54:31","slug":"naktinis-tigras","status":"publish","type":"product","link":"https:\/\/skaitytaknyga.lt\/en\/produktas\/naktinis-tigras\/","title":{"rendered":"Naktinis tigras"},"content":{"rendered":"<p>\u201eNew York Times\u201c bestseleri\u0173 autor\u0117s Yangsze Choo romanas, kurio veiksmas vyksta 4-ajame XX a. de\u0161imtmetyje kolonijin\u0117je Malaizijoje, puikiai tinka Isabel\u0117s Allende k\u016brybos gerb\u0117jams.<br \/>\nNuovoki ir ambicinga D\u017ei Lin, besimokanti nem\u0117gstamo siuv\u0117jos amato, vakarais papildomai u\u017esidirba \u0161oki\u0173 sal\u0117je, kad pad\u0117t\u0173 motinai i\u0161mok\u0117ti lo\u0161imo skolas. Kart\u0105 D\u017ei Lin \u0161oki\u0173 partneris atsitiktinai palieka sal\u0117je bais\u0173 suvenyr\u0105, ir mergina \u012fsitraukia \u012f pavojing\u0105 nuotyk\u012f, pakliuvusi \u012f veidrodin\u012f paslap\u010di\u0173 ir prietar\u0173 pasaul\u012f.<br \/>\nVienuolikmetis tarnas Renas turi u\u017eduot\u012f \u2013 skubiai \u012fvykdyti savo buvusio \u0161eimininko prie\u0161mirtin\u012f nor\u0105: surasti pir\u0161t\u0105, kurio \u0161is neteko per nelaiming\u0105 atsitikim\u0105, ir palaidoti j\u012f kartu su k\u016bnu. Renas turi padaryti tai per 49 dienas, kitaip \u0161eimininko siela am\u017einai klajos \u017eem\u0117je.<br \/>\nNegailestingai b\u0117ga dienos, rajon\u0105 sukre\u010dia virtin\u0117 keist\u0173 mir\u010di\u0173, sklinda kalbos, kad vyrai virsta tigrais. Pavojingi D\u017ei Lin ir Reno keliai susikerta ve\u0161liose plantacijose, ligonin\u0117s sand\u0117liuose ir naktimis sapnuojamuose ko\u0161maruose.<\/p>\n","protected":false},"excerpt":{"rendered":"<p>\u201eNew York Times\u201c bestseleri\u0173 autor\u0117s Yangsze Choo romanas, kurio veiksmas vyksta 4-ajame XX a. de\u0161imtmetyje kolonijin\u0117je Malaizijoje, puikiai tinka Isabel\u0117s Allende k\u016brybos gerb\u0117jams. Nuovoki ir ambicinga D\u017ei Lin, besimokanti nem\u0117gstamo siuv\u0117jos amato, vakarais papildomai u\u017esidirba \u0161oki\u0173 sal\u0117je, kad pad\u0117t\u0173 motinai i\u0161mok\u0117ti lo\u0161imo skolas. Kart\u0105 D\u017ei Lin \u0161oki\u0173 partneris atsitiktinai palieka sal\u0117je bais\u0173 suvenyr\u0105, ir mergina \u012fsitraukia \u012f pavojing\u0105 nuotyk\u012f, pakliuvusi \u012f veidrodin\u012f paslap\u010di\u0173 ir prietar\u0173 pasaul\u012f. Vienuolikmetis tarnas Renas turi u\u017eduot\u012f \u2013 skubiai \u012fvykdyti savo buvusio \u0161eimininko prie\u0161mirtin\u012f nor\u0105: surasti pir\u0161t\u0105, kurio \u0161is neteko per nelaiming\u0105 atsitikim\u0105, ir palaidoti j\u012f kartu su k\u016bnu. Renas turi padaryti tai per 49 dienas, kitaip \u0161eimininko siela am\u017einai klajos \u017eem\u0117je. Negailestingai b\u0117ga dienos, rajon\u0105 sukre\u010dia virtin\u0117 keist\u0173 mir\u010di\u0173, sklinda kalbos, kad vyrai virsta tigrais. Pavojingi D\u017ei Lin ir Reno keliai susikerta ve\u0161liose plantacijose, ligonin\u0117s sand\u0117liuose ir naktimis sapnuojamuose ko\u0161maruose.<\/p>\n","protected":false},"featured_media":22260,"comment_status":"open","ping_status":"closed","template":"","meta":{"_acf_changed":false,"site-sidebar-layout":"default","site-content-layout":"","ast-site-content-layout":"default","site-content-style":"default","site-sidebar-style":"default","ast-global-header-display":"","ast-banner-title-visibility":"","ast-main-header-display":"","ast-hfb-above-header-display":"","ast-hfb-below-header-display":"","ast-hfb-mobile-header-display":"","site-post-title":"","ast-breadcrumbs-content":"","ast-featured-img":"","footer-sml-layout":"","ast-disable-related-posts":"","theme-transparent-header-meta":"","adv-header-id-meta":"","stick-header-meta":"","header-above-stick-meta":"","header-main-stick-meta":"","header-below-stick-meta":"","astra-migrate-meta-layouts":"default","ast-page-background-enabled":"default","ast-page-background-meta":{"desktop":{"background-color":"","background-image":"","background-repeat":"repeat","background-position":"center center","background-size":"auto","background-attachment":"scroll","background-type":"","background-media":"","overlay-type":"","overlay-color":"","overlay-opacity":"","overlay-gradient":""},"tablet":{"background-color":"","background-image":"","background-repeat":"repeat","background-position":"center center","background-size":"auto","background-attachment":"scroll","background-type":"","background-media":"","overlay-type":"","overlay-color":"","overlay-opacity":"","overlay-gradient":""},"mobile":{"background-color":"","background-image":"","background-repeat":"repeat","background-position":"center center","background-size":"auto","background-attachment":"scroll","background-type":"","background-media":"","overlay-type":"","overlay-color":"","overlay-opacity":"","overlay-gradient":""}},"ast-content-background-meta":{"desktop":{"background-color":"var(--ast-global-color-4)","background-image":"","background-repeat":"repeat","background-position":"center center","background-size":"auto","background-attachment":"scroll","background-type":"","background-media":"","overlay-type":"","overlay-color":"","overlay-opacity":"","overlay-gradient":""},"tablet":{"background-color":"var(--ast-global-color-4)","background-image":"","background-repeat":"repeat","background-position":"center center","background-size":"auto","background-attachment":"scroll","background-type":"","background-media":"","overlay-type":"","overlay-color":"","overlay-opacity":"","overlay-gradient":""},"mobile":{"background-color":"var(--ast-global-color-4)","background-image":"","background-repeat":"repeat","background-position":"center center","background-size":"auto","background-attachment":"scroll","background-type":"","background-media":"","overlay-type":"","overlay-color":"","overlay-opacity":"","overlay-gradient":""}}},"product_brand":[],"product_cat":[31],"product_tag":[],"class_list":{"0":"post-22255","1":"product","2":"type-product","3":"status-publish","4":"has-post-thumbnail","6":"product_cat-grozine-literatura","7":"desktop-align-left","8":"tablet-align-left","9":"mobile-align-left","11":"first","12":"instock","13":"shipping-taxable","14":"purchasable","15":"product-type-simple"},"acf":[],"yoast_head":"<!-- This site is optimized with the Yoast SEO plugin v27.0 - https:\/\/yoast.com\/product\/yoast-seo-wordpress\/ -->\n<title>Naktinis tigras<\/title>\n<meta name=\"description\" content=\"\u201eNew York Times\u201c bestseleri\u0173 autor\u0117s Yangsze Choo romanas, kurio veiksmas vyksta 4-ajame XX a. de\u0161imtmetyje kolonijin\u0117je Malaizijoje, puikiai tinka\" \/>\n<meta name=\"robots\" content=\"index, follow, max-snippet:-1, max-image-preview:large, max-video-preview:-1\" \/>\n<link rel=\"canonical\" href=\"https:\/\/skaitytaknyga.lt\/en\/produktas\/naktinis-tigras\/\" \/>\n<meta property=\"og:locale\" content=\"en_GB\" \/>\n<meta property=\"og:locale:alternate\" content=\"lt_LT\" \/>\n<meta property=\"og:type\" content=\"article\" \/>\n<meta property=\"og:title\" content=\"Naktinis tigras\" \/>\n<meta property=\"og:description\" content=\"\u201eNew York Times\u201c bestseleri\u0173 autor\u0117s Yangsze Choo romanas, kurio veiksmas vyksta 4-ajame XX a. de\u0161imtmetyje kolonijin\u0117je Malaizijoje, puikiai tinka\" \/>\n<meta property=\"og:url\" content=\"https:\/\/skaitytaknyga.lt\/en\/produktas\/naktinis-tigras\/\" \/>\n<meta property=\"og:site_name\" content=\"Skaitytaknyga\" \/>\n<meta property=\"article:publisher\" content=\"https:\/\/www.facebook.com\/skaitytaknyga\/\" \/>\n<meta property=\"article:modified_time\" content=\"2025-12-18T16:54:31+00:00\" \/>\n<meta property=\"og:image\" content=\"https:\/\/skaitytaknyga.lt\/wp-content\/uploads\/2025\/12\/Naktinis-tigras-1.webp\" \/>\n\t<meta property=\"og:image:width\" content=\"300\" \/>\n\t<meta property=\"og:image:height\" content=\"447\" \/>\n\t<meta property=\"og:image:type\" content=\"image\/webp\" \/>\n<meta name=\"twitter:card\" content=\"summary_large_image\" \/>\n<meta name=\"twitter:label1\" content=\"Estimated reading time\" \/>\n\t<meta name=\"twitter:data1\" content=\"1 minute\" \/>\n<script type=\"application\/ld+json\" class=\"yoast-schema-graph\">{\"@context\":\"https:\/\/schema.org\",\"@graph\":[{\"@type\":\"WebPage\",\"@id\":\"https:\/\/skaitytaknyga.lt\/produktas\/naktinis-tigras\/\",\"url\":\"https:\/\/skaitytaknyga.lt\/produktas\/naktinis-tigras\/\",\"name\":\"Naktinis tigras\",\"isPartOf\":{\"@id\":\"https:\/\/skaitytaknyga.lt\/#website\"},\"primaryImageOfPage\":{\"@id\":\"https:\/\/skaitytaknyga.lt\/produktas\/naktinis-tigras\/#primaryimage\"},\"image\":{\"@id\":\"https:\/\/skaitytaknyga.lt\/produktas\/naktinis-tigras\/#primaryimage\"},\"thumbnailUrl\":\"https:\/\/skaitytaknyga.lt\/wp-content\/uploads\/2025\/12\/Naktinis-tigras-1.webp\",\"datePublished\":\"2025-12-15T19:36:23+00:00\",\"dateModified\":\"2025-12-18T16:54:31+00:00\",\"description\":\"\u201eNew York Times\u201c bestseleri\u0173 autor\u0117s Yangsze Choo romanas, kurio veiksmas vyksta 4-ajame XX a. de\u0161imtmetyje kolonijin\u0117je Malaizijoje, puikiai tinka\",\"breadcrumb\":{\"@id\":\"https:\/\/skaitytaknyga.lt\/produktas\/naktinis-tigras\/#breadcrumb\"},\"inLanguage\":\"en-GB\",\"potentialAction\":[{\"@type\":\"ReadAction\",\"target\":[\"https:\/\/skaitytaknyga.lt\/produktas\/naktinis-tigras\/\"]}]},{\"@type\":\"ImageObject\",\"inLanguage\":\"en-GB\",\"@id\":\"https:\/\/skaitytaknyga.lt\/produktas\/naktinis-tigras\/#primaryimage\",\"url\":\"https:\/\/skaitytaknyga.lt\/wp-content\/uploads\/2025\/12\/Naktinis-tigras-1.webp\",\"contentUrl\":\"https:\/\/skaitytaknyga.lt\/wp-content\/uploads\/2025\/12\/Naktinis-tigras-1.webp\",\"width\":300,\"height\":447},{\"@type\":\"BreadcrumbList\",\"@id\":\"https:\/\/skaitytaknyga.lt\/produktas\/naktinis-tigras\/#breadcrumb\",\"itemListElement\":[{\"@type\":\"ListItem\",\"position\":1,\"name\":\"Home\",\"item\":\"https:\/\/skaitytaknyga.lt\/\"},{\"@type\":\"ListItem\",\"position\":2,\"name\":\"Parduotuv\u0117\",\"item\":\"https:\/\/skaitytaknyga.lt\/knygu-parduotuve\/\"},{\"@type\":\"ListItem\",\"position\":3,\"name\":\"Naktinis tigras\"}]},{\"@type\":\"WebSite\",\"@id\":\"https:\/\/skaitytaknyga.lt\/#website\",\"url\":\"https:\/\/skaitytaknyga.lt\/\",\"name\":\"skaitytaknyga.lt\",\"description\":\"Skaitytaknyga.lt \u2013 tai ma\u017eas \u0161eimos verslas, kuris prasid\u0117jo nuo meil\u0117s knygoms ir siekio i\u0161gelb\u0117ti knygas nuo likimo prie konteinerio. Kas vienam nereikalingas daiktas \u2013 kitam lobis, o mes esame tarpininkai, kurie padeda abiems tapti laimingesniems ???? \u017dinome kaip nelengva i\u0161gyventi ma\u017eiems verslams, tad nuo \u0161iol, \u010dia rasite ir kit\u0173, ma\u017e\u0173 \u0161eim\u0173 versl\u0173, rank\u0173 darbo, dovan\u0173 sau ir artimiesiems.\",\"publisher\":{\"@id\":\"https:\/\/skaitytaknyga.lt\/#organization\"},\"potentialAction\":[{\"@type\":\"SearchAction\",\"target\":{\"@type\":\"EntryPoint\",\"urlTemplate\":\"https:\/\/skaitytaknyga.lt\/?s={search_term_string}\"},\"query-input\":{\"@type\":\"PropertyValueSpecification\",\"valueRequired\":true,\"valueName\":\"search_term_string\"}}],\"inLanguage\":\"en-GB\"},{\"@type\":\"Organization\",\"@id\":\"https:\/\/skaitytaknyga.lt\/#organization\",\"name\":\"skaitytaknyga.lt\",\"url\":\"https:\/\/skaitytaknyga.lt\/\",\"logo\":{\"@type\":\"ImageObject\",\"inLanguage\":\"en-GB\",\"@id\":\"https:\/\/skaitytaknyga.lt\/#\/schema\/logo\/image\/\",\"url\":\"https:\/\/skaitytaknyga.lt\/wp-content\/uploads\/2024\/05\/cropped-cropped-cropped-02_00843_jt3bggkj1j3HLc7SyY6rEUpg.jpeg\",\"contentUrl\":\"https:\/\/skaitytaknyga.lt\/wp-content\/uploads\/2024\/05\/cropped-cropped-cropped-02_00843_jt3bggkj1j3HLc7SyY6rEUpg.jpeg\",\"width\":1600,\"height\":1600,\"caption\":\"skaitytaknyga.lt\"},\"image\":{\"@id\":\"https:\/\/skaitytaknyga.lt\/#\/schema\/logo\/image\/\"},\"sameAs\":[\"https:\/\/www.facebook.com\/skaitytaknyga\/\"]}]}<\/script>\n<!-- \/ Yoast SEO plugin. -->","yoast_head_json":{"title":"Naktinis tigras","description":"\u201eNew York Times\u201c bestseleri\u0173 autor\u0117s Yangsze Choo romanas, kurio veiksmas vyksta 4-ajame XX a. de\u0161imtmetyje kolonijin\u0117je Malaizijoje, puikiai tinka","robots":{"index":"index","follow":"follow","max-snippet":"max-snippet:-1","max-image-preview":"max-image-preview:large","max-video-preview":"max-video-preview:-1"},"canonical":"https:\/\/skaitytaknyga.lt\/en\/produktas\/naktinis-tigras\/","og_locale":"en_GB","og_type":"article","og_title":"[:lt]Naktinis tigras[:] - Skaitytaknyga","og_description":"\u201eNew York Times\u201c bestseleri\u0173 autor\u0117s Yangsze Choo romanas, kurio veiksmas vyksta 4-ajame XX a. de\u0161imtmetyje kolonijin\u0117je Malaizijoje, puikiai tinka","og_url":"https:\/\/skaitytaknyga.lt\/en\/produktas\/naktinis-tigras\/","og_site_name":"Skaitytaknyga","article_publisher":"https:\/\/www.facebook.com\/skaitytaknyga\/","article_modified_time":"2025-12-18T16:54:31+00:00","og_image":[{"width":300,"height":447,"url":"https:\/\/skaitytaknyga.lt\/wp-content\/uploads\/2025\/12\/Naktinis-tigras-1.webp","type":"image\/webp"}],"twitter_card":"summary_large_image","twitter_misc":{"Estimated reading time":"1 minute"},"schema":{"@context":"https:\/\/schema.org","@graph":[{"@type":"WebPage","@id":"https:\/\/skaitytaknyga.lt\/produktas\/naktinis-tigras\/","url":"https:\/\/skaitytaknyga.lt\/produktas\/naktinis-tigras\/","name":"Naktinis tigras","isPartOf":{"@id":"https:\/\/skaitytaknyga.lt\/#website"},"primaryImageOfPage":{"@id":"https:\/\/skaitytaknyga.lt\/produktas\/naktinis-tigras\/#primaryimage"},"image":{"@id":"https:\/\/skaitytaknyga.lt\/produktas\/naktinis-tigras\/#primaryimage"},"thumbnailUrl":"https:\/\/skaitytaknyga.lt\/wp-content\/uploads\/2025\/12\/Naktinis-tigras-1.webp","datePublished":"2025-12-15T19:36:23+00:00","dateModified":"2025-12-18T16:54:31+00:00","description":"\u201eNew York Times\u201c bestseleri\u0173 autor\u0117s Yangsze Choo romanas, kurio veiksmas vyksta 4-ajame XX a. de\u0161imtmetyje kolonijin\u0117je Malaizijoje, puikiai tinka","breadcrumb":{"@id":"https:\/\/skaitytaknyga.lt\/produktas\/naktinis-tigras\/#breadcrumb"},"inLanguage":"en-GB","potentialAction":[{"@type":"ReadAction","target":["https:\/\/skaitytaknyga.lt\/produktas\/naktinis-tigras\/"]}]},{"@type":"ImageObject","inLanguage":"en-GB","@id":"https:\/\/skaitytaknyga.lt\/produktas\/naktinis-tigras\/#primaryimage","url":"https:\/\/skaitytaknyga.lt\/wp-content\/uploads\/2025\/12\/Naktinis-tigras-1.webp","contentUrl":"https:\/\/skaitytaknyga.lt\/wp-content\/uploads\/2025\/12\/Naktinis-tigras-1.webp","width":300,"height":447},{"@type":"BreadcrumbList","@id":"https:\/\/skaitytaknyga.lt\/produktas\/naktinis-tigras\/#breadcrumb","itemListElement":[{"@type":"ListItem","position":1,"name":"Home","item":"https:\/\/skaitytaknyga.lt\/"},{"@type":"ListItem","position":2,"name":"Parduotuv\u0117","item":"https:\/\/skaitytaknyga.lt\/knygu-parduotuve\/"},{"@type":"ListItem","position":3,"name":"Naktinis tigras"}]},{"@type":"WebSite","@id":"https:\/\/skaitytaknyga.lt\/#website","url":"https:\/\/skaitytaknyga.lt\/","name":"skaitytaknyga.lt","description":"Skaitytaknyga.lt \u2013 tai ma\u017eas \u0161eimos verslas, kuris prasid\u0117jo nuo meil\u0117s knygoms ir siekio i\u0161gelb\u0117ti knygas nuo likimo prie konteinerio. Kas vienam nereikalingas daiktas \u2013 kitam lobis, o mes esame tarpininkai, kurie padeda abiems tapti laimingesniems ???? \u017dinome kaip nelengva i\u0161gyventi ma\u017eiems verslams, tad nuo \u0161iol, \u010dia rasite ir kit\u0173, ma\u017e\u0173 \u0161eim\u0173 versl\u0173, rank\u0173 darbo, dovan\u0173 sau ir artimiesiems.","publisher":{"@id":"https:\/\/skaitytaknyga.lt\/#organization"},"potentialAction":[{"@type":"SearchAction","target":{"@type":"EntryPoint","urlTemplate":"https:\/\/skaitytaknyga.lt\/?s={search_term_string}"},"query-input":{"@type":"PropertyValueSpecification","valueRequired":true,"valueName":"search_term_string"}}],"inLanguage":"en-GB"},{"@type":"Organization","@id":"https:\/\/skaitytaknyga.lt\/#organization","name":"skaitytaknyga.lt","url":"https:\/\/skaitytaknyga.lt\/","logo":{"@type":"ImageObject","inLanguage":"en-GB","@id":"https:\/\/skaitytaknyga.lt\/#\/schema\/logo\/image\/","url":"https:\/\/skaitytaknyga.lt\/wp-content\/uploads\/2024\/05\/cropped-cropped-cropped-02_00843_jt3bggkj1j3HLc7SyY6rEUpg.jpeg","contentUrl":"https:\/\/skaitytaknyga.lt\/wp-content\/uploads\/2024\/05\/cropped-cropped-cropped-02_00843_jt3bggkj1j3HLc7SyY6rEUpg.jpeg","width":1600,"height":1600,"caption":"skaitytaknyga.lt"},"image":{"@id":"https:\/\/skaitytaknyga.lt\/#\/schema\/logo\/image\/"},"sameAs":["https:\/\/www.facebook.com\/skaitytaknyga\/"]}]}},"_links":{"self":[{"href":"https:\/\/skaitytaknyga.lt\/en\/wp-json\/wp\/v2\/product\/22255","targetHints":{"allow":["GET"]}}],"collection":[{"href":"https:\/\/skaitytaknyga.lt\/en\/wp-json\/wp\/v2\/product"}],"about":[{"href":"https:\/\/skaitytaknyga.lt\/en\/wp-json\/wp\/v2\/types\/product"}],"replies":[{"embeddable":true,"href":"https:\/\/skaitytaknyga.lt\/en\/wp-json\/wp\/v2\/comments?post=22255"}],"wp:featuredmedia":[{"embeddable":true,"href":"https:\/\/skaitytaknyga.lt\/en\/wp-json\/wp\/v2\/media\/22260"}],"wp:attachment":[{"href":"https:\/\/skaitytaknyga.lt\/en\/wp-json\/wp\/v2\/media?parent=22255"}],"wp:term":[{"taxonomy":"product_brand","embeddable":true,"href":"https:\/\/skaitytaknyga.lt\/en\/wp-json\/wp\/v2\/product_brand?post=22255"},{"taxonomy":"product_cat","embeddable":true,"href":"https:\/\/skaitytaknyga.lt\/en\/wp-json\/wp\/v2\/product_cat?post=22255"},{"taxonomy":"product_tag","embeddable":true,"href":"https:\/\/skaitytaknyga.lt\/en\/wp-json\/wp\/v2\/product_tag?post=22255"}],"curies":[{"name":"wp","href":"https:\/\/api.w.org\/{rel}","templated":true}]}}