{"id":2225,"date":"2024-04-17T13:06:27","date_gmt":"2024-04-17T13:06:27","guid":{"rendered":"https:\/\/skaitytaknyga.lt\/?post_type=product&#038;p=2225"},"modified":"2024-05-03T07:14:19","modified_gmt":"2024-05-03T07:14:19","slug":"gimdymas-ir-gimimas-siandienines-patirtys-pribuvejystes","status":"publish","type":"product","link":"https:\/\/skaitytaknyga.lt\/en\/produktas\/gimdymas-ir-gimimas-siandienines-patirtys-pribuvejystes\/","title":{"rendered":"Gimdymas ir gimimas: \u0161iandienin\u0117s patirtys pribuv\u0117jyst\u0117s"},"content":{"rendered":"","protected":false},"excerpt":{"rendered":"<p>Tai antropologin\u0117 knyga, skirta gimdymo ir gimimo kult\u016brai Lietuvoje. Joje pasaulio ir Lietuvos pribuv\u0117jyst\u0117s bei aku\u0161erijos istorijos kontekste pateikiama autenti\u0161ka etnokult\u016brin\u0117 med\u017eiaga, atspindinti sen\u0105sias m\u016bs\u0173 tautos pribuv\u0117jyst\u0117s tradicijas, moter\u0173 gimdymo patirtis, su gimdymu ir gimimu susijusius ritualus. Greta &#8211; ir \u0161i\u0173 dien\u0173 pribuv\u0117j\u0173 bei mam\u0173 ir t\u0117\u010di\u0173 patirtys, atverian\u010dios kitoki\u0105 gimdymo samprat\u0105 nei ta, kuri b\u016bdinga moderniajai visuomenei ir medicinai, atmetusioms sen\u0173j\u0173 tradicij\u0173 i\u0161mint\u012f ir pasitikin\u010dioms tik naujomis technologijomis.<\/p>\n","protected":false},"featured_media":2273,"comment_status":"closed","ping_status":"closed","template":"","meta":{"_acf_changed":false,"site-sidebar-layout":"default","site-content-layout":"","ast-site-content-layout":"default","site-content-style":"default","site-sidebar-style":"default","ast-global-header-display":"","ast-banner-title-visibility":"","ast-main-header-display":"","ast-hfb-above-header-display":"","ast-hfb-below-header-display":"","ast-hfb-mobile-header-display":"","site-post-title":"","ast-breadcrumbs-content":"","ast-featured-img":"","footer-sml-layout":"","ast-disable-related-posts":"","theme-transparent-header-meta":"","adv-header-id-meta":"","stick-header-meta":"","header-above-stick-meta":"","header-main-stick-meta":"","header-below-stick-meta":"","astra-migrate-meta-layouts":"default","ast-page-background-enabled":"default","ast-page-background-meta":{"desktop":{"background-color":"","background-image":"","background-repeat":"repeat","background-position":"center center","background-size":"auto","background-attachment":"scroll","background-type":"","background-media":"","overlay-type":"","overlay-color":"","overlay-opacity":"","overlay-gradient":""},"tablet":{"background-color":"","background-image":"","background-repeat":"repeat","background-position":"center center","background-size":"auto","background-attachment":"scroll","background-type":"","background-media":"","overlay-type":"","overlay-color":"","overlay-opacity":"","overlay-gradient":""},"mobile":{"background-color":"","background-image":"","background-repeat":"repeat","background-position":"center center","background-size":"auto","background-attachment":"scroll","background-type":"","background-media":"","overlay-type":"","overlay-color":"","overlay-opacity":"","overlay-gradient":""}},"ast-content-background-meta":{"desktop":{"background-color":"var(--ast-global-color-4)","background-image":"","background-repeat":"repeat","background-position":"center center","background-size":"auto","background-attachment":"scroll","background-type":"","background-media":"","overlay-type":"","overlay-color":"","overlay-opacity":"","overlay-gradient":""},"tablet":{"background-color":"var(--ast-global-color-4)","background-image":"","background-repeat":"repeat","background-position":"center center","background-size":"auto","background-attachment":"scroll","background-type":"","background-media":"","overlay-type":"","overlay-color":"","overlay-opacity":"","overlay-gradient":""},"mobile":{"background-color":"var(--ast-global-color-4)","background-image":"","background-repeat":"repeat","background-position":"center center","background-size":"auto","background-attachment":"scroll","background-type":"","background-media":"","overlay-type":"","overlay-color":"","overlay-opacity":"","overlay-gradient":""}}},"product_brand":[],"product_cat":[37],"product_tag":[],"class_list":{"0":"post-2225","1":"product","2":"type-product","3":"status-publish","4":"has-post-thumbnail","6":"product_cat-nestumas-ir-vaiku-prieziura-bei-auklejimas","7":"desktop-align-left","8":"tablet-align-left","9":"mobile-align-left","11":"first","12":"outofstock","13":"shipping-taxable","14":"purchasable","15":"product-type-simple"},"acf":[],"yoast_head":"<!-- This site is optimized with the Yoast SEO plugin v27.0 - https:\/\/yoast.com\/product\/yoast-seo-wordpress\/ -->\n<title>Gimdymas ir gimimas: \u0161iandienin\u0117s patirtys pribuv\u0117jyst\u0117s - Skaitytaknyga<\/title>\n<meta name=\"description\" content=\"Tai antropologin\u0117 knyga, skirta gimdymo ir gimimo kult\u016brai Lietuvoje. Joje pasaulio ir Lietuvos pribuv\u0117jyst\u0117s bei aku\u0161erijos istorijos kontekste pateikiama autenti\u0161ka etnokult\u016brin\u0117 med\u017eiaga, atspindinti sen\u0105sias m\u016bs\u0173 tautos pribuv\u0117jyst\u0117s tradicijas, moter\u0173 gimdymo patirtis, su gimdymu ir gimimu susijusius ritualus. Greta - ir \u0161i\u0173 dien\u0173 pribuv\u0117j\u0173 bei mam\u0173 ir t\u0117\u010di\u0173 patirtys, atverian\u010dios kitoki\u0105 gimdymo samprat\u0105 nei ta, kuri b\u016bdinga moderniajai visuomenei ir medicinai, atmetusioms sen\u0173j\u0173 tradicij\u0173 i\u0161mint\u012f ir pasitikin\u010dioms tik naujomis technologijomis.\" \/>\n<meta name=\"robots\" content=\"index, follow, max-snippet:-1, max-image-preview:large, max-video-preview:-1\" \/>\n<link rel=\"canonical\" href=\"https:\/\/skaitytaknyga.lt\/en\/produktas\/gimdymas-ir-gimimas-siandienines-patirtys-pribuvejystes\/\" \/>\n<meta property=\"og:locale\" content=\"en_GB\" \/>\n<meta property=\"og:locale:alternate\" content=\"lt_LT\" \/>\n<meta property=\"og:type\" content=\"article\" \/>\n<meta property=\"og:title\" content=\"Gimdymas ir gimimas: \u0161iandienin\u0117s patirtys pribuv\u0117jyst\u0117s - Skaitytaknyga\" \/>\n<meta property=\"og:description\" content=\"Tai antropologin\u0117 knyga, skirta gimdymo ir gimimo kult\u016brai Lietuvoje. Joje pasaulio ir Lietuvos pribuv\u0117jyst\u0117s bei aku\u0161erijos istorijos kontekste pateikiama autenti\u0161ka etnokult\u016brin\u0117 med\u017eiaga, atspindinti sen\u0105sias m\u016bs\u0173 tautos pribuv\u0117jyst\u0117s tradicijas, moter\u0173 gimdymo patirtis, su gimdymu ir gimimu susijusius ritualus. Greta - ir \u0161i\u0173 dien\u0173 pribuv\u0117j\u0173 bei mam\u0173 ir t\u0117\u010di\u0173 patirtys, atverian\u010dios kitoki\u0105 gimdymo samprat\u0105 nei ta, kuri b\u016bdinga moderniajai visuomenei ir medicinai, atmetusioms sen\u0173j\u0173 tradicij\u0173 i\u0161mint\u012f ir pasitikin\u010dioms tik naujomis technologijomis.\" \/>\n<meta property=\"og:url\" content=\"https:\/\/skaitytaknyga.lt\/en\/produktas\/gimdymas-ir-gimimas-siandienines-patirtys-pribuvejystes\/\" \/>\n<meta property=\"og:site_name\" content=\"Skaitytaknyga\" \/>\n<meta property=\"article:publisher\" content=\"https:\/\/www.facebook.com\/skaitytaknyga\/\" \/>\n<meta property=\"article:modified_time\" content=\"2024-05-03T07:14:19+00:00\" \/>\n<meta property=\"og:image\" content=\"https:\/\/skaitytaknyga.lt\/wp-content\/uploads\/2024\/04\/gimdymas.jpg\" \/>\n\t<meta property=\"og:image:width\" content=\"600\" \/>\n\t<meta property=\"og:image:height\" content=\"800\" \/>\n\t<meta property=\"og:image:type\" content=\"image\/jpeg\" \/>\n<meta name=\"twitter:card\" content=\"summary_large_image\" \/>\n<script type=\"application\/ld+json\" class=\"yoast-schema-graph\">{\"@context\":\"https:\/\/schema.org\",\"@graph\":[{\"@type\":\"WebPage\",\"@id\":\"https:\/\/skaitytaknyga.lt\/produktas\/gimdymas-ir-gimimas-siandienines-patirtys-pribuvejystes\/\",\"url\":\"https:\/\/skaitytaknyga.lt\/produktas\/gimdymas-ir-gimimas-siandienines-patirtys-pribuvejystes\/\",\"name\":\"Gimdymas ir gimimas: \u0161iandienin\u0117s patirtys pribuv\u0117jyst\u0117s - Skaitytaknyga\",\"isPartOf\":{\"@id\":\"https:\/\/skaitytaknyga.lt\/#website\"},\"primaryImageOfPage\":{\"@id\":\"https:\/\/skaitytaknyga.lt\/produktas\/gimdymas-ir-gimimas-siandienines-patirtys-pribuvejystes\/#primaryimage\"},\"image\":{\"@id\":\"https:\/\/skaitytaknyga.lt\/produktas\/gimdymas-ir-gimimas-siandienines-patirtys-pribuvejystes\/#primaryimage\"},\"thumbnailUrl\":\"https:\/\/skaitytaknyga.lt\/wp-content\/uploads\/2024\/04\/gimdymas.jpg\",\"datePublished\":\"2024-04-17T13:06:27+00:00\",\"dateModified\":\"2024-05-03T07:14:19+00:00\",\"description\":\"Tai antropologin\u0117 knyga, skirta gimdymo ir gimimo kult\u016brai Lietuvoje. Joje pasaulio ir Lietuvos pribuv\u0117jyst\u0117s bei aku\u0161erijos istorijos kontekste pateikiama autenti\u0161ka etnokult\u016brin\u0117 med\u017eiaga, atspindinti sen\u0105sias m\u016bs\u0173 tautos pribuv\u0117jyst\u0117s tradicijas, moter\u0173 gimdymo patirtis, su gimdymu ir gimimu susijusius ritualus. Greta - ir \u0161i\u0173 dien\u0173 pribuv\u0117j\u0173 bei mam\u0173 ir t\u0117\u010di\u0173 patirtys, atverian\u010dios kitoki\u0105 gimdymo samprat\u0105 nei ta, kuri b\u016bdinga moderniajai visuomenei ir medicinai, atmetusioms sen\u0173j\u0173 tradicij\u0173 i\u0161mint\u012f ir pasitikin\u010dioms tik naujomis technologijomis.\",\"breadcrumb\":{\"@id\":\"https:\/\/skaitytaknyga.lt\/produktas\/gimdymas-ir-gimimas-siandienines-patirtys-pribuvejystes\/#breadcrumb\"},\"inLanguage\":\"en-GB\",\"potentialAction\":[{\"@type\":\"ReadAction\",\"target\":[\"https:\/\/skaitytaknyga.lt\/produktas\/gimdymas-ir-gimimas-siandienines-patirtys-pribuvejystes\/\"]}]},{\"@type\":\"ImageObject\",\"inLanguage\":\"en-GB\",\"@id\":\"https:\/\/skaitytaknyga.lt\/produktas\/gimdymas-ir-gimimas-siandienines-patirtys-pribuvejystes\/#primaryimage\",\"url\":\"https:\/\/skaitytaknyga.lt\/wp-content\/uploads\/2024\/04\/gimdymas.jpg\",\"contentUrl\":\"https:\/\/skaitytaknyga.lt\/wp-content\/uploads\/2024\/04\/gimdymas.jpg\",\"width\":600,\"height\":800,\"caption\":\"gimdymas\"},{\"@type\":\"BreadcrumbList\",\"@id\":\"https:\/\/skaitytaknyga.lt\/produktas\/gimdymas-ir-gimimas-siandienines-patirtys-pribuvejystes\/#breadcrumb\",\"itemListElement\":[{\"@type\":\"ListItem\",\"position\":1,\"name\":\"Home\",\"item\":\"https:\/\/skaitytaknyga.lt\/\"},{\"@type\":\"ListItem\",\"position\":2,\"name\":\"Parduotuv\u0117\",\"item\":\"https:\/\/skaitytaknyga.lt\/knygu-parduotuve\/\"},{\"@type\":\"ListItem\",\"position\":3,\"name\":\"Gimdymas ir gimimas: \u0161iandienin\u0117s patirtys pribuv\u0117jyst\u0117s\"}]},{\"@type\":\"WebSite\",\"@id\":\"https:\/\/skaitytaknyga.lt\/#website\",\"url\":\"https:\/\/skaitytaknyga.lt\/\",\"name\":\"skaitytaknyga.lt\",\"description\":\"Skaitytaknyga.lt \u2013 tai ma\u017eas \u0161eimos verslas, kuris prasid\u0117jo nuo meil\u0117s knygoms ir siekio i\u0161gelb\u0117ti knygas nuo likimo prie konteinerio. Kas vienam nereikalingas daiktas \u2013 kitam lobis, o mes esame tarpininkai, kurie padeda abiems tapti laimingesniems ???? \u017dinome kaip nelengva i\u0161gyventi ma\u017eiems verslams, tad nuo \u0161iol, \u010dia rasite ir kit\u0173, ma\u017e\u0173 \u0161eim\u0173 versl\u0173, rank\u0173 darbo, dovan\u0173 sau ir artimiesiems.\",\"publisher\":{\"@id\":\"https:\/\/skaitytaknyga.lt\/#organization\"},\"potentialAction\":[{\"@type\":\"SearchAction\",\"target\":{\"@type\":\"EntryPoint\",\"urlTemplate\":\"https:\/\/skaitytaknyga.lt\/?s={search_term_string}\"},\"query-input\":{\"@type\":\"PropertyValueSpecification\",\"valueRequired\":true,\"valueName\":\"search_term_string\"}}],\"inLanguage\":\"en-GB\"},{\"@type\":\"Organization\",\"@id\":\"https:\/\/skaitytaknyga.lt\/#organization\",\"name\":\"skaitytaknyga.lt\",\"url\":\"https:\/\/skaitytaknyga.lt\/\",\"logo\":{\"@type\":\"ImageObject\",\"inLanguage\":\"en-GB\",\"@id\":\"https:\/\/skaitytaknyga.lt\/#\/schema\/logo\/image\/\",\"url\":\"https:\/\/skaitytaknyga.lt\/wp-content\/uploads\/2024\/05\/cropped-cropped-cropped-02_00843_jt3bggkj1j3HLc7SyY6rEUpg.jpeg\",\"contentUrl\":\"https:\/\/skaitytaknyga.lt\/wp-content\/uploads\/2024\/05\/cropped-cropped-cropped-02_00843_jt3bggkj1j3HLc7SyY6rEUpg.jpeg\",\"width\":1600,\"height\":1600,\"caption\":\"skaitytaknyga.lt\"},\"image\":{\"@id\":\"https:\/\/skaitytaknyga.lt\/#\/schema\/logo\/image\/\"},\"sameAs\":[\"https:\/\/www.facebook.com\/skaitytaknyga\/\"]}]}<\/script>\n<!-- \/ Yoast SEO plugin. -->","yoast_head_json":{"title":"Gimdymas ir gimimas: \u0161iandienin\u0117s patirtys pribuv\u0117jyst\u0117s - Skaitytaknyga","description":"Tai antropologin\u0117 knyga, skirta gimdymo ir gimimo kult\u016brai Lietuvoje. Joje pasaulio ir Lietuvos pribuv\u0117jyst\u0117s bei aku\u0161erijos istorijos kontekste pateikiama autenti\u0161ka etnokult\u016brin\u0117 med\u017eiaga, atspindinti sen\u0105sias m\u016bs\u0173 tautos pribuv\u0117jyst\u0117s tradicijas, moter\u0173 gimdymo patirtis, su gimdymu ir gimimu susijusius ritualus. Greta - ir \u0161i\u0173 dien\u0173 pribuv\u0117j\u0173 bei mam\u0173 ir t\u0117\u010di\u0173 patirtys, atverian\u010dios kitoki\u0105 gimdymo samprat\u0105 nei ta, kuri b\u016bdinga moderniajai visuomenei ir medicinai, atmetusioms sen\u0173j\u0173 tradicij\u0173 i\u0161mint\u012f ir pasitikin\u010dioms tik naujomis technologijomis.","robots":{"index":"index","follow":"follow","max-snippet":"max-snippet:-1","max-image-preview":"max-image-preview:large","max-video-preview":"max-video-preview:-1"},"canonical":"https:\/\/skaitytaknyga.lt\/en\/produktas\/gimdymas-ir-gimimas-siandienines-patirtys-pribuvejystes\/","og_locale":"en_GB","og_type":"article","og_title":"Gimdymas ir gimimas: \u0161iandienin\u0117s patirtys pribuv\u0117jyst\u0117s - Skaitytaknyga","og_description":"Tai antropologin\u0117 knyga, skirta gimdymo ir gimimo kult\u016brai Lietuvoje. Joje pasaulio ir Lietuvos pribuv\u0117jyst\u0117s bei aku\u0161erijos istorijos kontekste pateikiama autenti\u0161ka etnokult\u016brin\u0117 med\u017eiaga, atspindinti sen\u0105sias m\u016bs\u0173 tautos pribuv\u0117jyst\u0117s tradicijas, moter\u0173 gimdymo patirtis, su gimdymu ir gimimu susijusius ritualus. Greta - ir \u0161i\u0173 dien\u0173 pribuv\u0117j\u0173 bei mam\u0173 ir t\u0117\u010di\u0173 patirtys, atverian\u010dios kitoki\u0105 gimdymo samprat\u0105 nei ta, kuri b\u016bdinga moderniajai visuomenei ir medicinai, atmetusioms sen\u0173j\u0173 tradicij\u0173 i\u0161mint\u012f ir pasitikin\u010dioms tik naujomis technologijomis.","og_url":"https:\/\/skaitytaknyga.lt\/en\/produktas\/gimdymas-ir-gimimas-siandienines-patirtys-pribuvejystes\/","og_site_name":"Skaitytaknyga","article_publisher":"https:\/\/www.facebook.com\/skaitytaknyga\/","article_modified_time":"2024-05-03T07:14:19+00:00","og_image":[{"width":600,"height":800,"url":"https:\/\/skaitytaknyga.lt\/wp-content\/uploads\/2024\/04\/gimdymas.jpg","type":"image\/jpeg"}],"twitter_card":"summary_large_image","schema":{"@context":"https:\/\/schema.org","@graph":[{"@type":"WebPage","@id":"https:\/\/skaitytaknyga.lt\/produktas\/gimdymas-ir-gimimas-siandienines-patirtys-pribuvejystes\/","url":"https:\/\/skaitytaknyga.lt\/produktas\/gimdymas-ir-gimimas-siandienines-patirtys-pribuvejystes\/","name":"Gimdymas ir gimimas: \u0161iandienin\u0117s patirtys pribuv\u0117jyst\u0117s - Skaitytaknyga","isPartOf":{"@id":"https:\/\/skaitytaknyga.lt\/#website"},"primaryImageOfPage":{"@id":"https:\/\/skaitytaknyga.lt\/produktas\/gimdymas-ir-gimimas-siandienines-patirtys-pribuvejystes\/#primaryimage"},"image":{"@id":"https:\/\/skaitytaknyga.lt\/produktas\/gimdymas-ir-gimimas-siandienines-patirtys-pribuvejystes\/#primaryimage"},"thumbnailUrl":"https:\/\/skaitytaknyga.lt\/wp-content\/uploads\/2024\/04\/gimdymas.jpg","datePublished":"2024-04-17T13:06:27+00:00","dateModified":"2024-05-03T07:14:19+00:00","description":"Tai antropologin\u0117 knyga, skirta gimdymo ir gimimo kult\u016brai Lietuvoje. Joje pasaulio ir Lietuvos pribuv\u0117jyst\u0117s bei aku\u0161erijos istorijos kontekste pateikiama autenti\u0161ka etnokult\u016brin\u0117 med\u017eiaga, atspindinti sen\u0105sias m\u016bs\u0173 tautos pribuv\u0117jyst\u0117s tradicijas, moter\u0173 gimdymo patirtis, su gimdymu ir gimimu susijusius ritualus. Greta - ir \u0161i\u0173 dien\u0173 pribuv\u0117j\u0173 bei mam\u0173 ir t\u0117\u010di\u0173 patirtys, atverian\u010dios kitoki\u0105 gimdymo samprat\u0105 nei ta, kuri b\u016bdinga moderniajai visuomenei ir medicinai, atmetusioms sen\u0173j\u0173 tradicij\u0173 i\u0161mint\u012f ir pasitikin\u010dioms tik naujomis technologijomis.","breadcrumb":{"@id":"https:\/\/skaitytaknyga.lt\/produktas\/gimdymas-ir-gimimas-siandienines-patirtys-pribuvejystes\/#breadcrumb"},"inLanguage":"en-GB","potentialAction":[{"@type":"ReadAction","target":["https:\/\/skaitytaknyga.lt\/produktas\/gimdymas-ir-gimimas-siandienines-patirtys-pribuvejystes\/"]}]},{"@type":"ImageObject","inLanguage":"en-GB","@id":"https:\/\/skaitytaknyga.lt\/produktas\/gimdymas-ir-gimimas-siandienines-patirtys-pribuvejystes\/#primaryimage","url":"https:\/\/skaitytaknyga.lt\/wp-content\/uploads\/2024\/04\/gimdymas.jpg","contentUrl":"https:\/\/skaitytaknyga.lt\/wp-content\/uploads\/2024\/04\/gimdymas.jpg","width":600,"height":800,"caption":"gimdymas"},{"@type":"BreadcrumbList","@id":"https:\/\/skaitytaknyga.lt\/produktas\/gimdymas-ir-gimimas-siandienines-patirtys-pribuvejystes\/#breadcrumb","itemListElement":[{"@type":"ListItem","position":1,"name":"Home","item":"https:\/\/skaitytaknyga.lt\/"},{"@type":"ListItem","position":2,"name":"Parduotuv\u0117","item":"https:\/\/skaitytaknyga.lt\/knygu-parduotuve\/"},{"@type":"ListItem","position":3,"name":"Gimdymas ir gimimas: \u0161iandienin\u0117s patirtys pribuv\u0117jyst\u0117s"}]},{"@type":"WebSite","@id":"https:\/\/skaitytaknyga.lt\/#website","url":"https:\/\/skaitytaknyga.lt\/","name":"skaitytaknyga.lt","description":"Skaitytaknyga.lt \u2013 tai ma\u017eas \u0161eimos verslas, kuris prasid\u0117jo nuo meil\u0117s knygoms ir siekio i\u0161gelb\u0117ti knygas nuo likimo prie konteinerio. Kas vienam nereikalingas daiktas \u2013 kitam lobis, o mes esame tarpininkai, kurie padeda abiems tapti laimingesniems ???? \u017dinome kaip nelengva i\u0161gyventi ma\u017eiems verslams, tad nuo \u0161iol, \u010dia rasite ir kit\u0173, ma\u017e\u0173 \u0161eim\u0173 versl\u0173, rank\u0173 darbo, dovan\u0173 sau ir artimiesiems.","publisher":{"@id":"https:\/\/skaitytaknyga.lt\/#organization"},"potentialAction":[{"@type":"SearchAction","target":{"@type":"EntryPoint","urlTemplate":"https:\/\/skaitytaknyga.lt\/?s={search_term_string}"},"query-input":{"@type":"PropertyValueSpecification","valueRequired":true,"valueName":"search_term_string"}}],"inLanguage":"en-GB"},{"@type":"Organization","@id":"https:\/\/skaitytaknyga.lt\/#organization","name":"skaitytaknyga.lt","url":"https:\/\/skaitytaknyga.lt\/","logo":{"@type":"ImageObject","inLanguage":"en-GB","@id":"https:\/\/skaitytaknyga.lt\/#\/schema\/logo\/image\/","url":"https:\/\/skaitytaknyga.lt\/wp-content\/uploads\/2024\/05\/cropped-cropped-cropped-02_00843_jt3bggkj1j3HLc7SyY6rEUpg.jpeg","contentUrl":"https:\/\/skaitytaknyga.lt\/wp-content\/uploads\/2024\/05\/cropped-cropped-cropped-02_00843_jt3bggkj1j3HLc7SyY6rEUpg.jpeg","width":1600,"height":1600,"caption":"skaitytaknyga.lt"},"image":{"@id":"https:\/\/skaitytaknyga.lt\/#\/schema\/logo\/image\/"},"sameAs":["https:\/\/www.facebook.com\/skaitytaknyga\/"]}]}},"_links":{"self":[{"href":"https:\/\/skaitytaknyga.lt\/en\/wp-json\/wp\/v2\/product\/2225","targetHints":{"allow":["GET"]}}],"collection":[{"href":"https:\/\/skaitytaknyga.lt\/en\/wp-json\/wp\/v2\/product"}],"about":[{"href":"https:\/\/skaitytaknyga.lt\/en\/wp-json\/wp\/v2\/types\/product"}],"replies":[{"embeddable":true,"href":"https:\/\/skaitytaknyga.lt\/en\/wp-json\/wp\/v2\/comments?post=2225"}],"wp:featuredmedia":[{"embeddable":true,"href":"https:\/\/skaitytaknyga.lt\/en\/wp-json\/wp\/v2\/media\/2273"}],"wp:attachment":[{"href":"https:\/\/skaitytaknyga.lt\/en\/wp-json\/wp\/v2\/media?parent=2225"}],"wp:term":[{"taxonomy":"product_brand","embeddable":true,"href":"https:\/\/skaitytaknyga.lt\/en\/wp-json\/wp\/v2\/product_brand?post=2225"},{"taxonomy":"product_cat","embeddable":true,"href":"https:\/\/skaitytaknyga.lt\/en\/wp-json\/wp\/v2\/product_cat?post=2225"},{"taxonomy":"product_tag","embeddable":true,"href":"https:\/\/skaitytaknyga.lt\/en\/wp-json\/wp\/v2\/product_tag?post=2225"}],"curies":[{"name":"wp","href":"https:\/\/api.w.org\/{rel}","templated":true}]}}