{"id":22247,"date":"2025-12-15T21:19:26","date_gmt":"2025-12-15T19:19:26","guid":{"rendered":"https:\/\/skaitytaknyga.lt\/?post_type=product&#038;p=22247"},"modified":"2026-03-18T13:13:21","modified_gmt":"2026-03-18T11:13:21","slug":"ideali-sveikata-per-6-savaites","status":"publish","type":"product","link":"https:\/\/skaitytaknyga.lt\/en\/produktas\/ideali-sveikata-per-6-savaites\/","title":{"rendered":"Ideali sveikata per 6 savaites"},"content":{"rendered":"<p>Mes gimstame su \u201esveikatos rezervu\u201c. Priklausomai nuo to, k\u0105 valgome, kuo kv\u0117puojame ir kaip m\u0105stome, palaipsniui naudojame rezervus i\u0161 sveikatos s\u0105skaitos. Kad imame pernelyg i\u0161laidauti, parodo suprast\u0117jusios sveikatos simptomai.<\/p>\n<p>\u0160ioje nepaprastoje knygoje perskaitysite, koks yra j\u016bs\u0173 asmeninis \u201esveikatos rezervas\u201c ir kaip kardinaliai pakeisti sveikat\u0105 per \u0161e\u0161ias savaites pajungus \u0161e\u0161is esminius organizmo procesus, kad j\u016bs\u0173 \u201evariklis\u201c dirbt\u0173 pilnu paj\u0117gumu. Savait\u0117 po savait\u0117s j\u016bs su\u017einosite, kaip:<\/p>\n<p>* Padidinti savo energij\u0105<\/p>\n<p>* Pagreitinti med\u017eiag\u0173 apykait\u0105<\/p>\n<p>* Subalansuoti hormonus<\/p>\n<p>* I\u0161valyti organizm\u0105 nuo toksin\u0173<\/p>\n<p>* Sustiprinti imunin\u0119 sistem\u0105<\/p>\n<p>* Pagerinti atmint\u012f ir nuotaik\u0105.<\/p>\n<p>Mitybos \u017einovas Patrickas Holfordas suk\u016br\u0117 detal\u0173, \u017eingsnis po \u017eingsnio plan\u0105, kuriame atskleid\u017eia, kaip be gydytoj\u0173 pagalbos \u012fgyti ideali\u0105 sveikat\u0105. U\u017epild\u0119 anket\u0105 i\u0161siai\u0161kinkite, \u012f kokius savo sveikatos aspektus turite atkreipti did\u017eiausi\u0105 d\u0117mes\u012f, o tada tiesiog laikykit\u0117s plano. Produkt\u0173 s\u0105ra\u0161ai, u\u017eduotys ir motyvacijos patarimai padeda nenukrypti nuo tikslo.<\/p>\n<p>Maisto, kuris siurbia energij\u0105, l\u0117tina med\u017eiag\u0173 apykait\u0105, sukelia alergijas ir veikia hormon\u0173 lygius, atsisakymas t\u0117ra pirma pakopa. Mitybos planai nurodo, kaip pakeisti \u012fprast\u0105 maist\u0105 turtingais maisting\u0173j\u0173 med\u017eiag\u0173, energijos teikian\u010diais ir detoksikuojan\u010diais maisto produktais. Derindami juos su nesud\u0117tingais pratimais ir maisto papildais dauguma skaitytoj\u0173 pajus \u017eenkl\u0173 sveikatos pager\u0117jim\u0105 grei\u010diau nei per 6 savaites. Ir tai dar ne viskas! \u0160ioje knygoje daug naujausios informacijos, tikro supratimo apie sveikat\u0105 ir mityb\u0105. Rekomenduojama visiems, kurie r\u016bpinasi savimi.<\/p>\n","protected":false},"excerpt":{"rendered":"<p>Mes gimstame su \u201esveikatos rezervu\u201c. Priklausomai nuo to, k\u0105 valgome, kuo kv\u0117puojame ir kaip m\u0105stome, palaipsniui naudojame rezervus i\u0161 sveikatos s\u0105skaitos. Kad imame pernelyg i\u0161laidauti, parodo suprast\u0117jusios sveikatos simptomai. \u0160ioje nepaprastoje knygoje perskaitysite, koks yra j\u016bs\u0173 asmeninis \u201esveikatos rezervas\u201c ir kaip kardinaliai pakeisti sveikat\u0105 per \u0161e\u0161ias savaites pajungus \u0161e\u0161is esminius organizmo procesus, kad j\u016bs\u0173 \u201evariklis\u201c dirbt\u0173 pilnu paj\u0117gumu. Savait\u0117 po savait\u0117s j\u016bs su\u017einosite, kaip: * Padidinti savo energij\u0105 * Pagreitinti med\u017eiag\u0173 apykait\u0105 * Subalansuoti hormonus * I\u0161valyti organizm\u0105 nuo toksin\u0173 * Sustiprinti imunin\u0119 sistem\u0105 * Pagerinti atmint\u012f ir nuotaik\u0105. Mitybos \u017einovas Patrickas Holfordas suk\u016br\u0117 detal\u0173, \u017eingsnis po \u017eingsnio plan\u0105, kuriame atskleid\u017eia, kaip be gydytoj\u0173 pagalbos \u012fgyti ideali\u0105 sveikat\u0105. U\u017epild\u0119 anket\u0105 i\u0161siai\u0161kinkite, \u012f kokius savo sveikatos aspektus turite atkreipti did\u017eiausi\u0105 d\u0117mes\u012f, o tada tiesiog laikykit\u0117s plano. Produkt\u0173 s\u0105ra\u0161ai, u\u017eduotys ir motyvacijos patarimai padeda nenukrypti nuo tikslo. Maisto, kuris siurbia energij\u0105, l\u0117tina med\u017eiag\u0173 apykait\u0105, sukelia alergijas ir veikia hormon\u0173 lygius, atsisakymas t\u0117ra pirma pakopa. Mitybos planai nurodo, kaip pakeisti \u012fprast\u0105 maist\u0105 turtingais maisting\u0173j\u0173 med\u017eiag\u0173, energijos teikian\u010diais ir detoksikuojan\u010diais maisto produktais. Derindami juos su nesud\u0117tingais pratimais ir maisto papildais dauguma skaitytoj\u0173 pajus \u017eenkl\u0173 sveikatos pager\u0117jim\u0105 grei\u010diau nei per 6 savaites. Ir tai dar ne viskas! \u0160ioje knygoje daug naujausios informacijos, tikro supratimo apie sveikat\u0105 ir mityb\u0105. Rekomenduojama visiems, kurie r\u016bpinasi savimi.<\/p>\n","protected":false},"featured_media":22254,"comment_status":"open","ping_status":"closed","template":"","meta":{"_acf_changed":false,"site-sidebar-layout":"default","site-content-layout":"","ast-site-content-layout":"default","site-content-style":"default","site-sidebar-style":"default","ast-global-header-display":"","ast-banner-title-visibility":"","ast-main-header-display":"","ast-hfb-above-header-display":"","ast-hfb-below-header-display":"","ast-hfb-mobile-header-display":"","site-post-title":"","ast-breadcrumbs-content":"","ast-featured-img":"","footer-sml-layout":"","ast-disable-related-posts":"","theme-transparent-header-meta":"","adv-header-id-meta":"","stick-header-meta":"","header-above-stick-meta":"","header-main-stick-meta":"","header-below-stick-meta":"","astra-migrate-meta-layouts":"default","ast-page-background-enabled":"default","ast-page-background-meta":{"desktop":{"background-color":"","background-image":"","background-repeat":"repeat","background-position":"center center","background-size":"auto","background-attachment":"scroll","background-type":"","background-media":"","overlay-type":"","overlay-color":"","overlay-opacity":"","overlay-gradient":""},"tablet":{"background-color":"","background-image":"","background-repeat":"repeat","background-position":"center center","background-size":"auto","background-attachment":"scroll","background-type":"","background-media":"","overlay-type":"","overlay-color":"","overlay-opacity":"","overlay-gradient":""},"mobile":{"background-color":"","background-image":"","background-repeat":"repeat","background-position":"center center","background-size":"auto","background-attachment":"scroll","background-type":"","background-media":"","overlay-type":"","overlay-color":"","overlay-opacity":"","overlay-gradient":""}},"ast-content-background-meta":{"desktop":{"background-color":"var(--ast-global-color-4)","background-image":"","background-repeat":"repeat","background-position":"center center","background-size":"auto","background-attachment":"scroll","background-type":"","background-media":"","overlay-type":"","overlay-color":"","overlay-opacity":"","overlay-gradient":""},"tablet":{"background-color":"var(--ast-global-color-4)","background-image":"","background-repeat":"repeat","background-position":"center center","background-size":"auto","background-attachment":"scroll","background-type":"","background-media":"","overlay-type":"","overlay-color":"","overlay-opacity":"","overlay-gradient":""},"mobile":{"background-color":"var(--ast-global-color-4)","background-image":"","background-repeat":"repeat","background-position":"center center","background-size":"auto","background-attachment":"scroll","background-type":"","background-media":"","overlay-type":"","overlay-color":"","overlay-opacity":"","overlay-gradient":""}}},"product_brand":[],"product_cat":[9855,55],"product_tag":[],"class_list":{"0":"post-22247","1":"product","2":"type-product","3":"status-publish","4":"has-post-thumbnail","6":"product_cat-mityba-ir-dieta","7":"product_cat-sveikata-ir-sveika-mityba","8":"desktop-align-left","9":"tablet-align-left","10":"mobile-align-left","12":"first","13":"instock","14":"shipping-taxable","15":"purchasable","16":"product-type-simple"},"acf":[],"yoast_head":"<!-- This site is optimized with the Yoast SEO plugin v27.0 - https:\/\/yoast.com\/product\/yoast-seo-wordpress\/ -->\n<title>Ideali sveikata per 6 savaites<\/title>\n<meta name=\"description\" content=\"Mes gimstame su \u201esveikatos rezervu\u201c. Priklausomai nuo to, k\u0105 valgome, kuo kv\u0117puojame ir kaip m\u0105stome, palaipsniui naudojame rezervus i\u0161 sveikatos\" \/>\n<meta name=\"robots\" content=\"index, follow, max-snippet:-1, max-image-preview:large, max-video-preview:-1\" \/>\n<link rel=\"canonical\" href=\"https:\/\/skaitytaknyga.lt\/en\/produktas\/ideali-sveikata-per-6-savaites\/\" \/>\n<meta property=\"og:locale\" content=\"en_GB\" \/>\n<meta property=\"og:locale:alternate\" content=\"lt_LT\" \/>\n<meta property=\"og:type\" content=\"article\" \/>\n<meta property=\"og:title\" content=\"Ideali sveikata per 6 savaites\" \/>\n<meta property=\"og:description\" content=\"Mes gimstame su \u201esveikatos rezervu\u201c. Priklausomai nuo to, k\u0105 valgome, kuo kv\u0117puojame ir kaip m\u0105stome, palaipsniui naudojame rezervus i\u0161 sveikatos\" \/>\n<meta property=\"og:url\" content=\"https:\/\/skaitytaknyga.lt\/en\/produktas\/ideali-sveikata-per-6-savaites\/\" \/>\n<meta property=\"og:site_name\" content=\"Skaitytaknyga\" \/>\n<meta property=\"article:publisher\" content=\"https:\/\/www.facebook.com\/skaitytaknyga\/\" \/>\n<meta property=\"article:modified_time\" content=\"2026-03-18T11:13:21+00:00\" \/>\n<meta property=\"og:image\" content=\"https:\/\/skaitytaknyga.lt\/wp-content\/uploads\/2025\/12\/Ideali-sveikata-per-6-savaites.webp\" \/>\n\t<meta property=\"og:image:width\" content=\"309\" \/>\n\t<meta property=\"og:image:height\" content=\"450\" \/>\n\t<meta property=\"og:image:type\" content=\"image\/webp\" \/>\n<meta name=\"twitter:card\" content=\"summary_large_image\" \/>\n<meta name=\"twitter:label1\" content=\"Estimated reading time\" \/>\n\t<meta name=\"twitter:data1\" content=\"1 minute\" \/>\n<script type=\"application\/ld+json\" class=\"yoast-schema-graph\">{\"@context\":\"https:\/\/schema.org\",\"@graph\":[{\"@type\":\"WebPage\",\"@id\":\"https:\/\/skaitytaknyga.lt\/produktas\/ideali-sveikata-per-6-savaites\/\",\"url\":\"https:\/\/skaitytaknyga.lt\/produktas\/ideali-sveikata-per-6-savaites\/\",\"name\":\"Ideali sveikata per 6 savaites\",\"isPartOf\":{\"@id\":\"https:\/\/skaitytaknyga.lt\/#website\"},\"primaryImageOfPage\":{\"@id\":\"https:\/\/skaitytaknyga.lt\/produktas\/ideali-sveikata-per-6-savaites\/#primaryimage\"},\"image\":{\"@id\":\"https:\/\/skaitytaknyga.lt\/produktas\/ideali-sveikata-per-6-savaites\/#primaryimage\"},\"thumbnailUrl\":\"https:\/\/skaitytaknyga.lt\/wp-content\/uploads\/2025\/12\/Ideali-sveikata-per-6-savaites.webp\",\"datePublished\":\"2025-12-15T19:19:26+00:00\",\"dateModified\":\"2026-03-18T11:13:21+00:00\",\"description\":\"Mes gimstame su \u201esveikatos rezervu\u201c. Priklausomai nuo to, k\u0105 valgome, kuo kv\u0117puojame ir kaip m\u0105stome, palaipsniui naudojame rezervus i\u0161 sveikatos\",\"breadcrumb\":{\"@id\":\"https:\/\/skaitytaknyga.lt\/produktas\/ideali-sveikata-per-6-savaites\/#breadcrumb\"},\"inLanguage\":\"en-GB\",\"potentialAction\":[{\"@type\":\"ReadAction\",\"target\":[\"https:\/\/skaitytaknyga.lt\/produktas\/ideali-sveikata-per-6-savaites\/\"]}]},{\"@type\":\"ImageObject\",\"inLanguage\":\"en-GB\",\"@id\":\"https:\/\/skaitytaknyga.lt\/produktas\/ideali-sveikata-per-6-savaites\/#primaryimage\",\"url\":\"https:\/\/skaitytaknyga.lt\/wp-content\/uploads\/2025\/12\/Ideali-sveikata-per-6-savaites.webp\",\"contentUrl\":\"https:\/\/skaitytaknyga.lt\/wp-content\/uploads\/2025\/12\/Ideali-sveikata-per-6-savaites.webp\",\"width\":309,\"height\":450},{\"@type\":\"BreadcrumbList\",\"@id\":\"https:\/\/skaitytaknyga.lt\/produktas\/ideali-sveikata-per-6-savaites\/#breadcrumb\",\"itemListElement\":[{\"@type\":\"ListItem\",\"position\":1,\"name\":\"Home\",\"item\":\"https:\/\/skaitytaknyga.lt\/\"},{\"@type\":\"ListItem\",\"position\":2,\"name\":\"Parduotuv\u0117\",\"item\":\"https:\/\/skaitytaknyga.lt\/knygu-parduotuve\/\"},{\"@type\":\"ListItem\",\"position\":3,\"name\":\"Ideali sveikata per 6 savaites\"}]},{\"@type\":\"WebSite\",\"@id\":\"https:\/\/skaitytaknyga.lt\/#website\",\"url\":\"https:\/\/skaitytaknyga.lt\/\",\"name\":\"skaitytaknyga.lt\",\"description\":\"Skaitytaknyga.lt \u2013 tai ma\u017eas \u0161eimos verslas, kuris prasid\u0117jo nuo meil\u0117s knygoms ir siekio i\u0161gelb\u0117ti knygas nuo likimo prie konteinerio. Kas vienam nereikalingas daiktas \u2013 kitam lobis, o mes esame tarpininkai, kurie padeda abiems tapti laimingesniems ???? \u017dinome kaip nelengva i\u0161gyventi ma\u017eiems verslams, tad nuo \u0161iol, \u010dia rasite ir kit\u0173, ma\u017e\u0173 \u0161eim\u0173 versl\u0173, rank\u0173 darbo, dovan\u0173 sau ir artimiesiems.\",\"publisher\":{\"@id\":\"https:\/\/skaitytaknyga.lt\/#organization\"},\"potentialAction\":[{\"@type\":\"SearchAction\",\"target\":{\"@type\":\"EntryPoint\",\"urlTemplate\":\"https:\/\/skaitytaknyga.lt\/?s={search_term_string}\"},\"query-input\":{\"@type\":\"PropertyValueSpecification\",\"valueRequired\":true,\"valueName\":\"search_term_string\"}}],\"inLanguage\":\"en-GB\"},{\"@type\":\"Organization\",\"@id\":\"https:\/\/skaitytaknyga.lt\/#organization\",\"name\":\"skaitytaknyga.lt\",\"url\":\"https:\/\/skaitytaknyga.lt\/\",\"logo\":{\"@type\":\"ImageObject\",\"inLanguage\":\"en-GB\",\"@id\":\"https:\/\/skaitytaknyga.lt\/#\/schema\/logo\/image\/\",\"url\":\"https:\/\/skaitytaknyga.lt\/wp-content\/uploads\/2024\/05\/cropped-cropped-cropped-02_00843_jt3bggkj1j3HLc7SyY6rEUpg.jpeg\",\"contentUrl\":\"https:\/\/skaitytaknyga.lt\/wp-content\/uploads\/2024\/05\/cropped-cropped-cropped-02_00843_jt3bggkj1j3HLc7SyY6rEUpg.jpeg\",\"width\":1600,\"height\":1600,\"caption\":\"skaitytaknyga.lt\"},\"image\":{\"@id\":\"https:\/\/skaitytaknyga.lt\/#\/schema\/logo\/image\/\"},\"sameAs\":[\"https:\/\/www.facebook.com\/skaitytaknyga\/\"]}]}<\/script>\n<!-- \/ Yoast SEO plugin. -->","yoast_head_json":{"title":"Ideali sveikata per 6 savaites","description":"Mes gimstame su \u201esveikatos rezervu\u201c. Priklausomai nuo to, k\u0105 valgome, kuo kv\u0117puojame ir kaip m\u0105stome, palaipsniui naudojame rezervus i\u0161 sveikatos","robots":{"index":"index","follow":"follow","max-snippet":"max-snippet:-1","max-image-preview":"max-image-preview:large","max-video-preview":"max-video-preview:-1"},"canonical":"https:\/\/skaitytaknyga.lt\/en\/produktas\/ideali-sveikata-per-6-savaites\/","og_locale":"en_GB","og_type":"article","og_title":"[:lt]Ideali sveikata per 6 savaites[:] - Skaitytaknyga","og_description":"Mes gimstame su \u201esveikatos rezervu\u201c. Priklausomai nuo to, k\u0105 valgome, kuo kv\u0117puojame ir kaip m\u0105stome, palaipsniui naudojame rezervus i\u0161 sveikatos","og_url":"https:\/\/skaitytaknyga.lt\/en\/produktas\/ideali-sveikata-per-6-savaites\/","og_site_name":"Skaitytaknyga","article_publisher":"https:\/\/www.facebook.com\/skaitytaknyga\/","article_modified_time":"2026-03-18T11:13:21+00:00","og_image":[{"width":309,"height":450,"url":"https:\/\/skaitytaknyga.lt\/wp-content\/uploads\/2025\/12\/Ideali-sveikata-per-6-savaites.webp","type":"image\/webp"}],"twitter_card":"summary_large_image","twitter_misc":{"Estimated reading time":"1 minute"},"schema":{"@context":"https:\/\/schema.org","@graph":[{"@type":"WebPage","@id":"https:\/\/skaitytaknyga.lt\/produktas\/ideali-sveikata-per-6-savaites\/","url":"https:\/\/skaitytaknyga.lt\/produktas\/ideali-sveikata-per-6-savaites\/","name":"Ideali sveikata per 6 savaites","isPartOf":{"@id":"https:\/\/skaitytaknyga.lt\/#website"},"primaryImageOfPage":{"@id":"https:\/\/skaitytaknyga.lt\/produktas\/ideali-sveikata-per-6-savaites\/#primaryimage"},"image":{"@id":"https:\/\/skaitytaknyga.lt\/produktas\/ideali-sveikata-per-6-savaites\/#primaryimage"},"thumbnailUrl":"https:\/\/skaitytaknyga.lt\/wp-content\/uploads\/2025\/12\/Ideali-sveikata-per-6-savaites.webp","datePublished":"2025-12-15T19:19:26+00:00","dateModified":"2026-03-18T11:13:21+00:00","description":"Mes gimstame su \u201esveikatos rezervu\u201c. Priklausomai nuo to, k\u0105 valgome, kuo kv\u0117puojame ir kaip m\u0105stome, palaipsniui naudojame rezervus i\u0161 sveikatos","breadcrumb":{"@id":"https:\/\/skaitytaknyga.lt\/produktas\/ideali-sveikata-per-6-savaites\/#breadcrumb"},"inLanguage":"en-GB","potentialAction":[{"@type":"ReadAction","target":["https:\/\/skaitytaknyga.lt\/produktas\/ideali-sveikata-per-6-savaites\/"]}]},{"@type":"ImageObject","inLanguage":"en-GB","@id":"https:\/\/skaitytaknyga.lt\/produktas\/ideali-sveikata-per-6-savaites\/#primaryimage","url":"https:\/\/skaitytaknyga.lt\/wp-content\/uploads\/2025\/12\/Ideali-sveikata-per-6-savaites.webp","contentUrl":"https:\/\/skaitytaknyga.lt\/wp-content\/uploads\/2025\/12\/Ideali-sveikata-per-6-savaites.webp","width":309,"height":450},{"@type":"BreadcrumbList","@id":"https:\/\/skaitytaknyga.lt\/produktas\/ideali-sveikata-per-6-savaites\/#breadcrumb","itemListElement":[{"@type":"ListItem","position":1,"name":"Home","item":"https:\/\/skaitytaknyga.lt\/"},{"@type":"ListItem","position":2,"name":"Parduotuv\u0117","item":"https:\/\/skaitytaknyga.lt\/knygu-parduotuve\/"},{"@type":"ListItem","position":3,"name":"Ideali sveikata per 6 savaites"}]},{"@type":"WebSite","@id":"https:\/\/skaitytaknyga.lt\/#website","url":"https:\/\/skaitytaknyga.lt\/","name":"skaitytaknyga.lt","description":"Skaitytaknyga.lt \u2013 tai ma\u017eas \u0161eimos verslas, kuris prasid\u0117jo nuo meil\u0117s knygoms ir siekio i\u0161gelb\u0117ti knygas nuo likimo prie konteinerio. Kas vienam nereikalingas daiktas \u2013 kitam lobis, o mes esame tarpininkai, kurie padeda abiems tapti laimingesniems ???? \u017dinome kaip nelengva i\u0161gyventi ma\u017eiems verslams, tad nuo \u0161iol, \u010dia rasite ir kit\u0173, ma\u017e\u0173 \u0161eim\u0173 versl\u0173, rank\u0173 darbo, dovan\u0173 sau ir artimiesiems.","publisher":{"@id":"https:\/\/skaitytaknyga.lt\/#organization"},"potentialAction":[{"@type":"SearchAction","target":{"@type":"EntryPoint","urlTemplate":"https:\/\/skaitytaknyga.lt\/?s={search_term_string}"},"query-input":{"@type":"PropertyValueSpecification","valueRequired":true,"valueName":"search_term_string"}}],"inLanguage":"en-GB"},{"@type":"Organization","@id":"https:\/\/skaitytaknyga.lt\/#organization","name":"skaitytaknyga.lt","url":"https:\/\/skaitytaknyga.lt\/","logo":{"@type":"ImageObject","inLanguage":"en-GB","@id":"https:\/\/skaitytaknyga.lt\/#\/schema\/logo\/image\/","url":"https:\/\/skaitytaknyga.lt\/wp-content\/uploads\/2024\/05\/cropped-cropped-cropped-02_00843_jt3bggkj1j3HLc7SyY6rEUpg.jpeg","contentUrl":"https:\/\/skaitytaknyga.lt\/wp-content\/uploads\/2024\/05\/cropped-cropped-cropped-02_00843_jt3bggkj1j3HLc7SyY6rEUpg.jpeg","width":1600,"height":1600,"caption":"skaitytaknyga.lt"},"image":{"@id":"https:\/\/skaitytaknyga.lt\/#\/schema\/logo\/image\/"},"sameAs":["https:\/\/www.facebook.com\/skaitytaknyga\/"]}]}},"_links":{"self":[{"href":"https:\/\/skaitytaknyga.lt\/en\/wp-json\/wp\/v2\/product\/22247","targetHints":{"allow":["GET"]}}],"collection":[{"href":"https:\/\/skaitytaknyga.lt\/en\/wp-json\/wp\/v2\/product"}],"about":[{"href":"https:\/\/skaitytaknyga.lt\/en\/wp-json\/wp\/v2\/types\/product"}],"replies":[{"embeddable":true,"href":"https:\/\/skaitytaknyga.lt\/en\/wp-json\/wp\/v2\/comments?post=22247"}],"wp:featuredmedia":[{"embeddable":true,"href":"https:\/\/skaitytaknyga.lt\/en\/wp-json\/wp\/v2\/media\/22254"}],"wp:attachment":[{"href":"https:\/\/skaitytaknyga.lt\/en\/wp-json\/wp\/v2\/media?parent=22247"}],"wp:term":[{"taxonomy":"product_brand","embeddable":true,"href":"https:\/\/skaitytaknyga.lt\/en\/wp-json\/wp\/v2\/product_brand?post=22247"},{"taxonomy":"product_cat","embeddable":true,"href":"https:\/\/skaitytaknyga.lt\/en\/wp-json\/wp\/v2\/product_cat?post=22247"},{"taxonomy":"product_tag","embeddable":true,"href":"https:\/\/skaitytaknyga.lt\/en\/wp-json\/wp\/v2\/product_tag?post=22247"}],"curies":[{"name":"wp","href":"https:\/\/api.w.org\/{rel}","templated":true}]}}