{"id":22244,"date":"2025-12-15T21:19:25","date_gmt":"2025-12-15T19:19:25","guid":{"rendered":"https:\/\/skaitytaknyga.lt\/?post_type=product&#038;p=22244"},"modified":"2025-12-15T21:37:53","modified_gmt":"2025-12-15T19:37:53","slug":"vergas","status":"publish","type":"product","link":"https:\/\/skaitytaknyga.lt\/en\/produktas\/vergas\/","title":{"rendered":"Vergas"},"content":{"rendered":"<p>\u201eVergas\u201c \u2013 bestseleriu tapusi Anando D\u00edlvaro knyga, pasaulyje nupirkta daugiau nei milijonas jos egzempliori\u0173.<br \/>\nPagrindinis knygos herojus po \u0161iurpios avarijos jau a\u0161tuonis m\u0117nesius nugrimzd\u0119s \u012f kom\u0105. Jis visi\u0161kai paraly\u017eiuotas, ta\u010diau mato ir girdi, kaip medikai ruo\u0161iasi atjungti gyvyb\u0119 palaikan\u010di\u0105 \u012frang\u0105 ir parduoti jo organus. Klausydamasis savo vidinio balso jaunas vyras pama\u017eu suvokia, kad buvo tap\u0119s vergu: atsakomyb\u0117s stoka, malonum\u0173 vaikymasis, svaigalai ir beproti\u0161ki poelgiai nei\u0161mok\u0117 jo, kad gyvenim\u0105 reikia branginti.<br \/>\n\u201eVergas\u201c mus ragina pabusti i\u0161 komos ir d\u017eiaugtis kiekviena diena.<\/p>\n<p>Tai knyga, kuri\u0105 verta skaityti ne kart\u0105. Jos kalba \u017eavi paprastumu ir tikrumu. Turb\u016bt kiekvienas i\u0161 m\u016bs\u0173 kada nors yra buv\u0119s ar teb\u0117ra savo problem\u0173, baimi\u0173 ir kal\u010di\u0173 vergas. Autorius lengvai ir grak\u0161\u010diai ved\u017eioja mus \u017emogaus pas\u0105mon\u0117s labirintais, kuriuose galime atrasti sav\u0105j\u012f \u201ea\u0161\u201c, nors, atrodo, i\u0161girstame j\u012f tik tada, kai m\u016bs\u0173 galimyb\u0117s keisti save ir savo gyvenim\u0105 b\u016bna i\u0161semtos.<br \/>\nKnygos herojus \u2013 tai kiekvienas i\u0161 m\u016bs\u0173. B\u0117gdami nuo tikrov\u0117s, atsi\u017ead\u0117dami dabarties ir gyvendami l\u016bkes\u010diais prarandame geb\u0117jim\u0105 d\u017eiaugtis. Ir tik netek\u0119 \u012fvertiname tai, k\u0105 tur\u0117jome.<br \/>\n\u0160i knyga jums, mielas skaitytojau, neleis atsikv\u0117pti \u2013 pa\u0117m\u0119 j\u0105 \u012f rankas, ne\u012fstengsite atsitraukti.<br \/>\nTai poema gyvenimui.<br \/>\nDr. Hektoras Salama Penhosas, Amerikos ge\u0161talto universiteto rektorius<\/p>\n","protected":false},"excerpt":{"rendered":"<p>\u201eVergas\u201c \u2013 bestseleriu tapusi Anando D\u00edlvaro knyga, pasaulyje nupirkta daugiau nei milijonas jos egzempliori\u0173. Pagrindinis knygos herojus po \u0161iurpios avarijos jau a\u0161tuonis m\u0117nesius nugrimzd\u0119s \u012f kom\u0105. Jis visi\u0161kai paraly\u017eiuotas, ta\u010diau mato ir girdi, kaip medikai ruo\u0161iasi atjungti gyvyb\u0119 palaikan\u010di\u0105 \u012frang\u0105 ir parduoti jo organus. Klausydamasis savo vidinio balso jaunas vyras pama\u017eu suvokia, kad buvo tap\u0119s vergu: atsakomyb\u0117s stoka, malonum\u0173 vaikymasis, svaigalai ir beproti\u0161ki poelgiai nei\u0161mok\u0117 jo, kad gyvenim\u0105 reikia branginti. \u201eVergas\u201c mus ragina pabusti i\u0161 komos ir d\u017eiaugtis kiekviena diena. Tai knyga, kuri\u0105 verta skaityti ne kart\u0105. Jos kalba \u017eavi paprastumu ir tikrumu. Turb\u016bt kiekvienas i\u0161 m\u016bs\u0173 kada nors yra buv\u0119s ar teb\u0117ra savo problem\u0173, baimi\u0173 ir kal\u010di\u0173 vergas. Autorius lengvai ir grak\u0161\u010diai ved\u017eioja mus \u017emogaus pas\u0105mon\u0117s labirintais, kuriuose galime atrasti sav\u0105j\u012f \u201ea\u0161\u201c, nors, atrodo, i\u0161girstame j\u012f tik tada, kai m\u016bs\u0173 galimyb\u0117s keisti save ir savo gyvenim\u0105 b\u016bna i\u0161semtos. Knygos herojus \u2013 tai kiekvienas i\u0161 m\u016bs\u0173. B\u0117gdami nuo tikrov\u0117s, atsi\u017ead\u0117dami dabarties ir gyvendami l\u016bkes\u010diais prarandame geb\u0117jim\u0105 d\u017eiaugtis. Ir tik netek\u0119 \u012fvertiname tai, k\u0105 tur\u0117jome. \u0160i knyga jums, mielas skaitytojau, neleis atsikv\u0117pti \u2013 pa\u0117m\u0119 j\u0105 \u012f rankas, ne\u012fstengsite atsitraukti. Tai poema gyvenimui. Dr. Hektoras Salama Penhosas, Amerikos ge\u0161talto universiteto rektorius<\/p>\n","protected":false},"featured_media":22249,"comment_status":"open","ping_status":"closed","template":"","meta":{"_acf_changed":false,"site-sidebar-layout":"default","site-content-layout":"","ast-site-content-layout":"default","site-content-style":"default","site-sidebar-style":"default","ast-global-header-display":"","ast-banner-title-visibility":"","ast-main-header-display":"","ast-hfb-above-header-display":"","ast-hfb-below-header-display":"","ast-hfb-mobile-header-display":"","site-post-title":"","ast-breadcrumbs-content":"","ast-featured-img":"","footer-sml-layout":"","ast-disable-related-posts":"","theme-transparent-header-meta":"","adv-header-id-meta":"","stick-header-meta":"","header-above-stick-meta":"","header-main-stick-meta":"","header-below-stick-meta":"","astra-migrate-meta-layouts":"default","ast-page-background-enabled":"default","ast-page-background-meta":{"desktop":{"background-color":"","background-image":"","background-repeat":"repeat","background-position":"center center","background-size":"auto","background-attachment":"scroll","background-type":"","background-media":"","overlay-type":"","overlay-color":"","overlay-opacity":"","overlay-gradient":""},"tablet":{"background-color":"","background-image":"","background-repeat":"repeat","background-position":"center center","background-size":"auto","background-attachment":"scroll","background-type":"","background-media":"","overlay-type":"","overlay-color":"","overlay-opacity":"","overlay-gradient":""},"mobile":{"background-color":"","background-image":"","background-repeat":"repeat","background-position":"center center","background-size":"auto","background-attachment":"scroll","background-type":"","background-media":"","overlay-type":"","overlay-color":"","overlay-opacity":"","overlay-gradient":""}},"ast-content-background-meta":{"desktop":{"background-color":"var(--ast-global-color-4)","background-image":"","background-repeat":"repeat","background-position":"center center","background-size":"auto","background-attachment":"scroll","background-type":"","background-media":"","overlay-type":"","overlay-color":"","overlay-opacity":"","overlay-gradient":""},"tablet":{"background-color":"var(--ast-global-color-4)","background-image":"","background-repeat":"repeat","background-position":"center center","background-size":"auto","background-attachment":"scroll","background-type":"","background-media":"","overlay-type":"","overlay-color":"","overlay-opacity":"","overlay-gradient":""},"mobile":{"background-color":"var(--ast-global-color-4)","background-image":"","background-repeat":"repeat","background-position":"center center","background-size":"auto","background-attachment":"scroll","background-type":"","background-media":"","overlay-type":"","overlay-color":"","overlay-opacity":"","overlay-gradient":""}}},"product_brand":[],"product_cat":[31],"product_tag":[],"class_list":{"0":"post-22244","1":"product","2":"type-product","3":"status-publish","4":"has-post-thumbnail","6":"product_cat-grozine-literatura","7":"desktop-align-left","8":"tablet-align-left","9":"mobile-align-left","11":"first","12":"instock","13":"shipping-taxable","14":"purchasable","15":"product-type-simple"},"acf":[],"yoast_head":"<!-- This site is optimized with the Yoast SEO plugin v27.0 - https:\/\/yoast.com\/product\/yoast-seo-wordpress\/ -->\n<title>Vergas<\/title>\n<meta name=\"description\" content=\"\u201eVergas\u201c \u2013 bestseleriu tapusi Anando D\u00edlvaro knyga, pasaulyje nupirkta daugiau nei milijonas jos egzempliori\u0173. Pagrindinis knygos herojus po \u0161iurpios\" \/>\n<meta name=\"robots\" content=\"index, follow, max-snippet:-1, max-image-preview:large, max-video-preview:-1\" \/>\n<link rel=\"canonical\" href=\"https:\/\/skaitytaknyga.lt\/en\/produktas\/vergas\/\" \/>\n<meta property=\"og:locale\" content=\"en_GB\" \/>\n<meta property=\"og:locale:alternate\" content=\"lt_LT\" \/>\n<meta property=\"og:type\" content=\"article\" \/>\n<meta property=\"og:title\" content=\"Vergas\" \/>\n<meta property=\"og:description\" content=\"\u201eVergas\u201c \u2013 bestseleriu tapusi Anando D\u00edlvaro knyga, pasaulyje nupirkta daugiau nei milijonas jos egzempliori\u0173. Pagrindinis knygos herojus po \u0161iurpios\" \/>\n<meta property=\"og:url\" content=\"https:\/\/skaitytaknyga.lt\/en\/produktas\/vergas\/\" \/>\n<meta property=\"og:site_name\" content=\"Skaitytaknyga\" \/>\n<meta property=\"article:publisher\" content=\"https:\/\/www.facebook.com\/skaitytaknyga\/\" \/>\n<meta property=\"article:modified_time\" content=\"2025-12-15T19:37:53+00:00\" \/>\n<meta property=\"og:image\" content=\"https:\/\/skaitytaknyga.lt\/wp-content\/uploads\/2025\/12\/Vergas-1.webp\" \/>\n\t<meta property=\"og:image:width\" content=\"300\" \/>\n\t<meta property=\"og:image:height\" content=\"492\" \/>\n\t<meta property=\"og:image:type\" content=\"image\/webp\" \/>\n<meta name=\"twitter:card\" content=\"summary_large_image\" \/>\n<meta name=\"twitter:label1\" content=\"Estimated reading time\" \/>\n\t<meta name=\"twitter:data1\" content=\"1 minute\" \/>\n<script type=\"application\/ld+json\" class=\"yoast-schema-graph\">{\"@context\":\"https:\/\/schema.org\",\"@graph\":[{\"@type\":\"WebPage\",\"@id\":\"https:\/\/skaitytaknyga.lt\/produktas\/vergas\/\",\"url\":\"https:\/\/skaitytaknyga.lt\/produktas\/vergas\/\",\"name\":\"Vergas\",\"isPartOf\":{\"@id\":\"https:\/\/skaitytaknyga.lt\/#website\"},\"primaryImageOfPage\":{\"@id\":\"https:\/\/skaitytaknyga.lt\/produktas\/vergas\/#primaryimage\"},\"image\":{\"@id\":\"https:\/\/skaitytaknyga.lt\/produktas\/vergas\/#primaryimage\"},\"thumbnailUrl\":\"https:\/\/skaitytaknyga.lt\/wp-content\/uploads\/2025\/12\/Vergas-1.webp\",\"datePublished\":\"2025-12-15T19:19:25+00:00\",\"dateModified\":\"2025-12-15T19:37:53+00:00\",\"description\":\"\u201eVergas\u201c \u2013 bestseleriu tapusi Anando D\u00edlvaro knyga, pasaulyje nupirkta daugiau nei milijonas jos egzempliori\u0173. Pagrindinis knygos herojus po \u0161iurpios\",\"breadcrumb\":{\"@id\":\"https:\/\/skaitytaknyga.lt\/produktas\/vergas\/#breadcrumb\"},\"inLanguage\":\"en-GB\",\"potentialAction\":[{\"@type\":\"ReadAction\",\"target\":[\"https:\/\/skaitytaknyga.lt\/produktas\/vergas\/\"]}]},{\"@type\":\"ImageObject\",\"inLanguage\":\"en-GB\",\"@id\":\"https:\/\/skaitytaknyga.lt\/produktas\/vergas\/#primaryimage\",\"url\":\"https:\/\/skaitytaknyga.lt\/wp-content\/uploads\/2025\/12\/Vergas-1.webp\",\"contentUrl\":\"https:\/\/skaitytaknyga.lt\/wp-content\/uploads\/2025\/12\/Vergas-1.webp\",\"width\":300,\"height\":492,\"caption\":\"Vergas\"},{\"@type\":\"BreadcrumbList\",\"@id\":\"https:\/\/skaitytaknyga.lt\/produktas\/vergas\/#breadcrumb\",\"itemListElement\":[{\"@type\":\"ListItem\",\"position\":1,\"name\":\"Home\",\"item\":\"https:\/\/skaitytaknyga.lt\/\"},{\"@type\":\"ListItem\",\"position\":2,\"name\":\"Parduotuv\u0117\",\"item\":\"https:\/\/skaitytaknyga.lt\/knygu-parduotuve\/\"},{\"@type\":\"ListItem\",\"position\":3,\"name\":\"Vergas\"}]},{\"@type\":\"WebSite\",\"@id\":\"https:\/\/skaitytaknyga.lt\/#website\",\"url\":\"https:\/\/skaitytaknyga.lt\/\",\"name\":\"skaitytaknyga.lt\",\"description\":\"Skaitytaknyga.lt \u2013 tai ma\u017eas \u0161eimos verslas, kuris prasid\u0117jo nuo meil\u0117s knygoms ir siekio i\u0161gelb\u0117ti knygas nuo likimo prie konteinerio. Kas vienam nereikalingas daiktas \u2013 kitam lobis, o mes esame tarpininkai, kurie padeda abiems tapti laimingesniems ???? \u017dinome kaip nelengva i\u0161gyventi ma\u017eiems verslams, tad nuo \u0161iol, \u010dia rasite ir kit\u0173, ma\u017e\u0173 \u0161eim\u0173 versl\u0173, rank\u0173 darbo, dovan\u0173 sau ir artimiesiems.\",\"publisher\":{\"@id\":\"https:\/\/skaitytaknyga.lt\/#organization\"},\"potentialAction\":[{\"@type\":\"SearchAction\",\"target\":{\"@type\":\"EntryPoint\",\"urlTemplate\":\"https:\/\/skaitytaknyga.lt\/?s={search_term_string}\"},\"query-input\":{\"@type\":\"PropertyValueSpecification\",\"valueRequired\":true,\"valueName\":\"search_term_string\"}}],\"inLanguage\":\"en-GB\"},{\"@type\":\"Organization\",\"@id\":\"https:\/\/skaitytaknyga.lt\/#organization\",\"name\":\"skaitytaknyga.lt\",\"url\":\"https:\/\/skaitytaknyga.lt\/\",\"logo\":{\"@type\":\"ImageObject\",\"inLanguage\":\"en-GB\",\"@id\":\"https:\/\/skaitytaknyga.lt\/#\/schema\/logo\/image\/\",\"url\":\"https:\/\/skaitytaknyga.lt\/wp-content\/uploads\/2024\/05\/cropped-cropped-cropped-02_00843_jt3bggkj1j3HLc7SyY6rEUpg.jpeg\",\"contentUrl\":\"https:\/\/skaitytaknyga.lt\/wp-content\/uploads\/2024\/05\/cropped-cropped-cropped-02_00843_jt3bggkj1j3HLc7SyY6rEUpg.jpeg\",\"width\":1600,\"height\":1600,\"caption\":\"skaitytaknyga.lt\"},\"image\":{\"@id\":\"https:\/\/skaitytaknyga.lt\/#\/schema\/logo\/image\/\"},\"sameAs\":[\"https:\/\/www.facebook.com\/skaitytaknyga\/\"]}]}<\/script>\n<!-- \/ Yoast SEO plugin. -->","yoast_head_json":{"title":"Vergas","description":"\u201eVergas\u201c \u2013 bestseleriu tapusi Anando D\u00edlvaro knyga, pasaulyje nupirkta daugiau nei milijonas jos egzempliori\u0173. Pagrindinis knygos herojus po \u0161iurpios","robots":{"index":"index","follow":"follow","max-snippet":"max-snippet:-1","max-image-preview":"max-image-preview:large","max-video-preview":"max-video-preview:-1"},"canonical":"https:\/\/skaitytaknyga.lt\/en\/produktas\/vergas\/","og_locale":"en_GB","og_type":"article","og_title":"[:lt]Vergas[:] - Skaitytaknyga","og_description":"\u201eVergas\u201c \u2013 bestseleriu tapusi Anando D\u00edlvaro knyga, pasaulyje nupirkta daugiau nei milijonas jos egzempliori\u0173. Pagrindinis knygos herojus po \u0161iurpios","og_url":"https:\/\/skaitytaknyga.lt\/en\/produktas\/vergas\/","og_site_name":"Skaitytaknyga","article_publisher":"https:\/\/www.facebook.com\/skaitytaknyga\/","article_modified_time":"2025-12-15T19:37:53+00:00","og_image":[{"width":300,"height":492,"url":"https:\/\/skaitytaknyga.lt\/wp-content\/uploads\/2025\/12\/Vergas-1.webp","type":"image\/webp"}],"twitter_card":"summary_large_image","twitter_misc":{"Estimated reading time":"1 minute"},"schema":{"@context":"https:\/\/schema.org","@graph":[{"@type":"WebPage","@id":"https:\/\/skaitytaknyga.lt\/produktas\/vergas\/","url":"https:\/\/skaitytaknyga.lt\/produktas\/vergas\/","name":"Vergas","isPartOf":{"@id":"https:\/\/skaitytaknyga.lt\/#website"},"primaryImageOfPage":{"@id":"https:\/\/skaitytaknyga.lt\/produktas\/vergas\/#primaryimage"},"image":{"@id":"https:\/\/skaitytaknyga.lt\/produktas\/vergas\/#primaryimage"},"thumbnailUrl":"https:\/\/skaitytaknyga.lt\/wp-content\/uploads\/2025\/12\/Vergas-1.webp","datePublished":"2025-12-15T19:19:25+00:00","dateModified":"2025-12-15T19:37:53+00:00","description":"\u201eVergas\u201c \u2013 bestseleriu tapusi Anando D\u00edlvaro knyga, pasaulyje nupirkta daugiau nei milijonas jos egzempliori\u0173. Pagrindinis knygos herojus po \u0161iurpios","breadcrumb":{"@id":"https:\/\/skaitytaknyga.lt\/produktas\/vergas\/#breadcrumb"},"inLanguage":"en-GB","potentialAction":[{"@type":"ReadAction","target":["https:\/\/skaitytaknyga.lt\/produktas\/vergas\/"]}]},{"@type":"ImageObject","inLanguage":"en-GB","@id":"https:\/\/skaitytaknyga.lt\/produktas\/vergas\/#primaryimage","url":"https:\/\/skaitytaknyga.lt\/wp-content\/uploads\/2025\/12\/Vergas-1.webp","contentUrl":"https:\/\/skaitytaknyga.lt\/wp-content\/uploads\/2025\/12\/Vergas-1.webp","width":300,"height":492,"caption":"Vergas"},{"@type":"BreadcrumbList","@id":"https:\/\/skaitytaknyga.lt\/produktas\/vergas\/#breadcrumb","itemListElement":[{"@type":"ListItem","position":1,"name":"Home","item":"https:\/\/skaitytaknyga.lt\/"},{"@type":"ListItem","position":2,"name":"Parduotuv\u0117","item":"https:\/\/skaitytaknyga.lt\/knygu-parduotuve\/"},{"@type":"ListItem","position":3,"name":"Vergas"}]},{"@type":"WebSite","@id":"https:\/\/skaitytaknyga.lt\/#website","url":"https:\/\/skaitytaknyga.lt\/","name":"skaitytaknyga.lt","description":"Skaitytaknyga.lt \u2013 tai ma\u017eas \u0161eimos verslas, kuris prasid\u0117jo nuo meil\u0117s knygoms ir siekio i\u0161gelb\u0117ti knygas nuo likimo prie konteinerio. Kas vienam nereikalingas daiktas \u2013 kitam lobis, o mes esame tarpininkai, kurie padeda abiems tapti laimingesniems ???? \u017dinome kaip nelengva i\u0161gyventi ma\u017eiems verslams, tad nuo \u0161iol, \u010dia rasite ir kit\u0173, ma\u017e\u0173 \u0161eim\u0173 versl\u0173, rank\u0173 darbo, dovan\u0173 sau ir artimiesiems.","publisher":{"@id":"https:\/\/skaitytaknyga.lt\/#organization"},"potentialAction":[{"@type":"SearchAction","target":{"@type":"EntryPoint","urlTemplate":"https:\/\/skaitytaknyga.lt\/?s={search_term_string}"},"query-input":{"@type":"PropertyValueSpecification","valueRequired":true,"valueName":"search_term_string"}}],"inLanguage":"en-GB"},{"@type":"Organization","@id":"https:\/\/skaitytaknyga.lt\/#organization","name":"skaitytaknyga.lt","url":"https:\/\/skaitytaknyga.lt\/","logo":{"@type":"ImageObject","inLanguage":"en-GB","@id":"https:\/\/skaitytaknyga.lt\/#\/schema\/logo\/image\/","url":"https:\/\/skaitytaknyga.lt\/wp-content\/uploads\/2024\/05\/cropped-cropped-cropped-02_00843_jt3bggkj1j3HLc7SyY6rEUpg.jpeg","contentUrl":"https:\/\/skaitytaknyga.lt\/wp-content\/uploads\/2024\/05\/cropped-cropped-cropped-02_00843_jt3bggkj1j3HLc7SyY6rEUpg.jpeg","width":1600,"height":1600,"caption":"skaitytaknyga.lt"},"image":{"@id":"https:\/\/skaitytaknyga.lt\/#\/schema\/logo\/image\/"},"sameAs":["https:\/\/www.facebook.com\/skaitytaknyga\/"]}]}},"_links":{"self":[{"href":"https:\/\/skaitytaknyga.lt\/en\/wp-json\/wp\/v2\/product\/22244","targetHints":{"allow":["GET"]}}],"collection":[{"href":"https:\/\/skaitytaknyga.lt\/en\/wp-json\/wp\/v2\/product"}],"about":[{"href":"https:\/\/skaitytaknyga.lt\/en\/wp-json\/wp\/v2\/types\/product"}],"replies":[{"embeddable":true,"href":"https:\/\/skaitytaknyga.lt\/en\/wp-json\/wp\/v2\/comments?post=22244"}],"wp:featuredmedia":[{"embeddable":true,"href":"https:\/\/skaitytaknyga.lt\/en\/wp-json\/wp\/v2\/media\/22249"}],"wp:attachment":[{"href":"https:\/\/skaitytaknyga.lt\/en\/wp-json\/wp\/v2\/media?parent=22244"}],"wp:term":[{"taxonomy":"product_brand","embeddable":true,"href":"https:\/\/skaitytaknyga.lt\/en\/wp-json\/wp\/v2\/product_brand?post=22244"},{"taxonomy":"product_cat","embeddable":true,"href":"https:\/\/skaitytaknyga.lt\/en\/wp-json\/wp\/v2\/product_cat?post=22244"},{"taxonomy":"product_tag","embeddable":true,"href":"https:\/\/skaitytaknyga.lt\/en\/wp-json\/wp\/v2\/product_tag?post=22244"}],"curies":[{"name":"wp","href":"https:\/\/api.w.org\/{rel}","templated":true}]}}