{"id":22243,"date":"2025-12-15T21:19:24","date_gmt":"2025-12-15T19:19:24","guid":{"rendered":"https:\/\/skaitytaknyga.lt\/?post_type=product&#038;p=22243"},"modified":"2026-03-06T16:24:59","modified_gmt":"2026-03-06T14:24:59","slug":"hello-world-kaip-buti-zmogumi-algoritmu-pasaulyje","status":"publish","type":"product","link":"https:\/\/skaitytaknyga.lt\/en\/produktas\/hello-world-kaip-buti-zmogumi-algoritmu-pasaulyje\/","title":{"rendered":"Hello world. Kaip b\u016bti \u017emogumi algoritm\u0173 pasaulyje"},"content":{"rendered":"<p>Nenumaldomai art\u0117jame prie algoritm\u0173 am\u017eiaus, kuriame, neapleid\u017eia jausmas, visa vald\u017eia priklausys technologijoms. \u0160ios kod\u0173 sekos mums jau diktuoja, k\u0105 \u017ei\u016br\u0117ti, kur eiti, kam skirti pasimatym\u0105, ir net formuoja m\u016bs\u0173 nuomon\u0119, u\u017e k\u0105 balsuoti rinkimuose.<br \/>\n\u201eHello world\u201c kvie\u010dia mus \u012f kelion\u0119, kurioje pa\u017evelgsime \u012f algoritmus, supan\u010dius mus kasdieniame gyvenime. Matematik\u0117 Hannaha Fry atskleid\u017eia vidin\u012f j\u0173 mechanizm\u0105, pasakoja, kaip algoritmai ra\u0161omi ir \u012fdiegiami, ir kaip \u017emogui b\u016bdingas \u0161ali\u0161kumas tikr\u0105ja \u0161i\u0173 \u017eod\u017ei\u0173 prasme gali virsti algoritmo kodu.<br \/>\nSusiedama tikras istorijas su \u012ftikinamais paai\u0161kinimais, paremtais matematika, sudaran\u010dia algoritm\u0173 pagrind\u0105, knyga \u201eHello World\u201c mums leid\u017eia \u012fvertinti j\u0173 gali\u0105, nustatyti ribas ir patikrinti, ar vietoj \u017emoni\u0173 sukurt\u0173 sistem\u0173 dabar naudojamos j\u0173 programos tikrai yra tobulesn\u0117s.<\/p>\n","protected":false},"excerpt":{"rendered":"<p>Nenumaldomai art\u0117jame prie algoritm\u0173 am\u017eiaus, kuriame, neapleid\u017eia jausmas, visa vald\u017eia priklausys technologijoms. \u0160ios kod\u0173 sekos mums jau diktuoja, k\u0105 \u017ei\u016br\u0117ti, kur eiti, kam skirti pasimatym\u0105, ir net formuoja m\u016bs\u0173 nuomon\u0119, u\u017e k\u0105 balsuoti rinkimuose. \u201eHello world\u201c kvie\u010dia mus \u012f kelion\u0119, kurioje pa\u017evelgsime \u012f algoritmus, supan\u010dius mus kasdieniame gyvenime. Matematik\u0117 Hannaha Fry atskleid\u017eia vidin\u012f j\u0173 mechanizm\u0105, pasakoja, kaip algoritmai ra\u0161omi ir \u012fdiegiami, ir kaip \u017emogui b\u016bdingas \u0161ali\u0161kumas tikr\u0105ja \u0161i\u0173 \u017eod\u017ei\u0173 prasme gali virsti algoritmo kodu. Susiedama tikras istorijas su \u012ftikinamais paai\u0161kinimais, paremtais matematika, sudaran\u010dia algoritm\u0173 pagrind\u0105, knyga \u201eHello World\u201c mums leid\u017eia \u012fvertinti j\u0173 gali\u0105, nustatyti ribas ir patikrinti, ar vietoj \u017emoni\u0173 sukurt\u0173 sistem\u0173 dabar naudojamos j\u0173 programos tikrai yra tobulesn\u0117s.<\/p>\n","protected":false},"featured_media":22248,"comment_status":"open","ping_status":"closed","template":"","meta":{"_acf_changed":false,"site-sidebar-layout":"default","site-content-layout":"","ast-site-content-layout":"default","site-content-style":"default","site-sidebar-style":"default","ast-global-header-display":"","ast-banner-title-visibility":"","ast-main-header-display":"","ast-hfb-above-header-display":"","ast-hfb-below-header-display":"","ast-hfb-mobile-header-display":"","site-post-title":"","ast-breadcrumbs-content":"","ast-featured-img":"","footer-sml-layout":"","ast-disable-related-posts":"","theme-transparent-header-meta":"","adv-header-id-meta":"","stick-header-meta":"","header-above-stick-meta":"","header-main-stick-meta":"","header-below-stick-meta":"","astra-migrate-meta-layouts":"default","ast-page-background-enabled":"default","ast-page-background-meta":{"desktop":{"background-color":"","background-image":"","background-repeat":"repeat","background-position":"center center","background-size":"auto","background-attachment":"scroll","background-type":"","background-media":"","overlay-type":"","overlay-color":"","overlay-opacity":"","overlay-gradient":""},"tablet":{"background-color":"","background-image":"","background-repeat":"repeat","background-position":"center center","background-size":"auto","background-attachment":"scroll","background-type":"","background-media":"","overlay-type":"","overlay-color":"","overlay-opacity":"","overlay-gradient":""},"mobile":{"background-color":"","background-image":"","background-repeat":"repeat","background-position":"center center","background-size":"auto","background-attachment":"scroll","background-type":"","background-media":"","overlay-type":"","overlay-color":"","overlay-opacity":"","overlay-gradient":""}},"ast-content-background-meta":{"desktop":{"background-color":"var(--ast-global-color-4)","background-image":"","background-repeat":"repeat","background-position":"center center","background-size":"auto","background-attachment":"scroll","background-type":"","background-media":"","overlay-type":"","overlay-color":"","overlay-opacity":"","overlay-gradient":""},"tablet":{"background-color":"var(--ast-global-color-4)","background-image":"","background-repeat":"repeat","background-position":"center center","background-size":"auto","background-attachment":"scroll","background-type":"","background-media":"","overlay-type":"","overlay-color":"","overlay-opacity":"","overlay-gradient":""},"mobile":{"background-color":"var(--ast-global-color-4)","background-image":"","background-repeat":"repeat","background-position":"center center","background-size":"auto","background-attachment":"scroll","background-type":"","background-media":"","overlay-type":"","overlay-color":"","overlay-opacity":"","overlay-gradient":""}}},"product_brand":[],"product_cat":[269],"product_tag":[],"class_list":{"0":"post-22243","1":"product","2":"type-product","3":"status-publish","4":"has-post-thumbnail","6":"product_cat-gamtos-mokslai","7":"desktop-align-left","8":"tablet-align-left","9":"mobile-align-left","11":"first","12":"instock","13":"shipping-taxable","14":"purchasable","15":"product-type-simple"},"acf":[],"yoast_head":"<!-- This site is optimized with the Yoast SEO plugin v27.0 - https:\/\/yoast.com\/product\/yoast-seo-wordpress\/ -->\n<title>Hello world. Kaip b\u016bti \u017emogumi algoritm\u0173 pasaulyje<\/title>\n<meta name=\"description\" content=\"Nenumaldomai art\u0117jame prie algoritm\u0173 am\u017eiaus, kuriame, neapleid\u017eia jausmas, visa vald\u017eia priklausys technologijoms. \u0160ios kod\u0173 sekos mums jau diktuoja, k\u0105\" \/>\n<meta name=\"robots\" content=\"index, follow, max-snippet:-1, max-image-preview:large, max-video-preview:-1\" \/>\n<link rel=\"canonical\" href=\"https:\/\/skaitytaknyga.lt\/en\/produktas\/hello-world-kaip-buti-zmogumi-algoritmu-pasaulyje\/\" \/>\n<meta property=\"og:locale\" content=\"en_GB\" \/>\n<meta property=\"og:locale:alternate\" content=\"lt_LT\" \/>\n<meta property=\"og:type\" content=\"article\" \/>\n<meta property=\"og:title\" content=\"Hello world. Kaip b\u016bti \u017emogumi algoritm\u0173 pasaulyje\" \/>\n<meta property=\"og:description\" content=\"Nenumaldomai art\u0117jame prie algoritm\u0173 am\u017eiaus, kuriame, neapleid\u017eia jausmas, visa vald\u017eia priklausys technologijoms. \u0160ios kod\u0173 sekos mums jau diktuoja, k\u0105\" \/>\n<meta property=\"og:url\" content=\"https:\/\/skaitytaknyga.lt\/en\/produktas\/hello-world-kaip-buti-zmogumi-algoritmu-pasaulyje\/\" \/>\n<meta property=\"og:site_name\" content=\"Skaitytaknyga\" \/>\n<meta property=\"article:publisher\" content=\"https:\/\/www.facebook.com\/skaitytaknyga\/\" \/>\n<meta property=\"article:modified_time\" content=\"2026-03-06T14:24:59+00:00\" \/>\n<meta property=\"og:image\" content=\"https:\/\/skaitytaknyga.lt\/wp-content\/uploads\/2025\/12\/Hello-world.-Kaip-buti-zmogumi-algoritmu-pasaulyje-1.webp\" \/>\n\t<meta property=\"og:image:width\" content=\"300\" \/>\n\t<meta property=\"og:image:height\" content=\"447\" \/>\n\t<meta property=\"og:image:type\" content=\"image\/webp\" \/>\n<meta name=\"twitter:card\" content=\"summary_large_image\" \/>\n<meta name=\"twitter:label1\" content=\"Estimated reading time\" \/>\n\t<meta name=\"twitter:data1\" content=\"1 minute\" \/>\n<script type=\"application\/ld+json\" class=\"yoast-schema-graph\">{\"@context\":\"https:\/\/schema.org\",\"@graph\":[{\"@type\":\"WebPage\",\"@id\":\"https:\/\/skaitytaknyga.lt\/produktas\/hello-world-kaip-buti-zmogumi-algoritmu-pasaulyje\/\",\"url\":\"https:\/\/skaitytaknyga.lt\/produktas\/hello-world-kaip-buti-zmogumi-algoritmu-pasaulyje\/\",\"name\":\"Hello world. Kaip b\u016bti \u017emogumi algoritm\u0173 pasaulyje\",\"isPartOf\":{\"@id\":\"https:\/\/skaitytaknyga.lt\/#website\"},\"primaryImageOfPage\":{\"@id\":\"https:\/\/skaitytaknyga.lt\/produktas\/hello-world-kaip-buti-zmogumi-algoritmu-pasaulyje\/#primaryimage\"},\"image\":{\"@id\":\"https:\/\/skaitytaknyga.lt\/produktas\/hello-world-kaip-buti-zmogumi-algoritmu-pasaulyje\/#primaryimage\"},\"thumbnailUrl\":\"https:\/\/skaitytaknyga.lt\/wp-content\/uploads\/2025\/12\/Hello-world.-Kaip-buti-zmogumi-algoritmu-pasaulyje-1.webp\",\"datePublished\":\"2025-12-15T19:19:24+00:00\",\"dateModified\":\"2026-03-06T14:24:59+00:00\",\"description\":\"Nenumaldomai art\u0117jame prie algoritm\u0173 am\u017eiaus, kuriame, neapleid\u017eia jausmas, visa vald\u017eia priklausys technologijoms. \u0160ios kod\u0173 sekos mums jau diktuoja, k\u0105\",\"breadcrumb\":{\"@id\":\"https:\/\/skaitytaknyga.lt\/produktas\/hello-world-kaip-buti-zmogumi-algoritmu-pasaulyje\/#breadcrumb\"},\"inLanguage\":\"en-GB\",\"potentialAction\":[{\"@type\":\"ReadAction\",\"target\":[\"https:\/\/skaitytaknyga.lt\/produktas\/hello-world-kaip-buti-zmogumi-algoritmu-pasaulyje\/\"]}]},{\"@type\":\"ImageObject\",\"inLanguage\":\"en-GB\",\"@id\":\"https:\/\/skaitytaknyga.lt\/produktas\/hello-world-kaip-buti-zmogumi-algoritmu-pasaulyje\/#primaryimage\",\"url\":\"https:\/\/skaitytaknyga.lt\/wp-content\/uploads\/2025\/12\/Hello-world.-Kaip-buti-zmogumi-algoritmu-pasaulyje-1.webp\",\"contentUrl\":\"https:\/\/skaitytaknyga.lt\/wp-content\/uploads\/2025\/12\/Hello-world.-Kaip-buti-zmogumi-algoritmu-pasaulyje-1.webp\",\"width\":300,\"height\":447,\"caption\":\"Hello world. Kaip b\u016bti \u017emogumi algoritm\u0173 pasaulyje\"},{\"@type\":\"BreadcrumbList\",\"@id\":\"https:\/\/skaitytaknyga.lt\/produktas\/hello-world-kaip-buti-zmogumi-algoritmu-pasaulyje\/#breadcrumb\",\"itemListElement\":[{\"@type\":\"ListItem\",\"position\":1,\"name\":\"Home\",\"item\":\"https:\/\/skaitytaknyga.lt\/\"},{\"@type\":\"ListItem\",\"position\":2,\"name\":\"Parduotuv\u0117\",\"item\":\"https:\/\/skaitytaknyga.lt\/knygu-parduotuve\/\"},{\"@type\":\"ListItem\",\"position\":3,\"name\":\"Hello world. Kaip b\u016bti \u017emogumi algoritm\u0173 pasaulyje\"}]},{\"@type\":\"WebSite\",\"@id\":\"https:\/\/skaitytaknyga.lt\/#website\",\"url\":\"https:\/\/skaitytaknyga.lt\/\",\"name\":\"skaitytaknyga.lt\",\"description\":\"Skaitytaknyga.lt \u2013 tai ma\u017eas \u0161eimos verslas, kuris prasid\u0117jo nuo meil\u0117s knygoms ir siekio i\u0161gelb\u0117ti knygas nuo likimo prie konteinerio. Kas vienam nereikalingas daiktas \u2013 kitam lobis, o mes esame tarpininkai, kurie padeda abiems tapti laimingesniems ???? \u017dinome kaip nelengva i\u0161gyventi ma\u017eiems verslams, tad nuo \u0161iol, \u010dia rasite ir kit\u0173, ma\u017e\u0173 \u0161eim\u0173 versl\u0173, rank\u0173 darbo, dovan\u0173 sau ir artimiesiems.\",\"publisher\":{\"@id\":\"https:\/\/skaitytaknyga.lt\/#organization\"},\"potentialAction\":[{\"@type\":\"SearchAction\",\"target\":{\"@type\":\"EntryPoint\",\"urlTemplate\":\"https:\/\/skaitytaknyga.lt\/?s={search_term_string}\"},\"query-input\":{\"@type\":\"PropertyValueSpecification\",\"valueRequired\":true,\"valueName\":\"search_term_string\"}}],\"inLanguage\":\"en-GB\"},{\"@type\":\"Organization\",\"@id\":\"https:\/\/skaitytaknyga.lt\/#organization\",\"name\":\"skaitytaknyga.lt\",\"url\":\"https:\/\/skaitytaknyga.lt\/\",\"logo\":{\"@type\":\"ImageObject\",\"inLanguage\":\"en-GB\",\"@id\":\"https:\/\/skaitytaknyga.lt\/#\/schema\/logo\/image\/\",\"url\":\"https:\/\/skaitytaknyga.lt\/wp-content\/uploads\/2024\/05\/cropped-cropped-cropped-02_00843_jt3bggkj1j3HLc7SyY6rEUpg.jpeg\",\"contentUrl\":\"https:\/\/skaitytaknyga.lt\/wp-content\/uploads\/2024\/05\/cropped-cropped-cropped-02_00843_jt3bggkj1j3HLc7SyY6rEUpg.jpeg\",\"width\":1600,\"height\":1600,\"caption\":\"skaitytaknyga.lt\"},\"image\":{\"@id\":\"https:\/\/skaitytaknyga.lt\/#\/schema\/logo\/image\/\"},\"sameAs\":[\"https:\/\/www.facebook.com\/skaitytaknyga\/\"]}]}<\/script>\n<!-- \/ Yoast SEO plugin. -->","yoast_head_json":{"title":"Hello world. Kaip b\u016bti \u017emogumi algoritm\u0173 pasaulyje","description":"Nenumaldomai art\u0117jame prie algoritm\u0173 am\u017eiaus, kuriame, neapleid\u017eia jausmas, visa vald\u017eia priklausys technologijoms. \u0160ios kod\u0173 sekos mums jau diktuoja, k\u0105","robots":{"index":"index","follow":"follow","max-snippet":"max-snippet:-1","max-image-preview":"max-image-preview:large","max-video-preview":"max-video-preview:-1"},"canonical":"https:\/\/skaitytaknyga.lt\/en\/produktas\/hello-world-kaip-buti-zmogumi-algoritmu-pasaulyje\/","og_locale":"en_GB","og_type":"article","og_title":"[:lt]Hello world. Kaip b\u016bti \u017emogumi algoritm\u0173 pasaulyje[:] - Skaitytaknyga","og_description":"Nenumaldomai art\u0117jame prie algoritm\u0173 am\u017eiaus, kuriame, neapleid\u017eia jausmas, visa vald\u017eia priklausys technologijoms. \u0160ios kod\u0173 sekos mums jau diktuoja, k\u0105","og_url":"https:\/\/skaitytaknyga.lt\/en\/produktas\/hello-world-kaip-buti-zmogumi-algoritmu-pasaulyje\/","og_site_name":"Skaitytaknyga","article_publisher":"https:\/\/www.facebook.com\/skaitytaknyga\/","article_modified_time":"2026-03-06T14:24:59+00:00","og_image":[{"width":300,"height":447,"url":"https:\/\/skaitytaknyga.lt\/wp-content\/uploads\/2025\/12\/Hello-world.-Kaip-buti-zmogumi-algoritmu-pasaulyje-1.webp","type":"image\/webp"}],"twitter_card":"summary_large_image","twitter_misc":{"Estimated reading time":"1 minute"},"schema":{"@context":"https:\/\/schema.org","@graph":[{"@type":"WebPage","@id":"https:\/\/skaitytaknyga.lt\/produktas\/hello-world-kaip-buti-zmogumi-algoritmu-pasaulyje\/","url":"https:\/\/skaitytaknyga.lt\/produktas\/hello-world-kaip-buti-zmogumi-algoritmu-pasaulyje\/","name":"Hello world. Kaip b\u016bti \u017emogumi algoritm\u0173 pasaulyje","isPartOf":{"@id":"https:\/\/skaitytaknyga.lt\/#website"},"primaryImageOfPage":{"@id":"https:\/\/skaitytaknyga.lt\/produktas\/hello-world-kaip-buti-zmogumi-algoritmu-pasaulyje\/#primaryimage"},"image":{"@id":"https:\/\/skaitytaknyga.lt\/produktas\/hello-world-kaip-buti-zmogumi-algoritmu-pasaulyje\/#primaryimage"},"thumbnailUrl":"https:\/\/skaitytaknyga.lt\/wp-content\/uploads\/2025\/12\/Hello-world.-Kaip-buti-zmogumi-algoritmu-pasaulyje-1.webp","datePublished":"2025-12-15T19:19:24+00:00","dateModified":"2026-03-06T14:24:59+00:00","description":"Nenumaldomai art\u0117jame prie algoritm\u0173 am\u017eiaus, kuriame, neapleid\u017eia jausmas, visa vald\u017eia priklausys technologijoms. \u0160ios kod\u0173 sekos mums jau diktuoja, k\u0105","breadcrumb":{"@id":"https:\/\/skaitytaknyga.lt\/produktas\/hello-world-kaip-buti-zmogumi-algoritmu-pasaulyje\/#breadcrumb"},"inLanguage":"en-GB","potentialAction":[{"@type":"ReadAction","target":["https:\/\/skaitytaknyga.lt\/produktas\/hello-world-kaip-buti-zmogumi-algoritmu-pasaulyje\/"]}]},{"@type":"ImageObject","inLanguage":"en-GB","@id":"https:\/\/skaitytaknyga.lt\/produktas\/hello-world-kaip-buti-zmogumi-algoritmu-pasaulyje\/#primaryimage","url":"https:\/\/skaitytaknyga.lt\/wp-content\/uploads\/2025\/12\/Hello-world.-Kaip-buti-zmogumi-algoritmu-pasaulyje-1.webp","contentUrl":"https:\/\/skaitytaknyga.lt\/wp-content\/uploads\/2025\/12\/Hello-world.-Kaip-buti-zmogumi-algoritmu-pasaulyje-1.webp","width":300,"height":447,"caption":"Hello world. Kaip b\u016bti \u017emogumi algoritm\u0173 pasaulyje"},{"@type":"BreadcrumbList","@id":"https:\/\/skaitytaknyga.lt\/produktas\/hello-world-kaip-buti-zmogumi-algoritmu-pasaulyje\/#breadcrumb","itemListElement":[{"@type":"ListItem","position":1,"name":"Home","item":"https:\/\/skaitytaknyga.lt\/"},{"@type":"ListItem","position":2,"name":"Parduotuv\u0117","item":"https:\/\/skaitytaknyga.lt\/knygu-parduotuve\/"},{"@type":"ListItem","position":3,"name":"Hello world. Kaip b\u016bti \u017emogumi algoritm\u0173 pasaulyje"}]},{"@type":"WebSite","@id":"https:\/\/skaitytaknyga.lt\/#website","url":"https:\/\/skaitytaknyga.lt\/","name":"skaitytaknyga.lt","description":"Skaitytaknyga.lt \u2013 tai ma\u017eas \u0161eimos verslas, kuris prasid\u0117jo nuo meil\u0117s knygoms ir siekio i\u0161gelb\u0117ti knygas nuo likimo prie konteinerio. Kas vienam nereikalingas daiktas \u2013 kitam lobis, o mes esame tarpininkai, kurie padeda abiems tapti laimingesniems ???? \u017dinome kaip nelengva i\u0161gyventi ma\u017eiems verslams, tad nuo \u0161iol, \u010dia rasite ir kit\u0173, ma\u017e\u0173 \u0161eim\u0173 versl\u0173, rank\u0173 darbo, dovan\u0173 sau ir artimiesiems.","publisher":{"@id":"https:\/\/skaitytaknyga.lt\/#organization"},"potentialAction":[{"@type":"SearchAction","target":{"@type":"EntryPoint","urlTemplate":"https:\/\/skaitytaknyga.lt\/?s={search_term_string}"},"query-input":{"@type":"PropertyValueSpecification","valueRequired":true,"valueName":"search_term_string"}}],"inLanguage":"en-GB"},{"@type":"Organization","@id":"https:\/\/skaitytaknyga.lt\/#organization","name":"skaitytaknyga.lt","url":"https:\/\/skaitytaknyga.lt\/","logo":{"@type":"ImageObject","inLanguage":"en-GB","@id":"https:\/\/skaitytaknyga.lt\/#\/schema\/logo\/image\/","url":"https:\/\/skaitytaknyga.lt\/wp-content\/uploads\/2024\/05\/cropped-cropped-cropped-02_00843_jt3bggkj1j3HLc7SyY6rEUpg.jpeg","contentUrl":"https:\/\/skaitytaknyga.lt\/wp-content\/uploads\/2024\/05\/cropped-cropped-cropped-02_00843_jt3bggkj1j3HLc7SyY6rEUpg.jpeg","width":1600,"height":1600,"caption":"skaitytaknyga.lt"},"image":{"@id":"https:\/\/skaitytaknyga.lt\/#\/schema\/logo\/image\/"},"sameAs":["https:\/\/www.facebook.com\/skaitytaknyga\/"]}]}},"_links":{"self":[{"href":"https:\/\/skaitytaknyga.lt\/en\/wp-json\/wp\/v2\/product\/22243","targetHints":{"allow":["GET"]}}],"collection":[{"href":"https:\/\/skaitytaknyga.lt\/en\/wp-json\/wp\/v2\/product"}],"about":[{"href":"https:\/\/skaitytaknyga.lt\/en\/wp-json\/wp\/v2\/types\/product"}],"replies":[{"embeddable":true,"href":"https:\/\/skaitytaknyga.lt\/en\/wp-json\/wp\/v2\/comments?post=22243"}],"wp:featuredmedia":[{"embeddable":true,"href":"https:\/\/skaitytaknyga.lt\/en\/wp-json\/wp\/v2\/media\/22248"}],"wp:attachment":[{"href":"https:\/\/skaitytaknyga.lt\/en\/wp-json\/wp\/v2\/media?parent=22243"}],"wp:term":[{"taxonomy":"product_brand","embeddable":true,"href":"https:\/\/skaitytaknyga.lt\/en\/wp-json\/wp\/v2\/product_brand?post=22243"},{"taxonomy":"product_cat","embeddable":true,"href":"https:\/\/skaitytaknyga.lt\/en\/wp-json\/wp\/v2\/product_cat?post=22243"},{"taxonomy":"product_tag","embeddable":true,"href":"https:\/\/skaitytaknyga.lt\/en\/wp-json\/wp\/v2\/product_tag?post=22243"}],"curies":[{"name":"wp","href":"https:\/\/api.w.org\/{rel}","templated":true}]}}