{"id":22238,"date":"2025-12-15T21:05:58","date_gmt":"2025-12-15T19:05:58","guid":{"rendered":"https:\/\/skaitytaknyga.lt\/?post_type=product&#038;p=22238"},"modified":"2026-01-07T09:15:12","modified_gmt":"2026-01-07T07:15:12","slug":"kam-skambina-varpai","status":"publish","type":"product","link":"https:\/\/skaitytaknyga.lt\/en\/produktas\/kam-skambina-varpai\/","title":{"rendered":"Kam skambina varpai"},"content":{"rendered":"<p>XX am\u017eiaus ketvirtojo de\u0161imtme\u010dio pabaiga, vyksta Ispanijos pilietinis karas. Amerikietis Robertas D\u017eordanas atvyksta \u012f frankist\u0173 u\u017efront\u0119 Ispanijos kalnuose. Jam skiriama u\u017eduotis susprogdinti strategin\u0117s reik\u0161m\u0117s tilt\u0105. Romano\u00a0<strong>\u201eKam skambina varpai\u201c<\/strong>veiksmas iki u\u017eduoties \u012fvykdymo apima vos kelias dienas, ta\u010diau jos vertos viso gyvenimo patir\u010di\u0173: suliepsnoja meil\u0117, persekioja i\u0161davyst\u0117s bei mirtis, neapleid\u017eia gyvenimo tro\u0161kulys.<\/p>\n","protected":false},"excerpt":{"rendered":"<p>XX am\u017eiaus ketvirtojo de\u0161imtme\u010dio pabaiga, vyksta Ispanijos pilietinis karas. Amerikietis Robertas D\u017eordanas atvyksta \u012f frankist\u0173 u\u017efront\u0119 Ispanijos kalnuose. Jam skiriama u\u017eduotis susprogdinti strategin\u0117s reik\u0161m\u0117s tilt\u0105. Romano\u00a0<strong>\u201eKam skambina varpai\u201c<\/strong>veiksmas iki u\u017eduoties \u012fvykdymo apima vos kelias dienas, ta\u010diau jos vertos viso gyvenimo patir\u010di\u0173: suliepsnoja meil\u0117, persekioja i\u0161davyst\u0117s bei mirtis, neapleid\u017eia gyvenimo tro\u0161kulys.<\/p>\n","protected":false},"featured_media":22239,"comment_status":"closed","ping_status":"closed","template":"","meta":{"_acf_changed":false,"site-sidebar-layout":"default","site-content-layout":"","ast-site-content-layout":"default","site-content-style":"default","site-sidebar-style":"default","ast-global-header-display":"","ast-banner-title-visibility":"","ast-main-header-display":"","ast-hfb-above-header-display":"","ast-hfb-below-header-display":"","ast-hfb-mobile-header-display":"","site-post-title":"","ast-breadcrumbs-content":"","ast-featured-img":"","footer-sml-layout":"","ast-disable-related-posts":"","theme-transparent-header-meta":"default","adv-header-id-meta":"","stick-header-meta":"","header-above-stick-meta":"","header-main-stick-meta":"","header-below-stick-meta":"","astra-migrate-meta-layouts":"set","ast-page-background-enabled":"default","ast-page-background-meta":{"desktop":{"background-color":"","background-image":"","background-repeat":"repeat","background-position":"center center","background-size":"auto","background-attachment":"scroll","background-type":"","background-media":"","overlay-type":"","overlay-color":"","overlay-opacity":"","overlay-gradient":""},"tablet":{"background-color":"","background-image":"","background-repeat":"repeat","background-position":"center center","background-size":"auto","background-attachment":"scroll","background-type":"","background-media":"","overlay-type":"","overlay-color":"","overlay-opacity":"","overlay-gradient":""},"mobile":{"background-color":"","background-image":"","background-repeat":"repeat","background-position":"center center","background-size":"auto","background-attachment":"scroll","background-type":"","background-media":"","overlay-type":"","overlay-color":"","overlay-opacity":"","overlay-gradient":""}},"ast-content-background-meta":{"desktop":{"background-color":"var(--ast-global-color-4)","background-image":"","background-repeat":"repeat","background-position":"center center","background-size":"auto","background-attachment":"scroll","background-type":"","background-media":"","overlay-type":"","overlay-color":"","overlay-opacity":"","overlay-gradient":""},"tablet":{"background-color":"var(--ast-global-color-4)","background-image":"","background-repeat":"repeat","background-position":"center center","background-size":"auto","background-attachment":"scroll","background-type":"","background-media":"","overlay-type":"","overlay-color":"","overlay-opacity":"","overlay-gradient":""},"mobile":{"background-color":"var(--ast-global-color-4)","background-image":"","background-repeat":"repeat","background-position":"center center","background-size":"auto","background-attachment":"scroll","background-type":"","background-media":"","overlay-type":"","overlay-color":"","overlay-opacity":"","overlay-gradient":""}}},"product_brand":[],"product_cat":[31,28],"product_tag":[],"class_list":{"0":"post-22238","1":"product","2":"type-product","3":"status-publish","4":"has-post-thumbnail","6":"product_cat-grozine-literatura","7":"product_cat-klasika","8":"desktop-align-left","9":"tablet-align-left","10":"mobile-align-left","12":"first","13":"outofstock","14":"shipping-taxable","15":"purchasable","16":"product-type-simple"},"acf":[],"yoast_head":"<!-- This site is optimized with the Yoast SEO plugin v27.0 - https:\/\/yoast.com\/product\/yoast-seo-wordpress\/ -->\n<title>Kam skambina varpai<\/title>\n<meta name=\"description\" content=\"XX am\u017eiaus ketvirtojo de\u0161imtme\u010dio pabaiga, vyksta Ispanijos pilietinis karas. Amerikietis Robertas D\u017eordanas atvyksta \u012f frankist\u0173 u\u017efront\u0119 Ispanijos kalnuose. Jam skiriama u\u017eduotis susprogdinti strategin\u0117s reik\u0161m\u0117s tilt\u0105. Romano\u00a0\u201eKam skambina varpai\u201cveiksmas iki u\u017eduoties \u012fvykdymo apima vos kelias dienas, ta\u010diau jos vertos viso gyvenimo patir\u010di\u0173: suliepsnoja meil\u0117, persekioja i\u0161davyst\u0117s bei mirtis, neapleid\u017eia gyvenimo tro\u0161kulys.\" \/>\n<meta name=\"robots\" content=\"index, follow, max-snippet:-1, max-image-preview:large, max-video-preview:-1\" \/>\n<link rel=\"canonical\" href=\"https:\/\/skaitytaknyga.lt\/en\/produktas\/kam-skambina-varpai\/\" \/>\n<meta property=\"og:locale\" content=\"en_GB\" \/>\n<meta property=\"og:locale:alternate\" content=\"lt_LT\" \/>\n<meta property=\"og:type\" content=\"article\" \/>\n<meta property=\"og:title\" content=\"Kam skambina varpai\" \/>\n<meta property=\"og:description\" content=\"XX am\u017eiaus ketvirtojo de\u0161imtme\u010dio pabaiga, vyksta Ispanijos pilietinis karas. Amerikietis Robertas D\u017eordanas atvyksta \u012f frankist\u0173 u\u017efront\u0119 Ispanijos kalnuose. Jam skiriama u\u017eduotis susprogdinti strategin\u0117s reik\u0161m\u0117s tilt\u0105. Romano\u00a0\u201eKam skambina varpai\u201cveiksmas iki u\u017eduoties \u012fvykdymo apima vos kelias dienas, ta\u010diau jos vertos viso gyvenimo patir\u010di\u0173: suliepsnoja meil\u0117, persekioja i\u0161davyst\u0117s bei mirtis, neapleid\u017eia gyvenimo tro\u0161kulys.\" \/>\n<meta property=\"og:url\" content=\"https:\/\/skaitytaknyga.lt\/en\/produktas\/kam-skambina-varpai\/\" \/>\n<meta property=\"og:site_name\" content=\"Skaitytaknyga\" \/>\n<meta property=\"article:publisher\" content=\"https:\/\/www.facebook.com\/skaitytaknyga\/\" \/>\n<meta property=\"article:modified_time\" content=\"2026-01-07T07:15:12+00:00\" \/>\n<meta property=\"og:image\" content=\"https:\/\/skaitytaknyga.lt\/wp-content\/uploads\/2025\/12\/Kam-skambina-varpai.webp\" \/>\n\t<meta property=\"og:image:width\" content=\"300\" \/>\n\t<meta property=\"og:image:height\" content=\"477\" \/>\n\t<meta property=\"og:image:type\" content=\"image\/webp\" \/>\n<meta name=\"twitter:card\" content=\"summary_large_image\" \/>\n<meta name=\"twitter:label1\" content=\"Estimated reading time\" \/>\n\t<meta name=\"twitter:data1\" content=\"1 minute\" \/>\n<script type=\"application\/ld+json\" class=\"yoast-schema-graph\">{\"@context\":\"https:\/\/schema.org\",\"@graph\":[{\"@type\":\"WebPage\",\"@id\":\"https:\/\/skaitytaknyga.lt\/produktas\/kam-skambina-varpai\/\",\"url\":\"https:\/\/skaitytaknyga.lt\/produktas\/kam-skambina-varpai\/\",\"name\":\"Kam skambina varpai\",\"isPartOf\":{\"@id\":\"https:\/\/skaitytaknyga.lt\/#website\"},\"primaryImageOfPage\":{\"@id\":\"https:\/\/skaitytaknyga.lt\/produktas\/kam-skambina-varpai\/#primaryimage\"},\"image\":{\"@id\":\"https:\/\/skaitytaknyga.lt\/produktas\/kam-skambina-varpai\/#primaryimage\"},\"thumbnailUrl\":\"https:\/\/skaitytaknyga.lt\/wp-content\/uploads\/2025\/12\/Kam-skambina-varpai.webp\",\"datePublished\":\"2025-12-15T19:05:58+00:00\",\"dateModified\":\"2026-01-07T07:15:12+00:00\",\"description\":\"XX am\u017eiaus ketvirtojo de\u0161imtme\u010dio pabaiga, vyksta Ispanijos pilietinis karas. Amerikietis Robertas D\u017eordanas atvyksta \u012f frankist\u0173 u\u017efront\u0119 Ispanijos kalnuose. Jam skiriama u\u017eduotis susprogdinti strategin\u0117s reik\u0161m\u0117s tilt\u0105. Romano\u00a0\u201eKam skambina varpai\u201cveiksmas iki u\u017eduoties \u012fvykdymo apima vos kelias dienas, ta\u010diau jos vertos viso gyvenimo patir\u010di\u0173: suliepsnoja meil\u0117, persekioja i\u0161davyst\u0117s bei mirtis, neapleid\u017eia gyvenimo tro\u0161kulys.\",\"breadcrumb\":{\"@id\":\"https:\/\/skaitytaknyga.lt\/produktas\/kam-skambina-varpai\/#breadcrumb\"},\"inLanguage\":\"en-GB\",\"potentialAction\":[{\"@type\":\"ReadAction\",\"target\":[\"https:\/\/skaitytaknyga.lt\/produktas\/kam-skambina-varpai\/\"]}]},{\"@type\":\"ImageObject\",\"inLanguage\":\"en-GB\",\"@id\":\"https:\/\/skaitytaknyga.lt\/produktas\/kam-skambina-varpai\/#primaryimage\",\"url\":\"https:\/\/skaitytaknyga.lt\/wp-content\/uploads\/2025\/12\/Kam-skambina-varpai.webp\",\"contentUrl\":\"https:\/\/skaitytaknyga.lt\/wp-content\/uploads\/2025\/12\/Kam-skambina-varpai.webp\",\"width\":300,\"height\":477,\"caption\":\"Kam skambina varpai\"},{\"@type\":\"BreadcrumbList\",\"@id\":\"https:\/\/skaitytaknyga.lt\/produktas\/kam-skambina-varpai\/#breadcrumb\",\"itemListElement\":[{\"@type\":\"ListItem\",\"position\":1,\"name\":\"Home\",\"item\":\"https:\/\/skaitytaknyga.lt\/\"},{\"@type\":\"ListItem\",\"position\":2,\"name\":\"Parduotuv\u0117\",\"item\":\"https:\/\/skaitytaknyga.lt\/knygu-parduotuve\/\"},{\"@type\":\"ListItem\",\"position\":3,\"name\":\"Kam skambina varpai\"}]},{\"@type\":\"WebSite\",\"@id\":\"https:\/\/skaitytaknyga.lt\/#website\",\"url\":\"https:\/\/skaitytaknyga.lt\/\",\"name\":\"skaitytaknyga.lt\",\"description\":\"Skaitytaknyga.lt \u2013 tai ma\u017eas \u0161eimos verslas, kuris prasid\u0117jo nuo meil\u0117s knygoms ir siekio i\u0161gelb\u0117ti knygas nuo likimo prie konteinerio. Kas vienam nereikalingas daiktas \u2013 kitam lobis, o mes esame tarpininkai, kurie padeda abiems tapti laimingesniems ???? \u017dinome kaip nelengva i\u0161gyventi ma\u017eiems verslams, tad nuo \u0161iol, \u010dia rasite ir kit\u0173, ma\u017e\u0173 \u0161eim\u0173 versl\u0173, rank\u0173 darbo, dovan\u0173 sau ir artimiesiems.\",\"publisher\":{\"@id\":\"https:\/\/skaitytaknyga.lt\/#organization\"},\"potentialAction\":[{\"@type\":\"SearchAction\",\"target\":{\"@type\":\"EntryPoint\",\"urlTemplate\":\"https:\/\/skaitytaknyga.lt\/?s={search_term_string}\"},\"query-input\":{\"@type\":\"PropertyValueSpecification\",\"valueRequired\":true,\"valueName\":\"search_term_string\"}}],\"inLanguage\":\"en-GB\"},{\"@type\":\"Organization\",\"@id\":\"https:\/\/skaitytaknyga.lt\/#organization\",\"name\":\"skaitytaknyga.lt\",\"url\":\"https:\/\/skaitytaknyga.lt\/\",\"logo\":{\"@type\":\"ImageObject\",\"inLanguage\":\"en-GB\",\"@id\":\"https:\/\/skaitytaknyga.lt\/#\/schema\/logo\/image\/\",\"url\":\"https:\/\/skaitytaknyga.lt\/wp-content\/uploads\/2024\/05\/cropped-cropped-cropped-02_00843_jt3bggkj1j3HLc7SyY6rEUpg.jpeg\",\"contentUrl\":\"https:\/\/skaitytaknyga.lt\/wp-content\/uploads\/2024\/05\/cropped-cropped-cropped-02_00843_jt3bggkj1j3HLc7SyY6rEUpg.jpeg\",\"width\":1600,\"height\":1600,\"caption\":\"skaitytaknyga.lt\"},\"image\":{\"@id\":\"https:\/\/skaitytaknyga.lt\/#\/schema\/logo\/image\/\"},\"sameAs\":[\"https:\/\/www.facebook.com\/skaitytaknyga\/\"]}]}<\/script>\n<!-- \/ Yoast SEO plugin. -->","yoast_head_json":{"title":"Kam skambina varpai","description":"XX am\u017eiaus ketvirtojo de\u0161imtme\u010dio pabaiga, vyksta Ispanijos pilietinis karas. Amerikietis Robertas D\u017eordanas atvyksta \u012f frankist\u0173 u\u017efront\u0119 Ispanijos kalnuose. Jam skiriama u\u017eduotis susprogdinti strategin\u0117s reik\u0161m\u0117s tilt\u0105. Romano\u00a0\u201eKam skambina varpai\u201cveiksmas iki u\u017eduoties \u012fvykdymo apima vos kelias dienas, ta\u010diau jos vertos viso gyvenimo patir\u010di\u0173: suliepsnoja meil\u0117, persekioja i\u0161davyst\u0117s bei mirtis, neapleid\u017eia gyvenimo tro\u0161kulys.","robots":{"index":"index","follow":"follow","max-snippet":"max-snippet:-1","max-image-preview":"max-image-preview:large","max-video-preview":"max-video-preview:-1"},"canonical":"https:\/\/skaitytaknyga.lt\/en\/produktas\/kam-skambina-varpai\/","og_locale":"en_GB","og_type":"article","og_title":"[:lt]Kam skambina varpai[:] - Skaitytaknyga","og_description":"XX am\u017eiaus ketvirtojo de\u0161imtme\u010dio pabaiga, vyksta Ispanijos pilietinis karas. Amerikietis Robertas D\u017eordanas atvyksta \u012f frankist\u0173 u\u017efront\u0119 Ispanijos kalnuose. Jam skiriama u\u017eduotis susprogdinti strategin\u0117s reik\u0161m\u0117s tilt\u0105. Romano\u00a0\u201eKam skambina varpai\u201cveiksmas iki u\u017eduoties \u012fvykdymo apima vos kelias dienas, ta\u010diau jos vertos viso gyvenimo patir\u010di\u0173: suliepsnoja meil\u0117, persekioja i\u0161davyst\u0117s bei mirtis, neapleid\u017eia gyvenimo tro\u0161kulys.","og_url":"https:\/\/skaitytaknyga.lt\/en\/produktas\/kam-skambina-varpai\/","og_site_name":"Skaitytaknyga","article_publisher":"https:\/\/www.facebook.com\/skaitytaknyga\/","article_modified_time":"2026-01-07T07:15:12+00:00","og_image":[{"width":300,"height":477,"url":"https:\/\/skaitytaknyga.lt\/wp-content\/uploads\/2025\/12\/Kam-skambina-varpai.webp","type":"image\/webp"}],"twitter_card":"summary_large_image","twitter_misc":{"Estimated reading time":"1 minute"},"schema":{"@context":"https:\/\/schema.org","@graph":[{"@type":"WebPage","@id":"https:\/\/skaitytaknyga.lt\/produktas\/kam-skambina-varpai\/","url":"https:\/\/skaitytaknyga.lt\/produktas\/kam-skambina-varpai\/","name":"Kam skambina varpai","isPartOf":{"@id":"https:\/\/skaitytaknyga.lt\/#website"},"primaryImageOfPage":{"@id":"https:\/\/skaitytaknyga.lt\/produktas\/kam-skambina-varpai\/#primaryimage"},"image":{"@id":"https:\/\/skaitytaknyga.lt\/produktas\/kam-skambina-varpai\/#primaryimage"},"thumbnailUrl":"https:\/\/skaitytaknyga.lt\/wp-content\/uploads\/2025\/12\/Kam-skambina-varpai.webp","datePublished":"2025-12-15T19:05:58+00:00","dateModified":"2026-01-07T07:15:12+00:00","description":"XX am\u017eiaus ketvirtojo de\u0161imtme\u010dio pabaiga, vyksta Ispanijos pilietinis karas. Amerikietis Robertas D\u017eordanas atvyksta \u012f frankist\u0173 u\u017efront\u0119 Ispanijos kalnuose. Jam skiriama u\u017eduotis susprogdinti strategin\u0117s reik\u0161m\u0117s tilt\u0105. Romano\u00a0\u201eKam skambina varpai\u201cveiksmas iki u\u017eduoties \u012fvykdymo apima vos kelias dienas, ta\u010diau jos vertos viso gyvenimo patir\u010di\u0173: suliepsnoja meil\u0117, persekioja i\u0161davyst\u0117s bei mirtis, neapleid\u017eia gyvenimo tro\u0161kulys.","breadcrumb":{"@id":"https:\/\/skaitytaknyga.lt\/produktas\/kam-skambina-varpai\/#breadcrumb"},"inLanguage":"en-GB","potentialAction":[{"@type":"ReadAction","target":["https:\/\/skaitytaknyga.lt\/produktas\/kam-skambina-varpai\/"]}]},{"@type":"ImageObject","inLanguage":"en-GB","@id":"https:\/\/skaitytaknyga.lt\/produktas\/kam-skambina-varpai\/#primaryimage","url":"https:\/\/skaitytaknyga.lt\/wp-content\/uploads\/2025\/12\/Kam-skambina-varpai.webp","contentUrl":"https:\/\/skaitytaknyga.lt\/wp-content\/uploads\/2025\/12\/Kam-skambina-varpai.webp","width":300,"height":477,"caption":"Kam skambina varpai"},{"@type":"BreadcrumbList","@id":"https:\/\/skaitytaknyga.lt\/produktas\/kam-skambina-varpai\/#breadcrumb","itemListElement":[{"@type":"ListItem","position":1,"name":"Home","item":"https:\/\/skaitytaknyga.lt\/"},{"@type":"ListItem","position":2,"name":"Parduotuv\u0117","item":"https:\/\/skaitytaknyga.lt\/knygu-parduotuve\/"},{"@type":"ListItem","position":3,"name":"Kam skambina varpai"}]},{"@type":"WebSite","@id":"https:\/\/skaitytaknyga.lt\/#website","url":"https:\/\/skaitytaknyga.lt\/","name":"skaitytaknyga.lt","description":"Skaitytaknyga.lt \u2013 tai ma\u017eas \u0161eimos verslas, kuris prasid\u0117jo nuo meil\u0117s knygoms ir siekio i\u0161gelb\u0117ti knygas nuo likimo prie konteinerio. Kas vienam nereikalingas daiktas \u2013 kitam lobis, o mes esame tarpininkai, kurie padeda abiems tapti laimingesniems ???? \u017dinome kaip nelengva i\u0161gyventi ma\u017eiems verslams, tad nuo \u0161iol, \u010dia rasite ir kit\u0173, ma\u017e\u0173 \u0161eim\u0173 versl\u0173, rank\u0173 darbo, dovan\u0173 sau ir artimiesiems.","publisher":{"@id":"https:\/\/skaitytaknyga.lt\/#organization"},"potentialAction":[{"@type":"SearchAction","target":{"@type":"EntryPoint","urlTemplate":"https:\/\/skaitytaknyga.lt\/?s={search_term_string}"},"query-input":{"@type":"PropertyValueSpecification","valueRequired":true,"valueName":"search_term_string"}}],"inLanguage":"en-GB"},{"@type":"Organization","@id":"https:\/\/skaitytaknyga.lt\/#organization","name":"skaitytaknyga.lt","url":"https:\/\/skaitytaknyga.lt\/","logo":{"@type":"ImageObject","inLanguage":"en-GB","@id":"https:\/\/skaitytaknyga.lt\/#\/schema\/logo\/image\/","url":"https:\/\/skaitytaknyga.lt\/wp-content\/uploads\/2024\/05\/cropped-cropped-cropped-02_00843_jt3bggkj1j3HLc7SyY6rEUpg.jpeg","contentUrl":"https:\/\/skaitytaknyga.lt\/wp-content\/uploads\/2024\/05\/cropped-cropped-cropped-02_00843_jt3bggkj1j3HLc7SyY6rEUpg.jpeg","width":1600,"height":1600,"caption":"skaitytaknyga.lt"},"image":{"@id":"https:\/\/skaitytaknyga.lt\/#\/schema\/logo\/image\/"},"sameAs":["https:\/\/www.facebook.com\/skaitytaknyga\/"]}]}},"_links":{"self":[{"href":"https:\/\/skaitytaknyga.lt\/en\/wp-json\/wp\/v2\/product\/22238","targetHints":{"allow":["GET"]}}],"collection":[{"href":"https:\/\/skaitytaknyga.lt\/en\/wp-json\/wp\/v2\/product"}],"about":[{"href":"https:\/\/skaitytaknyga.lt\/en\/wp-json\/wp\/v2\/types\/product"}],"replies":[{"embeddable":true,"href":"https:\/\/skaitytaknyga.lt\/en\/wp-json\/wp\/v2\/comments?post=22238"}],"wp:featuredmedia":[{"embeddable":true,"href":"https:\/\/skaitytaknyga.lt\/en\/wp-json\/wp\/v2\/media\/22239"}],"wp:attachment":[{"href":"https:\/\/skaitytaknyga.lt\/en\/wp-json\/wp\/v2\/media?parent=22238"}],"wp:term":[{"taxonomy":"product_brand","embeddable":true,"href":"https:\/\/skaitytaknyga.lt\/en\/wp-json\/wp\/v2\/product_brand?post=22238"},{"taxonomy":"product_cat","embeddable":true,"href":"https:\/\/skaitytaknyga.lt\/en\/wp-json\/wp\/v2\/product_cat?post=22238"},{"taxonomy":"product_tag","embeddable":true,"href":"https:\/\/skaitytaknyga.lt\/en\/wp-json\/wp\/v2\/product_tag?post=22238"}],"curies":[{"name":"wp","href":"https:\/\/api.w.org\/{rel}","templated":true}]}}