{"id":22234,"date":"2025-12-15T18:59:33","date_gmt":"2025-12-15T16:59:33","guid":{"rendered":"https:\/\/skaitytaknyga.lt\/?post_type=product&#038;p=22234"},"modified":"2026-03-16T09:17:49","modified_gmt":"2026-03-16T07:17:49","slug":"uzzeles-kelias","status":"publish","type":"product","link":"https:\/\/skaitytaknyga.lt\/en\/produktas\/uzzeles-kelias\/","title":{"rendered":"U\u017e\u017e\u0117l\u0119s kelias"},"content":{"rendered":"<p>Tai romanas apie \u0161eim\u0105 ir susiskaldym\u0105, apie \u012ftr\u016bkius \u017emoni\u0173 \u0161irdyse bei pastangas juos u\u017epildyti.<\/p>\n<p>Roman\u0105 \u201eU\u017e\u017e\u0117l\u0119s kelias\u201c The Guardian \u012ftrauk\u0117 \u012f geriausi\u0173 am\u017eiaus knyg\u0173 \u0161imtuk\u0105, 2015-aisiais ji tapo geriausia Airijos met\u0173 knyga ir buvo \u012ftraukta \u012f Costa Novel apdovanojim\u0173 galutin\u012f s\u0105ra\u0161\u0105, o 2016-aisiais nominuota Baileys Women\u2018s Prize for Fiction.<\/p>\n<p>\u201eU\u017e\u017e\u0117l\u0119s kelias\u201c \u2013 tarptautiniu mastu pripa\u017eintos ra\u0161ytojos Anne Enright romanas, kurio veiksmas vyksta ma\u017eame Airijos miestelyje Atlanto pakrant\u0117je. Tai nepaprastai jaudinantis k\u016brinys apie \u017e\u016btb\u016btines \u0161eimos pastangas atgaivinti prarast\u0105 bendrum\u0105, sukurti naujus, kitokius nei ligi \u0161iol santykius. <\/p>\n<p>Rosalinos Madigan vaikai i\u0161vyksta i\u0161 Vakar\u0173 Airijos prad\u0117ti savaranki\u0161ko gyvenimo, vargiai \u012fsivaizduodami, kokia ateitis j\u0173 laukia Dubline, Niujorke ir Vakar\u0173 Afrikoje. J\u0173 nepakartojama, ta\u010diau sunkiai sukalbama motina art\u0117jant senatvei paskelbia nutarusi parduoti nam\u0105 ir padalinti gautas l\u0117\u0161as. Suaug\u0119 vaikai gr\u012f\u017eta paskutin\u0117ms Kal\u0117doms namuose nujausdami, kad j\u0173 vaikyst\u0117 i\u0161trinama, o asmenin\u0117 istorija i\u0161parduodama.<\/p>\n<p>\u0160vent\u0117 pama\u017eu virsta gana skausminga komedija, bet galiausiai \u017e\u016btb\u016btin\u0117s Rosalinos \u2013 moters, gerai n\u0117 nei\u0161maniusios, kaip myl\u0117ti savo vaikus, \u2013 pastangos priver\u010dia juos pajusti \u0161eimos ry\u0161i\u0173 svarb\u0105 ir parodo keli\u0105, kuriuo jie gr\u012f\u017eta namo.<\/p>\n<p>Anne Enright gim\u0117 Dubline, ten gyvena ir dirba. Yra i\u0161leidusi tris apsakym\u0173 rinkinius, negro\u017ein\u0117s literat\u016bros knyg\u0105, \u0161e\u0161is romanus. 2015 metais ji tapo pirm\u0105ja airi\u0173 gro\u017ein\u0117s literat\u016bros apdovanojimo laureate.<\/p>\n","protected":false},"excerpt":{"rendered":"<p>Tai romanas apie \u0161eim\u0105 ir susiskaldym\u0105, apie \u012ftr\u016bkius \u017emoni\u0173 \u0161irdyse bei pastangas juos u\u017epildyti. Roman\u0105 \u201eU\u017e\u017e\u0117l\u0119s kelias\u201c The Guardian \u012ftrauk\u0117 \u012f geriausi\u0173 am\u017eiaus knyg\u0173 \u0161imtuk\u0105, 2015-aisiais ji tapo geriausia Airijos met\u0173 knyga ir buvo \u012ftraukta \u012f Costa Novel apdovanojim\u0173 galutin\u012f s\u0105ra\u0161\u0105, o 2016-aisiais nominuota Baileys Women\u2018s Prize for Fiction. \u201eU\u017e\u017e\u0117l\u0119s kelias\u201c \u2013 tarptautiniu mastu pripa\u017eintos ra\u0161ytojos Anne Enright romanas, kurio veiksmas vyksta ma\u017eame Airijos miestelyje Atlanto pakrant\u0117je. Tai nepaprastai jaudinantis k\u016brinys apie \u017e\u016btb\u016btines \u0161eimos pastangas atgaivinti prarast\u0105 bendrum\u0105, sukurti naujus, kitokius nei ligi \u0161iol santykius. Rosalinos Madigan vaikai i\u0161vyksta i\u0161 Vakar\u0173 Airijos prad\u0117ti savaranki\u0161ko gyvenimo, vargiai \u012fsivaizduodami, kokia ateitis j\u0173 laukia Dubline, Niujorke ir Vakar\u0173 Afrikoje. J\u0173 nepakartojama, ta\u010diau sunkiai sukalbama motina art\u0117jant senatvei paskelbia nutarusi parduoti nam\u0105 ir padalinti gautas l\u0117\u0161as. Suaug\u0119 vaikai gr\u012f\u017eta paskutin\u0117ms Kal\u0117doms namuose nujausdami, kad j\u0173 vaikyst\u0117 i\u0161trinama, o asmenin\u0117 istorija i\u0161parduodama. \u0160vent\u0117 pama\u017eu virsta gana skausminga komedija, bet galiausiai \u017e\u016btb\u016btin\u0117s Rosalinos \u2013 moters, gerai n\u0117 nei\u0161maniusios, kaip myl\u0117ti savo vaikus, \u2013 pastangos priver\u010dia juos pajusti \u0161eimos ry\u0161i\u0173 svarb\u0105 ir parodo keli\u0105, kuriuo jie gr\u012f\u017eta namo. Anne Enright gim\u0117 Dubline, ten gyvena ir dirba. Yra i\u0161leidusi tris apsakym\u0173 rinkinius, negro\u017ein\u0117s literat\u016bros knyg\u0105, \u0161e\u0161is romanus. 2015 metais ji tapo pirm\u0105ja airi\u0173 gro\u017ein\u0117s literat\u016bros apdovanojimo laureate.<\/p>\n","protected":false},"featured_media":22242,"comment_status":"open","ping_status":"closed","template":"","meta":{"_acf_changed":false,"site-sidebar-layout":"default","site-content-layout":"","ast-site-content-layout":"default","site-content-style":"default","site-sidebar-style":"default","ast-global-header-display":"","ast-banner-title-visibility":"","ast-main-header-display":"","ast-hfb-above-header-display":"","ast-hfb-below-header-display":"","ast-hfb-mobile-header-display":"","site-post-title":"","ast-breadcrumbs-content":"","ast-featured-img":"","footer-sml-layout":"","ast-disable-related-posts":"","theme-transparent-header-meta":"","adv-header-id-meta":"","stick-header-meta":"","header-above-stick-meta":"","header-main-stick-meta":"","header-below-stick-meta":"","astra-migrate-meta-layouts":"default","ast-page-background-enabled":"default","ast-page-background-meta":{"desktop":{"background-color":"","background-image":"","background-repeat":"repeat","background-position":"center center","background-size":"auto","background-attachment":"scroll","background-type":"","background-media":"","overlay-type":"","overlay-color":"","overlay-opacity":"","overlay-gradient":""},"tablet":{"background-color":"","background-image":"","background-repeat":"repeat","background-position":"center center","background-size":"auto","background-attachment":"scroll","background-type":"","background-media":"","overlay-type":"","overlay-color":"","overlay-opacity":"","overlay-gradient":""},"mobile":{"background-color":"","background-image":"","background-repeat":"repeat","background-position":"center center","background-size":"auto","background-attachment":"scroll","background-type":"","background-media":"","overlay-type":"","overlay-color":"","overlay-opacity":"","overlay-gradient":""}},"ast-content-background-meta":{"desktop":{"background-color":"var(--ast-global-color-4)","background-image":"","background-repeat":"repeat","background-position":"center center","background-size":"auto","background-attachment":"scroll","background-type":"","background-media":"","overlay-type":"","overlay-color":"","overlay-opacity":"","overlay-gradient":""},"tablet":{"background-color":"var(--ast-global-color-4)","background-image":"","background-repeat":"repeat","background-position":"center center","background-size":"auto","background-attachment":"scroll","background-type":"","background-media":"","overlay-type":"","overlay-color":"","overlay-opacity":"","overlay-gradient":""},"mobile":{"background-color":"var(--ast-global-color-4)","background-image":"","background-repeat":"repeat","background-position":"center center","background-size":"auto","background-attachment":"scroll","background-type":"","background-media":"","overlay-type":"","overlay-color":"","overlay-opacity":"","overlay-gradient":""}}},"product_brand":[],"product_cat":[9734],"product_tag":[],"class_list":{"0":"post-22234","1":"product","2":"type-product","3":"status-publish","4":"has-post-thumbnail","6":"product_cat-romanai","7":"desktop-align-left","8":"tablet-align-left","9":"mobile-align-left","11":"first","12":"instock","13":"shipping-taxable","14":"purchasable","15":"product-type-simple"},"acf":[],"yoast_head":"<!-- This site is optimized with the Yoast SEO plugin v27.0 - https:\/\/yoast.com\/product\/yoast-seo-wordpress\/ -->\n<title>U\u017e\u017e\u0117l\u0119s kelias<\/title>\n<meta name=\"description\" content=\"Tai romanas apie \u0161eim\u0105 ir susiskaldym\u0105, apie \u012ftr\u016bkius \u017emoni\u0173 \u0161irdyse bei pastangas juos u\u017epildyti. Roman\u0105 \u201eU\u017e\u017e\u0117l\u0119s kelias\u201c The Guardian \u012ftrauk\u0117 \u012f\" \/>\n<meta name=\"robots\" content=\"index, follow, max-snippet:-1, max-image-preview:large, max-video-preview:-1\" \/>\n<link rel=\"canonical\" href=\"https:\/\/skaitytaknyga.lt\/en\/produktas\/uzzeles-kelias\/\" \/>\n<meta property=\"og:locale\" content=\"en_GB\" \/>\n<meta property=\"og:locale:alternate\" content=\"lt_LT\" \/>\n<meta property=\"og:type\" content=\"article\" \/>\n<meta property=\"og:title\" content=\"U\u017e\u017e\u0117l\u0119s kelias\" \/>\n<meta property=\"og:description\" content=\"Tai romanas apie \u0161eim\u0105 ir susiskaldym\u0105, apie \u012ftr\u016bkius \u017emoni\u0173 \u0161irdyse bei pastangas juos u\u017epildyti. Roman\u0105 \u201eU\u017e\u017e\u0117l\u0119s kelias\u201c The Guardian \u012ftrauk\u0117 \u012f\" \/>\n<meta property=\"og:url\" content=\"https:\/\/skaitytaknyga.lt\/en\/produktas\/uzzeles-kelias\/\" \/>\n<meta property=\"og:site_name\" content=\"Skaitytaknyga\" \/>\n<meta property=\"article:publisher\" content=\"https:\/\/www.facebook.com\/skaitytaknyga\/\" \/>\n<meta property=\"article:modified_time\" content=\"2026-03-16T07:17:49+00:00\" \/>\n<meta property=\"og:image\" content=\"https:\/\/skaitytaknyga.lt\/wp-content\/uploads\/2025\/12\/Uzzeles-kelias-1.webp\" \/>\n\t<meta property=\"og:image:width\" content=\"300\" \/>\n\t<meta property=\"og:image:height\" content=\"447\" \/>\n\t<meta property=\"og:image:type\" content=\"image\/webp\" \/>\n<meta name=\"twitter:card\" content=\"summary_large_image\" \/>\n<meta name=\"twitter:label1\" content=\"Estimated reading time\" \/>\n\t<meta name=\"twitter:data1\" content=\"1 minute\" \/>\n<script type=\"application\/ld+json\" class=\"yoast-schema-graph\">{\"@context\":\"https:\/\/schema.org\",\"@graph\":[{\"@type\":\"WebPage\",\"@id\":\"https:\/\/skaitytaknyga.lt\/produktas\/uzzeles-kelias\/\",\"url\":\"https:\/\/skaitytaknyga.lt\/produktas\/uzzeles-kelias\/\",\"name\":\"U\u017e\u017e\u0117l\u0119s kelias\",\"isPartOf\":{\"@id\":\"https:\/\/skaitytaknyga.lt\/#website\"},\"primaryImageOfPage\":{\"@id\":\"https:\/\/skaitytaknyga.lt\/produktas\/uzzeles-kelias\/#primaryimage\"},\"image\":{\"@id\":\"https:\/\/skaitytaknyga.lt\/produktas\/uzzeles-kelias\/#primaryimage\"},\"thumbnailUrl\":\"https:\/\/skaitytaknyga.lt\/wp-content\/uploads\/2025\/12\/Uzzeles-kelias-1.webp\",\"datePublished\":\"2025-12-15T16:59:33+00:00\",\"dateModified\":\"2026-03-16T07:17:49+00:00\",\"description\":\"Tai romanas apie \u0161eim\u0105 ir susiskaldym\u0105, apie \u012ftr\u016bkius \u017emoni\u0173 \u0161irdyse bei pastangas juos u\u017epildyti. Roman\u0105 \u201eU\u017e\u017e\u0117l\u0119s kelias\u201c The Guardian \u012ftrauk\u0117 \u012f\",\"breadcrumb\":{\"@id\":\"https:\/\/skaitytaknyga.lt\/produktas\/uzzeles-kelias\/#breadcrumb\"},\"inLanguage\":\"en-GB\",\"potentialAction\":[{\"@type\":\"ReadAction\",\"target\":[\"https:\/\/skaitytaknyga.lt\/produktas\/uzzeles-kelias\/\"]}]},{\"@type\":\"ImageObject\",\"inLanguage\":\"en-GB\",\"@id\":\"https:\/\/skaitytaknyga.lt\/produktas\/uzzeles-kelias\/#primaryimage\",\"url\":\"https:\/\/skaitytaknyga.lt\/wp-content\/uploads\/2025\/12\/Uzzeles-kelias-1.webp\",\"contentUrl\":\"https:\/\/skaitytaknyga.lt\/wp-content\/uploads\/2025\/12\/Uzzeles-kelias-1.webp\",\"width\":300,\"height\":447},{\"@type\":\"BreadcrumbList\",\"@id\":\"https:\/\/skaitytaknyga.lt\/produktas\/uzzeles-kelias\/#breadcrumb\",\"itemListElement\":[{\"@type\":\"ListItem\",\"position\":1,\"name\":\"Home\",\"item\":\"https:\/\/skaitytaknyga.lt\/\"},{\"@type\":\"ListItem\",\"position\":2,\"name\":\"Parduotuv\u0117\",\"item\":\"https:\/\/skaitytaknyga.lt\/knygu-parduotuve\/\"},{\"@type\":\"ListItem\",\"position\":3,\"name\":\"U\u017e\u017e\u0117l\u0119s kelias\"}]},{\"@type\":\"WebSite\",\"@id\":\"https:\/\/skaitytaknyga.lt\/#website\",\"url\":\"https:\/\/skaitytaknyga.lt\/\",\"name\":\"skaitytaknyga.lt\",\"description\":\"Skaitytaknyga.lt \u2013 tai ma\u017eas \u0161eimos verslas, kuris prasid\u0117jo nuo meil\u0117s knygoms ir siekio i\u0161gelb\u0117ti knygas nuo likimo prie konteinerio. Kas vienam nereikalingas daiktas \u2013 kitam lobis, o mes esame tarpininkai, kurie padeda abiems tapti laimingesniems ???? \u017dinome kaip nelengva i\u0161gyventi ma\u017eiems verslams, tad nuo \u0161iol, \u010dia rasite ir kit\u0173, ma\u017e\u0173 \u0161eim\u0173 versl\u0173, rank\u0173 darbo, dovan\u0173 sau ir artimiesiems.\",\"publisher\":{\"@id\":\"https:\/\/skaitytaknyga.lt\/#organization\"},\"potentialAction\":[{\"@type\":\"SearchAction\",\"target\":{\"@type\":\"EntryPoint\",\"urlTemplate\":\"https:\/\/skaitytaknyga.lt\/?s={search_term_string}\"},\"query-input\":{\"@type\":\"PropertyValueSpecification\",\"valueRequired\":true,\"valueName\":\"search_term_string\"}}],\"inLanguage\":\"en-GB\"},{\"@type\":\"Organization\",\"@id\":\"https:\/\/skaitytaknyga.lt\/#organization\",\"name\":\"skaitytaknyga.lt\",\"url\":\"https:\/\/skaitytaknyga.lt\/\",\"logo\":{\"@type\":\"ImageObject\",\"inLanguage\":\"en-GB\",\"@id\":\"https:\/\/skaitytaknyga.lt\/#\/schema\/logo\/image\/\",\"url\":\"https:\/\/skaitytaknyga.lt\/wp-content\/uploads\/2024\/05\/cropped-cropped-cropped-02_00843_jt3bggkj1j3HLc7SyY6rEUpg.jpeg\",\"contentUrl\":\"https:\/\/skaitytaknyga.lt\/wp-content\/uploads\/2024\/05\/cropped-cropped-cropped-02_00843_jt3bggkj1j3HLc7SyY6rEUpg.jpeg\",\"width\":1600,\"height\":1600,\"caption\":\"skaitytaknyga.lt\"},\"image\":{\"@id\":\"https:\/\/skaitytaknyga.lt\/#\/schema\/logo\/image\/\"},\"sameAs\":[\"https:\/\/www.facebook.com\/skaitytaknyga\/\"]}]}<\/script>\n<!-- \/ Yoast SEO plugin. -->","yoast_head_json":{"title":"U\u017e\u017e\u0117l\u0119s kelias","description":"Tai romanas apie \u0161eim\u0105 ir susiskaldym\u0105, apie \u012ftr\u016bkius \u017emoni\u0173 \u0161irdyse bei pastangas juos u\u017epildyti. Roman\u0105 \u201eU\u017e\u017e\u0117l\u0119s kelias\u201c The Guardian \u012ftrauk\u0117 \u012f","robots":{"index":"index","follow":"follow","max-snippet":"max-snippet:-1","max-image-preview":"max-image-preview:large","max-video-preview":"max-video-preview:-1"},"canonical":"https:\/\/skaitytaknyga.lt\/en\/produktas\/uzzeles-kelias\/","og_locale":"en_GB","og_type":"article","og_title":"[:lt]U\u017e\u017e\u0117l\u0119s kelias[:] - Skaitytaknyga","og_description":"Tai romanas apie \u0161eim\u0105 ir susiskaldym\u0105, apie \u012ftr\u016bkius \u017emoni\u0173 \u0161irdyse bei pastangas juos u\u017epildyti. Roman\u0105 \u201eU\u017e\u017e\u0117l\u0119s kelias\u201c The Guardian \u012ftrauk\u0117 \u012f","og_url":"https:\/\/skaitytaknyga.lt\/en\/produktas\/uzzeles-kelias\/","og_site_name":"Skaitytaknyga","article_publisher":"https:\/\/www.facebook.com\/skaitytaknyga\/","article_modified_time":"2026-03-16T07:17:49+00:00","og_image":[{"width":300,"height":447,"url":"https:\/\/skaitytaknyga.lt\/wp-content\/uploads\/2025\/12\/Uzzeles-kelias-1.webp","type":"image\/webp"}],"twitter_card":"summary_large_image","twitter_misc":{"Estimated reading time":"1 minute"},"schema":{"@context":"https:\/\/schema.org","@graph":[{"@type":"WebPage","@id":"https:\/\/skaitytaknyga.lt\/produktas\/uzzeles-kelias\/","url":"https:\/\/skaitytaknyga.lt\/produktas\/uzzeles-kelias\/","name":"U\u017e\u017e\u0117l\u0119s kelias","isPartOf":{"@id":"https:\/\/skaitytaknyga.lt\/#website"},"primaryImageOfPage":{"@id":"https:\/\/skaitytaknyga.lt\/produktas\/uzzeles-kelias\/#primaryimage"},"image":{"@id":"https:\/\/skaitytaknyga.lt\/produktas\/uzzeles-kelias\/#primaryimage"},"thumbnailUrl":"https:\/\/skaitytaknyga.lt\/wp-content\/uploads\/2025\/12\/Uzzeles-kelias-1.webp","datePublished":"2025-12-15T16:59:33+00:00","dateModified":"2026-03-16T07:17:49+00:00","description":"Tai romanas apie \u0161eim\u0105 ir susiskaldym\u0105, apie \u012ftr\u016bkius \u017emoni\u0173 \u0161irdyse bei pastangas juos u\u017epildyti. Roman\u0105 \u201eU\u017e\u017e\u0117l\u0119s kelias\u201c The Guardian \u012ftrauk\u0117 \u012f","breadcrumb":{"@id":"https:\/\/skaitytaknyga.lt\/produktas\/uzzeles-kelias\/#breadcrumb"},"inLanguage":"en-GB","potentialAction":[{"@type":"ReadAction","target":["https:\/\/skaitytaknyga.lt\/produktas\/uzzeles-kelias\/"]}]},{"@type":"ImageObject","inLanguage":"en-GB","@id":"https:\/\/skaitytaknyga.lt\/produktas\/uzzeles-kelias\/#primaryimage","url":"https:\/\/skaitytaknyga.lt\/wp-content\/uploads\/2025\/12\/Uzzeles-kelias-1.webp","contentUrl":"https:\/\/skaitytaknyga.lt\/wp-content\/uploads\/2025\/12\/Uzzeles-kelias-1.webp","width":300,"height":447},{"@type":"BreadcrumbList","@id":"https:\/\/skaitytaknyga.lt\/produktas\/uzzeles-kelias\/#breadcrumb","itemListElement":[{"@type":"ListItem","position":1,"name":"Home","item":"https:\/\/skaitytaknyga.lt\/"},{"@type":"ListItem","position":2,"name":"Parduotuv\u0117","item":"https:\/\/skaitytaknyga.lt\/knygu-parduotuve\/"},{"@type":"ListItem","position":3,"name":"U\u017e\u017e\u0117l\u0119s kelias"}]},{"@type":"WebSite","@id":"https:\/\/skaitytaknyga.lt\/#website","url":"https:\/\/skaitytaknyga.lt\/","name":"skaitytaknyga.lt","description":"Skaitytaknyga.lt \u2013 tai ma\u017eas \u0161eimos verslas, kuris prasid\u0117jo nuo meil\u0117s knygoms ir siekio i\u0161gelb\u0117ti knygas nuo likimo prie konteinerio. Kas vienam nereikalingas daiktas \u2013 kitam lobis, o mes esame tarpininkai, kurie padeda abiems tapti laimingesniems ???? \u017dinome kaip nelengva i\u0161gyventi ma\u017eiems verslams, tad nuo \u0161iol, \u010dia rasite ir kit\u0173, ma\u017e\u0173 \u0161eim\u0173 versl\u0173, rank\u0173 darbo, dovan\u0173 sau ir artimiesiems.","publisher":{"@id":"https:\/\/skaitytaknyga.lt\/#organization"},"potentialAction":[{"@type":"SearchAction","target":{"@type":"EntryPoint","urlTemplate":"https:\/\/skaitytaknyga.lt\/?s={search_term_string}"},"query-input":{"@type":"PropertyValueSpecification","valueRequired":true,"valueName":"search_term_string"}}],"inLanguage":"en-GB"},{"@type":"Organization","@id":"https:\/\/skaitytaknyga.lt\/#organization","name":"skaitytaknyga.lt","url":"https:\/\/skaitytaknyga.lt\/","logo":{"@type":"ImageObject","inLanguage":"en-GB","@id":"https:\/\/skaitytaknyga.lt\/#\/schema\/logo\/image\/","url":"https:\/\/skaitytaknyga.lt\/wp-content\/uploads\/2024\/05\/cropped-cropped-cropped-02_00843_jt3bggkj1j3HLc7SyY6rEUpg.jpeg","contentUrl":"https:\/\/skaitytaknyga.lt\/wp-content\/uploads\/2024\/05\/cropped-cropped-cropped-02_00843_jt3bggkj1j3HLc7SyY6rEUpg.jpeg","width":1600,"height":1600,"caption":"skaitytaknyga.lt"},"image":{"@id":"https:\/\/skaitytaknyga.lt\/#\/schema\/logo\/image\/"},"sameAs":["https:\/\/www.facebook.com\/skaitytaknyga\/"]}]}},"_links":{"self":[{"href":"https:\/\/skaitytaknyga.lt\/en\/wp-json\/wp\/v2\/product\/22234","targetHints":{"allow":["GET"]}}],"collection":[{"href":"https:\/\/skaitytaknyga.lt\/en\/wp-json\/wp\/v2\/product"}],"about":[{"href":"https:\/\/skaitytaknyga.lt\/en\/wp-json\/wp\/v2\/types\/product"}],"replies":[{"embeddable":true,"href":"https:\/\/skaitytaknyga.lt\/en\/wp-json\/wp\/v2\/comments?post=22234"}],"wp:featuredmedia":[{"embeddable":true,"href":"https:\/\/skaitytaknyga.lt\/en\/wp-json\/wp\/v2\/media\/22242"}],"wp:attachment":[{"href":"https:\/\/skaitytaknyga.lt\/en\/wp-json\/wp\/v2\/media?parent=22234"}],"wp:term":[{"taxonomy":"product_brand","embeddable":true,"href":"https:\/\/skaitytaknyga.lt\/en\/wp-json\/wp\/v2\/product_brand?post=22234"},{"taxonomy":"product_cat","embeddable":true,"href":"https:\/\/skaitytaknyga.lt\/en\/wp-json\/wp\/v2\/product_cat?post=22234"},{"taxonomy":"product_tag","embeddable":true,"href":"https:\/\/skaitytaknyga.lt\/en\/wp-json\/wp\/v2\/product_tag?post=22234"}],"curies":[{"name":"wp","href":"https:\/\/api.w.org\/{rel}","templated":true}]}}