{"id":22233,"date":"2025-12-15T18:59:33","date_gmt":"2025-12-15T16:59:33","guid":{"rendered":"https:\/\/skaitytaknyga.lt\/?post_type=product&#038;p=22233"},"modified":"2025-12-15T21:29:59","modified_gmt":"2025-12-15T19:29:59","slug":"lt-13","status":"publish","type":"product","link":"https:\/\/skaitytaknyga.lt\/en\/produktas\/lt-13\/","title":{"rendered":"Lik\u0119 gyvi"},"content":{"rendered":"<p>Vienuolika maskvie\u010di\u0173 \u2013 a\u0161tuoni suaugusieji ir trys vaikai. Jie n\u0117 u\u017e k\u0105 neb\u016bt\u0173 sutik\u0119 atsidurti vienoje draugijoje. Ta\u010diau miest\u0105 ir vis\u0105 \u0161al\u012f ap\u0117musi epidemija juos privert\u0117 drauge \u012fveikti mirtinai pavojing\u0105 kelion\u0119 per vis\u0105 Rusij\u0105 \u2013 iki pat Karelijos. Pasiekusi nuo likusio pasaulio atskirt\u0105 sal\u0105 Vongo e\u017eere, \u0161i likimo negailestingai suvesta grupel\u0117 \u017emoni\u0173 m\u0117gins i\u0161gyventi.<\/p>\n<p>\u012eprasto pasaulio neb\u0117ra, jis susitrauk\u0117 iki artimiausio namo sien\u0173. Kas ten \u2013 gyvi ar mir\u0119, draugai ar prie\u0161ai? \u017dmogus \u017emogui \u2013 gelb\u0117tojas ar \u017ev\u0117ris? U\u017edaroje erdv\u0117je visi poj\u016b\u010diai paa\u0161tr\u0117ja, emocijos pasiekia rib\u0105. Ar \u010dia dar liko vietos meilei, \u0161velnumui, \u017emogi\u0161kumui?<\/p>\n","protected":false},"excerpt":{"rendered":"<p>Vienuolika maskvie\u010di\u0173 \u2013 a\u0161tuoni suaugusieji ir trys vaikai. Jie n\u0117 u\u017e k\u0105 neb\u016bt\u0173 sutik\u0119 atsidurti vienoje draugijoje. Ta\u010diau miest\u0105 ir vis\u0105 \u0161al\u012f ap\u0117musi epidemija juos privert\u0117 drauge \u012fveikti mirtinai pavojing\u0105 kelion\u0119 per vis\u0105 Rusij\u0105 \u2013 iki pat Karelijos. Pasiekusi nuo likusio pasaulio atskirt\u0105 sal\u0105 Vongo e\u017eere, \u0161i likimo negailestingai suvesta grupel\u0117 \u017emoni\u0173 m\u0117gins i\u0161gyventi. \u012eprasto pasaulio neb\u0117ra, jis susitrauk\u0117 iki artimiausio namo sien\u0173. Kas ten \u2013 gyvi ar mir\u0119, draugai ar prie\u0161ai? \u017dmogus \u017emogui \u2013 gelb\u0117tojas ar \u017ev\u0117ris? U\u017edaroje erdv\u0117je visi poj\u016b\u010diai paa\u0161tr\u0117ja, emocijos pasiekia rib\u0105. Ar \u010dia dar liko vietos meilei, \u0161velnumui, \u017emogi\u0161kumui?<\/p>\n","protected":false},"featured_media":22241,"comment_status":"open","ping_status":"closed","template":"","meta":{"_acf_changed":false,"site-sidebar-layout":"default","site-content-layout":"","ast-site-content-layout":"default","site-content-style":"default","site-sidebar-style":"default","ast-global-header-display":"","ast-banner-title-visibility":"","ast-main-header-display":"","ast-hfb-above-header-display":"","ast-hfb-below-header-display":"","ast-hfb-mobile-header-display":"","site-post-title":"","ast-breadcrumbs-content":"","ast-featured-img":"","footer-sml-layout":"","ast-disable-related-posts":"","theme-transparent-header-meta":"","adv-header-id-meta":"","stick-header-meta":"","header-above-stick-meta":"","header-main-stick-meta":"","header-below-stick-meta":"","astra-migrate-meta-layouts":"default","ast-page-background-enabled":"default","ast-page-background-meta":{"desktop":{"background-color":"","background-image":"","background-repeat":"repeat","background-position":"center center","background-size":"auto","background-attachment":"scroll","background-type":"","background-media":"","overlay-type":"","overlay-color":"","overlay-opacity":"","overlay-gradient":""},"tablet":{"background-color":"","background-image":"","background-repeat":"repeat","background-position":"center center","background-size":"auto","background-attachment":"scroll","background-type":"","background-media":"","overlay-type":"","overlay-color":"","overlay-opacity":"","overlay-gradient":""},"mobile":{"background-color":"","background-image":"","background-repeat":"repeat","background-position":"center center","background-size":"auto","background-attachment":"scroll","background-type":"","background-media":"","overlay-type":"","overlay-color":"","overlay-opacity":"","overlay-gradient":""}},"ast-content-background-meta":{"desktop":{"background-color":"var(--ast-global-color-4)","background-image":"","background-repeat":"repeat","background-position":"center center","background-size":"auto","background-attachment":"scroll","background-type":"","background-media":"","overlay-type":"","overlay-color":"","overlay-opacity":"","overlay-gradient":""},"tablet":{"background-color":"var(--ast-global-color-4)","background-image":"","background-repeat":"repeat","background-position":"center center","background-size":"auto","background-attachment":"scroll","background-type":"","background-media":"","overlay-type":"","overlay-color":"","overlay-opacity":"","overlay-gradient":""},"mobile":{"background-color":"var(--ast-global-color-4)","background-image":"","background-repeat":"repeat","background-position":"center center","background-size":"auto","background-attachment":"scroll","background-type":"","background-media":"","overlay-type":"","overlay-color":"","overlay-opacity":"","overlay-gradient":""}}},"product_brand":[],"product_cat":[31],"product_tag":[],"class_list":{"0":"post-22233","1":"product","2":"type-product","3":"status-publish","4":"has-post-thumbnail","6":"product_cat-grozine-literatura","7":"desktop-align-left","8":"tablet-align-left","9":"mobile-align-left","11":"first","12":"instock","13":"shipping-taxable","14":"purchasable","15":"product-type-simple"},"acf":[],"yoast_head":"<!-- This site is optimized with the Yoast SEO plugin v27.0 - https:\/\/yoast.com\/product\/yoast-seo-wordpress\/ -->\n<title>Lik\u0119 gyvi<\/title>\n<meta name=\"description\" content=\"Vienuolika maskvie\u010di\u0173 \u2013 a\u0161tuoni suaugusieji ir trys vaikai. Jie n\u0117 u\u017e k\u0105 neb\u016bt\u0173 sutik\u0119 atsidurti vienoje draugijoje. Ta\u010diau miest\u0105 ir vis\u0105 \u0161al\u012f ap\u0117musi\" \/>\n<meta name=\"robots\" content=\"index, follow, max-snippet:-1, max-image-preview:large, max-video-preview:-1\" \/>\n<link rel=\"canonical\" href=\"https:\/\/skaitytaknyga.lt\/en\/produktas\/lt-13\/\" \/>\n<meta property=\"og:locale\" content=\"en_GB\" \/>\n<meta property=\"og:locale:alternate\" content=\"lt_LT\" \/>\n<meta property=\"og:type\" content=\"article\" \/>\n<meta property=\"og:title\" content=\"Lik\u0119 gyvi\" \/>\n<meta property=\"og:description\" content=\"Vienuolika maskvie\u010di\u0173 \u2013 a\u0161tuoni suaugusieji ir trys vaikai. Jie n\u0117 u\u017e k\u0105 neb\u016bt\u0173 sutik\u0119 atsidurti vienoje draugijoje. Ta\u010diau miest\u0105 ir vis\u0105 \u0161al\u012f ap\u0117musi\" \/>\n<meta property=\"og:url\" content=\"https:\/\/skaitytaknyga.lt\/en\/produktas\/lt-13\/\" \/>\n<meta property=\"og:site_name\" content=\"Skaitytaknyga\" \/>\n<meta property=\"article:publisher\" content=\"https:\/\/www.facebook.com\/skaitytaknyga\/\" \/>\n<meta property=\"article:modified_time\" content=\"2025-12-15T19:29:59+00:00\" \/>\n<meta property=\"og:image\" content=\"https:\/\/skaitytaknyga.lt\/wp-content\/uploads\/2025\/12\/Like-gyvi-1.webp\" \/>\n\t<meta property=\"og:image:width\" content=\"300\" \/>\n\t<meta property=\"og:image:height\" content=\"492\" \/>\n\t<meta property=\"og:image:type\" content=\"image\/webp\" \/>\n<meta name=\"twitter:card\" content=\"summary_large_image\" \/>\n<meta name=\"twitter:label1\" content=\"Estimated reading time\" \/>\n\t<meta name=\"twitter:data1\" content=\"1 minute\" \/>\n<script type=\"application\/ld+json\" class=\"yoast-schema-graph\">{\"@context\":\"https:\/\/schema.org\",\"@graph\":[{\"@type\":\"WebPage\",\"@id\":\"https:\/\/skaitytaknyga.lt\/produktas\/lt-13\/\",\"url\":\"https:\/\/skaitytaknyga.lt\/produktas\/lt-13\/\",\"name\":\"Lik\u0119 gyvi\",\"isPartOf\":{\"@id\":\"https:\/\/skaitytaknyga.lt\/#website\"},\"primaryImageOfPage\":{\"@id\":\"https:\/\/skaitytaknyga.lt\/produktas\/lt-13\/#primaryimage\"},\"image\":{\"@id\":\"https:\/\/skaitytaknyga.lt\/produktas\/lt-13\/#primaryimage\"},\"thumbnailUrl\":\"https:\/\/skaitytaknyga.lt\/wp-content\/uploads\/2025\/12\/Like-gyvi-1.webp\",\"datePublished\":\"2025-12-15T16:59:33+00:00\",\"dateModified\":\"2025-12-15T19:29:59+00:00\",\"description\":\"Vienuolika maskvie\u010di\u0173 \u2013 a\u0161tuoni suaugusieji ir trys vaikai. Jie n\u0117 u\u017e k\u0105 neb\u016bt\u0173 sutik\u0119 atsidurti vienoje draugijoje. Ta\u010diau miest\u0105 ir vis\u0105 \u0161al\u012f ap\u0117musi\",\"breadcrumb\":{\"@id\":\"https:\/\/skaitytaknyga.lt\/produktas\/lt-13\/#breadcrumb\"},\"inLanguage\":\"en-GB\",\"potentialAction\":[{\"@type\":\"ReadAction\",\"target\":[\"https:\/\/skaitytaknyga.lt\/produktas\/lt-13\/\"]}]},{\"@type\":\"ImageObject\",\"inLanguage\":\"en-GB\",\"@id\":\"https:\/\/skaitytaknyga.lt\/produktas\/lt-13\/#primaryimage\",\"url\":\"https:\/\/skaitytaknyga.lt\/wp-content\/uploads\/2025\/12\/Like-gyvi-1.webp\",\"contentUrl\":\"https:\/\/skaitytaknyga.lt\/wp-content\/uploads\/2025\/12\/Like-gyvi-1.webp\",\"width\":300,\"height\":492,\"caption\":\"Lik\u0119 gyvi (1)\"},{\"@type\":\"BreadcrumbList\",\"@id\":\"https:\/\/skaitytaknyga.lt\/produktas\/lt-13\/#breadcrumb\",\"itemListElement\":[{\"@type\":\"ListItem\",\"position\":1,\"name\":\"Home\",\"item\":\"https:\/\/skaitytaknyga.lt\/\"},{\"@type\":\"ListItem\",\"position\":2,\"name\":\"Parduotuv\u0117\",\"item\":\"https:\/\/skaitytaknyga.lt\/knygu-parduotuve\/\"},{\"@type\":\"ListItem\",\"position\":3,\"name\":\"Lik\u0119 gyvi\"}]},{\"@type\":\"WebSite\",\"@id\":\"https:\/\/skaitytaknyga.lt\/#website\",\"url\":\"https:\/\/skaitytaknyga.lt\/\",\"name\":\"skaitytaknyga.lt\",\"description\":\"Skaitytaknyga.lt \u2013 tai ma\u017eas \u0161eimos verslas, kuris prasid\u0117jo nuo meil\u0117s knygoms ir siekio i\u0161gelb\u0117ti knygas nuo likimo prie konteinerio. Kas vienam nereikalingas daiktas \u2013 kitam lobis, o mes esame tarpininkai, kurie padeda abiems tapti laimingesniems ???? \u017dinome kaip nelengva i\u0161gyventi ma\u017eiems verslams, tad nuo \u0161iol, \u010dia rasite ir kit\u0173, ma\u017e\u0173 \u0161eim\u0173 versl\u0173, rank\u0173 darbo, dovan\u0173 sau ir artimiesiems.\",\"publisher\":{\"@id\":\"https:\/\/skaitytaknyga.lt\/#organization\"},\"potentialAction\":[{\"@type\":\"SearchAction\",\"target\":{\"@type\":\"EntryPoint\",\"urlTemplate\":\"https:\/\/skaitytaknyga.lt\/?s={search_term_string}\"},\"query-input\":{\"@type\":\"PropertyValueSpecification\",\"valueRequired\":true,\"valueName\":\"search_term_string\"}}],\"inLanguage\":\"en-GB\"},{\"@type\":\"Organization\",\"@id\":\"https:\/\/skaitytaknyga.lt\/#organization\",\"name\":\"skaitytaknyga.lt\",\"url\":\"https:\/\/skaitytaknyga.lt\/\",\"logo\":{\"@type\":\"ImageObject\",\"inLanguage\":\"en-GB\",\"@id\":\"https:\/\/skaitytaknyga.lt\/#\/schema\/logo\/image\/\",\"url\":\"https:\/\/skaitytaknyga.lt\/wp-content\/uploads\/2024\/05\/cropped-cropped-cropped-02_00843_jt3bggkj1j3HLc7SyY6rEUpg.jpeg\",\"contentUrl\":\"https:\/\/skaitytaknyga.lt\/wp-content\/uploads\/2024\/05\/cropped-cropped-cropped-02_00843_jt3bggkj1j3HLc7SyY6rEUpg.jpeg\",\"width\":1600,\"height\":1600,\"caption\":\"skaitytaknyga.lt\"},\"image\":{\"@id\":\"https:\/\/skaitytaknyga.lt\/#\/schema\/logo\/image\/\"},\"sameAs\":[\"https:\/\/www.facebook.com\/skaitytaknyga\/\"]}]}<\/script>\n<!-- \/ Yoast SEO plugin. -->","yoast_head_json":{"title":"Lik\u0119 gyvi","description":"Vienuolika maskvie\u010di\u0173 \u2013 a\u0161tuoni suaugusieji ir trys vaikai. Jie n\u0117 u\u017e k\u0105 neb\u016bt\u0173 sutik\u0119 atsidurti vienoje draugijoje. Ta\u010diau miest\u0105 ir vis\u0105 \u0161al\u012f ap\u0117musi","robots":{"index":"index","follow":"follow","max-snippet":"max-snippet:-1","max-image-preview":"max-image-preview:large","max-video-preview":"max-video-preview:-1"},"canonical":"https:\/\/skaitytaknyga.lt\/en\/produktas\/lt-13\/","og_locale":"en_GB","og_type":"article","og_title":"[:lt]Lik\u0119 gyvi[:] - Skaitytaknyga","og_description":"Vienuolika maskvie\u010di\u0173 \u2013 a\u0161tuoni suaugusieji ir trys vaikai. Jie n\u0117 u\u017e k\u0105 neb\u016bt\u0173 sutik\u0119 atsidurti vienoje draugijoje. Ta\u010diau miest\u0105 ir vis\u0105 \u0161al\u012f ap\u0117musi","og_url":"https:\/\/skaitytaknyga.lt\/en\/produktas\/lt-13\/","og_site_name":"Skaitytaknyga","article_publisher":"https:\/\/www.facebook.com\/skaitytaknyga\/","article_modified_time":"2025-12-15T19:29:59+00:00","og_image":[{"width":300,"height":492,"url":"https:\/\/skaitytaknyga.lt\/wp-content\/uploads\/2025\/12\/Like-gyvi-1.webp","type":"image\/webp"}],"twitter_card":"summary_large_image","twitter_misc":{"Estimated reading time":"1 minute"},"schema":{"@context":"https:\/\/schema.org","@graph":[{"@type":"WebPage","@id":"https:\/\/skaitytaknyga.lt\/produktas\/lt-13\/","url":"https:\/\/skaitytaknyga.lt\/produktas\/lt-13\/","name":"Lik\u0119 gyvi","isPartOf":{"@id":"https:\/\/skaitytaknyga.lt\/#website"},"primaryImageOfPage":{"@id":"https:\/\/skaitytaknyga.lt\/produktas\/lt-13\/#primaryimage"},"image":{"@id":"https:\/\/skaitytaknyga.lt\/produktas\/lt-13\/#primaryimage"},"thumbnailUrl":"https:\/\/skaitytaknyga.lt\/wp-content\/uploads\/2025\/12\/Like-gyvi-1.webp","datePublished":"2025-12-15T16:59:33+00:00","dateModified":"2025-12-15T19:29:59+00:00","description":"Vienuolika maskvie\u010di\u0173 \u2013 a\u0161tuoni suaugusieji ir trys vaikai. Jie n\u0117 u\u017e k\u0105 neb\u016bt\u0173 sutik\u0119 atsidurti vienoje draugijoje. Ta\u010diau miest\u0105 ir vis\u0105 \u0161al\u012f ap\u0117musi","breadcrumb":{"@id":"https:\/\/skaitytaknyga.lt\/produktas\/lt-13\/#breadcrumb"},"inLanguage":"en-GB","potentialAction":[{"@type":"ReadAction","target":["https:\/\/skaitytaknyga.lt\/produktas\/lt-13\/"]}]},{"@type":"ImageObject","inLanguage":"en-GB","@id":"https:\/\/skaitytaknyga.lt\/produktas\/lt-13\/#primaryimage","url":"https:\/\/skaitytaknyga.lt\/wp-content\/uploads\/2025\/12\/Like-gyvi-1.webp","contentUrl":"https:\/\/skaitytaknyga.lt\/wp-content\/uploads\/2025\/12\/Like-gyvi-1.webp","width":300,"height":492,"caption":"Lik\u0119 gyvi (1)"},{"@type":"BreadcrumbList","@id":"https:\/\/skaitytaknyga.lt\/produktas\/lt-13\/#breadcrumb","itemListElement":[{"@type":"ListItem","position":1,"name":"Home","item":"https:\/\/skaitytaknyga.lt\/"},{"@type":"ListItem","position":2,"name":"Parduotuv\u0117","item":"https:\/\/skaitytaknyga.lt\/knygu-parduotuve\/"},{"@type":"ListItem","position":3,"name":"Lik\u0119 gyvi"}]},{"@type":"WebSite","@id":"https:\/\/skaitytaknyga.lt\/#website","url":"https:\/\/skaitytaknyga.lt\/","name":"skaitytaknyga.lt","description":"Skaitytaknyga.lt \u2013 tai ma\u017eas \u0161eimos verslas, kuris prasid\u0117jo nuo meil\u0117s knygoms ir siekio i\u0161gelb\u0117ti knygas nuo likimo prie konteinerio. Kas vienam nereikalingas daiktas \u2013 kitam lobis, o mes esame tarpininkai, kurie padeda abiems tapti laimingesniems ???? \u017dinome kaip nelengva i\u0161gyventi ma\u017eiems verslams, tad nuo \u0161iol, \u010dia rasite ir kit\u0173, ma\u017e\u0173 \u0161eim\u0173 versl\u0173, rank\u0173 darbo, dovan\u0173 sau ir artimiesiems.","publisher":{"@id":"https:\/\/skaitytaknyga.lt\/#organization"},"potentialAction":[{"@type":"SearchAction","target":{"@type":"EntryPoint","urlTemplate":"https:\/\/skaitytaknyga.lt\/?s={search_term_string}"},"query-input":{"@type":"PropertyValueSpecification","valueRequired":true,"valueName":"search_term_string"}}],"inLanguage":"en-GB"},{"@type":"Organization","@id":"https:\/\/skaitytaknyga.lt\/#organization","name":"skaitytaknyga.lt","url":"https:\/\/skaitytaknyga.lt\/","logo":{"@type":"ImageObject","inLanguage":"en-GB","@id":"https:\/\/skaitytaknyga.lt\/#\/schema\/logo\/image\/","url":"https:\/\/skaitytaknyga.lt\/wp-content\/uploads\/2024\/05\/cropped-cropped-cropped-02_00843_jt3bggkj1j3HLc7SyY6rEUpg.jpeg","contentUrl":"https:\/\/skaitytaknyga.lt\/wp-content\/uploads\/2024\/05\/cropped-cropped-cropped-02_00843_jt3bggkj1j3HLc7SyY6rEUpg.jpeg","width":1600,"height":1600,"caption":"skaitytaknyga.lt"},"image":{"@id":"https:\/\/skaitytaknyga.lt\/#\/schema\/logo\/image\/"},"sameAs":["https:\/\/www.facebook.com\/skaitytaknyga\/"]}]}},"_links":{"self":[{"href":"https:\/\/skaitytaknyga.lt\/en\/wp-json\/wp\/v2\/product\/22233","targetHints":{"allow":["GET"]}}],"collection":[{"href":"https:\/\/skaitytaknyga.lt\/en\/wp-json\/wp\/v2\/product"}],"about":[{"href":"https:\/\/skaitytaknyga.lt\/en\/wp-json\/wp\/v2\/types\/product"}],"replies":[{"embeddable":true,"href":"https:\/\/skaitytaknyga.lt\/en\/wp-json\/wp\/v2\/comments?post=22233"}],"wp:featuredmedia":[{"embeddable":true,"href":"https:\/\/skaitytaknyga.lt\/en\/wp-json\/wp\/v2\/media\/22241"}],"wp:attachment":[{"href":"https:\/\/skaitytaknyga.lt\/en\/wp-json\/wp\/v2\/media?parent=22233"}],"wp:term":[{"taxonomy":"product_brand","embeddable":true,"href":"https:\/\/skaitytaknyga.lt\/en\/wp-json\/wp\/v2\/product_brand?post=22233"},{"taxonomy":"product_cat","embeddable":true,"href":"https:\/\/skaitytaknyga.lt\/en\/wp-json\/wp\/v2\/product_cat?post=22233"},{"taxonomy":"product_tag","embeddable":true,"href":"https:\/\/skaitytaknyga.lt\/en\/wp-json\/wp\/v2\/product_tag?post=22233"}],"curies":[{"name":"wp","href":"https:\/\/api.w.org\/{rel}","templated":true}]}}