{"id":22230,"date":"2025-12-15T18:59:32","date_gmt":"2025-12-15T16:59:32","guid":{"rendered":"https:\/\/skaitytaknyga.lt\/?post_type=product&#038;p=22230"},"modified":"2026-03-18T12:38:31","modified_gmt":"2026-03-18T10:38:31","slug":"apsviestoji","status":"publish","type":"product","link":"https:\/\/skaitytaknyga.lt\/en\/produktas\/apsviestoji\/","title":{"rendered":"Ap\u0161viestoji"},"content":{"rendered":"<p>K\u0105 rei\u0161kia gyventi \u0161eimoje, kurios vienintelis tikslas \u2013 pasiruo\u0161ti art\u0117jan\u010diai pasaulio pabaigai? Kaip jau\u010diasi atsiskyr\u0117li\u0161koje bendruomen\u0117je gyvenantis vaikas, netur\u0117damas galimyb\u0117s susirasti draug\u0173? Kaip veikia m\u0105stym\u0105 i\u0161silavinimo tr\u016bkumas, kai vienintelis \u017eini\u0173 \u0161altinis yra t\u0117v\u0173 pasakojimai? Gal\u0173 gale, kiek reikia dr\u0105sos ir ry\u017eto pasiprie\u0161inti t\u0117v\u0173 valiai, savaranki\u0161kai mokytis, kad u\u017epildytum 17 met\u0173 i\u0161silavinimo sprag\u0105, ir ne tik baigti studijas, bet ir \u012fgyti moksl\u0173 daktaro laipsn\u012f?<\/p>\n<p>Apie visa tai su\u017einosite i\u0161 pirm\u0173 l\u016bp\u0173, skaitydami sukre\u010diant\u012f autobiografin\u012f pasakojim\u0105 \u201eAp\u0161viestoji&#8221; moters, i\u0161dr\u012fsusios i\u0161tr\u016bkti i\u0161 u\u017edaros radikalios mormon\u0173 \u0161eimos, atgauti asmenin\u0119 laisv\u0119 ir siekti i\u0161svajoto i\u0161silavinimo.<\/p>\n<p>Aidaho kalnuose, radikali\u0173 survivalist\u0173 mormon\u0173 \u0161eimoje gimusi Tara Westover nelank\u0117 mokyklos kaip kiti jos am\u017eiaus vaikai. Kiekviena jos ir jos \u0161eimos nari\u0173 diena buvo skirta ruo\u0161tis pasaulio pabaigai: kaupti maisto atsargas ir b\u016bti bet kuri\u0105 akimirk\u0105 pasirengusi palikti namus. Joki\u0173 apsilankym\u0173 pas gydytojus susirgus. Sveikata r\u016bpinosi savamoksl\u0117 \u017eolinink\u0117 ir pribuv\u0117ja mama. Joki\u0173 \u017eaidim\u0173 su draugais. \u0160eima buvo atsiribojusi ne tik nuo visuomen\u0117s, bet ir nuo kit\u0173 mormon\u0173 \u0161eim\u0173. be to, Tara ir netur\u0117jo, kur kreiptis pagalbos, kai vienas i\u0161 jos broli\u0173 prad\u0117jo smurtauti.<\/p>\n<p>Stulbinantys jaunos moters memuarai yra kur kas daugiau nei nuostab\u0105 keliantis liudijimas apie kitok\u012f gyvenimo b\u016bd\u0105 pasirinkusi\u0105 \u0161eim\u0105. \u201eAp\u0161viestoji&#8221; \u2013 \u012fkvepiantis pasakojimas apie sav\u0119s ir gyvenimo prasm\u0117s paie\u0161kas, apie u\u017esispyrim\u0105, ry\u017et\u0105, dr\u0105s\u0105 ir tik\u0117jim\u0105 savimi. Tai galimyb\u0117 kiekvienam m\u016bs\u0173 \u012fvertinti pasirinkimo laisv\u0119, kuri\u0105 suteikia i\u0161silavinimas.<\/p>\n","protected":false},"excerpt":{"rendered":"<p>K\u0105 rei\u0161kia gyventi \u0161eimoje, kurios vienintelis tikslas \u2013 pasiruo\u0161ti art\u0117jan\u010diai pasaulio pabaigai? Kaip jau\u010diasi atsiskyr\u0117li\u0161koje bendruomen\u0117je gyvenantis vaikas, netur\u0117damas galimyb\u0117s susirasti draug\u0173? Kaip veikia m\u0105stym\u0105 i\u0161silavinimo tr\u016bkumas, kai vienintelis \u017eini\u0173 \u0161altinis yra t\u0117v\u0173 pasakojimai? Gal\u0173 gale, kiek reikia dr\u0105sos ir ry\u017eto pasiprie\u0161inti t\u0117v\u0173 valiai, savaranki\u0161kai mokytis, kad u\u017epildytum 17 met\u0173 i\u0161silavinimo sprag\u0105, ir ne tik baigti studijas, bet ir \u012fgyti moksl\u0173 daktaro laipsn\u012f? Apie visa tai su\u017einosite i\u0161 pirm\u0173 l\u016bp\u0173, skaitydami sukre\u010diant\u012f autobiografin\u012f pasakojim\u0105 \u201eAp\u0161viestoji&#8221; moters, i\u0161dr\u012fsusios i\u0161tr\u016bkti i\u0161 u\u017edaros radikalios mormon\u0173 \u0161eimos, atgauti asmenin\u0119 laisv\u0119 ir siekti i\u0161svajoto i\u0161silavinimo. Aidaho kalnuose, radikali\u0173 survivalist\u0173 mormon\u0173 \u0161eimoje gimusi Tara Westover nelank\u0117 mokyklos kaip kiti jos am\u017eiaus vaikai. Kiekviena jos ir jos \u0161eimos nari\u0173 diena buvo skirta ruo\u0161tis pasaulio pabaigai: kaupti maisto atsargas ir b\u016bti bet kuri\u0105 akimirk\u0105 pasirengusi palikti namus. Joki\u0173 apsilankym\u0173 pas gydytojus susirgus. Sveikata r\u016bpinosi savamoksl\u0117 \u017eolinink\u0117 ir pribuv\u0117ja mama. Joki\u0173 \u017eaidim\u0173 su draugais. \u0160eima buvo atsiribojusi ne tik nuo visuomen\u0117s, bet ir nuo kit\u0173 mormon\u0173 \u0161eim\u0173. be to, Tara ir netur\u0117jo, kur kreiptis pagalbos, kai vienas i\u0161 jos broli\u0173 prad\u0117jo smurtauti. Stulbinantys jaunos moters memuarai yra kur kas daugiau nei nuostab\u0105 keliantis liudijimas apie kitok\u012f gyvenimo b\u016bd\u0105 pasirinkusi\u0105 \u0161eim\u0105. \u201eAp\u0161viestoji&#8221; \u2013 \u012fkvepiantis pasakojimas apie sav\u0119s ir gyvenimo prasm\u0117s paie\u0161kas, apie u\u017esispyrim\u0105, ry\u017et\u0105, dr\u0105s\u0105 ir tik\u0117jim\u0105 savimi. Tai galimyb\u0117 kiekvienam m\u016bs\u0173 \u012fvertinti pasirinkimo laisv\u0119, kuri\u0105 suteikia i\u0161silavinimas.<\/p>\n","protected":false},"featured_media":22235,"comment_status":"open","ping_status":"closed","template":"","meta":{"_acf_changed":false,"site-sidebar-layout":"default","site-content-layout":"","ast-site-content-layout":"default","site-content-style":"default","site-sidebar-style":"default","ast-global-header-display":"","ast-banner-title-visibility":"","ast-main-header-display":"","ast-hfb-above-header-display":"","ast-hfb-below-header-display":"","ast-hfb-mobile-header-display":"","site-post-title":"","ast-breadcrumbs-content":"","ast-featured-img":"","footer-sml-layout":"","ast-disable-related-posts":"","theme-transparent-header-meta":"","adv-header-id-meta":"","stick-header-meta":"","header-above-stick-meta":"","header-main-stick-meta":"","header-below-stick-meta":"","astra-migrate-meta-layouts":"default","ast-page-background-enabled":"default","ast-page-background-meta":{"desktop":{"background-color":"","background-image":"","background-repeat":"repeat","background-position":"center center","background-size":"auto","background-attachment":"scroll","background-type":"","background-media":"","overlay-type":"","overlay-color":"","overlay-opacity":"","overlay-gradient":""},"tablet":{"background-color":"","background-image":"","background-repeat":"repeat","background-position":"center center","background-size":"auto","background-attachment":"scroll","background-type":"","background-media":"","overlay-type":"","overlay-color":"","overlay-opacity":"","overlay-gradient":""},"mobile":{"background-color":"","background-image":"","background-repeat":"repeat","background-position":"center center","background-size":"auto","background-attachment":"scroll","background-type":"","background-media":"","overlay-type":"","overlay-color":"","overlay-opacity":"","overlay-gradient":""}},"ast-content-background-meta":{"desktop":{"background-color":"var(--ast-global-color-4)","background-image":"","background-repeat":"repeat","background-position":"center center","background-size":"auto","background-attachment":"scroll","background-type":"","background-media":"","overlay-type":"","overlay-color":"","overlay-opacity":"","overlay-gradient":""},"tablet":{"background-color":"var(--ast-global-color-4)","background-image":"","background-repeat":"repeat","background-position":"center center","background-size":"auto","background-attachment":"scroll","background-type":"","background-media":"","overlay-type":"","overlay-color":"","overlay-opacity":"","overlay-gradient":""},"mobile":{"background-color":"var(--ast-global-color-4)","background-image":"","background-repeat":"repeat","background-position":"center center","background-size":"auto","background-attachment":"scroll","background-type":"","background-media":"","overlay-type":"","overlay-color":"","overlay-opacity":"","overlay-gradient":""}}},"product_brand":[],"product_cat":[9734],"product_tag":[],"class_list":{"0":"post-22230","1":"product","2":"type-product","3":"status-publish","4":"has-post-thumbnail","6":"product_cat-romanai","7":"desktop-align-left","8":"tablet-align-left","9":"mobile-align-left","11":"first","12":"instock","13":"shipping-taxable","14":"purchasable","15":"product-type-simple"},"acf":[],"yoast_head":"<!-- This site is optimized with the Yoast SEO plugin v27.0 - https:\/\/yoast.com\/product\/yoast-seo-wordpress\/ -->\n<title>Ap\u0161viestoji<\/title>\n<meta name=\"description\" content=\"K\u0105 rei\u0161kia gyventi \u0161eimoje, kurios vienintelis tikslas \u2013 pasiruo\u0161ti art\u0117jan\u010diai pasaulio pabaigai? Kaip jau\u010diasi atsiskyr\u0117li\u0161koje bendruomen\u0117je gyvenantis\" \/>\n<meta name=\"robots\" content=\"index, follow, max-snippet:-1, max-image-preview:large, max-video-preview:-1\" \/>\n<link rel=\"canonical\" href=\"https:\/\/skaitytaknyga.lt\/en\/produktas\/apsviestoji\/\" \/>\n<meta property=\"og:locale\" content=\"en_GB\" \/>\n<meta property=\"og:locale:alternate\" content=\"lt_LT\" \/>\n<meta property=\"og:type\" content=\"article\" \/>\n<meta property=\"og:title\" content=\"Ap\u0161viestoji\" \/>\n<meta property=\"og:description\" content=\"K\u0105 rei\u0161kia gyventi \u0161eimoje, kurios vienintelis tikslas \u2013 pasiruo\u0161ti art\u0117jan\u010diai pasaulio pabaigai? Kaip jau\u010diasi atsiskyr\u0117li\u0161koje bendruomen\u0117je gyvenantis\" \/>\n<meta property=\"og:url\" content=\"https:\/\/skaitytaknyga.lt\/en\/produktas\/apsviestoji\/\" \/>\n<meta property=\"og:site_name\" content=\"Skaitytaknyga\" \/>\n<meta property=\"article:publisher\" content=\"https:\/\/www.facebook.com\/skaitytaknyga\/\" \/>\n<meta property=\"article:modified_time\" content=\"2026-03-18T10:38:31+00:00\" \/>\n<meta property=\"og:image\" content=\"https:\/\/skaitytaknyga.lt\/wp-content\/uploads\/2025\/12\/Apsviestoji-1.webp\" \/>\n\t<meta property=\"og:image:width\" content=\"300\" \/>\n\t<meta property=\"og:image:height\" content=\"456\" \/>\n\t<meta property=\"og:image:type\" content=\"image\/webp\" \/>\n<meta name=\"twitter:card\" content=\"summary_large_image\" \/>\n<meta name=\"twitter:label1\" content=\"Estimated reading time\" \/>\n\t<meta name=\"twitter:data1\" content=\"1 minute\" \/>\n<script type=\"application\/ld+json\" class=\"yoast-schema-graph\">{\"@context\":\"https:\/\/schema.org\",\"@graph\":[{\"@type\":\"WebPage\",\"@id\":\"https:\/\/skaitytaknyga.lt\/produktas\/apsviestoji\/\",\"url\":\"https:\/\/skaitytaknyga.lt\/produktas\/apsviestoji\/\",\"name\":\"Ap\u0161viestoji\",\"isPartOf\":{\"@id\":\"https:\/\/skaitytaknyga.lt\/#website\"},\"primaryImageOfPage\":{\"@id\":\"https:\/\/skaitytaknyga.lt\/produktas\/apsviestoji\/#primaryimage\"},\"image\":{\"@id\":\"https:\/\/skaitytaknyga.lt\/produktas\/apsviestoji\/#primaryimage\"},\"thumbnailUrl\":\"https:\/\/skaitytaknyga.lt\/wp-content\/uploads\/2025\/12\/Apsviestoji-1.webp\",\"datePublished\":\"2025-12-15T16:59:32+00:00\",\"dateModified\":\"2026-03-18T10:38:31+00:00\",\"description\":\"K\u0105 rei\u0161kia gyventi \u0161eimoje, kurios vienintelis tikslas \u2013 pasiruo\u0161ti art\u0117jan\u010diai pasaulio pabaigai? Kaip jau\u010diasi atsiskyr\u0117li\u0161koje bendruomen\u0117je gyvenantis\",\"breadcrumb\":{\"@id\":\"https:\/\/skaitytaknyga.lt\/produktas\/apsviestoji\/#breadcrumb\"},\"inLanguage\":\"en-GB\",\"potentialAction\":[{\"@type\":\"ReadAction\",\"target\":[\"https:\/\/skaitytaknyga.lt\/produktas\/apsviestoji\/\"]}]},{\"@type\":\"ImageObject\",\"inLanguage\":\"en-GB\",\"@id\":\"https:\/\/skaitytaknyga.lt\/produktas\/apsviestoji\/#primaryimage\",\"url\":\"https:\/\/skaitytaknyga.lt\/wp-content\/uploads\/2025\/12\/Apsviestoji-1.webp\",\"contentUrl\":\"https:\/\/skaitytaknyga.lt\/wp-content\/uploads\/2025\/12\/Apsviestoji-1.webp\",\"width\":300,\"height\":456,\"caption\":\"Ap\u0161viestoji\"},{\"@type\":\"BreadcrumbList\",\"@id\":\"https:\/\/skaitytaknyga.lt\/produktas\/apsviestoji\/#breadcrumb\",\"itemListElement\":[{\"@type\":\"ListItem\",\"position\":1,\"name\":\"Home\",\"item\":\"https:\/\/skaitytaknyga.lt\/\"},{\"@type\":\"ListItem\",\"position\":2,\"name\":\"Parduotuv\u0117\",\"item\":\"https:\/\/skaitytaknyga.lt\/knygu-parduotuve\/\"},{\"@type\":\"ListItem\",\"position\":3,\"name\":\"Ap\u0161viestoji\"}]},{\"@type\":\"WebSite\",\"@id\":\"https:\/\/skaitytaknyga.lt\/#website\",\"url\":\"https:\/\/skaitytaknyga.lt\/\",\"name\":\"skaitytaknyga.lt\",\"description\":\"Skaitytaknyga.lt \u2013 tai ma\u017eas \u0161eimos verslas, kuris prasid\u0117jo nuo meil\u0117s knygoms ir siekio i\u0161gelb\u0117ti knygas nuo likimo prie konteinerio. Kas vienam nereikalingas daiktas \u2013 kitam lobis, o mes esame tarpininkai, kurie padeda abiems tapti laimingesniems ???? \u017dinome kaip nelengva i\u0161gyventi ma\u017eiems verslams, tad nuo \u0161iol, \u010dia rasite ir kit\u0173, ma\u017e\u0173 \u0161eim\u0173 versl\u0173, rank\u0173 darbo, dovan\u0173 sau ir artimiesiems.\",\"publisher\":{\"@id\":\"https:\/\/skaitytaknyga.lt\/#organization\"},\"potentialAction\":[{\"@type\":\"SearchAction\",\"target\":{\"@type\":\"EntryPoint\",\"urlTemplate\":\"https:\/\/skaitytaknyga.lt\/?s={search_term_string}\"},\"query-input\":{\"@type\":\"PropertyValueSpecification\",\"valueRequired\":true,\"valueName\":\"search_term_string\"}}],\"inLanguage\":\"en-GB\"},{\"@type\":\"Organization\",\"@id\":\"https:\/\/skaitytaknyga.lt\/#organization\",\"name\":\"skaitytaknyga.lt\",\"url\":\"https:\/\/skaitytaknyga.lt\/\",\"logo\":{\"@type\":\"ImageObject\",\"inLanguage\":\"en-GB\",\"@id\":\"https:\/\/skaitytaknyga.lt\/#\/schema\/logo\/image\/\",\"url\":\"https:\/\/skaitytaknyga.lt\/wp-content\/uploads\/2024\/05\/cropped-cropped-cropped-02_00843_jt3bggkj1j3HLc7SyY6rEUpg.jpeg\",\"contentUrl\":\"https:\/\/skaitytaknyga.lt\/wp-content\/uploads\/2024\/05\/cropped-cropped-cropped-02_00843_jt3bggkj1j3HLc7SyY6rEUpg.jpeg\",\"width\":1600,\"height\":1600,\"caption\":\"skaitytaknyga.lt\"},\"image\":{\"@id\":\"https:\/\/skaitytaknyga.lt\/#\/schema\/logo\/image\/\"},\"sameAs\":[\"https:\/\/www.facebook.com\/skaitytaknyga\/\"]}]}<\/script>\n<!-- \/ Yoast SEO plugin. -->","yoast_head_json":{"title":"Ap\u0161viestoji","description":"K\u0105 rei\u0161kia gyventi \u0161eimoje, kurios vienintelis tikslas \u2013 pasiruo\u0161ti art\u0117jan\u010diai pasaulio pabaigai? Kaip jau\u010diasi atsiskyr\u0117li\u0161koje bendruomen\u0117je gyvenantis","robots":{"index":"index","follow":"follow","max-snippet":"max-snippet:-1","max-image-preview":"max-image-preview:large","max-video-preview":"max-video-preview:-1"},"canonical":"https:\/\/skaitytaknyga.lt\/en\/produktas\/apsviestoji\/","og_locale":"en_GB","og_type":"article","og_title":"[:lt]Ap\u0161viestoji[:] - Skaitytaknyga","og_description":"K\u0105 rei\u0161kia gyventi \u0161eimoje, kurios vienintelis tikslas \u2013 pasiruo\u0161ti art\u0117jan\u010diai pasaulio pabaigai? Kaip jau\u010diasi atsiskyr\u0117li\u0161koje bendruomen\u0117je gyvenantis","og_url":"https:\/\/skaitytaknyga.lt\/en\/produktas\/apsviestoji\/","og_site_name":"Skaitytaknyga","article_publisher":"https:\/\/www.facebook.com\/skaitytaknyga\/","article_modified_time":"2026-03-18T10:38:31+00:00","og_image":[{"width":300,"height":456,"url":"https:\/\/skaitytaknyga.lt\/wp-content\/uploads\/2025\/12\/Apsviestoji-1.webp","type":"image\/webp"}],"twitter_card":"summary_large_image","twitter_misc":{"Estimated reading time":"1 minute"},"schema":{"@context":"https:\/\/schema.org","@graph":[{"@type":"WebPage","@id":"https:\/\/skaitytaknyga.lt\/produktas\/apsviestoji\/","url":"https:\/\/skaitytaknyga.lt\/produktas\/apsviestoji\/","name":"Ap\u0161viestoji","isPartOf":{"@id":"https:\/\/skaitytaknyga.lt\/#website"},"primaryImageOfPage":{"@id":"https:\/\/skaitytaknyga.lt\/produktas\/apsviestoji\/#primaryimage"},"image":{"@id":"https:\/\/skaitytaknyga.lt\/produktas\/apsviestoji\/#primaryimage"},"thumbnailUrl":"https:\/\/skaitytaknyga.lt\/wp-content\/uploads\/2025\/12\/Apsviestoji-1.webp","datePublished":"2025-12-15T16:59:32+00:00","dateModified":"2026-03-18T10:38:31+00:00","description":"K\u0105 rei\u0161kia gyventi \u0161eimoje, kurios vienintelis tikslas \u2013 pasiruo\u0161ti art\u0117jan\u010diai pasaulio pabaigai? Kaip jau\u010diasi atsiskyr\u0117li\u0161koje bendruomen\u0117je gyvenantis","breadcrumb":{"@id":"https:\/\/skaitytaknyga.lt\/produktas\/apsviestoji\/#breadcrumb"},"inLanguage":"en-GB","potentialAction":[{"@type":"ReadAction","target":["https:\/\/skaitytaknyga.lt\/produktas\/apsviestoji\/"]}]},{"@type":"ImageObject","inLanguage":"en-GB","@id":"https:\/\/skaitytaknyga.lt\/produktas\/apsviestoji\/#primaryimage","url":"https:\/\/skaitytaknyga.lt\/wp-content\/uploads\/2025\/12\/Apsviestoji-1.webp","contentUrl":"https:\/\/skaitytaknyga.lt\/wp-content\/uploads\/2025\/12\/Apsviestoji-1.webp","width":300,"height":456,"caption":"Ap\u0161viestoji"},{"@type":"BreadcrumbList","@id":"https:\/\/skaitytaknyga.lt\/produktas\/apsviestoji\/#breadcrumb","itemListElement":[{"@type":"ListItem","position":1,"name":"Home","item":"https:\/\/skaitytaknyga.lt\/"},{"@type":"ListItem","position":2,"name":"Parduotuv\u0117","item":"https:\/\/skaitytaknyga.lt\/knygu-parduotuve\/"},{"@type":"ListItem","position":3,"name":"Ap\u0161viestoji"}]},{"@type":"WebSite","@id":"https:\/\/skaitytaknyga.lt\/#website","url":"https:\/\/skaitytaknyga.lt\/","name":"skaitytaknyga.lt","description":"Skaitytaknyga.lt \u2013 tai ma\u017eas \u0161eimos verslas, kuris prasid\u0117jo nuo meil\u0117s knygoms ir siekio i\u0161gelb\u0117ti knygas nuo likimo prie konteinerio. Kas vienam nereikalingas daiktas \u2013 kitam lobis, o mes esame tarpininkai, kurie padeda abiems tapti laimingesniems ???? \u017dinome kaip nelengva i\u0161gyventi ma\u017eiems verslams, tad nuo \u0161iol, \u010dia rasite ir kit\u0173, ma\u017e\u0173 \u0161eim\u0173 versl\u0173, rank\u0173 darbo, dovan\u0173 sau ir artimiesiems.","publisher":{"@id":"https:\/\/skaitytaknyga.lt\/#organization"},"potentialAction":[{"@type":"SearchAction","target":{"@type":"EntryPoint","urlTemplate":"https:\/\/skaitytaknyga.lt\/?s={search_term_string}"},"query-input":{"@type":"PropertyValueSpecification","valueRequired":true,"valueName":"search_term_string"}}],"inLanguage":"en-GB"},{"@type":"Organization","@id":"https:\/\/skaitytaknyga.lt\/#organization","name":"skaitytaknyga.lt","url":"https:\/\/skaitytaknyga.lt\/","logo":{"@type":"ImageObject","inLanguage":"en-GB","@id":"https:\/\/skaitytaknyga.lt\/#\/schema\/logo\/image\/","url":"https:\/\/skaitytaknyga.lt\/wp-content\/uploads\/2024\/05\/cropped-cropped-cropped-02_00843_jt3bggkj1j3HLc7SyY6rEUpg.jpeg","contentUrl":"https:\/\/skaitytaknyga.lt\/wp-content\/uploads\/2024\/05\/cropped-cropped-cropped-02_00843_jt3bggkj1j3HLc7SyY6rEUpg.jpeg","width":1600,"height":1600,"caption":"skaitytaknyga.lt"},"image":{"@id":"https:\/\/skaitytaknyga.lt\/#\/schema\/logo\/image\/"},"sameAs":["https:\/\/www.facebook.com\/skaitytaknyga\/"]}]}},"_links":{"self":[{"href":"https:\/\/skaitytaknyga.lt\/en\/wp-json\/wp\/v2\/product\/22230","targetHints":{"allow":["GET"]}}],"collection":[{"href":"https:\/\/skaitytaknyga.lt\/en\/wp-json\/wp\/v2\/product"}],"about":[{"href":"https:\/\/skaitytaknyga.lt\/en\/wp-json\/wp\/v2\/types\/product"}],"replies":[{"embeddable":true,"href":"https:\/\/skaitytaknyga.lt\/en\/wp-json\/wp\/v2\/comments?post=22230"}],"wp:featuredmedia":[{"embeddable":true,"href":"https:\/\/skaitytaknyga.lt\/en\/wp-json\/wp\/v2\/media\/22235"}],"wp:attachment":[{"href":"https:\/\/skaitytaknyga.lt\/en\/wp-json\/wp\/v2\/media?parent=22230"}],"wp:term":[{"taxonomy":"product_brand","embeddable":true,"href":"https:\/\/skaitytaknyga.lt\/en\/wp-json\/wp\/v2\/product_brand?post=22230"},{"taxonomy":"product_cat","embeddable":true,"href":"https:\/\/skaitytaknyga.lt\/en\/wp-json\/wp\/v2\/product_cat?post=22230"},{"taxonomy":"product_tag","embeddable":true,"href":"https:\/\/skaitytaknyga.lt\/en\/wp-json\/wp\/v2\/product_tag?post=22230"}],"curies":[{"name":"wp","href":"https:\/\/api.w.org\/{rel}","templated":true}]}}