{"id":22193,"date":"2025-11-30T13:31:13","date_gmt":"2025-11-30T11:31:13","guid":{"rendered":"https:\/\/skaitytaknyga.lt\/?post_type=product&#038;p=22193"},"modified":"2025-12-15T19:00:49","modified_gmt":"2025-12-15T17:00:49","slug":"purpuriniai-veneros-labirintai","status":"publish","type":"product","link":"https:\/\/skaitytaknyga.lt\/en\/produktas\/purpuriniai-veneros-labirintai\/","title":{"rendered":"Purpuriniai Veneros labirintai"},"content":{"rendered":"<p>Agnet\u0117, gra\u017euol\u0117 \u017eymi\u0173 kaunie\u010di\u0173 dukra, ner\u016bpestingai leid\u017eia dienas, kol sutinka Lauryn\u0105 \u2013 jaun\u0105 \u017eav\u0173 ir labai turting\u0105 verslinink\u0105 \u2013ir j\u012f i\u0161 pirmo \u017evilgsnio \u012fsimyli. Auk\u0161tuomen\u0117s svajoni\u0173 jaunikis taip pat pamilsta Agnet\u0119. Viskas atrodo kaip tobula pasaka, bet porai apsigyvenus drauge pradeda skleistis slapta vyro praeitis.<br \/>\nSklinda gandai, kad Lauryno namo r\u016bsyje vyksta svingeri\u0173 vakar\u0117liai, jis ka\u017ekaip susij\u0119s su po Kaun\u0105 va\u017ein\u0117jan\u010diu limuzinu, kuriame vyksta orgijos. Agnetei mylimasis draud\u017eia be asmens sargybinio i\u0161eiti i\u0161 nam\u0173. Nuo ko saugoma mergina? Ar gandai apie Lauryn\u0105 teisingi? Gal \u010dia \u012fsipainiojusi Kaune atsiradusi paslaptinga sekta? Kur veda purpuriniai Veneros labirintai? Lauryno paslap\u010di\u0173 vis daug\u0117ja&#8230;<\/p>\n","protected":false},"excerpt":{"rendered":"<p>Agnet\u0117, gra\u017euol\u0117 \u017eymi\u0173 kaunie\u010di\u0173 dukra, ner\u016bpestingai leid\u017eia dienas, kol sutinka Lauryn\u0105 \u2013 jaun\u0105 \u017eav\u0173 ir labai turting\u0105 verslinink\u0105 \u2013ir j\u012f i\u0161 pirmo \u017evilgsnio \u012fsimyli. Auk\u0161tuomen\u0117s svajoni\u0173 jaunikis taip pat pamilsta Agnet\u0119. Viskas atrodo kaip tobula pasaka, bet porai apsigyvenus drauge pradeda skleistis slapta vyro praeitis. Sklinda gandai, kad Lauryno namo r\u016bsyje vyksta svingeri\u0173 vakar\u0117liai, jis ka\u017ekaip susij\u0119s su po Kaun\u0105 va\u017ein\u0117jan\u010diu limuzinu, kuriame vyksta orgijos. Agnetei mylimasis draud\u017eia be asmens sargybinio i\u0161eiti i\u0161 nam\u0173. Nuo ko saugoma mergina? Ar gandai apie Lauryn\u0105 teisingi? Gal \u010dia \u012fsipainiojusi Kaune atsiradusi paslaptinga sekta? Kur veda purpuriniai Veneros labirintai? Lauryno paslap\u010di\u0173 vis daug\u0117ja&#8230;<\/p>\n","protected":false},"featured_media":22229,"comment_status":"open","ping_status":"closed","template":"","meta":{"_acf_changed":false,"site-sidebar-layout":"default","site-content-layout":"","ast-site-content-layout":"default","site-content-style":"default","site-sidebar-style":"default","ast-global-header-display":"","ast-banner-title-visibility":"","ast-main-header-display":"","ast-hfb-above-header-display":"","ast-hfb-below-header-display":"","ast-hfb-mobile-header-display":"","site-post-title":"","ast-breadcrumbs-content":"","ast-featured-img":"","footer-sml-layout":"","ast-disable-related-posts":"","theme-transparent-header-meta":"","adv-header-id-meta":"","stick-header-meta":"","header-above-stick-meta":"","header-main-stick-meta":"","header-below-stick-meta":"","astra-migrate-meta-layouts":"default","ast-page-background-enabled":"default","ast-page-background-meta":{"desktop":{"background-color":"","background-image":"","background-repeat":"repeat","background-position":"center center","background-size":"auto","background-attachment":"scroll","background-type":"","background-media":"","overlay-type":"","overlay-color":"","overlay-opacity":"","overlay-gradient":""},"tablet":{"background-color":"","background-image":"","background-repeat":"repeat","background-position":"center center","background-size":"auto","background-attachment":"scroll","background-type":"","background-media":"","overlay-type":"","overlay-color":"","overlay-opacity":"","overlay-gradient":""},"mobile":{"background-color":"","background-image":"","background-repeat":"repeat","background-position":"center center","background-size":"auto","background-attachment":"scroll","background-type":"","background-media":"","overlay-type":"","overlay-color":"","overlay-opacity":"","overlay-gradient":""}},"ast-content-background-meta":{"desktop":{"background-color":"var(--ast-global-color-4)","background-image":"","background-repeat":"repeat","background-position":"center center","background-size":"auto","background-attachment":"scroll","background-type":"","background-media":"","overlay-type":"","overlay-color":"","overlay-opacity":"","overlay-gradient":""},"tablet":{"background-color":"var(--ast-global-color-4)","background-image":"","background-repeat":"repeat","background-position":"center center","background-size":"auto","background-attachment":"scroll","background-type":"","background-media":"","overlay-type":"","overlay-color":"","overlay-opacity":"","overlay-gradient":""},"mobile":{"background-color":"var(--ast-global-color-4)","background-image":"","background-repeat":"repeat","background-position":"center center","background-size":"auto","background-attachment":"scroll","background-type":"","background-media":"","overlay-type":"","overlay-color":"","overlay-opacity":"","overlay-gradient":""}}},"product_brand":[],"product_cat":[31],"product_tag":[],"class_list":{"0":"post-22193","1":"product","2":"type-product","3":"status-publish","4":"has-post-thumbnail","6":"product_cat-grozine-literatura","7":"desktop-align-left","8":"tablet-align-left","9":"mobile-align-left","11":"first","12":"instock","13":"shipping-taxable","14":"purchasable","15":"product-type-simple"},"acf":[],"yoast_head":"<!-- This site is optimized with the Yoast SEO plugin v27.0 - https:\/\/yoast.com\/product\/yoast-seo-wordpress\/ -->\n<title>Purpuriniai Veneros labirintai<\/title>\n<meta name=\"description\" content=\"Agnet\u0117, gra\u017euol\u0117 \u017eymi\u0173 kaunie\u010di\u0173 dukra, ner\u016bpestingai leid\u017eia dienas, kol sutinka Lauryn\u0105 \u2013 jaun\u0105 \u017eav\u0173 ir labai turting\u0105 verslinink\u0105 \u2013ir j\u012f i\u0161 pirmo\" \/>\n<meta name=\"robots\" content=\"index, follow, max-snippet:-1, max-image-preview:large, max-video-preview:-1\" \/>\n<link rel=\"canonical\" href=\"https:\/\/skaitytaknyga.lt\/en\/produktas\/purpuriniai-veneros-labirintai\/\" \/>\n<meta property=\"og:locale\" content=\"en_GB\" \/>\n<meta property=\"og:locale:alternate\" content=\"lt_LT\" \/>\n<meta property=\"og:type\" content=\"article\" \/>\n<meta property=\"og:title\" content=\"Purpuriniai Veneros labirintai\" \/>\n<meta property=\"og:description\" content=\"Agnet\u0117, gra\u017euol\u0117 \u017eymi\u0173 kaunie\u010di\u0173 dukra, ner\u016bpestingai leid\u017eia dienas, kol sutinka Lauryn\u0105 \u2013 jaun\u0105 \u017eav\u0173 ir labai turting\u0105 verslinink\u0105 \u2013ir j\u012f i\u0161 pirmo\" \/>\n<meta property=\"og:url\" content=\"https:\/\/skaitytaknyga.lt\/en\/produktas\/purpuriniai-veneros-labirintai\/\" \/>\n<meta property=\"og:site_name\" content=\"Skaitytaknyga\" \/>\n<meta property=\"article:publisher\" content=\"https:\/\/www.facebook.com\/skaitytaknyga\/\" \/>\n<meta property=\"article:modified_time\" content=\"2025-12-15T17:00:49+00:00\" \/>\n<meta property=\"og:image\" content=\"https:\/\/skaitytaknyga.lt\/wp-content\/uploads\/2025\/12\/purpuriniai-Veneros-labirintai-1-e1765817815728.webp\" \/>\n\t<meta property=\"og:image:width\" content=\"345\" \/>\n\t<meta property=\"og:image:height\" content=\"533\" \/>\n\t<meta property=\"og:image:type\" content=\"image\/webp\" \/>\n<meta name=\"twitter:card\" content=\"summary_large_image\" \/>\n<meta name=\"twitter:label1\" content=\"Estimated reading time\" \/>\n\t<meta name=\"twitter:data1\" content=\"1 minute\" \/>\n<script type=\"application\/ld+json\" class=\"yoast-schema-graph\">{\"@context\":\"https:\/\/schema.org\",\"@graph\":[{\"@type\":\"WebPage\",\"@id\":\"https:\/\/skaitytaknyga.lt\/produktas\/purpuriniai-veneros-labirintai\/\",\"url\":\"https:\/\/skaitytaknyga.lt\/produktas\/purpuriniai-veneros-labirintai\/\",\"name\":\"Purpuriniai Veneros labirintai\",\"isPartOf\":{\"@id\":\"https:\/\/skaitytaknyga.lt\/#website\"},\"primaryImageOfPage\":{\"@id\":\"https:\/\/skaitytaknyga.lt\/produktas\/purpuriniai-veneros-labirintai\/#primaryimage\"},\"image\":{\"@id\":\"https:\/\/skaitytaknyga.lt\/produktas\/purpuriniai-veneros-labirintai\/#primaryimage\"},\"thumbnailUrl\":\"https:\/\/skaitytaknyga.lt\/wp-content\/uploads\/2025\/12\/purpuriniai-Veneros-labirintai-1-e1765817815728.webp\",\"datePublished\":\"2025-11-30T11:31:13+00:00\",\"dateModified\":\"2025-12-15T17:00:49+00:00\",\"description\":\"Agnet\u0117, gra\u017euol\u0117 \u017eymi\u0173 kaunie\u010di\u0173 dukra, ner\u016bpestingai leid\u017eia dienas, kol sutinka Lauryn\u0105 \u2013 jaun\u0105 \u017eav\u0173 ir labai turting\u0105 verslinink\u0105 \u2013ir j\u012f i\u0161 pirmo\",\"breadcrumb\":{\"@id\":\"https:\/\/skaitytaknyga.lt\/produktas\/purpuriniai-veneros-labirintai\/#breadcrumb\"},\"inLanguage\":\"en-GB\",\"potentialAction\":[{\"@type\":\"ReadAction\",\"target\":[\"https:\/\/skaitytaknyga.lt\/produktas\/purpuriniai-veneros-labirintai\/\"]}]},{\"@type\":\"ImageObject\",\"inLanguage\":\"en-GB\",\"@id\":\"https:\/\/skaitytaknyga.lt\/produktas\/purpuriniai-veneros-labirintai\/#primaryimage\",\"url\":\"https:\/\/skaitytaknyga.lt\/wp-content\/uploads\/2025\/12\/purpuriniai-Veneros-labirintai-1-e1765817815728.webp\",\"contentUrl\":\"https:\/\/skaitytaknyga.lt\/wp-content\/uploads\/2025\/12\/purpuriniai-Veneros-labirintai-1-e1765817815728.webp\",\"width\":345,\"height\":533,\"caption\":\"purpuriniai Veneros labirintai (1)\"},{\"@type\":\"BreadcrumbList\",\"@id\":\"https:\/\/skaitytaknyga.lt\/produktas\/purpuriniai-veneros-labirintai\/#breadcrumb\",\"itemListElement\":[{\"@type\":\"ListItem\",\"position\":1,\"name\":\"Home\",\"item\":\"https:\/\/skaitytaknyga.lt\/\"},{\"@type\":\"ListItem\",\"position\":2,\"name\":\"Parduotuv\u0117\",\"item\":\"https:\/\/skaitytaknyga.lt\/knygu-parduotuve\/\"},{\"@type\":\"ListItem\",\"position\":3,\"name\":\"Purpuriniai Veneros labirintai\"}]},{\"@type\":\"WebSite\",\"@id\":\"https:\/\/skaitytaknyga.lt\/#website\",\"url\":\"https:\/\/skaitytaknyga.lt\/\",\"name\":\"skaitytaknyga.lt\",\"description\":\"Skaitytaknyga.lt \u2013 tai ma\u017eas \u0161eimos verslas, kuris prasid\u0117jo nuo meil\u0117s knygoms ir siekio i\u0161gelb\u0117ti knygas nuo likimo prie konteinerio. Kas vienam nereikalingas daiktas \u2013 kitam lobis, o mes esame tarpininkai, kurie padeda abiems tapti laimingesniems ???? \u017dinome kaip nelengva i\u0161gyventi ma\u017eiems verslams, tad nuo \u0161iol, \u010dia rasite ir kit\u0173, ma\u017e\u0173 \u0161eim\u0173 versl\u0173, rank\u0173 darbo, dovan\u0173 sau ir artimiesiems.\",\"publisher\":{\"@id\":\"https:\/\/skaitytaknyga.lt\/#organization\"},\"potentialAction\":[{\"@type\":\"SearchAction\",\"target\":{\"@type\":\"EntryPoint\",\"urlTemplate\":\"https:\/\/skaitytaknyga.lt\/?s={search_term_string}\"},\"query-input\":{\"@type\":\"PropertyValueSpecification\",\"valueRequired\":true,\"valueName\":\"search_term_string\"}}],\"inLanguage\":\"en-GB\"},{\"@type\":\"Organization\",\"@id\":\"https:\/\/skaitytaknyga.lt\/#organization\",\"name\":\"skaitytaknyga.lt\",\"url\":\"https:\/\/skaitytaknyga.lt\/\",\"logo\":{\"@type\":\"ImageObject\",\"inLanguage\":\"en-GB\",\"@id\":\"https:\/\/skaitytaknyga.lt\/#\/schema\/logo\/image\/\",\"url\":\"https:\/\/skaitytaknyga.lt\/wp-content\/uploads\/2024\/05\/cropped-cropped-cropped-02_00843_jt3bggkj1j3HLc7SyY6rEUpg.jpeg\",\"contentUrl\":\"https:\/\/skaitytaknyga.lt\/wp-content\/uploads\/2024\/05\/cropped-cropped-cropped-02_00843_jt3bggkj1j3HLc7SyY6rEUpg.jpeg\",\"width\":1600,\"height\":1600,\"caption\":\"skaitytaknyga.lt\"},\"image\":{\"@id\":\"https:\/\/skaitytaknyga.lt\/#\/schema\/logo\/image\/\"},\"sameAs\":[\"https:\/\/www.facebook.com\/skaitytaknyga\/\"]}]}<\/script>\n<!-- \/ Yoast SEO plugin. -->","yoast_head_json":{"title":"Purpuriniai Veneros labirintai","description":"Agnet\u0117, gra\u017euol\u0117 \u017eymi\u0173 kaunie\u010di\u0173 dukra, ner\u016bpestingai leid\u017eia dienas, kol sutinka Lauryn\u0105 \u2013 jaun\u0105 \u017eav\u0173 ir labai turting\u0105 verslinink\u0105 \u2013ir j\u012f i\u0161 pirmo","robots":{"index":"index","follow":"follow","max-snippet":"max-snippet:-1","max-image-preview":"max-image-preview:large","max-video-preview":"max-video-preview:-1"},"canonical":"https:\/\/skaitytaknyga.lt\/en\/produktas\/purpuriniai-veneros-labirintai\/","og_locale":"en_GB","og_type":"article","og_title":"[:lt]Purpuriniai Veneros labirintai[:] - Skaitytaknyga","og_description":"Agnet\u0117, gra\u017euol\u0117 \u017eymi\u0173 kaunie\u010di\u0173 dukra, ner\u016bpestingai leid\u017eia dienas, kol sutinka Lauryn\u0105 \u2013 jaun\u0105 \u017eav\u0173 ir labai turting\u0105 verslinink\u0105 \u2013ir j\u012f i\u0161 pirmo","og_url":"https:\/\/skaitytaknyga.lt\/en\/produktas\/purpuriniai-veneros-labirintai\/","og_site_name":"Skaitytaknyga","article_publisher":"https:\/\/www.facebook.com\/skaitytaknyga\/","article_modified_time":"2025-12-15T17:00:49+00:00","og_image":[{"width":345,"height":533,"url":"https:\/\/skaitytaknyga.lt\/wp-content\/uploads\/2025\/12\/purpuriniai-Veneros-labirintai-1-e1765817815728.webp","type":"image\/webp"}],"twitter_card":"summary_large_image","twitter_misc":{"Estimated reading time":"1 minute"},"schema":{"@context":"https:\/\/schema.org","@graph":[{"@type":"WebPage","@id":"https:\/\/skaitytaknyga.lt\/produktas\/purpuriniai-veneros-labirintai\/","url":"https:\/\/skaitytaknyga.lt\/produktas\/purpuriniai-veneros-labirintai\/","name":"Purpuriniai Veneros labirintai","isPartOf":{"@id":"https:\/\/skaitytaknyga.lt\/#website"},"primaryImageOfPage":{"@id":"https:\/\/skaitytaknyga.lt\/produktas\/purpuriniai-veneros-labirintai\/#primaryimage"},"image":{"@id":"https:\/\/skaitytaknyga.lt\/produktas\/purpuriniai-veneros-labirintai\/#primaryimage"},"thumbnailUrl":"https:\/\/skaitytaknyga.lt\/wp-content\/uploads\/2025\/12\/purpuriniai-Veneros-labirintai-1-e1765817815728.webp","datePublished":"2025-11-30T11:31:13+00:00","dateModified":"2025-12-15T17:00:49+00:00","description":"Agnet\u0117, gra\u017euol\u0117 \u017eymi\u0173 kaunie\u010di\u0173 dukra, ner\u016bpestingai leid\u017eia dienas, kol sutinka Lauryn\u0105 \u2013 jaun\u0105 \u017eav\u0173 ir labai turting\u0105 verslinink\u0105 \u2013ir j\u012f i\u0161 pirmo","breadcrumb":{"@id":"https:\/\/skaitytaknyga.lt\/produktas\/purpuriniai-veneros-labirintai\/#breadcrumb"},"inLanguage":"en-GB","potentialAction":[{"@type":"ReadAction","target":["https:\/\/skaitytaknyga.lt\/produktas\/purpuriniai-veneros-labirintai\/"]}]},{"@type":"ImageObject","inLanguage":"en-GB","@id":"https:\/\/skaitytaknyga.lt\/produktas\/purpuriniai-veneros-labirintai\/#primaryimage","url":"https:\/\/skaitytaknyga.lt\/wp-content\/uploads\/2025\/12\/purpuriniai-Veneros-labirintai-1-e1765817815728.webp","contentUrl":"https:\/\/skaitytaknyga.lt\/wp-content\/uploads\/2025\/12\/purpuriniai-Veneros-labirintai-1-e1765817815728.webp","width":345,"height":533,"caption":"purpuriniai Veneros labirintai (1)"},{"@type":"BreadcrumbList","@id":"https:\/\/skaitytaknyga.lt\/produktas\/purpuriniai-veneros-labirintai\/#breadcrumb","itemListElement":[{"@type":"ListItem","position":1,"name":"Home","item":"https:\/\/skaitytaknyga.lt\/"},{"@type":"ListItem","position":2,"name":"Parduotuv\u0117","item":"https:\/\/skaitytaknyga.lt\/knygu-parduotuve\/"},{"@type":"ListItem","position":3,"name":"Purpuriniai Veneros labirintai"}]},{"@type":"WebSite","@id":"https:\/\/skaitytaknyga.lt\/#website","url":"https:\/\/skaitytaknyga.lt\/","name":"skaitytaknyga.lt","description":"Skaitytaknyga.lt \u2013 tai ma\u017eas \u0161eimos verslas, kuris prasid\u0117jo nuo meil\u0117s knygoms ir siekio i\u0161gelb\u0117ti knygas nuo likimo prie konteinerio. Kas vienam nereikalingas daiktas \u2013 kitam lobis, o mes esame tarpininkai, kurie padeda abiems tapti laimingesniems ???? \u017dinome kaip nelengva i\u0161gyventi ma\u017eiems verslams, tad nuo \u0161iol, \u010dia rasite ir kit\u0173, ma\u017e\u0173 \u0161eim\u0173 versl\u0173, rank\u0173 darbo, dovan\u0173 sau ir artimiesiems.","publisher":{"@id":"https:\/\/skaitytaknyga.lt\/#organization"},"potentialAction":[{"@type":"SearchAction","target":{"@type":"EntryPoint","urlTemplate":"https:\/\/skaitytaknyga.lt\/?s={search_term_string}"},"query-input":{"@type":"PropertyValueSpecification","valueRequired":true,"valueName":"search_term_string"}}],"inLanguage":"en-GB"},{"@type":"Organization","@id":"https:\/\/skaitytaknyga.lt\/#organization","name":"skaitytaknyga.lt","url":"https:\/\/skaitytaknyga.lt\/","logo":{"@type":"ImageObject","inLanguage":"en-GB","@id":"https:\/\/skaitytaknyga.lt\/#\/schema\/logo\/image\/","url":"https:\/\/skaitytaknyga.lt\/wp-content\/uploads\/2024\/05\/cropped-cropped-cropped-02_00843_jt3bggkj1j3HLc7SyY6rEUpg.jpeg","contentUrl":"https:\/\/skaitytaknyga.lt\/wp-content\/uploads\/2024\/05\/cropped-cropped-cropped-02_00843_jt3bggkj1j3HLc7SyY6rEUpg.jpeg","width":1600,"height":1600,"caption":"skaitytaknyga.lt"},"image":{"@id":"https:\/\/skaitytaknyga.lt\/#\/schema\/logo\/image\/"},"sameAs":["https:\/\/www.facebook.com\/skaitytaknyga\/"]}]}},"_links":{"self":[{"href":"https:\/\/skaitytaknyga.lt\/en\/wp-json\/wp\/v2\/product\/22193","targetHints":{"allow":["GET"]}}],"collection":[{"href":"https:\/\/skaitytaknyga.lt\/en\/wp-json\/wp\/v2\/product"}],"about":[{"href":"https:\/\/skaitytaknyga.lt\/en\/wp-json\/wp\/v2\/types\/product"}],"replies":[{"embeddable":true,"href":"https:\/\/skaitytaknyga.lt\/en\/wp-json\/wp\/v2\/comments?post=22193"}],"wp:featuredmedia":[{"embeddable":true,"href":"https:\/\/skaitytaknyga.lt\/en\/wp-json\/wp\/v2\/media\/22229"}],"wp:attachment":[{"href":"https:\/\/skaitytaknyga.lt\/en\/wp-json\/wp\/v2\/media?parent=22193"}],"wp:term":[{"taxonomy":"product_brand","embeddable":true,"href":"https:\/\/skaitytaknyga.lt\/en\/wp-json\/wp\/v2\/product_brand?post=22193"},{"taxonomy":"product_cat","embeddable":true,"href":"https:\/\/skaitytaknyga.lt\/en\/wp-json\/wp\/v2\/product_cat?post=22193"},{"taxonomy":"product_tag","embeddable":true,"href":"https:\/\/skaitytaknyga.lt\/en\/wp-json\/wp\/v2\/product_tag?post=22193"}],"curies":[{"name":"wp","href":"https:\/\/api.w.org\/{rel}","templated":true}]}}