{"id":22192,"date":"2025-11-30T13:31:12","date_gmt":"2025-11-30T11:31:12","guid":{"rendered":"https:\/\/skaitytaknyga.lt\/?post_type=product&#038;p=22192"},"modified":"2026-03-18T11:02:12","modified_gmt":"2026-03-18T09:02:12","slug":"karaliskieji-londono-triusiai","status":"publish","type":"product","link":"https:\/\/skaitytaknyga.lt\/en\/produktas\/karaliskieji-londono-triusiai\/","title":{"rendered":"Karali\u0161kieji Londono triu\u0161iai"},"content":{"rendered":"<p>Gyvenimas yra nuotykis. \u0160iame pasaulyje viskas \u012fmanoma \u2013 reikia tik noro ir s\u0117km\u0117s, \u0161lapio morkigalio, dr\u0117gnos nosies ir grie\u017ein\u0117lio pa\u0161\u0117lusios dr\u0105sos!<\/p>\n<p>Knyga \u201eKarali\u0161kieji Londono triu\u0161iai\u201c \u2013 \u017eymiojo brit\u0173 istoriko Simono Sebago Montefior\u0117s ir jo \u017emonos, roman\u0173 ra\u0161ytojos, Santos Montefior\u0117s pirmoji knyga vaikams, skirta s\u016bnui Sa\u0161ai. Kart\u0105 Sa\u0161a niekaip negal\u0117jo u\u017emigti. \u201eGalvok apie tai, k\u0105 myli&#8221;, \u2013 patar\u0117 jam t\u0117vai. \u201eTriu\u0161iai&#8221;, \u2013 parei\u0161k\u0117 septynmetis Sa\u0161a. Taip gim\u0117 \u0161i istorija&#8230;<\/p>\n<p>Varg\u0161as triu\u0161elis \u0160ailas buvo pats ma\u017eiausias ir bailiausias \u0161eimoje. Stipresni, vikresni broliai j\u012f nuolat erzino. Jis draugavo tik su senuoju Horacijum, kurio visi priveng\u0117. Kart\u0105 i\u0161 Horacijaus jam atskleid\u0117 did\u017eiul\u0119 paslapt\u012f: nuo neatmenam\u0173 laik\u0173 po Bakingamo r\u016bmais gyvena Karali\u0161kieji Londono Triu\u0161iai, kuri\u0173 misija \u2013 tarnauti Karalienei ir saugoti j\u0105! Netikite? Ir \u0160ailas netik\u0117jo. Bet syk\u012f nety\u010dia jis sutinka \u017diurkaracus, planuojan\u010dius slapta nufotografuoti Karalien\u0119, tad jam belieka keliauti \u012f London\u0105 ir \u012fsp\u0117ti Karali\u0161kuosius Triu\u0161ius apie pavoj\u0173. \u0160ailas bijo ir nepasitiki savimi, ta\u010diau sukaupia vis\u0105 dr\u0105s\u0105 ir leid\u017eiasi \u012f kelion\u0119. Toji kelion\u0117 nuves bailiuk\u0105 \u0160ail\u0105 \u012f paslapting\u0105 Karali\u0161k\u0173j\u0173 Triu\u0161i\u0173 buvein\u0119, ten jam teks stoti \u012f kov\u0105 su \u0161lyk\u0161\u010diaisiais \u017diurkaracais ir \u0160unauja. Triu\u0161elis \u012frodys, kad sugeba kur kas daugiau, nei visi man\u0117! Bet ar pavyks \u0160ailui i\u0161gelb\u0117ti Karalien\u0119?<\/p>\n<p>Nori su\u017einoti, kas slypi po Anglijos karalien\u0117s r\u016bmais? K\u0105 kalba Karalien\u0117, maudydamasi vonioje? Kur yra slaptieji tuneliai? Stebukl\u0173 ir nuotyki\u0173 kupina knyga \u201eKarali\u0161kieji Londono Triu\u0161iai&#8221; tau atskleis labiausiai saugomas r\u016bm\u0173 ir triu\u0161i\u0173 gyvenimo paslaptis!<\/p>\n","protected":false},"excerpt":{"rendered":"<p>Gyvenimas yra nuotykis. \u0160iame pasaulyje viskas \u012fmanoma \u2013 reikia tik noro ir s\u0117km\u0117s, \u0161lapio morkigalio, dr\u0117gnos nosies ir grie\u017ein\u0117lio pa\u0161\u0117lusios dr\u0105sos! Knyga \u201eKarali\u0161kieji Londono triu\u0161iai\u201c \u2013 \u017eymiojo brit\u0173 istoriko Simono Sebago Montefior\u0117s ir jo \u017emonos, roman\u0173 ra\u0161ytojos, Santos Montefior\u0117s pirmoji knyga vaikams, skirta s\u016bnui Sa\u0161ai. Kart\u0105 Sa\u0161a niekaip negal\u0117jo u\u017emigti. \u201eGalvok apie tai, k\u0105 myli&#8221;, \u2013 patar\u0117 jam t\u0117vai. \u201eTriu\u0161iai&#8221;, \u2013 parei\u0161k\u0117 septynmetis Sa\u0161a. Taip gim\u0117 \u0161i istorija&#8230; Varg\u0161as triu\u0161elis \u0160ailas buvo pats ma\u017eiausias ir bailiausias \u0161eimoje. Stipresni, vikresni broliai j\u012f nuolat erzino. Jis draugavo tik su senuoju Horacijum, kurio visi priveng\u0117. Kart\u0105 i\u0161 Horacijaus jam atskleid\u0117 did\u017eiul\u0119 paslapt\u012f: nuo neatmenam\u0173 laik\u0173 po Bakingamo r\u016bmais gyvena Karali\u0161kieji Londono Triu\u0161iai, kuri\u0173 misija \u2013 tarnauti Karalienei ir saugoti j\u0105! Netikite? Ir \u0160ailas netik\u0117jo. Bet syk\u012f nety\u010dia jis sutinka \u017diurkaracus, planuojan\u010dius slapta nufotografuoti Karalien\u0119, tad jam belieka keliauti \u012f London\u0105 ir \u012fsp\u0117ti Karali\u0161kuosius Triu\u0161ius apie pavoj\u0173. \u0160ailas bijo ir nepasitiki savimi, ta\u010diau sukaupia vis\u0105 dr\u0105s\u0105 ir leid\u017eiasi \u012f kelion\u0119. Toji kelion\u0117 nuves bailiuk\u0105 \u0160ail\u0105 \u012f paslapting\u0105 Karali\u0161k\u0173j\u0173 Triu\u0161i\u0173 buvein\u0119, ten jam teks stoti \u012f kov\u0105 su \u0161lyk\u0161\u010diaisiais \u017diurkaracais ir \u0160unauja. Triu\u0161elis \u012frodys, kad sugeba kur kas daugiau, nei visi man\u0117! Bet ar pavyks \u0160ailui i\u0161gelb\u0117ti Karalien\u0119? Nori su\u017einoti, kas slypi po Anglijos karalien\u0117s r\u016bmais? K\u0105 kalba Karalien\u0117, maudydamasi vonioje? Kur yra slaptieji tuneliai? Stebukl\u0173 ir nuotyki\u0173 kupina knyga \u201eKarali\u0161kieji Londono Triu\u0161iai&#8221; tau atskleis labiausiai saugomas r\u016bm\u0173 ir triu\u0161i\u0173 gyvenimo paslaptis!<\/p>\n","protected":false},"featured_media":22199,"comment_status":"open","ping_status":"closed","template":"","meta":{"_acf_changed":false,"site-sidebar-layout":"default","site-content-layout":"","ast-site-content-layout":"default","site-content-style":"default","site-sidebar-style":"default","ast-global-header-display":"","ast-banner-title-visibility":"","ast-main-header-display":"","ast-hfb-above-header-display":"","ast-hfb-below-header-display":"","ast-hfb-mobile-header-display":"","site-post-title":"","ast-breadcrumbs-content":"","ast-featured-img":"","footer-sml-layout":"","ast-disable-related-posts":"","theme-transparent-header-meta":"","adv-header-id-meta":"","stick-header-meta":"","header-above-stick-meta":"","header-main-stick-meta":"","header-below-stick-meta":"","astra-migrate-meta-layouts":"default","ast-page-background-enabled":"default","ast-page-background-meta":{"desktop":{"background-color":"","background-image":"","background-repeat":"repeat","background-position":"center center","background-size":"auto","background-attachment":"scroll","background-type":"","background-media":"","overlay-type":"","overlay-color":"","overlay-opacity":"","overlay-gradient":""},"tablet":{"background-color":"","background-image":"","background-repeat":"repeat","background-position":"center center","background-size":"auto","background-attachment":"scroll","background-type":"","background-media":"","overlay-type":"","overlay-color":"","overlay-opacity":"","overlay-gradient":""},"mobile":{"background-color":"","background-image":"","background-repeat":"repeat","background-position":"center center","background-size":"auto","background-attachment":"scroll","background-type":"","background-media":"","overlay-type":"","overlay-color":"","overlay-opacity":"","overlay-gradient":""}},"ast-content-background-meta":{"desktop":{"background-color":"var(--ast-global-color-4)","background-image":"","background-repeat":"repeat","background-position":"center center","background-size":"auto","background-attachment":"scroll","background-type":"","background-media":"","overlay-type":"","overlay-color":"","overlay-opacity":"","overlay-gradient":""},"tablet":{"background-color":"var(--ast-global-color-4)","background-image":"","background-repeat":"repeat","background-position":"center center","background-size":"auto","background-attachment":"scroll","background-type":"","background-media":"","overlay-type":"","overlay-color":"","overlay-opacity":"","overlay-gradient":""},"mobile":{"background-color":"var(--ast-global-color-4)","background-image":"","background-repeat":"repeat","background-position":"center center","background-size":"auto","background-attachment":"scroll","background-type":"","background-media":"","overlay-type":"","overlay-color":"","overlay-opacity":"","overlay-gradient":""}}},"product_brand":[],"product_cat":[9674],"product_tag":[],"class_list":{"0":"post-22192","1":"product","2":"type-product","3":"status-publish","4":"has-post-thumbnail","6":"product_cat-pradinukams","7":"desktop-align-left","8":"tablet-align-left","9":"mobile-align-left","11":"first","12":"instock","13":"shipping-taxable","14":"purchasable","15":"product-type-simple"},"acf":[],"yoast_head":"<!-- This site is optimized with the Yoast SEO plugin v27.0 - https:\/\/yoast.com\/product\/yoast-seo-wordpress\/ -->\n<title>Karali\u0161kieji Londono triu\u0161iai<\/title>\n<meta name=\"description\" content=\"Gyvenimas yra nuotykis. \u0160iame pasaulyje viskas \u012fmanoma \u2013 reikia tik noro ir s\u0117km\u0117s, \u0161lapio morkigalio, dr\u0117gnos nosies ir grie\u017ein\u0117lio pa\u0161\u0117lusios dr\u0105sos!\" \/>\n<meta name=\"robots\" content=\"index, follow, max-snippet:-1, max-image-preview:large, max-video-preview:-1\" \/>\n<link rel=\"canonical\" href=\"https:\/\/skaitytaknyga.lt\/en\/produktas\/karaliskieji-londono-triusiai\/\" \/>\n<meta property=\"og:locale\" content=\"en_GB\" \/>\n<meta property=\"og:locale:alternate\" content=\"lt_LT\" \/>\n<meta property=\"og:type\" content=\"article\" \/>\n<meta property=\"og:title\" content=\"Karali\u0161kieji Londono triu\u0161iai\" \/>\n<meta property=\"og:description\" content=\"Gyvenimas yra nuotykis. \u0160iame pasaulyje viskas \u012fmanoma \u2013 reikia tik noro ir s\u0117km\u0117s, \u0161lapio morkigalio, dr\u0117gnos nosies ir grie\u017ein\u0117lio pa\u0161\u0117lusios dr\u0105sos!\" \/>\n<meta property=\"og:url\" content=\"https:\/\/skaitytaknyga.lt\/en\/produktas\/karaliskieji-londono-triusiai\/\" \/>\n<meta property=\"og:site_name\" content=\"Skaitytaknyga\" \/>\n<meta property=\"article:publisher\" content=\"https:\/\/www.facebook.com\/skaitytaknyga\/\" \/>\n<meta property=\"article:modified_time\" content=\"2026-03-18T09:02:12+00:00\" \/>\n<meta property=\"og:image\" content=\"https:\/\/skaitytaknyga.lt\/wp-content\/uploads\/2025\/11\/Karaliskieji-Londono-triusiai-1.webp\" \/>\n\t<meta property=\"og:image:width\" content=\"300\" \/>\n\t<meta property=\"og:image:height\" content=\"450\" \/>\n\t<meta property=\"og:image:type\" content=\"image\/webp\" \/>\n<meta name=\"twitter:card\" content=\"summary_large_image\" \/>\n<meta name=\"twitter:label1\" content=\"Estimated reading time\" \/>\n\t<meta name=\"twitter:data1\" content=\"1 minute\" \/>\n<script type=\"application\/ld+json\" class=\"yoast-schema-graph\">{\"@context\":\"https:\/\/schema.org\",\"@graph\":[{\"@type\":\"WebPage\",\"@id\":\"https:\/\/skaitytaknyga.lt\/produktas\/karaliskieji-londono-triusiai\/\",\"url\":\"https:\/\/skaitytaknyga.lt\/produktas\/karaliskieji-londono-triusiai\/\",\"name\":\"Karali\u0161kieji Londono triu\u0161iai\",\"isPartOf\":{\"@id\":\"https:\/\/skaitytaknyga.lt\/#website\"},\"primaryImageOfPage\":{\"@id\":\"https:\/\/skaitytaknyga.lt\/produktas\/karaliskieji-londono-triusiai\/#primaryimage\"},\"image\":{\"@id\":\"https:\/\/skaitytaknyga.lt\/produktas\/karaliskieji-londono-triusiai\/#primaryimage\"},\"thumbnailUrl\":\"https:\/\/skaitytaknyga.lt\/wp-content\/uploads\/2025\/11\/Karaliskieji-Londono-triusiai-1.webp\",\"datePublished\":\"2025-11-30T11:31:12+00:00\",\"dateModified\":\"2026-03-18T09:02:12+00:00\",\"description\":\"Gyvenimas yra nuotykis. \u0160iame pasaulyje viskas \u012fmanoma \u2013 reikia tik noro ir s\u0117km\u0117s, \u0161lapio morkigalio, dr\u0117gnos nosies ir grie\u017ein\u0117lio pa\u0161\u0117lusios dr\u0105sos!\",\"breadcrumb\":{\"@id\":\"https:\/\/skaitytaknyga.lt\/produktas\/karaliskieji-londono-triusiai\/#breadcrumb\"},\"inLanguage\":\"en-GB\",\"potentialAction\":[{\"@type\":\"ReadAction\",\"target\":[\"https:\/\/skaitytaknyga.lt\/produktas\/karaliskieji-londono-triusiai\/\"]}]},{\"@type\":\"ImageObject\",\"inLanguage\":\"en-GB\",\"@id\":\"https:\/\/skaitytaknyga.lt\/produktas\/karaliskieji-londono-triusiai\/#primaryimage\",\"url\":\"https:\/\/skaitytaknyga.lt\/wp-content\/uploads\/2025\/11\/Karaliskieji-Londono-triusiai-1.webp\",\"contentUrl\":\"https:\/\/skaitytaknyga.lt\/wp-content\/uploads\/2025\/11\/Karaliskieji-Londono-triusiai-1.webp\",\"width\":300,\"height\":450,\"caption\":\"Karali\u0161kieji Londono triu\u0161iai\"},{\"@type\":\"BreadcrumbList\",\"@id\":\"https:\/\/skaitytaknyga.lt\/produktas\/karaliskieji-londono-triusiai\/#breadcrumb\",\"itemListElement\":[{\"@type\":\"ListItem\",\"position\":1,\"name\":\"Home\",\"item\":\"https:\/\/skaitytaknyga.lt\/\"},{\"@type\":\"ListItem\",\"position\":2,\"name\":\"Parduotuv\u0117\",\"item\":\"https:\/\/skaitytaknyga.lt\/knygu-parduotuve\/\"},{\"@type\":\"ListItem\",\"position\":3,\"name\":\"Karali\u0161kieji Londono triu\u0161iai\"}]},{\"@type\":\"WebSite\",\"@id\":\"https:\/\/skaitytaknyga.lt\/#website\",\"url\":\"https:\/\/skaitytaknyga.lt\/\",\"name\":\"skaitytaknyga.lt\",\"description\":\"Skaitytaknyga.lt \u2013 tai ma\u017eas \u0161eimos verslas, kuris prasid\u0117jo nuo meil\u0117s knygoms ir siekio i\u0161gelb\u0117ti knygas nuo likimo prie konteinerio. Kas vienam nereikalingas daiktas \u2013 kitam lobis, o mes esame tarpininkai, kurie padeda abiems tapti laimingesniems ???? \u017dinome kaip nelengva i\u0161gyventi ma\u017eiems verslams, tad nuo \u0161iol, \u010dia rasite ir kit\u0173, ma\u017e\u0173 \u0161eim\u0173 versl\u0173, rank\u0173 darbo, dovan\u0173 sau ir artimiesiems.\",\"publisher\":{\"@id\":\"https:\/\/skaitytaknyga.lt\/#organization\"},\"potentialAction\":[{\"@type\":\"SearchAction\",\"target\":{\"@type\":\"EntryPoint\",\"urlTemplate\":\"https:\/\/skaitytaknyga.lt\/?s={search_term_string}\"},\"query-input\":{\"@type\":\"PropertyValueSpecification\",\"valueRequired\":true,\"valueName\":\"search_term_string\"}}],\"inLanguage\":\"en-GB\"},{\"@type\":\"Organization\",\"@id\":\"https:\/\/skaitytaknyga.lt\/#organization\",\"name\":\"skaitytaknyga.lt\",\"url\":\"https:\/\/skaitytaknyga.lt\/\",\"logo\":{\"@type\":\"ImageObject\",\"inLanguage\":\"en-GB\",\"@id\":\"https:\/\/skaitytaknyga.lt\/#\/schema\/logo\/image\/\",\"url\":\"https:\/\/skaitytaknyga.lt\/wp-content\/uploads\/2024\/05\/cropped-cropped-cropped-02_00843_jt3bggkj1j3HLc7SyY6rEUpg.jpeg\",\"contentUrl\":\"https:\/\/skaitytaknyga.lt\/wp-content\/uploads\/2024\/05\/cropped-cropped-cropped-02_00843_jt3bggkj1j3HLc7SyY6rEUpg.jpeg\",\"width\":1600,\"height\":1600,\"caption\":\"skaitytaknyga.lt\"},\"image\":{\"@id\":\"https:\/\/skaitytaknyga.lt\/#\/schema\/logo\/image\/\"},\"sameAs\":[\"https:\/\/www.facebook.com\/skaitytaknyga\/\"]}]}<\/script>\n<!-- \/ Yoast SEO plugin. -->","yoast_head_json":{"title":"Karali\u0161kieji Londono triu\u0161iai","description":"Gyvenimas yra nuotykis. \u0160iame pasaulyje viskas \u012fmanoma \u2013 reikia tik noro ir s\u0117km\u0117s, \u0161lapio morkigalio, dr\u0117gnos nosies ir grie\u017ein\u0117lio pa\u0161\u0117lusios dr\u0105sos!","robots":{"index":"index","follow":"follow","max-snippet":"max-snippet:-1","max-image-preview":"max-image-preview:large","max-video-preview":"max-video-preview:-1"},"canonical":"https:\/\/skaitytaknyga.lt\/en\/produktas\/karaliskieji-londono-triusiai\/","og_locale":"en_GB","og_type":"article","og_title":"[:lt]Karali\u0161kieji Londono triu\u0161iai[:] - Skaitytaknyga","og_description":"Gyvenimas yra nuotykis. \u0160iame pasaulyje viskas \u012fmanoma \u2013 reikia tik noro ir s\u0117km\u0117s, \u0161lapio morkigalio, dr\u0117gnos nosies ir grie\u017ein\u0117lio pa\u0161\u0117lusios dr\u0105sos!","og_url":"https:\/\/skaitytaknyga.lt\/en\/produktas\/karaliskieji-londono-triusiai\/","og_site_name":"Skaitytaknyga","article_publisher":"https:\/\/www.facebook.com\/skaitytaknyga\/","article_modified_time":"2026-03-18T09:02:12+00:00","og_image":[{"width":300,"height":450,"url":"https:\/\/skaitytaknyga.lt\/wp-content\/uploads\/2025\/11\/Karaliskieji-Londono-triusiai-1.webp","type":"image\/webp"}],"twitter_card":"summary_large_image","twitter_misc":{"Estimated reading time":"1 minute"},"schema":{"@context":"https:\/\/schema.org","@graph":[{"@type":"WebPage","@id":"https:\/\/skaitytaknyga.lt\/produktas\/karaliskieji-londono-triusiai\/","url":"https:\/\/skaitytaknyga.lt\/produktas\/karaliskieji-londono-triusiai\/","name":"Karali\u0161kieji Londono triu\u0161iai","isPartOf":{"@id":"https:\/\/skaitytaknyga.lt\/#website"},"primaryImageOfPage":{"@id":"https:\/\/skaitytaknyga.lt\/produktas\/karaliskieji-londono-triusiai\/#primaryimage"},"image":{"@id":"https:\/\/skaitytaknyga.lt\/produktas\/karaliskieji-londono-triusiai\/#primaryimage"},"thumbnailUrl":"https:\/\/skaitytaknyga.lt\/wp-content\/uploads\/2025\/11\/Karaliskieji-Londono-triusiai-1.webp","datePublished":"2025-11-30T11:31:12+00:00","dateModified":"2026-03-18T09:02:12+00:00","description":"Gyvenimas yra nuotykis. \u0160iame pasaulyje viskas \u012fmanoma \u2013 reikia tik noro ir s\u0117km\u0117s, \u0161lapio morkigalio, dr\u0117gnos nosies ir grie\u017ein\u0117lio pa\u0161\u0117lusios dr\u0105sos!","breadcrumb":{"@id":"https:\/\/skaitytaknyga.lt\/produktas\/karaliskieji-londono-triusiai\/#breadcrumb"},"inLanguage":"en-GB","potentialAction":[{"@type":"ReadAction","target":["https:\/\/skaitytaknyga.lt\/produktas\/karaliskieji-londono-triusiai\/"]}]},{"@type":"ImageObject","inLanguage":"en-GB","@id":"https:\/\/skaitytaknyga.lt\/produktas\/karaliskieji-londono-triusiai\/#primaryimage","url":"https:\/\/skaitytaknyga.lt\/wp-content\/uploads\/2025\/11\/Karaliskieji-Londono-triusiai-1.webp","contentUrl":"https:\/\/skaitytaknyga.lt\/wp-content\/uploads\/2025\/11\/Karaliskieji-Londono-triusiai-1.webp","width":300,"height":450,"caption":"Karali\u0161kieji Londono triu\u0161iai"},{"@type":"BreadcrumbList","@id":"https:\/\/skaitytaknyga.lt\/produktas\/karaliskieji-londono-triusiai\/#breadcrumb","itemListElement":[{"@type":"ListItem","position":1,"name":"Home","item":"https:\/\/skaitytaknyga.lt\/"},{"@type":"ListItem","position":2,"name":"Parduotuv\u0117","item":"https:\/\/skaitytaknyga.lt\/knygu-parduotuve\/"},{"@type":"ListItem","position":3,"name":"Karali\u0161kieji Londono triu\u0161iai"}]},{"@type":"WebSite","@id":"https:\/\/skaitytaknyga.lt\/#website","url":"https:\/\/skaitytaknyga.lt\/","name":"skaitytaknyga.lt","description":"Skaitytaknyga.lt \u2013 tai ma\u017eas \u0161eimos verslas, kuris prasid\u0117jo nuo meil\u0117s knygoms ir siekio i\u0161gelb\u0117ti knygas nuo likimo prie konteinerio. Kas vienam nereikalingas daiktas \u2013 kitam lobis, o mes esame tarpininkai, kurie padeda abiems tapti laimingesniems ???? \u017dinome kaip nelengva i\u0161gyventi ma\u017eiems verslams, tad nuo \u0161iol, \u010dia rasite ir kit\u0173, ma\u017e\u0173 \u0161eim\u0173 versl\u0173, rank\u0173 darbo, dovan\u0173 sau ir artimiesiems.","publisher":{"@id":"https:\/\/skaitytaknyga.lt\/#organization"},"potentialAction":[{"@type":"SearchAction","target":{"@type":"EntryPoint","urlTemplate":"https:\/\/skaitytaknyga.lt\/?s={search_term_string}"},"query-input":{"@type":"PropertyValueSpecification","valueRequired":true,"valueName":"search_term_string"}}],"inLanguage":"en-GB"},{"@type":"Organization","@id":"https:\/\/skaitytaknyga.lt\/#organization","name":"skaitytaknyga.lt","url":"https:\/\/skaitytaknyga.lt\/","logo":{"@type":"ImageObject","inLanguage":"en-GB","@id":"https:\/\/skaitytaknyga.lt\/#\/schema\/logo\/image\/","url":"https:\/\/skaitytaknyga.lt\/wp-content\/uploads\/2024\/05\/cropped-cropped-cropped-02_00843_jt3bggkj1j3HLc7SyY6rEUpg.jpeg","contentUrl":"https:\/\/skaitytaknyga.lt\/wp-content\/uploads\/2024\/05\/cropped-cropped-cropped-02_00843_jt3bggkj1j3HLc7SyY6rEUpg.jpeg","width":1600,"height":1600,"caption":"skaitytaknyga.lt"},"image":{"@id":"https:\/\/skaitytaknyga.lt\/#\/schema\/logo\/image\/"},"sameAs":["https:\/\/www.facebook.com\/skaitytaknyga\/"]}]}},"_links":{"self":[{"href":"https:\/\/skaitytaknyga.lt\/en\/wp-json\/wp\/v2\/product\/22192","targetHints":{"allow":["GET"]}}],"collection":[{"href":"https:\/\/skaitytaknyga.lt\/en\/wp-json\/wp\/v2\/product"}],"about":[{"href":"https:\/\/skaitytaknyga.lt\/en\/wp-json\/wp\/v2\/types\/product"}],"replies":[{"embeddable":true,"href":"https:\/\/skaitytaknyga.lt\/en\/wp-json\/wp\/v2\/comments?post=22192"}],"wp:featuredmedia":[{"embeddable":true,"href":"https:\/\/skaitytaknyga.lt\/en\/wp-json\/wp\/v2\/media\/22199"}],"wp:attachment":[{"href":"https:\/\/skaitytaknyga.lt\/en\/wp-json\/wp\/v2\/media?parent=22192"}],"wp:term":[{"taxonomy":"product_brand","embeddable":true,"href":"https:\/\/skaitytaknyga.lt\/en\/wp-json\/wp\/v2\/product_brand?post=22192"},{"taxonomy":"product_cat","embeddable":true,"href":"https:\/\/skaitytaknyga.lt\/en\/wp-json\/wp\/v2\/product_cat?post=22192"},{"taxonomy":"product_tag","embeddable":true,"href":"https:\/\/skaitytaknyga.lt\/en\/wp-json\/wp\/v2\/product_tag?post=22192"}],"curies":[{"name":"wp","href":"https:\/\/api.w.org\/{rel}","templated":true}]}}