{"id":22190,"date":"2025-11-30T13:31:12","date_gmt":"2025-11-30T11:31:12","guid":{"rendered":"https:\/\/skaitytaknyga.lt\/?post_type=product&#038;p=22190"},"modified":"2025-12-15T18:57:39","modified_gmt":"2025-12-15T16:57:39","slug":"samanas","status":"publish","type":"product","link":"https:\/\/skaitytaknyga.lt\/en\/produktas\/samanas\/","title":{"rendered":"\u0160amanas"},"content":{"rendered":"<p>\u201e\u0160amanas\u201c yra antroji amerikie\u010di\u0173 ra\u0161ytojo Noah Gordono trilogijos knyga (pirmoji \u2013 \u201eGydytojas. Avicenos mokinys\u201c), pasakojanti Koul\u0173 \u0161eimos istorij\u0105. Pra\u0117jus 800 met\u0173 nuo pirmosios knygos \u012fvyki\u0173, Robo Koulo proproprovaikaitis Robas D\u017eeremis Koulas ir jo s\u016bnus \u0160amanas m\u0117gina \u012fsitvirtinti Naujajame Pasaulyje \u2013 Amerikoje.<\/p>\n<p>Nuo pat XI am\u017eiaus vyriausiasis kiekvienos Koul\u0173 kartos s\u016bnus pagal tradicij\u0105 gauna \u017eymiojo prot\u0117vio vard\u0105 Robas, ir daugelis j\u0173 renkasi t\u0105 pa\u010di\u0105 gerbiam\u0105 mediko profesij\u0105. Kelis i\u0161 j\u0173 likimas apdovanojo ir i\u0161skirtiniu diagnostiniu prot\u0117vio talentu bei ypatingu \u0161e\u0161tuoju poj\u016b\u010diu \u2013 galimybe instinktyviai pajusti art\u0117jan\u010di\u0105 mirt\u012f.<\/p>\n<p>XIX a. Robo D\u017eeremio Koulo tragedija yra jo s\u016bnaus Roberto D\u017eefersono, kur\u012f visi vadina \u0160amanu, kurtumas. Pastarojo gyvenimas nelepina: prival\u0117j\u0119s i\u0161mokti kalb\u0117ti, kad gal\u0117t\u0173 pritapti girdin\u010di\u0173j\u0173 pasaulyje, vaikinas turi nuolat kovoti su i\u0161ankstin\u0117mis fiziniam ne\u012fgalumui nepakan\u010dios visuomen\u0117s nuomon\u0117mis ir nusistatymais. \u0160amanui sunkiai ie\u0161kant savo vietos pasaulyje, Koul\u0173 gimin\u0117 kartu su Amerika \u012ftraukiama \u012f nuo\u017em\u0173 konflikt\u0105 tarp \u0161alies \u0160iaur\u0117s ir Piet\u0173: \u012fsiliepsnoja JAV pilietinis karas.<\/p>\n<p>N. Gordonas prad\u0117jo ra\u0161yti sulauk\u0119s 39 m., nuo to laiko ra\u0161ymas \u2013 did\u017eiausia jo aistra. Autorius i\u0161gars\u0117jo romanu \u201eGydytojas. Avicenos mokinys\u201c, kuris daugelyje \u0161ali\u0173 tapo tikra sensacija. Antr\u0105j\u0105 knyg\u0105 \u2013 \u201e\u0160amanas\u201c \u2013 Amerikos istorik\u0173 draugija 1993 m. i\u0161rinko istoriniu met\u0173 romanu. \u0160ie ir kiti istoriniai ra\u0161ytojo romanai peln\u0117 ne vien\u0105 premij\u0105 ir yra vertinami viso pasaulio skaitytoj\u0173, kritik\u0173.<\/p>\n","protected":false},"excerpt":{"rendered":"<p>\u201e\u0160amanas\u201c yra antroji amerikie\u010di\u0173 ra\u0161ytojo Noah Gordono trilogijos knyga (pirmoji \u2013 \u201eGydytojas. Avicenos mokinys\u201c), pasakojanti Koul\u0173 \u0161eimos istorij\u0105. Pra\u0117jus 800 met\u0173 nuo pirmosios knygos \u012fvyki\u0173, Robo Koulo proproprovaikaitis Robas D\u017eeremis Koulas ir jo s\u016bnus \u0160amanas m\u0117gina \u012fsitvirtinti Naujajame Pasaulyje \u2013 Amerikoje. Nuo pat XI am\u017eiaus vyriausiasis kiekvienos Koul\u0173 kartos s\u016bnus pagal tradicij\u0105 gauna \u017eymiojo prot\u0117vio vard\u0105 Robas, ir daugelis j\u0173 renkasi t\u0105 pa\u010di\u0105 gerbiam\u0105 mediko profesij\u0105. Kelis i\u0161 j\u0173 likimas apdovanojo ir i\u0161skirtiniu diagnostiniu prot\u0117vio talentu bei ypatingu \u0161e\u0161tuoju poj\u016b\u010diu \u2013 galimybe instinktyviai pajusti art\u0117jan\u010di\u0105 mirt\u012f. XIX a. Robo D\u017eeremio Koulo tragedija yra jo s\u016bnaus Roberto D\u017eefersono, kur\u012f visi vadina \u0160amanu, kurtumas. Pastarojo gyvenimas nelepina: prival\u0117j\u0119s i\u0161mokti kalb\u0117ti, kad gal\u0117t\u0173 pritapti girdin\u010di\u0173j\u0173 pasaulyje, vaikinas turi nuolat kovoti su i\u0161ankstin\u0117mis fiziniam ne\u012fgalumui nepakan\u010dios visuomen\u0117s nuomon\u0117mis ir nusistatymais. \u0160amanui sunkiai ie\u0161kant savo vietos pasaulyje, Koul\u0173 gimin\u0117 kartu su Amerika \u012ftraukiama \u012f nuo\u017em\u0173 konflikt\u0105 tarp \u0161alies \u0160iaur\u0117s ir Piet\u0173: \u012fsiliepsnoja JAV pilietinis karas. N. Gordonas prad\u0117jo ra\u0161yti sulauk\u0119s 39 m., nuo to laiko ra\u0161ymas \u2013 did\u017eiausia jo aistra. Autorius i\u0161gars\u0117jo romanu \u201eGydytojas. Avicenos mokinys\u201c, kuris daugelyje \u0161ali\u0173 tapo tikra sensacija. Antr\u0105j\u0105 knyg\u0105 \u2013 \u201e\u0160amanas\u201c \u2013 Amerikos istorik\u0173 draugija 1993 m. i\u0161rinko istoriniu met\u0173 romanu. \u0160ie ir kiti istoriniai ra\u0161ytojo romanai peln\u0117 ne vien\u0105 premij\u0105 ir yra vertinami viso pasaulio skaitytoj\u0173, kritik\u0173.<\/p>\n","protected":false},"featured_media":22195,"comment_status":"open","ping_status":"closed","template":"","meta":{"_acf_changed":false,"site-sidebar-layout":"default","site-content-layout":"","ast-site-content-layout":"default","site-content-style":"default","site-sidebar-style":"default","ast-global-header-display":"","ast-banner-title-visibility":"","ast-main-header-display":"","ast-hfb-above-header-display":"","ast-hfb-below-header-display":"","ast-hfb-mobile-header-display":"","site-post-title":"","ast-breadcrumbs-content":"","ast-featured-img":"","footer-sml-layout":"","ast-disable-related-posts":"","theme-transparent-header-meta":"","adv-header-id-meta":"","stick-header-meta":"","header-above-stick-meta":"","header-main-stick-meta":"","header-below-stick-meta":"","astra-migrate-meta-layouts":"default","ast-page-background-enabled":"default","ast-page-background-meta":{"desktop":{"background-color":"","background-image":"","background-repeat":"repeat","background-position":"center center","background-size":"auto","background-attachment":"scroll","background-type":"","background-media":"","overlay-type":"","overlay-color":"","overlay-opacity":"","overlay-gradient":""},"tablet":{"background-color":"","background-image":"","background-repeat":"repeat","background-position":"center center","background-size":"auto","background-attachment":"scroll","background-type":"","background-media":"","overlay-type":"","overlay-color":"","overlay-opacity":"","overlay-gradient":""},"mobile":{"background-color":"","background-image":"","background-repeat":"repeat","background-position":"center center","background-size":"auto","background-attachment":"scroll","background-type":"","background-media":"","overlay-type":"","overlay-color":"","overlay-opacity":"","overlay-gradient":""}},"ast-content-background-meta":{"desktop":{"background-color":"var(--ast-global-color-4)","background-image":"","background-repeat":"repeat","background-position":"center center","background-size":"auto","background-attachment":"scroll","background-type":"","background-media":"","overlay-type":"","overlay-color":"","overlay-opacity":"","overlay-gradient":""},"tablet":{"background-color":"var(--ast-global-color-4)","background-image":"","background-repeat":"repeat","background-position":"center center","background-size":"auto","background-attachment":"scroll","background-type":"","background-media":"","overlay-type":"","overlay-color":"","overlay-opacity":"","overlay-gradient":""},"mobile":{"background-color":"var(--ast-global-color-4)","background-image":"","background-repeat":"repeat","background-position":"center center","background-size":"auto","background-attachment":"scroll","background-type":"","background-media":"","overlay-type":"","overlay-color":"","overlay-opacity":"","overlay-gradient":""}}},"product_brand":[],"product_cat":[31],"product_tag":[],"class_list":{"0":"post-22190","1":"product","2":"type-product","3":"status-publish","4":"has-post-thumbnail","6":"product_cat-grozine-literatura","7":"desktop-align-left","8":"tablet-align-left","9":"mobile-align-left","11":"first","12":"outofstock","13":"shipping-taxable","14":"purchasable","15":"product-type-simple"},"acf":[],"yoast_head":"<!-- This site is optimized with the Yoast SEO plugin v27.0 - https:\/\/yoast.com\/product\/yoast-seo-wordpress\/ -->\n<title>\u0160amanas<\/title>\n<meta name=\"description\" content=\"\u201e\u0160amanas\u201c yra antroji amerikie\u010di\u0173 ra\u0161ytojo Noah Gordono trilogijos knyga (pirmoji \u2013 \u201eGydytojas. Avicenos mokinys\u201c), pasakojanti Koul\u0173 \u0161eimos istorij\u0105.\" \/>\n<meta name=\"robots\" content=\"index, follow, max-snippet:-1, max-image-preview:large, max-video-preview:-1\" \/>\n<link rel=\"canonical\" href=\"https:\/\/skaitytaknyga.lt\/en\/produktas\/samanas\/\" \/>\n<meta property=\"og:locale\" content=\"en_GB\" \/>\n<meta property=\"og:locale:alternate\" content=\"lt_LT\" \/>\n<meta property=\"og:type\" content=\"article\" \/>\n<meta property=\"og:title\" content=\"\u0160amanas\" \/>\n<meta property=\"og:description\" content=\"\u201e\u0160amanas\u201c yra antroji amerikie\u010di\u0173 ra\u0161ytojo Noah Gordono trilogijos knyga (pirmoji \u2013 \u201eGydytojas. Avicenos mokinys\u201c), pasakojanti Koul\u0173 \u0161eimos istorij\u0105.\" \/>\n<meta property=\"og:url\" content=\"https:\/\/skaitytaknyga.lt\/en\/produktas\/samanas\/\" \/>\n<meta property=\"og:site_name\" content=\"Skaitytaknyga\" \/>\n<meta property=\"article:publisher\" content=\"https:\/\/www.facebook.com\/skaitytaknyga\/\" \/>\n<meta property=\"article:modified_time\" content=\"2025-12-15T16:57:39+00:00\" \/>\n<meta property=\"og:image\" content=\"https:\/\/skaitytaknyga.lt\/wp-content\/uploads\/2025\/11\/Samanas-1.webp\" \/>\n\t<meta property=\"og:image:width\" content=\"300\" \/>\n\t<meta property=\"og:image:height\" content=\"492\" \/>\n\t<meta property=\"og:image:type\" content=\"image\/webp\" \/>\n<meta name=\"twitter:card\" content=\"summary_large_image\" \/>\n<meta name=\"twitter:label1\" content=\"Estimated reading time\" \/>\n\t<meta name=\"twitter:data1\" content=\"1 minute\" \/>\n<script type=\"application\/ld+json\" class=\"yoast-schema-graph\">{\"@context\":\"https:\/\/schema.org\",\"@graph\":[{\"@type\":\"WebPage\",\"@id\":\"https:\/\/skaitytaknyga.lt\/produktas\/samanas\/\",\"url\":\"https:\/\/skaitytaknyga.lt\/produktas\/samanas\/\",\"name\":\"\u0160amanas\",\"isPartOf\":{\"@id\":\"https:\/\/skaitytaknyga.lt\/#website\"},\"primaryImageOfPage\":{\"@id\":\"https:\/\/skaitytaknyga.lt\/produktas\/samanas\/#primaryimage\"},\"image\":{\"@id\":\"https:\/\/skaitytaknyga.lt\/produktas\/samanas\/#primaryimage\"},\"thumbnailUrl\":\"https:\/\/skaitytaknyga.lt\/wp-content\/uploads\/2025\/11\/Samanas-1.webp\",\"datePublished\":\"2025-11-30T11:31:12+00:00\",\"dateModified\":\"2025-12-15T16:57:39+00:00\",\"description\":\"\u201e\u0160amanas\u201c yra antroji amerikie\u010di\u0173 ra\u0161ytojo Noah Gordono trilogijos knyga (pirmoji \u2013 \u201eGydytojas. Avicenos mokinys\u201c), pasakojanti Koul\u0173 \u0161eimos istorij\u0105.\",\"breadcrumb\":{\"@id\":\"https:\/\/skaitytaknyga.lt\/produktas\/samanas\/#breadcrumb\"},\"inLanguage\":\"en-GB\",\"potentialAction\":[{\"@type\":\"ReadAction\",\"target\":[\"https:\/\/skaitytaknyga.lt\/produktas\/samanas\/\"]}]},{\"@type\":\"ImageObject\",\"inLanguage\":\"en-GB\",\"@id\":\"https:\/\/skaitytaknyga.lt\/produktas\/samanas\/#primaryimage\",\"url\":\"https:\/\/skaitytaknyga.lt\/wp-content\/uploads\/2025\/11\/Samanas-1.webp\",\"contentUrl\":\"https:\/\/skaitytaknyga.lt\/wp-content\/uploads\/2025\/11\/Samanas-1.webp\",\"width\":300,\"height\":492},{\"@type\":\"BreadcrumbList\",\"@id\":\"https:\/\/skaitytaknyga.lt\/produktas\/samanas\/#breadcrumb\",\"itemListElement\":[{\"@type\":\"ListItem\",\"position\":1,\"name\":\"Home\",\"item\":\"https:\/\/skaitytaknyga.lt\/\"},{\"@type\":\"ListItem\",\"position\":2,\"name\":\"Parduotuv\u0117\",\"item\":\"https:\/\/skaitytaknyga.lt\/knygu-parduotuve\/\"},{\"@type\":\"ListItem\",\"position\":3,\"name\":\"\u0160amanas\"}]},{\"@type\":\"WebSite\",\"@id\":\"https:\/\/skaitytaknyga.lt\/#website\",\"url\":\"https:\/\/skaitytaknyga.lt\/\",\"name\":\"skaitytaknyga.lt\",\"description\":\"Skaitytaknyga.lt \u2013 tai ma\u017eas \u0161eimos verslas, kuris prasid\u0117jo nuo meil\u0117s knygoms ir siekio i\u0161gelb\u0117ti knygas nuo likimo prie konteinerio. Kas vienam nereikalingas daiktas \u2013 kitam lobis, o mes esame tarpininkai, kurie padeda abiems tapti laimingesniems ???? \u017dinome kaip nelengva i\u0161gyventi ma\u017eiems verslams, tad nuo \u0161iol, \u010dia rasite ir kit\u0173, ma\u017e\u0173 \u0161eim\u0173 versl\u0173, rank\u0173 darbo, dovan\u0173 sau ir artimiesiems.\",\"publisher\":{\"@id\":\"https:\/\/skaitytaknyga.lt\/#organization\"},\"potentialAction\":[{\"@type\":\"SearchAction\",\"target\":{\"@type\":\"EntryPoint\",\"urlTemplate\":\"https:\/\/skaitytaknyga.lt\/?s={search_term_string}\"},\"query-input\":{\"@type\":\"PropertyValueSpecification\",\"valueRequired\":true,\"valueName\":\"search_term_string\"}}],\"inLanguage\":\"en-GB\"},{\"@type\":\"Organization\",\"@id\":\"https:\/\/skaitytaknyga.lt\/#organization\",\"name\":\"skaitytaknyga.lt\",\"url\":\"https:\/\/skaitytaknyga.lt\/\",\"logo\":{\"@type\":\"ImageObject\",\"inLanguage\":\"en-GB\",\"@id\":\"https:\/\/skaitytaknyga.lt\/#\/schema\/logo\/image\/\",\"url\":\"https:\/\/skaitytaknyga.lt\/wp-content\/uploads\/2024\/05\/cropped-cropped-cropped-02_00843_jt3bggkj1j3HLc7SyY6rEUpg.jpeg\",\"contentUrl\":\"https:\/\/skaitytaknyga.lt\/wp-content\/uploads\/2024\/05\/cropped-cropped-cropped-02_00843_jt3bggkj1j3HLc7SyY6rEUpg.jpeg\",\"width\":1600,\"height\":1600,\"caption\":\"skaitytaknyga.lt\"},\"image\":{\"@id\":\"https:\/\/skaitytaknyga.lt\/#\/schema\/logo\/image\/\"},\"sameAs\":[\"https:\/\/www.facebook.com\/skaitytaknyga\/\"]}]}<\/script>\n<!-- \/ Yoast SEO plugin. -->","yoast_head_json":{"title":"\u0160amanas","description":"\u201e\u0160amanas\u201c yra antroji amerikie\u010di\u0173 ra\u0161ytojo Noah Gordono trilogijos knyga (pirmoji \u2013 \u201eGydytojas. Avicenos mokinys\u201c), pasakojanti Koul\u0173 \u0161eimos istorij\u0105.","robots":{"index":"index","follow":"follow","max-snippet":"max-snippet:-1","max-image-preview":"max-image-preview:large","max-video-preview":"max-video-preview:-1"},"canonical":"https:\/\/skaitytaknyga.lt\/en\/produktas\/samanas\/","og_locale":"en_GB","og_type":"article","og_title":"[:lt]\u0160amanas[:] - Skaitytaknyga","og_description":"\u201e\u0160amanas\u201c yra antroji amerikie\u010di\u0173 ra\u0161ytojo Noah Gordono trilogijos knyga (pirmoji \u2013 \u201eGydytojas. Avicenos mokinys\u201c), pasakojanti Koul\u0173 \u0161eimos istorij\u0105.","og_url":"https:\/\/skaitytaknyga.lt\/en\/produktas\/samanas\/","og_site_name":"Skaitytaknyga","article_publisher":"https:\/\/www.facebook.com\/skaitytaknyga\/","article_modified_time":"2025-12-15T16:57:39+00:00","og_image":[{"width":300,"height":492,"url":"https:\/\/skaitytaknyga.lt\/wp-content\/uploads\/2025\/11\/Samanas-1.webp","type":"image\/webp"}],"twitter_card":"summary_large_image","twitter_misc":{"Estimated reading time":"1 minute"},"schema":{"@context":"https:\/\/schema.org","@graph":[{"@type":"WebPage","@id":"https:\/\/skaitytaknyga.lt\/produktas\/samanas\/","url":"https:\/\/skaitytaknyga.lt\/produktas\/samanas\/","name":"\u0160amanas","isPartOf":{"@id":"https:\/\/skaitytaknyga.lt\/#website"},"primaryImageOfPage":{"@id":"https:\/\/skaitytaknyga.lt\/produktas\/samanas\/#primaryimage"},"image":{"@id":"https:\/\/skaitytaknyga.lt\/produktas\/samanas\/#primaryimage"},"thumbnailUrl":"https:\/\/skaitytaknyga.lt\/wp-content\/uploads\/2025\/11\/Samanas-1.webp","datePublished":"2025-11-30T11:31:12+00:00","dateModified":"2025-12-15T16:57:39+00:00","description":"\u201e\u0160amanas\u201c yra antroji amerikie\u010di\u0173 ra\u0161ytojo Noah Gordono trilogijos knyga (pirmoji \u2013 \u201eGydytojas. Avicenos mokinys\u201c), pasakojanti Koul\u0173 \u0161eimos istorij\u0105.","breadcrumb":{"@id":"https:\/\/skaitytaknyga.lt\/produktas\/samanas\/#breadcrumb"},"inLanguage":"en-GB","potentialAction":[{"@type":"ReadAction","target":["https:\/\/skaitytaknyga.lt\/produktas\/samanas\/"]}]},{"@type":"ImageObject","inLanguage":"en-GB","@id":"https:\/\/skaitytaknyga.lt\/produktas\/samanas\/#primaryimage","url":"https:\/\/skaitytaknyga.lt\/wp-content\/uploads\/2025\/11\/Samanas-1.webp","contentUrl":"https:\/\/skaitytaknyga.lt\/wp-content\/uploads\/2025\/11\/Samanas-1.webp","width":300,"height":492},{"@type":"BreadcrumbList","@id":"https:\/\/skaitytaknyga.lt\/produktas\/samanas\/#breadcrumb","itemListElement":[{"@type":"ListItem","position":1,"name":"Home","item":"https:\/\/skaitytaknyga.lt\/"},{"@type":"ListItem","position":2,"name":"Parduotuv\u0117","item":"https:\/\/skaitytaknyga.lt\/knygu-parduotuve\/"},{"@type":"ListItem","position":3,"name":"\u0160amanas"}]},{"@type":"WebSite","@id":"https:\/\/skaitytaknyga.lt\/#website","url":"https:\/\/skaitytaknyga.lt\/","name":"skaitytaknyga.lt","description":"Skaitytaknyga.lt \u2013 tai ma\u017eas \u0161eimos verslas, kuris prasid\u0117jo nuo meil\u0117s knygoms ir siekio i\u0161gelb\u0117ti knygas nuo likimo prie konteinerio. Kas vienam nereikalingas daiktas \u2013 kitam lobis, o mes esame tarpininkai, kurie padeda abiems tapti laimingesniems ???? \u017dinome kaip nelengva i\u0161gyventi ma\u017eiems verslams, tad nuo \u0161iol, \u010dia rasite ir kit\u0173, ma\u017e\u0173 \u0161eim\u0173 versl\u0173, rank\u0173 darbo, dovan\u0173 sau ir artimiesiems.","publisher":{"@id":"https:\/\/skaitytaknyga.lt\/#organization"},"potentialAction":[{"@type":"SearchAction","target":{"@type":"EntryPoint","urlTemplate":"https:\/\/skaitytaknyga.lt\/?s={search_term_string}"},"query-input":{"@type":"PropertyValueSpecification","valueRequired":true,"valueName":"search_term_string"}}],"inLanguage":"en-GB"},{"@type":"Organization","@id":"https:\/\/skaitytaknyga.lt\/#organization","name":"skaitytaknyga.lt","url":"https:\/\/skaitytaknyga.lt\/","logo":{"@type":"ImageObject","inLanguage":"en-GB","@id":"https:\/\/skaitytaknyga.lt\/#\/schema\/logo\/image\/","url":"https:\/\/skaitytaknyga.lt\/wp-content\/uploads\/2024\/05\/cropped-cropped-cropped-02_00843_jt3bggkj1j3HLc7SyY6rEUpg.jpeg","contentUrl":"https:\/\/skaitytaknyga.lt\/wp-content\/uploads\/2024\/05\/cropped-cropped-cropped-02_00843_jt3bggkj1j3HLc7SyY6rEUpg.jpeg","width":1600,"height":1600,"caption":"skaitytaknyga.lt"},"image":{"@id":"https:\/\/skaitytaknyga.lt\/#\/schema\/logo\/image\/"},"sameAs":["https:\/\/www.facebook.com\/skaitytaknyga\/"]}]}},"_links":{"self":[{"href":"https:\/\/skaitytaknyga.lt\/en\/wp-json\/wp\/v2\/product\/22190","targetHints":{"allow":["GET"]}}],"collection":[{"href":"https:\/\/skaitytaknyga.lt\/en\/wp-json\/wp\/v2\/product"}],"about":[{"href":"https:\/\/skaitytaknyga.lt\/en\/wp-json\/wp\/v2\/types\/product"}],"replies":[{"embeddable":true,"href":"https:\/\/skaitytaknyga.lt\/en\/wp-json\/wp\/v2\/comments?post=22190"}],"wp:featuredmedia":[{"embeddable":true,"href":"https:\/\/skaitytaknyga.lt\/en\/wp-json\/wp\/v2\/media\/22195"}],"wp:attachment":[{"href":"https:\/\/skaitytaknyga.lt\/en\/wp-json\/wp\/v2\/media?parent=22190"}],"wp:term":[{"taxonomy":"product_brand","embeddable":true,"href":"https:\/\/skaitytaknyga.lt\/en\/wp-json\/wp\/v2\/product_brand?post=22190"},{"taxonomy":"product_cat","embeddable":true,"href":"https:\/\/skaitytaknyga.lt\/en\/wp-json\/wp\/v2\/product_cat?post=22190"},{"taxonomy":"product_tag","embeddable":true,"href":"https:\/\/skaitytaknyga.lt\/en\/wp-json\/wp\/v2\/product_tag?post=22190"}],"curies":[{"name":"wp","href":"https:\/\/api.w.org\/{rel}","templated":true}]}}