{"id":22181,"date":"2025-11-30T13:10:21","date_gmt":"2025-11-30T11:10:21","guid":{"rendered":"https:\/\/skaitytaknyga.lt\/?post_type=product&#038;p=22181"},"modified":"2026-03-17T11:47:04","modified_gmt":"2026-03-17T09:47:04","slug":"profesines-sajungos-lietuvoje-pagelte-lapai","status":"publish","type":"product","link":"https:\/\/skaitytaknyga.lt\/en\/produktas\/profesines-sajungos-lietuvoje-pagelte-lapai\/","title":{"rendered":"Profesin\u0117s s\u0105jungos Lietuvoje (pagelt\u0119 lapai)"},"content":{"rendered":"<p>Knygoje nagrin\u0117jama Lietuvos Profesini\u0173 s\u0105jung\u0173 teisin\u0117 pad\u0117tis: analizuojama j\u0173, kaip darbuotoj\u0173 teisi\u0173 ir interes\u0173 gyn\u0117j\u0173, istorin\u0117 kilm\u0117, atsiradimas ir raida Lietuvoje, taip pat tarptautiniuose teis\u0117s aktuose ir u\u017esienio valstybi\u0173 teis\u0117s normose. Leidinys tur\u0117t\u0173 b\u016bti naudingas socialiniams partneriams ir praktikuojantiems teisininkams, taikant galiojan\u010dias teis\u0117s normas prakti\u0161kai, mokslinininkams, doktorantams bei studentams.<\/p>\n","protected":false},"excerpt":{"rendered":"<p>Knygoje nagrin\u0117jama Lietuvos Profesini\u0173 s\u0105jung\u0173 teisin\u0117 pad\u0117tis: analizuojama j\u0173, kaip darbuotoj\u0173 teisi\u0173 ir interes\u0173 gyn\u0117j\u0173, istorin\u0117 kilm\u0117, atsiradimas ir raida Lietuvoje, taip pat tarptautiniuose teis\u0117s aktuose ir u\u017esienio valstybi\u0173 teis\u0117s normose. Leidinys tur\u0117t\u0173 b\u016bti naudingas socialiniams partneriams ir praktikuojantiems teisininkams, taikant galiojan\u010dias teis\u0117s normas prakti\u0161kai, mokslinininkams, doktorantams bei studentams.<\/p>\n","protected":false},"featured_media":22186,"comment_status":"open","ping_status":"closed","template":"","meta":{"_acf_changed":false,"site-sidebar-layout":"default","site-content-layout":"","ast-site-content-layout":"default","site-content-style":"default","site-sidebar-style":"default","ast-global-header-display":"","ast-banner-title-visibility":"","ast-main-header-display":"","ast-hfb-above-header-display":"","ast-hfb-below-header-display":"","ast-hfb-mobile-header-display":"","site-post-title":"","ast-breadcrumbs-content":"","ast-featured-img":"","footer-sml-layout":"","ast-disable-related-posts":"","theme-transparent-header-meta":"","adv-header-id-meta":"","stick-header-meta":"","header-above-stick-meta":"","header-main-stick-meta":"","header-below-stick-meta":"","astra-migrate-meta-layouts":"default","ast-page-background-enabled":"default","ast-page-background-meta":{"desktop":{"background-color":"","background-image":"","background-repeat":"repeat","background-position":"center center","background-size":"auto","background-attachment":"scroll","background-type":"","background-media":"","overlay-type":"","overlay-color":"","overlay-opacity":"","overlay-gradient":""},"tablet":{"background-color":"","background-image":"","background-repeat":"repeat","background-position":"center center","background-size":"auto","background-attachment":"scroll","background-type":"","background-media":"","overlay-type":"","overlay-color":"","overlay-opacity":"","overlay-gradient":""},"mobile":{"background-color":"","background-image":"","background-repeat":"repeat","background-position":"center center","background-size":"auto","background-attachment":"scroll","background-type":"","background-media":"","overlay-type":"","overlay-color":"","overlay-opacity":"","overlay-gradient":""}},"ast-content-background-meta":{"desktop":{"background-color":"var(--ast-global-color-4)","background-image":"","background-repeat":"repeat","background-position":"center center","background-size":"auto","background-attachment":"scroll","background-type":"","background-media":"","overlay-type":"","overlay-color":"","overlay-opacity":"","overlay-gradient":""},"tablet":{"background-color":"var(--ast-global-color-4)","background-image":"","background-repeat":"repeat","background-position":"center center","background-size":"auto","background-attachment":"scroll","background-type":"","background-media":"","overlay-type":"","overlay-color":"","overlay-opacity":"","overlay-gradient":""},"mobile":{"background-color":"var(--ast-global-color-4)","background-image":"","background-repeat":"repeat","background-position":"center center","background-size":"auto","background-attachment":"scroll","background-type":"","background-media":"","overlay-type":"","overlay-color":"","overlay-opacity":"","overlay-gradient":""}}},"product_brand":[],"product_cat":[436],"product_tag":[],"class_list":{"0":"post-22181","1":"product","2":"type-product","3":"status-publish","4":"has-post-thumbnail","6":"product_cat-teise","7":"desktop-align-left","8":"tablet-align-left","9":"mobile-align-left","11":"first","12":"instock","13":"shipping-taxable","14":"purchasable","15":"product-type-simple"},"acf":[],"yoast_head":"<!-- This site is optimized with the Yoast SEO plugin v27.0 - https:\/\/yoast.com\/product\/yoast-seo-wordpress\/ -->\n<title>Profesin\u0117s s\u0105jungos Lietuvoje (pagelt\u0119 lapai)<\/title>\n<meta name=\"description\" content=\"Knygoje nagrin\u0117jama Lietuvos Profesini\u0173 s\u0105jung\u0173 teisin\u0117 pad\u0117tis: analizuojama j\u0173, kaip darbuotoj\u0173 teisi\u0173 ir interes\u0173 gyn\u0117j\u0173, istorin\u0117 kilm\u0117, atsiradimas\" \/>\n<meta name=\"robots\" content=\"index, follow, max-snippet:-1, max-image-preview:large, max-video-preview:-1\" \/>\n<link rel=\"canonical\" href=\"https:\/\/skaitytaknyga.lt\/en\/produktas\/profesines-sajungos-lietuvoje-pagelte-lapai\/\" \/>\n<meta property=\"og:locale\" content=\"en_GB\" \/>\n<meta property=\"og:locale:alternate\" content=\"lt_LT\" \/>\n<meta property=\"og:type\" content=\"article\" \/>\n<meta property=\"og:title\" content=\"Profesin\u0117s s\u0105jungos Lietuvoje (pagelt\u0119 lapai)\" \/>\n<meta property=\"og:description\" content=\"Knygoje nagrin\u0117jama Lietuvos Profesini\u0173 s\u0105jung\u0173 teisin\u0117 pad\u0117tis: analizuojama j\u0173, kaip darbuotoj\u0173 teisi\u0173 ir interes\u0173 gyn\u0117j\u0173, istorin\u0117 kilm\u0117, atsiradimas\" \/>\n<meta property=\"og:url\" content=\"https:\/\/skaitytaknyga.lt\/en\/produktas\/profesines-sajungos-lietuvoje-pagelte-lapai\/\" \/>\n<meta property=\"og:site_name\" content=\"Skaitytaknyga\" \/>\n<meta property=\"article:publisher\" content=\"https:\/\/www.facebook.com\/skaitytaknyga\/\" \/>\n<meta property=\"article:modified_time\" content=\"2026-03-17T09:47:04+00:00\" \/>\n<meta property=\"og:image\" content=\"https:\/\/skaitytaknyga.lt\/wp-content\/uploads\/2025\/11\/Profesines-sajungos-Lietuvoje.webp\" \/>\n\t<meta property=\"og:image:width\" content=\"300\" \/>\n\t<meta property=\"og:image:height\" content=\"415\" \/>\n\t<meta property=\"og:image:type\" content=\"image\/webp\" \/>\n<meta name=\"twitter:card\" content=\"summary_large_image\" \/>\n<script type=\"application\/ld+json\" class=\"yoast-schema-graph\">{\"@context\":\"https:\/\/schema.org\",\"@graph\":[{\"@type\":\"WebPage\",\"@id\":\"https:\/\/skaitytaknyga.lt\/produktas\/profesines-sajungos-lietuvoje-pagelte-lapai\/\",\"url\":\"https:\/\/skaitytaknyga.lt\/produktas\/profesines-sajungos-lietuvoje-pagelte-lapai\/\",\"name\":\"Profesin\u0117s s\u0105jungos Lietuvoje (pagelt\u0119 lapai)\",\"isPartOf\":{\"@id\":\"https:\/\/skaitytaknyga.lt\/#website\"},\"primaryImageOfPage\":{\"@id\":\"https:\/\/skaitytaknyga.lt\/produktas\/profesines-sajungos-lietuvoje-pagelte-lapai\/#primaryimage\"},\"image\":{\"@id\":\"https:\/\/skaitytaknyga.lt\/produktas\/profesines-sajungos-lietuvoje-pagelte-lapai\/#primaryimage\"},\"thumbnailUrl\":\"https:\/\/skaitytaknyga.lt\/wp-content\/uploads\/2025\/11\/Profesines-sajungos-Lietuvoje.webp\",\"datePublished\":\"2025-11-30T11:10:21+00:00\",\"dateModified\":\"2026-03-17T09:47:04+00:00\",\"description\":\"Knygoje nagrin\u0117jama Lietuvos Profesini\u0173 s\u0105jung\u0173 teisin\u0117 pad\u0117tis: analizuojama j\u0173, kaip darbuotoj\u0173 teisi\u0173 ir interes\u0173 gyn\u0117j\u0173, istorin\u0117 kilm\u0117, atsiradimas\",\"breadcrumb\":{\"@id\":\"https:\/\/skaitytaknyga.lt\/produktas\/profesines-sajungos-lietuvoje-pagelte-lapai\/#breadcrumb\"},\"inLanguage\":\"en-GB\",\"potentialAction\":[{\"@type\":\"ReadAction\",\"target\":[\"https:\/\/skaitytaknyga.lt\/produktas\/profesines-sajungos-lietuvoje-pagelte-lapai\/\"]}]},{\"@type\":\"ImageObject\",\"inLanguage\":\"en-GB\",\"@id\":\"https:\/\/skaitytaknyga.lt\/produktas\/profesines-sajungos-lietuvoje-pagelte-lapai\/#primaryimage\",\"url\":\"https:\/\/skaitytaknyga.lt\/wp-content\/uploads\/2025\/11\/Profesines-sajungos-Lietuvoje.webp\",\"contentUrl\":\"https:\/\/skaitytaknyga.lt\/wp-content\/uploads\/2025\/11\/Profesines-sajungos-Lietuvoje.webp\",\"width\":300,\"height\":415,\"caption\":\"Profesin\u0117s s\u0105jungos Lietuvoje\"},{\"@type\":\"BreadcrumbList\",\"@id\":\"https:\/\/skaitytaknyga.lt\/produktas\/profesines-sajungos-lietuvoje-pagelte-lapai\/#breadcrumb\",\"itemListElement\":[{\"@type\":\"ListItem\",\"position\":1,\"name\":\"Home\",\"item\":\"https:\/\/skaitytaknyga.lt\/\"},{\"@type\":\"ListItem\",\"position\":2,\"name\":\"Parduotuv\u0117\",\"item\":\"https:\/\/skaitytaknyga.lt\/knygu-parduotuve\/\"},{\"@type\":\"ListItem\",\"position\":3,\"name\":\"Profesin\u0117s s\u0105jungos Lietuvoje (pagelt\u0119 lapai)\"}]},{\"@type\":\"WebSite\",\"@id\":\"https:\/\/skaitytaknyga.lt\/#website\",\"url\":\"https:\/\/skaitytaknyga.lt\/\",\"name\":\"skaitytaknyga.lt\",\"description\":\"Skaitytaknyga.lt \u2013 tai ma\u017eas \u0161eimos verslas, kuris prasid\u0117jo nuo meil\u0117s knygoms ir siekio i\u0161gelb\u0117ti knygas nuo likimo prie konteinerio. Kas vienam nereikalingas daiktas \u2013 kitam lobis, o mes esame tarpininkai, kurie padeda abiems tapti laimingesniems ???? \u017dinome kaip nelengva i\u0161gyventi ma\u017eiems verslams, tad nuo \u0161iol, \u010dia rasite ir kit\u0173, ma\u017e\u0173 \u0161eim\u0173 versl\u0173, rank\u0173 darbo, dovan\u0173 sau ir artimiesiems.\",\"publisher\":{\"@id\":\"https:\/\/skaitytaknyga.lt\/#organization\"},\"potentialAction\":[{\"@type\":\"SearchAction\",\"target\":{\"@type\":\"EntryPoint\",\"urlTemplate\":\"https:\/\/skaitytaknyga.lt\/?s={search_term_string}\"},\"query-input\":{\"@type\":\"PropertyValueSpecification\",\"valueRequired\":true,\"valueName\":\"search_term_string\"}}],\"inLanguage\":\"en-GB\"},{\"@type\":\"Organization\",\"@id\":\"https:\/\/skaitytaknyga.lt\/#organization\",\"name\":\"skaitytaknyga.lt\",\"url\":\"https:\/\/skaitytaknyga.lt\/\",\"logo\":{\"@type\":\"ImageObject\",\"inLanguage\":\"en-GB\",\"@id\":\"https:\/\/skaitytaknyga.lt\/#\/schema\/logo\/image\/\",\"url\":\"https:\/\/skaitytaknyga.lt\/wp-content\/uploads\/2024\/05\/cropped-cropped-cropped-02_00843_jt3bggkj1j3HLc7SyY6rEUpg.jpeg\",\"contentUrl\":\"https:\/\/skaitytaknyga.lt\/wp-content\/uploads\/2024\/05\/cropped-cropped-cropped-02_00843_jt3bggkj1j3HLc7SyY6rEUpg.jpeg\",\"width\":1600,\"height\":1600,\"caption\":\"skaitytaknyga.lt\"},\"image\":{\"@id\":\"https:\/\/skaitytaknyga.lt\/#\/schema\/logo\/image\/\"},\"sameAs\":[\"https:\/\/www.facebook.com\/skaitytaknyga\/\"]}]}<\/script>\n<!-- \/ Yoast SEO plugin. -->","yoast_head_json":{"title":"Profesin\u0117s s\u0105jungos Lietuvoje (pagelt\u0119 lapai)","description":"Knygoje nagrin\u0117jama Lietuvos Profesini\u0173 s\u0105jung\u0173 teisin\u0117 pad\u0117tis: analizuojama j\u0173, kaip darbuotoj\u0173 teisi\u0173 ir interes\u0173 gyn\u0117j\u0173, istorin\u0117 kilm\u0117, atsiradimas","robots":{"index":"index","follow":"follow","max-snippet":"max-snippet:-1","max-image-preview":"max-image-preview:large","max-video-preview":"max-video-preview:-1"},"canonical":"https:\/\/skaitytaknyga.lt\/en\/produktas\/profesines-sajungos-lietuvoje-pagelte-lapai\/","og_locale":"en_GB","og_type":"article","og_title":"[:lt]Profesin\u0117s s\u0105jungos Lietuvoje (pagelt\u0119 lapai)[:] - Skaitytaknyga","og_description":"Knygoje nagrin\u0117jama Lietuvos Profesini\u0173 s\u0105jung\u0173 teisin\u0117 pad\u0117tis: analizuojama j\u0173, kaip darbuotoj\u0173 teisi\u0173 ir interes\u0173 gyn\u0117j\u0173, istorin\u0117 kilm\u0117, atsiradimas","og_url":"https:\/\/skaitytaknyga.lt\/en\/produktas\/profesines-sajungos-lietuvoje-pagelte-lapai\/","og_site_name":"Skaitytaknyga","article_publisher":"https:\/\/www.facebook.com\/skaitytaknyga\/","article_modified_time":"2026-03-17T09:47:04+00:00","og_image":[{"width":300,"height":415,"url":"https:\/\/skaitytaknyga.lt\/wp-content\/uploads\/2025\/11\/Profesines-sajungos-Lietuvoje.webp","type":"image\/webp"}],"twitter_card":"summary_large_image","schema":{"@context":"https:\/\/schema.org","@graph":[{"@type":"WebPage","@id":"https:\/\/skaitytaknyga.lt\/produktas\/profesines-sajungos-lietuvoje-pagelte-lapai\/","url":"https:\/\/skaitytaknyga.lt\/produktas\/profesines-sajungos-lietuvoje-pagelte-lapai\/","name":"Profesin\u0117s s\u0105jungos Lietuvoje (pagelt\u0119 lapai)","isPartOf":{"@id":"https:\/\/skaitytaknyga.lt\/#website"},"primaryImageOfPage":{"@id":"https:\/\/skaitytaknyga.lt\/produktas\/profesines-sajungos-lietuvoje-pagelte-lapai\/#primaryimage"},"image":{"@id":"https:\/\/skaitytaknyga.lt\/produktas\/profesines-sajungos-lietuvoje-pagelte-lapai\/#primaryimage"},"thumbnailUrl":"https:\/\/skaitytaknyga.lt\/wp-content\/uploads\/2025\/11\/Profesines-sajungos-Lietuvoje.webp","datePublished":"2025-11-30T11:10:21+00:00","dateModified":"2026-03-17T09:47:04+00:00","description":"Knygoje nagrin\u0117jama Lietuvos Profesini\u0173 s\u0105jung\u0173 teisin\u0117 pad\u0117tis: analizuojama j\u0173, kaip darbuotoj\u0173 teisi\u0173 ir interes\u0173 gyn\u0117j\u0173, istorin\u0117 kilm\u0117, atsiradimas","breadcrumb":{"@id":"https:\/\/skaitytaknyga.lt\/produktas\/profesines-sajungos-lietuvoje-pagelte-lapai\/#breadcrumb"},"inLanguage":"en-GB","potentialAction":[{"@type":"ReadAction","target":["https:\/\/skaitytaknyga.lt\/produktas\/profesines-sajungos-lietuvoje-pagelte-lapai\/"]}]},{"@type":"ImageObject","inLanguage":"en-GB","@id":"https:\/\/skaitytaknyga.lt\/produktas\/profesines-sajungos-lietuvoje-pagelte-lapai\/#primaryimage","url":"https:\/\/skaitytaknyga.lt\/wp-content\/uploads\/2025\/11\/Profesines-sajungos-Lietuvoje.webp","contentUrl":"https:\/\/skaitytaknyga.lt\/wp-content\/uploads\/2025\/11\/Profesines-sajungos-Lietuvoje.webp","width":300,"height":415,"caption":"Profesin\u0117s s\u0105jungos Lietuvoje"},{"@type":"BreadcrumbList","@id":"https:\/\/skaitytaknyga.lt\/produktas\/profesines-sajungos-lietuvoje-pagelte-lapai\/#breadcrumb","itemListElement":[{"@type":"ListItem","position":1,"name":"Home","item":"https:\/\/skaitytaknyga.lt\/"},{"@type":"ListItem","position":2,"name":"Parduotuv\u0117","item":"https:\/\/skaitytaknyga.lt\/knygu-parduotuve\/"},{"@type":"ListItem","position":3,"name":"Profesin\u0117s s\u0105jungos Lietuvoje (pagelt\u0119 lapai)"}]},{"@type":"WebSite","@id":"https:\/\/skaitytaknyga.lt\/#website","url":"https:\/\/skaitytaknyga.lt\/","name":"skaitytaknyga.lt","description":"Skaitytaknyga.lt \u2013 tai ma\u017eas \u0161eimos verslas, kuris prasid\u0117jo nuo meil\u0117s knygoms ir siekio i\u0161gelb\u0117ti knygas nuo likimo prie konteinerio. Kas vienam nereikalingas daiktas \u2013 kitam lobis, o mes esame tarpininkai, kurie padeda abiems tapti laimingesniems ???? \u017dinome kaip nelengva i\u0161gyventi ma\u017eiems verslams, tad nuo \u0161iol, \u010dia rasite ir kit\u0173, ma\u017e\u0173 \u0161eim\u0173 versl\u0173, rank\u0173 darbo, dovan\u0173 sau ir artimiesiems.","publisher":{"@id":"https:\/\/skaitytaknyga.lt\/#organization"},"potentialAction":[{"@type":"SearchAction","target":{"@type":"EntryPoint","urlTemplate":"https:\/\/skaitytaknyga.lt\/?s={search_term_string}"},"query-input":{"@type":"PropertyValueSpecification","valueRequired":true,"valueName":"search_term_string"}}],"inLanguage":"en-GB"},{"@type":"Organization","@id":"https:\/\/skaitytaknyga.lt\/#organization","name":"skaitytaknyga.lt","url":"https:\/\/skaitytaknyga.lt\/","logo":{"@type":"ImageObject","inLanguage":"en-GB","@id":"https:\/\/skaitytaknyga.lt\/#\/schema\/logo\/image\/","url":"https:\/\/skaitytaknyga.lt\/wp-content\/uploads\/2024\/05\/cropped-cropped-cropped-02_00843_jt3bggkj1j3HLc7SyY6rEUpg.jpeg","contentUrl":"https:\/\/skaitytaknyga.lt\/wp-content\/uploads\/2024\/05\/cropped-cropped-cropped-02_00843_jt3bggkj1j3HLc7SyY6rEUpg.jpeg","width":1600,"height":1600,"caption":"skaitytaknyga.lt"},"image":{"@id":"https:\/\/skaitytaknyga.lt\/#\/schema\/logo\/image\/"},"sameAs":["https:\/\/www.facebook.com\/skaitytaknyga\/"]}]}},"_links":{"self":[{"href":"https:\/\/skaitytaknyga.lt\/en\/wp-json\/wp\/v2\/product\/22181","targetHints":{"allow":["GET"]}}],"collection":[{"href":"https:\/\/skaitytaknyga.lt\/en\/wp-json\/wp\/v2\/product"}],"about":[{"href":"https:\/\/skaitytaknyga.lt\/en\/wp-json\/wp\/v2\/types\/product"}],"replies":[{"embeddable":true,"href":"https:\/\/skaitytaknyga.lt\/en\/wp-json\/wp\/v2\/comments?post=22181"}],"wp:featuredmedia":[{"embeddable":true,"href":"https:\/\/skaitytaknyga.lt\/en\/wp-json\/wp\/v2\/media\/22186"}],"wp:attachment":[{"href":"https:\/\/skaitytaknyga.lt\/en\/wp-json\/wp\/v2\/media?parent=22181"}],"wp:term":[{"taxonomy":"product_brand","embeddable":true,"href":"https:\/\/skaitytaknyga.lt\/en\/wp-json\/wp\/v2\/product_brand?post=22181"},{"taxonomy":"product_cat","embeddable":true,"href":"https:\/\/skaitytaknyga.lt\/en\/wp-json\/wp\/v2\/product_cat?post=22181"},{"taxonomy":"product_tag","embeddable":true,"href":"https:\/\/skaitytaknyga.lt\/en\/wp-json\/wp\/v2\/product_tag?post=22181"}],"curies":[{"name":"wp","href":"https:\/\/api.w.org\/{rel}","templated":true}]}}