{"id":2218,"date":"2024-04-17T13:06:27","date_gmt":"2024-04-17T13:06:27","guid":{"rendered":"https:\/\/skaitytaknyga.lt\/?post_type=product&#038;p=2218"},"modified":"2026-03-05T15:58:12","modified_gmt":"2026-03-05T13:58:12","slug":"l-l-lawrence-paskutinis-sivos-sokis","status":"publish","type":"product","link":"https:\/\/skaitytaknyga.lt\/en\/produktas\/l-l-lawrence-paskutinis-sivos-sokis\/","title":{"rendered":"Paskutinis \u0160ivos \u0161okis"},"content":{"rendered":"<p>Himalaj\u0173 kalnai, Butano karalyst\u0117. Holivudo k\u016brybin\u0117 grup\u0117 suka siaubo film\u0105, pasakojant\u012f apie tai, kaip sniego \u017emogus grobia jaunas merginas. Netrukus filmavimas virsta tikru siaubu: ima paslaptingai \u017e\u016bti aktoriai.<\/p>\n<p>Detektyvas Leslis L. L\u0117rinczas ir jo draugas budist\u0173 lama Jondonas, atvyk\u0119 \u012f \u0161\u012f region\u0105 tirti \u0161vent\u0173 statul\u0117li\u0173 vagyst\u0117s, nelieka abejingi filmavimo grup\u0119 i\u0161tikusiam siaubui. 1988 m. Leslie L. Lawrence slapyvard\u017eiu i\u0161leistas romanas<strong>\u00a0\u201ePaskutinis \u0160ivos \u0161okis\u201c<\/strong>\u00a0sulauk\u0117 itin didelio skaitytoj\u0173 d\u0117mesio ir buvo ne vien\u0105 kart\u0105 perleistas.<\/p>\n<p><strong>Laslas L. L\u0117rinczas<\/strong>\u00a0(tikr. L\u00f6rincz L. L\u00e1szl\u00f3) \u2013 populiarus \u0161iuolaikinis Vengrijos ra\u0161ytojas. Autorius priklauso Vengrijos moksl\u0173 akademijos Orientalist\u0173 draugijai. Dirbdamas mokslin\u012f darb\u0105, jis ilgus metus praleido Tolimuosiuose Rytuose. Ra\u0161ytojo romanuose gausu patikim\u0173 mokslini\u0173 \u017eini\u0173, jis noriai supa\u017eindina skaitytoj\u0105 su tyrin\u0117jim\u0173 metu sukaupta patirtimi ir patraukia dinami\u0161ku veiksmu.<\/p>\n","protected":false},"excerpt":{"rendered":"<p>Himalaj\u0173 kalnai, Butano karalyst\u0117. Holivudo k\u016brybin\u0117 grup\u0117 suka siaubo film\u0105, pasakojant\u012f apie tai, kaip sniego \u017emogus grobia jaunas merginas. Netrukus filmavimas virsta tikru siaubu: ima paslaptingai \u017e\u016bti aktoriai.<\/p>\n<p>Detektyvas Leslis L. L\u0117rinczas ir jo draugas budist\u0173 lama Jondonas, atvyk\u0119 \u012f \u0161\u012f region\u0105 tirti \u0161vent\u0173 statul\u0117li\u0173 vagyst\u0117s, nelieka abejingi filmavimo grup\u0119 i\u0161tikusiam siaubui. 1988 m. Leslie L. Lawrence slapyvard\u017eiu i\u0161leistas romanas<strong>\u00a0\u201ePaskutinis \u0160ivos \u0161okis\u201c<\/strong>\u00a0sulauk\u0117 itin didelio skaitytoj\u0173 d\u0117mesio ir buvo ne vien\u0105 kart\u0105 perleistas.<\/p>\n","protected":false},"featured_media":2266,"comment_status":"closed","ping_status":"closed","template":"","meta":{"_acf_changed":false,"site-sidebar-layout":"default","site-content-layout":"","ast-site-content-layout":"default","site-content-style":"default","site-sidebar-style":"default","ast-global-header-display":"","ast-banner-title-visibility":"","ast-main-header-display":"","ast-hfb-above-header-display":"","ast-hfb-below-header-display":"","ast-hfb-mobile-header-display":"","site-post-title":"","ast-breadcrumbs-content":"","ast-featured-img":"","footer-sml-layout":"","ast-disable-related-posts":"","theme-transparent-header-meta":"","adv-header-id-meta":"","stick-header-meta":"","header-above-stick-meta":"","header-main-stick-meta":"","header-below-stick-meta":"","astra-migrate-meta-layouts":"default","ast-page-background-enabled":"default","ast-page-background-meta":{"desktop":{"background-color":"","background-image":"","background-repeat":"repeat","background-position":"center center","background-size":"auto","background-attachment":"scroll","background-type":"","background-media":"","overlay-type":"","overlay-color":"","overlay-opacity":"","overlay-gradient":""},"tablet":{"background-color":"","background-image":"","background-repeat":"repeat","background-position":"center center","background-size":"auto","background-attachment":"scroll","background-type":"","background-media":"","overlay-type":"","overlay-color":"","overlay-opacity":"","overlay-gradient":""},"mobile":{"background-color":"","background-image":"","background-repeat":"repeat","background-position":"center center","background-size":"auto","background-attachment":"scroll","background-type":"","background-media":"","overlay-type":"","overlay-color":"","overlay-opacity":"","overlay-gradient":""}},"ast-content-background-meta":{"desktop":{"background-color":"var(--ast-global-color-4)","background-image":"","background-repeat":"repeat","background-position":"center center","background-size":"auto","background-attachment":"scroll","background-type":"","background-media":"","overlay-type":"","overlay-color":"","overlay-opacity":"","overlay-gradient":""},"tablet":{"background-color":"var(--ast-global-color-4)","background-image":"","background-repeat":"repeat","background-position":"center center","background-size":"auto","background-attachment":"scroll","background-type":"","background-media":"","overlay-type":"","overlay-color":"","overlay-opacity":"","overlay-gradient":""},"mobile":{"background-color":"var(--ast-global-color-4)","background-image":"","background-repeat":"repeat","background-position":"center center","background-size":"auto","background-attachment":"scroll","background-type":"","background-media":"","overlay-type":"","overlay-color":"","overlay-opacity":"","overlay-gradient":""}}},"product_brand":[],"product_cat":[9580],"product_tag":[1969,4076,1476,4075,4074,4077,4078],"class_list":{"0":"post-2218","1":"product","2":"type-product","3":"status-publish","4":"has-post-thumbnail","6":"product_cat-psichologiniai-detektyvai","7":"product_tag-budizmas","8":"product_tag-butanas","9":"product_tag-detektyvas","10":"product_tag-himalajai","11":"product_tag-l-l-lawrence","12":"product_tag-siaubo-romanas","13":"product_tag-tolimieji-rytai","14":"desktop-align-left","15":"tablet-align-left","16":"mobile-align-left","18":"first","19":"instock","20":"shipping-taxable","21":"purchasable","22":"product-type-simple"},"acf":[],"yoast_head":"<!-- This site is optimized with the Yoast SEO plugin v27.0 - https:\/\/yoast.com\/product\/yoast-seo-wordpress\/ -->\n<title>Paskutinis \u0160ivos \u0161okis<\/title>\n<meta name=\"description\" content=\"Himalaj\u0173 kalnai, Butano karalyst\u0117. Holivudo k\u016brybin\u0117 grup\u0117 suka siaubo film\u0105, pasakojant\u012f apie tai, kaip sniego \u017emogus grobia jaunas merginas. Netrukus filmavimas virsta tikru siaubu: ima paslaptingai \u017e\u016bti aktoriai.  Detektyvas Leslis L. L\u0117rinczas ir jo draugas budist\u0173 lama Jondonas, atvyk\u0119 \u012f \u0161\u012f region\u0105 tirti \u0161vent\u0173 statul\u0117li\u0173 vagyst\u0117s, nelieka abejingi filmavimo grup\u0119 i\u0161tikusiam siaubui. 1988 m. Leslie L. Lawrence slapyvard\u017eiu i\u0161leistas romanas\u00a0\u201ePaskutinis \u0160ivos \u0161okis\u201c\u00a0sulauk\u0117 itin didelio skaitytoj\u0173 d\u0117mesio ir buvo ne vien\u0105 kart\u0105 perleistas.\" \/>\n<meta name=\"robots\" content=\"index, follow, max-snippet:-1, max-image-preview:large, max-video-preview:-1\" \/>\n<link rel=\"canonical\" href=\"https:\/\/skaitytaknyga.lt\/en\/produktas\/l-l-lawrence-paskutinis-sivos-sokis\/\" \/>\n<meta property=\"og:locale\" content=\"en_GB\" \/>\n<meta property=\"og:locale:alternate\" content=\"lt_LT\" \/>\n<meta property=\"og:type\" content=\"article\" \/>\n<meta property=\"og:title\" content=\"Paskutinis \u0160ivos \u0161okis\" \/>\n<meta property=\"og:description\" content=\"Himalaj\u0173 kalnai, Butano karalyst\u0117. Holivudo k\u016brybin\u0117 grup\u0117 suka siaubo film\u0105, pasakojant\u012f apie tai, kaip sniego \u017emogus grobia jaunas merginas. Netrukus filmavimas virsta tikru siaubu: ima paslaptingai \u017e\u016bti aktoriai.  Detektyvas Leslis L. L\u0117rinczas ir jo draugas budist\u0173 lama Jondonas, atvyk\u0119 \u012f \u0161\u012f region\u0105 tirti \u0161vent\u0173 statul\u0117li\u0173 vagyst\u0117s, nelieka abejingi filmavimo grup\u0119 i\u0161tikusiam siaubui. 1988 m. Leslie L. Lawrence slapyvard\u017eiu i\u0161leistas romanas\u00a0\u201ePaskutinis \u0160ivos \u0161okis\u201c\u00a0sulauk\u0117 itin didelio skaitytoj\u0173 d\u0117mesio ir buvo ne vien\u0105 kart\u0105 perleistas.\" \/>\n<meta property=\"og:url\" content=\"https:\/\/skaitytaknyga.lt\/en\/produktas\/l-l-lawrence-paskutinis-sivos-sokis\/\" \/>\n<meta property=\"og:site_name\" content=\"Skaitytaknyga\" \/>\n<meta property=\"article:publisher\" content=\"https:\/\/www.facebook.com\/skaitytaknyga\/\" \/>\n<meta property=\"article:modified_time\" content=\"2026-03-05T13:58:12+00:00\" \/>\n<meta property=\"og:image\" content=\"https:\/\/skaitytaknyga.lt\/wp-content\/uploads\/2024\/04\/download.jpg\" \/>\n\t<meta property=\"og:image:width\" content=\"225\" \/>\n\t<meta property=\"og:image:height\" content=\"225\" \/>\n\t<meta property=\"og:image:type\" content=\"image\/jpeg\" \/>\n<meta name=\"twitter:card\" content=\"summary_large_image\" \/>\n<meta name=\"twitter:label1\" content=\"Estimated reading time\" \/>\n\t<meta name=\"twitter:data1\" content=\"1 minute\" \/>\n<script type=\"application\/ld+json\" class=\"yoast-schema-graph\">{\"@context\":\"https:\/\/schema.org\",\"@graph\":[{\"@type\":\"WebPage\",\"@id\":\"https:\/\/skaitytaknyga.lt\/produktas\/l-l-lawrence-paskutinis-sivos-sokis\/\",\"url\":\"https:\/\/skaitytaknyga.lt\/produktas\/l-l-lawrence-paskutinis-sivos-sokis\/\",\"name\":\"Paskutinis \u0160ivos \u0161okis\",\"isPartOf\":{\"@id\":\"https:\/\/skaitytaknyga.lt\/#website\"},\"primaryImageOfPage\":{\"@id\":\"https:\/\/skaitytaknyga.lt\/produktas\/l-l-lawrence-paskutinis-sivos-sokis\/#primaryimage\"},\"image\":{\"@id\":\"https:\/\/skaitytaknyga.lt\/produktas\/l-l-lawrence-paskutinis-sivos-sokis\/#primaryimage\"},\"thumbnailUrl\":\"https:\/\/skaitytaknyga.lt\/wp-content\/uploads\/2024\/04\/download.jpg\",\"datePublished\":\"2024-04-17T13:06:27+00:00\",\"dateModified\":\"2026-03-05T13:58:12+00:00\",\"description\":\"Himalaj\u0173 kalnai, Butano karalyst\u0117. Holivudo k\u016brybin\u0117 grup\u0117 suka siaubo film\u0105, pasakojant\u012f apie tai, kaip sniego \u017emogus grobia jaunas merginas. Netrukus filmavimas virsta tikru siaubu: ima paslaptingai \u017e\u016bti aktoriai. Detektyvas Leslis L. L\u0117rinczas ir jo draugas budist\u0173 lama Jondonas, atvyk\u0119 \u012f \u0161\u012f region\u0105 tirti \u0161vent\u0173 statul\u0117li\u0173 vagyst\u0117s, nelieka abejingi filmavimo grup\u0119 i\u0161tikusiam siaubui. 1988 m. Leslie L. Lawrence slapyvard\u017eiu i\u0161leistas romanas\u00a0\u201ePaskutinis \u0160ivos \u0161okis\u201c\u00a0sulauk\u0117 itin didelio skaitytoj\u0173 d\u0117mesio ir buvo ne vien\u0105 kart\u0105 perleistas.\",\"breadcrumb\":{\"@id\":\"https:\/\/skaitytaknyga.lt\/produktas\/l-l-lawrence-paskutinis-sivos-sokis\/#breadcrumb\"},\"inLanguage\":\"en-GB\",\"potentialAction\":[{\"@type\":\"ReadAction\",\"target\":[\"https:\/\/skaitytaknyga.lt\/produktas\/l-l-lawrence-paskutinis-sivos-sokis\/\"]}]},{\"@type\":\"ImageObject\",\"inLanguage\":\"en-GB\",\"@id\":\"https:\/\/skaitytaknyga.lt\/produktas\/l-l-lawrence-paskutinis-sivos-sokis\/#primaryimage\",\"url\":\"https:\/\/skaitytaknyga.lt\/wp-content\/uploads\/2024\/04\/download.jpg\",\"contentUrl\":\"https:\/\/skaitytaknyga.lt\/wp-content\/uploads\/2024\/04\/download.jpg\",\"width\":225,\"height\":225},{\"@type\":\"BreadcrumbList\",\"@id\":\"https:\/\/skaitytaknyga.lt\/produktas\/l-l-lawrence-paskutinis-sivos-sokis\/#breadcrumb\",\"itemListElement\":[{\"@type\":\"ListItem\",\"position\":1,\"name\":\"Home\",\"item\":\"https:\/\/skaitytaknyga.lt\/\"},{\"@type\":\"ListItem\",\"position\":2,\"name\":\"Parduotuv\u0117\",\"item\":\"https:\/\/skaitytaknyga.lt\/knygu-parduotuve\/\"},{\"@type\":\"ListItem\",\"position\":3,\"name\":\"Paskutinis \u0160ivos \u0161okis\"}]},{\"@type\":\"WebSite\",\"@id\":\"https:\/\/skaitytaknyga.lt\/#website\",\"url\":\"https:\/\/skaitytaknyga.lt\/\",\"name\":\"skaitytaknyga.lt\",\"description\":\"Skaitytaknyga.lt \u2013 tai ma\u017eas \u0161eimos verslas, kuris prasid\u0117jo nuo meil\u0117s knygoms ir siekio i\u0161gelb\u0117ti knygas nuo likimo prie konteinerio. Kas vienam nereikalingas daiktas \u2013 kitam lobis, o mes esame tarpininkai, kurie padeda abiems tapti laimingesniems ???? \u017dinome kaip nelengva i\u0161gyventi ma\u017eiems verslams, tad nuo \u0161iol, \u010dia rasite ir kit\u0173, ma\u017e\u0173 \u0161eim\u0173 versl\u0173, rank\u0173 darbo, dovan\u0173 sau ir artimiesiems.\",\"publisher\":{\"@id\":\"https:\/\/skaitytaknyga.lt\/#organization\"},\"potentialAction\":[{\"@type\":\"SearchAction\",\"target\":{\"@type\":\"EntryPoint\",\"urlTemplate\":\"https:\/\/skaitytaknyga.lt\/?s={search_term_string}\"},\"query-input\":{\"@type\":\"PropertyValueSpecification\",\"valueRequired\":true,\"valueName\":\"search_term_string\"}}],\"inLanguage\":\"en-GB\"},{\"@type\":\"Organization\",\"@id\":\"https:\/\/skaitytaknyga.lt\/#organization\",\"name\":\"skaitytaknyga.lt\",\"url\":\"https:\/\/skaitytaknyga.lt\/\",\"logo\":{\"@type\":\"ImageObject\",\"inLanguage\":\"en-GB\",\"@id\":\"https:\/\/skaitytaknyga.lt\/#\/schema\/logo\/image\/\",\"url\":\"https:\/\/skaitytaknyga.lt\/wp-content\/uploads\/2024\/05\/cropped-cropped-cropped-02_00843_jt3bggkj1j3HLc7SyY6rEUpg.jpeg\",\"contentUrl\":\"https:\/\/skaitytaknyga.lt\/wp-content\/uploads\/2024\/05\/cropped-cropped-cropped-02_00843_jt3bggkj1j3HLc7SyY6rEUpg.jpeg\",\"width\":1600,\"height\":1600,\"caption\":\"skaitytaknyga.lt\"},\"image\":{\"@id\":\"https:\/\/skaitytaknyga.lt\/#\/schema\/logo\/image\/\"},\"sameAs\":[\"https:\/\/www.facebook.com\/skaitytaknyga\/\"]}]}<\/script>\n<!-- \/ Yoast SEO plugin. -->","yoast_head_json":{"title":"Paskutinis \u0160ivos \u0161okis","description":"Himalaj\u0173 kalnai, Butano karalyst\u0117. Holivudo k\u016brybin\u0117 grup\u0117 suka siaubo film\u0105, pasakojant\u012f apie tai, kaip sniego \u017emogus grobia jaunas merginas. Netrukus filmavimas virsta tikru siaubu: ima paslaptingai \u017e\u016bti aktoriai.  Detektyvas Leslis L. L\u0117rinczas ir jo draugas budist\u0173 lama Jondonas, atvyk\u0119 \u012f \u0161\u012f region\u0105 tirti \u0161vent\u0173 statul\u0117li\u0173 vagyst\u0117s, nelieka abejingi filmavimo grup\u0119 i\u0161tikusiam siaubui. 1988 m. Leslie L. Lawrence slapyvard\u017eiu i\u0161leistas romanas\u00a0\u201ePaskutinis \u0160ivos \u0161okis\u201c\u00a0sulauk\u0117 itin didelio skaitytoj\u0173 d\u0117mesio ir buvo ne vien\u0105 kart\u0105 perleistas.","robots":{"index":"index","follow":"follow","max-snippet":"max-snippet:-1","max-image-preview":"max-image-preview:large","max-video-preview":"max-video-preview:-1"},"canonical":"https:\/\/skaitytaknyga.lt\/en\/produktas\/l-l-lawrence-paskutinis-sivos-sokis\/","og_locale":"en_GB","og_type":"article","og_title":"[:lt]Paskutinis \u0160ivos \u0161okis[:] - Skaitytaknyga","og_description":"Himalaj\u0173 kalnai, Butano karalyst\u0117. Holivudo k\u016brybin\u0117 grup\u0117 suka siaubo film\u0105, pasakojant\u012f apie tai, kaip sniego \u017emogus grobia jaunas merginas. Netrukus filmavimas virsta tikru siaubu: ima paslaptingai \u017e\u016bti aktoriai.  Detektyvas Leslis L. L\u0117rinczas ir jo draugas budist\u0173 lama Jondonas, atvyk\u0119 \u012f \u0161\u012f region\u0105 tirti \u0161vent\u0173 statul\u0117li\u0173 vagyst\u0117s, nelieka abejingi filmavimo grup\u0119 i\u0161tikusiam siaubui. 1988 m. Leslie L. Lawrence slapyvard\u017eiu i\u0161leistas romanas\u00a0\u201ePaskutinis \u0160ivos \u0161okis\u201c\u00a0sulauk\u0117 itin didelio skaitytoj\u0173 d\u0117mesio ir buvo ne vien\u0105 kart\u0105 perleistas.","og_url":"https:\/\/skaitytaknyga.lt\/en\/produktas\/l-l-lawrence-paskutinis-sivos-sokis\/","og_site_name":"Skaitytaknyga","article_publisher":"https:\/\/www.facebook.com\/skaitytaknyga\/","article_modified_time":"2026-03-05T13:58:12+00:00","og_image":[{"width":225,"height":225,"url":"https:\/\/skaitytaknyga.lt\/wp-content\/uploads\/2024\/04\/download.jpg","type":"image\/jpeg"}],"twitter_card":"summary_large_image","twitter_misc":{"Estimated reading time":"1 minute"},"schema":{"@context":"https:\/\/schema.org","@graph":[{"@type":"WebPage","@id":"https:\/\/skaitytaknyga.lt\/produktas\/l-l-lawrence-paskutinis-sivos-sokis\/","url":"https:\/\/skaitytaknyga.lt\/produktas\/l-l-lawrence-paskutinis-sivos-sokis\/","name":"Paskutinis \u0160ivos \u0161okis","isPartOf":{"@id":"https:\/\/skaitytaknyga.lt\/#website"},"primaryImageOfPage":{"@id":"https:\/\/skaitytaknyga.lt\/produktas\/l-l-lawrence-paskutinis-sivos-sokis\/#primaryimage"},"image":{"@id":"https:\/\/skaitytaknyga.lt\/produktas\/l-l-lawrence-paskutinis-sivos-sokis\/#primaryimage"},"thumbnailUrl":"https:\/\/skaitytaknyga.lt\/wp-content\/uploads\/2024\/04\/download.jpg","datePublished":"2024-04-17T13:06:27+00:00","dateModified":"2026-03-05T13:58:12+00:00","description":"Himalaj\u0173 kalnai, Butano karalyst\u0117. Holivudo k\u016brybin\u0117 grup\u0117 suka siaubo film\u0105, pasakojant\u012f apie tai, kaip sniego \u017emogus grobia jaunas merginas. Netrukus filmavimas virsta tikru siaubu: ima paslaptingai \u017e\u016bti aktoriai. Detektyvas Leslis L. L\u0117rinczas ir jo draugas budist\u0173 lama Jondonas, atvyk\u0119 \u012f \u0161\u012f region\u0105 tirti \u0161vent\u0173 statul\u0117li\u0173 vagyst\u0117s, nelieka abejingi filmavimo grup\u0119 i\u0161tikusiam siaubui. 1988 m. Leslie L. Lawrence slapyvard\u017eiu i\u0161leistas romanas\u00a0\u201ePaskutinis \u0160ivos \u0161okis\u201c\u00a0sulauk\u0117 itin didelio skaitytoj\u0173 d\u0117mesio ir buvo ne vien\u0105 kart\u0105 perleistas.","breadcrumb":{"@id":"https:\/\/skaitytaknyga.lt\/produktas\/l-l-lawrence-paskutinis-sivos-sokis\/#breadcrumb"},"inLanguage":"en-GB","potentialAction":[{"@type":"ReadAction","target":["https:\/\/skaitytaknyga.lt\/produktas\/l-l-lawrence-paskutinis-sivos-sokis\/"]}]},{"@type":"ImageObject","inLanguage":"en-GB","@id":"https:\/\/skaitytaknyga.lt\/produktas\/l-l-lawrence-paskutinis-sivos-sokis\/#primaryimage","url":"https:\/\/skaitytaknyga.lt\/wp-content\/uploads\/2024\/04\/download.jpg","contentUrl":"https:\/\/skaitytaknyga.lt\/wp-content\/uploads\/2024\/04\/download.jpg","width":225,"height":225},{"@type":"BreadcrumbList","@id":"https:\/\/skaitytaknyga.lt\/produktas\/l-l-lawrence-paskutinis-sivos-sokis\/#breadcrumb","itemListElement":[{"@type":"ListItem","position":1,"name":"Home","item":"https:\/\/skaitytaknyga.lt\/"},{"@type":"ListItem","position":2,"name":"Parduotuv\u0117","item":"https:\/\/skaitytaknyga.lt\/knygu-parduotuve\/"},{"@type":"ListItem","position":3,"name":"Paskutinis \u0160ivos \u0161okis"}]},{"@type":"WebSite","@id":"https:\/\/skaitytaknyga.lt\/#website","url":"https:\/\/skaitytaknyga.lt\/","name":"skaitytaknyga.lt","description":"Skaitytaknyga.lt \u2013 tai ma\u017eas \u0161eimos verslas, kuris prasid\u0117jo nuo meil\u0117s knygoms ir siekio i\u0161gelb\u0117ti knygas nuo likimo prie konteinerio. Kas vienam nereikalingas daiktas \u2013 kitam lobis, o mes esame tarpininkai, kurie padeda abiems tapti laimingesniems ???? \u017dinome kaip nelengva i\u0161gyventi ma\u017eiems verslams, tad nuo \u0161iol, \u010dia rasite ir kit\u0173, ma\u017e\u0173 \u0161eim\u0173 versl\u0173, rank\u0173 darbo, dovan\u0173 sau ir artimiesiems.","publisher":{"@id":"https:\/\/skaitytaknyga.lt\/#organization"},"potentialAction":[{"@type":"SearchAction","target":{"@type":"EntryPoint","urlTemplate":"https:\/\/skaitytaknyga.lt\/?s={search_term_string}"},"query-input":{"@type":"PropertyValueSpecification","valueRequired":true,"valueName":"search_term_string"}}],"inLanguage":"en-GB"},{"@type":"Organization","@id":"https:\/\/skaitytaknyga.lt\/#organization","name":"skaitytaknyga.lt","url":"https:\/\/skaitytaknyga.lt\/","logo":{"@type":"ImageObject","inLanguage":"en-GB","@id":"https:\/\/skaitytaknyga.lt\/#\/schema\/logo\/image\/","url":"https:\/\/skaitytaknyga.lt\/wp-content\/uploads\/2024\/05\/cropped-cropped-cropped-02_00843_jt3bggkj1j3HLc7SyY6rEUpg.jpeg","contentUrl":"https:\/\/skaitytaknyga.lt\/wp-content\/uploads\/2024\/05\/cropped-cropped-cropped-02_00843_jt3bggkj1j3HLc7SyY6rEUpg.jpeg","width":1600,"height":1600,"caption":"skaitytaknyga.lt"},"image":{"@id":"https:\/\/skaitytaknyga.lt\/#\/schema\/logo\/image\/"},"sameAs":["https:\/\/www.facebook.com\/skaitytaknyga\/"]}]}},"_links":{"self":[{"href":"https:\/\/skaitytaknyga.lt\/en\/wp-json\/wp\/v2\/product\/2218","targetHints":{"allow":["GET"]}}],"collection":[{"href":"https:\/\/skaitytaknyga.lt\/en\/wp-json\/wp\/v2\/product"}],"about":[{"href":"https:\/\/skaitytaknyga.lt\/en\/wp-json\/wp\/v2\/types\/product"}],"replies":[{"embeddable":true,"href":"https:\/\/skaitytaknyga.lt\/en\/wp-json\/wp\/v2\/comments?post=2218"}],"wp:featuredmedia":[{"embeddable":true,"href":"https:\/\/skaitytaknyga.lt\/en\/wp-json\/wp\/v2\/media\/2266"}],"wp:attachment":[{"href":"https:\/\/skaitytaknyga.lt\/en\/wp-json\/wp\/v2\/media?parent=2218"}],"wp:term":[{"taxonomy":"product_brand","embeddable":true,"href":"https:\/\/skaitytaknyga.lt\/en\/wp-json\/wp\/v2\/product_brand?post=2218"},{"taxonomy":"product_cat","embeddable":true,"href":"https:\/\/skaitytaknyga.lt\/en\/wp-json\/wp\/v2\/product_cat?post=2218"},{"taxonomy":"product_tag","embeddable":true,"href":"https:\/\/skaitytaknyga.lt\/en\/wp-json\/wp\/v2\/product_tag?post=2218"}],"curies":[{"name":"wp","href":"https:\/\/api.w.org\/{rel}","templated":true}]}}