{"id":22163,"date":"2025-11-30T11:57:07","date_gmt":"2025-11-30T09:57:07","guid":{"rendered":"https:\/\/skaitytaknyga.lt\/?post_type=product&#038;p=22163"},"modified":"2026-02-26T10:05:57","modified_gmt":"2026-02-26T08:05:57","slug":"pinigu-masina-pazeistas-kamputis","status":"publish","type":"product","link":"https:\/\/skaitytaknyga.lt\/en\/produktas\/pinigu-masina-pazeistas-kamputis\/","title":{"rendered":"Pinig\u0173 ma\u0161ina"},"content":{"rendered":"<p>\u0160i knyga pateikia realiam gyvenimui pritaikyt\u0105 metod\u0105, kaip vienu metu \u012fvertinti t\u016bkstan\u010dius potenciali\u0173 klient\u0173, susikurti klientus ir atlikti pardavimus. \u0160is procesas, vadinamas Apribojim\u0173 teorija, sukuria pardavim\u0173 kritin\u0119 grandin\u0119, kuri\u0105 galima pritaikyti bet kuriai organizacijai.<\/p>\n<p>Ir dar \u2013 tie apribojimai, kurie \u012feina \u012f \u0161ios metodikos pavadinim\u0105 (Apribojim\u0173 teorija) yra ne kas kita, kaip dalykai apribojantys sistemos galimybes pasiekti savo tikslus (o blogiausiu atveju net apskritai neleid\u017eiantys jai t\u0105 padaryti). Tai primena toki\u0105 situacij\u0105 greitkelyje, kai \u012fvykus avarijai dvi eismo juostos u\u017edaromos ir visas transportas i\u0161 l\u0117to juda vienintele laisva eismo juosta.<\/p>\n<p>Avarijos vieta tada tampa butelio kakliuku, nuo kurio priklauso viso eismo jud\u0117jimo greitis. Tai, kad iki tos vietos ir po jos galima va\u017eiuoti visomis trimis juostomis, neturi jokios reik\u0161m\u0117s; kelio pralaidum\u0105 nulemia kaip tik ta kelio atkarpa, kurioje \u012fvyko avarija\u2026<\/p>\n","protected":false},"excerpt":{"rendered":"<p>\u0160i knyga pateikia realiam gyvenimui pritaikyt\u0105 metod\u0105, kaip vienu metu \u012fvertinti t\u016bkstan\u010dius potenciali\u0173 klient\u0173, susikurti klientus ir atlikti pardavimus. \u0160is procesas, vadinamas Apribojim\u0173 teorija, sukuria pardavim\u0173 kritin\u0119 grandin\u0119, kuri\u0105 galima pritaikyti bet kuriai organizacijai. Ir dar \u2013 tie apribojimai, kurie \u012feina \u012f \u0161ios metodikos pavadinim\u0105 (Apribojim\u0173 teorija) yra ne kas kita, kaip dalykai apribojantys sistemos galimybes pasiekti savo tikslus (o blogiausiu atveju net apskritai neleid\u017eiantys jai t\u0105 padaryti). Tai primena toki\u0105 situacij\u0105 greitkelyje, kai \u012fvykus avarijai dvi eismo juostos u\u017edaromos ir visas transportas i\u0161 l\u0117to juda vienintele laisva eismo juosta. Avarijos vieta tada tampa butelio kakliuku, nuo kurio priklauso viso eismo jud\u0117jimo greitis. Tai, kad iki tos vietos ir po jos galima va\u017eiuoti visomis trimis juostomis, neturi jokios reik\u0161m\u0117s; kelio pralaidum\u0105 nulemia kaip tik ta kelio atkarpa, kurioje \u012fvyko avarija\u2026<\/p>\n","protected":false},"featured_media":22168,"comment_status":"open","ping_status":"closed","template":"","meta":{"_acf_changed":false,"site-sidebar-layout":"default","site-content-layout":"","ast-site-content-layout":"default","site-content-style":"default","site-sidebar-style":"default","ast-global-header-display":"","ast-banner-title-visibility":"","ast-main-header-display":"","ast-hfb-above-header-display":"","ast-hfb-below-header-display":"","ast-hfb-mobile-header-display":"","site-post-title":"","ast-breadcrumbs-content":"","ast-featured-img":"","footer-sml-layout":"","ast-disable-related-posts":"","theme-transparent-header-meta":"","adv-header-id-meta":"","stick-header-meta":"","header-above-stick-meta":"","header-main-stick-meta":"","header-below-stick-meta":"","astra-migrate-meta-layouts":"default","ast-page-background-enabled":"default","ast-page-background-meta":{"desktop":{"background-color":"","background-image":"","background-repeat":"repeat","background-position":"center center","background-size":"auto","background-attachment":"scroll","background-type":"","background-media":"","overlay-type":"","overlay-color":"","overlay-opacity":"","overlay-gradient":""},"tablet":{"background-color":"","background-image":"","background-repeat":"repeat","background-position":"center center","background-size":"auto","background-attachment":"scroll","background-type":"","background-media":"","overlay-type":"","overlay-color":"","overlay-opacity":"","overlay-gradient":""},"mobile":{"background-color":"","background-image":"","background-repeat":"repeat","background-position":"center center","background-size":"auto","background-attachment":"scroll","background-type":"","background-media":"","overlay-type":"","overlay-color":"","overlay-opacity":"","overlay-gradient":""}},"ast-content-background-meta":{"desktop":{"background-color":"var(--ast-global-color-4)","background-image":"","background-repeat":"repeat","background-position":"center center","background-size":"auto","background-attachment":"scroll","background-type":"","background-media":"","overlay-type":"","overlay-color":"","overlay-opacity":"","overlay-gradient":""},"tablet":{"background-color":"var(--ast-global-color-4)","background-image":"","background-repeat":"repeat","background-position":"center center","background-size":"auto","background-attachment":"scroll","background-type":"","background-media":"","overlay-type":"","overlay-color":"","overlay-opacity":"","overlay-gradient":""},"mobile":{"background-color":"var(--ast-global-color-4)","background-image":"","background-repeat":"repeat","background-position":"center center","background-size":"auto","background-attachment":"scroll","background-type":"","background-media":"","overlay-type":"","overlay-color":"","overlay-opacity":"","overlay-gradient":""}}},"product_brand":[],"product_cat":[26],"product_tag":[],"class_list":{"0":"post-22163","1":"product","2":"type-product","3":"status-publish","4":"has-post-thumbnail","6":"product_cat-verslas-vadyba-ir-finansai","7":"desktop-align-left","8":"tablet-align-left","9":"mobile-align-left","11":"first","12":"instock","13":"shipping-taxable","14":"purchasable","15":"product-type-simple"},"acf":[],"yoast_head":"<!-- This site is optimized with the Yoast SEO plugin v27.0 - https:\/\/yoast.com\/product\/yoast-seo-wordpress\/ -->\n<title>Pinig\u0173 ma\u0161ina<\/title>\n<meta name=\"description\" content=\"\u0160i knyga pateikia realiam gyvenimui pritaikyt\u0105 metod\u0105, kaip vienu metu \u012fvertinti t\u016bkstan\u010dius potenciali\u0173 klient\u0173, susikurti klientus ir atlikti\" \/>\n<meta name=\"robots\" content=\"index, follow, max-snippet:-1, max-image-preview:large, max-video-preview:-1\" \/>\n<link rel=\"canonical\" href=\"https:\/\/skaitytaknyga.lt\/en\/produktas\/pinigu-masina-pazeistas-kamputis\/\" \/>\n<meta property=\"og:locale\" content=\"en_GB\" \/>\n<meta property=\"og:locale:alternate\" content=\"lt_LT\" \/>\n<meta property=\"og:type\" content=\"article\" \/>\n<meta property=\"og:title\" content=\"Pinig\u0173 ma\u0161ina\" \/>\n<meta property=\"og:description\" content=\"\u0160i knyga pateikia realiam gyvenimui pritaikyt\u0105 metod\u0105, kaip vienu metu \u012fvertinti t\u016bkstan\u010dius potenciali\u0173 klient\u0173, susikurti klientus ir atlikti\" \/>\n<meta property=\"og:url\" content=\"https:\/\/skaitytaknyga.lt\/en\/produktas\/pinigu-masina-pazeistas-kamputis\/\" \/>\n<meta property=\"og:site_name\" content=\"Skaitytaknyga\" \/>\n<meta property=\"article:publisher\" content=\"https:\/\/www.facebook.com\/skaitytaknyga\/\" \/>\n<meta property=\"article:modified_time\" content=\"2026-02-26T08:05:57+00:00\" \/>\n<meta property=\"og:image\" content=\"https:\/\/skaitytaknyga.lt\/wp-content\/uploads\/2025\/11\/Pinigu-masina-1.webp\" \/>\n\t<meta property=\"og:image:width\" content=\"300\" \/>\n\t<meta property=\"og:image:height\" content=\"453\" \/>\n\t<meta property=\"og:image:type\" content=\"image\/webp\" \/>\n<meta name=\"twitter:card\" content=\"summary_large_image\" \/>\n<meta name=\"twitter:label1\" content=\"Estimated reading time\" \/>\n\t<meta name=\"twitter:data1\" content=\"1 minute\" \/>\n<script type=\"application\/ld+json\" class=\"yoast-schema-graph\">{\"@context\":\"https:\/\/schema.org\",\"@graph\":[{\"@type\":\"WebPage\",\"@id\":\"https:\/\/skaitytaknyga.lt\/produktas\/pinigu-masina-pazeistas-kamputis\/\",\"url\":\"https:\/\/skaitytaknyga.lt\/produktas\/pinigu-masina-pazeistas-kamputis\/\",\"name\":\"Pinig\u0173 ma\u0161ina\",\"isPartOf\":{\"@id\":\"https:\/\/skaitytaknyga.lt\/#website\"},\"primaryImageOfPage\":{\"@id\":\"https:\/\/skaitytaknyga.lt\/produktas\/pinigu-masina-pazeistas-kamputis\/#primaryimage\"},\"image\":{\"@id\":\"https:\/\/skaitytaknyga.lt\/produktas\/pinigu-masina-pazeistas-kamputis\/#primaryimage\"},\"thumbnailUrl\":\"https:\/\/skaitytaknyga.lt\/wp-content\/uploads\/2025\/11\/Pinigu-masina-1.webp\",\"datePublished\":\"2025-11-30T09:57:07+00:00\",\"dateModified\":\"2026-02-26T08:05:57+00:00\",\"description\":\"\u0160i knyga pateikia realiam gyvenimui pritaikyt\u0105 metod\u0105, kaip vienu metu \u012fvertinti t\u016bkstan\u010dius potenciali\u0173 klient\u0173, susikurti klientus ir atlikti\",\"breadcrumb\":{\"@id\":\"https:\/\/skaitytaknyga.lt\/produktas\/pinigu-masina-pazeistas-kamputis\/#breadcrumb\"},\"inLanguage\":\"en-GB\",\"potentialAction\":[{\"@type\":\"ReadAction\",\"target\":[\"https:\/\/skaitytaknyga.lt\/produktas\/pinigu-masina-pazeistas-kamputis\/\"]}]},{\"@type\":\"ImageObject\",\"inLanguage\":\"en-GB\",\"@id\":\"https:\/\/skaitytaknyga.lt\/produktas\/pinigu-masina-pazeistas-kamputis\/#primaryimage\",\"url\":\"https:\/\/skaitytaknyga.lt\/wp-content\/uploads\/2025\/11\/Pinigu-masina-1.webp\",\"contentUrl\":\"https:\/\/skaitytaknyga.lt\/wp-content\/uploads\/2025\/11\/Pinigu-masina-1.webp\",\"width\":300,\"height\":453,\"caption\":\"Pinig\u0173 ma\u0161ina\"},{\"@type\":\"BreadcrumbList\",\"@id\":\"https:\/\/skaitytaknyga.lt\/produktas\/pinigu-masina-pazeistas-kamputis\/#breadcrumb\",\"itemListElement\":[{\"@type\":\"ListItem\",\"position\":1,\"name\":\"Home\",\"item\":\"https:\/\/skaitytaknyga.lt\/\"},{\"@type\":\"ListItem\",\"position\":2,\"name\":\"Parduotuv\u0117\",\"item\":\"https:\/\/skaitytaknyga.lt\/knygu-parduotuve\/\"},{\"@type\":\"ListItem\",\"position\":3,\"name\":\"Pinig\u0173 ma\u0161ina\"}]},{\"@type\":\"WebSite\",\"@id\":\"https:\/\/skaitytaknyga.lt\/#website\",\"url\":\"https:\/\/skaitytaknyga.lt\/\",\"name\":\"skaitytaknyga.lt\",\"description\":\"Skaitytaknyga.lt \u2013 tai ma\u017eas \u0161eimos verslas, kuris prasid\u0117jo nuo meil\u0117s knygoms ir siekio i\u0161gelb\u0117ti knygas nuo likimo prie konteinerio. Kas vienam nereikalingas daiktas \u2013 kitam lobis, o mes esame tarpininkai, kurie padeda abiems tapti laimingesniems ???? \u017dinome kaip nelengva i\u0161gyventi ma\u017eiems verslams, tad nuo \u0161iol, \u010dia rasite ir kit\u0173, ma\u017e\u0173 \u0161eim\u0173 versl\u0173, rank\u0173 darbo, dovan\u0173 sau ir artimiesiems.\",\"publisher\":{\"@id\":\"https:\/\/skaitytaknyga.lt\/#organization\"},\"potentialAction\":[{\"@type\":\"SearchAction\",\"target\":{\"@type\":\"EntryPoint\",\"urlTemplate\":\"https:\/\/skaitytaknyga.lt\/?s={search_term_string}\"},\"query-input\":{\"@type\":\"PropertyValueSpecification\",\"valueRequired\":true,\"valueName\":\"search_term_string\"}}],\"inLanguage\":\"en-GB\"},{\"@type\":\"Organization\",\"@id\":\"https:\/\/skaitytaknyga.lt\/#organization\",\"name\":\"skaitytaknyga.lt\",\"url\":\"https:\/\/skaitytaknyga.lt\/\",\"logo\":{\"@type\":\"ImageObject\",\"inLanguage\":\"en-GB\",\"@id\":\"https:\/\/skaitytaknyga.lt\/#\/schema\/logo\/image\/\",\"url\":\"https:\/\/skaitytaknyga.lt\/wp-content\/uploads\/2024\/05\/cropped-cropped-cropped-02_00843_jt3bggkj1j3HLc7SyY6rEUpg.jpeg\",\"contentUrl\":\"https:\/\/skaitytaknyga.lt\/wp-content\/uploads\/2024\/05\/cropped-cropped-cropped-02_00843_jt3bggkj1j3HLc7SyY6rEUpg.jpeg\",\"width\":1600,\"height\":1600,\"caption\":\"skaitytaknyga.lt\"},\"image\":{\"@id\":\"https:\/\/skaitytaknyga.lt\/#\/schema\/logo\/image\/\"},\"sameAs\":[\"https:\/\/www.facebook.com\/skaitytaknyga\/\"]}]}<\/script>\n<!-- \/ Yoast SEO plugin. -->","yoast_head_json":{"title":"Pinig\u0173 ma\u0161ina","description":"\u0160i knyga pateikia realiam gyvenimui pritaikyt\u0105 metod\u0105, kaip vienu metu \u012fvertinti t\u016bkstan\u010dius potenciali\u0173 klient\u0173, susikurti klientus ir atlikti","robots":{"index":"index","follow":"follow","max-snippet":"max-snippet:-1","max-image-preview":"max-image-preview:large","max-video-preview":"max-video-preview:-1"},"canonical":"https:\/\/skaitytaknyga.lt\/en\/produktas\/pinigu-masina-pazeistas-kamputis\/","og_locale":"en_GB","og_type":"article","og_title":"[:lt]Pinig\u0173 ma\u0161ina[:] - Skaitytaknyga","og_description":"\u0160i knyga pateikia realiam gyvenimui pritaikyt\u0105 metod\u0105, kaip vienu metu \u012fvertinti t\u016bkstan\u010dius potenciali\u0173 klient\u0173, susikurti klientus ir atlikti","og_url":"https:\/\/skaitytaknyga.lt\/en\/produktas\/pinigu-masina-pazeistas-kamputis\/","og_site_name":"Skaitytaknyga","article_publisher":"https:\/\/www.facebook.com\/skaitytaknyga\/","article_modified_time":"2026-02-26T08:05:57+00:00","og_image":[{"width":300,"height":453,"url":"https:\/\/skaitytaknyga.lt\/wp-content\/uploads\/2025\/11\/Pinigu-masina-1.webp","type":"image\/webp"}],"twitter_card":"summary_large_image","twitter_misc":{"Estimated reading time":"1 minute"},"schema":{"@context":"https:\/\/schema.org","@graph":[{"@type":"WebPage","@id":"https:\/\/skaitytaknyga.lt\/produktas\/pinigu-masina-pazeistas-kamputis\/","url":"https:\/\/skaitytaknyga.lt\/produktas\/pinigu-masina-pazeistas-kamputis\/","name":"Pinig\u0173 ma\u0161ina","isPartOf":{"@id":"https:\/\/skaitytaknyga.lt\/#website"},"primaryImageOfPage":{"@id":"https:\/\/skaitytaknyga.lt\/produktas\/pinigu-masina-pazeistas-kamputis\/#primaryimage"},"image":{"@id":"https:\/\/skaitytaknyga.lt\/produktas\/pinigu-masina-pazeistas-kamputis\/#primaryimage"},"thumbnailUrl":"https:\/\/skaitytaknyga.lt\/wp-content\/uploads\/2025\/11\/Pinigu-masina-1.webp","datePublished":"2025-11-30T09:57:07+00:00","dateModified":"2026-02-26T08:05:57+00:00","description":"\u0160i knyga pateikia realiam gyvenimui pritaikyt\u0105 metod\u0105, kaip vienu metu \u012fvertinti t\u016bkstan\u010dius potenciali\u0173 klient\u0173, susikurti klientus ir atlikti","breadcrumb":{"@id":"https:\/\/skaitytaknyga.lt\/produktas\/pinigu-masina-pazeistas-kamputis\/#breadcrumb"},"inLanguage":"en-GB","potentialAction":[{"@type":"ReadAction","target":["https:\/\/skaitytaknyga.lt\/produktas\/pinigu-masina-pazeistas-kamputis\/"]}]},{"@type":"ImageObject","inLanguage":"en-GB","@id":"https:\/\/skaitytaknyga.lt\/produktas\/pinigu-masina-pazeistas-kamputis\/#primaryimage","url":"https:\/\/skaitytaknyga.lt\/wp-content\/uploads\/2025\/11\/Pinigu-masina-1.webp","contentUrl":"https:\/\/skaitytaknyga.lt\/wp-content\/uploads\/2025\/11\/Pinigu-masina-1.webp","width":300,"height":453,"caption":"Pinig\u0173 ma\u0161ina"},{"@type":"BreadcrumbList","@id":"https:\/\/skaitytaknyga.lt\/produktas\/pinigu-masina-pazeistas-kamputis\/#breadcrumb","itemListElement":[{"@type":"ListItem","position":1,"name":"Home","item":"https:\/\/skaitytaknyga.lt\/"},{"@type":"ListItem","position":2,"name":"Parduotuv\u0117","item":"https:\/\/skaitytaknyga.lt\/knygu-parduotuve\/"},{"@type":"ListItem","position":3,"name":"Pinig\u0173 ma\u0161ina"}]},{"@type":"WebSite","@id":"https:\/\/skaitytaknyga.lt\/#website","url":"https:\/\/skaitytaknyga.lt\/","name":"skaitytaknyga.lt","description":"Skaitytaknyga.lt \u2013 tai ma\u017eas \u0161eimos verslas, kuris prasid\u0117jo nuo meil\u0117s knygoms ir siekio i\u0161gelb\u0117ti knygas nuo likimo prie konteinerio. Kas vienam nereikalingas daiktas \u2013 kitam lobis, o mes esame tarpininkai, kurie padeda abiems tapti laimingesniems ???? \u017dinome kaip nelengva i\u0161gyventi ma\u017eiems verslams, tad nuo \u0161iol, \u010dia rasite ir kit\u0173, ma\u017e\u0173 \u0161eim\u0173 versl\u0173, rank\u0173 darbo, dovan\u0173 sau ir artimiesiems.","publisher":{"@id":"https:\/\/skaitytaknyga.lt\/#organization"},"potentialAction":[{"@type":"SearchAction","target":{"@type":"EntryPoint","urlTemplate":"https:\/\/skaitytaknyga.lt\/?s={search_term_string}"},"query-input":{"@type":"PropertyValueSpecification","valueRequired":true,"valueName":"search_term_string"}}],"inLanguage":"en-GB"},{"@type":"Organization","@id":"https:\/\/skaitytaknyga.lt\/#organization","name":"skaitytaknyga.lt","url":"https:\/\/skaitytaknyga.lt\/","logo":{"@type":"ImageObject","inLanguage":"en-GB","@id":"https:\/\/skaitytaknyga.lt\/#\/schema\/logo\/image\/","url":"https:\/\/skaitytaknyga.lt\/wp-content\/uploads\/2024\/05\/cropped-cropped-cropped-02_00843_jt3bggkj1j3HLc7SyY6rEUpg.jpeg","contentUrl":"https:\/\/skaitytaknyga.lt\/wp-content\/uploads\/2024\/05\/cropped-cropped-cropped-02_00843_jt3bggkj1j3HLc7SyY6rEUpg.jpeg","width":1600,"height":1600,"caption":"skaitytaknyga.lt"},"image":{"@id":"https:\/\/skaitytaknyga.lt\/#\/schema\/logo\/image\/"},"sameAs":["https:\/\/www.facebook.com\/skaitytaknyga\/"]}]}},"_links":{"self":[{"href":"https:\/\/skaitytaknyga.lt\/en\/wp-json\/wp\/v2\/product\/22163","targetHints":{"allow":["GET"]}}],"collection":[{"href":"https:\/\/skaitytaknyga.lt\/en\/wp-json\/wp\/v2\/product"}],"about":[{"href":"https:\/\/skaitytaknyga.lt\/en\/wp-json\/wp\/v2\/types\/product"}],"replies":[{"embeddable":true,"href":"https:\/\/skaitytaknyga.lt\/en\/wp-json\/wp\/v2\/comments?post=22163"}],"wp:featuredmedia":[{"embeddable":true,"href":"https:\/\/skaitytaknyga.lt\/en\/wp-json\/wp\/v2\/media\/22168"}],"wp:attachment":[{"href":"https:\/\/skaitytaknyga.lt\/en\/wp-json\/wp\/v2\/media?parent=22163"}],"wp:term":[{"taxonomy":"product_brand","embeddable":true,"href":"https:\/\/skaitytaknyga.lt\/en\/wp-json\/wp\/v2\/product_brand?post=22163"},{"taxonomy":"product_cat","embeddable":true,"href":"https:\/\/skaitytaknyga.lt\/en\/wp-json\/wp\/v2\/product_cat?post=22163"},{"taxonomy":"product_tag","embeddable":true,"href":"https:\/\/skaitytaknyga.lt\/en\/wp-json\/wp\/v2\/product_tag?post=22163"}],"curies":[{"name":"wp","href":"https:\/\/api.w.org\/{rel}","templated":true}]}}